{"id":112960,"date":"2025-05-20T16:47:27","date_gmt":"2025-05-20T14:47:27","guid":{"rendered":"https:\/\/dianasilver.hu\/termek\/silberne-herz-halskette-mit-weissem-stein\/"},"modified":"2026-02-20T13:51:27","modified_gmt":"2026-02-20T12:51:27","slug":"silberne-herz-halskette-mit-weissem-stein","status":"publish","type":"product","link":"https:\/\/dianasilver.com\/de\/termek\/silberne-herz-halskette-mit-weissem-stein\/","title":{"rendered":"Silberne Herz-Halskette mit wei\u00dfem Stein"},"content":{"rendered":"<h2 data-start=\"501\" data-end=\"593\">Silberne Herz-Halskette mit wei\u00dfen Steinen &#8211; Liebe, Raffinesse und Glamour in einer Halskette<\/h2>\n<p class=\"\" data-start=\"595\" data-end=\"899\">Diese bezaubernde Halskette <strong data-start=\"607\" data-end=\"626\">aus 925er Sterlingsilber<\/strong> ist mit einem herzf\u00f6rmigen Anh\u00e4nger verziert, der durch das Funkeln winziger wei\u00dfer Zirkoniasteine noch mehr zur Geltung kommt. Der gl\u00e4nzende, filigran gearbeitete Rahmen umschlie\u00dft spielerisch die funkelnden Steine und macht die Halskette zur perfekten Verk\u00f6rperung von Liebe und Weiblichkeit.<\/p>\n<p class=\"\" data-start=\"901\" data-end=\"1147\">Das Produkt wird mit einer <strong data-start=\"914\" data-end=\"949\">feinen Silberkette<\/strong> geliefert, so dass Sie es sofort tragen k\u00f6nnen &#8211; ideal auch als Geschenk. Durch ihre dezente Gr\u00f6\u00dfe ist sie perfekt f\u00fcr den Alltag, aber dennoch glamour\u00f6s genug, um auch bei besonderen Anl\u00e4ssen getragen zu werden.<\/p>\n<p class=\"\" data-start=\"1149\" data-end=\"1187\">\ud83e\udd0d <strong data-start=\"1152\" data-end=\"1185\">Was symbolisiert die Herzform?<\/strong><\/p>\n<ul data-start=\"1188\" data-end=\"1366\">\n<li class=\"\" data-start=\"1188\" data-end=\"1244\">\n<p class=\"\" data-start=\"1190\" data-end=\"1244\">Ein ewiges Symbol f\u00fcr Gef\u00fchle, Liebe und Zusammengeh\u00f6rigkeit.<\/p>\n<\/li>\n<li class=\"\" data-start=\"1245\" data-end=\"1299\">\n<p class=\"\" data-start=\"1247\" data-end=\"1299\">Ein Ausdruck von Z\u00e4rtlichkeit, Achtsamkeit und Weiblichkeit.<\/p>\n<\/li>\n<li class=\"\" data-start=\"1300\" data-end=\"1366\">\n<p class=\"\" data-start=\"1302\" data-end=\"1366\">Ein Geschenk, das von Herzen kommt und immer in der N\u00e4he des Tr\u00e4gers bleiben wird.<\/p>\n<\/li>\n<\/ul>\n<p class=\"\" data-start=\"1368\" data-end=\"1407\">\u2728 <strong data-start=\"1370\" data-end=\"1405\">Warum sollten Sie diese Halskette w\u00e4hlen?<\/strong><\/p>\n<ul data-start=\"1408\" data-end=\"1651\">\n<li class=\"\" data-start=\"1408\" data-end=\"1470\">\n<p class=\"\" data-start=\"1410\" data-end=\"1470\"><strong data-start=\"1410\" data-end=\"1426\">AG 925 Sterlingsilber<\/strong>, mit Rhodiumbeschichtung f\u00fcr dauerhaften Glanz.<\/p>\n<\/li>\n<li class=\"\" data-start=\"1471\" data-end=\"1529\">\n<p class=\"\" data-start=\"1473\" data-end=\"1529\"><strong data-start=\"1473\" data-end=\"1493\">Herzf\u00f6rmiger Anh\u00e4nger<\/strong> mit funkelnden wei\u00dfen Zirkoniasteinen.<\/p>\n<\/li>\n<li class=\"\" data-start=\"1530\" data-end=\"1584\">\n<p class=\"\" data-start=\"1532\" data-end=\"1584\"><strong data-start=\"1532\" data-end=\"1558\">Die silberne Kette ist im Lieferumfang enthalten<\/strong>, so dass sie sofort getragen werden kann.<\/p>\n<\/li>\n<li class=\"\" data-start=\"1585\" data-end=\"1651\">\n<p class=\"\" data-start=\"1587\" data-end=\"1651\"><strong data-start=\"1587\" data-end=\"1615\">Ein klarer, femininer Stil<\/strong>, der zu jeder Lebenssituation passt.<\/p>\n<\/li>\n<\/ul>\n<p class=\"\" data-start=\"1653\" data-end=\"1798\">\ud83c\udf81 S <strong data-start=\"1656\" data-end=\"1794\">chenken Sie sich selbst oder einem geliebten Menschen eine Halskette, die nicht nur sch\u00f6n ist, sondern auch eine Botschaft vermittelt: Sie wurde mit Liebe ausgew\u00e4hlt.<\/strong> \ud83d\udc96\u2728<\/p>\n","protected":false},"excerpt":{"rendered":"<p>Silberne Herz-Halskette mit wei\u00dfen Steinen &#8211; brillante Symbolik und zarte Eleganz in einem Schmuckst\u00fcck! \u2728<br data-start=\"337\" data-end=\"340\">Der herzf\u00f6rmige Anh\u00e4nger ist mit funkelnden Steinen verziert und wird mit einer eleganten Silberkette geliefert &#8211; das perfekte Geschenk f\u00fcr jeden Anlass.<\/p>\n","protected":false},"featured_media":103485,"template":"","meta":{"_acf_changed":false},"product_brand":[],"product_cat":[679],"product_tag":[527,633,650],"class_list":{"0":"post-112960","1":"product","2":"type-product","3":"status-publish","4":"has-post-thumbnail","6":"product_cat-silberne-halskette-mit-anhanger","7":"product_tag-silberschmuck-fur-damen","8":"product_tag-herz","9":"product_tag-kinder-silberschmuck","10":"description-off","12":"first","13":"instock","14":"taxable","15":"shipping-taxable","16":"purchasable","17":"product-type-simple"},"acf":[],"yoast_head":"<!-- This site is optimized with the Yoast SEO plugin v27.4 - https:\/\/yoast.com\/product\/yoast-seo-wordpress\/ -->\n<title>Silberne Herz-Halskette mit wei\u00dfem Stein | Diana Silver<\/title>\n<meta name=\"description\" content=\"Fedezd fel a leny\u0171g\u00f6z\u0151 Silberne Herz-Halskette mit wei\u00dfem Stein \u00e9kszer\u00fcnket. T\u00f6k\u00e9letes kieg\u00e9sz\u00edt\u0151 mindennapi viselethez \u00e9s k\u00fcl\u00f6nleges alkalmakra egyar\u00e1nt. Rendeld meg most!\" \/>\n<meta name=\"robots\" content=\"index, follow, max-snippet:-1, max-image-preview:large, max-video-preview:-1\" \/>\n<link rel=\"canonical\" href=\"https:\/\/dianasilver.com\/de\/termek\/silberne-herz-halskette-mit-weissem-stein\/\" \/>\n<meta property=\"og:locale\" content=\"de_DE\" \/>\n<meta property=\"og:type\" content=\"article\" \/>\n<meta property=\"og:title\" content=\"Silberne Herz-Halskette mit wei\u00dfem Stein | Diana Silver\" \/>\n<meta property=\"og:description\" content=\"Fedezd fel a leny\u0171g\u00f6z\u0151 Silberne Herz-Halskette mit wei\u00dfem Stein \u00e9kszer\u00fcnket. T\u00f6k\u00e9letes kieg\u00e9sz\u00edt\u0151 mindennapi viselethez \u00e9s k\u00fcl\u00f6nleges alkalmakra egyar\u00e1nt. Rendeld meg most!\" \/>\n<meta property=\"og:url\" content=\"https:\/\/dianasilver.com\/de\/termek\/silberne-herz-halskette-mit-weissem-stein\/\" \/>\n<meta property=\"og:site_name\" content=\"Diana Silver\" \/>\n<meta property=\"article:publisher\" content=\"https:\/\/www.facebook.com\/profile.php?id=100027231325117\" \/>\n<meta property=\"article:modified_time\" content=\"2026-02-20T12:51:27+00:00\" \/>\n<meta property=\"og:image\" content=\"https:\/\/dianasilver.com\/wp-content\/uploads\/2025\/05\/Ezust-feher-koves-sziv-nyaklanc_2.jpg\" \/>\n\t<meta property=\"og:image:width\" content=\"1350\" \/>\n\t<meta property=\"og:image:height\" content=\"1800\" \/>\n\t<meta property=\"og:image:type\" content=\"image\/jpeg\" \/>\n<meta name=\"twitter:card\" content=\"summary_large_image\" \/>\n<meta name=\"twitter:label1\" content=\"Gesch\u00e4tzte Lesezeit\" \/>\n\t<meta name=\"twitter:data1\" content=\"1\u00a0Minute\" \/>\n<script type=\"application\/ld+json\" class=\"yoast-schema-graph\">{\"@context\":\"https:\\\/\\\/schema.org\",\"@graph\":[{\"@type\":\"WebPage\",\"@id\":\"https:\\\/\\\/dianasilver.com\\\/de\\\/termek\\\/silberne-herz-halskette-mit-weissem-stein\\\/\",\"url\":\"https:\\\/\\\/dianasilver.com\\\/de\\\/termek\\\/silberne-herz-halskette-mit-weissem-stein\\\/\",\"name\":\"Silberne Herz-Halskette mit wei\u00dfem Stein | Diana Silver\",\"isPartOf\":{\"@id\":\"https:\\\/\\\/dianasilver.com\\\/de\\\/#website\"},\"primaryImageOfPage\":{\"@id\":\"https:\\\/\\\/dianasilver.com\\\/de\\\/termek\\\/silberne-herz-halskette-mit-weissem-stein\\\/#primaryimage\"},\"image\":{\"@id\":\"https:\\\/\\\/dianasilver.com\\\/de\\\/termek\\\/silberne-herz-halskette-mit-weissem-stein\\\/#primaryimage\"},\"thumbnailUrl\":\"https:\\\/\\\/dianasilver.com\\\/wp-content\\\/uploads\\\/2025\\\/05\\\/Ezust-feher-koves-sziv-nyaklanc_2.jpg\",\"datePublished\":\"2025-05-20T14:47:27+00:00\",\"dateModified\":\"2026-02-20T12:51:27+00:00\",\"description\":\"Fedezd fel a leny\u0171g\u00f6z\u0151 Silberne Herz-Halskette mit wei\u00dfem Stein \u00e9kszer\u00fcnket. T\u00f6k\u00e9letes kieg\u00e9sz\u00edt\u0151 mindennapi viselethez \u00e9s k\u00fcl\u00f6nleges alkalmakra egyar\u00e1nt. Rendeld meg most!\",\"breadcrumb\":{\"@id\":\"https:\\\/\\\/dianasilver.com\\\/de\\\/termek\\\/silberne-herz-halskette-mit-weissem-stein\\\/#breadcrumb\"},\"inLanguage\":\"de\",\"potentialAction\":[{\"@type\":\"ReadAction\",\"target\":[\"https:\\\/\\\/dianasilver.com\\\/de\\\/termek\\\/silberne-herz-halskette-mit-weissem-stein\\\/\"]}]},{\"@type\":\"ImageObject\",\"inLanguage\":\"de\",\"@id\":\"https:\\\/\\\/dianasilver.com\\\/de\\\/termek\\\/silberne-herz-halskette-mit-weissem-stein\\\/#primaryimage\",\"url\":\"https:\\\/\\\/dianasilver.com\\\/wp-content\\\/uploads\\\/2025\\\/05\\\/Ezust-feher-koves-sziv-nyaklanc_2.jpg\",\"contentUrl\":\"https:\\\/\\\/dianasilver.com\\\/wp-content\\\/uploads\\\/2025\\\/05\\\/Ezust-feher-koves-sziv-nyaklanc_2.jpg\",\"width\":1350,\"height\":1800},{\"@type\":\"BreadcrumbList\",\"@id\":\"https:\\\/\\\/dianasilver.com\\\/de\\\/termek\\\/silberne-herz-halskette-mit-weissem-stein\\\/#breadcrumb\",\"itemListElement\":[{\"@type\":\"ListItem\",\"position\":1,\"name\":\"Kezd\u0151lap\",\"item\":\"https:\\\/\\\/dianasilver.com\\\/de\\\/diana-silver-silberschmuck-webshop\\\/\"},{\"@type\":\"ListItem\",\"position\":2,\"name\":\"Shop\",\"item\":\"https:\\\/\\\/dianasilver.com\\\/de\\\/shop\\\/\"},{\"@type\":\"ListItem\",\"position\":3,\"name\":\"Silberne Herz-Halskette mit wei\u00dfem Stein\"}]},{\"@type\":\"WebSite\",\"@id\":\"https:\\\/\\\/dianasilver.com\\\/de\\\/#website\",\"url\":\"https:\\\/\\\/dianasilver.com\\\/de\\\/\",\"name\":\"Diana Silver\",\"description\":\"Tedd t\u00f6k\u00e9letesebb\u00e9 mindennapjaid a Diana Silver \u00e9kszereivel.\",\"publisher\":{\"@id\":\"https:\\\/\\\/dianasilver.com\\\/de\\\/#organization\"},\"alternateName\":\"Ez\u00fcst \u00c9kszer Web\u00e1ruh\u00e1z\",\"potentialAction\":[{\"@type\":\"SearchAction\",\"target\":{\"@type\":\"EntryPoint\",\"urlTemplate\":\"https:\\\/\\\/dianasilver.com\\\/de\\\/?s={search_term_string}\"},\"query-input\":{\"@type\":\"PropertyValueSpecification\",\"valueRequired\":true,\"valueName\":\"search_term_string\"}}],\"inLanguage\":\"de\"},{\"@type\":\"Organization\",\"@id\":\"https:\\\/\\\/dianasilver.com\\\/de\\\/#organization\",\"name\":\"Diana Silver\",\"url\":\"https:\\\/\\\/dianasilver.com\\\/de\\\/\",\"logo\":{\"@type\":\"ImageObject\",\"inLanguage\":\"de\",\"@id\":\"https:\\\/\\\/dianasilver.com\\\/de\\\/#\\\/schema\\\/logo\\\/image\\\/\",\"url\":\"https:\\\/\\\/dianasilver.com\\\/wp-content\\\/uploads\\\/2022\\\/08\\\/ezust-feher-1-koves-buttonos-stekkeres-fulbevalo-42.webp\",\"contentUrl\":\"https:\\\/\\\/dianasilver.com\\\/wp-content\\\/uploads\\\/2022\\\/08\\\/ezust-feher-1-koves-buttonos-stekkeres-fulbevalo-42.webp\",\"width\":300,\"height\":154,\"caption\":\"Diana Silver\"},\"image\":{\"@id\":\"https:\\\/\\\/dianasilver.com\\\/de\\\/#\\\/schema\\\/logo\\\/image\\\/\"},\"sameAs\":[\"https:\\\/\\\/www.facebook.com\\\/profile.php?id=100027231325117\"]}]}<\/script>\n<!-- \/ Yoast SEO plugin. -->","yoast_head_json":{"title":"Silberne Herz-Halskette mit wei\u00dfem Stein | Diana Silver","description":"Fedezd fel a leny\u0171g\u00f6z\u0151 Silberne Herz-Halskette mit wei\u00dfem Stein \u00e9kszer\u00fcnket. T\u00f6k\u00e9letes kieg\u00e9sz\u00edt\u0151 mindennapi viselethez \u00e9s k\u00fcl\u00f6nleges alkalmakra egyar\u00e1nt. Rendeld meg most!","robots":{"index":"index","follow":"follow","max-snippet":"max-snippet:-1","max-image-preview":"max-image-preview:large","max-video-preview":"max-video-preview:-1"},"canonical":"https:\/\/dianasilver.com\/de\/termek\/silberne-herz-halskette-mit-weissem-stein\/","og_locale":"de_DE","og_type":"article","og_title":"Silberne Herz-Halskette mit wei\u00dfem Stein | Diana Silver","og_description":"Fedezd fel a leny\u0171g\u00f6z\u0151 Silberne Herz-Halskette mit wei\u00dfem Stein \u00e9kszer\u00fcnket. T\u00f6k\u00e9letes kieg\u00e9sz\u00edt\u0151 mindennapi viselethez \u00e9s k\u00fcl\u00f6nleges alkalmakra egyar\u00e1nt. Rendeld meg most!","og_url":"https:\/\/dianasilver.com\/de\/termek\/silberne-herz-halskette-mit-weissem-stein\/","og_site_name":"Diana Silver","article_publisher":"https:\/\/www.facebook.com\/profile.php?id=100027231325117","article_modified_time":"2026-02-20T12:51:27+00:00","og_image":[{"width":1350,"height":1800,"url":"https:\/\/dianasilver.com\/wp-content\/uploads\/2025\/05\/Ezust-feher-koves-sziv-nyaklanc_2.jpg","type":"image\/jpeg"}],"twitter_card":"summary_large_image","twitter_misc":{"Gesch\u00e4tzte Lesezeit":"1\u00a0Minute"},"schema":{"@context":"https:\/\/schema.org","@graph":[{"@type":"WebPage","@id":"https:\/\/dianasilver.com\/de\/termek\/silberne-herz-halskette-mit-weissem-stein\/","url":"https:\/\/dianasilver.com\/de\/termek\/silberne-herz-halskette-mit-weissem-stein\/","name":"Silberne Herz-Halskette mit wei\u00dfem Stein | Diana Silver","isPartOf":{"@id":"https:\/\/dianasilver.com\/de\/#website"},"primaryImageOfPage":{"@id":"https:\/\/dianasilver.com\/de\/termek\/silberne-herz-halskette-mit-weissem-stein\/#primaryimage"},"image":{"@id":"https:\/\/dianasilver.com\/de\/termek\/silberne-herz-halskette-mit-weissem-stein\/#primaryimage"},"thumbnailUrl":"https:\/\/dianasilver.com\/wp-content\/uploads\/2025\/05\/Ezust-feher-koves-sziv-nyaklanc_2.jpg","datePublished":"2025-05-20T14:47:27+00:00","dateModified":"2026-02-20T12:51:27+00:00","description":"Fedezd fel a leny\u0171g\u00f6z\u0151 Silberne Herz-Halskette mit wei\u00dfem Stein \u00e9kszer\u00fcnket. T\u00f6k\u00e9letes kieg\u00e9sz\u00edt\u0151 mindennapi viselethez \u00e9s k\u00fcl\u00f6nleges alkalmakra egyar\u00e1nt. Rendeld meg most!","breadcrumb":{"@id":"https:\/\/dianasilver.com\/de\/termek\/silberne-herz-halskette-mit-weissem-stein\/#breadcrumb"},"inLanguage":"de","potentialAction":[{"@type":"ReadAction","target":["https:\/\/dianasilver.com\/de\/termek\/silberne-herz-halskette-mit-weissem-stein\/"]}]},{"@type":"ImageObject","inLanguage":"de","@id":"https:\/\/dianasilver.com\/de\/termek\/silberne-herz-halskette-mit-weissem-stein\/#primaryimage","url":"https:\/\/dianasilver.com\/wp-content\/uploads\/2025\/05\/Ezust-feher-koves-sziv-nyaklanc_2.jpg","contentUrl":"https:\/\/dianasilver.com\/wp-content\/uploads\/2025\/05\/Ezust-feher-koves-sziv-nyaklanc_2.jpg","width":1350,"height":1800},{"@type":"BreadcrumbList","@id":"https:\/\/dianasilver.com\/de\/termek\/silberne-herz-halskette-mit-weissem-stein\/#breadcrumb","itemListElement":[{"@type":"ListItem","position":1,"name":"Kezd\u0151lap","item":"https:\/\/dianasilver.com\/de\/diana-silver-silberschmuck-webshop\/"},{"@type":"ListItem","position":2,"name":"Shop","item":"https:\/\/dianasilver.com\/de\/shop\/"},{"@type":"ListItem","position":3,"name":"Silberne Herz-Halskette mit wei\u00dfem Stein"}]},{"@type":"WebSite","@id":"https:\/\/dianasilver.com\/de\/#website","url":"https:\/\/dianasilver.com\/de\/","name":"Diana Silver","description":"Tedd t\u00f6k\u00e9letesebb\u00e9 mindennapjaid a Diana Silver \u00e9kszereivel.","publisher":{"@id":"https:\/\/dianasilver.com\/de\/#organization"},"alternateName":"Ez\u00fcst \u00c9kszer Web\u00e1ruh\u00e1z","potentialAction":[{"@type":"SearchAction","target":{"@type":"EntryPoint","urlTemplate":"https:\/\/dianasilver.com\/de\/?s={search_term_string}"},"query-input":{"@type":"PropertyValueSpecification","valueRequired":true,"valueName":"search_term_string"}}],"inLanguage":"de"},{"@type":"Organization","@id":"https:\/\/dianasilver.com\/de\/#organization","name":"Diana Silver","url":"https:\/\/dianasilver.com\/de\/","logo":{"@type":"ImageObject","inLanguage":"de","@id":"https:\/\/dianasilver.com\/de\/#\/schema\/logo\/image\/","url":"https:\/\/dianasilver.com\/wp-content\/uploads\/2022\/08\/ezust-feher-1-koves-buttonos-stekkeres-fulbevalo-42.webp","contentUrl":"https:\/\/dianasilver.com\/wp-content\/uploads\/2022\/08\/ezust-feher-1-koves-buttonos-stekkeres-fulbevalo-42.webp","width":300,"height":154,"caption":"Diana Silver"},"image":{"@id":"https:\/\/dianasilver.com\/de\/#\/schema\/logo\/image\/"},"sameAs":["https:\/\/www.facebook.com\/profile.php?id=100027231325117"]}]}},"_links":{"self":[{"href":"https:\/\/dianasilver.com\/de\/wp-json\/wp\/v2\/product\/112960","targetHints":{"allow":["GET"]}}],"collection":[{"href":"https:\/\/dianasilver.com\/de\/wp-json\/wp\/v2\/product"}],"about":[{"href":"https:\/\/dianasilver.com\/de\/wp-json\/wp\/v2\/types\/product"}],"version-history":[{"count":0,"href":"https:\/\/dianasilver.com\/de\/wp-json\/wp\/v2\/product\/112960\/revisions"}],"wp:featuredmedia":[{"embeddable":true,"href":"https:\/\/dianasilver.com\/de\/wp-json\/wp\/v2\/media\/103485"}],"wp:attachment":[{"href":"https:\/\/dianasilver.com\/de\/wp-json\/wp\/v2\/media?parent=112960"}],"wp:term":[{"taxonomy":"product_brand","embeddable":true,"href":"https:\/\/dianasilver.com\/de\/wp-json\/wp\/v2\/product_brand?post=112960"},{"taxonomy":"product_cat","embeddable":true,"href":"https:\/\/dianasilver.com\/de\/wp-json\/wp\/v2\/product_cat?post=112960"},{"taxonomy":"product_tag","embeddable":true,"href":"https:\/\/dianasilver.com\/de\/wp-json\/wp\/v2\/product_tag?post=112960"}],"curies":[{"name":"wp","href":"https:\/\/api.w.org\/{rel}","templated":true}]}}