{"id":112928,"date":"2022-08-31T14:44:57","date_gmt":"2022-08-31T12:44:57","guid":{"rendered":"https:\/\/dianasilver.hu\/termek\/silberner-stein-libellen-anhaenger\/"},"modified":"2026-01-16T17:46:15","modified_gmt":"2026-01-16T16:46:15","slug":"silberner-stein-libellen-anhaenger","status":"publish","type":"product","link":"https:\/\/dianasilver.com\/de\/termek\/silberner-stein-libellen-anhaenger\/","title":{"rendered":"Silberner Stein-Libellen-Anh\u00e4nger"},"content":{"rendered":"<h2>\ud83d\udc8e <strong>Silberner Stein-Libellen-Anh\u00e4nger &#8211; die Verk\u00f6rperung von Transformation und Harmonie<\/strong><\/h2>\n<p>Dieser <strong>AG 925 Sterling Silber Libellenanh\u00e4nger<\/strong> mit seinem eleganten und detaillierten Design symbolisiert Leichtigkeit, Gleichgewicht und die Kraft der Erneuerung. Die strahlend <strong>wei\u00dfen Zirkoniasteine<\/strong> verleihen ihm einen subtilen Glanz, w\u00e4hrend die <strong>Rhodinierung<\/strong> f\u00fcr lang anhaltenden Glanz sorgt und das Schmuckst\u00fcck vor Verf\u00e4rbungen sch\u00fctzt.<\/p>\n<p>\ud83e\udeb7 <strong>Was symbolisiert die Libelle?<\/strong><\/p>\n<ul>\n<li><strong>Die st\u00e4ndige Ver\u00e4nderung und der Wandel des Lebens.<\/strong><\/li>\n<li><strong>Leichtigkeit, Harmonie und inneres Gleichgewicht.<\/strong><\/li>\n<li><strong>Die Freiheit und Sch\u00f6nheit des Lebens.<\/strong><\/li>\n<\/ul>\n<p>\u2728 <strong>Warum sollten Sie diesen Anh\u00e4nger w\u00e4hlen?<\/strong><\/p>\n<ul>\n<li><strong>Hochwertige Qualit\u00e4t:<\/strong> <strong>AG 925 Silber<\/strong> <strong>mit Rhodiumbeschichtung<\/strong> f\u00fcr einen lang anhaltenden Glanz.<\/li>\n<li><strong>Libellen-Design:<\/strong> einzigartiger und bedeutungsvoller Schmuck.<\/li>\n<li><strong>Funkelnde wei\u00dfe Steine:<\/strong> raffinierte Eleganz und nat\u00fcrliche Sch\u00f6nheit.<\/li>\n<li><strong>Universell tragbar:<\/strong> perfekt f\u00fcr Alltags- und Freizeitlooks.<\/li>\n<\/ul>\n<p>\ud83c\udf81 <strong>Ein besonderes Geschenk f\u00fcr Liebhaber von Natur- und Symbolschmuck!<\/strong><br \/>\nWenn <strong>Sie auf der Suche nach<\/strong> einem <strong>bedeutungsvollen und dennoch schlichten und eleganten Anh\u00e4nger sind<\/strong>, der inneres Wachstum und Transformation symbolisiert, ist dieser Anh\u00e4nger die perfekte Wahl f\u00fcr Sie selbst oder einen geliebten Menschen.<\/p>\n<p>\ud83d\udcab <strong>Bestellen Sie jetzt und nehmen Sie die Energie der Libellenanmut mit!<\/strong> \ud83e\udeb7\u2728<\/p>\n","protected":false},"excerpt":{"rendered":"<p><strong>Silberner Steinlibellen-Anh\u00e4nger &#8211; ein Symbol der Leichtigkeit und Transformation!<\/strong> \ud83e\udeb7\u2728<br \/>\nDieser zart gearbeitete Libellen-Anh\u00e4nger ist ein Symbol f\u00fcr Erneuerung, Freiheit und nat\u00fcrliche Sch\u00f6nheit.<\/p>\n","protected":false},"featured_media":96740,"template":"","meta":{"_acf_changed":false},"product_brand":[],"product_cat":[616],"product_tag":[527,628],"class_list":{"0":"post-112928","1":"product","2":"type-product","3":"status-publish","4":"has-post-thumbnail","6":"product_cat-silberne-anhanger","7":"product_tag-silberschmuck-fur-damen","8":"product_tag-tiermotiv","9":"description-off","11":"first","12":"instock","13":"sale","14":"taxable","15":"shipping-taxable","16":"purchasable","17":"product-type-simple"},"acf":[],"yoast_head":"<!-- This site is optimized with the Yoast SEO plugin v27.4 - https:\/\/yoast.com\/product\/yoast-seo-wordpress\/ -->\n<title>Silberner Stein-Libellen-Anh\u00e4nger | Diana Silver<\/title>\n<meta name=\"description\" content=\"Fedezd fel a leny\u0171g\u00f6z\u0151 Silberner Stein-Libellen-Anh\u00e4nger \u00e9kszer\u00fcnket. T\u00f6k\u00e9letes kieg\u00e9sz\u00edt\u0151 mindennapi viselethez \u00e9s k\u00fcl\u00f6nleges alkalmakra egyar\u00e1nt. Rendeld meg most!\" \/>\n<meta name=\"robots\" content=\"index, follow, max-snippet:-1, max-image-preview:large, max-video-preview:-1\" \/>\n<link rel=\"canonical\" href=\"https:\/\/dianasilver.com\/de\/termek\/silberner-stein-libellen-anhaenger\/\" \/>\n<meta property=\"og:locale\" content=\"de_DE\" \/>\n<meta property=\"og:type\" content=\"article\" \/>\n<meta property=\"og:title\" content=\"Silberner Stein-Libellen-Anh\u00e4nger | Diana Silver\" \/>\n<meta property=\"og:description\" content=\"Fedezd fel a leny\u0171g\u00f6z\u0151 Silberner Stein-Libellen-Anh\u00e4nger \u00e9kszer\u00fcnket. T\u00f6k\u00e9letes kieg\u00e9sz\u00edt\u0151 mindennapi viselethez \u00e9s k\u00fcl\u00f6nleges alkalmakra egyar\u00e1nt. Rendeld meg most!\" \/>\n<meta property=\"og:url\" content=\"https:\/\/dianasilver.com\/de\/termek\/silberner-stein-libellen-anhaenger\/\" \/>\n<meta property=\"og:site_name\" content=\"Diana Silver\" \/>\n<meta property=\"article:publisher\" content=\"https:\/\/www.facebook.com\/profile.php?id=100027231325117\" \/>\n<meta property=\"article:modified_time\" content=\"2026-01-16T16:46:15+00:00\" \/>\n<meta property=\"og:image\" content=\"https:\/\/dianasilver.com\/wp-content\/uploads\/2022\/08\/ezust-koves-szitakoto-medal-2476.jpg\" \/>\n\t<meta property=\"og:image:width\" content=\"800\" \/>\n\t<meta property=\"og:image:height\" content=\"800\" \/>\n\t<meta property=\"og:image:type\" content=\"image\/jpeg\" \/>\n<meta name=\"twitter:card\" content=\"summary_large_image\" \/>\n<meta name=\"twitter:label1\" content=\"Gesch\u00e4tzte Lesezeit\" \/>\n\t<meta name=\"twitter:data1\" content=\"1\u00a0Minute\" \/>\n<script type=\"application\/ld+json\" class=\"yoast-schema-graph\">{\"@context\":\"https:\\\/\\\/schema.org\",\"@graph\":[{\"@type\":\"WebPage\",\"@id\":\"https:\\\/\\\/dianasilver.com\\\/de\\\/termek\\\/silberner-stein-libellen-anhaenger\\\/\",\"url\":\"https:\\\/\\\/dianasilver.com\\\/de\\\/termek\\\/silberner-stein-libellen-anhaenger\\\/\",\"name\":\"Silberner Stein-Libellen-Anh\u00e4nger | Diana Silver\",\"isPartOf\":{\"@id\":\"https:\\\/\\\/dianasilver.com\\\/de\\\/#website\"},\"primaryImageOfPage\":{\"@id\":\"https:\\\/\\\/dianasilver.com\\\/de\\\/termek\\\/silberner-stein-libellen-anhaenger\\\/#primaryimage\"},\"image\":{\"@id\":\"https:\\\/\\\/dianasilver.com\\\/de\\\/termek\\\/silberner-stein-libellen-anhaenger\\\/#primaryimage\"},\"thumbnailUrl\":\"https:\\\/\\\/dianasilver.com\\\/wp-content\\\/uploads\\\/2022\\\/08\\\/ezust-koves-szitakoto-medal-2476.jpg\",\"datePublished\":\"2022-08-31T12:44:57+00:00\",\"dateModified\":\"2026-01-16T16:46:15+00:00\",\"description\":\"Fedezd fel a leny\u0171g\u00f6z\u0151 Silberner Stein-Libellen-Anh\u00e4nger \u00e9kszer\u00fcnket. T\u00f6k\u00e9letes kieg\u00e9sz\u00edt\u0151 mindennapi viselethez \u00e9s k\u00fcl\u00f6nleges alkalmakra egyar\u00e1nt. Rendeld meg most!\",\"breadcrumb\":{\"@id\":\"https:\\\/\\\/dianasilver.com\\\/de\\\/termek\\\/silberner-stein-libellen-anhaenger\\\/#breadcrumb\"},\"inLanguage\":\"de\",\"potentialAction\":[{\"@type\":\"ReadAction\",\"target\":[\"https:\\\/\\\/dianasilver.com\\\/de\\\/termek\\\/silberner-stein-libellen-anhaenger\\\/\"]}]},{\"@type\":\"ImageObject\",\"inLanguage\":\"de\",\"@id\":\"https:\\\/\\\/dianasilver.com\\\/de\\\/termek\\\/silberner-stein-libellen-anhaenger\\\/#primaryimage\",\"url\":\"https:\\\/\\\/dianasilver.com\\\/wp-content\\\/uploads\\\/2022\\\/08\\\/ezust-koves-szitakoto-medal-2476.jpg\",\"contentUrl\":\"https:\\\/\\\/dianasilver.com\\\/wp-content\\\/uploads\\\/2022\\\/08\\\/ezust-koves-szitakoto-medal-2476.jpg\",\"width\":800,\"height\":800},{\"@type\":\"BreadcrumbList\",\"@id\":\"https:\\\/\\\/dianasilver.com\\\/de\\\/termek\\\/silberner-stein-libellen-anhaenger\\\/#breadcrumb\",\"itemListElement\":[{\"@type\":\"ListItem\",\"position\":1,\"name\":\"Kezd\u0151lap\",\"item\":\"https:\\\/\\\/dianasilver.com\\\/de\\\/diana-silver-silberschmuck-webshop\\\/\"},{\"@type\":\"ListItem\",\"position\":2,\"name\":\"Shop\",\"item\":\"https:\\\/\\\/dianasilver.com\\\/de\\\/shop\\\/\"},{\"@type\":\"ListItem\",\"position\":3,\"name\":\"Silberner Stein-Libellen-Anh\u00e4nger\"}]},{\"@type\":\"WebSite\",\"@id\":\"https:\\\/\\\/dianasilver.com\\\/de\\\/#website\",\"url\":\"https:\\\/\\\/dianasilver.com\\\/de\\\/\",\"name\":\"Diana Silver\",\"description\":\"Tedd t\u00f6k\u00e9letesebb\u00e9 mindennapjaid a Diana Silver \u00e9kszereivel.\",\"publisher\":{\"@id\":\"https:\\\/\\\/dianasilver.com\\\/de\\\/#organization\"},\"alternateName\":\"Ez\u00fcst \u00c9kszer Web\u00e1ruh\u00e1z\",\"potentialAction\":[{\"@type\":\"SearchAction\",\"target\":{\"@type\":\"EntryPoint\",\"urlTemplate\":\"https:\\\/\\\/dianasilver.com\\\/de\\\/?s={search_term_string}\"},\"query-input\":{\"@type\":\"PropertyValueSpecification\",\"valueRequired\":true,\"valueName\":\"search_term_string\"}}],\"inLanguage\":\"de\"},{\"@type\":\"Organization\",\"@id\":\"https:\\\/\\\/dianasilver.com\\\/de\\\/#organization\",\"name\":\"Diana Silver\",\"url\":\"https:\\\/\\\/dianasilver.com\\\/de\\\/\",\"logo\":{\"@type\":\"ImageObject\",\"inLanguage\":\"de\",\"@id\":\"https:\\\/\\\/dianasilver.com\\\/de\\\/#\\\/schema\\\/logo\\\/image\\\/\",\"url\":\"https:\\\/\\\/dianasilver.com\\\/wp-content\\\/uploads\\\/2022\\\/08\\\/ezust-feher-1-koves-buttonos-stekkeres-fulbevalo-42.webp\",\"contentUrl\":\"https:\\\/\\\/dianasilver.com\\\/wp-content\\\/uploads\\\/2022\\\/08\\\/ezust-feher-1-koves-buttonos-stekkeres-fulbevalo-42.webp\",\"width\":300,\"height\":154,\"caption\":\"Diana Silver\"},\"image\":{\"@id\":\"https:\\\/\\\/dianasilver.com\\\/de\\\/#\\\/schema\\\/logo\\\/image\\\/\"},\"sameAs\":[\"https:\\\/\\\/www.facebook.com\\\/profile.php?id=100027231325117\"]}]}<\/script>\n<!-- \/ Yoast SEO plugin. -->","yoast_head_json":{"title":"Silberner Stein-Libellen-Anh\u00e4nger | Diana Silver","description":"Fedezd fel a leny\u0171g\u00f6z\u0151 Silberner Stein-Libellen-Anh\u00e4nger \u00e9kszer\u00fcnket. T\u00f6k\u00e9letes kieg\u00e9sz\u00edt\u0151 mindennapi viselethez \u00e9s k\u00fcl\u00f6nleges alkalmakra egyar\u00e1nt. Rendeld meg most!","robots":{"index":"index","follow":"follow","max-snippet":"max-snippet:-1","max-image-preview":"max-image-preview:large","max-video-preview":"max-video-preview:-1"},"canonical":"https:\/\/dianasilver.com\/de\/termek\/silberner-stein-libellen-anhaenger\/","og_locale":"de_DE","og_type":"article","og_title":"Silberner Stein-Libellen-Anh\u00e4nger | Diana Silver","og_description":"Fedezd fel a leny\u0171g\u00f6z\u0151 Silberner Stein-Libellen-Anh\u00e4nger \u00e9kszer\u00fcnket. T\u00f6k\u00e9letes kieg\u00e9sz\u00edt\u0151 mindennapi viselethez \u00e9s k\u00fcl\u00f6nleges alkalmakra egyar\u00e1nt. Rendeld meg most!","og_url":"https:\/\/dianasilver.com\/de\/termek\/silberner-stein-libellen-anhaenger\/","og_site_name":"Diana Silver","article_publisher":"https:\/\/www.facebook.com\/profile.php?id=100027231325117","article_modified_time":"2026-01-16T16:46:15+00:00","og_image":[{"width":800,"height":800,"url":"https:\/\/dianasilver.com\/wp-content\/uploads\/2022\/08\/ezust-koves-szitakoto-medal-2476.jpg","type":"image\/jpeg"}],"twitter_card":"summary_large_image","twitter_misc":{"Gesch\u00e4tzte Lesezeit":"1\u00a0Minute"},"schema":{"@context":"https:\/\/schema.org","@graph":[{"@type":"WebPage","@id":"https:\/\/dianasilver.com\/de\/termek\/silberner-stein-libellen-anhaenger\/","url":"https:\/\/dianasilver.com\/de\/termek\/silberner-stein-libellen-anhaenger\/","name":"Silberner Stein-Libellen-Anh\u00e4nger | Diana Silver","isPartOf":{"@id":"https:\/\/dianasilver.com\/de\/#website"},"primaryImageOfPage":{"@id":"https:\/\/dianasilver.com\/de\/termek\/silberner-stein-libellen-anhaenger\/#primaryimage"},"image":{"@id":"https:\/\/dianasilver.com\/de\/termek\/silberner-stein-libellen-anhaenger\/#primaryimage"},"thumbnailUrl":"https:\/\/dianasilver.com\/wp-content\/uploads\/2022\/08\/ezust-koves-szitakoto-medal-2476.jpg","datePublished":"2022-08-31T12:44:57+00:00","dateModified":"2026-01-16T16:46:15+00:00","description":"Fedezd fel a leny\u0171g\u00f6z\u0151 Silberner Stein-Libellen-Anh\u00e4nger \u00e9kszer\u00fcnket. T\u00f6k\u00e9letes kieg\u00e9sz\u00edt\u0151 mindennapi viselethez \u00e9s k\u00fcl\u00f6nleges alkalmakra egyar\u00e1nt. Rendeld meg most!","breadcrumb":{"@id":"https:\/\/dianasilver.com\/de\/termek\/silberner-stein-libellen-anhaenger\/#breadcrumb"},"inLanguage":"de","potentialAction":[{"@type":"ReadAction","target":["https:\/\/dianasilver.com\/de\/termek\/silberner-stein-libellen-anhaenger\/"]}]},{"@type":"ImageObject","inLanguage":"de","@id":"https:\/\/dianasilver.com\/de\/termek\/silberner-stein-libellen-anhaenger\/#primaryimage","url":"https:\/\/dianasilver.com\/wp-content\/uploads\/2022\/08\/ezust-koves-szitakoto-medal-2476.jpg","contentUrl":"https:\/\/dianasilver.com\/wp-content\/uploads\/2022\/08\/ezust-koves-szitakoto-medal-2476.jpg","width":800,"height":800},{"@type":"BreadcrumbList","@id":"https:\/\/dianasilver.com\/de\/termek\/silberner-stein-libellen-anhaenger\/#breadcrumb","itemListElement":[{"@type":"ListItem","position":1,"name":"Kezd\u0151lap","item":"https:\/\/dianasilver.com\/de\/diana-silver-silberschmuck-webshop\/"},{"@type":"ListItem","position":2,"name":"Shop","item":"https:\/\/dianasilver.com\/de\/shop\/"},{"@type":"ListItem","position":3,"name":"Silberner Stein-Libellen-Anh\u00e4nger"}]},{"@type":"WebSite","@id":"https:\/\/dianasilver.com\/de\/#website","url":"https:\/\/dianasilver.com\/de\/","name":"Diana Silver","description":"Tedd t\u00f6k\u00e9letesebb\u00e9 mindennapjaid a Diana Silver \u00e9kszereivel.","publisher":{"@id":"https:\/\/dianasilver.com\/de\/#organization"},"alternateName":"Ez\u00fcst \u00c9kszer Web\u00e1ruh\u00e1z","potentialAction":[{"@type":"SearchAction","target":{"@type":"EntryPoint","urlTemplate":"https:\/\/dianasilver.com\/de\/?s={search_term_string}"},"query-input":{"@type":"PropertyValueSpecification","valueRequired":true,"valueName":"search_term_string"}}],"inLanguage":"de"},{"@type":"Organization","@id":"https:\/\/dianasilver.com\/de\/#organization","name":"Diana Silver","url":"https:\/\/dianasilver.com\/de\/","logo":{"@type":"ImageObject","inLanguage":"de","@id":"https:\/\/dianasilver.com\/de\/#\/schema\/logo\/image\/","url":"https:\/\/dianasilver.com\/wp-content\/uploads\/2022\/08\/ezust-feher-1-koves-buttonos-stekkeres-fulbevalo-42.webp","contentUrl":"https:\/\/dianasilver.com\/wp-content\/uploads\/2022\/08\/ezust-feher-1-koves-buttonos-stekkeres-fulbevalo-42.webp","width":300,"height":154,"caption":"Diana Silver"},"image":{"@id":"https:\/\/dianasilver.com\/de\/#\/schema\/logo\/image\/"},"sameAs":["https:\/\/www.facebook.com\/profile.php?id=100027231325117"]}]}},"_links":{"self":[{"href":"https:\/\/dianasilver.com\/de\/wp-json\/wp\/v2\/product\/112928","targetHints":{"allow":["GET"]}}],"collection":[{"href":"https:\/\/dianasilver.com\/de\/wp-json\/wp\/v2\/product"}],"about":[{"href":"https:\/\/dianasilver.com\/de\/wp-json\/wp\/v2\/types\/product"}],"version-history":[{"count":0,"href":"https:\/\/dianasilver.com\/de\/wp-json\/wp\/v2\/product\/112928\/revisions"}],"wp:featuredmedia":[{"embeddable":true,"href":"https:\/\/dianasilver.com\/de\/wp-json\/wp\/v2\/media\/96740"}],"wp:attachment":[{"href":"https:\/\/dianasilver.com\/de\/wp-json\/wp\/v2\/media?parent=112928"}],"wp:term":[{"taxonomy":"product_brand","embeddable":true,"href":"https:\/\/dianasilver.com\/de\/wp-json\/wp\/v2\/product_brand?post=112928"},{"taxonomy":"product_cat","embeddable":true,"href":"https:\/\/dianasilver.com\/de\/wp-json\/wp\/v2\/product_cat?post=112928"},{"taxonomy":"product_tag","embeddable":true,"href":"https:\/\/dianasilver.com\/de\/wp-json\/wp\/v2\/product_tag?post=112928"}],"curies":[{"name":"wp","href":"https:\/\/api.w.org\/{rel}","templated":true}]}}