{"id":112916,"date":"2022-08-31T12:39:10","date_gmt":"2022-08-31T10:39:10","guid":{"rendered":"https:\/\/dianasilver.hu\/termek\/ania-haie-silberarmband-mit-tuerkisstein\/"},"modified":"2026-04-15T01:41:16","modified_gmt":"2026-04-14T23:41:16","slug":"ania-haie-silberarmband-mit-tuerkisstein","status":"publish","type":"product","link":"https:\/\/dianasilver.com\/de\/termek\/ania-haie-silberarmband-mit-tuerkisstein\/","title":{"rendered":"Ania Haie Silberarmband mit T\u00fcrkisstein"},"content":{"rendered":"<h2 data-start=\"0\" data-end=\"87\">\ud83d\udc8e <strong data-start=\"3\" data-end=\"85\">Ania Haie Silber T\u00fcrkis Stein Armband &#8211; einzigartige Eleganz und nat\u00fcrliche Sch\u00f6nheit<\/strong><\/h2>\n<p data-start=\"89\" data-end=\"427\">Dieses Armband <strong data-start=\"95\" data-end=\"114\">aus 925er Sterlingsilber von AG<\/strong> ist <strong data-start=\"133\" data-end=\"191\">mit seinem leuchtenden Farbton des T\u00fcrkissteins und seiner filigranen Verarbeitung<\/strong> die perfekte Wahl f\u00fcr alle, die einen raffinierten und zugleich nat\u00fcrlichen Stil lieben. Sein minimalistisches Design verleiht ihm einen modernen Look, w\u00e4hrend die <strong data-start=\"327\" data-end=\"345\">Rhodinierung<\/strong> f\u00fcr lang anhaltenden Glanz und Schutz vor Silberverf\u00e4rbung sorgt.<\/p>\n<p data-start=\"403\" data-end=\"437\">\ud83c\udf3f <strong data-start=\"406\" data-end=\"435\">Was symbolisiert das T\u00fcrkis?<\/strong><\/p>\n<ul data-start=\"438\" data-end=\"667\">\n<li data-start=\"438\" data-end=\"503\">Er ist <strong data-start=\"440\" data-end=\"467\">ein Stein des Friedens und der Harmonie<\/strong>, der eine beruhigende Energie ausstrahlt.<\/li>\n<li data-start=\"504\" data-end=\"581\">Er ist <strong data-start=\"508\" data-end=\"549\">ein Symbol f\u00fcr inneres Gleichgewicht und Schutz<\/strong>, das das Selbstvertrauen st\u00e4rkt.<\/li>\n<li data-start=\"582\" data-end=\"667\"><strong data-start=\"584\" data-end=\"665\">T\u00fcrkis ist die perfekte Mischung aus Frische und Eleganz.<\/strong><\/li>\n<\/ul>\n<p data-start=\"669\" data-end=\"706\">\u2728 <strong data-start=\"671\" data-end=\"704\">Warum sollten Sie dieses T\u00fcrkisarmband w\u00e4hlen?<\/strong><\/p>\n<ul data-start=\"707\" data-end=\"992\">\n<li data-start=\"707\" data-end=\"783\"><strong data-start=\"709\" data-end=\"729\">Hochwertige Qualit\u00e4t:<\/strong> <strong data-start=\"730\" data-end=\"746\">AG 925 Silber<\/strong> mit Rhodiumbeschichtung f\u00fcr Langlebigkeit.<\/li>\n<li data-start=\"784\" data-end=\"858\"><strong data-start=\"786\" data-end=\"807\">Atemberaubendes Design:<\/strong> eine raffinierte Kombination aus t\u00fcrkisfarbenem Stein und Silber.<\/li>\n<li data-start=\"859\" data-end=\"917\"><strong data-start=\"861\" data-end=\"881\">Verstellbare Gr\u00f6\u00dfe:<\/strong> Passt leicht am Handgelenk.<\/li>\n<li data-start=\"918\" data-end=\"992\"><strong data-start=\"920\" data-end=\"945\">Das perfekte Accessoire:<\/strong> eleganter und doch l\u00e4ssiger Stil f\u00fcr jede Gelegenheit.<\/li>\n<\/ul>\n<p data-start=\"994\" data-end=\"1127\" data-is-last-node=\"\">\ud83c\udf81 S <strong data-start=\"997\" data-end=\"1123\">chenken Sie sich selbst oder einem geliebten Menschen einen Schmuck, der die Sch\u00f6nheit der Natur mit raffinierter Eleganz verbindet!<\/strong> \ud83d\udc99\u2728<\/p>\n<p>&nbsp;<\/p>\n<hr>\n<p data-start=\"1721\" data-end=\"1799\" data-is-last-node=\"\"><strong><br \/>\nBeeindruckt von der Sch\u00f6nheit von T\u00fcrkis<\/strong>? Das k\u00f6nnte Sie auch interessieren:<\/p>\n<p data-start=\"1721\" data-end=\"1799\" data-is-last-node=\"\"><a href=\"\/?p=199\" target=\"_blank\" rel=\"noopener\">Silber Ring mit T\u00fcrkis Steinen<\/a> | <a href=\"\/?p=193\" target=\"_blank\" rel=\"noopener\">Silber Kette mit T\u00fcrkis Anh\u00e4nger<\/a> | <a href=\"\/?p=183\" target=\"_blank\" rel=\"noopener\">Silber T\u00fcrkis Ohrringe<\/a><\/p>\n","protected":false},"excerpt":{"rendered":"<p><strong data-start=\"24\" data-end=\"109\">Ania Haie Silberarmband mit T\u00fcrkisstein &#8211; nat\u00fcrliche Sch\u00f6nheit und Raffinesse<\/strong> \u2728<\/p>\n<p>Der leuchtende <strong data-start=\"124\" data-end=\"143\">T\u00fcrkisstein<\/strong> und die Kette <strong data-start=\"149\" data-end=\"171\">aus 925er Sterlingsilber<\/strong> bilden eine elegante Harmonie, perfekt f\u00fcr das t\u00e4gliche Tragen und besondere Anl\u00e4sse.<\/p>\n","protected":false},"featured_media":95038,"template":"","meta":{"_acf_changed":false},"product_brand":[],"product_cat":[614],"product_tag":[634],"class_list":{"0":"post-112916","1":"product","2":"type-product","3":"status-publish","4":"has-post-thumbnail","6":"product_cat-silberne-armbander","7":"product_tag-farbenfroh","8":"description-off","10":"first","11":"outofstock","12":"taxable","13":"shipping-taxable","14":"purchasable","15":"product-type-simple"},"acf":[],"yoast_head":"<!-- This site is optimized with the Yoast SEO plugin v27.4 - https:\/\/yoast.com\/product\/yoast-seo-wordpress\/ -->\n<title>Silbernes T\u00fcrkisarmband - Ania Haie | Diana Silver%<\/title>\n<meta name=\"description\" content=\"Entdecken Sie unseren atemberaubenden Silber-T\u00fcrkis-Armbandschmuck. Das perfekte Accessoire f\u00fcr den Alltag und besondere Anl\u00e4sse. Bestellen Sie jetzt!\" \/>\n<meta name=\"robots\" content=\"index, follow, max-snippet:-1, max-image-preview:large, max-video-preview:-1\" \/>\n<link rel=\"canonical\" href=\"https:\/\/dianasilver.com\/de\/termek\/ania-haie-silberarmband-mit-tuerkisstein\/\" \/>\n<meta property=\"og:locale\" content=\"de_DE\" \/>\n<meta property=\"og:type\" content=\"article\" \/>\n<meta property=\"og:title\" content=\"Silbernes T\u00fcrkisarmband - Ania Haie | Diana Silver%\" \/>\n<meta property=\"og:description\" content=\"Entdecken Sie unseren atemberaubenden Silber-T\u00fcrkis-Armbandschmuck. Das perfekte Accessoire f\u00fcr den Alltag und besondere Anl\u00e4sse. Bestellen Sie jetzt!\" \/>\n<meta property=\"og:url\" content=\"https:\/\/dianasilver.com\/de\/termek\/ania-haie-silberarmband-mit-tuerkisstein\/\" \/>\n<meta property=\"og:site_name\" content=\"Diana Silver\" \/>\n<meta property=\"article:publisher\" content=\"https:\/\/www.facebook.com\/profile.php?id=100027231325117\" \/>\n<meta property=\"article:modified_time\" content=\"2026-04-14T23:41:16+00:00\" \/>\n<meta property=\"og:image\" content=\"https:\/\/dianasilver.com\/wp-content\/uploads\/2022\/08\/ania-haie-ezust-karkoto-turkiz-kovel-1-scaled.jpg\" \/>\n\t<meta property=\"og:image:width\" content=\"800\" \/>\n\t<meta property=\"og:image:height\" content=\"800\" \/>\n\t<meta property=\"og:image:type\" content=\"image\/jpeg\" \/>\n<meta name=\"twitter:card\" content=\"summary_large_image\" \/>\n<meta name=\"twitter:label1\" content=\"Gesch\u00e4tzte Lesezeit\" \/>\n\t<meta name=\"twitter:data1\" content=\"1\u00a0Minute\" \/>\n<script type=\"application\/ld+json\" class=\"yoast-schema-graph\">{\"@context\":\"https:\\\/\\\/schema.org\",\"@graph\":[{\"@type\":\"WebPage\",\"@id\":\"https:\\\/\\\/dianasilver.com\\\/de\\\/termek\\\/ania-haie-silberarmband-mit-tuerkisstein\\\/\",\"url\":\"https:\\\/\\\/dianasilver.com\\\/de\\\/termek\\\/ania-haie-silberarmband-mit-tuerkisstein\\\/\",\"name\":\"Silbernes T\u00fcrkisarmband - Ania Haie | Diana Silver%\",\"isPartOf\":{\"@id\":\"https:\\\/\\\/dianasilver.com\\\/de\\\/#website\"},\"primaryImageOfPage\":{\"@id\":\"https:\\\/\\\/dianasilver.com\\\/de\\\/termek\\\/ania-haie-silberarmband-mit-tuerkisstein\\\/#primaryimage\"},\"image\":{\"@id\":\"https:\\\/\\\/dianasilver.com\\\/de\\\/termek\\\/ania-haie-silberarmband-mit-tuerkisstein\\\/#primaryimage\"},\"thumbnailUrl\":\"https:\\\/\\\/dianasilver.com\\\/wp-content\\\/uploads\\\/2022\\\/08\\\/ania-haie-ezust-karkoto-turkiz-kovel-1-scaled.jpg\",\"datePublished\":\"2022-08-31T10:39:10+00:00\",\"dateModified\":\"2026-04-14T23:41:16+00:00\",\"description\":\"Entdecken Sie unseren atemberaubenden Silber-T\u00fcrkis-Armbandschmuck. Das perfekte Accessoire f\u00fcr den Alltag und besondere Anl\u00e4sse. Bestellen Sie jetzt!\",\"breadcrumb\":{\"@id\":\"https:\\\/\\\/dianasilver.com\\\/de\\\/termek\\\/ania-haie-silberarmband-mit-tuerkisstein\\\/#breadcrumb\"},\"inLanguage\":\"de\",\"potentialAction\":[{\"@type\":\"ReadAction\",\"target\":[\"https:\\\/\\\/dianasilver.com\\\/de\\\/termek\\\/ania-haie-silberarmband-mit-tuerkisstein\\\/\"]}]},{\"@type\":\"ImageObject\",\"inLanguage\":\"de\",\"@id\":\"https:\\\/\\\/dianasilver.com\\\/de\\\/termek\\\/ania-haie-silberarmband-mit-tuerkisstein\\\/#primaryimage\",\"url\":\"https:\\\/\\\/dianasilver.com\\\/wp-content\\\/uploads\\\/2022\\\/08\\\/ania-haie-ezust-karkoto-turkiz-kovel-1-scaled.jpg\",\"contentUrl\":\"https:\\\/\\\/dianasilver.com\\\/wp-content\\\/uploads\\\/2022\\\/08\\\/ania-haie-ezust-karkoto-turkiz-kovel-1-scaled.jpg\",\"width\":800,\"height\":800,\"caption\":\"ez\u00fcst t\u00fcrkiz kark\u00f6t\u0151\"},{\"@type\":\"BreadcrumbList\",\"@id\":\"https:\\\/\\\/dianasilver.com\\\/de\\\/termek\\\/ania-haie-silberarmband-mit-tuerkisstein\\\/#breadcrumb\",\"itemListElement\":[{\"@type\":\"ListItem\",\"position\":1,\"name\":\"Kezd\u0151lap\",\"item\":\"https:\\\/\\\/dianasilver.com\\\/de\\\/diana-silver-silberschmuck-webshop\\\/\"},{\"@type\":\"ListItem\",\"position\":2,\"name\":\"Shop\",\"item\":\"https:\\\/\\\/dianasilver.com\\\/de\\\/shop\\\/\"},{\"@type\":\"ListItem\",\"position\":3,\"name\":\"Ania Haie Silberarmband mit T\u00fcrkisstein\"}]},{\"@type\":\"WebSite\",\"@id\":\"https:\\\/\\\/dianasilver.com\\\/de\\\/#website\",\"url\":\"https:\\\/\\\/dianasilver.com\\\/de\\\/\",\"name\":\"Diana Silver\",\"description\":\"Tedd t\u00f6k\u00e9letesebb\u00e9 mindennapjaid a Diana Silver \u00e9kszereivel.\",\"publisher\":{\"@id\":\"https:\\\/\\\/dianasilver.com\\\/de\\\/#organization\"},\"alternateName\":\"Ez\u00fcst \u00c9kszer Web\u00e1ruh\u00e1z\",\"potentialAction\":[{\"@type\":\"SearchAction\",\"target\":{\"@type\":\"EntryPoint\",\"urlTemplate\":\"https:\\\/\\\/dianasilver.com\\\/de\\\/?s={search_term_string}\"},\"query-input\":{\"@type\":\"PropertyValueSpecification\",\"valueRequired\":true,\"valueName\":\"search_term_string\"}}],\"inLanguage\":\"de\"},{\"@type\":\"Organization\",\"@id\":\"https:\\\/\\\/dianasilver.com\\\/de\\\/#organization\",\"name\":\"Diana Silver\",\"url\":\"https:\\\/\\\/dianasilver.com\\\/de\\\/\",\"logo\":{\"@type\":\"ImageObject\",\"inLanguage\":\"de\",\"@id\":\"https:\\\/\\\/dianasilver.com\\\/de\\\/#\\\/schema\\\/logo\\\/image\\\/\",\"url\":\"https:\\\/\\\/dianasilver.com\\\/wp-content\\\/uploads\\\/2022\\\/08\\\/ezust-feher-1-koves-buttonos-stekkeres-fulbevalo-42.webp\",\"contentUrl\":\"https:\\\/\\\/dianasilver.com\\\/wp-content\\\/uploads\\\/2022\\\/08\\\/ezust-feher-1-koves-buttonos-stekkeres-fulbevalo-42.webp\",\"width\":300,\"height\":154,\"caption\":\"Diana Silver\"},\"image\":{\"@id\":\"https:\\\/\\\/dianasilver.com\\\/de\\\/#\\\/schema\\\/logo\\\/image\\\/\"},\"sameAs\":[\"https:\\\/\\\/www.facebook.com\\\/profile.php?id=100027231325117\"]}]}<\/script>\n<!-- \/ Yoast SEO plugin. -->","yoast_head_json":{"title":"Silbernes T\u00fcrkisarmband - Ania Haie | Diana Silver%","description":"Entdecken Sie unseren atemberaubenden Silber-T\u00fcrkis-Armbandschmuck. Das perfekte Accessoire f\u00fcr den Alltag und besondere Anl\u00e4sse. Bestellen Sie jetzt!","robots":{"index":"index","follow":"follow","max-snippet":"max-snippet:-1","max-image-preview":"max-image-preview:large","max-video-preview":"max-video-preview:-1"},"canonical":"https:\/\/dianasilver.com\/de\/termek\/ania-haie-silberarmband-mit-tuerkisstein\/","og_locale":"de_DE","og_type":"article","og_title":"Silbernes T\u00fcrkisarmband - Ania Haie | Diana Silver%","og_description":"Entdecken Sie unseren atemberaubenden Silber-T\u00fcrkis-Armbandschmuck. Das perfekte Accessoire f\u00fcr den Alltag und besondere Anl\u00e4sse. Bestellen Sie jetzt!","og_url":"https:\/\/dianasilver.com\/de\/termek\/ania-haie-silberarmband-mit-tuerkisstein\/","og_site_name":"Diana Silver","article_publisher":"https:\/\/www.facebook.com\/profile.php?id=100027231325117","article_modified_time":"2026-04-14T23:41:16+00:00","og_image":[{"width":800,"height":800,"url":"https:\/\/dianasilver.com\/wp-content\/uploads\/2022\/08\/ania-haie-ezust-karkoto-turkiz-kovel-1-scaled.jpg","type":"image\/jpeg"}],"twitter_card":"summary_large_image","twitter_misc":{"Gesch\u00e4tzte Lesezeit":"1\u00a0Minute"},"schema":{"@context":"https:\/\/schema.org","@graph":[{"@type":"WebPage","@id":"https:\/\/dianasilver.com\/de\/termek\/ania-haie-silberarmband-mit-tuerkisstein\/","url":"https:\/\/dianasilver.com\/de\/termek\/ania-haie-silberarmband-mit-tuerkisstein\/","name":"Silbernes T\u00fcrkisarmband - Ania Haie | Diana Silver%","isPartOf":{"@id":"https:\/\/dianasilver.com\/de\/#website"},"primaryImageOfPage":{"@id":"https:\/\/dianasilver.com\/de\/termek\/ania-haie-silberarmband-mit-tuerkisstein\/#primaryimage"},"image":{"@id":"https:\/\/dianasilver.com\/de\/termek\/ania-haie-silberarmband-mit-tuerkisstein\/#primaryimage"},"thumbnailUrl":"https:\/\/dianasilver.com\/wp-content\/uploads\/2022\/08\/ania-haie-ezust-karkoto-turkiz-kovel-1-scaled.jpg","datePublished":"2022-08-31T10:39:10+00:00","dateModified":"2026-04-14T23:41:16+00:00","description":"Entdecken Sie unseren atemberaubenden Silber-T\u00fcrkis-Armbandschmuck. Das perfekte Accessoire f\u00fcr den Alltag und besondere Anl\u00e4sse. Bestellen Sie jetzt!","breadcrumb":{"@id":"https:\/\/dianasilver.com\/de\/termek\/ania-haie-silberarmband-mit-tuerkisstein\/#breadcrumb"},"inLanguage":"de","potentialAction":[{"@type":"ReadAction","target":["https:\/\/dianasilver.com\/de\/termek\/ania-haie-silberarmband-mit-tuerkisstein\/"]}]},{"@type":"ImageObject","inLanguage":"de","@id":"https:\/\/dianasilver.com\/de\/termek\/ania-haie-silberarmband-mit-tuerkisstein\/#primaryimage","url":"https:\/\/dianasilver.com\/wp-content\/uploads\/2022\/08\/ania-haie-ezust-karkoto-turkiz-kovel-1-scaled.jpg","contentUrl":"https:\/\/dianasilver.com\/wp-content\/uploads\/2022\/08\/ania-haie-ezust-karkoto-turkiz-kovel-1-scaled.jpg","width":800,"height":800,"caption":"ez\u00fcst t\u00fcrkiz kark\u00f6t\u0151"},{"@type":"BreadcrumbList","@id":"https:\/\/dianasilver.com\/de\/termek\/ania-haie-silberarmband-mit-tuerkisstein\/#breadcrumb","itemListElement":[{"@type":"ListItem","position":1,"name":"Kezd\u0151lap","item":"https:\/\/dianasilver.com\/de\/diana-silver-silberschmuck-webshop\/"},{"@type":"ListItem","position":2,"name":"Shop","item":"https:\/\/dianasilver.com\/de\/shop\/"},{"@type":"ListItem","position":3,"name":"Ania Haie Silberarmband mit T\u00fcrkisstein"}]},{"@type":"WebSite","@id":"https:\/\/dianasilver.com\/de\/#website","url":"https:\/\/dianasilver.com\/de\/","name":"Diana Silver","description":"Tedd t\u00f6k\u00e9letesebb\u00e9 mindennapjaid a Diana Silver \u00e9kszereivel.","publisher":{"@id":"https:\/\/dianasilver.com\/de\/#organization"},"alternateName":"Ez\u00fcst \u00c9kszer Web\u00e1ruh\u00e1z","potentialAction":[{"@type":"SearchAction","target":{"@type":"EntryPoint","urlTemplate":"https:\/\/dianasilver.com\/de\/?s={search_term_string}"},"query-input":{"@type":"PropertyValueSpecification","valueRequired":true,"valueName":"search_term_string"}}],"inLanguage":"de"},{"@type":"Organization","@id":"https:\/\/dianasilver.com\/de\/#organization","name":"Diana Silver","url":"https:\/\/dianasilver.com\/de\/","logo":{"@type":"ImageObject","inLanguage":"de","@id":"https:\/\/dianasilver.com\/de\/#\/schema\/logo\/image\/","url":"https:\/\/dianasilver.com\/wp-content\/uploads\/2022\/08\/ezust-feher-1-koves-buttonos-stekkeres-fulbevalo-42.webp","contentUrl":"https:\/\/dianasilver.com\/wp-content\/uploads\/2022\/08\/ezust-feher-1-koves-buttonos-stekkeres-fulbevalo-42.webp","width":300,"height":154,"caption":"Diana Silver"},"image":{"@id":"https:\/\/dianasilver.com\/de\/#\/schema\/logo\/image\/"},"sameAs":["https:\/\/www.facebook.com\/profile.php?id=100027231325117"]}]}},"_links":{"self":[{"href":"https:\/\/dianasilver.com\/de\/wp-json\/wp\/v2\/product\/112916","targetHints":{"allow":["GET"]}}],"collection":[{"href":"https:\/\/dianasilver.com\/de\/wp-json\/wp\/v2\/product"}],"about":[{"href":"https:\/\/dianasilver.com\/de\/wp-json\/wp\/v2\/types\/product"}],"version-history":[{"count":0,"href":"https:\/\/dianasilver.com\/de\/wp-json\/wp\/v2\/product\/112916\/revisions"}],"wp:featuredmedia":[{"embeddable":true,"href":"https:\/\/dianasilver.com\/de\/wp-json\/wp\/v2\/media\/95038"}],"wp:attachment":[{"href":"https:\/\/dianasilver.com\/de\/wp-json\/wp\/v2\/media?parent=112916"}],"wp:term":[{"taxonomy":"product_brand","embeddable":true,"href":"https:\/\/dianasilver.com\/de\/wp-json\/wp\/v2\/product_brand?post=112916"},{"taxonomy":"product_cat","embeddable":true,"href":"https:\/\/dianasilver.com\/de\/wp-json\/wp\/v2\/product_cat?post=112916"},{"taxonomy":"product_tag","embeddable":true,"href":"https:\/\/dianasilver.com\/de\/wp-json\/wp\/v2\/product_tag?post=112916"}],"curies":[{"name":"wp","href":"https:\/\/api.w.org\/{rel}","templated":true}]}}