{"id":112885,"date":"2022-08-31T14:38:34","date_gmt":"2022-08-31T12:38:34","guid":{"rendered":"https:\/\/dianasilver.hu\/termek\/perlenbesetzte-silberne-ohrstecker-mit-anhaenger-mit-weissem-stein-2\/"},"modified":"2026-01-16T17:48:01","modified_gmt":"2026-01-16T16:48:01","slug":"perlenbesetzte-silberne-ohrstecker-mit-anhaenger-mit-weissem-stein-2","status":"publish","type":"product","link":"https:\/\/dianasilver.com\/de\/termek\/perlenbesetzte-silberne-ohrstecker-mit-anhaenger-mit-weissem-stein-2\/","title":{"rendered":"Perlenbesetzte silberne Ohrstecker mit Anh\u00e4nger mit wei\u00dfem Stein"},"content":{"rendered":"<h2><strong>\ud83d\udc8e Perlenbesetzte Ohrstecker aus Silber mit wei\u00dfem Stein und baumelndem Anh\u00e4nger &#8211; die perfekte Verbindung von raffiniertem Glamour und Weiblichkeit<\/strong><\/h2>\n<p>Dieses <strong>Schmuckset aus hochwertigem 925er Sterlingsilber<\/strong> besteht aus einem einzigartigen <strong>Ohrstecker und einem passenden Anh\u00e4nger<\/strong>, der mit zarten <strong>wei\u00dfen Zirkoniasteinen und klassischen Perlen<\/strong> verziert ist. Das baumelnde Design der Ohrringe folgt elegant der Bewegung und unterstreicht die Ausstrahlung der Tr\u00e4gerin in jedem Moment. Die <strong>Rhodiumbeschichtung<\/strong> sorgt f\u00fcr lang anhaltenden Glanz und Schutz vor Verf\u00e4rbungen.<\/p>\n<p>\ud83e\udd0d <strong>Was symbolisieren die Perle und der wei\u00dfe Zirkonia?<\/strong><\/p>\n<ul>\n<li><strong>Reinheit und zeitlose Eleganz.<\/strong><\/li>\n<li><strong>Femininit\u00e4t und Raffinesse.<\/strong><\/li>\n<li><strong>Harmonie und ewige Sch\u00f6nheit.<\/strong><\/li>\n<\/ul>\n<p>\u2728 <strong>Warum sollten Sie dieses Schmuckset w\u00e4hlen?<\/strong><\/p>\n<ul>\n<li><strong>Hochwertige Qualit\u00e4t: <\/strong> <strong>AG 925 Silber<\/strong>, <strong>rhodiniert<\/strong> f\u00fcr einen lang anhaltenden Glanz.<\/li>\n<li><strong>Elegantes Design:<\/strong> ein h\u00e4ngendes Design, das sich bei jedem Schritt anmutig bewegt.<\/li>\n<li><strong>Funkelnde wei\u00dfe Steine und Perlen:<\/strong> eine einzigartige Kombination, die sowohl klassisch als auch modern ist.<\/li>\n<li>Das <strong>perfekte Geschenk:<\/strong> ein unverzichtbares St\u00fcck f\u00fcr die Schmucksammlung einer jeden Frau.<\/li>\n<\/ul>\n<p>\ud83c\udf81 <strong>Perfekt als Geschenk!<\/strong><br \/>\nDieses Set aus h\u00e4ngenden Perlenohrringen und Anh\u00e4nger <strong>ist das perfekte Geschenk f\u00fcr einen Geburtstag, ein Jubil\u00e4um oder einen besonderen Anlass<\/strong>.<\/p>\n<p>\ud83d\udcab <strong>Bestellen Sie jetzt und gl\u00e4nzen Sie mit dem magischen Funkeln von Perlen und Zirkonia!<\/strong> \ud83e\udd0d\u2728<\/p>\n","protected":false},"excerpt":{"rendered":"<p><strong>Perlenbesetzte silberne Ohrstecker mit baumelndem Anh\u00e4nger mit wei\u00dfen Steinen &#8211; elegante Bewegung und Funkeln!<\/strong> \ud83e\udd0d\u2728<br \/>\nEine atemberaubende Harmonie aus zart gearbeiteten Perlen und schimmernden wei\u00dfen Steinen, die Ihre feminine Ausstrahlung in jedem Moment unterstreicht.<\/p>\n","protected":false},"featured_media":97608,"template":"","meta":{"_acf_changed":false},"product_brand":[],"product_cat":[610,526],"product_tag":[527],"class_list":{"0":"post-112885","1":"product","2":"type-product","3":"status-publish","4":"has-post-thumbnail","6":"product_cat-silberne-perlenschmuck-sets","7":"product_cat-silberschmuck-set","8":"product_tag-silberschmuck-fur-damen","9":"description-off","11":"first","12":"outofstock","13":"sale","14":"taxable","15":"shipping-taxable","16":"purchasable","17":"product-type-simple"},"acf":[],"yoast_head":"<!-- This site is optimized with the Yoast SEO plugin v27.4 - https:\/\/yoast.com\/product\/yoast-seo-wordpress\/ -->\n<title>Perlenbesetzte silberne Ohrstecker mit Anh\u00e4nger mit wei\u00dfem Stein | Diana Silver<\/title>\n<meta name=\"description\" content=\"Fedezd fel a leny\u0171g\u00f6z\u0151 Perlenbesetzte silberne Ohrstecker mit Anh\u00e4nger mit wei\u00dfem Stein \u00e9kszer\u00fcnket. T\u00f6k\u00e9letes kieg\u00e9sz\u00edt\u0151 mindennapi viselethez \u00e9s k\u00fcl\u00f6nleges alkalmakra egyar\u00e1nt. Rendeld meg most!\" \/>\n<meta name=\"robots\" content=\"index, follow, max-snippet:-1, max-image-preview:large, max-video-preview:-1\" \/>\n<link rel=\"canonical\" href=\"https:\/\/dianasilver.com\/de\/termek\/perlenbesetzte-silberne-ohrstecker-mit-anhaenger-mit-weissem-stein-2\/\" \/>\n<meta property=\"og:locale\" content=\"de_DE\" \/>\n<meta property=\"og:type\" content=\"article\" \/>\n<meta property=\"og:title\" content=\"Perlenbesetzte silberne Ohrstecker mit Anh\u00e4nger mit wei\u00dfem Stein | Diana Silver\" \/>\n<meta property=\"og:description\" content=\"Fedezd fel a leny\u0171g\u00f6z\u0151 Perlenbesetzte silberne Ohrstecker mit Anh\u00e4nger mit wei\u00dfem Stein \u00e9kszer\u00fcnket. T\u00f6k\u00e9letes kieg\u00e9sz\u00edt\u0151 mindennapi viselethez \u00e9s k\u00fcl\u00f6nleges alkalmakra egyar\u00e1nt. Rendeld meg most!\" \/>\n<meta property=\"og:url\" content=\"https:\/\/dianasilver.com\/de\/termek\/perlenbesetzte-silberne-ohrstecker-mit-anhaenger-mit-weissem-stein-2\/\" \/>\n<meta property=\"og:site_name\" content=\"Diana Silver\" \/>\n<meta property=\"article:publisher\" content=\"https:\/\/www.facebook.com\/profile.php?id=100027231325117\" \/>\n<meta property=\"article:modified_time\" content=\"2026-01-16T16:48:01+00:00\" \/>\n<meta property=\"og:image\" content=\"https:\/\/dianasilver.com\/wp-content\/uploads\/2022\/08\/feher-koves-gyongyos-ezust-stekkeres-logos-fulbevalo-medallal-3038.jpg\" \/>\n\t<meta property=\"og:image:width\" content=\"800\" \/>\n\t<meta property=\"og:image:height\" content=\"800\" \/>\n\t<meta property=\"og:image:type\" content=\"image\/jpeg\" \/>\n<meta name=\"twitter:card\" content=\"summary_large_image\" \/>\n<meta name=\"twitter:label1\" content=\"Gesch\u00e4tzte Lesezeit\" \/>\n\t<meta name=\"twitter:data1\" content=\"1\u00a0Minute\" \/>\n<script type=\"application\/ld+json\" class=\"yoast-schema-graph\">{\"@context\":\"https:\\\/\\\/schema.org\",\"@graph\":[{\"@type\":\"WebPage\",\"@id\":\"https:\\\/\\\/dianasilver.com\\\/de\\\/termek\\\/perlenbesetzte-silberne-ohrstecker-mit-anhaenger-mit-weissem-stein-2\\\/\",\"url\":\"https:\\\/\\\/dianasilver.com\\\/de\\\/termek\\\/perlenbesetzte-silberne-ohrstecker-mit-anhaenger-mit-weissem-stein-2\\\/\",\"name\":\"Perlenbesetzte silberne Ohrstecker mit Anh\u00e4nger mit wei\u00dfem Stein | Diana Silver\",\"isPartOf\":{\"@id\":\"https:\\\/\\\/dianasilver.com\\\/de\\\/#website\"},\"primaryImageOfPage\":{\"@id\":\"https:\\\/\\\/dianasilver.com\\\/de\\\/termek\\\/perlenbesetzte-silberne-ohrstecker-mit-anhaenger-mit-weissem-stein-2\\\/#primaryimage\"},\"image\":{\"@id\":\"https:\\\/\\\/dianasilver.com\\\/de\\\/termek\\\/perlenbesetzte-silberne-ohrstecker-mit-anhaenger-mit-weissem-stein-2\\\/#primaryimage\"},\"thumbnailUrl\":\"https:\\\/\\\/dianasilver.com\\\/wp-content\\\/uploads\\\/2022\\\/08\\\/feher-koves-gyongyos-ezust-stekkeres-logos-fulbevalo-medallal-3038.jpg\",\"datePublished\":\"2022-08-31T12:38:34+00:00\",\"dateModified\":\"2026-01-16T16:48:01+00:00\",\"description\":\"Fedezd fel a leny\u0171g\u00f6z\u0151 Perlenbesetzte silberne Ohrstecker mit Anh\u00e4nger mit wei\u00dfem Stein \u00e9kszer\u00fcnket. T\u00f6k\u00e9letes kieg\u00e9sz\u00edt\u0151 mindennapi viselethez \u00e9s k\u00fcl\u00f6nleges alkalmakra egyar\u00e1nt. Rendeld meg most!\",\"breadcrumb\":{\"@id\":\"https:\\\/\\\/dianasilver.com\\\/de\\\/termek\\\/perlenbesetzte-silberne-ohrstecker-mit-anhaenger-mit-weissem-stein-2\\\/#breadcrumb\"},\"inLanguage\":\"de\",\"potentialAction\":[{\"@type\":\"ReadAction\",\"target\":[\"https:\\\/\\\/dianasilver.com\\\/de\\\/termek\\\/perlenbesetzte-silberne-ohrstecker-mit-anhaenger-mit-weissem-stein-2\\\/\"]}]},{\"@type\":\"ImageObject\",\"inLanguage\":\"de\",\"@id\":\"https:\\\/\\\/dianasilver.com\\\/de\\\/termek\\\/perlenbesetzte-silberne-ohrstecker-mit-anhaenger-mit-weissem-stein-2\\\/#primaryimage\",\"url\":\"https:\\\/\\\/dianasilver.com\\\/wp-content\\\/uploads\\\/2022\\\/08\\\/feher-koves-gyongyos-ezust-stekkeres-logos-fulbevalo-medallal-3038.jpg\",\"contentUrl\":\"https:\\\/\\\/dianasilver.com\\\/wp-content\\\/uploads\\\/2022\\\/08\\\/feher-koves-gyongyos-ezust-stekkeres-logos-fulbevalo-medallal-3038.jpg\",\"width\":800,\"height\":800},{\"@type\":\"BreadcrumbList\",\"@id\":\"https:\\\/\\\/dianasilver.com\\\/de\\\/termek\\\/perlenbesetzte-silberne-ohrstecker-mit-anhaenger-mit-weissem-stein-2\\\/#breadcrumb\",\"itemListElement\":[{\"@type\":\"ListItem\",\"position\":1,\"name\":\"Kezd\u0151lap\",\"item\":\"https:\\\/\\\/dianasilver.com\\\/de\\\/diana-silver-silberschmuck-webshop\\\/\"},{\"@type\":\"ListItem\",\"position\":2,\"name\":\"Shop\",\"item\":\"https:\\\/\\\/dianasilver.com\\\/de\\\/shop\\\/\"},{\"@type\":\"ListItem\",\"position\":3,\"name\":\"Perlenbesetzte silberne Ohrstecker mit Anh\u00e4nger mit wei\u00dfem Stein\"}]},{\"@type\":\"WebSite\",\"@id\":\"https:\\\/\\\/dianasilver.com\\\/de\\\/#website\",\"url\":\"https:\\\/\\\/dianasilver.com\\\/de\\\/\",\"name\":\"Diana Silver\",\"description\":\"Tedd t\u00f6k\u00e9letesebb\u00e9 mindennapjaid a Diana Silver \u00e9kszereivel.\",\"publisher\":{\"@id\":\"https:\\\/\\\/dianasilver.com\\\/de\\\/#organization\"},\"alternateName\":\"Ez\u00fcst \u00c9kszer Web\u00e1ruh\u00e1z\",\"potentialAction\":[{\"@type\":\"SearchAction\",\"target\":{\"@type\":\"EntryPoint\",\"urlTemplate\":\"https:\\\/\\\/dianasilver.com\\\/de\\\/?s={search_term_string}\"},\"query-input\":{\"@type\":\"PropertyValueSpecification\",\"valueRequired\":true,\"valueName\":\"search_term_string\"}}],\"inLanguage\":\"de\"},{\"@type\":\"Organization\",\"@id\":\"https:\\\/\\\/dianasilver.com\\\/de\\\/#organization\",\"name\":\"Diana Silver\",\"url\":\"https:\\\/\\\/dianasilver.com\\\/de\\\/\",\"logo\":{\"@type\":\"ImageObject\",\"inLanguage\":\"de\",\"@id\":\"https:\\\/\\\/dianasilver.com\\\/de\\\/#\\\/schema\\\/logo\\\/image\\\/\",\"url\":\"https:\\\/\\\/dianasilver.com\\\/wp-content\\\/uploads\\\/2022\\\/08\\\/ezust-feher-1-koves-buttonos-stekkeres-fulbevalo-42.webp\",\"contentUrl\":\"https:\\\/\\\/dianasilver.com\\\/wp-content\\\/uploads\\\/2022\\\/08\\\/ezust-feher-1-koves-buttonos-stekkeres-fulbevalo-42.webp\",\"width\":300,\"height\":154,\"caption\":\"Diana Silver\"},\"image\":{\"@id\":\"https:\\\/\\\/dianasilver.com\\\/de\\\/#\\\/schema\\\/logo\\\/image\\\/\"},\"sameAs\":[\"https:\\\/\\\/www.facebook.com\\\/profile.php?id=100027231325117\"]}]}<\/script>\n<!-- \/ Yoast SEO plugin. -->","yoast_head_json":{"title":"Perlenbesetzte silberne Ohrstecker mit Anh\u00e4nger mit wei\u00dfem Stein | Diana Silver","description":"Fedezd fel a leny\u0171g\u00f6z\u0151 Perlenbesetzte silberne Ohrstecker mit Anh\u00e4nger mit wei\u00dfem Stein \u00e9kszer\u00fcnket. T\u00f6k\u00e9letes kieg\u00e9sz\u00edt\u0151 mindennapi viselethez \u00e9s k\u00fcl\u00f6nleges alkalmakra egyar\u00e1nt. Rendeld meg most!","robots":{"index":"index","follow":"follow","max-snippet":"max-snippet:-1","max-image-preview":"max-image-preview:large","max-video-preview":"max-video-preview:-1"},"canonical":"https:\/\/dianasilver.com\/de\/termek\/perlenbesetzte-silberne-ohrstecker-mit-anhaenger-mit-weissem-stein-2\/","og_locale":"de_DE","og_type":"article","og_title":"Perlenbesetzte silberne Ohrstecker mit Anh\u00e4nger mit wei\u00dfem Stein | Diana Silver","og_description":"Fedezd fel a leny\u0171g\u00f6z\u0151 Perlenbesetzte silberne Ohrstecker mit Anh\u00e4nger mit wei\u00dfem Stein \u00e9kszer\u00fcnket. T\u00f6k\u00e9letes kieg\u00e9sz\u00edt\u0151 mindennapi viselethez \u00e9s k\u00fcl\u00f6nleges alkalmakra egyar\u00e1nt. Rendeld meg most!","og_url":"https:\/\/dianasilver.com\/de\/termek\/perlenbesetzte-silberne-ohrstecker-mit-anhaenger-mit-weissem-stein-2\/","og_site_name":"Diana Silver","article_publisher":"https:\/\/www.facebook.com\/profile.php?id=100027231325117","article_modified_time":"2026-01-16T16:48:01+00:00","og_image":[{"width":800,"height":800,"url":"https:\/\/dianasilver.com\/wp-content\/uploads\/2022\/08\/feher-koves-gyongyos-ezust-stekkeres-logos-fulbevalo-medallal-3038.jpg","type":"image\/jpeg"}],"twitter_card":"summary_large_image","twitter_misc":{"Gesch\u00e4tzte Lesezeit":"1\u00a0Minute"},"schema":{"@context":"https:\/\/schema.org","@graph":[{"@type":"WebPage","@id":"https:\/\/dianasilver.com\/de\/termek\/perlenbesetzte-silberne-ohrstecker-mit-anhaenger-mit-weissem-stein-2\/","url":"https:\/\/dianasilver.com\/de\/termek\/perlenbesetzte-silberne-ohrstecker-mit-anhaenger-mit-weissem-stein-2\/","name":"Perlenbesetzte silberne Ohrstecker mit Anh\u00e4nger mit wei\u00dfem Stein | Diana Silver","isPartOf":{"@id":"https:\/\/dianasilver.com\/de\/#website"},"primaryImageOfPage":{"@id":"https:\/\/dianasilver.com\/de\/termek\/perlenbesetzte-silberne-ohrstecker-mit-anhaenger-mit-weissem-stein-2\/#primaryimage"},"image":{"@id":"https:\/\/dianasilver.com\/de\/termek\/perlenbesetzte-silberne-ohrstecker-mit-anhaenger-mit-weissem-stein-2\/#primaryimage"},"thumbnailUrl":"https:\/\/dianasilver.com\/wp-content\/uploads\/2022\/08\/feher-koves-gyongyos-ezust-stekkeres-logos-fulbevalo-medallal-3038.jpg","datePublished":"2022-08-31T12:38:34+00:00","dateModified":"2026-01-16T16:48:01+00:00","description":"Fedezd fel a leny\u0171g\u00f6z\u0151 Perlenbesetzte silberne Ohrstecker mit Anh\u00e4nger mit wei\u00dfem Stein \u00e9kszer\u00fcnket. T\u00f6k\u00e9letes kieg\u00e9sz\u00edt\u0151 mindennapi viselethez \u00e9s k\u00fcl\u00f6nleges alkalmakra egyar\u00e1nt. Rendeld meg most!","breadcrumb":{"@id":"https:\/\/dianasilver.com\/de\/termek\/perlenbesetzte-silberne-ohrstecker-mit-anhaenger-mit-weissem-stein-2\/#breadcrumb"},"inLanguage":"de","potentialAction":[{"@type":"ReadAction","target":["https:\/\/dianasilver.com\/de\/termek\/perlenbesetzte-silberne-ohrstecker-mit-anhaenger-mit-weissem-stein-2\/"]}]},{"@type":"ImageObject","inLanguage":"de","@id":"https:\/\/dianasilver.com\/de\/termek\/perlenbesetzte-silberne-ohrstecker-mit-anhaenger-mit-weissem-stein-2\/#primaryimage","url":"https:\/\/dianasilver.com\/wp-content\/uploads\/2022\/08\/feher-koves-gyongyos-ezust-stekkeres-logos-fulbevalo-medallal-3038.jpg","contentUrl":"https:\/\/dianasilver.com\/wp-content\/uploads\/2022\/08\/feher-koves-gyongyos-ezust-stekkeres-logos-fulbevalo-medallal-3038.jpg","width":800,"height":800},{"@type":"BreadcrumbList","@id":"https:\/\/dianasilver.com\/de\/termek\/perlenbesetzte-silberne-ohrstecker-mit-anhaenger-mit-weissem-stein-2\/#breadcrumb","itemListElement":[{"@type":"ListItem","position":1,"name":"Kezd\u0151lap","item":"https:\/\/dianasilver.com\/de\/diana-silver-silberschmuck-webshop\/"},{"@type":"ListItem","position":2,"name":"Shop","item":"https:\/\/dianasilver.com\/de\/shop\/"},{"@type":"ListItem","position":3,"name":"Perlenbesetzte silberne Ohrstecker mit Anh\u00e4nger mit wei\u00dfem Stein"}]},{"@type":"WebSite","@id":"https:\/\/dianasilver.com\/de\/#website","url":"https:\/\/dianasilver.com\/de\/","name":"Diana Silver","description":"Tedd t\u00f6k\u00e9letesebb\u00e9 mindennapjaid a Diana Silver \u00e9kszereivel.","publisher":{"@id":"https:\/\/dianasilver.com\/de\/#organization"},"alternateName":"Ez\u00fcst \u00c9kszer Web\u00e1ruh\u00e1z","potentialAction":[{"@type":"SearchAction","target":{"@type":"EntryPoint","urlTemplate":"https:\/\/dianasilver.com\/de\/?s={search_term_string}"},"query-input":{"@type":"PropertyValueSpecification","valueRequired":true,"valueName":"search_term_string"}}],"inLanguage":"de"},{"@type":"Organization","@id":"https:\/\/dianasilver.com\/de\/#organization","name":"Diana Silver","url":"https:\/\/dianasilver.com\/de\/","logo":{"@type":"ImageObject","inLanguage":"de","@id":"https:\/\/dianasilver.com\/de\/#\/schema\/logo\/image\/","url":"https:\/\/dianasilver.com\/wp-content\/uploads\/2022\/08\/ezust-feher-1-koves-buttonos-stekkeres-fulbevalo-42.webp","contentUrl":"https:\/\/dianasilver.com\/wp-content\/uploads\/2022\/08\/ezust-feher-1-koves-buttonos-stekkeres-fulbevalo-42.webp","width":300,"height":154,"caption":"Diana Silver"},"image":{"@id":"https:\/\/dianasilver.com\/de\/#\/schema\/logo\/image\/"},"sameAs":["https:\/\/www.facebook.com\/profile.php?id=100027231325117"]}]}},"_links":{"self":[{"href":"https:\/\/dianasilver.com\/de\/wp-json\/wp\/v2\/product\/112885","targetHints":{"allow":["GET"]}}],"collection":[{"href":"https:\/\/dianasilver.com\/de\/wp-json\/wp\/v2\/product"}],"about":[{"href":"https:\/\/dianasilver.com\/de\/wp-json\/wp\/v2\/types\/product"}],"version-history":[{"count":0,"href":"https:\/\/dianasilver.com\/de\/wp-json\/wp\/v2\/product\/112885\/revisions"}],"wp:featuredmedia":[{"embeddable":true,"href":"https:\/\/dianasilver.com\/de\/wp-json\/wp\/v2\/media\/97608"}],"wp:attachment":[{"href":"https:\/\/dianasilver.com\/de\/wp-json\/wp\/v2\/media?parent=112885"}],"wp:term":[{"taxonomy":"product_brand","embeddable":true,"href":"https:\/\/dianasilver.com\/de\/wp-json\/wp\/v2\/product_brand?post=112885"},{"taxonomy":"product_cat","embeddable":true,"href":"https:\/\/dianasilver.com\/de\/wp-json\/wp\/v2\/product_cat?post=112885"},{"taxonomy":"product_tag","embeddable":true,"href":"https:\/\/dianasilver.com\/de\/wp-json\/wp\/v2\/product_tag?post=112885"}],"curies":[{"name":"wp","href":"https:\/\/api.w.org\/{rel}","templated":true}]}}