{"id":112822,"date":"2022-08-31T13:21:49","date_gmt":"2022-08-31T11:21:49","guid":{"rendered":"https:\/\/dianasilver.hu\/termek\/silberne-kette-mit-weissem-steinring-und-integriertem-anhaenger\/"},"modified":"2026-01-16T17:50:47","modified_gmt":"2026-01-16T16:50:47","slug":"silberne-kette-mit-weissem-steinring-und-integriertem-anhaenger","status":"publish","type":"product","link":"https:\/\/dianasilver.com\/de\/termek\/silberne-kette-mit-weissem-steinring-und-integriertem-anhaenger\/","title":{"rendered":"Silberne Kette mit wei\u00dfem Steinring und integriertem Anh\u00e4nger"},"content":{"rendered":"<h2 data-start=\"274\" data-end=\"389\">\ud83d\udc8e <strong data-start=\"310\" data-end=\"387\">Silberkette mit wei\u00dfem Steinkreis mit integriertem Anh\u00e4nger &#8211; das ewige Symbol des Kreises<\/strong><\/h2>\n<p data-start=\"391\" data-end=\"812\">Diese <strong data-start=\"396\" data-end=\"433\">minimalistische und elegante Silberkette<\/strong> verf\u00fcgt \u00fcber einen integrierten <strong data-start=\"444\" data-end=\"469\">Anh\u00e4nger in Form eines Reifs<\/strong>, der mit zart funkelnden <strong data-start=\"504\" data-end=\"528\">wei\u00dfen Zirkoniasteinen<\/strong> verziert ist. Die <strong data-start=\"543\" data-end=\"559\">Reifform<\/strong> ist ein Symbol f\u00fcr Ewigkeit und Einheit, der perfekte Ausdruck von raffiniertem Geschmack. Das <strong data-start=\"649\" data-end=\"675\">Basismaterial AG 925 Silber<\/strong> und die <strong data-start=\"681\" data-end=\"699\">Rhodiumbeschichtung<\/strong> sorgen f\u00fcr die Langlebigkeit des Schmucks, sch\u00fctzen vor Verf\u00e4rbungen und erhalten den Glanz \u00fcber die Zeit.<\/p>\n<p data-start=\"814\" data-end=\"856\">\ud83d\udcab <strong data-start=\"817\" data-end=\"854\">Was symbolisiert das Reifmotiv?<\/strong><\/p>\n<ul data-start=\"857\" data-end=\"1044\">\n<li data-start=\"857\" data-end=\"905\">Ein Symbol f\u00fcr <strong data-start=\"859\" data-end=\"894\">Ewigkeit und Vollst\u00e4ndigkeit<\/strong>.<\/li>\n<li data-start=\"906\" data-end=\"956\">Die Verk\u00f6rperung von <strong data-start=\"908\" data-end=\"938\">Gleichgewicht und Harmonie<\/strong>.<\/li>\n<li data-start=\"957\" data-end=\"1044\">Es ist <strong data-start=\"959\" data-end=\"994\">ein Symbol f\u00fcr den unendlichen Kreislauf<\/strong>, der in jeder Situation des Lebens von Bedeutung ist.<\/li>\n<\/ul>\n<p data-start=\"1046\" data-end=\"1083\">\u2728 <strong data-start=\"1048\" data-end=\"1081\">Warum diesen Schmuck w\u00e4hlen?<\/strong><\/p>\n<ul data-start=\"1084\" data-end=\"1372\">\n<li data-start=\"1084\" data-end=\"1169\"><strong data-start=\"1086\" data-end=\"1106\">Premiumqualit\u00e4t:<\/strong> <strong data-start=\"1107\" data-end=\"1142\">AG 925 Silber mit Rhodiumbeschichtung<\/strong> f\u00fcr lang anhaltenden Glanz.<\/li>\n<li data-start=\"1170\" data-end=\"1228\"><strong data-start=\"1172\" data-end=\"1197\">Elegante Reifform:<\/strong> klares und modernes Design.<\/li>\n<li data-start=\"1229\" data-end=\"1299\"><strong data-start=\"1231\" data-end=\"1265\">Funkelnde wei\u00dfe Zirkoniasteine:<\/strong> ein subtiler Glanz f\u00fcr den t\u00e4glichen Gebrauch.<\/li>\n<li data-start=\"1300\" data-end=\"1372\"><strong data-start=\"1302\" data-end=\"1322\">Eingebauter Anh\u00e4nger:<\/strong> Bequem zu tragen und bleibt immer an seinem Platz.<\/li>\n<\/ul>\n<p data-start=\"1374\" data-end=\"1548\">\ud83c\udf81 Das <strong data-start=\"1377\" data-end=\"1430\">perfekte Geschenk f\u00fcr einen besonderen Menschen!<\/strong><br data-start=\"1430\" data-end=\"1433\">Diese silberne Halskette ist die perfekte Kombination aus Schlichtheit und moderner Eleganz, perfekt f\u00fcr jeden Anlass.<\/p>\n<p data-start=\"1550\" data-end=\"1616\" data-is-last-node=\"\">\ud83d\udcab <strong data-start=\"1553\" data-end=\"1614\">Bestellen Sie jetzt und tragen Sie das Symbol der Ewigkeit!<\/strong> \u2728<\/p>\n","protected":false},"excerpt":{"rendered":"<p>\ud83d\udc8e <strong data-start=\"35\" data-end=\"127\">Silberkette mit wei\u00dfem Ringanh\u00e4nger &#8211; moderne Eleganz in einem einzigen Schmuckst\u00fcck<\/strong><br data-start=\"127\" data-end=\"130\">Das raffinierte <strong data-start=\"143\" data-end=\"161\">Ringmotiv<\/strong>, das mit strahlend wei\u00dfen Zirkoniasteinen verziert ist, ist die perfekte Kombination aus Schlichtheit und zeitlosem Stil.<\/p>\n","protected":false},"featured_media":96428,"template":"","meta":{"_acf_changed":false},"product_brand":[],"product_cat":[679],"product_tag":[527],"class_list":{"0":"post-112822","1":"product","2":"type-product","3":"status-publish","4":"has-post-thumbnail","6":"product_cat-silberne-halskette-mit-anhanger","7":"product_tag-silberschmuck-fur-damen","8":"description-off","10":"first","11":"instock","12":"taxable","13":"shipping-taxable","14":"purchasable","15":"product-type-simple"},"acf":[],"yoast_head":"<!-- This site is optimized with the Yoast SEO plugin v27.4 - https:\/\/yoast.com\/product\/yoast-seo-wordpress\/ -->\n<title>Silberne Kette mit wei\u00dfem Steinring und integriertem Anh\u00e4nger | Diana Silver<\/title>\n<meta name=\"description\" content=\"Fedezd fel a leny\u0171g\u00f6z\u0151 Silberne Kette mit wei\u00dfem Steinring und integriertem Anh\u00e4nger \u00e9kszer\u00fcnket. T\u00f6k\u00e9letes kieg\u00e9sz\u00edt\u0151 mindennapi viselethez \u00e9s k\u00fcl\u00f6nleges alkalmakra egyar\u00e1nt. Rendeld meg most!\" \/>\n<meta name=\"robots\" content=\"index, follow, max-snippet:-1, max-image-preview:large, max-video-preview:-1\" \/>\n<link rel=\"canonical\" href=\"https:\/\/dianasilver.com\/de\/termek\/silberne-kette-mit-weissem-steinring-und-integriertem-anhaenger\/\" \/>\n<meta property=\"og:locale\" content=\"de_DE\" \/>\n<meta property=\"og:type\" content=\"article\" \/>\n<meta property=\"og:title\" content=\"Silberne Kette mit wei\u00dfem Steinring und integriertem Anh\u00e4nger | Diana Silver\" \/>\n<meta property=\"og:description\" content=\"Fedezd fel a leny\u0171g\u00f6z\u0151 Silberne Kette mit wei\u00dfem Steinring und integriertem Anh\u00e4nger \u00e9kszer\u00fcnket. T\u00f6k\u00e9letes kieg\u00e9sz\u00edt\u0151 mindennapi viselethez \u00e9s k\u00fcl\u00f6nleges alkalmakra egyar\u00e1nt. Rendeld meg most!\" \/>\n<meta property=\"og:url\" content=\"https:\/\/dianasilver.com\/de\/termek\/silberne-kette-mit-weissem-steinring-und-integriertem-anhaenger\/\" \/>\n<meta property=\"og:site_name\" content=\"Diana Silver\" \/>\n<meta property=\"article:publisher\" content=\"https:\/\/www.facebook.com\/profile.php?id=100027231325117\" \/>\n<meta property=\"article:modified_time\" content=\"2026-01-16T16:50:47+00:00\" \/>\n<meta property=\"og:image\" content=\"https:\/\/dianasilver.com\/wp-content\/uploads\/2022\/08\/ezust-lanc-feher-koves-karikas-beepitett-medallal-1939.jpg\" \/>\n\t<meta property=\"og:image:width\" content=\"800\" \/>\n\t<meta property=\"og:image:height\" content=\"800\" \/>\n\t<meta property=\"og:image:type\" content=\"image\/jpeg\" \/>\n<meta name=\"twitter:card\" content=\"summary_large_image\" \/>\n<meta name=\"twitter:label1\" content=\"Gesch\u00e4tzte Lesezeit\" \/>\n\t<meta name=\"twitter:data1\" content=\"1\u00a0Minute\" \/>\n<script type=\"application\/ld+json\" class=\"yoast-schema-graph\">{\"@context\":\"https:\\\/\\\/schema.org\",\"@graph\":[{\"@type\":\"WebPage\",\"@id\":\"https:\\\/\\\/dianasilver.com\\\/de\\\/termek\\\/silberne-kette-mit-weissem-steinring-und-integriertem-anhaenger\\\/\",\"url\":\"https:\\\/\\\/dianasilver.com\\\/de\\\/termek\\\/silberne-kette-mit-weissem-steinring-und-integriertem-anhaenger\\\/\",\"name\":\"Silberne Kette mit wei\u00dfem Steinring und integriertem Anh\u00e4nger | Diana Silver\",\"isPartOf\":{\"@id\":\"https:\\\/\\\/dianasilver.com\\\/de\\\/#website\"},\"primaryImageOfPage\":{\"@id\":\"https:\\\/\\\/dianasilver.com\\\/de\\\/termek\\\/silberne-kette-mit-weissem-steinring-und-integriertem-anhaenger\\\/#primaryimage\"},\"image\":{\"@id\":\"https:\\\/\\\/dianasilver.com\\\/de\\\/termek\\\/silberne-kette-mit-weissem-steinring-und-integriertem-anhaenger\\\/#primaryimage\"},\"thumbnailUrl\":\"https:\\\/\\\/dianasilver.com\\\/wp-content\\\/uploads\\\/2022\\\/08\\\/ezust-lanc-feher-koves-karikas-beepitett-medallal-1939.jpg\",\"datePublished\":\"2022-08-31T11:21:49+00:00\",\"dateModified\":\"2026-01-16T16:50:47+00:00\",\"description\":\"Fedezd fel a leny\u0171g\u00f6z\u0151 Silberne Kette mit wei\u00dfem Steinring und integriertem Anh\u00e4nger \u00e9kszer\u00fcnket. T\u00f6k\u00e9letes kieg\u00e9sz\u00edt\u0151 mindennapi viselethez \u00e9s k\u00fcl\u00f6nleges alkalmakra egyar\u00e1nt. Rendeld meg most!\",\"breadcrumb\":{\"@id\":\"https:\\\/\\\/dianasilver.com\\\/de\\\/termek\\\/silberne-kette-mit-weissem-steinring-und-integriertem-anhaenger\\\/#breadcrumb\"},\"inLanguage\":\"de\",\"potentialAction\":[{\"@type\":\"ReadAction\",\"target\":[\"https:\\\/\\\/dianasilver.com\\\/de\\\/termek\\\/silberne-kette-mit-weissem-steinring-und-integriertem-anhaenger\\\/\"]}]},{\"@type\":\"ImageObject\",\"inLanguage\":\"de\",\"@id\":\"https:\\\/\\\/dianasilver.com\\\/de\\\/termek\\\/silberne-kette-mit-weissem-steinring-und-integriertem-anhaenger\\\/#primaryimage\",\"url\":\"https:\\\/\\\/dianasilver.com\\\/wp-content\\\/uploads\\\/2022\\\/08\\\/ezust-lanc-feher-koves-karikas-beepitett-medallal-1939.jpg\",\"contentUrl\":\"https:\\\/\\\/dianasilver.com\\\/wp-content\\\/uploads\\\/2022\\\/08\\\/ezust-lanc-feher-koves-karikas-beepitett-medallal-1939.jpg\",\"width\":800,\"height\":800},{\"@type\":\"BreadcrumbList\",\"@id\":\"https:\\\/\\\/dianasilver.com\\\/de\\\/termek\\\/silberne-kette-mit-weissem-steinring-und-integriertem-anhaenger\\\/#breadcrumb\",\"itemListElement\":[{\"@type\":\"ListItem\",\"position\":1,\"name\":\"Kezd\u0151lap\",\"item\":\"https:\\\/\\\/dianasilver.com\\\/de\\\/diana-silver-silberschmuck-webshop\\\/\"},{\"@type\":\"ListItem\",\"position\":2,\"name\":\"Shop\",\"item\":\"https:\\\/\\\/dianasilver.com\\\/de\\\/shop\\\/\"},{\"@type\":\"ListItem\",\"position\":3,\"name\":\"Silberne Kette mit wei\u00dfem Steinring und integriertem Anh\u00e4nger\"}]},{\"@type\":\"WebSite\",\"@id\":\"https:\\\/\\\/dianasilver.com\\\/de\\\/#website\",\"url\":\"https:\\\/\\\/dianasilver.com\\\/de\\\/\",\"name\":\"Diana Silver\",\"description\":\"Tedd t\u00f6k\u00e9letesebb\u00e9 mindennapjaid a Diana Silver \u00e9kszereivel.\",\"publisher\":{\"@id\":\"https:\\\/\\\/dianasilver.com\\\/de\\\/#organization\"},\"alternateName\":\"Ez\u00fcst \u00c9kszer Web\u00e1ruh\u00e1z\",\"potentialAction\":[{\"@type\":\"SearchAction\",\"target\":{\"@type\":\"EntryPoint\",\"urlTemplate\":\"https:\\\/\\\/dianasilver.com\\\/de\\\/?s={search_term_string}\"},\"query-input\":{\"@type\":\"PropertyValueSpecification\",\"valueRequired\":true,\"valueName\":\"search_term_string\"}}],\"inLanguage\":\"de\"},{\"@type\":\"Organization\",\"@id\":\"https:\\\/\\\/dianasilver.com\\\/de\\\/#organization\",\"name\":\"Diana Silver\",\"url\":\"https:\\\/\\\/dianasilver.com\\\/de\\\/\",\"logo\":{\"@type\":\"ImageObject\",\"inLanguage\":\"de\",\"@id\":\"https:\\\/\\\/dianasilver.com\\\/de\\\/#\\\/schema\\\/logo\\\/image\\\/\",\"url\":\"https:\\\/\\\/dianasilver.com\\\/wp-content\\\/uploads\\\/2022\\\/08\\\/ezust-feher-1-koves-buttonos-stekkeres-fulbevalo-42.webp\",\"contentUrl\":\"https:\\\/\\\/dianasilver.com\\\/wp-content\\\/uploads\\\/2022\\\/08\\\/ezust-feher-1-koves-buttonos-stekkeres-fulbevalo-42.webp\",\"width\":300,\"height\":154,\"caption\":\"Diana Silver\"},\"image\":{\"@id\":\"https:\\\/\\\/dianasilver.com\\\/de\\\/#\\\/schema\\\/logo\\\/image\\\/\"},\"sameAs\":[\"https:\\\/\\\/www.facebook.com\\\/profile.php?id=100027231325117\"]}]}<\/script>\n<!-- \/ Yoast SEO plugin. -->","yoast_head_json":{"title":"Silberne Kette mit wei\u00dfem Steinring und integriertem Anh\u00e4nger | Diana Silver","description":"Fedezd fel a leny\u0171g\u00f6z\u0151 Silberne Kette mit wei\u00dfem Steinring und integriertem Anh\u00e4nger \u00e9kszer\u00fcnket. T\u00f6k\u00e9letes kieg\u00e9sz\u00edt\u0151 mindennapi viselethez \u00e9s k\u00fcl\u00f6nleges alkalmakra egyar\u00e1nt. Rendeld meg most!","robots":{"index":"index","follow":"follow","max-snippet":"max-snippet:-1","max-image-preview":"max-image-preview:large","max-video-preview":"max-video-preview:-1"},"canonical":"https:\/\/dianasilver.com\/de\/termek\/silberne-kette-mit-weissem-steinring-und-integriertem-anhaenger\/","og_locale":"de_DE","og_type":"article","og_title":"Silberne Kette mit wei\u00dfem Steinring und integriertem Anh\u00e4nger | Diana Silver","og_description":"Fedezd fel a leny\u0171g\u00f6z\u0151 Silberne Kette mit wei\u00dfem Steinring und integriertem Anh\u00e4nger \u00e9kszer\u00fcnket. T\u00f6k\u00e9letes kieg\u00e9sz\u00edt\u0151 mindennapi viselethez \u00e9s k\u00fcl\u00f6nleges alkalmakra egyar\u00e1nt. Rendeld meg most!","og_url":"https:\/\/dianasilver.com\/de\/termek\/silberne-kette-mit-weissem-steinring-und-integriertem-anhaenger\/","og_site_name":"Diana Silver","article_publisher":"https:\/\/www.facebook.com\/profile.php?id=100027231325117","article_modified_time":"2026-01-16T16:50:47+00:00","og_image":[{"width":800,"height":800,"url":"https:\/\/dianasilver.com\/wp-content\/uploads\/2022\/08\/ezust-lanc-feher-koves-karikas-beepitett-medallal-1939.jpg","type":"image\/jpeg"}],"twitter_card":"summary_large_image","twitter_misc":{"Gesch\u00e4tzte Lesezeit":"1\u00a0Minute"},"schema":{"@context":"https:\/\/schema.org","@graph":[{"@type":"WebPage","@id":"https:\/\/dianasilver.com\/de\/termek\/silberne-kette-mit-weissem-steinring-und-integriertem-anhaenger\/","url":"https:\/\/dianasilver.com\/de\/termek\/silberne-kette-mit-weissem-steinring-und-integriertem-anhaenger\/","name":"Silberne Kette mit wei\u00dfem Steinring und integriertem Anh\u00e4nger | Diana Silver","isPartOf":{"@id":"https:\/\/dianasilver.com\/de\/#website"},"primaryImageOfPage":{"@id":"https:\/\/dianasilver.com\/de\/termek\/silberne-kette-mit-weissem-steinring-und-integriertem-anhaenger\/#primaryimage"},"image":{"@id":"https:\/\/dianasilver.com\/de\/termek\/silberne-kette-mit-weissem-steinring-und-integriertem-anhaenger\/#primaryimage"},"thumbnailUrl":"https:\/\/dianasilver.com\/wp-content\/uploads\/2022\/08\/ezust-lanc-feher-koves-karikas-beepitett-medallal-1939.jpg","datePublished":"2022-08-31T11:21:49+00:00","dateModified":"2026-01-16T16:50:47+00:00","description":"Fedezd fel a leny\u0171g\u00f6z\u0151 Silberne Kette mit wei\u00dfem Steinring und integriertem Anh\u00e4nger \u00e9kszer\u00fcnket. T\u00f6k\u00e9letes kieg\u00e9sz\u00edt\u0151 mindennapi viselethez \u00e9s k\u00fcl\u00f6nleges alkalmakra egyar\u00e1nt. Rendeld meg most!","breadcrumb":{"@id":"https:\/\/dianasilver.com\/de\/termek\/silberne-kette-mit-weissem-steinring-und-integriertem-anhaenger\/#breadcrumb"},"inLanguage":"de","potentialAction":[{"@type":"ReadAction","target":["https:\/\/dianasilver.com\/de\/termek\/silberne-kette-mit-weissem-steinring-und-integriertem-anhaenger\/"]}]},{"@type":"ImageObject","inLanguage":"de","@id":"https:\/\/dianasilver.com\/de\/termek\/silberne-kette-mit-weissem-steinring-und-integriertem-anhaenger\/#primaryimage","url":"https:\/\/dianasilver.com\/wp-content\/uploads\/2022\/08\/ezust-lanc-feher-koves-karikas-beepitett-medallal-1939.jpg","contentUrl":"https:\/\/dianasilver.com\/wp-content\/uploads\/2022\/08\/ezust-lanc-feher-koves-karikas-beepitett-medallal-1939.jpg","width":800,"height":800},{"@type":"BreadcrumbList","@id":"https:\/\/dianasilver.com\/de\/termek\/silberne-kette-mit-weissem-steinring-und-integriertem-anhaenger\/#breadcrumb","itemListElement":[{"@type":"ListItem","position":1,"name":"Kezd\u0151lap","item":"https:\/\/dianasilver.com\/de\/diana-silver-silberschmuck-webshop\/"},{"@type":"ListItem","position":2,"name":"Shop","item":"https:\/\/dianasilver.com\/de\/shop\/"},{"@type":"ListItem","position":3,"name":"Silberne Kette mit wei\u00dfem Steinring und integriertem Anh\u00e4nger"}]},{"@type":"WebSite","@id":"https:\/\/dianasilver.com\/de\/#website","url":"https:\/\/dianasilver.com\/de\/","name":"Diana Silver","description":"Tedd t\u00f6k\u00e9letesebb\u00e9 mindennapjaid a Diana Silver \u00e9kszereivel.","publisher":{"@id":"https:\/\/dianasilver.com\/de\/#organization"},"alternateName":"Ez\u00fcst \u00c9kszer Web\u00e1ruh\u00e1z","potentialAction":[{"@type":"SearchAction","target":{"@type":"EntryPoint","urlTemplate":"https:\/\/dianasilver.com\/de\/?s={search_term_string}"},"query-input":{"@type":"PropertyValueSpecification","valueRequired":true,"valueName":"search_term_string"}}],"inLanguage":"de"},{"@type":"Organization","@id":"https:\/\/dianasilver.com\/de\/#organization","name":"Diana Silver","url":"https:\/\/dianasilver.com\/de\/","logo":{"@type":"ImageObject","inLanguage":"de","@id":"https:\/\/dianasilver.com\/de\/#\/schema\/logo\/image\/","url":"https:\/\/dianasilver.com\/wp-content\/uploads\/2022\/08\/ezust-feher-1-koves-buttonos-stekkeres-fulbevalo-42.webp","contentUrl":"https:\/\/dianasilver.com\/wp-content\/uploads\/2022\/08\/ezust-feher-1-koves-buttonos-stekkeres-fulbevalo-42.webp","width":300,"height":154,"caption":"Diana Silver"},"image":{"@id":"https:\/\/dianasilver.com\/de\/#\/schema\/logo\/image\/"},"sameAs":["https:\/\/www.facebook.com\/profile.php?id=100027231325117"]}]}},"_links":{"self":[{"href":"https:\/\/dianasilver.com\/de\/wp-json\/wp\/v2\/product\/112822","targetHints":{"allow":["GET"]}}],"collection":[{"href":"https:\/\/dianasilver.com\/de\/wp-json\/wp\/v2\/product"}],"about":[{"href":"https:\/\/dianasilver.com\/de\/wp-json\/wp\/v2\/types\/product"}],"version-history":[{"count":0,"href":"https:\/\/dianasilver.com\/de\/wp-json\/wp\/v2\/product\/112822\/revisions"}],"wp:featuredmedia":[{"embeddable":true,"href":"https:\/\/dianasilver.com\/de\/wp-json\/wp\/v2\/media\/96428"}],"wp:attachment":[{"href":"https:\/\/dianasilver.com\/de\/wp-json\/wp\/v2\/media?parent=112822"}],"wp:term":[{"taxonomy":"product_brand","embeddable":true,"href":"https:\/\/dianasilver.com\/de\/wp-json\/wp\/v2\/product_brand?post=112822"},{"taxonomy":"product_cat","embeddable":true,"href":"https:\/\/dianasilver.com\/de\/wp-json\/wp\/v2\/product_cat?post=112822"},{"taxonomy":"product_tag","embeddable":true,"href":"https:\/\/dianasilver.com\/de\/wp-json\/wp\/v2\/product_tag?post=112822"}],"curies":[{"name":"wp","href":"https:\/\/api.w.org\/{rel}","templated":true}]}}