{"id":112818,"date":"2022-08-31T13:21:46","date_gmt":"2022-08-31T11:21:46","guid":{"rendered":"https:\/\/dianasilver.hu\/termek\/silberne-wuerfelkette-50cm\/"},"modified":"2026-04-15T01:41:10","modified_gmt":"2026-04-14T23:41:10","slug":"silberne-wuerfelkette-50cm","status":"publish","type":"product","link":"https:\/\/dianasilver.com\/de\/termek\/silberne-wuerfelkette-50cm\/","title":{"rendered":"Silberne W\u00fcrfelkette 50cm"},"content":{"rendered":"<h2 data-start=\"0\" data-end=\"67\"><strong data-start=\"3\" data-end=\"65\">Silberne W\u00fcrfelkette 50 cm &#8211; der Inbegriff von moderner Eleganz<\/strong><\/h2>\n<p data-start=\"69\" data-end=\"396\">Diese elegante und moderne <strong data-start=\"95\" data-end=\"115\">Silberw\u00fcrfelkette<\/strong> <strong data-start=\"132\" data-end=\"159\">ist aus<\/strong> hochwertigem <strong data-start=\"132\" data-end=\"159\">AG 925 Silber gefertigt<\/strong>, das mit seinem nat\u00fcrlichen Glanz und seinem raffinierten Aussehen den Stil der Tr\u00e4gerin unterstreicht. Die geometrische Struktur der <strong data-start=\"247\" data-end=\"301\">fein gearbeiteten und doch charakteristischen kubischen Maschen<\/strong> erzeugt einen eleganten Effekt und sorgt gleichzeitig f\u00fcr einen stabilen und bequemen Sitz.<\/p>\n<p data-start=\"398\" data-end=\"437\">\ud83d\udcab <strong data-start=\"401\" data-end=\"435\">Was symbolisiert die W\u00fcrfelform?<\/strong><\/p>\n<ul data-start=\"438\" data-end=\"664\">\n<li data-start=\"438\" data-end=\"514\"><strong data-start=\"440\" data-end=\"467\">Stabilit\u00e4t und Gleichgewicht<\/strong> &#8211; Der W\u00fcrfel ist ein Symbol f\u00fcr Zuverl\u00e4ssigkeit und St\u00e4rke.<\/li>\n<li data-start=\"515\" data-end=\"585\"><strong data-start=\"517\" data-end=\"548\">Pr\u00e4zision und modernes Design<\/strong> &#8211; Ein stilvolles und zeitloses Schmuckst\u00fcck.<\/li>\n<li data-start=\"586\" data-end=\"664\"><strong data-start=\"588\" data-end=\"607\">Unisex-Kleidung<\/strong> &#8211; Perfekt f\u00fcr M\u00e4nner und Frauen.<\/li>\n<\/ul>\n<p data-start=\"666\" data-end=\"1050\">\u2728 <strong data-start=\"668\" data-end=\"701\">Warum sollten Sie sich f\u00fcr dieses Schmuckst\u00fcck entscheiden?<\/strong><br data-start=\"701\" data-end=\"704\">\u2714 <strong data-start=\"706\" data-end=\"725\">Hochwertige Qualit\u00e4t<\/strong> &#8211; Echtes <strong data-start=\"735\" data-end=\"751\">AG 925 Silber<\/strong>, das seine Sch\u00f6nheit im Laufe der Zeit beibeh\u00e4lt.<br data-start=\"793\" data-end=\"796\">\u2714 <strong data-start=\"798\" data-end=\"829\" data-is-only-node=\"\">Modernes und klares Design<\/strong> &#8211; Eleganter und raffinierter Look f\u00fcr den Alltag.<br data-start=\"881\" data-end=\"884\">\u2714 <strong data-start=\"886\" data-end=\"910\">Vielseitiges Accessoire<\/strong> &#8211; Beeindruckend f\u00fcr sich allein, kann aber auch mit einem Anh\u00e4nger kombiniert werden, um es noch einzigartiger zu machen.<br data-start=\"981\" data-end=\"984\">\u2714 <strong data-start=\"986\" data-end=\"1007\">Bequem zu tragen<\/strong> &#8211; Leichte und dennoch robuste Kettenkonstruktion.<\/p>\n<p data-start=\"1052\" data-end=\"1245\">\ud83c\udf81 <strong data-start=\"1055\" data-end=\"1094\">Das perfekte Geschenk f\u00fcr jeden Anlass!<\/strong><br data-start=\"1094\" data-end=\"1097\">Diese kubische Kette ist allein schon elegant, kann aber mit einem Anh\u00e4nger noch einzigartiger gemacht werden. <strong data-start=\"1180\" data-end=\"1203\">Ein stilvolles Accessoire<\/strong>, das <strong data-start=\"1211\" data-end=\"1234\">zeitlose Eleganz<\/strong> ausstrahlt.<\/p>\n<p data-start=\"1247\" data-end=\"1332\" data-is-last-node=\"\" data-is-only-node=\"\">\ud83d\udcab <strong data-start=\"1250\" data-end=\"1330\">Bestellen Sie jetzt und vervollst\u00e4ndigen Sie Ihre Schmuckkollektion mit dieser modernen Kette!<\/strong> \u2728<\/p>\n","protected":false},"excerpt":{"rendered":"<p>\ud83d\udc8e <strong data-start=\"35\" data-end=\"90\">Silberne kubische Kette 50 cm &#8211; klarer, moderner Stil<\/strong><br data-start=\"90\" data-end=\"93\">Eine elegante Kombination aus geometrischen Formen und <strong data-start=\"124\" data-end=\"140\">AG 925 Silber<\/strong>, perfekt f\u00fcr das t\u00e4gliche Tragen oder besondere Anl\u00e4sse.<\/p>\n","protected":false},"featured_media":96334,"template":"","meta":{"_acf_changed":false},"product_brand":[],"product_cat":[675],"product_tag":[527],"class_list":{"0":"post-112818","1":"product","2":"type-product","3":"status-publish","4":"has-post-thumbnail","6":"product_cat-silberne-halskette","7":"product_tag-silberschmuck-fur-damen","8":"description-off","10":"first","11":"instock","12":"taxable","13":"shipping-taxable","14":"purchasable","15":"product-type-simple"},"acf":[],"yoast_head":"<!-- This site is optimized with the Yoast SEO plugin v27.4 - https:\/\/yoast.com\/product\/yoast-seo-wordpress\/ -->\n<title>Silberne W\u00fcrfelkette 50cm | Diana Silver<\/title>\n<meta name=\"description\" content=\"Fedezd fel a leny\u0171g\u00f6z\u0151 Silberne W\u00fcrfelkette 50cm \u00e9kszer\u00fcnket. T\u00f6k\u00e9letes kieg\u00e9sz\u00edt\u0151 mindennapi viselethez \u00e9s k\u00fcl\u00f6nleges alkalmakra egyar\u00e1nt. Rendeld meg most!\" \/>\n<meta name=\"robots\" content=\"index, follow, max-snippet:-1, max-image-preview:large, max-video-preview:-1\" \/>\n<link rel=\"canonical\" href=\"https:\/\/dianasilver.com\/de\/termek\/silberne-wuerfelkette-50cm\/\" \/>\n<meta property=\"og:locale\" content=\"de_DE\" \/>\n<meta property=\"og:type\" content=\"article\" \/>\n<meta property=\"og:title\" content=\"Silberne W\u00fcrfelkette 50cm | Diana Silver\" \/>\n<meta property=\"og:description\" content=\"Fedezd fel a leny\u0171g\u00f6z\u0151 Silberne W\u00fcrfelkette 50cm \u00e9kszer\u00fcnket. T\u00f6k\u00e9letes kieg\u00e9sz\u00edt\u0151 mindennapi viselethez \u00e9s k\u00fcl\u00f6nleges alkalmakra egyar\u00e1nt. Rendeld meg most!\" \/>\n<meta property=\"og:url\" content=\"https:\/\/dianasilver.com\/de\/termek\/silberne-wuerfelkette-50cm\/\" \/>\n<meta property=\"og:site_name\" content=\"Diana Silver\" \/>\n<meta property=\"article:publisher\" content=\"https:\/\/www.facebook.com\/profile.php?id=100027231325117\" \/>\n<meta property=\"article:modified_time\" content=\"2026-04-14T23:41:10+00:00\" \/>\n<meta property=\"og:image\" content=\"https:\/\/dianasilver.com\/wp-content\/uploads\/2022\/08\/ezust-kocka-lanc-50cm-1891.jpg\" \/>\n\t<meta property=\"og:image:width\" content=\"800\" \/>\n\t<meta property=\"og:image:height\" content=\"800\" \/>\n\t<meta property=\"og:image:type\" content=\"image\/jpeg\" \/>\n<meta name=\"twitter:card\" content=\"summary_large_image\" \/>\n<meta name=\"twitter:label1\" content=\"Gesch\u00e4tzte Lesezeit\" \/>\n\t<meta name=\"twitter:data1\" content=\"1\u00a0Minute\" \/>\n<script type=\"application\/ld+json\" class=\"yoast-schema-graph\">{\"@context\":\"https:\\\/\\\/schema.org\",\"@graph\":[{\"@type\":\"WebPage\",\"@id\":\"https:\\\/\\\/dianasilver.com\\\/de\\\/termek\\\/silberne-wuerfelkette-50cm\\\/\",\"url\":\"https:\\\/\\\/dianasilver.com\\\/de\\\/termek\\\/silberne-wuerfelkette-50cm\\\/\",\"name\":\"Silberne W\u00fcrfelkette 50cm | Diana Silver\",\"isPartOf\":{\"@id\":\"https:\\\/\\\/dianasilver.com\\\/de\\\/#website\"},\"primaryImageOfPage\":{\"@id\":\"https:\\\/\\\/dianasilver.com\\\/de\\\/termek\\\/silberne-wuerfelkette-50cm\\\/#primaryimage\"},\"image\":{\"@id\":\"https:\\\/\\\/dianasilver.com\\\/de\\\/termek\\\/silberne-wuerfelkette-50cm\\\/#primaryimage\"},\"thumbnailUrl\":\"https:\\\/\\\/dianasilver.com\\\/wp-content\\\/uploads\\\/2022\\\/08\\\/ezust-kocka-lanc-50cm-1891.jpg\",\"datePublished\":\"2022-08-31T11:21:46+00:00\",\"dateModified\":\"2026-04-14T23:41:10+00:00\",\"description\":\"Fedezd fel a leny\u0171g\u00f6z\u0151 Silberne W\u00fcrfelkette 50cm \u00e9kszer\u00fcnket. T\u00f6k\u00e9letes kieg\u00e9sz\u00edt\u0151 mindennapi viselethez \u00e9s k\u00fcl\u00f6nleges alkalmakra egyar\u00e1nt. Rendeld meg most!\",\"breadcrumb\":{\"@id\":\"https:\\\/\\\/dianasilver.com\\\/de\\\/termek\\\/silberne-wuerfelkette-50cm\\\/#breadcrumb\"},\"inLanguage\":\"de\",\"potentialAction\":[{\"@type\":\"ReadAction\",\"target\":[\"https:\\\/\\\/dianasilver.com\\\/de\\\/termek\\\/silberne-wuerfelkette-50cm\\\/\"]}]},{\"@type\":\"ImageObject\",\"inLanguage\":\"de\",\"@id\":\"https:\\\/\\\/dianasilver.com\\\/de\\\/termek\\\/silberne-wuerfelkette-50cm\\\/#primaryimage\",\"url\":\"https:\\\/\\\/dianasilver.com\\\/wp-content\\\/uploads\\\/2022\\\/08\\\/ezust-kocka-lanc-50cm-1891.jpg\",\"contentUrl\":\"https:\\\/\\\/dianasilver.com\\\/wp-content\\\/uploads\\\/2022\\\/08\\\/ezust-kocka-lanc-50cm-1891.jpg\",\"width\":800,\"height\":800},{\"@type\":\"BreadcrumbList\",\"@id\":\"https:\\\/\\\/dianasilver.com\\\/de\\\/termek\\\/silberne-wuerfelkette-50cm\\\/#breadcrumb\",\"itemListElement\":[{\"@type\":\"ListItem\",\"position\":1,\"name\":\"Kezd\u0151lap\",\"item\":\"https:\\\/\\\/dianasilver.com\\\/de\\\/diana-silver-silberschmuck-webshop\\\/\"},{\"@type\":\"ListItem\",\"position\":2,\"name\":\"Shop\",\"item\":\"https:\\\/\\\/dianasilver.com\\\/de\\\/shop\\\/\"},{\"@type\":\"ListItem\",\"position\":3,\"name\":\"Silberne W\u00fcrfelkette 50cm\"}]},{\"@type\":\"WebSite\",\"@id\":\"https:\\\/\\\/dianasilver.com\\\/de\\\/#website\",\"url\":\"https:\\\/\\\/dianasilver.com\\\/de\\\/\",\"name\":\"Diana Silver\",\"description\":\"Tedd t\u00f6k\u00e9letesebb\u00e9 mindennapjaid a Diana Silver \u00e9kszereivel.\",\"publisher\":{\"@id\":\"https:\\\/\\\/dianasilver.com\\\/de\\\/#organization\"},\"alternateName\":\"Ez\u00fcst \u00c9kszer Web\u00e1ruh\u00e1z\",\"potentialAction\":[{\"@type\":\"SearchAction\",\"target\":{\"@type\":\"EntryPoint\",\"urlTemplate\":\"https:\\\/\\\/dianasilver.com\\\/de\\\/?s={search_term_string}\"},\"query-input\":{\"@type\":\"PropertyValueSpecification\",\"valueRequired\":true,\"valueName\":\"search_term_string\"}}],\"inLanguage\":\"de\"},{\"@type\":\"Organization\",\"@id\":\"https:\\\/\\\/dianasilver.com\\\/de\\\/#organization\",\"name\":\"Diana Silver\",\"url\":\"https:\\\/\\\/dianasilver.com\\\/de\\\/\",\"logo\":{\"@type\":\"ImageObject\",\"inLanguage\":\"de\",\"@id\":\"https:\\\/\\\/dianasilver.com\\\/de\\\/#\\\/schema\\\/logo\\\/image\\\/\",\"url\":\"https:\\\/\\\/dianasilver.com\\\/wp-content\\\/uploads\\\/2022\\\/08\\\/ezust-feher-1-koves-buttonos-stekkeres-fulbevalo-42.webp\",\"contentUrl\":\"https:\\\/\\\/dianasilver.com\\\/wp-content\\\/uploads\\\/2022\\\/08\\\/ezust-feher-1-koves-buttonos-stekkeres-fulbevalo-42.webp\",\"width\":300,\"height\":154,\"caption\":\"Diana Silver\"},\"image\":{\"@id\":\"https:\\\/\\\/dianasilver.com\\\/de\\\/#\\\/schema\\\/logo\\\/image\\\/\"},\"sameAs\":[\"https:\\\/\\\/www.facebook.com\\\/profile.php?id=100027231325117\"]}]}<\/script>\n<!-- \/ Yoast SEO plugin. -->","yoast_head_json":{"title":"Silberne W\u00fcrfelkette 50cm | Diana Silver","description":"Fedezd fel a leny\u0171g\u00f6z\u0151 Silberne W\u00fcrfelkette 50cm \u00e9kszer\u00fcnket. T\u00f6k\u00e9letes kieg\u00e9sz\u00edt\u0151 mindennapi viselethez \u00e9s k\u00fcl\u00f6nleges alkalmakra egyar\u00e1nt. Rendeld meg most!","robots":{"index":"index","follow":"follow","max-snippet":"max-snippet:-1","max-image-preview":"max-image-preview:large","max-video-preview":"max-video-preview:-1"},"canonical":"https:\/\/dianasilver.com\/de\/termek\/silberne-wuerfelkette-50cm\/","og_locale":"de_DE","og_type":"article","og_title":"Silberne W\u00fcrfelkette 50cm | Diana Silver","og_description":"Fedezd fel a leny\u0171g\u00f6z\u0151 Silberne W\u00fcrfelkette 50cm \u00e9kszer\u00fcnket. T\u00f6k\u00e9letes kieg\u00e9sz\u00edt\u0151 mindennapi viselethez \u00e9s k\u00fcl\u00f6nleges alkalmakra egyar\u00e1nt. Rendeld meg most!","og_url":"https:\/\/dianasilver.com\/de\/termek\/silberne-wuerfelkette-50cm\/","og_site_name":"Diana Silver","article_publisher":"https:\/\/www.facebook.com\/profile.php?id=100027231325117","article_modified_time":"2026-04-14T23:41:10+00:00","og_image":[{"width":800,"height":800,"url":"https:\/\/dianasilver.com\/wp-content\/uploads\/2022\/08\/ezust-kocka-lanc-50cm-1891.jpg","type":"image\/jpeg"}],"twitter_card":"summary_large_image","twitter_misc":{"Gesch\u00e4tzte Lesezeit":"1\u00a0Minute"},"schema":{"@context":"https:\/\/schema.org","@graph":[{"@type":"WebPage","@id":"https:\/\/dianasilver.com\/de\/termek\/silberne-wuerfelkette-50cm\/","url":"https:\/\/dianasilver.com\/de\/termek\/silberne-wuerfelkette-50cm\/","name":"Silberne W\u00fcrfelkette 50cm | Diana Silver","isPartOf":{"@id":"https:\/\/dianasilver.com\/de\/#website"},"primaryImageOfPage":{"@id":"https:\/\/dianasilver.com\/de\/termek\/silberne-wuerfelkette-50cm\/#primaryimage"},"image":{"@id":"https:\/\/dianasilver.com\/de\/termek\/silberne-wuerfelkette-50cm\/#primaryimage"},"thumbnailUrl":"https:\/\/dianasilver.com\/wp-content\/uploads\/2022\/08\/ezust-kocka-lanc-50cm-1891.jpg","datePublished":"2022-08-31T11:21:46+00:00","dateModified":"2026-04-14T23:41:10+00:00","description":"Fedezd fel a leny\u0171g\u00f6z\u0151 Silberne W\u00fcrfelkette 50cm \u00e9kszer\u00fcnket. T\u00f6k\u00e9letes kieg\u00e9sz\u00edt\u0151 mindennapi viselethez \u00e9s k\u00fcl\u00f6nleges alkalmakra egyar\u00e1nt. Rendeld meg most!","breadcrumb":{"@id":"https:\/\/dianasilver.com\/de\/termek\/silberne-wuerfelkette-50cm\/#breadcrumb"},"inLanguage":"de","potentialAction":[{"@type":"ReadAction","target":["https:\/\/dianasilver.com\/de\/termek\/silberne-wuerfelkette-50cm\/"]}]},{"@type":"ImageObject","inLanguage":"de","@id":"https:\/\/dianasilver.com\/de\/termek\/silberne-wuerfelkette-50cm\/#primaryimage","url":"https:\/\/dianasilver.com\/wp-content\/uploads\/2022\/08\/ezust-kocka-lanc-50cm-1891.jpg","contentUrl":"https:\/\/dianasilver.com\/wp-content\/uploads\/2022\/08\/ezust-kocka-lanc-50cm-1891.jpg","width":800,"height":800},{"@type":"BreadcrumbList","@id":"https:\/\/dianasilver.com\/de\/termek\/silberne-wuerfelkette-50cm\/#breadcrumb","itemListElement":[{"@type":"ListItem","position":1,"name":"Kezd\u0151lap","item":"https:\/\/dianasilver.com\/de\/diana-silver-silberschmuck-webshop\/"},{"@type":"ListItem","position":2,"name":"Shop","item":"https:\/\/dianasilver.com\/de\/shop\/"},{"@type":"ListItem","position":3,"name":"Silberne W\u00fcrfelkette 50cm"}]},{"@type":"WebSite","@id":"https:\/\/dianasilver.com\/de\/#website","url":"https:\/\/dianasilver.com\/de\/","name":"Diana Silver","description":"Tedd t\u00f6k\u00e9letesebb\u00e9 mindennapjaid a Diana Silver \u00e9kszereivel.","publisher":{"@id":"https:\/\/dianasilver.com\/de\/#organization"},"alternateName":"Ez\u00fcst \u00c9kszer Web\u00e1ruh\u00e1z","potentialAction":[{"@type":"SearchAction","target":{"@type":"EntryPoint","urlTemplate":"https:\/\/dianasilver.com\/de\/?s={search_term_string}"},"query-input":{"@type":"PropertyValueSpecification","valueRequired":true,"valueName":"search_term_string"}}],"inLanguage":"de"},{"@type":"Organization","@id":"https:\/\/dianasilver.com\/de\/#organization","name":"Diana Silver","url":"https:\/\/dianasilver.com\/de\/","logo":{"@type":"ImageObject","inLanguage":"de","@id":"https:\/\/dianasilver.com\/de\/#\/schema\/logo\/image\/","url":"https:\/\/dianasilver.com\/wp-content\/uploads\/2022\/08\/ezust-feher-1-koves-buttonos-stekkeres-fulbevalo-42.webp","contentUrl":"https:\/\/dianasilver.com\/wp-content\/uploads\/2022\/08\/ezust-feher-1-koves-buttonos-stekkeres-fulbevalo-42.webp","width":300,"height":154,"caption":"Diana Silver"},"image":{"@id":"https:\/\/dianasilver.com\/de\/#\/schema\/logo\/image\/"},"sameAs":["https:\/\/www.facebook.com\/profile.php?id=100027231325117"]}]}},"_links":{"self":[{"href":"https:\/\/dianasilver.com\/de\/wp-json\/wp\/v2\/product\/112818","targetHints":{"allow":["GET"]}}],"collection":[{"href":"https:\/\/dianasilver.com\/de\/wp-json\/wp\/v2\/product"}],"about":[{"href":"https:\/\/dianasilver.com\/de\/wp-json\/wp\/v2\/types\/product"}],"version-history":[{"count":0,"href":"https:\/\/dianasilver.com\/de\/wp-json\/wp\/v2\/product\/112818\/revisions"}],"wp:featuredmedia":[{"embeddable":true,"href":"https:\/\/dianasilver.com\/de\/wp-json\/wp\/v2\/media\/96334"}],"wp:attachment":[{"href":"https:\/\/dianasilver.com\/de\/wp-json\/wp\/v2\/media?parent=112818"}],"wp:term":[{"taxonomy":"product_brand","embeddable":true,"href":"https:\/\/dianasilver.com\/de\/wp-json\/wp\/v2\/product_brand?post=112818"},{"taxonomy":"product_cat","embeddable":true,"href":"https:\/\/dianasilver.com\/de\/wp-json\/wp\/v2\/product_cat?post=112818"},{"taxonomy":"product_tag","embeddable":true,"href":"https:\/\/dianasilver.com\/de\/wp-json\/wp\/v2\/product_tag?post=112818"}],"curies":[{"name":"wp","href":"https:\/\/api.w.org\/{rel}","templated":true}]}}