{"id":112763,"date":"2022-08-31T13:21:45","date_gmt":"2022-08-31T11:21:45","guid":{"rendered":"https:\/\/dianasilver.hu\/termek\/silberne-kette-barbara-50cm\/"},"modified":"2026-04-15T01:41:10","modified_gmt":"2026-04-14T23:41:10","slug":"silberne-kette-barbara-50cm","status":"publish","type":"product","link":"https:\/\/dianasilver.com\/de\/termek\/silberne-kette-barbara-50cm\/","title":{"rendered":"Silberne Kette Barbara 50cm"},"content":{"rendered":"<h2 data-start=\"0\" data-end=\"73\">\ud83d\udc8e <strong data-start=\"3\" data-end=\"71\">Silberne Kette Barbara 50 cm &#8211; der Inbegriff von purer Eleganz<\/strong><\/h2>\n<p data-start=\"75\" data-end=\"334\">Diese <strong data-start=\"81\" data-end=\"126\">50 cm lange<\/strong> Kette <strong data-start=\"81\" data-end=\"126\">aus 925er Silber von AG<\/strong> ist die perfekte Wahl f\u00fcr den klassischen und modernen Stil. Mit seinem gl\u00e4nzenden Finish und seiner klaren Form ist er ein wirklich elegantes Accessoire, das Sie allein oder mit Ihrem Lieblingsanh\u00e4nger tragen k\u00f6nnen.<\/p>\n<p data-start=\"336\" data-end=\"374\">\u2728 <strong data-start=\"338\" data-end=\"372\">Was symbolisiert die silberne Kette?<\/strong><\/p>\n<ul data-start=\"375\" data-end=\"625\">\n<li data-start=\"375\" data-end=\"455\"><strong data-start=\"380\" data-end=\"389\">Silber<\/strong> steht f\u00fcr Reinheit, innere Weisheit und Kultiviertheit.<\/li>\n<li data-start=\"456\" data-end=\"522\">Die <strong data-start=\"460\" data-end=\"468\">Kette<\/strong> ist ein Symbol f\u00fcr Zugeh\u00f6rigkeit und starke Beziehungen.<\/li>\n<li data-start=\"523\" data-end=\"625\">Die <strong data-start=\"528\" data-end=\"550\">L\u00e4nge von 50 cm<\/strong> erm\u00f6glicht ein universelles Tragen, das bequem um den Hals passt.<\/li>\n<\/ul>\n<p data-start=\"627\" data-end=\"920\">\ud83d\udc96 <strong data-start=\"630\" data-end=\"663\">Warum sollten Sie sich f\u00fcr diesen Schmuck entscheiden?<\/strong><br data-start=\"663\" data-end=\"666\">\u2714 <strong data-start=\"668\" data-end=\"687\">Hochwertige Qualit\u00e4t<\/strong> &#8211; Echtes <strong data-start=\"697\" data-end=\"713\">AG 925 Silber<\/strong>, das im Laufe der Zeit seine Sch\u00f6nheit beh\u00e4lt.<br data-start=\"749\" data-end=\"752\">\u2714 <strong data-start=\"754\" data-end=\"775\" data-is-only-node=\"\">Schlichtes Design<\/strong> &#8211; Klassischer und eleganter Look, der zu jedem Anlass passt.<br data-start=\"845\" data-end=\"848\">\u2714 <strong data-start=\"850\" data-end=\"871\">Vielseitig tragbar<\/strong> &#8211; Kann allein oder mit einem Anh\u00e4nger kombiniert getragen werden.<\/p>\n<p data-start=\"922\" data-end=\"1063\">\ud83c\udf81 <strong data-start=\"925\" data-end=\"961\">Das perfekte Geschenk f\u00fcr Ihre Liebsten!<\/strong><br data-start=\"961\" data-end=\"964\">Diese Silberkette ist ein einzigartiges und raffiniertes Geschenk, das sich f\u00fcr jeden Anlass eignet.<\/p>\n<p data-start=\"1065\" data-end=\"1133\" data-is-last-node=\"\" data-is-only-node=\"\">\u2728 Vervollst\u00e4ndigen <strong data-start=\"1067\" data-end=\"1130\">Sie Ihre Schmucksammlung mit einer stilvollen Silberkette!<\/strong> \ud83d\udc8e<\/p>\n","protected":false},"excerpt":{"rendered":"<p>\ud83d\udc8e <strong data-start=\"23\" data-end=\"91\">Silberkette Barbara 50 cm &#8211; klassische Eleganz f\u00fcr alle Gelegenheiten<\/strong><br data-start=\"91\" data-end=\"94\">Anspruchsvolle und zeitlose <strong data-start=\"117\" data-end=\"138\">Kette aus AG 925 Silber<\/strong>, perfekt allein oder mit einem Anh\u00e4nger getragen. Sie verleiht einen eleganten Look und ihr schlichter Stil passt problemlos zu jedem Outfit. \u2728<\/p>\n","protected":false},"featured_media":96270,"template":"","meta":{"_acf_changed":false},"product_brand":[],"product_cat":[675],"product_tag":[527,575],"class_list":{"0":"post-112763","1":"product","2":"type-product","3":"status-publish","4":"has-post-thumbnail","6":"product_cat-silberne-halskette","7":"product_tag-silberschmuck-fur-damen","8":"product_tag-mannlich","9":"description-off","11":"first","12":"instock","13":"taxable","14":"shipping-taxable","15":"purchasable","16":"product-type-simple"},"acf":[],"yoast_head":"<!-- This site is optimized with the Yoast SEO plugin v27.4 - https:\/\/yoast.com\/product\/yoast-seo-wordpress\/ -->\n<title>Silberne Kette Barbara 50cm | Diana Silver<\/title>\n<meta name=\"description\" content=\"Fedezd fel a leny\u0171g\u00f6z\u0151 Silberne Kette Barbara 50cm \u00e9kszer\u00fcnket. T\u00f6k\u00e9letes kieg\u00e9sz\u00edt\u0151 mindennapi viselethez \u00e9s k\u00fcl\u00f6nleges alkalmakra egyar\u00e1nt. Rendeld meg most!\" \/>\n<meta name=\"robots\" content=\"index, follow, max-snippet:-1, max-image-preview:large, max-video-preview:-1\" \/>\n<link rel=\"canonical\" href=\"https:\/\/dianasilver.com\/de\/termek\/silberne-kette-barbara-50cm\/\" \/>\n<meta property=\"og:locale\" content=\"de_DE\" \/>\n<meta property=\"og:type\" content=\"article\" \/>\n<meta property=\"og:title\" content=\"Silberne Kette Barbara 50cm | Diana Silver\" \/>\n<meta property=\"og:description\" content=\"Fedezd fel a leny\u0171g\u00f6z\u0151 Silberne Kette Barbara 50cm \u00e9kszer\u00fcnket. T\u00f6k\u00e9letes kieg\u00e9sz\u00edt\u0151 mindennapi viselethez \u00e9s k\u00fcl\u00f6nleges alkalmakra egyar\u00e1nt. Rendeld meg most!\" \/>\n<meta property=\"og:url\" content=\"https:\/\/dianasilver.com\/de\/termek\/silberne-kette-barbara-50cm\/\" \/>\n<meta property=\"og:site_name\" content=\"Diana Silver\" \/>\n<meta property=\"article:publisher\" content=\"https:\/\/www.facebook.com\/profile.php?id=100027231325117\" \/>\n<meta property=\"article:modified_time\" content=\"2026-04-14T23:41:10+00:00\" \/>\n<meta property=\"og:image\" content=\"https:\/\/dianasilver.com\/wp-content\/uploads\/2022\/08\/ezust-lanc-barbara-50cm-1858.jpg\" \/>\n\t<meta property=\"og:image:width\" content=\"800\" \/>\n\t<meta property=\"og:image:height\" content=\"800\" \/>\n\t<meta property=\"og:image:type\" content=\"image\/jpeg\" \/>\n<meta name=\"twitter:card\" content=\"summary_large_image\" \/>\n<meta name=\"twitter:label1\" content=\"Gesch\u00e4tzte Lesezeit\" \/>\n\t<meta name=\"twitter:data1\" content=\"1\u00a0Minute\" \/>\n<script type=\"application\/ld+json\" class=\"yoast-schema-graph\">{\"@context\":\"https:\\\/\\\/schema.org\",\"@graph\":[{\"@type\":\"WebPage\",\"@id\":\"https:\\\/\\\/dianasilver.com\\\/de\\\/termek\\\/silberne-kette-barbara-50cm\\\/\",\"url\":\"https:\\\/\\\/dianasilver.com\\\/de\\\/termek\\\/silberne-kette-barbara-50cm\\\/\",\"name\":\"Silberne Kette Barbara 50cm | Diana Silver\",\"isPartOf\":{\"@id\":\"https:\\\/\\\/dianasilver.com\\\/de\\\/#website\"},\"primaryImageOfPage\":{\"@id\":\"https:\\\/\\\/dianasilver.com\\\/de\\\/termek\\\/silberne-kette-barbara-50cm\\\/#primaryimage\"},\"image\":{\"@id\":\"https:\\\/\\\/dianasilver.com\\\/de\\\/termek\\\/silberne-kette-barbara-50cm\\\/#primaryimage\"},\"thumbnailUrl\":\"https:\\\/\\\/dianasilver.com\\\/wp-content\\\/uploads\\\/2022\\\/08\\\/ezust-lanc-barbara-50cm-1858.jpg\",\"datePublished\":\"2022-08-31T11:21:45+00:00\",\"dateModified\":\"2026-04-14T23:41:10+00:00\",\"description\":\"Fedezd fel a leny\u0171g\u00f6z\u0151 Silberne Kette Barbara 50cm \u00e9kszer\u00fcnket. T\u00f6k\u00e9letes kieg\u00e9sz\u00edt\u0151 mindennapi viselethez \u00e9s k\u00fcl\u00f6nleges alkalmakra egyar\u00e1nt. Rendeld meg most!\",\"breadcrumb\":{\"@id\":\"https:\\\/\\\/dianasilver.com\\\/de\\\/termek\\\/silberne-kette-barbara-50cm\\\/#breadcrumb\"},\"inLanguage\":\"de\",\"potentialAction\":[{\"@type\":\"ReadAction\",\"target\":[\"https:\\\/\\\/dianasilver.com\\\/de\\\/termek\\\/silberne-kette-barbara-50cm\\\/\"]}]},{\"@type\":\"ImageObject\",\"inLanguage\":\"de\",\"@id\":\"https:\\\/\\\/dianasilver.com\\\/de\\\/termek\\\/silberne-kette-barbara-50cm\\\/#primaryimage\",\"url\":\"https:\\\/\\\/dianasilver.com\\\/wp-content\\\/uploads\\\/2022\\\/08\\\/ezust-lanc-barbara-50cm-1858.jpg\",\"contentUrl\":\"https:\\\/\\\/dianasilver.com\\\/wp-content\\\/uploads\\\/2022\\\/08\\\/ezust-lanc-barbara-50cm-1858.jpg\",\"width\":800,\"height\":800},{\"@type\":\"BreadcrumbList\",\"@id\":\"https:\\\/\\\/dianasilver.com\\\/de\\\/termek\\\/silberne-kette-barbara-50cm\\\/#breadcrumb\",\"itemListElement\":[{\"@type\":\"ListItem\",\"position\":1,\"name\":\"Kezd\u0151lap\",\"item\":\"https:\\\/\\\/dianasilver.com\\\/de\\\/diana-silver-silberschmuck-webshop\\\/\"},{\"@type\":\"ListItem\",\"position\":2,\"name\":\"Shop\",\"item\":\"https:\\\/\\\/dianasilver.com\\\/de\\\/shop\\\/\"},{\"@type\":\"ListItem\",\"position\":3,\"name\":\"Silberne Kette Barbara 50cm\"}]},{\"@type\":\"WebSite\",\"@id\":\"https:\\\/\\\/dianasilver.com\\\/de\\\/#website\",\"url\":\"https:\\\/\\\/dianasilver.com\\\/de\\\/\",\"name\":\"Diana Silver\",\"description\":\"Tedd t\u00f6k\u00e9letesebb\u00e9 mindennapjaid a Diana Silver \u00e9kszereivel.\",\"publisher\":{\"@id\":\"https:\\\/\\\/dianasilver.com\\\/de\\\/#organization\"},\"alternateName\":\"Ez\u00fcst \u00c9kszer Web\u00e1ruh\u00e1z\",\"potentialAction\":[{\"@type\":\"SearchAction\",\"target\":{\"@type\":\"EntryPoint\",\"urlTemplate\":\"https:\\\/\\\/dianasilver.com\\\/de\\\/?s={search_term_string}\"},\"query-input\":{\"@type\":\"PropertyValueSpecification\",\"valueRequired\":true,\"valueName\":\"search_term_string\"}}],\"inLanguage\":\"de\"},{\"@type\":\"Organization\",\"@id\":\"https:\\\/\\\/dianasilver.com\\\/de\\\/#organization\",\"name\":\"Diana Silver\",\"url\":\"https:\\\/\\\/dianasilver.com\\\/de\\\/\",\"logo\":{\"@type\":\"ImageObject\",\"inLanguage\":\"de\",\"@id\":\"https:\\\/\\\/dianasilver.com\\\/de\\\/#\\\/schema\\\/logo\\\/image\\\/\",\"url\":\"https:\\\/\\\/dianasilver.com\\\/wp-content\\\/uploads\\\/2022\\\/08\\\/ezust-feher-1-koves-buttonos-stekkeres-fulbevalo-42.webp\",\"contentUrl\":\"https:\\\/\\\/dianasilver.com\\\/wp-content\\\/uploads\\\/2022\\\/08\\\/ezust-feher-1-koves-buttonos-stekkeres-fulbevalo-42.webp\",\"width\":300,\"height\":154,\"caption\":\"Diana Silver\"},\"image\":{\"@id\":\"https:\\\/\\\/dianasilver.com\\\/de\\\/#\\\/schema\\\/logo\\\/image\\\/\"},\"sameAs\":[\"https:\\\/\\\/www.facebook.com\\\/profile.php?id=100027231325117\"]}]}<\/script>\n<!-- \/ Yoast SEO plugin. -->","yoast_head_json":{"title":"Silberne Kette Barbara 50cm | Diana Silver","description":"Fedezd fel a leny\u0171g\u00f6z\u0151 Silberne Kette Barbara 50cm \u00e9kszer\u00fcnket. T\u00f6k\u00e9letes kieg\u00e9sz\u00edt\u0151 mindennapi viselethez \u00e9s k\u00fcl\u00f6nleges alkalmakra egyar\u00e1nt. Rendeld meg most!","robots":{"index":"index","follow":"follow","max-snippet":"max-snippet:-1","max-image-preview":"max-image-preview:large","max-video-preview":"max-video-preview:-1"},"canonical":"https:\/\/dianasilver.com\/de\/termek\/silberne-kette-barbara-50cm\/","og_locale":"de_DE","og_type":"article","og_title":"Silberne Kette Barbara 50cm | Diana Silver","og_description":"Fedezd fel a leny\u0171g\u00f6z\u0151 Silberne Kette Barbara 50cm \u00e9kszer\u00fcnket. T\u00f6k\u00e9letes kieg\u00e9sz\u00edt\u0151 mindennapi viselethez \u00e9s k\u00fcl\u00f6nleges alkalmakra egyar\u00e1nt. Rendeld meg most!","og_url":"https:\/\/dianasilver.com\/de\/termek\/silberne-kette-barbara-50cm\/","og_site_name":"Diana Silver","article_publisher":"https:\/\/www.facebook.com\/profile.php?id=100027231325117","article_modified_time":"2026-04-14T23:41:10+00:00","og_image":[{"width":800,"height":800,"url":"https:\/\/dianasilver.com\/wp-content\/uploads\/2022\/08\/ezust-lanc-barbara-50cm-1858.jpg","type":"image\/jpeg"}],"twitter_card":"summary_large_image","twitter_misc":{"Gesch\u00e4tzte Lesezeit":"1\u00a0Minute"},"schema":{"@context":"https:\/\/schema.org","@graph":[{"@type":"WebPage","@id":"https:\/\/dianasilver.com\/de\/termek\/silberne-kette-barbara-50cm\/","url":"https:\/\/dianasilver.com\/de\/termek\/silberne-kette-barbara-50cm\/","name":"Silberne Kette Barbara 50cm | Diana Silver","isPartOf":{"@id":"https:\/\/dianasilver.com\/de\/#website"},"primaryImageOfPage":{"@id":"https:\/\/dianasilver.com\/de\/termek\/silberne-kette-barbara-50cm\/#primaryimage"},"image":{"@id":"https:\/\/dianasilver.com\/de\/termek\/silberne-kette-barbara-50cm\/#primaryimage"},"thumbnailUrl":"https:\/\/dianasilver.com\/wp-content\/uploads\/2022\/08\/ezust-lanc-barbara-50cm-1858.jpg","datePublished":"2022-08-31T11:21:45+00:00","dateModified":"2026-04-14T23:41:10+00:00","description":"Fedezd fel a leny\u0171g\u00f6z\u0151 Silberne Kette Barbara 50cm \u00e9kszer\u00fcnket. T\u00f6k\u00e9letes kieg\u00e9sz\u00edt\u0151 mindennapi viselethez \u00e9s k\u00fcl\u00f6nleges alkalmakra egyar\u00e1nt. Rendeld meg most!","breadcrumb":{"@id":"https:\/\/dianasilver.com\/de\/termek\/silberne-kette-barbara-50cm\/#breadcrumb"},"inLanguage":"de","potentialAction":[{"@type":"ReadAction","target":["https:\/\/dianasilver.com\/de\/termek\/silberne-kette-barbara-50cm\/"]}]},{"@type":"ImageObject","inLanguage":"de","@id":"https:\/\/dianasilver.com\/de\/termek\/silberne-kette-barbara-50cm\/#primaryimage","url":"https:\/\/dianasilver.com\/wp-content\/uploads\/2022\/08\/ezust-lanc-barbara-50cm-1858.jpg","contentUrl":"https:\/\/dianasilver.com\/wp-content\/uploads\/2022\/08\/ezust-lanc-barbara-50cm-1858.jpg","width":800,"height":800},{"@type":"BreadcrumbList","@id":"https:\/\/dianasilver.com\/de\/termek\/silberne-kette-barbara-50cm\/#breadcrumb","itemListElement":[{"@type":"ListItem","position":1,"name":"Kezd\u0151lap","item":"https:\/\/dianasilver.com\/de\/diana-silver-silberschmuck-webshop\/"},{"@type":"ListItem","position":2,"name":"Shop","item":"https:\/\/dianasilver.com\/de\/shop\/"},{"@type":"ListItem","position":3,"name":"Silberne Kette Barbara 50cm"}]},{"@type":"WebSite","@id":"https:\/\/dianasilver.com\/de\/#website","url":"https:\/\/dianasilver.com\/de\/","name":"Diana Silver","description":"Tedd t\u00f6k\u00e9letesebb\u00e9 mindennapjaid a Diana Silver \u00e9kszereivel.","publisher":{"@id":"https:\/\/dianasilver.com\/de\/#organization"},"alternateName":"Ez\u00fcst \u00c9kszer Web\u00e1ruh\u00e1z","potentialAction":[{"@type":"SearchAction","target":{"@type":"EntryPoint","urlTemplate":"https:\/\/dianasilver.com\/de\/?s={search_term_string}"},"query-input":{"@type":"PropertyValueSpecification","valueRequired":true,"valueName":"search_term_string"}}],"inLanguage":"de"},{"@type":"Organization","@id":"https:\/\/dianasilver.com\/de\/#organization","name":"Diana Silver","url":"https:\/\/dianasilver.com\/de\/","logo":{"@type":"ImageObject","inLanguage":"de","@id":"https:\/\/dianasilver.com\/de\/#\/schema\/logo\/image\/","url":"https:\/\/dianasilver.com\/wp-content\/uploads\/2022\/08\/ezust-feher-1-koves-buttonos-stekkeres-fulbevalo-42.webp","contentUrl":"https:\/\/dianasilver.com\/wp-content\/uploads\/2022\/08\/ezust-feher-1-koves-buttonos-stekkeres-fulbevalo-42.webp","width":300,"height":154,"caption":"Diana Silver"},"image":{"@id":"https:\/\/dianasilver.com\/de\/#\/schema\/logo\/image\/"},"sameAs":["https:\/\/www.facebook.com\/profile.php?id=100027231325117"]}]}},"_links":{"self":[{"href":"https:\/\/dianasilver.com\/de\/wp-json\/wp\/v2\/product\/112763","targetHints":{"allow":["GET"]}}],"collection":[{"href":"https:\/\/dianasilver.com\/de\/wp-json\/wp\/v2\/product"}],"about":[{"href":"https:\/\/dianasilver.com\/de\/wp-json\/wp\/v2\/types\/product"}],"version-history":[{"count":0,"href":"https:\/\/dianasilver.com\/de\/wp-json\/wp\/v2\/product\/112763\/revisions"}],"wp:featuredmedia":[{"embeddable":true,"href":"https:\/\/dianasilver.com\/de\/wp-json\/wp\/v2\/media\/96270"}],"wp:attachment":[{"href":"https:\/\/dianasilver.com\/de\/wp-json\/wp\/v2\/media?parent=112763"}],"wp:term":[{"taxonomy":"product_brand","embeddable":true,"href":"https:\/\/dianasilver.com\/de\/wp-json\/wp\/v2\/product_brand?post=112763"},{"taxonomy":"product_cat","embeddable":true,"href":"https:\/\/dianasilver.com\/de\/wp-json\/wp\/v2\/product_cat?post=112763"},{"taxonomy":"product_tag","embeddable":true,"href":"https:\/\/dianasilver.com\/de\/wp-json\/wp\/v2\/product_tag?post=112763"}],"curies":[{"name":"wp","href":"https:\/\/api.w.org\/{rel}","templated":true}]}}