{"id":112739,"date":"2022-08-31T13:21:43","date_gmt":"2022-08-31T11:21:43","guid":{"rendered":"https:\/\/dianasilver.hu\/termek\/silberne-kette-mit-doppelherz-anhaenger-mit-weissem-stein\/"},"modified":"2026-02-20T13:51:28","modified_gmt":"2026-02-20T12:51:28","slug":"silberne-kette-mit-doppelherz-anhaenger-mit-weissem-stein","status":"publish","type":"product","link":"https:\/\/dianasilver.com\/de\/termek\/silberne-kette-mit-doppelherz-anhaenger-mit-weissem-stein\/","title":{"rendered":"Silberne Kette mit Doppelherz-Anh\u00e4nger mit wei\u00dfem Stein"},"content":{"rendered":"<h2 data-start=\"282\" data-end=\"399\">\ud83d\udc8e <strong data-start=\"306\" data-end=\"397\">Silberne Kette mit Doppelherz-Anh\u00e4nger aus wei\u00dfem Stein &#8211; die Verk\u00f6rperung von Liebe und Zweisamkeit<\/strong><\/h2>\n<p data-start=\"401\" data-end=\"727\">Diese <strong data-start=\"407\" data-end=\"443\">Halskette aus 925er Sterlingsilber von AG<\/strong> ist <strong data-start=\"465\" data-end=\"508\">mit zwei ineinandergreifenden herzf\u00f6rmigen Anh\u00e4ngern<\/strong> versehen, die mit strahlend <strong data-start=\"526\" data-end=\"550\">wei\u00dfen Zirkoniasteinen<\/strong> besetzt sind. Die <strong data-start=\"565\" data-end=\"588\">Symbolik der Herzen<\/strong> steht f\u00fcr starke Gef\u00fchle, Loyalit\u00e4t und tiefe Verbundenheit. Die <strong data-start=\"651\" data-end=\"669\">Rhodiumbeschichtung<\/strong> sorgt f\u00fcr Haltbarkeit und lang anhaltenden Glanz.<\/p>\n<p data-start=\"729\" data-end=\"766\">\u2728 <strong data-start=\"731\" data-end=\"764\">Was symbolisiert das Doppelherz?<\/strong><\/p>\n<ul data-start=\"767\" data-end=\"1022\">\n<li data-start=\"767\" data-end=\"847\"><strong data-start=\"769\" data-end=\"786\">Ewige Liebe<\/strong> &#8211; die beiden ineinander verschlungenen Herzen sind ein Symbol der Zweisamkeit.<\/li>\n<li data-start=\"848\" data-end=\"940\"><strong data-start=\"850\" data-end=\"874\">Eine starke emotionale Bindung<\/strong> &#8211; sei es Liebe, Freundschaft oder Familienliebe.<\/li>\n<li data-start=\"941\" data-end=\"1022\"><strong data-start=\"943\" data-end=\"968\">Glamour und Eleganz<\/strong> &#8211; wei\u00dfe Zirkoniasteine verst\u00e4rken den Glanz des Schmucks.<\/li>\n<\/ul>\n<p data-start=\"1024\" data-end=\"1062\">\ud83d\udc9e <strong data-start=\"1027\" data-end=\"1060\">Warum diesen Schmuck w\u00e4hlen?<\/strong><\/p>\n<ul data-start=\"1063\" data-end=\"1408\">\n<li data-start=\"1063\" data-end=\"1153\"><strong data-start=\"1065\" data-end=\"1085\">Premiumqualit\u00e4t:<\/strong> <strong data-start=\"1086\" data-end=\"1102\">AG 925 Silber<\/strong> mit Rhodiumbeschichtung f\u00fcr lang anhaltenden Glanz.<\/li>\n<li data-start=\"1154\" data-end=\"1227\"><strong data-start=\"1156\" data-end=\"1179\">Doppelherzmotiv:<\/strong> ein Symbol f\u00fcr ewige Liebe und Zweisamkeit.<\/li>\n<li data-start=\"1228\" data-end=\"1309\"><strong data-start=\"1230\" data-end=\"1255\">Wei\u00dfe Zirkoniasteine:<\/strong> elegantes, unaufdringliches Funkeln f\u00fcr jeden Anlass.<\/li>\n<li data-start=\"1310\" data-end=\"1408\"><strong data-start=\"1312\" data-end=\"1344\">Leicht und angenehm zu tragen:<\/strong> perfekt f\u00fcr den t\u00e4glichen Gebrauch und besondere Anl\u00e4sse.<\/li>\n<\/ul>\n<p data-start=\"1410\" data-end=\"1615\" data-is-last-node=\"\">\ud83c\udf81 <strong data-start=\"1413\" data-end=\"1449\">Perfektes Geschenk f\u00fcr Ihre Lieben<\/strong><br data-start=\"1449\" data-end=\"1452\">Dieser Schmuck ist die perfekte Wahl <strong data-start=\"1491\" data-end=\"1544\">f\u00fcr Ihren Partner, Familienmitglieder oder enge Freunde<\/strong>, um sich immer an die Liebe und Verbundenheit zwischen Ihnen zu erinnern. \ud83d\udc96\u2728<\/p>\n","protected":false},"excerpt":{"rendered":"<p>\ud83d\udc96 <strong data-start=\"23\" data-end=\"108\">Silberkette mit doppeltem Herzanh\u00e4nger mit wei\u00dfen Steinen &#8211; ein Symbol f\u00fcr Liebe und Zweisamkeit!<\/strong><br data-start=\"108\" data-end=\"111\">Elegante <strong data-start=\"119\" data-end=\"144\">Halskette aus 925er Sterlingsilber<\/strong> mit einem <strong data-start=\"190\" data-end=\"211\">doppelten Herzanh\u00e4nger<\/strong> mit funkelnden wei\u00dfen Steinen, ein Symbol f\u00fcr tiefe Gef\u00fchle und ewige Liebe.<\/p>\n","protected":false},"featured_media":96254,"template":"","meta":{"_acf_changed":false},"product_brand":[],"product_cat":[679],"product_tag":[527,633],"class_list":{"0":"post-112739","1":"product","2":"type-product","3":"status-publish","4":"has-post-thumbnail","6":"product_cat-silberne-halskette-mit-anhanger","7":"product_tag-silberschmuck-fur-damen","8":"product_tag-herz","9":"description-off","11":"first","12":"instock","13":"sale","14":"taxable","15":"shipping-taxable","16":"purchasable","17":"product-type-simple"},"acf":[],"yoast_head":"<!-- This site is optimized with the Yoast SEO plugin v27.4 - https:\/\/yoast.com\/product\/yoast-seo-wordpress\/ -->\n<title>Silberne Kette mit Doppelherz-Anh\u00e4nger mit wei\u00dfem Stein | Diana Silver<\/title>\n<meta name=\"description\" content=\"Fedezd fel a leny\u0171g\u00f6z\u0151 Silberne Kette mit Doppelherz-Anh\u00e4nger mit wei\u00dfem Stein \u00e9kszer\u00fcnket. T\u00f6k\u00e9letes kieg\u00e9sz\u00edt\u0151 mindennapi viselethez \u00e9s k\u00fcl\u00f6nleges alkalmakra egyar\u00e1nt. Rendeld meg most!\" \/>\n<meta name=\"robots\" content=\"index, follow, max-snippet:-1, max-image-preview:large, max-video-preview:-1\" \/>\n<link rel=\"canonical\" href=\"https:\/\/dianasilver.com\/de\/termek\/silberne-kette-mit-doppelherz-anhaenger-mit-weissem-stein\/\" \/>\n<meta property=\"og:locale\" content=\"de_DE\" \/>\n<meta property=\"og:type\" content=\"article\" \/>\n<meta property=\"og:title\" content=\"Silberne Kette mit Doppelherz-Anh\u00e4nger mit wei\u00dfem Stein | Diana Silver\" \/>\n<meta property=\"og:description\" content=\"Fedezd fel a leny\u0171g\u00f6z\u0151 Silberne Kette mit Doppelherz-Anh\u00e4nger mit wei\u00dfem Stein \u00e9kszer\u00fcnket. T\u00f6k\u00e9letes kieg\u00e9sz\u00edt\u0151 mindennapi viselethez \u00e9s k\u00fcl\u00f6nleges alkalmakra egyar\u00e1nt. Rendeld meg most!\" \/>\n<meta property=\"og:url\" content=\"https:\/\/dianasilver.com\/de\/termek\/silberne-kette-mit-doppelherz-anhaenger-mit-weissem-stein\/\" \/>\n<meta property=\"og:site_name\" content=\"Diana Silver\" \/>\n<meta property=\"article:publisher\" content=\"https:\/\/www.facebook.com\/profile.php?id=100027231325117\" \/>\n<meta property=\"article:modified_time\" content=\"2026-02-20T12:51:28+00:00\" \/>\n<meta property=\"og:image\" content=\"https:\/\/dianasilver.com\/wp-content\/uploads\/2022\/08\/ezust-lanc-feher-koves-dupla-sziv-medallal-1850.jpg\" \/>\n\t<meta property=\"og:image:width\" content=\"800\" \/>\n\t<meta property=\"og:image:height\" content=\"800\" \/>\n\t<meta property=\"og:image:type\" content=\"image\/jpeg\" \/>\n<meta name=\"twitter:card\" content=\"summary_large_image\" \/>\n<meta name=\"twitter:label1\" content=\"Gesch\u00e4tzte Lesezeit\" \/>\n\t<meta name=\"twitter:data1\" content=\"1\u00a0Minute\" \/>\n<script type=\"application\/ld+json\" class=\"yoast-schema-graph\">{\"@context\":\"https:\\\/\\\/schema.org\",\"@graph\":[{\"@type\":\"WebPage\",\"@id\":\"https:\\\/\\\/dianasilver.com\\\/de\\\/termek\\\/silberne-kette-mit-doppelherz-anhaenger-mit-weissem-stein\\\/\",\"url\":\"https:\\\/\\\/dianasilver.com\\\/de\\\/termek\\\/silberne-kette-mit-doppelherz-anhaenger-mit-weissem-stein\\\/\",\"name\":\"Silberne Kette mit Doppelherz-Anh\u00e4nger mit wei\u00dfem Stein | Diana Silver\",\"isPartOf\":{\"@id\":\"https:\\\/\\\/dianasilver.com\\\/de\\\/#website\"},\"primaryImageOfPage\":{\"@id\":\"https:\\\/\\\/dianasilver.com\\\/de\\\/termek\\\/silberne-kette-mit-doppelherz-anhaenger-mit-weissem-stein\\\/#primaryimage\"},\"image\":{\"@id\":\"https:\\\/\\\/dianasilver.com\\\/de\\\/termek\\\/silberne-kette-mit-doppelherz-anhaenger-mit-weissem-stein\\\/#primaryimage\"},\"thumbnailUrl\":\"https:\\\/\\\/dianasilver.com\\\/wp-content\\\/uploads\\\/2022\\\/08\\\/ezust-lanc-feher-koves-dupla-sziv-medallal-1850.jpg\",\"datePublished\":\"2022-08-31T11:21:43+00:00\",\"dateModified\":\"2026-02-20T12:51:28+00:00\",\"description\":\"Fedezd fel a leny\u0171g\u00f6z\u0151 Silberne Kette mit Doppelherz-Anh\u00e4nger mit wei\u00dfem Stein \u00e9kszer\u00fcnket. T\u00f6k\u00e9letes kieg\u00e9sz\u00edt\u0151 mindennapi viselethez \u00e9s k\u00fcl\u00f6nleges alkalmakra egyar\u00e1nt. Rendeld meg most!\",\"breadcrumb\":{\"@id\":\"https:\\\/\\\/dianasilver.com\\\/de\\\/termek\\\/silberne-kette-mit-doppelherz-anhaenger-mit-weissem-stein\\\/#breadcrumb\"},\"inLanguage\":\"de\",\"potentialAction\":[{\"@type\":\"ReadAction\",\"target\":[\"https:\\\/\\\/dianasilver.com\\\/de\\\/termek\\\/silberne-kette-mit-doppelherz-anhaenger-mit-weissem-stein\\\/\"]}]},{\"@type\":\"ImageObject\",\"inLanguage\":\"de\",\"@id\":\"https:\\\/\\\/dianasilver.com\\\/de\\\/termek\\\/silberne-kette-mit-doppelherz-anhaenger-mit-weissem-stein\\\/#primaryimage\",\"url\":\"https:\\\/\\\/dianasilver.com\\\/wp-content\\\/uploads\\\/2022\\\/08\\\/ezust-lanc-feher-koves-dupla-sziv-medallal-1850.jpg\",\"contentUrl\":\"https:\\\/\\\/dianasilver.com\\\/wp-content\\\/uploads\\\/2022\\\/08\\\/ezust-lanc-feher-koves-dupla-sziv-medallal-1850.jpg\",\"width\":800,\"height\":800},{\"@type\":\"BreadcrumbList\",\"@id\":\"https:\\\/\\\/dianasilver.com\\\/de\\\/termek\\\/silberne-kette-mit-doppelherz-anhaenger-mit-weissem-stein\\\/#breadcrumb\",\"itemListElement\":[{\"@type\":\"ListItem\",\"position\":1,\"name\":\"Kezd\u0151lap\",\"item\":\"https:\\\/\\\/dianasilver.com\\\/de\\\/diana-silver-silberschmuck-webshop\\\/\"},{\"@type\":\"ListItem\",\"position\":2,\"name\":\"Shop\",\"item\":\"https:\\\/\\\/dianasilver.com\\\/de\\\/shop\\\/\"},{\"@type\":\"ListItem\",\"position\":3,\"name\":\"Silberne Kette mit Doppelherz-Anh\u00e4nger mit wei\u00dfem Stein\"}]},{\"@type\":\"WebSite\",\"@id\":\"https:\\\/\\\/dianasilver.com\\\/de\\\/#website\",\"url\":\"https:\\\/\\\/dianasilver.com\\\/de\\\/\",\"name\":\"Diana Silver\",\"description\":\"Tedd t\u00f6k\u00e9letesebb\u00e9 mindennapjaid a Diana Silver \u00e9kszereivel.\",\"publisher\":{\"@id\":\"https:\\\/\\\/dianasilver.com\\\/de\\\/#organization\"},\"alternateName\":\"Ez\u00fcst \u00c9kszer Web\u00e1ruh\u00e1z\",\"potentialAction\":[{\"@type\":\"SearchAction\",\"target\":{\"@type\":\"EntryPoint\",\"urlTemplate\":\"https:\\\/\\\/dianasilver.com\\\/de\\\/?s={search_term_string}\"},\"query-input\":{\"@type\":\"PropertyValueSpecification\",\"valueRequired\":true,\"valueName\":\"search_term_string\"}}],\"inLanguage\":\"de\"},{\"@type\":\"Organization\",\"@id\":\"https:\\\/\\\/dianasilver.com\\\/de\\\/#organization\",\"name\":\"Diana Silver\",\"url\":\"https:\\\/\\\/dianasilver.com\\\/de\\\/\",\"logo\":{\"@type\":\"ImageObject\",\"inLanguage\":\"de\",\"@id\":\"https:\\\/\\\/dianasilver.com\\\/de\\\/#\\\/schema\\\/logo\\\/image\\\/\",\"url\":\"https:\\\/\\\/dianasilver.com\\\/wp-content\\\/uploads\\\/2022\\\/08\\\/ezust-feher-1-koves-buttonos-stekkeres-fulbevalo-42.webp\",\"contentUrl\":\"https:\\\/\\\/dianasilver.com\\\/wp-content\\\/uploads\\\/2022\\\/08\\\/ezust-feher-1-koves-buttonos-stekkeres-fulbevalo-42.webp\",\"width\":300,\"height\":154,\"caption\":\"Diana Silver\"},\"image\":{\"@id\":\"https:\\\/\\\/dianasilver.com\\\/de\\\/#\\\/schema\\\/logo\\\/image\\\/\"},\"sameAs\":[\"https:\\\/\\\/www.facebook.com\\\/profile.php?id=100027231325117\"]}]}<\/script>\n<!-- \/ Yoast SEO plugin. -->","yoast_head_json":{"title":"Silberne Kette mit Doppelherz-Anh\u00e4nger mit wei\u00dfem Stein | Diana Silver","description":"Fedezd fel a leny\u0171g\u00f6z\u0151 Silberne Kette mit Doppelherz-Anh\u00e4nger mit wei\u00dfem Stein \u00e9kszer\u00fcnket. T\u00f6k\u00e9letes kieg\u00e9sz\u00edt\u0151 mindennapi viselethez \u00e9s k\u00fcl\u00f6nleges alkalmakra egyar\u00e1nt. Rendeld meg most!","robots":{"index":"index","follow":"follow","max-snippet":"max-snippet:-1","max-image-preview":"max-image-preview:large","max-video-preview":"max-video-preview:-1"},"canonical":"https:\/\/dianasilver.com\/de\/termek\/silberne-kette-mit-doppelherz-anhaenger-mit-weissem-stein\/","og_locale":"de_DE","og_type":"article","og_title":"Silberne Kette mit Doppelherz-Anh\u00e4nger mit wei\u00dfem Stein | Diana Silver","og_description":"Fedezd fel a leny\u0171g\u00f6z\u0151 Silberne Kette mit Doppelherz-Anh\u00e4nger mit wei\u00dfem Stein \u00e9kszer\u00fcnket. T\u00f6k\u00e9letes kieg\u00e9sz\u00edt\u0151 mindennapi viselethez \u00e9s k\u00fcl\u00f6nleges alkalmakra egyar\u00e1nt. Rendeld meg most!","og_url":"https:\/\/dianasilver.com\/de\/termek\/silberne-kette-mit-doppelherz-anhaenger-mit-weissem-stein\/","og_site_name":"Diana Silver","article_publisher":"https:\/\/www.facebook.com\/profile.php?id=100027231325117","article_modified_time":"2026-02-20T12:51:28+00:00","og_image":[{"width":800,"height":800,"url":"https:\/\/dianasilver.com\/wp-content\/uploads\/2022\/08\/ezust-lanc-feher-koves-dupla-sziv-medallal-1850.jpg","type":"image\/jpeg"}],"twitter_card":"summary_large_image","twitter_misc":{"Gesch\u00e4tzte Lesezeit":"1\u00a0Minute"},"schema":{"@context":"https:\/\/schema.org","@graph":[{"@type":"WebPage","@id":"https:\/\/dianasilver.com\/de\/termek\/silberne-kette-mit-doppelherz-anhaenger-mit-weissem-stein\/","url":"https:\/\/dianasilver.com\/de\/termek\/silberne-kette-mit-doppelherz-anhaenger-mit-weissem-stein\/","name":"Silberne Kette mit Doppelherz-Anh\u00e4nger mit wei\u00dfem Stein | Diana Silver","isPartOf":{"@id":"https:\/\/dianasilver.com\/de\/#website"},"primaryImageOfPage":{"@id":"https:\/\/dianasilver.com\/de\/termek\/silberne-kette-mit-doppelherz-anhaenger-mit-weissem-stein\/#primaryimage"},"image":{"@id":"https:\/\/dianasilver.com\/de\/termek\/silberne-kette-mit-doppelherz-anhaenger-mit-weissem-stein\/#primaryimage"},"thumbnailUrl":"https:\/\/dianasilver.com\/wp-content\/uploads\/2022\/08\/ezust-lanc-feher-koves-dupla-sziv-medallal-1850.jpg","datePublished":"2022-08-31T11:21:43+00:00","dateModified":"2026-02-20T12:51:28+00:00","description":"Fedezd fel a leny\u0171g\u00f6z\u0151 Silberne Kette mit Doppelherz-Anh\u00e4nger mit wei\u00dfem Stein \u00e9kszer\u00fcnket. T\u00f6k\u00e9letes kieg\u00e9sz\u00edt\u0151 mindennapi viselethez \u00e9s k\u00fcl\u00f6nleges alkalmakra egyar\u00e1nt. Rendeld meg most!","breadcrumb":{"@id":"https:\/\/dianasilver.com\/de\/termek\/silberne-kette-mit-doppelherz-anhaenger-mit-weissem-stein\/#breadcrumb"},"inLanguage":"de","potentialAction":[{"@type":"ReadAction","target":["https:\/\/dianasilver.com\/de\/termek\/silberne-kette-mit-doppelherz-anhaenger-mit-weissem-stein\/"]}]},{"@type":"ImageObject","inLanguage":"de","@id":"https:\/\/dianasilver.com\/de\/termek\/silberne-kette-mit-doppelherz-anhaenger-mit-weissem-stein\/#primaryimage","url":"https:\/\/dianasilver.com\/wp-content\/uploads\/2022\/08\/ezust-lanc-feher-koves-dupla-sziv-medallal-1850.jpg","contentUrl":"https:\/\/dianasilver.com\/wp-content\/uploads\/2022\/08\/ezust-lanc-feher-koves-dupla-sziv-medallal-1850.jpg","width":800,"height":800},{"@type":"BreadcrumbList","@id":"https:\/\/dianasilver.com\/de\/termek\/silberne-kette-mit-doppelherz-anhaenger-mit-weissem-stein\/#breadcrumb","itemListElement":[{"@type":"ListItem","position":1,"name":"Kezd\u0151lap","item":"https:\/\/dianasilver.com\/de\/diana-silver-silberschmuck-webshop\/"},{"@type":"ListItem","position":2,"name":"Shop","item":"https:\/\/dianasilver.com\/de\/shop\/"},{"@type":"ListItem","position":3,"name":"Silberne Kette mit Doppelherz-Anh\u00e4nger mit wei\u00dfem Stein"}]},{"@type":"WebSite","@id":"https:\/\/dianasilver.com\/de\/#website","url":"https:\/\/dianasilver.com\/de\/","name":"Diana Silver","description":"Tedd t\u00f6k\u00e9letesebb\u00e9 mindennapjaid a Diana Silver \u00e9kszereivel.","publisher":{"@id":"https:\/\/dianasilver.com\/de\/#organization"},"alternateName":"Ez\u00fcst \u00c9kszer Web\u00e1ruh\u00e1z","potentialAction":[{"@type":"SearchAction","target":{"@type":"EntryPoint","urlTemplate":"https:\/\/dianasilver.com\/de\/?s={search_term_string}"},"query-input":{"@type":"PropertyValueSpecification","valueRequired":true,"valueName":"search_term_string"}}],"inLanguage":"de"},{"@type":"Organization","@id":"https:\/\/dianasilver.com\/de\/#organization","name":"Diana Silver","url":"https:\/\/dianasilver.com\/de\/","logo":{"@type":"ImageObject","inLanguage":"de","@id":"https:\/\/dianasilver.com\/de\/#\/schema\/logo\/image\/","url":"https:\/\/dianasilver.com\/wp-content\/uploads\/2022\/08\/ezust-feher-1-koves-buttonos-stekkeres-fulbevalo-42.webp","contentUrl":"https:\/\/dianasilver.com\/wp-content\/uploads\/2022\/08\/ezust-feher-1-koves-buttonos-stekkeres-fulbevalo-42.webp","width":300,"height":154,"caption":"Diana Silver"},"image":{"@id":"https:\/\/dianasilver.com\/de\/#\/schema\/logo\/image\/"},"sameAs":["https:\/\/www.facebook.com\/profile.php?id=100027231325117"]}]}},"_links":{"self":[{"href":"https:\/\/dianasilver.com\/de\/wp-json\/wp\/v2\/product\/112739","targetHints":{"allow":["GET"]}}],"collection":[{"href":"https:\/\/dianasilver.com\/de\/wp-json\/wp\/v2\/product"}],"about":[{"href":"https:\/\/dianasilver.com\/de\/wp-json\/wp\/v2\/types\/product"}],"version-history":[{"count":0,"href":"https:\/\/dianasilver.com\/de\/wp-json\/wp\/v2\/product\/112739\/revisions"}],"wp:featuredmedia":[{"embeddable":true,"href":"https:\/\/dianasilver.com\/de\/wp-json\/wp\/v2\/media\/96254"}],"wp:attachment":[{"href":"https:\/\/dianasilver.com\/de\/wp-json\/wp\/v2\/media?parent=112739"}],"wp:term":[{"taxonomy":"product_brand","embeddable":true,"href":"https:\/\/dianasilver.com\/de\/wp-json\/wp\/v2\/product_brand?post=112739"},{"taxonomy":"product_cat","embeddable":true,"href":"https:\/\/dianasilver.com\/de\/wp-json\/wp\/v2\/product_cat?post=112739"},{"taxonomy":"product_tag","embeddable":true,"href":"https:\/\/dianasilver.com\/de\/wp-json\/wp\/v2\/product_tag?post=112739"}],"curies":[{"name":"wp","href":"https:\/\/api.w.org\/{rel}","templated":true}]}}