{"id":112733,"date":"2022-08-31T13:21:43","date_gmt":"2022-08-31T11:21:43","guid":{"rendered":"https:\/\/dianasilver.hu\/termek\/silberne-kette-mit-hund-anhaenger\/"},"modified":"2026-01-16T17:50:21","modified_gmt":"2026-01-16T16:50:21","slug":"silberne-kette-mit-hund-anhaenger","status":"publish","type":"product","link":"https:\/\/dianasilver.com\/de\/termek\/silberne-kette-mit-hund-anhaenger\/","title":{"rendered":"Silberne Kette mit Hund-Anh\u00e4nger"},"content":{"rendered":"<h2 data-start=\"280\" data-end=\"383\">\ud83d\udc8e <strong data-start=\"304\" data-end=\"381\">Silberkette mit Hundeanh\u00e4nger &#8211; ein besonderer Schmuck f\u00fcr Hundefreunde<\/strong><\/h2>\n<p data-start=\"385\" data-end=\"729\">Diese <strong data-start=\"391\" data-end=\"427\">Halskette von AG 925 aus Sterlingsilber<\/strong> zeigt einen sorgf\u00e4ltig gearbeiteten <strong data-start=\"456\" data-end=\"474\">Hundeanh\u00e4nger<\/strong>, ein zeitloses Symbol f\u00fcr Treue, Liebe und Freundschaft. Die Rhodiumbeschichtung sorgt f\u00fcr einen dauerhaften Glanz und sch\u00fctzt vor Verf\u00e4rbungen. Ein einfaches, aber auff\u00e4lliges St\u00fcck, das die Leidenschaft f\u00fcr Hunde perfekt zum Ausdruck bringt.<\/p>\n<p data-start=\"731\" data-end=\"769\">\u2728 <strong data-start=\"733\" data-end=\"767\">Was symbolisiert der Hund-Anh\u00e4nger?<\/strong><\/p>\n<ul data-start=\"770\" data-end=\"1020\">\n<li data-start=\"770\" data-end=\"859\"><strong data-start=\"772\" data-end=\"794\">Loyalit\u00e4t und Treue<\/strong> &#8211; ein Hund ist der beste Freund des Menschen, immer an seiner Seite.<\/li>\n<li data-start=\"860\" data-end=\"930\"><strong data-start=\"862\" data-end=\"889\">Liebe und F\u00fcrsorge<\/strong> &#8211; ein Symbol f\u00fcr bedingungslose Liebe.<\/li>\n<li data-start=\"931\" data-end=\"1020\"><strong data-start=\"933\" data-end=\"955\">Schutz und Vertrauen<\/strong> &#8211; Hunde k\u00f6nnen auch ein Symbol f\u00fcr Sicherheit sein, da sie als W\u00e4chter fungieren.<\/li>\n<\/ul>\n<p data-start=\"1022\" data-end=\"1060\">\ud83d\udc3e <strong data-start=\"1025\" data-end=\"1058\">Warum diesen Schmuck w\u00e4hlen?<\/strong><\/p>\n<ul data-start=\"1061\" data-end=\"1362\">\n<li data-start=\"1061\" data-end=\"1151\"><strong data-start=\"1063\" data-end=\"1083\">Premiumqualit\u00e4t:<\/strong> <strong data-start=\"1084\" data-end=\"1100\">AG 925 Silber<\/strong> mit Rhodiumbeschichtung f\u00fcr lang anhaltenden Glanz.<\/li>\n<li data-start=\"1152\" data-end=\"1212\"><strong data-start=\"1154\" data-end=\"1172\">Einzigartiges Design:<\/strong> niedlicher und detaillierter Hunde-Anh\u00e4nger.<\/li>\n<li data-start=\"1213\" data-end=\"1300\"><strong data-start=\"1215\" data-end=\"1259\">Die perfekte Wahl f\u00fcr Tierliebhaber<\/strong> &#8211; es dr\u00fcckt die Liebe zu Hunden aus.<\/li>\n<li data-start=\"1301\" data-end=\"1362\"><strong data-start=\"1303\" data-end=\"1325\">Bequem zu tragen:<\/strong> ideal f\u00fcr den t\u00e4glichen Gebrauch.<\/li>\n<\/ul>\n<p data-start=\"1364\" data-end=\"1514\" data-is-last-node=\"\">\ud83c\udf81 <strong data-start=\"1367\" data-end=\"1392\">Ideal als Geschenk!<\/strong> Wenn Sie einen hundebegeisterten Freund mit einem besonderen Schmuckst\u00fcck \u00fcberraschen m\u00f6chten, ist diese Halskette die perfekte Wahl. \ud83d\udc15\u2728<\/p>\n","protected":false},"excerpt":{"rendered":"<p>\ud83d\udc36 <strong data-start=\"23\" data-end=\"83\">Silberhalskette mit Hundeanh\u00e4nger &#8211; ein Symbol f\u00fcr Treue und Liebe<\/strong><br data-start=\"83\" data-end=\"86\">Diese <strong data-start=\"91\" data-end=\"135\">fein gearbeitete AG 925 Silberhalskette<\/strong> wird durch einen niedlichen Hundeanh\u00e4nger erg\u00e4nzt, der bedingungslose Liebe und Treue symbolisiert. Das perfekte Geschenk f\u00fcr Tierliebhaber!<\/p>\n","protected":false},"featured_media":96246,"template":"","meta":{"_acf_changed":false},"product_brand":[],"product_cat":[679],"product_tag":[527,650,628],"class_list":{"0":"post-112733","1":"product","2":"type-product","3":"status-publish","4":"has-post-thumbnail","6":"product_cat-silberne-halskette-mit-anhanger","7":"product_tag-silberschmuck-fur-damen","8":"product_tag-kinder-silberschmuck","9":"product_tag-tiermotiv","10":"description-off","12":"first","13":"instock","14":"taxable","15":"shipping-taxable","16":"purchasable","17":"product-type-simple"},"acf":[],"yoast_head":"<!-- This site is optimized with the Yoast SEO plugin v27.4 - https:\/\/yoast.com\/product\/yoast-seo-wordpress\/ -->\n<title>Silberne Kette mit Hund-Anh\u00e4nger | Diana Silver<\/title>\n<meta name=\"description\" content=\"Fedezd fel a leny\u0171g\u00f6z\u0151 Silberne Kette mit Hund-Anh\u00e4nger \u00e9kszer\u00fcnket. T\u00f6k\u00e9letes kieg\u00e9sz\u00edt\u0151 mindennapi viselethez \u00e9s k\u00fcl\u00f6nleges alkalmakra egyar\u00e1nt. Rendeld meg most!\" \/>\n<meta name=\"robots\" content=\"index, follow, max-snippet:-1, max-image-preview:large, max-video-preview:-1\" \/>\n<link rel=\"canonical\" href=\"https:\/\/dianasilver.com\/de\/termek\/silberne-kette-mit-hund-anhaenger\/\" \/>\n<meta property=\"og:locale\" content=\"de_DE\" \/>\n<meta property=\"og:type\" content=\"article\" \/>\n<meta property=\"og:title\" content=\"Silberne Kette mit Hund-Anh\u00e4nger | Diana Silver\" \/>\n<meta property=\"og:description\" content=\"Fedezd fel a leny\u0171g\u00f6z\u0151 Silberne Kette mit Hund-Anh\u00e4nger \u00e9kszer\u00fcnket. T\u00f6k\u00e9letes kieg\u00e9sz\u00edt\u0151 mindennapi viselethez \u00e9s k\u00fcl\u00f6nleges alkalmakra egyar\u00e1nt. Rendeld meg most!\" \/>\n<meta property=\"og:url\" content=\"https:\/\/dianasilver.com\/de\/termek\/silberne-kette-mit-hund-anhaenger\/\" \/>\n<meta property=\"og:site_name\" content=\"Diana Silver\" \/>\n<meta property=\"article:publisher\" content=\"https:\/\/www.facebook.com\/profile.php?id=100027231325117\" \/>\n<meta property=\"article:modified_time\" content=\"2026-01-16T16:50:21+00:00\" \/>\n<meta property=\"og:image\" content=\"https:\/\/dianasilver.com\/wp-content\/uploads\/2022\/08\/ezust-lanc-kutya-medallal-1846.jpg\" \/>\n\t<meta property=\"og:image:width\" content=\"800\" \/>\n\t<meta property=\"og:image:height\" content=\"800\" \/>\n\t<meta property=\"og:image:type\" content=\"image\/jpeg\" \/>\n<meta name=\"twitter:card\" content=\"summary_large_image\" \/>\n<meta name=\"twitter:label1\" content=\"Gesch\u00e4tzte Lesezeit\" \/>\n\t<meta name=\"twitter:data1\" content=\"1\u00a0Minute\" \/>\n<script type=\"application\/ld+json\" class=\"yoast-schema-graph\">{\"@context\":\"https:\\\/\\\/schema.org\",\"@graph\":[{\"@type\":\"WebPage\",\"@id\":\"https:\\\/\\\/dianasilver.com\\\/de\\\/termek\\\/silberne-kette-mit-hund-anhaenger\\\/\",\"url\":\"https:\\\/\\\/dianasilver.com\\\/de\\\/termek\\\/silberne-kette-mit-hund-anhaenger\\\/\",\"name\":\"Silberne Kette mit Hund-Anh\u00e4nger | Diana Silver\",\"isPartOf\":{\"@id\":\"https:\\\/\\\/dianasilver.com\\\/de\\\/#website\"},\"primaryImageOfPage\":{\"@id\":\"https:\\\/\\\/dianasilver.com\\\/de\\\/termek\\\/silberne-kette-mit-hund-anhaenger\\\/#primaryimage\"},\"image\":{\"@id\":\"https:\\\/\\\/dianasilver.com\\\/de\\\/termek\\\/silberne-kette-mit-hund-anhaenger\\\/#primaryimage\"},\"thumbnailUrl\":\"https:\\\/\\\/dianasilver.com\\\/wp-content\\\/uploads\\\/2022\\\/08\\\/ezust-lanc-kutya-medallal-1846.jpg\",\"datePublished\":\"2022-08-31T11:21:43+00:00\",\"dateModified\":\"2026-01-16T16:50:21+00:00\",\"description\":\"Fedezd fel a leny\u0171g\u00f6z\u0151 Silberne Kette mit Hund-Anh\u00e4nger \u00e9kszer\u00fcnket. T\u00f6k\u00e9letes kieg\u00e9sz\u00edt\u0151 mindennapi viselethez \u00e9s k\u00fcl\u00f6nleges alkalmakra egyar\u00e1nt. Rendeld meg most!\",\"breadcrumb\":{\"@id\":\"https:\\\/\\\/dianasilver.com\\\/de\\\/termek\\\/silberne-kette-mit-hund-anhaenger\\\/#breadcrumb\"},\"inLanguage\":\"de\",\"potentialAction\":[{\"@type\":\"ReadAction\",\"target\":[\"https:\\\/\\\/dianasilver.com\\\/de\\\/termek\\\/silberne-kette-mit-hund-anhaenger\\\/\"]}]},{\"@type\":\"ImageObject\",\"inLanguage\":\"de\",\"@id\":\"https:\\\/\\\/dianasilver.com\\\/de\\\/termek\\\/silberne-kette-mit-hund-anhaenger\\\/#primaryimage\",\"url\":\"https:\\\/\\\/dianasilver.com\\\/wp-content\\\/uploads\\\/2022\\\/08\\\/ezust-lanc-kutya-medallal-1846.jpg\",\"contentUrl\":\"https:\\\/\\\/dianasilver.com\\\/wp-content\\\/uploads\\\/2022\\\/08\\\/ezust-lanc-kutya-medallal-1846.jpg\",\"width\":800,\"height\":800},{\"@type\":\"BreadcrumbList\",\"@id\":\"https:\\\/\\\/dianasilver.com\\\/de\\\/termek\\\/silberne-kette-mit-hund-anhaenger\\\/#breadcrumb\",\"itemListElement\":[{\"@type\":\"ListItem\",\"position\":1,\"name\":\"Kezd\u0151lap\",\"item\":\"https:\\\/\\\/dianasilver.com\\\/de\\\/diana-silver-silberschmuck-webshop\\\/\"},{\"@type\":\"ListItem\",\"position\":2,\"name\":\"Shop\",\"item\":\"https:\\\/\\\/dianasilver.com\\\/de\\\/shop\\\/\"},{\"@type\":\"ListItem\",\"position\":3,\"name\":\"Silberne Kette mit Hund-Anh\u00e4nger\"}]},{\"@type\":\"WebSite\",\"@id\":\"https:\\\/\\\/dianasilver.com\\\/de\\\/#website\",\"url\":\"https:\\\/\\\/dianasilver.com\\\/de\\\/\",\"name\":\"Diana Silver\",\"description\":\"Tedd t\u00f6k\u00e9letesebb\u00e9 mindennapjaid a Diana Silver \u00e9kszereivel.\",\"publisher\":{\"@id\":\"https:\\\/\\\/dianasilver.com\\\/de\\\/#organization\"},\"alternateName\":\"Ez\u00fcst \u00c9kszer Web\u00e1ruh\u00e1z\",\"potentialAction\":[{\"@type\":\"SearchAction\",\"target\":{\"@type\":\"EntryPoint\",\"urlTemplate\":\"https:\\\/\\\/dianasilver.com\\\/de\\\/?s={search_term_string}\"},\"query-input\":{\"@type\":\"PropertyValueSpecification\",\"valueRequired\":true,\"valueName\":\"search_term_string\"}}],\"inLanguage\":\"de\"},{\"@type\":\"Organization\",\"@id\":\"https:\\\/\\\/dianasilver.com\\\/de\\\/#organization\",\"name\":\"Diana Silver\",\"url\":\"https:\\\/\\\/dianasilver.com\\\/de\\\/\",\"logo\":{\"@type\":\"ImageObject\",\"inLanguage\":\"de\",\"@id\":\"https:\\\/\\\/dianasilver.com\\\/de\\\/#\\\/schema\\\/logo\\\/image\\\/\",\"url\":\"https:\\\/\\\/dianasilver.com\\\/wp-content\\\/uploads\\\/2022\\\/08\\\/ezust-feher-1-koves-buttonos-stekkeres-fulbevalo-42.webp\",\"contentUrl\":\"https:\\\/\\\/dianasilver.com\\\/wp-content\\\/uploads\\\/2022\\\/08\\\/ezust-feher-1-koves-buttonos-stekkeres-fulbevalo-42.webp\",\"width\":300,\"height\":154,\"caption\":\"Diana Silver\"},\"image\":{\"@id\":\"https:\\\/\\\/dianasilver.com\\\/de\\\/#\\\/schema\\\/logo\\\/image\\\/\"},\"sameAs\":[\"https:\\\/\\\/www.facebook.com\\\/profile.php?id=100027231325117\"]}]}<\/script>\n<!-- \/ Yoast SEO plugin. -->","yoast_head_json":{"title":"Silberne Kette mit Hund-Anh\u00e4nger | Diana Silver","description":"Fedezd fel a leny\u0171g\u00f6z\u0151 Silberne Kette mit Hund-Anh\u00e4nger \u00e9kszer\u00fcnket. T\u00f6k\u00e9letes kieg\u00e9sz\u00edt\u0151 mindennapi viselethez \u00e9s k\u00fcl\u00f6nleges alkalmakra egyar\u00e1nt. Rendeld meg most!","robots":{"index":"index","follow":"follow","max-snippet":"max-snippet:-1","max-image-preview":"max-image-preview:large","max-video-preview":"max-video-preview:-1"},"canonical":"https:\/\/dianasilver.com\/de\/termek\/silberne-kette-mit-hund-anhaenger\/","og_locale":"de_DE","og_type":"article","og_title":"Silberne Kette mit Hund-Anh\u00e4nger | Diana Silver","og_description":"Fedezd fel a leny\u0171g\u00f6z\u0151 Silberne Kette mit Hund-Anh\u00e4nger \u00e9kszer\u00fcnket. T\u00f6k\u00e9letes kieg\u00e9sz\u00edt\u0151 mindennapi viselethez \u00e9s k\u00fcl\u00f6nleges alkalmakra egyar\u00e1nt. Rendeld meg most!","og_url":"https:\/\/dianasilver.com\/de\/termek\/silberne-kette-mit-hund-anhaenger\/","og_site_name":"Diana Silver","article_publisher":"https:\/\/www.facebook.com\/profile.php?id=100027231325117","article_modified_time":"2026-01-16T16:50:21+00:00","og_image":[{"width":800,"height":800,"url":"https:\/\/dianasilver.com\/wp-content\/uploads\/2022\/08\/ezust-lanc-kutya-medallal-1846.jpg","type":"image\/jpeg"}],"twitter_card":"summary_large_image","twitter_misc":{"Gesch\u00e4tzte Lesezeit":"1\u00a0Minute"},"schema":{"@context":"https:\/\/schema.org","@graph":[{"@type":"WebPage","@id":"https:\/\/dianasilver.com\/de\/termek\/silberne-kette-mit-hund-anhaenger\/","url":"https:\/\/dianasilver.com\/de\/termek\/silberne-kette-mit-hund-anhaenger\/","name":"Silberne Kette mit Hund-Anh\u00e4nger | Diana Silver","isPartOf":{"@id":"https:\/\/dianasilver.com\/de\/#website"},"primaryImageOfPage":{"@id":"https:\/\/dianasilver.com\/de\/termek\/silberne-kette-mit-hund-anhaenger\/#primaryimage"},"image":{"@id":"https:\/\/dianasilver.com\/de\/termek\/silberne-kette-mit-hund-anhaenger\/#primaryimage"},"thumbnailUrl":"https:\/\/dianasilver.com\/wp-content\/uploads\/2022\/08\/ezust-lanc-kutya-medallal-1846.jpg","datePublished":"2022-08-31T11:21:43+00:00","dateModified":"2026-01-16T16:50:21+00:00","description":"Fedezd fel a leny\u0171g\u00f6z\u0151 Silberne Kette mit Hund-Anh\u00e4nger \u00e9kszer\u00fcnket. T\u00f6k\u00e9letes kieg\u00e9sz\u00edt\u0151 mindennapi viselethez \u00e9s k\u00fcl\u00f6nleges alkalmakra egyar\u00e1nt. Rendeld meg most!","breadcrumb":{"@id":"https:\/\/dianasilver.com\/de\/termek\/silberne-kette-mit-hund-anhaenger\/#breadcrumb"},"inLanguage":"de","potentialAction":[{"@type":"ReadAction","target":["https:\/\/dianasilver.com\/de\/termek\/silberne-kette-mit-hund-anhaenger\/"]}]},{"@type":"ImageObject","inLanguage":"de","@id":"https:\/\/dianasilver.com\/de\/termek\/silberne-kette-mit-hund-anhaenger\/#primaryimage","url":"https:\/\/dianasilver.com\/wp-content\/uploads\/2022\/08\/ezust-lanc-kutya-medallal-1846.jpg","contentUrl":"https:\/\/dianasilver.com\/wp-content\/uploads\/2022\/08\/ezust-lanc-kutya-medallal-1846.jpg","width":800,"height":800},{"@type":"BreadcrumbList","@id":"https:\/\/dianasilver.com\/de\/termek\/silberne-kette-mit-hund-anhaenger\/#breadcrumb","itemListElement":[{"@type":"ListItem","position":1,"name":"Kezd\u0151lap","item":"https:\/\/dianasilver.com\/de\/diana-silver-silberschmuck-webshop\/"},{"@type":"ListItem","position":2,"name":"Shop","item":"https:\/\/dianasilver.com\/de\/shop\/"},{"@type":"ListItem","position":3,"name":"Silberne Kette mit Hund-Anh\u00e4nger"}]},{"@type":"WebSite","@id":"https:\/\/dianasilver.com\/de\/#website","url":"https:\/\/dianasilver.com\/de\/","name":"Diana Silver","description":"Tedd t\u00f6k\u00e9letesebb\u00e9 mindennapjaid a Diana Silver \u00e9kszereivel.","publisher":{"@id":"https:\/\/dianasilver.com\/de\/#organization"},"alternateName":"Ez\u00fcst \u00c9kszer Web\u00e1ruh\u00e1z","potentialAction":[{"@type":"SearchAction","target":{"@type":"EntryPoint","urlTemplate":"https:\/\/dianasilver.com\/de\/?s={search_term_string}"},"query-input":{"@type":"PropertyValueSpecification","valueRequired":true,"valueName":"search_term_string"}}],"inLanguage":"de"},{"@type":"Organization","@id":"https:\/\/dianasilver.com\/de\/#organization","name":"Diana Silver","url":"https:\/\/dianasilver.com\/de\/","logo":{"@type":"ImageObject","inLanguage":"de","@id":"https:\/\/dianasilver.com\/de\/#\/schema\/logo\/image\/","url":"https:\/\/dianasilver.com\/wp-content\/uploads\/2022\/08\/ezust-feher-1-koves-buttonos-stekkeres-fulbevalo-42.webp","contentUrl":"https:\/\/dianasilver.com\/wp-content\/uploads\/2022\/08\/ezust-feher-1-koves-buttonos-stekkeres-fulbevalo-42.webp","width":300,"height":154,"caption":"Diana Silver"},"image":{"@id":"https:\/\/dianasilver.com\/de\/#\/schema\/logo\/image\/"},"sameAs":["https:\/\/www.facebook.com\/profile.php?id=100027231325117"]}]}},"_links":{"self":[{"href":"https:\/\/dianasilver.com\/de\/wp-json\/wp\/v2\/product\/112733","targetHints":{"allow":["GET"]}}],"collection":[{"href":"https:\/\/dianasilver.com\/de\/wp-json\/wp\/v2\/product"}],"about":[{"href":"https:\/\/dianasilver.com\/de\/wp-json\/wp\/v2\/types\/product"}],"version-history":[{"count":0,"href":"https:\/\/dianasilver.com\/de\/wp-json\/wp\/v2\/product\/112733\/revisions"}],"wp:featuredmedia":[{"embeddable":true,"href":"https:\/\/dianasilver.com\/de\/wp-json\/wp\/v2\/media\/96246"}],"wp:attachment":[{"href":"https:\/\/dianasilver.com\/de\/wp-json\/wp\/v2\/media?parent=112733"}],"wp:term":[{"taxonomy":"product_brand","embeddable":true,"href":"https:\/\/dianasilver.com\/de\/wp-json\/wp\/v2\/product_brand?post=112733"},{"taxonomy":"product_cat","embeddable":true,"href":"https:\/\/dianasilver.com\/de\/wp-json\/wp\/v2\/product_cat?post=112733"},{"taxonomy":"product_tag","embeddable":true,"href":"https:\/\/dianasilver.com\/de\/wp-json\/wp\/v2\/product_tag?post=112733"}],"curies":[{"name":"wp","href":"https:\/\/api.w.org\/{rel}","templated":true}]}}