{"id":112725,"date":"2022-08-31T12:57:28","date_gmt":"2022-08-31T10:57:28","guid":{"rendered":"https:\/\/dianasilver.hu\/termek\/facettiertes-armband-a-little-merry-christmas-marvelous-mum\/"},"modified":"2026-02-20T13:51:28","modified_gmt":"2026-02-20T12:51:28","slug":"facettiertes-armband-a-little-merry-christmas-marvelous-mum","status":"publish","type":"product","link":"https:\/\/dianasilver.com\/de\/termek\/facettiertes-armband-a-little-merry-christmas-marvelous-mum\/","title":{"rendered":"Facettiertes Armband A Little Merry Christmas Marvelous Mum"},"content":{"rendered":"<h2 data-start=\"0\" data-end=\"108\"><strong data-start=\"3\" data-end=\"106\">Facettiertes A Little Merry Christmas Marvelous Mum Armband &#8211; perfektes Weihnachtsgeschenk f\u00fcr M\u00fctter<\/strong><\/h2>\n<p data-start=\"110\" data-end=\"527\">Dieses <strong data-start=\"115\" data-end=\"174\">facettierte A Little Merry Christmas Marvelous Mum Armband<\/strong> ist eine ganz besondere und herzliche \u00dcberraschung f\u00fcr M\u00fctter. <strong data-start=\"247\" data-end=\"301\">Das biegsame 17,5 cm lange Armband aus versilbertem Messing<\/strong> ist mit facettierten Perlen verziert, die bei jeder Bewegung sanft funkeln und eine raffinierte Eleganz ausstrahlen. Es wird <strong data-start=\"416\" data-end=\"449\">in einer festlichen Geschenkbox verpackt<\/strong> und ist somit die perfekte Wahl f\u00fcr Weihnachten oder jeden anderen besonderen Anlass.<\/p>\n<p data-start=\"529\" data-end=\"568\">\ud83c\udf81 <strong data-start=\"532\" data-end=\"566\">Was macht dieses Armband so besonders?<\/strong><\/p>\n<ul data-start=\"569\" data-end=\"1002\">\n<li data-start=\"569\" data-end=\"713\"><strong data-start=\"571\" data-end=\"600\">Einzigartiges Weihnachtsgeschenk<\/strong> &#8211; Das Armband tr\u00e4gt die herzliche Botschaft <strong data-start=\"647\" data-end=\"666\">&#8222;Marvelous Mum&#8220; und<\/strong> dr\u00fcckt damit Ihre Liebe und Wertsch\u00e4tzung aus.<\/li>\n<li data-start=\"714\" data-end=\"826\"><strong data-start=\"716\" data-end=\"738\">Hochwertiger Look<\/strong> &#8211; Fein polierte <strong data-start=\"758\" data-end=\"790\">, versilberte Messingperlen<\/strong> sorgen f\u00fcr einen raffinierten Stil.<\/li>\n<li data-start=\"827\" data-end=\"908\"><strong data-start=\"829\" data-end=\"852\">Flexibles Design<\/strong> &#8211; Einfach anzuziehen, den ganzen Tag bequem zu tragen.<\/li>\n<li data-start=\"909\" data-end=\"1002\"><strong data-start=\"911\" data-end=\"935\">Elegante Geschenkbox<\/strong> &#8211; Der Moment wird durch die exklusive Verpackung noch magischer gemacht.<\/li>\n<\/ul>\n<p data-start=\"1004\" data-end=\"1137\" data-is-last-node=\"\" data-is-only-node=\"\">\u2728 S <strong data-start=\"1006\" data-end=\"1134\">chenken Sie Ihrer Mutter dieses raffinierte und herzliche Armband, das sie f\u00fcr immer an ihre festlichen Momente erinnern wird!<\/strong> \ud83d\udc96<\/p>\n","protected":false},"excerpt":{"rendered":"<p data-start=\"0\" data-end=\"107\">\ud83c\udf84 <strong data-start=\"3\" data-end=\"101\">Facettierter Armreif A Little Merry Christmas Marvelous Mum &#8211; ein besonderes Geschenk f\u00fcr M\u00fctter!<\/strong> \u2728\ud83d\udc96<\/p>\n<p data-start=\"109\" data-end=\"309\">Dieses elegante, biegsame <strong data-start=\"133\" data-end=\"164\">Armband aus versilbertem Messing<\/strong> mit fein facettierten Perlen und einer festlichen Botschaft ist die perfekte \u00dcberraschung, um <strong data-start=\"263\" data-end=\"306\">einem der ganz besonderen Menschen in Ihrem Leben<\/strong> ein herzliches Willkommen zu schicken.<\/p>\n","protected":false},"featured_media":95078,"template":"","meta":{"_acf_changed":false},"product_brand":[],"product_cat":[614],"product_tag":[633],"class_list":{"0":"post-112725","1":"product","2":"type-product","3":"status-publish","4":"has-post-thumbnail","6":"product_cat-silberne-armbander","7":"product_tag-herz","8":"description-off","10":"first","11":"outofstock","12":"taxable","13":"shipping-taxable","14":"purchasable","15":"product-type-simple"},"acf":[],"yoast_head":"<!-- This site is optimized with the Yoast SEO plugin v27.4 - https:\/\/yoast.com\/product\/yoast-seo-wordpress\/ -->\n<title>Facettiertes Armband A Little Merry Christmas Marvelous Mum | Diana Silver<\/title>\n<meta name=\"description\" content=\"Fedezd fel a leny\u0171g\u00f6z\u0151 Facettiertes Armband A Little Merry Christmas Marvelous Mum \u00e9kszer\u00fcnket. T\u00f6k\u00e9letes kieg\u00e9sz\u00edt\u0151 mindennapi viselethez \u00e9s k\u00fcl\u00f6nleges alkalmakra egyar\u00e1nt. Rendeld meg most!\" \/>\n<meta name=\"robots\" content=\"index, follow, max-snippet:-1, max-image-preview:large, max-video-preview:-1\" \/>\n<link rel=\"canonical\" href=\"https:\/\/dianasilver.com\/de\/termek\/facettiertes-armband-a-little-merry-christmas-marvelous-mum\/\" \/>\n<meta property=\"og:locale\" content=\"de_DE\" \/>\n<meta property=\"og:type\" content=\"article\" \/>\n<meta property=\"og:title\" content=\"Facettiertes Armband A Little Merry Christmas Marvelous Mum | Diana Silver\" \/>\n<meta property=\"og:description\" content=\"Fedezd fel a leny\u0171g\u00f6z\u0151 Facettiertes Armband A Little Merry Christmas Marvelous Mum \u00e9kszer\u00fcnket. T\u00f6k\u00e9letes kieg\u00e9sz\u00edt\u0151 mindennapi viselethez \u00e9s k\u00fcl\u00f6nleges alkalmakra egyar\u00e1nt. Rendeld meg most!\" \/>\n<meta property=\"og:url\" content=\"https:\/\/dianasilver.com\/de\/termek\/facettiertes-armband-a-little-merry-christmas-marvelous-mum\/\" \/>\n<meta property=\"og:site_name\" content=\"Diana Silver\" \/>\n<meta property=\"article:publisher\" content=\"https:\/\/www.facebook.com\/profile.php?id=100027231325117\" \/>\n<meta property=\"article:modified_time\" content=\"2026-02-20T12:51:28+00:00\" \/>\n<meta property=\"og:image\" content=\"https:\/\/dianasilver.com\/wp-content\/uploads\/2022\/08\/facetted-a-little-merry-christmas-marvellous-mum-silver-17-5cm-stretch-1-scaled.jpg\" \/>\n\t<meta property=\"og:image:width\" content=\"800\" \/>\n\t<meta property=\"og:image:height\" content=\"800\" \/>\n\t<meta property=\"og:image:type\" content=\"image\/jpeg\" \/>\n<meta name=\"twitter:card\" content=\"summary_large_image\" \/>\n<meta name=\"twitter:label1\" content=\"Gesch\u00e4tzte Lesezeit\" \/>\n\t<meta name=\"twitter:data1\" content=\"1\u00a0Minute\" \/>\n<script type=\"application\/ld+json\" class=\"yoast-schema-graph\">{\"@context\":\"https:\\\/\\\/schema.org\",\"@graph\":[{\"@type\":\"WebPage\",\"@id\":\"https:\\\/\\\/dianasilver.com\\\/de\\\/termek\\\/facettiertes-armband-a-little-merry-christmas-marvelous-mum\\\/\",\"url\":\"https:\\\/\\\/dianasilver.com\\\/de\\\/termek\\\/facettiertes-armband-a-little-merry-christmas-marvelous-mum\\\/\",\"name\":\"Facettiertes Armband A Little Merry Christmas Marvelous Mum | Diana Silver\",\"isPartOf\":{\"@id\":\"https:\\\/\\\/dianasilver.com\\\/de\\\/#website\"},\"primaryImageOfPage\":{\"@id\":\"https:\\\/\\\/dianasilver.com\\\/de\\\/termek\\\/facettiertes-armband-a-little-merry-christmas-marvelous-mum\\\/#primaryimage\"},\"image\":{\"@id\":\"https:\\\/\\\/dianasilver.com\\\/de\\\/termek\\\/facettiertes-armband-a-little-merry-christmas-marvelous-mum\\\/#primaryimage\"},\"thumbnailUrl\":\"https:\\\/\\\/dianasilver.com\\\/wp-content\\\/uploads\\\/2022\\\/08\\\/facetted-a-little-merry-christmas-marvellous-mum-silver-17-5cm-stretch-1-scaled.jpg\",\"datePublished\":\"2022-08-31T10:57:28+00:00\",\"dateModified\":\"2026-02-20T12:51:28+00:00\",\"description\":\"Fedezd fel a leny\u0171g\u00f6z\u0151 Facettiertes Armband A Little Merry Christmas Marvelous Mum \u00e9kszer\u00fcnket. T\u00f6k\u00e9letes kieg\u00e9sz\u00edt\u0151 mindennapi viselethez \u00e9s k\u00fcl\u00f6nleges alkalmakra egyar\u00e1nt. Rendeld meg most!\",\"breadcrumb\":{\"@id\":\"https:\\\/\\\/dianasilver.com\\\/de\\\/termek\\\/facettiertes-armband-a-little-merry-christmas-marvelous-mum\\\/#breadcrumb\"},\"inLanguage\":\"de\",\"potentialAction\":[{\"@type\":\"ReadAction\",\"target\":[\"https:\\\/\\\/dianasilver.com\\\/de\\\/termek\\\/facettiertes-armband-a-little-merry-christmas-marvelous-mum\\\/\"]}]},{\"@type\":\"ImageObject\",\"inLanguage\":\"de\",\"@id\":\"https:\\\/\\\/dianasilver.com\\\/de\\\/termek\\\/facettiertes-armband-a-little-merry-christmas-marvelous-mum\\\/#primaryimage\",\"url\":\"https:\\\/\\\/dianasilver.com\\\/wp-content\\\/uploads\\\/2022\\\/08\\\/facetted-a-little-merry-christmas-marvellous-mum-silver-17-5cm-stretch-1-scaled.jpg\",\"contentUrl\":\"https:\\\/\\\/dianasilver.com\\\/wp-content\\\/uploads\\\/2022\\\/08\\\/facetted-a-little-merry-christmas-marvellous-mum-silver-17-5cm-stretch-1-scaled.jpg\",\"width\":800,\"height\":800},{\"@type\":\"BreadcrumbList\",\"@id\":\"https:\\\/\\\/dianasilver.com\\\/de\\\/termek\\\/facettiertes-armband-a-little-merry-christmas-marvelous-mum\\\/#breadcrumb\",\"itemListElement\":[{\"@type\":\"ListItem\",\"position\":1,\"name\":\"Kezd\u0151lap\",\"item\":\"https:\\\/\\\/dianasilver.com\\\/de\\\/diana-silver-silberschmuck-webshop\\\/\"},{\"@type\":\"ListItem\",\"position\":2,\"name\":\"Shop\",\"item\":\"https:\\\/\\\/dianasilver.com\\\/de\\\/shop\\\/\"},{\"@type\":\"ListItem\",\"position\":3,\"name\":\"Facettiertes Armband A Little Merry Christmas Marvelous Mum\"}]},{\"@type\":\"WebSite\",\"@id\":\"https:\\\/\\\/dianasilver.com\\\/de\\\/#website\",\"url\":\"https:\\\/\\\/dianasilver.com\\\/de\\\/\",\"name\":\"Diana Silver\",\"description\":\"Tedd t\u00f6k\u00e9letesebb\u00e9 mindennapjaid a Diana Silver \u00e9kszereivel.\",\"publisher\":{\"@id\":\"https:\\\/\\\/dianasilver.com\\\/de\\\/#organization\"},\"alternateName\":\"Ez\u00fcst \u00c9kszer Web\u00e1ruh\u00e1z\",\"potentialAction\":[{\"@type\":\"SearchAction\",\"target\":{\"@type\":\"EntryPoint\",\"urlTemplate\":\"https:\\\/\\\/dianasilver.com\\\/de\\\/?s={search_term_string}\"},\"query-input\":{\"@type\":\"PropertyValueSpecification\",\"valueRequired\":true,\"valueName\":\"search_term_string\"}}],\"inLanguage\":\"de\"},{\"@type\":\"Organization\",\"@id\":\"https:\\\/\\\/dianasilver.com\\\/de\\\/#organization\",\"name\":\"Diana Silver\",\"url\":\"https:\\\/\\\/dianasilver.com\\\/de\\\/\",\"logo\":{\"@type\":\"ImageObject\",\"inLanguage\":\"de\",\"@id\":\"https:\\\/\\\/dianasilver.com\\\/de\\\/#\\\/schema\\\/logo\\\/image\\\/\",\"url\":\"https:\\\/\\\/dianasilver.com\\\/wp-content\\\/uploads\\\/2022\\\/08\\\/ezust-feher-1-koves-buttonos-stekkeres-fulbevalo-42.webp\",\"contentUrl\":\"https:\\\/\\\/dianasilver.com\\\/wp-content\\\/uploads\\\/2022\\\/08\\\/ezust-feher-1-koves-buttonos-stekkeres-fulbevalo-42.webp\",\"width\":300,\"height\":154,\"caption\":\"Diana Silver\"},\"image\":{\"@id\":\"https:\\\/\\\/dianasilver.com\\\/de\\\/#\\\/schema\\\/logo\\\/image\\\/\"},\"sameAs\":[\"https:\\\/\\\/www.facebook.com\\\/profile.php?id=100027231325117\"]}]}<\/script>\n<!-- \/ Yoast SEO plugin. -->","yoast_head_json":{"title":"Facettiertes Armband A Little Merry Christmas Marvelous Mum | Diana Silver","description":"Fedezd fel a leny\u0171g\u00f6z\u0151 Facettiertes Armband A Little Merry Christmas Marvelous Mum \u00e9kszer\u00fcnket. T\u00f6k\u00e9letes kieg\u00e9sz\u00edt\u0151 mindennapi viselethez \u00e9s k\u00fcl\u00f6nleges alkalmakra egyar\u00e1nt. Rendeld meg most!","robots":{"index":"index","follow":"follow","max-snippet":"max-snippet:-1","max-image-preview":"max-image-preview:large","max-video-preview":"max-video-preview:-1"},"canonical":"https:\/\/dianasilver.com\/de\/termek\/facettiertes-armband-a-little-merry-christmas-marvelous-mum\/","og_locale":"de_DE","og_type":"article","og_title":"Facettiertes Armband A Little Merry Christmas Marvelous Mum | Diana Silver","og_description":"Fedezd fel a leny\u0171g\u00f6z\u0151 Facettiertes Armband A Little Merry Christmas Marvelous Mum \u00e9kszer\u00fcnket. T\u00f6k\u00e9letes kieg\u00e9sz\u00edt\u0151 mindennapi viselethez \u00e9s k\u00fcl\u00f6nleges alkalmakra egyar\u00e1nt. Rendeld meg most!","og_url":"https:\/\/dianasilver.com\/de\/termek\/facettiertes-armband-a-little-merry-christmas-marvelous-mum\/","og_site_name":"Diana Silver","article_publisher":"https:\/\/www.facebook.com\/profile.php?id=100027231325117","article_modified_time":"2026-02-20T12:51:28+00:00","og_image":[{"width":800,"height":800,"url":"https:\/\/dianasilver.com\/wp-content\/uploads\/2022\/08\/facetted-a-little-merry-christmas-marvellous-mum-silver-17-5cm-stretch-1-scaled.jpg","type":"image\/jpeg"}],"twitter_card":"summary_large_image","twitter_misc":{"Gesch\u00e4tzte Lesezeit":"1\u00a0Minute"},"schema":{"@context":"https:\/\/schema.org","@graph":[{"@type":"WebPage","@id":"https:\/\/dianasilver.com\/de\/termek\/facettiertes-armband-a-little-merry-christmas-marvelous-mum\/","url":"https:\/\/dianasilver.com\/de\/termek\/facettiertes-armband-a-little-merry-christmas-marvelous-mum\/","name":"Facettiertes Armband A Little Merry Christmas Marvelous Mum | Diana Silver","isPartOf":{"@id":"https:\/\/dianasilver.com\/de\/#website"},"primaryImageOfPage":{"@id":"https:\/\/dianasilver.com\/de\/termek\/facettiertes-armband-a-little-merry-christmas-marvelous-mum\/#primaryimage"},"image":{"@id":"https:\/\/dianasilver.com\/de\/termek\/facettiertes-armband-a-little-merry-christmas-marvelous-mum\/#primaryimage"},"thumbnailUrl":"https:\/\/dianasilver.com\/wp-content\/uploads\/2022\/08\/facetted-a-little-merry-christmas-marvellous-mum-silver-17-5cm-stretch-1-scaled.jpg","datePublished":"2022-08-31T10:57:28+00:00","dateModified":"2026-02-20T12:51:28+00:00","description":"Fedezd fel a leny\u0171g\u00f6z\u0151 Facettiertes Armband A Little Merry Christmas Marvelous Mum \u00e9kszer\u00fcnket. T\u00f6k\u00e9letes kieg\u00e9sz\u00edt\u0151 mindennapi viselethez \u00e9s k\u00fcl\u00f6nleges alkalmakra egyar\u00e1nt. Rendeld meg most!","breadcrumb":{"@id":"https:\/\/dianasilver.com\/de\/termek\/facettiertes-armband-a-little-merry-christmas-marvelous-mum\/#breadcrumb"},"inLanguage":"de","potentialAction":[{"@type":"ReadAction","target":["https:\/\/dianasilver.com\/de\/termek\/facettiertes-armband-a-little-merry-christmas-marvelous-mum\/"]}]},{"@type":"ImageObject","inLanguage":"de","@id":"https:\/\/dianasilver.com\/de\/termek\/facettiertes-armband-a-little-merry-christmas-marvelous-mum\/#primaryimage","url":"https:\/\/dianasilver.com\/wp-content\/uploads\/2022\/08\/facetted-a-little-merry-christmas-marvellous-mum-silver-17-5cm-stretch-1-scaled.jpg","contentUrl":"https:\/\/dianasilver.com\/wp-content\/uploads\/2022\/08\/facetted-a-little-merry-christmas-marvellous-mum-silver-17-5cm-stretch-1-scaled.jpg","width":800,"height":800},{"@type":"BreadcrumbList","@id":"https:\/\/dianasilver.com\/de\/termek\/facettiertes-armband-a-little-merry-christmas-marvelous-mum\/#breadcrumb","itemListElement":[{"@type":"ListItem","position":1,"name":"Kezd\u0151lap","item":"https:\/\/dianasilver.com\/de\/diana-silver-silberschmuck-webshop\/"},{"@type":"ListItem","position":2,"name":"Shop","item":"https:\/\/dianasilver.com\/de\/shop\/"},{"@type":"ListItem","position":3,"name":"Facettiertes Armband A Little Merry Christmas Marvelous Mum"}]},{"@type":"WebSite","@id":"https:\/\/dianasilver.com\/de\/#website","url":"https:\/\/dianasilver.com\/de\/","name":"Diana Silver","description":"Tedd t\u00f6k\u00e9letesebb\u00e9 mindennapjaid a Diana Silver \u00e9kszereivel.","publisher":{"@id":"https:\/\/dianasilver.com\/de\/#organization"},"alternateName":"Ez\u00fcst \u00c9kszer Web\u00e1ruh\u00e1z","potentialAction":[{"@type":"SearchAction","target":{"@type":"EntryPoint","urlTemplate":"https:\/\/dianasilver.com\/de\/?s={search_term_string}"},"query-input":{"@type":"PropertyValueSpecification","valueRequired":true,"valueName":"search_term_string"}}],"inLanguage":"de"},{"@type":"Organization","@id":"https:\/\/dianasilver.com\/de\/#organization","name":"Diana Silver","url":"https:\/\/dianasilver.com\/de\/","logo":{"@type":"ImageObject","inLanguage":"de","@id":"https:\/\/dianasilver.com\/de\/#\/schema\/logo\/image\/","url":"https:\/\/dianasilver.com\/wp-content\/uploads\/2022\/08\/ezust-feher-1-koves-buttonos-stekkeres-fulbevalo-42.webp","contentUrl":"https:\/\/dianasilver.com\/wp-content\/uploads\/2022\/08\/ezust-feher-1-koves-buttonos-stekkeres-fulbevalo-42.webp","width":300,"height":154,"caption":"Diana Silver"},"image":{"@id":"https:\/\/dianasilver.com\/de\/#\/schema\/logo\/image\/"},"sameAs":["https:\/\/www.facebook.com\/profile.php?id=100027231325117"]}]}},"_links":{"self":[{"href":"https:\/\/dianasilver.com\/de\/wp-json\/wp\/v2\/product\/112725","targetHints":{"allow":["GET"]}}],"collection":[{"href":"https:\/\/dianasilver.com\/de\/wp-json\/wp\/v2\/product"}],"about":[{"href":"https:\/\/dianasilver.com\/de\/wp-json\/wp\/v2\/types\/product"}],"version-history":[{"count":0,"href":"https:\/\/dianasilver.com\/de\/wp-json\/wp\/v2\/product\/112725\/revisions"}],"wp:featuredmedia":[{"embeddable":true,"href":"https:\/\/dianasilver.com\/de\/wp-json\/wp\/v2\/media\/95078"}],"wp:attachment":[{"href":"https:\/\/dianasilver.com\/de\/wp-json\/wp\/v2\/media?parent=112725"}],"wp:term":[{"taxonomy":"product_brand","embeddable":true,"href":"https:\/\/dianasilver.com\/de\/wp-json\/wp\/v2\/product_brand?post=112725"},{"taxonomy":"product_cat","embeddable":true,"href":"https:\/\/dianasilver.com\/de\/wp-json\/wp\/v2\/product_cat?post=112725"},{"taxonomy":"product_tag","embeddable":true,"href":"https:\/\/dianasilver.com\/de\/wp-json\/wp\/v2\/product_tag?post=112725"}],"curies":[{"name":"wp","href":"https:\/\/api.w.org\/{rel}","templated":true}]}}