{"id":112694,"date":"2022-10-17T12:06:11","date_gmt":"2022-10-17T10:06:11","guid":{"rendered":"https:\/\/dianasilver.hu\/termek\/silberne-ohrringe-mit-weissem-stein-und-4-krallen-mit-patentverschluss\/"},"modified":"2026-03-10T00:21:41","modified_gmt":"2026-03-09T23:21:41","slug":"silberne-ohrringe-mit-weissem-stein-und-4-krallen-mit-patentverschluss","status":"publish","type":"product","link":"https:\/\/dianasilver.com\/de\/termek\/silberne-ohrringe-mit-weissem-stein-und-4-krallen-mit-patentverschluss\/","title":{"rendered":"Silberne Ohrringe mit wei\u00dfem Stein und 4 Krallen mit Patentverschluss"},"content":{"rendered":"<p><strong>Silberne 4-Krallen-Ohrstecker mit wei\u00dfem Stein und Patentverschluss &#8211; raffiniertes Funkeln und sicheres Tragen!<\/strong><br \/>\nDiese klassisch eleganten Ohrringe kombinieren die <strong>zeitlose Sch\u00f6nheit einer 4-Krallen-Fassung<\/strong> mit dem <strong>subtilen Funkeln eines wei\u00dfen Steins<\/strong> und unterstreichen so den nat\u00fcrlichen Charme der Tr\u00e4gerin. Der <strong>Patentverschluss<\/strong> sorgt daf\u00fcr, dass die Ohrringe den ganzen Tag \u00fcber bequem und fest sitzen.<\/p>\n<p>\u2728 <strong>Warum sollten Sie diesen Ohrring w\u00e4hlen?<\/strong><\/p>\n<ul>\n<li><strong>Erstklassige Qualit\u00e4t:<\/strong> <strong>AG 925 Silber<\/strong> sorgt f\u00fcr einen lang anhaltenden Glanz, w\u00e4hrend die <strong>Rhodiumbeschichtung<\/strong> den Schmuck vor Abnutzung und Verf\u00e4rbung sch\u00fctzt.<\/li>\n<li><strong>Vier-Krallen-Fassung:<\/strong> ein klassischer und doch moderner Look, der den wei\u00dfen Stein perfekt h\u00e4lt.<\/li>\n<li><strong>Schimmernder wei\u00dfer Stein:<\/strong> Er reflektiert sanft das Licht, um die Ausstrahlung Ihres Gesichts zu verst\u00e4rken.<\/li>\n<li><strong>Patentgesch\u00fctztes Design:<\/strong> <strong>Einfach zu tragen, so dass Sie sich nur um das Gl\u00e4nzen k\u00fcmmern m\u00fcssen.<\/strong><\/li>\n<li><strong>Vielseitig tragbar:<\/strong> Der elegante und unaufdringliche Stil macht sie zur perfekten Wahl f\u00fcr Alltag und Freizeit.<\/li>\n<\/ul>\n<p>\ud83c\udf81 <strong>Perfekt auch als Geschenk!<\/strong><br \/>\n\u00dcberraschen Sie Ihre Liebsten mit diesem schlichten und eleganten Ohrring oder entscheiden Sie sich f\u00fcr ein klassisches und doch modernes Schmuckst\u00fcck f\u00fcr sich selbst.<\/p>\n<p><strong>Bestellen Sie jetzt und machen Sie Ihren Look mit diesem raffinierten Ohrring zu etwas ganz Besonderem!<\/strong> \u2728<\/p>\n","protected":false},"excerpt":{"rendered":"<p><strong>Silberne Ohrringe mit wei\u00dfem Stein und 4 Krallen mit Patentverschluss &#8211; gl\u00e4nzen Sie in jedem Moment!<\/strong> \u2728<br \/>\nEin Schmuckst\u00fcck, das Ihre Sch\u00f6nheit subtil unterstreicht und ein Funkeln hinzuf\u00fcgt, das die Aufmerksamkeit aller auf sich zieht. \ud83d\udc96 Machen Sie Ihren Look besonders!<\/p>\n","protected":false},"featured_media":97072,"template":"","meta":{"_acf_changed":false},"product_brand":[],"product_cat":[573],"product_tag":[527],"class_list":{"0":"post-112694","1":"product","2":"type-product","3":"status-publish","4":"has-post-thumbnail","6":"product_cat-silberne-ohrringe","7":"product_tag-silberschmuck-fur-damen","8":"description-off","10":"first","11":"instock","12":"sale","13":"taxable","14":"shipping-taxable","15":"purchasable","16":"product-type-simple"},"acf":[],"yoast_head":"<!-- This site is optimized with the Yoast SEO plugin v27.4 - https:\/\/yoast.com\/product\/yoast-seo-wordpress\/ -->\n<title>Silberne Ohrringe mit wei\u00dfem Stein und 4 Krallen mit Patentverschluss | Diana Silver<\/title>\n<meta name=\"description\" content=\"Fedezd fel a leny\u0171g\u00f6z\u0151 Silberne Ohrringe mit wei\u00dfem Stein und 4 Krallen mit Patentverschluss \u00e9kszer\u00fcnket. T\u00f6k\u00e9letes kieg\u00e9sz\u00edt\u0151 mindennapi viselethez \u00e9s k\u00fcl\u00f6nleges alkalmakra egyar\u00e1nt. Rendeld meg most!\" \/>\n<meta name=\"robots\" content=\"index, follow, max-snippet:-1, max-image-preview:large, max-video-preview:-1\" \/>\n<link rel=\"canonical\" href=\"https:\/\/dianasilver.com\/de\/termek\/silberne-ohrringe-mit-weissem-stein-und-4-krallen-mit-patentverschluss\/\" \/>\n<meta property=\"og:locale\" content=\"de_DE\" \/>\n<meta property=\"og:type\" content=\"article\" \/>\n<meta property=\"og:title\" content=\"Silberne Ohrringe mit wei\u00dfem Stein und 4 Krallen mit Patentverschluss | Diana Silver\" \/>\n<meta property=\"og:description\" content=\"Fedezd fel a leny\u0171g\u00f6z\u0151 Silberne Ohrringe mit wei\u00dfem Stein und 4 Krallen mit Patentverschluss \u00e9kszer\u00fcnket. T\u00f6k\u00e9letes kieg\u00e9sz\u00edt\u0151 mindennapi viselethez \u00e9s k\u00fcl\u00f6nleges alkalmakra egyar\u00e1nt. Rendeld meg most!\" \/>\n<meta property=\"og:url\" content=\"https:\/\/dianasilver.com\/de\/termek\/silberne-ohrringe-mit-weissem-stein-und-4-krallen-mit-patentverschluss\/\" \/>\n<meta property=\"og:site_name\" content=\"Diana Silver\" \/>\n<meta property=\"article:publisher\" content=\"https:\/\/www.facebook.com\/profile.php?id=100027231325117\" \/>\n<meta property=\"article:modified_time\" content=\"2026-03-09T23:21:41+00:00\" \/>\n<meta property=\"og:image\" content=\"https:\/\/dianasilver.com\/wp-content\/uploads\/2022\/10\/ezust-feher-koves-4-karmos-patentzaras-fulbevalo-2698.jpg\" \/>\n\t<meta property=\"og:image:width\" content=\"800\" \/>\n\t<meta property=\"og:image:height\" content=\"800\" \/>\n\t<meta property=\"og:image:type\" content=\"image\/jpeg\" \/>\n<meta name=\"twitter:card\" content=\"summary_large_image\" \/>\n<meta name=\"twitter:label1\" content=\"Gesch\u00e4tzte Lesezeit\" \/>\n\t<meta name=\"twitter:data1\" content=\"1\u00a0Minute\" \/>\n<script type=\"application\/ld+json\" class=\"yoast-schema-graph\">{\"@context\":\"https:\\\/\\\/schema.org\",\"@graph\":[{\"@type\":\"WebPage\",\"@id\":\"https:\\\/\\\/dianasilver.com\\\/de\\\/termek\\\/silberne-ohrringe-mit-weissem-stein-und-4-krallen-mit-patentverschluss\\\/\",\"url\":\"https:\\\/\\\/dianasilver.com\\\/de\\\/termek\\\/silberne-ohrringe-mit-weissem-stein-und-4-krallen-mit-patentverschluss\\\/\",\"name\":\"Silberne Ohrringe mit wei\u00dfem Stein und 4 Krallen mit Patentverschluss | Diana Silver\",\"isPartOf\":{\"@id\":\"https:\\\/\\\/dianasilver.com\\\/de\\\/#website\"},\"primaryImageOfPage\":{\"@id\":\"https:\\\/\\\/dianasilver.com\\\/de\\\/termek\\\/silberne-ohrringe-mit-weissem-stein-und-4-krallen-mit-patentverschluss\\\/#primaryimage\"},\"image\":{\"@id\":\"https:\\\/\\\/dianasilver.com\\\/de\\\/termek\\\/silberne-ohrringe-mit-weissem-stein-und-4-krallen-mit-patentverschluss\\\/#primaryimage\"},\"thumbnailUrl\":\"https:\\\/\\\/dianasilver.com\\\/wp-content\\\/uploads\\\/2022\\\/10\\\/ezust-feher-koves-4-karmos-patentzaras-fulbevalo-2698.jpg\",\"datePublished\":\"2022-10-17T10:06:11+00:00\",\"dateModified\":\"2026-03-09T23:21:41+00:00\",\"description\":\"Fedezd fel a leny\u0171g\u00f6z\u0151 Silberne Ohrringe mit wei\u00dfem Stein und 4 Krallen mit Patentverschluss \u00e9kszer\u00fcnket. T\u00f6k\u00e9letes kieg\u00e9sz\u00edt\u0151 mindennapi viselethez \u00e9s k\u00fcl\u00f6nleges alkalmakra egyar\u00e1nt. Rendeld meg most!\",\"breadcrumb\":{\"@id\":\"https:\\\/\\\/dianasilver.com\\\/de\\\/termek\\\/silberne-ohrringe-mit-weissem-stein-und-4-krallen-mit-patentverschluss\\\/#breadcrumb\"},\"inLanguage\":\"de\",\"potentialAction\":[{\"@type\":\"ReadAction\",\"target\":[\"https:\\\/\\\/dianasilver.com\\\/de\\\/termek\\\/silberne-ohrringe-mit-weissem-stein-und-4-krallen-mit-patentverschluss\\\/\"]}]},{\"@type\":\"ImageObject\",\"inLanguage\":\"de\",\"@id\":\"https:\\\/\\\/dianasilver.com\\\/de\\\/termek\\\/silberne-ohrringe-mit-weissem-stein-und-4-krallen-mit-patentverschluss\\\/#primaryimage\",\"url\":\"https:\\\/\\\/dianasilver.com\\\/wp-content\\\/uploads\\\/2022\\\/10\\\/ezust-feher-koves-4-karmos-patentzaras-fulbevalo-2698.jpg\",\"contentUrl\":\"https:\\\/\\\/dianasilver.com\\\/wp-content\\\/uploads\\\/2022\\\/10\\\/ezust-feher-koves-4-karmos-patentzaras-fulbevalo-2698.jpg\",\"width\":800,\"height\":800},{\"@type\":\"BreadcrumbList\",\"@id\":\"https:\\\/\\\/dianasilver.com\\\/de\\\/termek\\\/silberne-ohrringe-mit-weissem-stein-und-4-krallen-mit-patentverschluss\\\/#breadcrumb\",\"itemListElement\":[{\"@type\":\"ListItem\",\"position\":1,\"name\":\"Kezd\u0151lap\",\"item\":\"https:\\\/\\\/dianasilver.com\\\/de\\\/diana-silver-silberschmuck-webshop\\\/\"},{\"@type\":\"ListItem\",\"position\":2,\"name\":\"Shop\",\"item\":\"https:\\\/\\\/dianasilver.com\\\/de\\\/shop\\\/\"},{\"@type\":\"ListItem\",\"position\":3,\"name\":\"Silberne Ohrringe mit wei\u00dfem Stein und 4 Krallen mit Patentverschluss\"}]},{\"@type\":\"WebSite\",\"@id\":\"https:\\\/\\\/dianasilver.com\\\/de\\\/#website\",\"url\":\"https:\\\/\\\/dianasilver.com\\\/de\\\/\",\"name\":\"Diana Silver\",\"description\":\"Tedd t\u00f6k\u00e9letesebb\u00e9 mindennapjaid a Diana Silver \u00e9kszereivel.\",\"publisher\":{\"@id\":\"https:\\\/\\\/dianasilver.com\\\/de\\\/#organization\"},\"alternateName\":\"Ez\u00fcst \u00c9kszer Web\u00e1ruh\u00e1z\",\"potentialAction\":[{\"@type\":\"SearchAction\",\"target\":{\"@type\":\"EntryPoint\",\"urlTemplate\":\"https:\\\/\\\/dianasilver.com\\\/de\\\/?s={search_term_string}\"},\"query-input\":{\"@type\":\"PropertyValueSpecification\",\"valueRequired\":true,\"valueName\":\"search_term_string\"}}],\"inLanguage\":\"de\"},{\"@type\":\"Organization\",\"@id\":\"https:\\\/\\\/dianasilver.com\\\/de\\\/#organization\",\"name\":\"Diana Silver\",\"url\":\"https:\\\/\\\/dianasilver.com\\\/de\\\/\",\"logo\":{\"@type\":\"ImageObject\",\"inLanguage\":\"de\",\"@id\":\"https:\\\/\\\/dianasilver.com\\\/de\\\/#\\\/schema\\\/logo\\\/image\\\/\",\"url\":\"https:\\\/\\\/dianasilver.com\\\/wp-content\\\/uploads\\\/2022\\\/08\\\/ezust-feher-1-koves-buttonos-stekkeres-fulbevalo-42.webp\",\"contentUrl\":\"https:\\\/\\\/dianasilver.com\\\/wp-content\\\/uploads\\\/2022\\\/08\\\/ezust-feher-1-koves-buttonos-stekkeres-fulbevalo-42.webp\",\"width\":300,\"height\":154,\"caption\":\"Diana Silver\"},\"image\":{\"@id\":\"https:\\\/\\\/dianasilver.com\\\/de\\\/#\\\/schema\\\/logo\\\/image\\\/\"},\"sameAs\":[\"https:\\\/\\\/www.facebook.com\\\/profile.php?id=100027231325117\"]}]}<\/script>\n<!-- \/ Yoast SEO plugin. -->","yoast_head_json":{"title":"Silberne Ohrringe mit wei\u00dfem Stein und 4 Krallen mit Patentverschluss | Diana Silver","description":"Fedezd fel a leny\u0171g\u00f6z\u0151 Silberne Ohrringe mit wei\u00dfem Stein und 4 Krallen mit Patentverschluss \u00e9kszer\u00fcnket. T\u00f6k\u00e9letes kieg\u00e9sz\u00edt\u0151 mindennapi viselethez \u00e9s k\u00fcl\u00f6nleges alkalmakra egyar\u00e1nt. Rendeld meg most!","robots":{"index":"index","follow":"follow","max-snippet":"max-snippet:-1","max-image-preview":"max-image-preview:large","max-video-preview":"max-video-preview:-1"},"canonical":"https:\/\/dianasilver.com\/de\/termek\/silberne-ohrringe-mit-weissem-stein-und-4-krallen-mit-patentverschluss\/","og_locale":"de_DE","og_type":"article","og_title":"Silberne Ohrringe mit wei\u00dfem Stein und 4 Krallen mit Patentverschluss | Diana Silver","og_description":"Fedezd fel a leny\u0171g\u00f6z\u0151 Silberne Ohrringe mit wei\u00dfem Stein und 4 Krallen mit Patentverschluss \u00e9kszer\u00fcnket. T\u00f6k\u00e9letes kieg\u00e9sz\u00edt\u0151 mindennapi viselethez \u00e9s k\u00fcl\u00f6nleges alkalmakra egyar\u00e1nt. Rendeld meg most!","og_url":"https:\/\/dianasilver.com\/de\/termek\/silberne-ohrringe-mit-weissem-stein-und-4-krallen-mit-patentverschluss\/","og_site_name":"Diana Silver","article_publisher":"https:\/\/www.facebook.com\/profile.php?id=100027231325117","article_modified_time":"2026-03-09T23:21:41+00:00","og_image":[{"width":800,"height":800,"url":"https:\/\/dianasilver.com\/wp-content\/uploads\/2022\/10\/ezust-feher-koves-4-karmos-patentzaras-fulbevalo-2698.jpg","type":"image\/jpeg"}],"twitter_card":"summary_large_image","twitter_misc":{"Gesch\u00e4tzte Lesezeit":"1\u00a0Minute"},"schema":{"@context":"https:\/\/schema.org","@graph":[{"@type":"WebPage","@id":"https:\/\/dianasilver.com\/de\/termek\/silberne-ohrringe-mit-weissem-stein-und-4-krallen-mit-patentverschluss\/","url":"https:\/\/dianasilver.com\/de\/termek\/silberne-ohrringe-mit-weissem-stein-und-4-krallen-mit-patentverschluss\/","name":"Silberne Ohrringe mit wei\u00dfem Stein und 4 Krallen mit Patentverschluss | Diana Silver","isPartOf":{"@id":"https:\/\/dianasilver.com\/de\/#website"},"primaryImageOfPage":{"@id":"https:\/\/dianasilver.com\/de\/termek\/silberne-ohrringe-mit-weissem-stein-und-4-krallen-mit-patentverschluss\/#primaryimage"},"image":{"@id":"https:\/\/dianasilver.com\/de\/termek\/silberne-ohrringe-mit-weissem-stein-und-4-krallen-mit-patentverschluss\/#primaryimage"},"thumbnailUrl":"https:\/\/dianasilver.com\/wp-content\/uploads\/2022\/10\/ezust-feher-koves-4-karmos-patentzaras-fulbevalo-2698.jpg","datePublished":"2022-10-17T10:06:11+00:00","dateModified":"2026-03-09T23:21:41+00:00","description":"Fedezd fel a leny\u0171g\u00f6z\u0151 Silberne Ohrringe mit wei\u00dfem Stein und 4 Krallen mit Patentverschluss \u00e9kszer\u00fcnket. T\u00f6k\u00e9letes kieg\u00e9sz\u00edt\u0151 mindennapi viselethez \u00e9s k\u00fcl\u00f6nleges alkalmakra egyar\u00e1nt. Rendeld meg most!","breadcrumb":{"@id":"https:\/\/dianasilver.com\/de\/termek\/silberne-ohrringe-mit-weissem-stein-und-4-krallen-mit-patentverschluss\/#breadcrumb"},"inLanguage":"de","potentialAction":[{"@type":"ReadAction","target":["https:\/\/dianasilver.com\/de\/termek\/silberne-ohrringe-mit-weissem-stein-und-4-krallen-mit-patentverschluss\/"]}]},{"@type":"ImageObject","inLanguage":"de","@id":"https:\/\/dianasilver.com\/de\/termek\/silberne-ohrringe-mit-weissem-stein-und-4-krallen-mit-patentverschluss\/#primaryimage","url":"https:\/\/dianasilver.com\/wp-content\/uploads\/2022\/10\/ezust-feher-koves-4-karmos-patentzaras-fulbevalo-2698.jpg","contentUrl":"https:\/\/dianasilver.com\/wp-content\/uploads\/2022\/10\/ezust-feher-koves-4-karmos-patentzaras-fulbevalo-2698.jpg","width":800,"height":800},{"@type":"BreadcrumbList","@id":"https:\/\/dianasilver.com\/de\/termek\/silberne-ohrringe-mit-weissem-stein-und-4-krallen-mit-patentverschluss\/#breadcrumb","itemListElement":[{"@type":"ListItem","position":1,"name":"Kezd\u0151lap","item":"https:\/\/dianasilver.com\/de\/diana-silver-silberschmuck-webshop\/"},{"@type":"ListItem","position":2,"name":"Shop","item":"https:\/\/dianasilver.com\/de\/shop\/"},{"@type":"ListItem","position":3,"name":"Silberne Ohrringe mit wei\u00dfem Stein und 4 Krallen mit Patentverschluss"}]},{"@type":"WebSite","@id":"https:\/\/dianasilver.com\/de\/#website","url":"https:\/\/dianasilver.com\/de\/","name":"Diana Silver","description":"Tedd t\u00f6k\u00e9letesebb\u00e9 mindennapjaid a Diana Silver \u00e9kszereivel.","publisher":{"@id":"https:\/\/dianasilver.com\/de\/#organization"},"alternateName":"Ez\u00fcst \u00c9kszer Web\u00e1ruh\u00e1z","potentialAction":[{"@type":"SearchAction","target":{"@type":"EntryPoint","urlTemplate":"https:\/\/dianasilver.com\/de\/?s={search_term_string}"},"query-input":{"@type":"PropertyValueSpecification","valueRequired":true,"valueName":"search_term_string"}}],"inLanguage":"de"},{"@type":"Organization","@id":"https:\/\/dianasilver.com\/de\/#organization","name":"Diana Silver","url":"https:\/\/dianasilver.com\/de\/","logo":{"@type":"ImageObject","inLanguage":"de","@id":"https:\/\/dianasilver.com\/de\/#\/schema\/logo\/image\/","url":"https:\/\/dianasilver.com\/wp-content\/uploads\/2022\/08\/ezust-feher-1-koves-buttonos-stekkeres-fulbevalo-42.webp","contentUrl":"https:\/\/dianasilver.com\/wp-content\/uploads\/2022\/08\/ezust-feher-1-koves-buttonos-stekkeres-fulbevalo-42.webp","width":300,"height":154,"caption":"Diana Silver"},"image":{"@id":"https:\/\/dianasilver.com\/de\/#\/schema\/logo\/image\/"},"sameAs":["https:\/\/www.facebook.com\/profile.php?id=100027231325117"]}]}},"_links":{"self":[{"href":"https:\/\/dianasilver.com\/de\/wp-json\/wp\/v2\/product\/112694","targetHints":{"allow":["GET"]}}],"collection":[{"href":"https:\/\/dianasilver.com\/de\/wp-json\/wp\/v2\/product"}],"about":[{"href":"https:\/\/dianasilver.com\/de\/wp-json\/wp\/v2\/types\/product"}],"version-history":[{"count":0,"href":"https:\/\/dianasilver.com\/de\/wp-json\/wp\/v2\/product\/112694\/revisions"}],"wp:featuredmedia":[{"embeddable":true,"href":"https:\/\/dianasilver.com\/de\/wp-json\/wp\/v2\/media\/97072"}],"wp:attachment":[{"href":"https:\/\/dianasilver.com\/de\/wp-json\/wp\/v2\/media?parent=112694"}],"wp:term":[{"taxonomy":"product_brand","embeddable":true,"href":"https:\/\/dianasilver.com\/de\/wp-json\/wp\/v2\/product_brand?post=112694"},{"taxonomy":"product_cat","embeddable":true,"href":"https:\/\/dianasilver.com\/de\/wp-json\/wp\/v2\/product_cat?post=112694"},{"taxonomy":"product_tag","embeddable":true,"href":"https:\/\/dianasilver.com\/de\/wp-json\/wp\/v2\/product_tag?post=112694"}],"curies":[{"name":"wp","href":"https:\/\/api.w.org\/{rel}","templated":true}]}}