{"id":112680,"date":"2022-10-17T11:38:50","date_gmt":"2022-10-17T09:38:50","guid":{"rendered":"https:\/\/dianasilver.hu\/termek\/silberne-blatt-ohrstecker-mit-weissem-stein\/"},"modified":"2026-03-10T00:21:41","modified_gmt":"2026-03-09T23:21:41","slug":"silberne-blatt-ohrstecker-mit-weissem-stein","status":"publish","type":"product","link":"https:\/\/dianasilver.com\/de\/termek\/silberne-blatt-ohrstecker-mit-weissem-stein\/","title":{"rendered":"Silberne Blatt-Ohrstecker mit wei\u00dfem Stein"},"content":{"rendered":"<h2 data-pm-slice=\"1 1 []\"><strong>Silberne Blatt-Ohrstecker mit wei\u00dfem Stein &#8211; feine Details, nat\u00fcrlicher Glanz!<\/strong><\/h2>\n<p data-pm-slice=\"1 1 []\">\nDas Wetter mag tr\u00fcbe sein, Ihre Stimmung mag gedr\u00fcckt sein, aber dieser Ohrring wird Ihnen Lebensfreude bringen! Die Kombination aus einem <strong>von der Natur inspirierten Blattmotiv<\/strong> und <strong>strahlend wei\u00dfen Steinen<\/strong> wird Ihren eleganten Look perfekt erg\u00e4nzen. Die <strong>silberne Fassung<\/strong> und das <strong>stekkeres Design<\/strong> sorgen f\u00fcr einen angenehmen Tragekomfort, der den ganzen Tag lang an seinem Platz bleibt.<\/p>\n<p>\u2728  <strong>Warum sollten Sie diesen Ohrring w\u00e4hlen?<\/strong><\/p>\n<ul data-spread=\"false\">\n<li><strong>Erstklassige Qualit\u00e4t:<\/strong> Das <strong>AG 925 Silber<\/strong> sorgt f\u00fcr einen lang anhaltenden Glanz, w\u00e4hrend die <strong>Rhodiumbeschichtung<\/strong> den Schmuck vor Abnutzung und Verf\u00e4rbung sch\u00fctzt.<\/li>\n<li><strong>Von der Natur inspiriertes Design:<\/strong> das Blattmotiv verleiht einen raffinierten und femininen Look.<\/li>\n<li><strong>Wei\u00dfe Steine schimmern:<\/strong> Sie reflektieren sanft das Licht und betonen die Sch\u00f6nheit Ihres Gesichts.<\/li>\n<li><strong>Stekkeres Design:<\/strong> <strong>Bequem zu tragen und bleibt fest an seinem Platz.<\/strong><\/li>\n<li><strong>Vielseitiges Accessoire:<\/strong> perfekt f\u00fcr die Eleganz des Alltags und besondere Anl\u00e4sse.<\/li>\n<\/ul>\n<p>\ud83c\udf81 <strong>Perfekt auch als Geschenk!<\/strong><br \/>\n\u00dcberraschen Sie Ihre Lieben mit diesen fein gearbeiteten, von der Natur inspirierten Ohrringen oder w\u00e4hlen Sie sie f\u00fcr sich selbst, wenn Sie auf der Suche nach einem klaren und hellen Schmuckst\u00fcck sind.<\/p>\n<p><strong>Bestellen Sie jetzt und lassen Sie die Sch\u00f6nheit der Natur immer bei sich sein!<\/strong>  \u2728\ud83c\udf43<\/p>\n<div>\n<hr>\n<\/div>\n<p>&nbsp;<\/p>\n","protected":false},"excerpt":{"rendered":"<p data-pm-slice=\"1 1 []\"><strong>Silberne Blatt-Ohrstecker mit wei\u00dfen Steinen &#8211; von der Natur inspirierte Eleganz!<\/strong> \u2728<br \/>\nDas zarte Blattmotiv und die funkelnden wei\u00dfen Steine bilden eine perfekte Harmonie. Ein Schmuckst\u00fcck, das die Sch\u00f6nheit der Natur widerspiegelt! \ud83c\udf43<\/p>\n","protected":false},"featured_media":97020,"template":"","meta":{"_acf_changed":false},"product_brand":[],"product_cat":[573],"product_tag":[527],"class_list":{"0":"post-112680","1":"product","2":"type-product","3":"status-publish","4":"has-post-thumbnail","6":"product_cat-silberne-ohrringe","7":"product_tag-silberschmuck-fur-damen","8":"description-off","10":"first","11":"instock","12":"sale","13":"taxable","14":"shipping-taxable","15":"purchasable","16":"product-type-simple"},"acf":[],"yoast_head":"<!-- This site is optimized with the Yoast SEO plugin v27.4 - https:\/\/yoast.com\/product\/yoast-seo-wordpress\/ -->\n<title>Silberne Blatt-Ohrstecker mit wei\u00dfem Stein | Diana Silver<\/title>\n<meta name=\"description\" content=\"Fedezd fel a leny\u0171g\u00f6z\u0151 Silberne Blatt-Ohrstecker mit wei\u00dfem Stein \u00e9kszer\u00fcnket. T\u00f6k\u00e9letes kieg\u00e9sz\u00edt\u0151 mindennapi viselethez \u00e9s k\u00fcl\u00f6nleges alkalmakra egyar\u00e1nt. Rendeld meg most!\" \/>\n<meta name=\"robots\" content=\"index, follow, max-snippet:-1, max-image-preview:large, max-video-preview:-1\" \/>\n<link rel=\"canonical\" href=\"https:\/\/dianasilver.com\/de\/termek\/silberne-blatt-ohrstecker-mit-weissem-stein\/\" \/>\n<meta property=\"og:locale\" content=\"de_DE\" \/>\n<meta property=\"og:type\" content=\"article\" \/>\n<meta property=\"og:title\" content=\"Silberne Blatt-Ohrstecker mit wei\u00dfem Stein | Diana Silver\" \/>\n<meta property=\"og:description\" content=\"Fedezd fel a leny\u0171g\u00f6z\u0151 Silberne Blatt-Ohrstecker mit wei\u00dfem Stein \u00e9kszer\u00fcnket. T\u00f6k\u00e9letes kieg\u00e9sz\u00edt\u0151 mindennapi viselethez \u00e9s k\u00fcl\u00f6nleges alkalmakra egyar\u00e1nt. Rendeld meg most!\" \/>\n<meta property=\"og:url\" content=\"https:\/\/dianasilver.com\/de\/termek\/silberne-blatt-ohrstecker-mit-weissem-stein\/\" \/>\n<meta property=\"og:site_name\" content=\"Diana Silver\" \/>\n<meta property=\"article:publisher\" content=\"https:\/\/www.facebook.com\/profile.php?id=100027231325117\" \/>\n<meta property=\"article:modified_time\" content=\"2026-03-09T23:21:41+00:00\" \/>\n<meta property=\"og:image\" content=\"https:\/\/dianasilver.com\/wp-content\/uploads\/2022\/10\/ezust-feher-koves-leveles-stekkeres-fulbevalo-2656.jpg\" \/>\n\t<meta property=\"og:image:width\" content=\"800\" \/>\n\t<meta property=\"og:image:height\" content=\"800\" \/>\n\t<meta property=\"og:image:type\" content=\"image\/jpeg\" \/>\n<meta name=\"twitter:card\" content=\"summary_large_image\" \/>\n<meta name=\"twitter:label1\" content=\"Gesch\u00e4tzte Lesezeit\" \/>\n\t<meta name=\"twitter:data1\" content=\"1\u00a0Minute\" \/>\n<script type=\"application\/ld+json\" class=\"yoast-schema-graph\">{\"@context\":\"https:\\\/\\\/schema.org\",\"@graph\":[{\"@type\":\"WebPage\",\"@id\":\"https:\\\/\\\/dianasilver.com\\\/de\\\/termek\\\/silberne-blatt-ohrstecker-mit-weissem-stein\\\/\",\"url\":\"https:\\\/\\\/dianasilver.com\\\/de\\\/termek\\\/silberne-blatt-ohrstecker-mit-weissem-stein\\\/\",\"name\":\"Silberne Blatt-Ohrstecker mit wei\u00dfem Stein | Diana Silver\",\"isPartOf\":{\"@id\":\"https:\\\/\\\/dianasilver.com\\\/de\\\/#website\"},\"primaryImageOfPage\":{\"@id\":\"https:\\\/\\\/dianasilver.com\\\/de\\\/termek\\\/silberne-blatt-ohrstecker-mit-weissem-stein\\\/#primaryimage\"},\"image\":{\"@id\":\"https:\\\/\\\/dianasilver.com\\\/de\\\/termek\\\/silberne-blatt-ohrstecker-mit-weissem-stein\\\/#primaryimage\"},\"thumbnailUrl\":\"https:\\\/\\\/dianasilver.com\\\/wp-content\\\/uploads\\\/2022\\\/10\\\/ezust-feher-koves-leveles-stekkeres-fulbevalo-2656.jpg\",\"datePublished\":\"2022-10-17T09:38:50+00:00\",\"dateModified\":\"2026-03-09T23:21:41+00:00\",\"description\":\"Fedezd fel a leny\u0171g\u00f6z\u0151 Silberne Blatt-Ohrstecker mit wei\u00dfem Stein \u00e9kszer\u00fcnket. T\u00f6k\u00e9letes kieg\u00e9sz\u00edt\u0151 mindennapi viselethez \u00e9s k\u00fcl\u00f6nleges alkalmakra egyar\u00e1nt. Rendeld meg most!\",\"breadcrumb\":{\"@id\":\"https:\\\/\\\/dianasilver.com\\\/de\\\/termek\\\/silberne-blatt-ohrstecker-mit-weissem-stein\\\/#breadcrumb\"},\"inLanguage\":\"de\",\"potentialAction\":[{\"@type\":\"ReadAction\",\"target\":[\"https:\\\/\\\/dianasilver.com\\\/de\\\/termek\\\/silberne-blatt-ohrstecker-mit-weissem-stein\\\/\"]}]},{\"@type\":\"ImageObject\",\"inLanguage\":\"de\",\"@id\":\"https:\\\/\\\/dianasilver.com\\\/de\\\/termek\\\/silberne-blatt-ohrstecker-mit-weissem-stein\\\/#primaryimage\",\"url\":\"https:\\\/\\\/dianasilver.com\\\/wp-content\\\/uploads\\\/2022\\\/10\\\/ezust-feher-koves-leveles-stekkeres-fulbevalo-2656.jpg\",\"contentUrl\":\"https:\\\/\\\/dianasilver.com\\\/wp-content\\\/uploads\\\/2022\\\/10\\\/ezust-feher-koves-leveles-stekkeres-fulbevalo-2656.jpg\",\"width\":800,\"height\":800},{\"@type\":\"BreadcrumbList\",\"@id\":\"https:\\\/\\\/dianasilver.com\\\/de\\\/termek\\\/silberne-blatt-ohrstecker-mit-weissem-stein\\\/#breadcrumb\",\"itemListElement\":[{\"@type\":\"ListItem\",\"position\":1,\"name\":\"Kezd\u0151lap\",\"item\":\"https:\\\/\\\/dianasilver.com\\\/de\\\/diana-silver-silberschmuck-webshop\\\/\"},{\"@type\":\"ListItem\",\"position\":2,\"name\":\"Shop\",\"item\":\"https:\\\/\\\/dianasilver.com\\\/de\\\/shop\\\/\"},{\"@type\":\"ListItem\",\"position\":3,\"name\":\"Silberne Blatt-Ohrstecker mit wei\u00dfem Stein\"}]},{\"@type\":\"WebSite\",\"@id\":\"https:\\\/\\\/dianasilver.com\\\/de\\\/#website\",\"url\":\"https:\\\/\\\/dianasilver.com\\\/de\\\/\",\"name\":\"Diana Silver\",\"description\":\"Tedd t\u00f6k\u00e9letesebb\u00e9 mindennapjaid a Diana Silver \u00e9kszereivel.\",\"publisher\":{\"@id\":\"https:\\\/\\\/dianasilver.com\\\/de\\\/#organization\"},\"alternateName\":\"Ez\u00fcst \u00c9kszer Web\u00e1ruh\u00e1z\",\"potentialAction\":[{\"@type\":\"SearchAction\",\"target\":{\"@type\":\"EntryPoint\",\"urlTemplate\":\"https:\\\/\\\/dianasilver.com\\\/de\\\/?s={search_term_string}\"},\"query-input\":{\"@type\":\"PropertyValueSpecification\",\"valueRequired\":true,\"valueName\":\"search_term_string\"}}],\"inLanguage\":\"de\"},{\"@type\":\"Organization\",\"@id\":\"https:\\\/\\\/dianasilver.com\\\/de\\\/#organization\",\"name\":\"Diana Silver\",\"url\":\"https:\\\/\\\/dianasilver.com\\\/de\\\/\",\"logo\":{\"@type\":\"ImageObject\",\"inLanguage\":\"de\",\"@id\":\"https:\\\/\\\/dianasilver.com\\\/de\\\/#\\\/schema\\\/logo\\\/image\\\/\",\"url\":\"https:\\\/\\\/dianasilver.com\\\/wp-content\\\/uploads\\\/2022\\\/08\\\/ezust-feher-1-koves-buttonos-stekkeres-fulbevalo-42.webp\",\"contentUrl\":\"https:\\\/\\\/dianasilver.com\\\/wp-content\\\/uploads\\\/2022\\\/08\\\/ezust-feher-1-koves-buttonos-stekkeres-fulbevalo-42.webp\",\"width\":300,\"height\":154,\"caption\":\"Diana Silver\"},\"image\":{\"@id\":\"https:\\\/\\\/dianasilver.com\\\/de\\\/#\\\/schema\\\/logo\\\/image\\\/\"},\"sameAs\":[\"https:\\\/\\\/www.facebook.com\\\/profile.php?id=100027231325117\"]}]}<\/script>\n<!-- \/ Yoast SEO plugin. -->","yoast_head_json":{"title":"Silberne Blatt-Ohrstecker mit wei\u00dfem Stein | Diana Silver","description":"Fedezd fel a leny\u0171g\u00f6z\u0151 Silberne Blatt-Ohrstecker mit wei\u00dfem Stein \u00e9kszer\u00fcnket. T\u00f6k\u00e9letes kieg\u00e9sz\u00edt\u0151 mindennapi viselethez \u00e9s k\u00fcl\u00f6nleges alkalmakra egyar\u00e1nt. Rendeld meg most!","robots":{"index":"index","follow":"follow","max-snippet":"max-snippet:-1","max-image-preview":"max-image-preview:large","max-video-preview":"max-video-preview:-1"},"canonical":"https:\/\/dianasilver.com\/de\/termek\/silberne-blatt-ohrstecker-mit-weissem-stein\/","og_locale":"de_DE","og_type":"article","og_title":"Silberne Blatt-Ohrstecker mit wei\u00dfem Stein | Diana Silver","og_description":"Fedezd fel a leny\u0171g\u00f6z\u0151 Silberne Blatt-Ohrstecker mit wei\u00dfem Stein \u00e9kszer\u00fcnket. T\u00f6k\u00e9letes kieg\u00e9sz\u00edt\u0151 mindennapi viselethez \u00e9s k\u00fcl\u00f6nleges alkalmakra egyar\u00e1nt. Rendeld meg most!","og_url":"https:\/\/dianasilver.com\/de\/termek\/silberne-blatt-ohrstecker-mit-weissem-stein\/","og_site_name":"Diana Silver","article_publisher":"https:\/\/www.facebook.com\/profile.php?id=100027231325117","article_modified_time":"2026-03-09T23:21:41+00:00","og_image":[{"width":800,"height":800,"url":"https:\/\/dianasilver.com\/wp-content\/uploads\/2022\/10\/ezust-feher-koves-leveles-stekkeres-fulbevalo-2656.jpg","type":"image\/jpeg"}],"twitter_card":"summary_large_image","twitter_misc":{"Gesch\u00e4tzte Lesezeit":"1\u00a0Minute"},"schema":{"@context":"https:\/\/schema.org","@graph":[{"@type":"WebPage","@id":"https:\/\/dianasilver.com\/de\/termek\/silberne-blatt-ohrstecker-mit-weissem-stein\/","url":"https:\/\/dianasilver.com\/de\/termek\/silberne-blatt-ohrstecker-mit-weissem-stein\/","name":"Silberne Blatt-Ohrstecker mit wei\u00dfem Stein | Diana Silver","isPartOf":{"@id":"https:\/\/dianasilver.com\/de\/#website"},"primaryImageOfPage":{"@id":"https:\/\/dianasilver.com\/de\/termek\/silberne-blatt-ohrstecker-mit-weissem-stein\/#primaryimage"},"image":{"@id":"https:\/\/dianasilver.com\/de\/termek\/silberne-blatt-ohrstecker-mit-weissem-stein\/#primaryimage"},"thumbnailUrl":"https:\/\/dianasilver.com\/wp-content\/uploads\/2022\/10\/ezust-feher-koves-leveles-stekkeres-fulbevalo-2656.jpg","datePublished":"2022-10-17T09:38:50+00:00","dateModified":"2026-03-09T23:21:41+00:00","description":"Fedezd fel a leny\u0171g\u00f6z\u0151 Silberne Blatt-Ohrstecker mit wei\u00dfem Stein \u00e9kszer\u00fcnket. T\u00f6k\u00e9letes kieg\u00e9sz\u00edt\u0151 mindennapi viselethez \u00e9s k\u00fcl\u00f6nleges alkalmakra egyar\u00e1nt. Rendeld meg most!","breadcrumb":{"@id":"https:\/\/dianasilver.com\/de\/termek\/silberne-blatt-ohrstecker-mit-weissem-stein\/#breadcrumb"},"inLanguage":"de","potentialAction":[{"@type":"ReadAction","target":["https:\/\/dianasilver.com\/de\/termek\/silberne-blatt-ohrstecker-mit-weissem-stein\/"]}]},{"@type":"ImageObject","inLanguage":"de","@id":"https:\/\/dianasilver.com\/de\/termek\/silberne-blatt-ohrstecker-mit-weissem-stein\/#primaryimage","url":"https:\/\/dianasilver.com\/wp-content\/uploads\/2022\/10\/ezust-feher-koves-leveles-stekkeres-fulbevalo-2656.jpg","contentUrl":"https:\/\/dianasilver.com\/wp-content\/uploads\/2022\/10\/ezust-feher-koves-leveles-stekkeres-fulbevalo-2656.jpg","width":800,"height":800},{"@type":"BreadcrumbList","@id":"https:\/\/dianasilver.com\/de\/termek\/silberne-blatt-ohrstecker-mit-weissem-stein\/#breadcrumb","itemListElement":[{"@type":"ListItem","position":1,"name":"Kezd\u0151lap","item":"https:\/\/dianasilver.com\/de\/diana-silver-silberschmuck-webshop\/"},{"@type":"ListItem","position":2,"name":"Shop","item":"https:\/\/dianasilver.com\/de\/shop\/"},{"@type":"ListItem","position":3,"name":"Silberne Blatt-Ohrstecker mit wei\u00dfem Stein"}]},{"@type":"WebSite","@id":"https:\/\/dianasilver.com\/de\/#website","url":"https:\/\/dianasilver.com\/de\/","name":"Diana Silver","description":"Tedd t\u00f6k\u00e9letesebb\u00e9 mindennapjaid a Diana Silver \u00e9kszereivel.","publisher":{"@id":"https:\/\/dianasilver.com\/de\/#organization"},"alternateName":"Ez\u00fcst \u00c9kszer Web\u00e1ruh\u00e1z","potentialAction":[{"@type":"SearchAction","target":{"@type":"EntryPoint","urlTemplate":"https:\/\/dianasilver.com\/de\/?s={search_term_string}"},"query-input":{"@type":"PropertyValueSpecification","valueRequired":true,"valueName":"search_term_string"}}],"inLanguage":"de"},{"@type":"Organization","@id":"https:\/\/dianasilver.com\/de\/#organization","name":"Diana Silver","url":"https:\/\/dianasilver.com\/de\/","logo":{"@type":"ImageObject","inLanguage":"de","@id":"https:\/\/dianasilver.com\/de\/#\/schema\/logo\/image\/","url":"https:\/\/dianasilver.com\/wp-content\/uploads\/2022\/08\/ezust-feher-1-koves-buttonos-stekkeres-fulbevalo-42.webp","contentUrl":"https:\/\/dianasilver.com\/wp-content\/uploads\/2022\/08\/ezust-feher-1-koves-buttonos-stekkeres-fulbevalo-42.webp","width":300,"height":154,"caption":"Diana Silver"},"image":{"@id":"https:\/\/dianasilver.com\/de\/#\/schema\/logo\/image\/"},"sameAs":["https:\/\/www.facebook.com\/profile.php?id=100027231325117"]}]}},"_links":{"self":[{"href":"https:\/\/dianasilver.com\/de\/wp-json\/wp\/v2\/product\/112680","targetHints":{"allow":["GET"]}}],"collection":[{"href":"https:\/\/dianasilver.com\/de\/wp-json\/wp\/v2\/product"}],"about":[{"href":"https:\/\/dianasilver.com\/de\/wp-json\/wp\/v2\/types\/product"}],"version-history":[{"count":0,"href":"https:\/\/dianasilver.com\/de\/wp-json\/wp\/v2\/product\/112680\/revisions"}],"wp:featuredmedia":[{"embeddable":true,"href":"https:\/\/dianasilver.com\/de\/wp-json\/wp\/v2\/media\/97020"}],"wp:attachment":[{"href":"https:\/\/dianasilver.com\/de\/wp-json\/wp\/v2\/media?parent=112680"}],"wp:term":[{"taxonomy":"product_brand","embeddable":true,"href":"https:\/\/dianasilver.com\/de\/wp-json\/wp\/v2\/product_brand?post=112680"},{"taxonomy":"product_cat","embeddable":true,"href":"https:\/\/dianasilver.com\/de\/wp-json\/wp\/v2\/product_cat?post=112680"},{"taxonomy":"product_tag","embeddable":true,"href":"https:\/\/dianasilver.com\/de\/wp-json\/wp\/v2\/product_tag?post=112680"}],"curies":[{"name":"wp","href":"https:\/\/api.w.org\/{rel}","templated":true}]}}