{"id":112632,"date":"2022-10-14T11:20:25","date_gmt":"2022-10-14T09:20:25","guid":{"rendered":"https:\/\/dianasilver.hu\/termek\/eulen-anhaenger-mit-steinen\/"},"modified":"2026-01-16T17:44:18","modified_gmt":"2026-01-16T16:44:18","slug":"eulen-anhaenger-mit-steinen","status":"publish","type":"product","link":"https:\/\/dianasilver.com\/de\/termek\/eulen-anhaenger-mit-steinen\/","title":{"rendered":"Eulen-Anh\u00e4nger mit Steinen"},"content":{"rendered":"<h2 data-pm-slice=\"1 1 []\"><strong>Steinkauz-Anh\u00e4nger &#8211; mystische Sch\u00f6nheit und anspruchsvolle Handwerkskunst!<\/strong><\/h2>\n<p data-pm-slice=\"1 1 []\">\nDieser besondere Anh\u00e4nger verbindet die <strong>Weisheit und das Geheimnis der<\/strong> Eule <strong>mit dem Glanz von Silber<\/strong> und <strong>funkelnden Steinen<\/strong>. Sorgf\u00e4ltig gearbeitete Details erwecken diesen eleganten Schmuck zum Leben, perfekt f\u00fcr den Alltag und besondere Anl\u00e4sse. Die <strong>silberne Fassung<\/strong> verleiht dem Anh\u00e4nger einen modernen Look, w\u00e4hrend das subtile Funkeln der Steine seinen einzigartigen Stil unterstreicht.<\/p>\n<p>\u2728  <strong>Warum sollten Sie diesen Anh\u00e4nger w\u00e4hlen?<\/strong><\/p>\n<ul data-spread=\"false\">\n<li><strong>Premium-Qualit\u00e4t:<\/strong> Der dauerhafte Glanz des <strong>AG 925 Silbers<\/strong> wird durch eine <strong>Rhodium-Beschichtung<\/strong> vor Abnutzung und Verf\u00e4rbung gesch\u00fctzt.<\/li>\n<li><strong>Mystisches Eulen-Design:<\/strong> ein Symbol f\u00fcr Wissen und Weisheit, das eine tiefere Bedeutung hat.<\/li>\n<li><strong>Schimmernde Steine:<\/strong> Sie reflektieren das Licht auf subtile Weise und erzeugen einen besonderen Effekt.<\/li>\n<li><strong>Raffinierte Details:<\/strong> pr\u00e4zise Handwerkskunst, die den Schmuck zum Leben erweckt.<\/li>\n<li><strong>Ein vielseitiges Accessoire:<\/strong> ein einzigartiges St\u00fcck, das sowohl Alltags- als auch Freizeitkleidung stilvoll erg\u00e4nzt.<\/li>\n<\/ul>\n<p>\ud83c\udf81 <strong>Perfekt auch als Geschenk!<\/strong><br \/>\nSchenken Sie Ihren Liebsten diesen zauberhaften Eulenanh\u00e4nger oder w\u00e4hlen Sie ihn f\u00fcr sich selbst, wenn Sie auf der Suche nach einem symbolischen und einzigartigen Schmuckst\u00fcck sind.<\/p>\n<p><strong>Bestellen Sie jetzt und genie\u00dfen Sie die symbolische Kraft und den Glanz der Eule jeden Tag!<\/strong>  \u2728\ud83e\udd89\ud83d\udc8e<\/p>\n","protected":false},"excerpt":{"rendered":"<p data-pm-slice=\"1 1 []\"><strong>Anh\u00e4nger Eule mit Steinen &#8211; Weisheit und Brillanz in einem Schmuckst\u00fcck!<\/strong> \u2728<br \/>\nDie Eule ist ein Symbol des Wissens und des Geheimnisses, das durch die funkelnden Steine noch besonderer wird. Ein einzigartiges Accessoire, das jedes Outfit aufpeppt! \ud83e\udd89\ud83d\udc8e<\/p>\n","protected":false},"featured_media":96804,"template":"","meta":{"_acf_changed":false},"product_brand":[],"product_cat":[616],"product_tag":[527,650,628],"class_list":{"0":"post-112632","1":"product","2":"type-product","3":"status-publish","4":"has-post-thumbnail","6":"product_cat-silberne-anhanger","7":"product_tag-silberschmuck-fur-damen","8":"product_tag-kinder-silberschmuck","9":"product_tag-tiermotiv","10":"description-off","12":"first","13":"instock","14":"sale","15":"taxable","16":"shipping-taxable","17":"purchasable","18":"product-type-simple"},"acf":[],"yoast_head":"<!-- This site is optimized with the Yoast SEO plugin v27.4 - https:\/\/yoast.com\/product\/yoast-seo-wordpress\/ -->\n<title>Eulen-Anh\u00e4nger mit Steinen | Diana Silver<\/title>\n<meta name=\"description\" content=\"Fedezd fel a leny\u0171g\u00f6z\u0151 Eulen-Anh\u00e4nger mit Steinen \u00e9kszer\u00fcnket. T\u00f6k\u00e9letes kieg\u00e9sz\u00edt\u0151 mindennapi viselethez \u00e9s k\u00fcl\u00f6nleges alkalmakra egyar\u00e1nt. Rendeld meg most!\" \/>\n<meta name=\"robots\" content=\"index, follow, max-snippet:-1, max-image-preview:large, max-video-preview:-1\" \/>\n<link rel=\"canonical\" href=\"https:\/\/dianasilver.com\/de\/termek\/eulen-anhaenger-mit-steinen\/\" \/>\n<meta property=\"og:locale\" content=\"de_DE\" \/>\n<meta property=\"og:type\" content=\"article\" \/>\n<meta property=\"og:title\" content=\"Eulen-Anh\u00e4nger mit Steinen | Diana Silver\" \/>\n<meta property=\"og:description\" content=\"Fedezd fel a leny\u0171g\u00f6z\u0151 Eulen-Anh\u00e4nger mit Steinen \u00e9kszer\u00fcnket. T\u00f6k\u00e9letes kieg\u00e9sz\u00edt\u0151 mindennapi viselethez \u00e9s k\u00fcl\u00f6nleges alkalmakra egyar\u00e1nt. Rendeld meg most!\" \/>\n<meta property=\"og:url\" content=\"https:\/\/dianasilver.com\/de\/termek\/eulen-anhaenger-mit-steinen\/\" \/>\n<meta property=\"og:site_name\" content=\"Diana Silver\" \/>\n<meta property=\"article:publisher\" content=\"https:\/\/www.facebook.com\/profile.php?id=100027231325117\" \/>\n<meta property=\"article:modified_time\" content=\"2026-01-16T16:44:18+00:00\" \/>\n<meta property=\"og:image\" content=\"https:\/\/dianasilver.com\/wp-content\/uploads\/2022\/10\/koves-bagoly-medal-2514.jpg\" \/>\n\t<meta property=\"og:image:width\" content=\"800\" \/>\n\t<meta property=\"og:image:height\" content=\"800\" \/>\n\t<meta property=\"og:image:type\" content=\"image\/jpeg\" \/>\n<meta name=\"twitter:card\" content=\"summary_large_image\" \/>\n<meta name=\"twitter:label1\" content=\"Gesch\u00e4tzte Lesezeit\" \/>\n\t<meta name=\"twitter:data1\" content=\"1\u00a0Minute\" \/>\n<script type=\"application\/ld+json\" class=\"yoast-schema-graph\">{\"@context\":\"https:\\\/\\\/schema.org\",\"@graph\":[{\"@type\":\"WebPage\",\"@id\":\"https:\\\/\\\/dianasilver.com\\\/de\\\/termek\\\/eulen-anhaenger-mit-steinen\\\/\",\"url\":\"https:\\\/\\\/dianasilver.com\\\/de\\\/termek\\\/eulen-anhaenger-mit-steinen\\\/\",\"name\":\"Eulen-Anh\u00e4nger mit Steinen | Diana Silver\",\"isPartOf\":{\"@id\":\"https:\\\/\\\/dianasilver.com\\\/de\\\/#website\"},\"primaryImageOfPage\":{\"@id\":\"https:\\\/\\\/dianasilver.com\\\/de\\\/termek\\\/eulen-anhaenger-mit-steinen\\\/#primaryimage\"},\"image\":{\"@id\":\"https:\\\/\\\/dianasilver.com\\\/de\\\/termek\\\/eulen-anhaenger-mit-steinen\\\/#primaryimage\"},\"thumbnailUrl\":\"https:\\\/\\\/dianasilver.com\\\/wp-content\\\/uploads\\\/2022\\\/10\\\/koves-bagoly-medal-2514.jpg\",\"datePublished\":\"2022-10-14T09:20:25+00:00\",\"dateModified\":\"2026-01-16T16:44:18+00:00\",\"description\":\"Fedezd fel a leny\u0171g\u00f6z\u0151 Eulen-Anh\u00e4nger mit Steinen \u00e9kszer\u00fcnket. T\u00f6k\u00e9letes kieg\u00e9sz\u00edt\u0151 mindennapi viselethez \u00e9s k\u00fcl\u00f6nleges alkalmakra egyar\u00e1nt. Rendeld meg most!\",\"breadcrumb\":{\"@id\":\"https:\\\/\\\/dianasilver.com\\\/de\\\/termek\\\/eulen-anhaenger-mit-steinen\\\/#breadcrumb\"},\"inLanguage\":\"de\",\"potentialAction\":[{\"@type\":\"ReadAction\",\"target\":[\"https:\\\/\\\/dianasilver.com\\\/de\\\/termek\\\/eulen-anhaenger-mit-steinen\\\/\"]}]},{\"@type\":\"ImageObject\",\"inLanguage\":\"de\",\"@id\":\"https:\\\/\\\/dianasilver.com\\\/de\\\/termek\\\/eulen-anhaenger-mit-steinen\\\/#primaryimage\",\"url\":\"https:\\\/\\\/dianasilver.com\\\/wp-content\\\/uploads\\\/2022\\\/10\\\/koves-bagoly-medal-2514.jpg\",\"contentUrl\":\"https:\\\/\\\/dianasilver.com\\\/wp-content\\\/uploads\\\/2022\\\/10\\\/koves-bagoly-medal-2514.jpg\",\"width\":800,\"height\":800},{\"@type\":\"BreadcrumbList\",\"@id\":\"https:\\\/\\\/dianasilver.com\\\/de\\\/termek\\\/eulen-anhaenger-mit-steinen\\\/#breadcrumb\",\"itemListElement\":[{\"@type\":\"ListItem\",\"position\":1,\"name\":\"Kezd\u0151lap\",\"item\":\"https:\\\/\\\/dianasilver.com\\\/de\\\/diana-silver-silberschmuck-webshop\\\/\"},{\"@type\":\"ListItem\",\"position\":2,\"name\":\"Shop\",\"item\":\"https:\\\/\\\/dianasilver.com\\\/de\\\/shop\\\/\"},{\"@type\":\"ListItem\",\"position\":3,\"name\":\"Eulen-Anh\u00e4nger mit Steinen\"}]},{\"@type\":\"WebSite\",\"@id\":\"https:\\\/\\\/dianasilver.com\\\/de\\\/#website\",\"url\":\"https:\\\/\\\/dianasilver.com\\\/de\\\/\",\"name\":\"Diana Silver\",\"description\":\"Tedd t\u00f6k\u00e9letesebb\u00e9 mindennapjaid a Diana Silver \u00e9kszereivel.\",\"publisher\":{\"@id\":\"https:\\\/\\\/dianasilver.com\\\/de\\\/#organization\"},\"alternateName\":\"Ez\u00fcst \u00c9kszer Web\u00e1ruh\u00e1z\",\"potentialAction\":[{\"@type\":\"SearchAction\",\"target\":{\"@type\":\"EntryPoint\",\"urlTemplate\":\"https:\\\/\\\/dianasilver.com\\\/de\\\/?s={search_term_string}\"},\"query-input\":{\"@type\":\"PropertyValueSpecification\",\"valueRequired\":true,\"valueName\":\"search_term_string\"}}],\"inLanguage\":\"de\"},{\"@type\":\"Organization\",\"@id\":\"https:\\\/\\\/dianasilver.com\\\/de\\\/#organization\",\"name\":\"Diana Silver\",\"url\":\"https:\\\/\\\/dianasilver.com\\\/de\\\/\",\"logo\":{\"@type\":\"ImageObject\",\"inLanguage\":\"de\",\"@id\":\"https:\\\/\\\/dianasilver.com\\\/de\\\/#\\\/schema\\\/logo\\\/image\\\/\",\"url\":\"https:\\\/\\\/dianasilver.com\\\/wp-content\\\/uploads\\\/2022\\\/08\\\/ezust-feher-1-koves-buttonos-stekkeres-fulbevalo-42.webp\",\"contentUrl\":\"https:\\\/\\\/dianasilver.com\\\/wp-content\\\/uploads\\\/2022\\\/08\\\/ezust-feher-1-koves-buttonos-stekkeres-fulbevalo-42.webp\",\"width\":300,\"height\":154,\"caption\":\"Diana Silver\"},\"image\":{\"@id\":\"https:\\\/\\\/dianasilver.com\\\/de\\\/#\\\/schema\\\/logo\\\/image\\\/\"},\"sameAs\":[\"https:\\\/\\\/www.facebook.com\\\/profile.php?id=100027231325117\"]}]}<\/script>\n<!-- \/ Yoast SEO plugin. -->","yoast_head_json":{"title":"Eulen-Anh\u00e4nger mit Steinen | Diana Silver","description":"Fedezd fel a leny\u0171g\u00f6z\u0151 Eulen-Anh\u00e4nger mit Steinen \u00e9kszer\u00fcnket. T\u00f6k\u00e9letes kieg\u00e9sz\u00edt\u0151 mindennapi viselethez \u00e9s k\u00fcl\u00f6nleges alkalmakra egyar\u00e1nt. Rendeld meg most!","robots":{"index":"index","follow":"follow","max-snippet":"max-snippet:-1","max-image-preview":"max-image-preview:large","max-video-preview":"max-video-preview:-1"},"canonical":"https:\/\/dianasilver.com\/de\/termek\/eulen-anhaenger-mit-steinen\/","og_locale":"de_DE","og_type":"article","og_title":"Eulen-Anh\u00e4nger mit Steinen | Diana Silver","og_description":"Fedezd fel a leny\u0171g\u00f6z\u0151 Eulen-Anh\u00e4nger mit Steinen \u00e9kszer\u00fcnket. T\u00f6k\u00e9letes kieg\u00e9sz\u00edt\u0151 mindennapi viselethez \u00e9s k\u00fcl\u00f6nleges alkalmakra egyar\u00e1nt. Rendeld meg most!","og_url":"https:\/\/dianasilver.com\/de\/termek\/eulen-anhaenger-mit-steinen\/","og_site_name":"Diana Silver","article_publisher":"https:\/\/www.facebook.com\/profile.php?id=100027231325117","article_modified_time":"2026-01-16T16:44:18+00:00","og_image":[{"width":800,"height":800,"url":"https:\/\/dianasilver.com\/wp-content\/uploads\/2022\/10\/koves-bagoly-medal-2514.jpg","type":"image\/jpeg"}],"twitter_card":"summary_large_image","twitter_misc":{"Gesch\u00e4tzte Lesezeit":"1\u00a0Minute"},"schema":{"@context":"https:\/\/schema.org","@graph":[{"@type":"WebPage","@id":"https:\/\/dianasilver.com\/de\/termek\/eulen-anhaenger-mit-steinen\/","url":"https:\/\/dianasilver.com\/de\/termek\/eulen-anhaenger-mit-steinen\/","name":"Eulen-Anh\u00e4nger mit Steinen | Diana Silver","isPartOf":{"@id":"https:\/\/dianasilver.com\/de\/#website"},"primaryImageOfPage":{"@id":"https:\/\/dianasilver.com\/de\/termek\/eulen-anhaenger-mit-steinen\/#primaryimage"},"image":{"@id":"https:\/\/dianasilver.com\/de\/termek\/eulen-anhaenger-mit-steinen\/#primaryimage"},"thumbnailUrl":"https:\/\/dianasilver.com\/wp-content\/uploads\/2022\/10\/koves-bagoly-medal-2514.jpg","datePublished":"2022-10-14T09:20:25+00:00","dateModified":"2026-01-16T16:44:18+00:00","description":"Fedezd fel a leny\u0171g\u00f6z\u0151 Eulen-Anh\u00e4nger mit Steinen \u00e9kszer\u00fcnket. T\u00f6k\u00e9letes kieg\u00e9sz\u00edt\u0151 mindennapi viselethez \u00e9s k\u00fcl\u00f6nleges alkalmakra egyar\u00e1nt. Rendeld meg most!","breadcrumb":{"@id":"https:\/\/dianasilver.com\/de\/termek\/eulen-anhaenger-mit-steinen\/#breadcrumb"},"inLanguage":"de","potentialAction":[{"@type":"ReadAction","target":["https:\/\/dianasilver.com\/de\/termek\/eulen-anhaenger-mit-steinen\/"]}]},{"@type":"ImageObject","inLanguage":"de","@id":"https:\/\/dianasilver.com\/de\/termek\/eulen-anhaenger-mit-steinen\/#primaryimage","url":"https:\/\/dianasilver.com\/wp-content\/uploads\/2022\/10\/koves-bagoly-medal-2514.jpg","contentUrl":"https:\/\/dianasilver.com\/wp-content\/uploads\/2022\/10\/koves-bagoly-medal-2514.jpg","width":800,"height":800},{"@type":"BreadcrumbList","@id":"https:\/\/dianasilver.com\/de\/termek\/eulen-anhaenger-mit-steinen\/#breadcrumb","itemListElement":[{"@type":"ListItem","position":1,"name":"Kezd\u0151lap","item":"https:\/\/dianasilver.com\/de\/diana-silver-silberschmuck-webshop\/"},{"@type":"ListItem","position":2,"name":"Shop","item":"https:\/\/dianasilver.com\/de\/shop\/"},{"@type":"ListItem","position":3,"name":"Eulen-Anh\u00e4nger mit Steinen"}]},{"@type":"WebSite","@id":"https:\/\/dianasilver.com\/de\/#website","url":"https:\/\/dianasilver.com\/de\/","name":"Diana Silver","description":"Tedd t\u00f6k\u00e9letesebb\u00e9 mindennapjaid a Diana Silver \u00e9kszereivel.","publisher":{"@id":"https:\/\/dianasilver.com\/de\/#organization"},"alternateName":"Ez\u00fcst \u00c9kszer Web\u00e1ruh\u00e1z","potentialAction":[{"@type":"SearchAction","target":{"@type":"EntryPoint","urlTemplate":"https:\/\/dianasilver.com\/de\/?s={search_term_string}"},"query-input":{"@type":"PropertyValueSpecification","valueRequired":true,"valueName":"search_term_string"}}],"inLanguage":"de"},{"@type":"Organization","@id":"https:\/\/dianasilver.com\/de\/#organization","name":"Diana Silver","url":"https:\/\/dianasilver.com\/de\/","logo":{"@type":"ImageObject","inLanguage":"de","@id":"https:\/\/dianasilver.com\/de\/#\/schema\/logo\/image\/","url":"https:\/\/dianasilver.com\/wp-content\/uploads\/2022\/08\/ezust-feher-1-koves-buttonos-stekkeres-fulbevalo-42.webp","contentUrl":"https:\/\/dianasilver.com\/wp-content\/uploads\/2022\/08\/ezust-feher-1-koves-buttonos-stekkeres-fulbevalo-42.webp","width":300,"height":154,"caption":"Diana Silver"},"image":{"@id":"https:\/\/dianasilver.com\/de\/#\/schema\/logo\/image\/"},"sameAs":["https:\/\/www.facebook.com\/profile.php?id=100027231325117"]}]}},"_links":{"self":[{"href":"https:\/\/dianasilver.com\/de\/wp-json\/wp\/v2\/product\/112632","targetHints":{"allow":["GET"]}}],"collection":[{"href":"https:\/\/dianasilver.com\/de\/wp-json\/wp\/v2\/product"}],"about":[{"href":"https:\/\/dianasilver.com\/de\/wp-json\/wp\/v2\/types\/product"}],"version-history":[{"count":0,"href":"https:\/\/dianasilver.com\/de\/wp-json\/wp\/v2\/product\/112632\/revisions"}],"wp:featuredmedia":[{"embeddable":true,"href":"https:\/\/dianasilver.com\/de\/wp-json\/wp\/v2\/media\/96804"}],"wp:attachment":[{"href":"https:\/\/dianasilver.com\/de\/wp-json\/wp\/v2\/media?parent=112632"}],"wp:term":[{"taxonomy":"product_brand","embeddable":true,"href":"https:\/\/dianasilver.com\/de\/wp-json\/wp\/v2\/product_brand?post=112632"},{"taxonomy":"product_cat","embeddable":true,"href":"https:\/\/dianasilver.com\/de\/wp-json\/wp\/v2\/product_cat?post=112632"},{"taxonomy":"product_tag","embeddable":true,"href":"https:\/\/dianasilver.com\/de\/wp-json\/wp\/v2\/product_tag?post=112632"}],"curies":[{"name":"wp","href":"https:\/\/api.w.org\/{rel}","templated":true}]}}