{"id":112532,"date":"2025-06-03T15:34:31","date_gmt":"2025-06-03T13:34:31","guid":{"rendered":"https:\/\/dianasilver.hu\/termek\/silberner-verlobungsring-mit-weissem-zirkoniastein\/"},"modified":"2026-01-16T17:38:30","modified_gmt":"2026-01-16T16:38:30","slug":"silberner-verlobungsring-mit-weissem-zirkoniastein","status":"publish","type":"product","link":"https:\/\/dianasilver.com\/de\/termek\/silberner-verlobungsring-mit-weissem-zirkoniastein\/","title":{"rendered":"Silberner Verlobungsring mit wei\u00dfem Zirkoniastein"},"content":{"rendered":"<h2 data-start=\"411\" data-end=\"496\"><strong data-start=\"411\" data-end=\"494\">Silberner Verlobungsring mit wei\u00dfem Zirkoniastein &#8211; das Schmuckst\u00fcck f\u00fcr den perfekten Moment<\/strong><\/h2>\n<ul data-start=\"498\" data-end=\"1105\">\n<li data-start=\"498\" data-end=\"763\">\n<p data-start=\"500\" data-end=\"538\"><strong data-start=\"500\" data-end=\"536\">Was symbolisieren die Form und die Farbe?<\/strong><\/p>\n<ul data-start=\"541\" data-end=\"763\">\n<li data-start=\"541\" data-end=\"613\">\n<p data-start=\"543\" data-end=\"613\">Das klassische Solit\u00e4r-Design symbolisiert die reine, ewige Liebe.<\/p>\n<\/li>\n<li data-start=\"616\" data-end=\"686\">\n<p data-start=\"618\" data-end=\"686\">Die Farbe Silber steht f\u00fcr Treue, Reinheit und zeitlose Werte.<\/p>\n<\/li>\n<li data-start=\"689\" data-end=\"763\">\n<p data-start=\"691\" data-end=\"763\">Das Leuchten des wei\u00dfen Zirkoniasteins spiegelt die Emotionen wider, die aus dem Herzen kommen.<\/p>\n<\/li>\n<\/ul>\n<\/li>\n<li data-start=\"765\" data-end=\"1105\">\n<p data-start=\"767\" data-end=\"787\"><strong data-start=\"767\" data-end=\"785\">Warum w\u00e4hlen Sie es?<\/strong><\/p>\n<ul data-start=\"790\" data-end=\"1105\">\n<li data-start=\"790\" data-end=\"851\">\n<p data-start=\"792\" data-end=\"851\">Hergestellt aus hochwertigem 925er Sterlingsilber.<\/p>\n<\/li>\n<li data-start=\"854\" data-end=\"923\">\n<p data-start=\"856\" data-end=\"923\">Wei\u00dfer Zirkoniastein: erinnert an einen Diamanten zu einem erschwinglichen Preis.<\/p>\n<\/li>\n<li data-start=\"926\" data-end=\"981\">\n<p data-start=\"928\" data-end=\"981\">Elegantes, klares Design: Es passt zu jedem Stil.<\/p>\n<\/li>\n<li data-start=\"984\" data-end=\"1057\">\n<p data-start=\"986\" data-end=\"1057\">Die perfekte Wahl f\u00fcr Verlobung, Jahrestag, besondere Anl\u00e4sse.<\/p>\n<\/li>\n<li data-start=\"1060\" data-end=\"1105\">\n<p data-start=\"1062\" data-end=\"1105\">Bequem zu tragen, allt\u00e4gliche Eleganz.<\/p>\n<\/li>\n<\/ul>\n<\/li>\n<\/ul>\n<p data-start=\"1107\" data-end=\"1265\">\ud83c\udf38 Ein besonderer Moment, wenn der Herzschlag auf die funkelnden Steine trifft &#8211; mit diesem Ring k\u00f6nnen Sie den gro\u00dfen Moment unvergesslich machen! \ud83d\ude0a\ud83d\udc8d<\/p>\n","protected":false},"excerpt":{"rendered":"<p>Ein schlichter Glanz der Eleganz: Dieser silberne Solit\u00e4rring mit einem wei\u00dfen Zirkoniastein wird die Tr\u00e4gerin verzaubern. Die perfekte Wahl f\u00fcr eine Verlobung oder ein Geschenk, an das man sich jeden Moment erinnern wird. \u2728\ud83d\udc96<\/p>\n","protected":false},"featured_media":105551,"template":"","meta":{"_acf_changed":false},"product_brand":[],"product_cat":[611],"product_tag":[527],"class_list":{"0":"post-112532","1":"product","2":"type-product","3":"status-publish","4":"has-post-thumbnail","6":"product_cat-silberne-ringe","7":"product_tag-silberschmuck-fur-damen","8":"description-off","10":"first","11":"instock","12":"taxable","13":"shipping-taxable","14":"purchasable","15":"product-type-variable"},"acf":[],"yoast_head":"<!-- This site is optimized with the Yoast SEO plugin v27.4 - https:\/\/yoast.com\/product\/yoast-seo-wordpress\/ -->\n<title>Silberner Verlobungsring mit wei\u00dfem Zirkoniastein | Diana Silver<\/title>\n<meta name=\"description\" content=\"Fedezd fel a leny\u0171g\u00f6z\u0151 Silberner Verlobungsring mit wei\u00dfem Zirkoniastein \u00e9kszer\u00fcnket. T\u00f6k\u00e9letes kieg\u00e9sz\u00edt\u0151 mindennapi viselethez \u00e9s k\u00fcl\u00f6nleges alkalmakra egyar\u00e1nt. Rendeld meg most!\" \/>\n<meta name=\"robots\" content=\"index, follow, max-snippet:-1, max-image-preview:large, max-video-preview:-1\" \/>\n<link rel=\"canonical\" href=\"https:\/\/dianasilver.com\/de\/termek\/silberner-verlobungsring-mit-weissem-zirkoniastein\/\" \/>\n<meta property=\"og:locale\" content=\"de_DE\" \/>\n<meta property=\"og:type\" content=\"article\" \/>\n<meta property=\"og:title\" content=\"Silberner Verlobungsring mit wei\u00dfem Zirkoniastein | Diana Silver\" \/>\n<meta property=\"og:description\" content=\"Fedezd fel a leny\u0171g\u00f6z\u0151 Silberner Verlobungsring mit wei\u00dfem Zirkoniastein \u00e9kszer\u00fcnket. T\u00f6k\u00e9letes kieg\u00e9sz\u00edt\u0151 mindennapi viselethez \u00e9s k\u00fcl\u00f6nleges alkalmakra egyar\u00e1nt. Rendeld meg most!\" \/>\n<meta property=\"og:url\" content=\"https:\/\/dianasilver.com\/de\/termek\/silberner-verlobungsring-mit-weissem-zirkoniastein\/\" \/>\n<meta property=\"og:site_name\" content=\"Diana Silver\" \/>\n<meta property=\"article:publisher\" content=\"https:\/\/www.facebook.com\/profile.php?id=100027231325117\" \/>\n<meta property=\"article:modified_time\" content=\"2026-01-16T16:38:30+00:00\" \/>\n<meta property=\"og:image\" content=\"https:\/\/dianasilver.com\/wp-content\/uploads\/2025\/06\/Ezust-eljegyzesi-szoliter-gyuru-feher-cirkonia-kovel_4.jpg\" \/>\n\t<meta property=\"og:image:width\" content=\"1350\" \/>\n\t<meta property=\"og:image:height\" content=\"1800\" \/>\n\t<meta property=\"og:image:type\" content=\"image\/jpeg\" \/>\n<meta name=\"twitter:card\" content=\"summary_large_image\" \/>\n<meta name=\"twitter:label1\" content=\"Gesch\u00e4tzte Lesezeit\" \/>\n\t<meta name=\"twitter:data1\" content=\"1\u00a0Minute\" \/>\n<script type=\"application\/ld+json\" class=\"yoast-schema-graph\">{\"@context\":\"https:\\\/\\\/schema.org\",\"@graph\":[{\"@type\":\"WebPage\",\"@id\":\"https:\\\/\\\/dianasilver.com\\\/de\\\/termek\\\/silberner-verlobungsring-mit-weissem-zirkoniastein\\\/\",\"url\":\"https:\\\/\\\/dianasilver.com\\\/de\\\/termek\\\/silberner-verlobungsring-mit-weissem-zirkoniastein\\\/\",\"name\":\"Silberner Verlobungsring mit wei\u00dfem Zirkoniastein | Diana Silver\",\"isPartOf\":{\"@id\":\"https:\\\/\\\/dianasilver.com\\\/de\\\/#website\"},\"primaryImageOfPage\":{\"@id\":\"https:\\\/\\\/dianasilver.com\\\/de\\\/termek\\\/silberner-verlobungsring-mit-weissem-zirkoniastein\\\/#primaryimage\"},\"image\":{\"@id\":\"https:\\\/\\\/dianasilver.com\\\/de\\\/termek\\\/silberner-verlobungsring-mit-weissem-zirkoniastein\\\/#primaryimage\"},\"thumbnailUrl\":\"https:\\\/\\\/dianasilver.com\\\/wp-content\\\/uploads\\\/2025\\\/06\\\/Ezust-eljegyzesi-szoliter-gyuru-feher-cirkonia-kovel_4.jpg\",\"datePublished\":\"2025-06-03T13:34:31+00:00\",\"dateModified\":\"2026-01-16T16:38:30+00:00\",\"description\":\"Fedezd fel a leny\u0171g\u00f6z\u0151 Silberner Verlobungsring mit wei\u00dfem Zirkoniastein \u00e9kszer\u00fcnket. T\u00f6k\u00e9letes kieg\u00e9sz\u00edt\u0151 mindennapi viselethez \u00e9s k\u00fcl\u00f6nleges alkalmakra egyar\u00e1nt. Rendeld meg most!\",\"breadcrumb\":{\"@id\":\"https:\\\/\\\/dianasilver.com\\\/de\\\/termek\\\/silberner-verlobungsring-mit-weissem-zirkoniastein\\\/#breadcrumb\"},\"inLanguage\":\"de\",\"potentialAction\":[{\"@type\":\"ReadAction\",\"target\":[\"https:\\\/\\\/dianasilver.com\\\/de\\\/termek\\\/silberner-verlobungsring-mit-weissem-zirkoniastein\\\/\"]}]},{\"@type\":\"ImageObject\",\"inLanguage\":\"de\",\"@id\":\"https:\\\/\\\/dianasilver.com\\\/de\\\/termek\\\/silberner-verlobungsring-mit-weissem-zirkoniastein\\\/#primaryimage\",\"url\":\"https:\\\/\\\/dianasilver.com\\\/wp-content\\\/uploads\\\/2025\\\/06\\\/Ezust-eljegyzesi-szoliter-gyuru-feher-cirkonia-kovel_4.jpg\",\"contentUrl\":\"https:\\\/\\\/dianasilver.com\\\/wp-content\\\/uploads\\\/2025\\\/06\\\/Ezust-eljegyzesi-szoliter-gyuru-feher-cirkonia-kovel_4.jpg\",\"width\":1350,\"height\":1800},{\"@type\":\"BreadcrumbList\",\"@id\":\"https:\\\/\\\/dianasilver.com\\\/de\\\/termek\\\/silberner-verlobungsring-mit-weissem-zirkoniastein\\\/#breadcrumb\",\"itemListElement\":[{\"@type\":\"ListItem\",\"position\":1,\"name\":\"Kezd\u0151lap\",\"item\":\"https:\\\/\\\/dianasilver.com\\\/de\\\/diana-silver-silberschmuck-webshop\\\/\"},{\"@type\":\"ListItem\",\"position\":2,\"name\":\"Shop\",\"item\":\"https:\\\/\\\/dianasilver.com\\\/de\\\/shop\\\/\"},{\"@type\":\"ListItem\",\"position\":3,\"name\":\"Silberner Verlobungsring mit wei\u00dfem Zirkoniastein\"}]},{\"@type\":\"WebSite\",\"@id\":\"https:\\\/\\\/dianasilver.com\\\/de\\\/#website\",\"url\":\"https:\\\/\\\/dianasilver.com\\\/de\\\/\",\"name\":\"Diana Silver\",\"description\":\"Tedd t\u00f6k\u00e9letesebb\u00e9 mindennapjaid a Diana Silver \u00e9kszereivel.\",\"publisher\":{\"@id\":\"https:\\\/\\\/dianasilver.com\\\/de\\\/#organization\"},\"alternateName\":\"Ez\u00fcst \u00c9kszer Web\u00e1ruh\u00e1z\",\"potentialAction\":[{\"@type\":\"SearchAction\",\"target\":{\"@type\":\"EntryPoint\",\"urlTemplate\":\"https:\\\/\\\/dianasilver.com\\\/de\\\/?s={search_term_string}\"},\"query-input\":{\"@type\":\"PropertyValueSpecification\",\"valueRequired\":true,\"valueName\":\"search_term_string\"}}],\"inLanguage\":\"de\"},{\"@type\":\"Organization\",\"@id\":\"https:\\\/\\\/dianasilver.com\\\/de\\\/#organization\",\"name\":\"Diana Silver\",\"url\":\"https:\\\/\\\/dianasilver.com\\\/de\\\/\",\"logo\":{\"@type\":\"ImageObject\",\"inLanguage\":\"de\",\"@id\":\"https:\\\/\\\/dianasilver.com\\\/de\\\/#\\\/schema\\\/logo\\\/image\\\/\",\"url\":\"https:\\\/\\\/dianasilver.com\\\/wp-content\\\/uploads\\\/2022\\\/08\\\/ezust-feher-1-koves-buttonos-stekkeres-fulbevalo-42.webp\",\"contentUrl\":\"https:\\\/\\\/dianasilver.com\\\/wp-content\\\/uploads\\\/2022\\\/08\\\/ezust-feher-1-koves-buttonos-stekkeres-fulbevalo-42.webp\",\"width\":300,\"height\":154,\"caption\":\"Diana Silver\"},\"image\":{\"@id\":\"https:\\\/\\\/dianasilver.com\\\/de\\\/#\\\/schema\\\/logo\\\/image\\\/\"},\"sameAs\":[\"https:\\\/\\\/www.facebook.com\\\/profile.php?id=100027231325117\"]}]}<\/script>\n<!-- \/ Yoast SEO plugin. -->","yoast_head_json":{"title":"Silberner Verlobungsring mit wei\u00dfem Zirkoniastein | Diana Silver","description":"Fedezd fel a leny\u0171g\u00f6z\u0151 Silberner Verlobungsring mit wei\u00dfem Zirkoniastein \u00e9kszer\u00fcnket. T\u00f6k\u00e9letes kieg\u00e9sz\u00edt\u0151 mindennapi viselethez \u00e9s k\u00fcl\u00f6nleges alkalmakra egyar\u00e1nt. Rendeld meg most!","robots":{"index":"index","follow":"follow","max-snippet":"max-snippet:-1","max-image-preview":"max-image-preview:large","max-video-preview":"max-video-preview:-1"},"canonical":"https:\/\/dianasilver.com\/de\/termek\/silberner-verlobungsring-mit-weissem-zirkoniastein\/","og_locale":"de_DE","og_type":"article","og_title":"Silberner Verlobungsring mit wei\u00dfem Zirkoniastein | Diana Silver","og_description":"Fedezd fel a leny\u0171g\u00f6z\u0151 Silberner Verlobungsring mit wei\u00dfem Zirkoniastein \u00e9kszer\u00fcnket. T\u00f6k\u00e9letes kieg\u00e9sz\u00edt\u0151 mindennapi viselethez \u00e9s k\u00fcl\u00f6nleges alkalmakra egyar\u00e1nt. Rendeld meg most!","og_url":"https:\/\/dianasilver.com\/de\/termek\/silberner-verlobungsring-mit-weissem-zirkoniastein\/","og_site_name":"Diana Silver","article_publisher":"https:\/\/www.facebook.com\/profile.php?id=100027231325117","article_modified_time":"2026-01-16T16:38:30+00:00","og_image":[{"width":1350,"height":1800,"url":"https:\/\/dianasilver.com\/wp-content\/uploads\/2025\/06\/Ezust-eljegyzesi-szoliter-gyuru-feher-cirkonia-kovel_4.jpg","type":"image\/jpeg"}],"twitter_card":"summary_large_image","twitter_misc":{"Gesch\u00e4tzte Lesezeit":"1\u00a0Minute"},"schema":{"@context":"https:\/\/schema.org","@graph":[{"@type":"WebPage","@id":"https:\/\/dianasilver.com\/de\/termek\/silberner-verlobungsring-mit-weissem-zirkoniastein\/","url":"https:\/\/dianasilver.com\/de\/termek\/silberner-verlobungsring-mit-weissem-zirkoniastein\/","name":"Silberner Verlobungsring mit wei\u00dfem Zirkoniastein | Diana Silver","isPartOf":{"@id":"https:\/\/dianasilver.com\/de\/#website"},"primaryImageOfPage":{"@id":"https:\/\/dianasilver.com\/de\/termek\/silberner-verlobungsring-mit-weissem-zirkoniastein\/#primaryimage"},"image":{"@id":"https:\/\/dianasilver.com\/de\/termek\/silberner-verlobungsring-mit-weissem-zirkoniastein\/#primaryimage"},"thumbnailUrl":"https:\/\/dianasilver.com\/wp-content\/uploads\/2025\/06\/Ezust-eljegyzesi-szoliter-gyuru-feher-cirkonia-kovel_4.jpg","datePublished":"2025-06-03T13:34:31+00:00","dateModified":"2026-01-16T16:38:30+00:00","description":"Fedezd fel a leny\u0171g\u00f6z\u0151 Silberner Verlobungsring mit wei\u00dfem Zirkoniastein \u00e9kszer\u00fcnket. T\u00f6k\u00e9letes kieg\u00e9sz\u00edt\u0151 mindennapi viselethez \u00e9s k\u00fcl\u00f6nleges alkalmakra egyar\u00e1nt. Rendeld meg most!","breadcrumb":{"@id":"https:\/\/dianasilver.com\/de\/termek\/silberner-verlobungsring-mit-weissem-zirkoniastein\/#breadcrumb"},"inLanguage":"de","potentialAction":[{"@type":"ReadAction","target":["https:\/\/dianasilver.com\/de\/termek\/silberner-verlobungsring-mit-weissem-zirkoniastein\/"]}]},{"@type":"ImageObject","inLanguage":"de","@id":"https:\/\/dianasilver.com\/de\/termek\/silberner-verlobungsring-mit-weissem-zirkoniastein\/#primaryimage","url":"https:\/\/dianasilver.com\/wp-content\/uploads\/2025\/06\/Ezust-eljegyzesi-szoliter-gyuru-feher-cirkonia-kovel_4.jpg","contentUrl":"https:\/\/dianasilver.com\/wp-content\/uploads\/2025\/06\/Ezust-eljegyzesi-szoliter-gyuru-feher-cirkonia-kovel_4.jpg","width":1350,"height":1800},{"@type":"BreadcrumbList","@id":"https:\/\/dianasilver.com\/de\/termek\/silberner-verlobungsring-mit-weissem-zirkoniastein\/#breadcrumb","itemListElement":[{"@type":"ListItem","position":1,"name":"Kezd\u0151lap","item":"https:\/\/dianasilver.com\/de\/diana-silver-silberschmuck-webshop\/"},{"@type":"ListItem","position":2,"name":"Shop","item":"https:\/\/dianasilver.com\/de\/shop\/"},{"@type":"ListItem","position":3,"name":"Silberner Verlobungsring mit wei\u00dfem Zirkoniastein"}]},{"@type":"WebSite","@id":"https:\/\/dianasilver.com\/de\/#website","url":"https:\/\/dianasilver.com\/de\/","name":"Diana Silver","description":"Tedd t\u00f6k\u00e9letesebb\u00e9 mindennapjaid a Diana Silver \u00e9kszereivel.","publisher":{"@id":"https:\/\/dianasilver.com\/de\/#organization"},"alternateName":"Ez\u00fcst \u00c9kszer Web\u00e1ruh\u00e1z","potentialAction":[{"@type":"SearchAction","target":{"@type":"EntryPoint","urlTemplate":"https:\/\/dianasilver.com\/de\/?s={search_term_string}"},"query-input":{"@type":"PropertyValueSpecification","valueRequired":true,"valueName":"search_term_string"}}],"inLanguage":"de"},{"@type":"Organization","@id":"https:\/\/dianasilver.com\/de\/#organization","name":"Diana Silver","url":"https:\/\/dianasilver.com\/de\/","logo":{"@type":"ImageObject","inLanguage":"de","@id":"https:\/\/dianasilver.com\/de\/#\/schema\/logo\/image\/","url":"https:\/\/dianasilver.com\/wp-content\/uploads\/2022\/08\/ezust-feher-1-koves-buttonos-stekkeres-fulbevalo-42.webp","contentUrl":"https:\/\/dianasilver.com\/wp-content\/uploads\/2022\/08\/ezust-feher-1-koves-buttonos-stekkeres-fulbevalo-42.webp","width":300,"height":154,"caption":"Diana Silver"},"image":{"@id":"https:\/\/dianasilver.com\/de\/#\/schema\/logo\/image\/"},"sameAs":["https:\/\/www.facebook.com\/profile.php?id=100027231325117"]}]}},"_links":{"self":[{"href":"https:\/\/dianasilver.com\/de\/wp-json\/wp\/v2\/product\/112532","targetHints":{"allow":["GET"]}}],"collection":[{"href":"https:\/\/dianasilver.com\/de\/wp-json\/wp\/v2\/product"}],"about":[{"href":"https:\/\/dianasilver.com\/de\/wp-json\/wp\/v2\/types\/product"}],"version-history":[{"count":0,"href":"https:\/\/dianasilver.com\/de\/wp-json\/wp\/v2\/product\/112532\/revisions"}],"wp:featuredmedia":[{"embeddable":true,"href":"https:\/\/dianasilver.com\/de\/wp-json\/wp\/v2\/media\/105551"}],"wp:attachment":[{"href":"https:\/\/dianasilver.com\/de\/wp-json\/wp\/v2\/media?parent=112532"}],"wp:term":[{"taxonomy":"product_brand","embeddable":true,"href":"https:\/\/dianasilver.com\/de\/wp-json\/wp\/v2\/product_brand?post=112532"},{"taxonomy":"product_cat","embeddable":true,"href":"https:\/\/dianasilver.com\/de\/wp-json\/wp\/v2\/product_cat?post=112532"},{"taxonomy":"product_tag","embeddable":true,"href":"https:\/\/dianasilver.com\/de\/wp-json\/wp\/v2\/product_tag?post=112532"}],"curies":[{"name":"wp","href":"https:\/\/api.w.org\/{rel}","templated":true}]}}