{"id":112507,"date":"2022-08-31T14:46:05","date_gmt":"2022-08-31T12:46:05","guid":{"rendered":"https:\/\/dianasilver.hu\/termek\/silbernes-weisses-mikrostein-knopfarmband\/"},"modified":"2026-04-15T01:41:15","modified_gmt":"2026-04-14T23:41:15","slug":"silbernes-weisses-mikrostein-knopfarmband","status":"publish","type":"product","link":"https:\/\/dianasilver.com\/de\/termek\/silbernes-weisses-mikrostein-knopfarmband\/","title":{"rendered":"Silbernes wei\u00dfes Mikrostein-Knopfarmband"},"content":{"rendered":"<h2>\ud83d\udc8e <strong>Silbernes Armband mit wei\u00dfen Mikrosteinen und Kn\u00f6pfen &#8211; die perfekte Harmonie aus exklusivem Glamour und klarem Design<\/strong><\/h2>\n<p>Dieses <strong>Armband aus 925er Sterlingsilber von AG<\/strong> <strong>verf\u00fcgt \u00fcber Verzierungen in Form von Kn\u00f6pfen<\/strong> und <strong>dezent funkelnden wei\u00dfen Mikrosteinen<\/strong> f\u00fcr einen modernen und raffinierten Look. Die <strong>Rhodium-Beschichtung<\/strong> verleiht dem Schmuck lang anhaltenden Glanz und sch\u00fctzt ihn vor Verf\u00e4rbungen.<\/p>\n<p>\u2728 <strong>Warum ist dieses Armband etwas Besonderes?<\/strong><\/p>\n<ul>\n<li><strong>Einzigartiges Knopfdesign:<\/strong> eine Mischung aus klassischem und modernem Stil.<\/li>\n<li><strong>Mikrosteindekoration:<\/strong> sorgf\u00e4ltig gearbeitete, dezent schimmernde Details.<\/li>\n<li><strong>Stilvoll und zeitlos:<\/strong> ein klares Design, das nie aus der Mode kommt.<\/li>\n<\/ul>\n<p>\ud83c\udf1f <strong>Warum dieses Armband w\u00e4hlen?<\/strong><\/p>\n<ul>\n<li><strong>Hochwertige Qualit\u00e4t:<\/strong> <strong>AG 925 Silber<\/strong> <strong>mit Rhodiumbeschichtung<\/strong> f\u00fcr Haltbarkeit und Glanz.<\/li>\n<li><strong>Raffinierter Glanz:<\/strong> Mikrosteine sorgen f\u00fcr einen dezenten, aber auff\u00e4lligen Glanz.<\/li>\n<li><strong>Bequem zu tragen:<\/strong> leichter und dennoch auff\u00e4lliger Schmuck, der den ganzen Tag \u00fcber bequem bleibt.<\/li>\n<li><strong>Perfekt f\u00fcr alle Gelegenheiten:<\/strong> Es ist perfekt f\u00fcr den Alltag und elegante Veranstaltungen.<\/li>\n<\/ul>\n<p>\ud83c\udf81 <strong>Perfekt auch als Geschenk!<\/strong><br \/>\nWenn Sie <strong>auf der Suche nach einem modernen, raffinierten und einzigartigen Schmuckst\u00fcck<\/strong> sind, das <strong>den Stil und den Glamour der Tr\u00e4gerin unterstreicht<\/strong>, ist dieses Armband das perfekte Geschenk f\u00fcr Sie selbst oder eine geliebte Person.<\/p>\n<p>\ud83d\udcab <strong>Bestellen Sie jetzt und tragen Sie das Symbol f\u00fcr glamour\u00f6se Eleganz!<\/strong> \u2728\ud83d\udc8e<\/p>\n","protected":false},"excerpt":{"rendered":"<p><strong>Silbernes wei\u00dfes Mikrostein-Knopfarmband &#8211; raffinierter Glamour und moderne Eleganz!<\/strong> \u2728\ud83d\udc8e<br \/>\nEine einzigartige Kombination aus einzigartiger <strong>Knopfverzierung<\/strong> und schimmernden wei\u00dfen Mikrosteinen, die Ihre Eleganz bei jeder Bewegung unterstreicht.<\/p>\n","protected":false},"featured_media":95786,"template":"","meta":{"_acf_changed":false},"product_brand":[],"product_cat":[614],"product_tag":[527],"class_list":{"0":"post-112507","1":"product","2":"type-product","3":"status-publish","4":"has-post-thumbnail","6":"product_cat-silberne-armbander","7":"product_tag-silberschmuck-fur-damen","8":"description-off","10":"first","11":"instock","12":"taxable","13":"shipping-taxable","14":"purchasable","15":"product-type-simple"},"acf":[],"yoast_head":"<!-- This site is optimized with the Yoast SEO plugin v27.4 - https:\/\/yoast.com\/product\/yoast-seo-wordpress\/ -->\n<title>Silbernes wei\u00dfes Mikrostein-Knopfarmband | Diana Silver<\/title>\n<meta name=\"description\" content=\"Fedezd fel a leny\u0171g\u00f6z\u0151 Silbernes wei\u00dfes Mikrostein-Knopfarmband \u00e9kszer\u00fcnket. T\u00f6k\u00e9letes kieg\u00e9sz\u00edt\u0151 mindennapi viselethez \u00e9s k\u00fcl\u00f6nleges alkalmakra egyar\u00e1nt. Rendeld meg most!\" \/>\n<meta name=\"robots\" content=\"index, follow, max-snippet:-1, max-image-preview:large, max-video-preview:-1\" \/>\n<link rel=\"canonical\" href=\"https:\/\/dianasilver.com\/de\/termek\/silbernes-weisses-mikrostein-knopfarmband\/\" \/>\n<meta property=\"og:locale\" content=\"de_DE\" \/>\n<meta property=\"og:type\" content=\"article\" \/>\n<meta property=\"og:title\" content=\"Silbernes wei\u00dfes Mikrostein-Knopfarmband | Diana Silver\" \/>\n<meta property=\"og:description\" content=\"Fedezd fel a leny\u0171g\u00f6z\u0151 Silbernes wei\u00dfes Mikrostein-Knopfarmband \u00e9kszer\u00fcnket. T\u00f6k\u00e9letes kieg\u00e9sz\u00edt\u0151 mindennapi viselethez \u00e9s k\u00fcl\u00f6nleges alkalmakra egyar\u00e1nt. Rendeld meg most!\" \/>\n<meta property=\"og:url\" content=\"https:\/\/dianasilver.com\/de\/termek\/silbernes-weisses-mikrostein-knopfarmband\/\" \/>\n<meta property=\"og:site_name\" content=\"Diana Silver\" \/>\n<meta property=\"article:publisher\" content=\"https:\/\/www.facebook.com\/profile.php?id=100027231325117\" \/>\n<meta property=\"article:modified_time\" content=\"2026-04-14T23:41:15+00:00\" \/>\n<meta property=\"og:image\" content=\"https:\/\/dianasilver.com\/wp-content\/uploads\/2022\/08\/1_cf55ee40-7aed-4f56-990d-41481c9b34ac_1024x1024-scaled.jpg\" \/>\n\t<meta property=\"og:image:width\" content=\"800\" \/>\n\t<meta property=\"og:image:height\" content=\"800\" \/>\n\t<meta property=\"og:image:type\" content=\"image\/jpeg\" \/>\n<meta name=\"twitter:card\" content=\"summary_large_image\" \/>\n<meta name=\"twitter:label1\" content=\"Gesch\u00e4tzte Lesezeit\" \/>\n\t<meta name=\"twitter:data1\" content=\"1\u00a0Minute\" \/>\n<script type=\"application\/ld+json\" class=\"yoast-schema-graph\">{\"@context\":\"https:\\\/\\\/schema.org\",\"@graph\":[{\"@type\":\"WebPage\",\"@id\":\"https:\\\/\\\/dianasilver.com\\\/de\\\/termek\\\/silbernes-weisses-mikrostein-knopfarmband\\\/\",\"url\":\"https:\\\/\\\/dianasilver.com\\\/de\\\/termek\\\/silbernes-weisses-mikrostein-knopfarmband\\\/\",\"name\":\"Silbernes wei\u00dfes Mikrostein-Knopfarmband | Diana Silver\",\"isPartOf\":{\"@id\":\"https:\\\/\\\/dianasilver.com\\\/de\\\/#website\"},\"primaryImageOfPage\":{\"@id\":\"https:\\\/\\\/dianasilver.com\\\/de\\\/termek\\\/silbernes-weisses-mikrostein-knopfarmband\\\/#primaryimage\"},\"image\":{\"@id\":\"https:\\\/\\\/dianasilver.com\\\/de\\\/termek\\\/silbernes-weisses-mikrostein-knopfarmband\\\/#primaryimage\"},\"thumbnailUrl\":\"https:\\\/\\\/dianasilver.com\\\/wp-content\\\/uploads\\\/2022\\\/08\\\/1_cf55ee40-7aed-4f56-990d-41481c9b34ac_1024x1024-scaled.jpg\",\"datePublished\":\"2022-08-31T12:46:05+00:00\",\"dateModified\":\"2026-04-14T23:41:15+00:00\",\"description\":\"Fedezd fel a leny\u0171g\u00f6z\u0151 Silbernes wei\u00dfes Mikrostein-Knopfarmband \u00e9kszer\u00fcnket. T\u00f6k\u00e9letes kieg\u00e9sz\u00edt\u0151 mindennapi viselethez \u00e9s k\u00fcl\u00f6nleges alkalmakra egyar\u00e1nt. Rendeld meg most!\",\"breadcrumb\":{\"@id\":\"https:\\\/\\\/dianasilver.com\\\/de\\\/termek\\\/silbernes-weisses-mikrostein-knopfarmband\\\/#breadcrumb\"},\"inLanguage\":\"de\",\"potentialAction\":[{\"@type\":\"ReadAction\",\"target\":[\"https:\\\/\\\/dianasilver.com\\\/de\\\/termek\\\/silbernes-weisses-mikrostein-knopfarmband\\\/\"]}]},{\"@type\":\"ImageObject\",\"inLanguage\":\"de\",\"@id\":\"https:\\\/\\\/dianasilver.com\\\/de\\\/termek\\\/silbernes-weisses-mikrostein-knopfarmband\\\/#primaryimage\",\"url\":\"https:\\\/\\\/dianasilver.com\\\/wp-content\\\/uploads\\\/2022\\\/08\\\/1_cf55ee40-7aed-4f56-990d-41481c9b34ac_1024x1024-scaled.jpg\",\"contentUrl\":\"https:\\\/\\\/dianasilver.com\\\/wp-content\\\/uploads\\\/2022\\\/08\\\/1_cf55ee40-7aed-4f56-990d-41481c9b34ac_1024x1024-scaled.jpg\",\"width\":800,\"height\":800},{\"@type\":\"BreadcrumbList\",\"@id\":\"https:\\\/\\\/dianasilver.com\\\/de\\\/termek\\\/silbernes-weisses-mikrostein-knopfarmband\\\/#breadcrumb\",\"itemListElement\":[{\"@type\":\"ListItem\",\"position\":1,\"name\":\"Kezd\u0151lap\",\"item\":\"https:\\\/\\\/dianasilver.com\\\/de\\\/diana-silver-silberschmuck-webshop\\\/\"},{\"@type\":\"ListItem\",\"position\":2,\"name\":\"Shop\",\"item\":\"https:\\\/\\\/dianasilver.com\\\/de\\\/shop\\\/\"},{\"@type\":\"ListItem\",\"position\":3,\"name\":\"Silbernes wei\u00dfes Mikrostein-Knopfarmband\"}]},{\"@type\":\"WebSite\",\"@id\":\"https:\\\/\\\/dianasilver.com\\\/de\\\/#website\",\"url\":\"https:\\\/\\\/dianasilver.com\\\/de\\\/\",\"name\":\"Diana Silver\",\"description\":\"Tedd t\u00f6k\u00e9letesebb\u00e9 mindennapjaid a Diana Silver \u00e9kszereivel.\",\"publisher\":{\"@id\":\"https:\\\/\\\/dianasilver.com\\\/de\\\/#organization\"},\"alternateName\":\"Ez\u00fcst \u00c9kszer Web\u00e1ruh\u00e1z\",\"potentialAction\":[{\"@type\":\"SearchAction\",\"target\":{\"@type\":\"EntryPoint\",\"urlTemplate\":\"https:\\\/\\\/dianasilver.com\\\/de\\\/?s={search_term_string}\"},\"query-input\":{\"@type\":\"PropertyValueSpecification\",\"valueRequired\":true,\"valueName\":\"search_term_string\"}}],\"inLanguage\":\"de\"},{\"@type\":\"Organization\",\"@id\":\"https:\\\/\\\/dianasilver.com\\\/de\\\/#organization\",\"name\":\"Diana Silver\",\"url\":\"https:\\\/\\\/dianasilver.com\\\/de\\\/\",\"logo\":{\"@type\":\"ImageObject\",\"inLanguage\":\"de\",\"@id\":\"https:\\\/\\\/dianasilver.com\\\/de\\\/#\\\/schema\\\/logo\\\/image\\\/\",\"url\":\"https:\\\/\\\/dianasilver.com\\\/wp-content\\\/uploads\\\/2022\\\/08\\\/ezust-feher-1-koves-buttonos-stekkeres-fulbevalo-42.webp\",\"contentUrl\":\"https:\\\/\\\/dianasilver.com\\\/wp-content\\\/uploads\\\/2022\\\/08\\\/ezust-feher-1-koves-buttonos-stekkeres-fulbevalo-42.webp\",\"width\":300,\"height\":154,\"caption\":\"Diana Silver\"},\"image\":{\"@id\":\"https:\\\/\\\/dianasilver.com\\\/de\\\/#\\\/schema\\\/logo\\\/image\\\/\"},\"sameAs\":[\"https:\\\/\\\/www.facebook.com\\\/profile.php?id=100027231325117\"]}]}<\/script>\n<!-- \/ Yoast SEO plugin. -->","yoast_head_json":{"title":"Silbernes wei\u00dfes Mikrostein-Knopfarmband | Diana Silver","description":"Fedezd fel a leny\u0171g\u00f6z\u0151 Silbernes wei\u00dfes Mikrostein-Knopfarmband \u00e9kszer\u00fcnket. T\u00f6k\u00e9letes kieg\u00e9sz\u00edt\u0151 mindennapi viselethez \u00e9s k\u00fcl\u00f6nleges alkalmakra egyar\u00e1nt. Rendeld meg most!","robots":{"index":"index","follow":"follow","max-snippet":"max-snippet:-1","max-image-preview":"max-image-preview:large","max-video-preview":"max-video-preview:-1"},"canonical":"https:\/\/dianasilver.com\/de\/termek\/silbernes-weisses-mikrostein-knopfarmband\/","og_locale":"de_DE","og_type":"article","og_title":"Silbernes wei\u00dfes Mikrostein-Knopfarmband | Diana Silver","og_description":"Fedezd fel a leny\u0171g\u00f6z\u0151 Silbernes wei\u00dfes Mikrostein-Knopfarmband \u00e9kszer\u00fcnket. T\u00f6k\u00e9letes kieg\u00e9sz\u00edt\u0151 mindennapi viselethez \u00e9s k\u00fcl\u00f6nleges alkalmakra egyar\u00e1nt. Rendeld meg most!","og_url":"https:\/\/dianasilver.com\/de\/termek\/silbernes-weisses-mikrostein-knopfarmband\/","og_site_name":"Diana Silver","article_publisher":"https:\/\/www.facebook.com\/profile.php?id=100027231325117","article_modified_time":"2026-04-14T23:41:15+00:00","og_image":[{"width":800,"height":800,"url":"https:\/\/dianasilver.com\/wp-content\/uploads\/2022\/08\/1_cf55ee40-7aed-4f56-990d-41481c9b34ac_1024x1024-scaled.jpg","type":"image\/jpeg"}],"twitter_card":"summary_large_image","twitter_misc":{"Gesch\u00e4tzte Lesezeit":"1\u00a0Minute"},"schema":{"@context":"https:\/\/schema.org","@graph":[{"@type":"WebPage","@id":"https:\/\/dianasilver.com\/de\/termek\/silbernes-weisses-mikrostein-knopfarmband\/","url":"https:\/\/dianasilver.com\/de\/termek\/silbernes-weisses-mikrostein-knopfarmband\/","name":"Silbernes wei\u00dfes Mikrostein-Knopfarmband | Diana Silver","isPartOf":{"@id":"https:\/\/dianasilver.com\/de\/#website"},"primaryImageOfPage":{"@id":"https:\/\/dianasilver.com\/de\/termek\/silbernes-weisses-mikrostein-knopfarmband\/#primaryimage"},"image":{"@id":"https:\/\/dianasilver.com\/de\/termek\/silbernes-weisses-mikrostein-knopfarmband\/#primaryimage"},"thumbnailUrl":"https:\/\/dianasilver.com\/wp-content\/uploads\/2022\/08\/1_cf55ee40-7aed-4f56-990d-41481c9b34ac_1024x1024-scaled.jpg","datePublished":"2022-08-31T12:46:05+00:00","dateModified":"2026-04-14T23:41:15+00:00","description":"Fedezd fel a leny\u0171g\u00f6z\u0151 Silbernes wei\u00dfes Mikrostein-Knopfarmband \u00e9kszer\u00fcnket. T\u00f6k\u00e9letes kieg\u00e9sz\u00edt\u0151 mindennapi viselethez \u00e9s k\u00fcl\u00f6nleges alkalmakra egyar\u00e1nt. Rendeld meg most!","breadcrumb":{"@id":"https:\/\/dianasilver.com\/de\/termek\/silbernes-weisses-mikrostein-knopfarmband\/#breadcrumb"},"inLanguage":"de","potentialAction":[{"@type":"ReadAction","target":["https:\/\/dianasilver.com\/de\/termek\/silbernes-weisses-mikrostein-knopfarmband\/"]}]},{"@type":"ImageObject","inLanguage":"de","@id":"https:\/\/dianasilver.com\/de\/termek\/silbernes-weisses-mikrostein-knopfarmband\/#primaryimage","url":"https:\/\/dianasilver.com\/wp-content\/uploads\/2022\/08\/1_cf55ee40-7aed-4f56-990d-41481c9b34ac_1024x1024-scaled.jpg","contentUrl":"https:\/\/dianasilver.com\/wp-content\/uploads\/2022\/08\/1_cf55ee40-7aed-4f56-990d-41481c9b34ac_1024x1024-scaled.jpg","width":800,"height":800},{"@type":"BreadcrumbList","@id":"https:\/\/dianasilver.com\/de\/termek\/silbernes-weisses-mikrostein-knopfarmband\/#breadcrumb","itemListElement":[{"@type":"ListItem","position":1,"name":"Kezd\u0151lap","item":"https:\/\/dianasilver.com\/de\/diana-silver-silberschmuck-webshop\/"},{"@type":"ListItem","position":2,"name":"Shop","item":"https:\/\/dianasilver.com\/de\/shop\/"},{"@type":"ListItem","position":3,"name":"Silbernes wei\u00dfes Mikrostein-Knopfarmband"}]},{"@type":"WebSite","@id":"https:\/\/dianasilver.com\/de\/#website","url":"https:\/\/dianasilver.com\/de\/","name":"Diana Silver","description":"Tedd t\u00f6k\u00e9letesebb\u00e9 mindennapjaid a Diana Silver \u00e9kszereivel.","publisher":{"@id":"https:\/\/dianasilver.com\/de\/#organization"},"alternateName":"Ez\u00fcst \u00c9kszer Web\u00e1ruh\u00e1z","potentialAction":[{"@type":"SearchAction","target":{"@type":"EntryPoint","urlTemplate":"https:\/\/dianasilver.com\/de\/?s={search_term_string}"},"query-input":{"@type":"PropertyValueSpecification","valueRequired":true,"valueName":"search_term_string"}}],"inLanguage":"de"},{"@type":"Organization","@id":"https:\/\/dianasilver.com\/de\/#organization","name":"Diana Silver","url":"https:\/\/dianasilver.com\/de\/","logo":{"@type":"ImageObject","inLanguage":"de","@id":"https:\/\/dianasilver.com\/de\/#\/schema\/logo\/image\/","url":"https:\/\/dianasilver.com\/wp-content\/uploads\/2022\/08\/ezust-feher-1-koves-buttonos-stekkeres-fulbevalo-42.webp","contentUrl":"https:\/\/dianasilver.com\/wp-content\/uploads\/2022\/08\/ezust-feher-1-koves-buttonos-stekkeres-fulbevalo-42.webp","width":300,"height":154,"caption":"Diana Silver"},"image":{"@id":"https:\/\/dianasilver.com\/de\/#\/schema\/logo\/image\/"},"sameAs":["https:\/\/www.facebook.com\/profile.php?id=100027231325117"]}]}},"_links":{"self":[{"href":"https:\/\/dianasilver.com\/de\/wp-json\/wp\/v2\/product\/112507","targetHints":{"allow":["GET"]}}],"collection":[{"href":"https:\/\/dianasilver.com\/de\/wp-json\/wp\/v2\/product"}],"about":[{"href":"https:\/\/dianasilver.com\/de\/wp-json\/wp\/v2\/types\/product"}],"version-history":[{"count":0,"href":"https:\/\/dianasilver.com\/de\/wp-json\/wp\/v2\/product\/112507\/revisions"}],"wp:featuredmedia":[{"embeddable":true,"href":"https:\/\/dianasilver.com\/de\/wp-json\/wp\/v2\/media\/95786"}],"wp:attachment":[{"href":"https:\/\/dianasilver.com\/de\/wp-json\/wp\/v2\/media?parent=112507"}],"wp:term":[{"taxonomy":"product_brand","embeddable":true,"href":"https:\/\/dianasilver.com\/de\/wp-json\/wp\/v2\/product_brand?post=112507"},{"taxonomy":"product_cat","embeddable":true,"href":"https:\/\/dianasilver.com\/de\/wp-json\/wp\/v2\/product_cat?post=112507"},{"taxonomy":"product_tag","embeddable":true,"href":"https:\/\/dianasilver.com\/de\/wp-json\/wp\/v2\/product_tag?post=112507"}],"curies":[{"name":"wp","href":"https:\/\/api.w.org\/{rel}","templated":true}]}}