{"id":112476,"date":"2025-05-27T22:21:05","date_gmt":"2025-05-27T20:21:05","guid":{"rendered":"https:\/\/dianasilver.hu\/termek\/silberarmband-mit-ovalen-oesen-und-zirkonia-verzierung\/"},"modified":"2026-04-15T01:41:12","modified_gmt":"2026-04-14T23:41:12","slug":"silberarmband-mit-ovalen-oesen-und-zirkonia-verzierung","status":"publish","type":"product","link":"https:\/\/dianasilver.com\/de\/termek\/silberarmband-mit-ovalen-oesen-und-zirkonia-verzierung\/","title":{"rendered":"Silberarmband mit ovalen \u00d6sen und Zirkonia-Verzierung"},"content":{"rendered":"<p data-start=\"327\" data-end=\"588\"><strong data-start=\"327\" data-end=\"359\">Eleganz in jedem Detail<\/strong><\/p>\n<p data-start=\"327\" data-end=\"588\">Dieses atemberaubende Armband aus Sterlingsilber ist die perfekte Wahl f\u00fcr alle, die schlichten und doch auff\u00e4lligen Schmuck m\u00f6gen. Die harmonischen ovalen Formen und das subtile Funkeln der Zirkoniasteine in den Augen sind ein echter Blickfang.<\/p>\n<p data-start=\"590\" data-end=\"620\"><strong data-start=\"590\" data-end=\"618\">Was symbolisiert die Form?<\/strong><\/p>\n<ul data-start=\"621\" data-end=\"875\">\n<li data-start=\"621\" data-end=\"729\">\n<p data-start=\"623\" data-end=\"729\">Die ovale Form symbolisiert Vollst\u00e4ndigkeit und Kontinuit\u00e4t, was Eleganz und Harmonie ausstrahlt.<\/p>\n<\/li>\n<li data-start=\"730\" data-end=\"875\">\n<p data-start=\"732\" data-end=\"875\">Die fein geschliffenen Zirkoniasteine unterstreichen den Glamour und den femininen Charme, der sowohl zu modernen als auch zu klassischen Stilen passt.<\/p>\n<\/li>\n<\/ul>\n<p data-start=\"877\" data-end=\"912\"><strong data-start=\"877\" data-end=\"910\">Warum sollten Sie dieses Armband w\u00e4hlen?<\/strong><\/p>\n<ul data-start=\"913\" data-end=\"1314\">\n<li data-start=\"913\" data-end=\"1013\">\n<p data-start=\"915\" data-end=\"1013\">Hergestellt aus hochwertigem AG 925 Silber, das Langlebigkeit und hautfreundliches Tragen garantiert.<\/p>\n<\/li>\n<li data-start=\"1014\" data-end=\"1121\">\n<p data-start=\"1016\" data-end=\"1121\">Die Zirkoniasteine wurden sorgf\u00e4ltig verarbeitet, so dass das Armband bei jeder Bewegung strahlt und gl\u00e4nzt.<\/p>\n<\/li>\n<li data-start=\"1122\" data-end=\"1223\">\n<p data-start=\"1124\" data-end=\"1223\">Sie ist in der L\u00e4nge verstellbar (mit einem Band), was einen bequemen und pr\u00e4zisen Sitz an Ihrem Handgelenk gew\u00e4hrleistet.<\/p>\n<\/li>\n<li data-start=\"1224\" data-end=\"1314\">\n<p data-start=\"1226\" data-end=\"1314\">Perfekt f\u00fcr elegante Anl\u00e4sse, aber auch f\u00fcr Ihren Alltagslook.<\/p>\n<\/li>\n<\/ul>\n<p data-start=\"1316\" data-end=\"1439\">\ud83c\udf81 \u00dcberraschen Sie sich selbst oder Ihre Lieben mit diesem besonderen Armband, das Stil und Weiblichkeit zugleich verk\u00fcndet! \ud83d\ude0a\u2728<\/p>\n","protected":false},"excerpt":{"rendered":"<p>Dieses elegante Silberarmband ist mit seinen fein gearbeiteten ovalen \u00d6sen und der funkelnden Zirkonia-Verzierung der Inbegriff von anspruchsvollem Stil. \ud83d\ude0a\u2728<\/p>\n","protected":false},"featured_media":104392,"template":"","meta":{"_acf_changed":false},"product_brand":[],"product_cat":[614],"product_tag":[527],"class_list":{"0":"post-112476","1":"product","2":"type-product","3":"status-publish","4":"has-post-thumbnail","6":"product_cat-silberne-armbander","7":"product_tag-silberschmuck-fur-damen","8":"description-off","10":"first","11":"instock","12":"taxable","13":"shipping-taxable","14":"purchasable","15":"product-type-simple"},"acf":[],"yoast_head":"<!-- This site is optimized with the Yoast SEO plugin v27.4 - https:\/\/yoast.com\/product\/yoast-seo-wordpress\/ -->\n<title>Silberarmband mit ovalen \u00d6sen und Zirkonia-Verzierung | Diana Silver<\/title>\n<meta name=\"description\" content=\"Fedezd fel a leny\u0171g\u00f6z\u0151 Silberarmband mit ovalen \u00d6sen und Zirkonia-Verzierung \u00e9kszer\u00fcnket. T\u00f6k\u00e9letes kieg\u00e9sz\u00edt\u0151 mindennapi viselethez \u00e9s k\u00fcl\u00f6nleges alkalmakra egyar\u00e1nt. Rendeld meg most!\" \/>\n<meta name=\"robots\" content=\"index, follow, max-snippet:-1, max-image-preview:large, max-video-preview:-1\" \/>\n<link rel=\"canonical\" href=\"https:\/\/dianasilver.com\/de\/termek\/silberarmband-mit-ovalen-oesen-und-zirkonia-verzierung\/\" \/>\n<meta property=\"og:locale\" content=\"de_DE\" \/>\n<meta property=\"og:type\" content=\"article\" \/>\n<meta property=\"og:title\" content=\"Silberarmband mit ovalen \u00d6sen und Zirkonia-Verzierung | Diana Silver\" \/>\n<meta property=\"og:description\" content=\"Fedezd fel a leny\u0171g\u00f6z\u0151 Silberarmband mit ovalen \u00d6sen und Zirkonia-Verzierung \u00e9kszer\u00fcnket. T\u00f6k\u00e9letes kieg\u00e9sz\u00edt\u0151 mindennapi viselethez \u00e9s k\u00fcl\u00f6nleges alkalmakra egyar\u00e1nt. Rendeld meg most!\" \/>\n<meta property=\"og:url\" content=\"https:\/\/dianasilver.com\/de\/termek\/silberarmband-mit-ovalen-oesen-und-zirkonia-verzierung\/\" \/>\n<meta property=\"og:site_name\" content=\"Diana Silver\" \/>\n<meta property=\"article:publisher\" content=\"https:\/\/www.facebook.com\/profile.php?id=100027231325117\" \/>\n<meta property=\"article:modified_time\" content=\"2026-04-14T23:41:12+00:00\" \/>\n<meta property=\"og:image\" content=\"https:\/\/dianasilver.com\/wp-content\/uploads\/2025\/05\/Ezust-karkoto-ovalis-formaju-szemekkel-es-cirkonia-diszitessel.jpg\" \/>\n\t<meta property=\"og:image:width\" content=\"1350\" \/>\n\t<meta property=\"og:image:height\" content=\"1800\" \/>\n\t<meta property=\"og:image:type\" content=\"image\/jpeg\" \/>\n<meta name=\"twitter:card\" content=\"summary_large_image\" \/>\n<meta name=\"twitter:label1\" content=\"Gesch\u00e4tzte Lesezeit\" \/>\n\t<meta name=\"twitter:data1\" content=\"1\u00a0Minute\" \/>\n<script type=\"application\/ld+json\" class=\"yoast-schema-graph\">{\"@context\":\"https:\\\/\\\/schema.org\",\"@graph\":[{\"@type\":\"WebPage\",\"@id\":\"https:\\\/\\\/dianasilver.com\\\/de\\\/termek\\\/silberarmband-mit-ovalen-oesen-und-zirkonia-verzierung\\\/\",\"url\":\"https:\\\/\\\/dianasilver.com\\\/de\\\/termek\\\/silberarmband-mit-ovalen-oesen-und-zirkonia-verzierung\\\/\",\"name\":\"Silberarmband mit ovalen \u00d6sen und Zirkonia-Verzierung | Diana Silver\",\"isPartOf\":{\"@id\":\"https:\\\/\\\/dianasilver.com\\\/de\\\/#website\"},\"primaryImageOfPage\":{\"@id\":\"https:\\\/\\\/dianasilver.com\\\/de\\\/termek\\\/silberarmband-mit-ovalen-oesen-und-zirkonia-verzierung\\\/#primaryimage\"},\"image\":{\"@id\":\"https:\\\/\\\/dianasilver.com\\\/de\\\/termek\\\/silberarmband-mit-ovalen-oesen-und-zirkonia-verzierung\\\/#primaryimage\"},\"thumbnailUrl\":\"https:\\\/\\\/dianasilver.com\\\/wp-content\\\/uploads\\\/2025\\\/05\\\/Ezust-karkoto-ovalis-formaju-szemekkel-es-cirkonia-diszitessel.jpg\",\"datePublished\":\"2025-05-27T20:21:05+00:00\",\"dateModified\":\"2026-04-14T23:41:12+00:00\",\"description\":\"Fedezd fel a leny\u0171g\u00f6z\u0151 Silberarmband mit ovalen \u00d6sen und Zirkonia-Verzierung \u00e9kszer\u00fcnket. T\u00f6k\u00e9letes kieg\u00e9sz\u00edt\u0151 mindennapi viselethez \u00e9s k\u00fcl\u00f6nleges alkalmakra egyar\u00e1nt. Rendeld meg most!\",\"breadcrumb\":{\"@id\":\"https:\\\/\\\/dianasilver.com\\\/de\\\/termek\\\/silberarmband-mit-ovalen-oesen-und-zirkonia-verzierung\\\/#breadcrumb\"},\"inLanguage\":\"de\",\"potentialAction\":[{\"@type\":\"ReadAction\",\"target\":[\"https:\\\/\\\/dianasilver.com\\\/de\\\/termek\\\/silberarmband-mit-ovalen-oesen-und-zirkonia-verzierung\\\/\"]}]},{\"@type\":\"ImageObject\",\"inLanguage\":\"de\",\"@id\":\"https:\\\/\\\/dianasilver.com\\\/de\\\/termek\\\/silberarmband-mit-ovalen-oesen-und-zirkonia-verzierung\\\/#primaryimage\",\"url\":\"https:\\\/\\\/dianasilver.com\\\/wp-content\\\/uploads\\\/2025\\\/05\\\/Ezust-karkoto-ovalis-formaju-szemekkel-es-cirkonia-diszitessel.jpg\",\"contentUrl\":\"https:\\\/\\\/dianasilver.com\\\/wp-content\\\/uploads\\\/2025\\\/05\\\/Ezust-karkoto-ovalis-formaju-szemekkel-es-cirkonia-diszitessel.jpg\",\"width\":1350,\"height\":1800},{\"@type\":\"BreadcrumbList\",\"@id\":\"https:\\\/\\\/dianasilver.com\\\/de\\\/termek\\\/silberarmband-mit-ovalen-oesen-und-zirkonia-verzierung\\\/#breadcrumb\",\"itemListElement\":[{\"@type\":\"ListItem\",\"position\":1,\"name\":\"Kezd\u0151lap\",\"item\":\"https:\\\/\\\/dianasilver.com\\\/de\\\/diana-silver-silberschmuck-webshop\\\/\"},{\"@type\":\"ListItem\",\"position\":2,\"name\":\"Shop\",\"item\":\"https:\\\/\\\/dianasilver.com\\\/de\\\/shop\\\/\"},{\"@type\":\"ListItem\",\"position\":3,\"name\":\"Silberarmband mit ovalen \u00d6sen und Zirkonia-Verzierung\"}]},{\"@type\":\"WebSite\",\"@id\":\"https:\\\/\\\/dianasilver.com\\\/de\\\/#website\",\"url\":\"https:\\\/\\\/dianasilver.com\\\/de\\\/\",\"name\":\"Diana Silver\",\"description\":\"Tedd t\u00f6k\u00e9letesebb\u00e9 mindennapjaid a Diana Silver \u00e9kszereivel.\",\"publisher\":{\"@id\":\"https:\\\/\\\/dianasilver.com\\\/de\\\/#organization\"},\"alternateName\":\"Ez\u00fcst \u00c9kszer Web\u00e1ruh\u00e1z\",\"potentialAction\":[{\"@type\":\"SearchAction\",\"target\":{\"@type\":\"EntryPoint\",\"urlTemplate\":\"https:\\\/\\\/dianasilver.com\\\/de\\\/?s={search_term_string}\"},\"query-input\":{\"@type\":\"PropertyValueSpecification\",\"valueRequired\":true,\"valueName\":\"search_term_string\"}}],\"inLanguage\":\"de\"},{\"@type\":\"Organization\",\"@id\":\"https:\\\/\\\/dianasilver.com\\\/de\\\/#organization\",\"name\":\"Diana Silver\",\"url\":\"https:\\\/\\\/dianasilver.com\\\/de\\\/\",\"logo\":{\"@type\":\"ImageObject\",\"inLanguage\":\"de\",\"@id\":\"https:\\\/\\\/dianasilver.com\\\/de\\\/#\\\/schema\\\/logo\\\/image\\\/\",\"url\":\"https:\\\/\\\/dianasilver.com\\\/wp-content\\\/uploads\\\/2022\\\/08\\\/ezust-feher-1-koves-buttonos-stekkeres-fulbevalo-42.webp\",\"contentUrl\":\"https:\\\/\\\/dianasilver.com\\\/wp-content\\\/uploads\\\/2022\\\/08\\\/ezust-feher-1-koves-buttonos-stekkeres-fulbevalo-42.webp\",\"width\":300,\"height\":154,\"caption\":\"Diana Silver\"},\"image\":{\"@id\":\"https:\\\/\\\/dianasilver.com\\\/de\\\/#\\\/schema\\\/logo\\\/image\\\/\"},\"sameAs\":[\"https:\\\/\\\/www.facebook.com\\\/profile.php?id=100027231325117\"]}]}<\/script>\n<!-- \/ Yoast SEO plugin. -->","yoast_head_json":{"title":"Silberarmband mit ovalen \u00d6sen und Zirkonia-Verzierung | Diana Silver","description":"Fedezd fel a leny\u0171g\u00f6z\u0151 Silberarmband mit ovalen \u00d6sen und Zirkonia-Verzierung \u00e9kszer\u00fcnket. T\u00f6k\u00e9letes kieg\u00e9sz\u00edt\u0151 mindennapi viselethez \u00e9s k\u00fcl\u00f6nleges alkalmakra egyar\u00e1nt. Rendeld meg most!","robots":{"index":"index","follow":"follow","max-snippet":"max-snippet:-1","max-image-preview":"max-image-preview:large","max-video-preview":"max-video-preview:-1"},"canonical":"https:\/\/dianasilver.com\/de\/termek\/silberarmband-mit-ovalen-oesen-und-zirkonia-verzierung\/","og_locale":"de_DE","og_type":"article","og_title":"Silberarmband mit ovalen \u00d6sen und Zirkonia-Verzierung | Diana Silver","og_description":"Fedezd fel a leny\u0171g\u00f6z\u0151 Silberarmband mit ovalen \u00d6sen und Zirkonia-Verzierung \u00e9kszer\u00fcnket. T\u00f6k\u00e9letes kieg\u00e9sz\u00edt\u0151 mindennapi viselethez \u00e9s k\u00fcl\u00f6nleges alkalmakra egyar\u00e1nt. Rendeld meg most!","og_url":"https:\/\/dianasilver.com\/de\/termek\/silberarmband-mit-ovalen-oesen-und-zirkonia-verzierung\/","og_site_name":"Diana Silver","article_publisher":"https:\/\/www.facebook.com\/profile.php?id=100027231325117","article_modified_time":"2026-04-14T23:41:12+00:00","og_image":[{"width":1350,"height":1800,"url":"https:\/\/dianasilver.com\/wp-content\/uploads\/2025\/05\/Ezust-karkoto-ovalis-formaju-szemekkel-es-cirkonia-diszitessel.jpg","type":"image\/jpeg"}],"twitter_card":"summary_large_image","twitter_misc":{"Gesch\u00e4tzte Lesezeit":"1\u00a0Minute"},"schema":{"@context":"https:\/\/schema.org","@graph":[{"@type":"WebPage","@id":"https:\/\/dianasilver.com\/de\/termek\/silberarmband-mit-ovalen-oesen-und-zirkonia-verzierung\/","url":"https:\/\/dianasilver.com\/de\/termek\/silberarmband-mit-ovalen-oesen-und-zirkonia-verzierung\/","name":"Silberarmband mit ovalen \u00d6sen und Zirkonia-Verzierung | Diana Silver","isPartOf":{"@id":"https:\/\/dianasilver.com\/de\/#website"},"primaryImageOfPage":{"@id":"https:\/\/dianasilver.com\/de\/termek\/silberarmband-mit-ovalen-oesen-und-zirkonia-verzierung\/#primaryimage"},"image":{"@id":"https:\/\/dianasilver.com\/de\/termek\/silberarmband-mit-ovalen-oesen-und-zirkonia-verzierung\/#primaryimage"},"thumbnailUrl":"https:\/\/dianasilver.com\/wp-content\/uploads\/2025\/05\/Ezust-karkoto-ovalis-formaju-szemekkel-es-cirkonia-diszitessel.jpg","datePublished":"2025-05-27T20:21:05+00:00","dateModified":"2026-04-14T23:41:12+00:00","description":"Fedezd fel a leny\u0171g\u00f6z\u0151 Silberarmband mit ovalen \u00d6sen und Zirkonia-Verzierung \u00e9kszer\u00fcnket. T\u00f6k\u00e9letes kieg\u00e9sz\u00edt\u0151 mindennapi viselethez \u00e9s k\u00fcl\u00f6nleges alkalmakra egyar\u00e1nt. Rendeld meg most!","breadcrumb":{"@id":"https:\/\/dianasilver.com\/de\/termek\/silberarmband-mit-ovalen-oesen-und-zirkonia-verzierung\/#breadcrumb"},"inLanguage":"de","potentialAction":[{"@type":"ReadAction","target":["https:\/\/dianasilver.com\/de\/termek\/silberarmband-mit-ovalen-oesen-und-zirkonia-verzierung\/"]}]},{"@type":"ImageObject","inLanguage":"de","@id":"https:\/\/dianasilver.com\/de\/termek\/silberarmband-mit-ovalen-oesen-und-zirkonia-verzierung\/#primaryimage","url":"https:\/\/dianasilver.com\/wp-content\/uploads\/2025\/05\/Ezust-karkoto-ovalis-formaju-szemekkel-es-cirkonia-diszitessel.jpg","contentUrl":"https:\/\/dianasilver.com\/wp-content\/uploads\/2025\/05\/Ezust-karkoto-ovalis-formaju-szemekkel-es-cirkonia-diszitessel.jpg","width":1350,"height":1800},{"@type":"BreadcrumbList","@id":"https:\/\/dianasilver.com\/de\/termek\/silberarmband-mit-ovalen-oesen-und-zirkonia-verzierung\/#breadcrumb","itemListElement":[{"@type":"ListItem","position":1,"name":"Kezd\u0151lap","item":"https:\/\/dianasilver.com\/de\/diana-silver-silberschmuck-webshop\/"},{"@type":"ListItem","position":2,"name":"Shop","item":"https:\/\/dianasilver.com\/de\/shop\/"},{"@type":"ListItem","position":3,"name":"Silberarmband mit ovalen \u00d6sen und Zirkonia-Verzierung"}]},{"@type":"WebSite","@id":"https:\/\/dianasilver.com\/de\/#website","url":"https:\/\/dianasilver.com\/de\/","name":"Diana Silver","description":"Tedd t\u00f6k\u00e9letesebb\u00e9 mindennapjaid a Diana Silver \u00e9kszereivel.","publisher":{"@id":"https:\/\/dianasilver.com\/de\/#organization"},"alternateName":"Ez\u00fcst \u00c9kszer Web\u00e1ruh\u00e1z","potentialAction":[{"@type":"SearchAction","target":{"@type":"EntryPoint","urlTemplate":"https:\/\/dianasilver.com\/de\/?s={search_term_string}"},"query-input":{"@type":"PropertyValueSpecification","valueRequired":true,"valueName":"search_term_string"}}],"inLanguage":"de"},{"@type":"Organization","@id":"https:\/\/dianasilver.com\/de\/#organization","name":"Diana Silver","url":"https:\/\/dianasilver.com\/de\/","logo":{"@type":"ImageObject","inLanguage":"de","@id":"https:\/\/dianasilver.com\/de\/#\/schema\/logo\/image\/","url":"https:\/\/dianasilver.com\/wp-content\/uploads\/2022\/08\/ezust-feher-1-koves-buttonos-stekkeres-fulbevalo-42.webp","contentUrl":"https:\/\/dianasilver.com\/wp-content\/uploads\/2022\/08\/ezust-feher-1-koves-buttonos-stekkeres-fulbevalo-42.webp","width":300,"height":154,"caption":"Diana Silver"},"image":{"@id":"https:\/\/dianasilver.com\/de\/#\/schema\/logo\/image\/"},"sameAs":["https:\/\/www.facebook.com\/profile.php?id=100027231325117"]}]}},"_links":{"self":[{"href":"https:\/\/dianasilver.com\/de\/wp-json\/wp\/v2\/product\/112476","targetHints":{"allow":["GET"]}}],"collection":[{"href":"https:\/\/dianasilver.com\/de\/wp-json\/wp\/v2\/product"}],"about":[{"href":"https:\/\/dianasilver.com\/de\/wp-json\/wp\/v2\/types\/product"}],"version-history":[{"count":0,"href":"https:\/\/dianasilver.com\/de\/wp-json\/wp\/v2\/product\/112476\/revisions"}],"wp:featuredmedia":[{"embeddable":true,"href":"https:\/\/dianasilver.com\/de\/wp-json\/wp\/v2\/media\/104392"}],"wp:attachment":[{"href":"https:\/\/dianasilver.com\/de\/wp-json\/wp\/v2\/media?parent=112476"}],"wp:term":[{"taxonomy":"product_brand","embeddable":true,"href":"https:\/\/dianasilver.com\/de\/wp-json\/wp\/v2\/product_brand?post=112476"},{"taxonomy":"product_cat","embeddable":true,"href":"https:\/\/dianasilver.com\/de\/wp-json\/wp\/v2\/product_cat?post=112476"},{"taxonomy":"product_tag","embeddable":true,"href":"https:\/\/dianasilver.com\/de\/wp-json\/wp\/v2\/product_tag?post=112476"}],"curies":[{"name":"wp","href":"https:\/\/api.w.org\/{rel}","templated":true}]}}