{"id":112475,"date":"2025-06-01T20:31:03","date_gmt":"2025-06-01T18:31:03","guid":{"rendered":"https:\/\/dianasilver.hu\/termek\/silberne-halskette-mit-zirkonia-verzierung\/"},"modified":"2026-04-15T01:41:09","modified_gmt":"2026-04-14T23:41:09","slug":"silberne-halskette-mit-zirkonia-verzierung","status":"publish","type":"product","link":"https:\/\/dianasilver.com\/de\/termek\/silberne-halskette-mit-zirkonia-verzierung\/","title":{"rendered":"Silberne Halskette mit Zirkonia-Verzierung"},"content":{"rendered":"<h2 data-start=\"356\" data-end=\"757\"><strong data-start=\"356\" data-end=\"396\">Eleganz und Licht in jedem Moment<\/strong><\/h2>\n<p data-start=\"356\" data-end=\"757\">Diese silberne Halskette ist die perfekte Kombination aus modernem Design und klassischem Stil. D\u00fcnne ovale Glieder, besetzt mit winzigen Zirkoniasteinen, sorgen f\u00fcr ein dezentes Funkeln, w\u00e4hrend glatt polierte \u00d6sen den klaren Look der Halskette betonen. Durch die verstellbare L\u00e4nge (45+4 cm) passt es perfekt zu jedem Dekollet\u00e9.<\/p>\n<p data-start=\"759\" data-end=\"801\"><strong data-start=\"759\" data-end=\"799\">Was symbolisiert die Form und das Design?<\/strong><\/p>\n<ul data-start=\"802\" data-end=\"999\">\n<li data-start=\"802\" data-end=\"901\">\n<p data-start=\"804\" data-end=\"901\">Die ovalen Glieder zeugen von Kontinuit\u00e4t und Harmonie in einer modernen und raffinierten Form.<\/p>\n<\/li>\n<li data-start=\"902\" data-end=\"999\">\n<p data-start=\"904\" data-end=\"999\">Die funkelnden Zirkoniasteine unterstreichen den leichten und femininen Charme und betonen die Einzigartigkeit der Tr\u00e4gerin.<\/p>\n<\/li>\n<\/ul>\n<p data-start=\"1001\" data-end=\"1038\"><strong data-start=\"1001\" data-end=\"1036\">Warum sollten Sie diese Halskette w\u00e4hlen?<\/strong><\/p>\n<ul data-start=\"1039\" data-end=\"1412\">\n<li data-start=\"1039\" data-end=\"1108\">\n<p data-start=\"1041\" data-end=\"1108\">Hergestellt aus hochwertigem AG 925 Silber, das hautfreundlich und langlebig ist.<\/p>\n<\/li>\n<li data-start=\"1109\" data-end=\"1202\">\n<p data-start=\"1111\" data-end=\"1202\">Die funkelnden Zirkoniasteine sorgen f\u00fcr ein subtiles Funkeln im Alltag oder bei besonderen Anl\u00e4ssen.<\/p>\n<\/li>\n<li data-start=\"1203\" data-end=\"1290\">\n<p data-start=\"1205\" data-end=\"1290\">Mit einer verstellbaren L\u00e4nge (45+4 cm) und bequemem Tragekomfort passt es zu jedem Stil.<\/p>\n<\/li>\n<li data-start=\"1291\" data-end=\"1412\">\n<p data-start=\"1293\" data-end=\"1412\">Ein besonderes Geschenk f\u00fcr Ihre Liebsten oder die perfekte Wahl, um ein wenig Licht in Ihren eigenen Tag zu bringen.<\/p>\n<\/li>\n<\/ul>\n<p data-start=\"1414\" data-end=\"1499\">\ud83c\udf81 W\u00e4hlen Sie diese funkelnde Halskette und gl\u00e4nzen Sie jedes Mal mit Stil! \ud83d\ude0a\ud83d\udcab<\/p>\n","protected":false},"excerpt":{"rendered":"<p class=\"ai-optimize-31\">Eine zart schimmernde Silberkette, die schlichte Eleganz und Glanz kombiniert und jeden Look einzigartig macht. \ud83d\ude0a\ud83d\udc8e<\/p>\n","protected":false},"featured_media":105171,"template":"","meta":{"_acf_changed":false},"product_brand":[],"product_cat":[675],"product_tag":[527],"class_list":{"0":"post-112475","1":"product","2":"type-product","3":"status-publish","4":"has-post-thumbnail","6":"product_cat-silberne-halskette","7":"product_tag-silberschmuck-fur-damen","8":"description-off","10":"first","11":"instock","12":"taxable","13":"shipping-taxable","14":"purchasable","15":"product-type-simple"},"acf":[],"yoast_head":"<!-- This site is optimized with the Yoast SEO plugin v27.4 - https:\/\/yoast.com\/product\/yoast-seo-wordpress\/ -->\n<title>Silberne Halskette mit Zirkonia-Verzierung | Diana Silver<\/title>\n<meta name=\"description\" content=\"Fedezd fel a leny\u0171g\u00f6z\u0151 Silberne Halskette mit Zirkonia-Verzierung \u00e9kszer\u00fcnket. T\u00f6k\u00e9letes kieg\u00e9sz\u00edt\u0151 mindennapi viselethez \u00e9s k\u00fcl\u00f6nleges alkalmakra egyar\u00e1nt. Rendeld meg most!\" \/>\n<meta name=\"robots\" content=\"index, follow, max-snippet:-1, max-image-preview:large, max-video-preview:-1\" \/>\n<link rel=\"canonical\" href=\"https:\/\/dianasilver.com\/de\/termek\/silberne-halskette-mit-zirkonia-verzierung\/\" \/>\n<meta property=\"og:locale\" content=\"de_DE\" \/>\n<meta property=\"og:type\" content=\"article\" \/>\n<meta property=\"og:title\" content=\"Silberne Halskette mit Zirkonia-Verzierung | Diana Silver\" \/>\n<meta property=\"og:description\" content=\"Fedezd fel a leny\u0171g\u00f6z\u0151 Silberne Halskette mit Zirkonia-Verzierung \u00e9kszer\u00fcnket. T\u00f6k\u00e9letes kieg\u00e9sz\u00edt\u0151 mindennapi viselethez \u00e9s k\u00fcl\u00f6nleges alkalmakra egyar\u00e1nt. Rendeld meg most!\" \/>\n<meta property=\"og:url\" content=\"https:\/\/dianasilver.com\/de\/termek\/silberne-halskette-mit-zirkonia-verzierung\/\" \/>\n<meta property=\"og:site_name\" content=\"Diana Silver\" \/>\n<meta property=\"article:publisher\" content=\"https:\/\/www.facebook.com\/profile.php?id=100027231325117\" \/>\n<meta property=\"article:modified_time\" content=\"2026-04-14T23:41:09+00:00\" \/>\n<meta property=\"og:image\" content=\"https:\/\/dianasilver.com\/wp-content\/uploads\/2025\/06\/Ezust-nyaklanc-cirkonia-diszitessel_2.jpg\" \/>\n\t<meta property=\"og:image:width\" content=\"1350\" \/>\n\t<meta property=\"og:image:height\" content=\"1800\" \/>\n\t<meta property=\"og:image:type\" content=\"image\/jpeg\" \/>\n<meta name=\"twitter:card\" content=\"summary_large_image\" \/>\n<meta name=\"twitter:label1\" content=\"Gesch\u00e4tzte Lesezeit\" \/>\n\t<meta name=\"twitter:data1\" content=\"1\u00a0Minute\" \/>\n<script type=\"application\/ld+json\" class=\"yoast-schema-graph\">{\"@context\":\"https:\\\/\\\/schema.org\",\"@graph\":[{\"@type\":\"WebPage\",\"@id\":\"https:\\\/\\\/dianasilver.com\\\/de\\\/termek\\\/silberne-halskette-mit-zirkonia-verzierung\\\/\",\"url\":\"https:\\\/\\\/dianasilver.com\\\/de\\\/termek\\\/silberne-halskette-mit-zirkonia-verzierung\\\/\",\"name\":\"Silberne Halskette mit Zirkonia-Verzierung | Diana Silver\",\"isPartOf\":{\"@id\":\"https:\\\/\\\/dianasilver.com\\\/de\\\/#website\"},\"primaryImageOfPage\":{\"@id\":\"https:\\\/\\\/dianasilver.com\\\/de\\\/termek\\\/silberne-halskette-mit-zirkonia-verzierung\\\/#primaryimage\"},\"image\":{\"@id\":\"https:\\\/\\\/dianasilver.com\\\/de\\\/termek\\\/silberne-halskette-mit-zirkonia-verzierung\\\/#primaryimage\"},\"thumbnailUrl\":\"https:\\\/\\\/dianasilver.com\\\/wp-content\\\/uploads\\\/2025\\\/06\\\/Ezust-nyaklanc-cirkonia-diszitessel_2.jpg\",\"datePublished\":\"2025-06-01T18:31:03+00:00\",\"dateModified\":\"2026-04-14T23:41:09+00:00\",\"description\":\"Fedezd fel a leny\u0171g\u00f6z\u0151 Silberne Halskette mit Zirkonia-Verzierung \u00e9kszer\u00fcnket. T\u00f6k\u00e9letes kieg\u00e9sz\u00edt\u0151 mindennapi viselethez \u00e9s k\u00fcl\u00f6nleges alkalmakra egyar\u00e1nt. Rendeld meg most!\",\"breadcrumb\":{\"@id\":\"https:\\\/\\\/dianasilver.com\\\/de\\\/termek\\\/silberne-halskette-mit-zirkonia-verzierung\\\/#breadcrumb\"},\"inLanguage\":\"de\",\"potentialAction\":[{\"@type\":\"ReadAction\",\"target\":[\"https:\\\/\\\/dianasilver.com\\\/de\\\/termek\\\/silberne-halskette-mit-zirkonia-verzierung\\\/\"]}]},{\"@type\":\"ImageObject\",\"inLanguage\":\"de\",\"@id\":\"https:\\\/\\\/dianasilver.com\\\/de\\\/termek\\\/silberne-halskette-mit-zirkonia-verzierung\\\/#primaryimage\",\"url\":\"https:\\\/\\\/dianasilver.com\\\/wp-content\\\/uploads\\\/2025\\\/06\\\/Ezust-nyaklanc-cirkonia-diszitessel_2.jpg\",\"contentUrl\":\"https:\\\/\\\/dianasilver.com\\\/wp-content\\\/uploads\\\/2025\\\/06\\\/Ezust-nyaklanc-cirkonia-diszitessel_2.jpg\",\"width\":1350,\"height\":1800},{\"@type\":\"BreadcrumbList\",\"@id\":\"https:\\\/\\\/dianasilver.com\\\/de\\\/termek\\\/silberne-halskette-mit-zirkonia-verzierung\\\/#breadcrumb\",\"itemListElement\":[{\"@type\":\"ListItem\",\"position\":1,\"name\":\"Kezd\u0151lap\",\"item\":\"https:\\\/\\\/dianasilver.com\\\/de\\\/diana-silver-silberschmuck-webshop\\\/\"},{\"@type\":\"ListItem\",\"position\":2,\"name\":\"Shop\",\"item\":\"https:\\\/\\\/dianasilver.com\\\/de\\\/shop\\\/\"},{\"@type\":\"ListItem\",\"position\":3,\"name\":\"Silberne Halskette mit Zirkonia-Verzierung\"}]},{\"@type\":\"WebSite\",\"@id\":\"https:\\\/\\\/dianasilver.com\\\/de\\\/#website\",\"url\":\"https:\\\/\\\/dianasilver.com\\\/de\\\/\",\"name\":\"Diana Silver\",\"description\":\"Tedd t\u00f6k\u00e9letesebb\u00e9 mindennapjaid a Diana Silver \u00e9kszereivel.\",\"publisher\":{\"@id\":\"https:\\\/\\\/dianasilver.com\\\/de\\\/#organization\"},\"alternateName\":\"Ez\u00fcst \u00c9kszer Web\u00e1ruh\u00e1z\",\"potentialAction\":[{\"@type\":\"SearchAction\",\"target\":{\"@type\":\"EntryPoint\",\"urlTemplate\":\"https:\\\/\\\/dianasilver.com\\\/de\\\/?s={search_term_string}\"},\"query-input\":{\"@type\":\"PropertyValueSpecification\",\"valueRequired\":true,\"valueName\":\"search_term_string\"}}],\"inLanguage\":\"de\"},{\"@type\":\"Organization\",\"@id\":\"https:\\\/\\\/dianasilver.com\\\/de\\\/#organization\",\"name\":\"Diana Silver\",\"url\":\"https:\\\/\\\/dianasilver.com\\\/de\\\/\",\"logo\":{\"@type\":\"ImageObject\",\"inLanguage\":\"de\",\"@id\":\"https:\\\/\\\/dianasilver.com\\\/de\\\/#\\\/schema\\\/logo\\\/image\\\/\",\"url\":\"https:\\\/\\\/dianasilver.com\\\/wp-content\\\/uploads\\\/2022\\\/08\\\/ezust-feher-1-koves-buttonos-stekkeres-fulbevalo-42.webp\",\"contentUrl\":\"https:\\\/\\\/dianasilver.com\\\/wp-content\\\/uploads\\\/2022\\\/08\\\/ezust-feher-1-koves-buttonos-stekkeres-fulbevalo-42.webp\",\"width\":300,\"height\":154,\"caption\":\"Diana Silver\"},\"image\":{\"@id\":\"https:\\\/\\\/dianasilver.com\\\/de\\\/#\\\/schema\\\/logo\\\/image\\\/\"},\"sameAs\":[\"https:\\\/\\\/www.facebook.com\\\/profile.php?id=100027231325117\"]}]}<\/script>\n<!-- \/ Yoast SEO plugin. -->","yoast_head_json":{"title":"Silberne Halskette mit Zirkonia-Verzierung | Diana Silver","description":"Fedezd fel a leny\u0171g\u00f6z\u0151 Silberne Halskette mit Zirkonia-Verzierung \u00e9kszer\u00fcnket. T\u00f6k\u00e9letes kieg\u00e9sz\u00edt\u0151 mindennapi viselethez \u00e9s k\u00fcl\u00f6nleges alkalmakra egyar\u00e1nt. Rendeld meg most!","robots":{"index":"index","follow":"follow","max-snippet":"max-snippet:-1","max-image-preview":"max-image-preview:large","max-video-preview":"max-video-preview:-1"},"canonical":"https:\/\/dianasilver.com\/de\/termek\/silberne-halskette-mit-zirkonia-verzierung\/","og_locale":"de_DE","og_type":"article","og_title":"Silberne Halskette mit Zirkonia-Verzierung | Diana Silver","og_description":"Fedezd fel a leny\u0171g\u00f6z\u0151 Silberne Halskette mit Zirkonia-Verzierung \u00e9kszer\u00fcnket. T\u00f6k\u00e9letes kieg\u00e9sz\u00edt\u0151 mindennapi viselethez \u00e9s k\u00fcl\u00f6nleges alkalmakra egyar\u00e1nt. Rendeld meg most!","og_url":"https:\/\/dianasilver.com\/de\/termek\/silberne-halskette-mit-zirkonia-verzierung\/","og_site_name":"Diana Silver","article_publisher":"https:\/\/www.facebook.com\/profile.php?id=100027231325117","article_modified_time":"2026-04-14T23:41:09+00:00","og_image":[{"width":1350,"height":1800,"url":"https:\/\/dianasilver.com\/wp-content\/uploads\/2025\/06\/Ezust-nyaklanc-cirkonia-diszitessel_2.jpg","type":"image\/jpeg"}],"twitter_card":"summary_large_image","twitter_misc":{"Gesch\u00e4tzte Lesezeit":"1\u00a0Minute"},"schema":{"@context":"https:\/\/schema.org","@graph":[{"@type":"WebPage","@id":"https:\/\/dianasilver.com\/de\/termek\/silberne-halskette-mit-zirkonia-verzierung\/","url":"https:\/\/dianasilver.com\/de\/termek\/silberne-halskette-mit-zirkonia-verzierung\/","name":"Silberne Halskette mit Zirkonia-Verzierung | Diana Silver","isPartOf":{"@id":"https:\/\/dianasilver.com\/de\/#website"},"primaryImageOfPage":{"@id":"https:\/\/dianasilver.com\/de\/termek\/silberne-halskette-mit-zirkonia-verzierung\/#primaryimage"},"image":{"@id":"https:\/\/dianasilver.com\/de\/termek\/silberne-halskette-mit-zirkonia-verzierung\/#primaryimage"},"thumbnailUrl":"https:\/\/dianasilver.com\/wp-content\/uploads\/2025\/06\/Ezust-nyaklanc-cirkonia-diszitessel_2.jpg","datePublished":"2025-06-01T18:31:03+00:00","dateModified":"2026-04-14T23:41:09+00:00","description":"Fedezd fel a leny\u0171g\u00f6z\u0151 Silberne Halskette mit Zirkonia-Verzierung \u00e9kszer\u00fcnket. T\u00f6k\u00e9letes kieg\u00e9sz\u00edt\u0151 mindennapi viselethez \u00e9s k\u00fcl\u00f6nleges alkalmakra egyar\u00e1nt. Rendeld meg most!","breadcrumb":{"@id":"https:\/\/dianasilver.com\/de\/termek\/silberne-halskette-mit-zirkonia-verzierung\/#breadcrumb"},"inLanguage":"de","potentialAction":[{"@type":"ReadAction","target":["https:\/\/dianasilver.com\/de\/termek\/silberne-halskette-mit-zirkonia-verzierung\/"]}]},{"@type":"ImageObject","inLanguage":"de","@id":"https:\/\/dianasilver.com\/de\/termek\/silberne-halskette-mit-zirkonia-verzierung\/#primaryimage","url":"https:\/\/dianasilver.com\/wp-content\/uploads\/2025\/06\/Ezust-nyaklanc-cirkonia-diszitessel_2.jpg","contentUrl":"https:\/\/dianasilver.com\/wp-content\/uploads\/2025\/06\/Ezust-nyaklanc-cirkonia-diszitessel_2.jpg","width":1350,"height":1800},{"@type":"BreadcrumbList","@id":"https:\/\/dianasilver.com\/de\/termek\/silberne-halskette-mit-zirkonia-verzierung\/#breadcrumb","itemListElement":[{"@type":"ListItem","position":1,"name":"Kezd\u0151lap","item":"https:\/\/dianasilver.com\/de\/diana-silver-silberschmuck-webshop\/"},{"@type":"ListItem","position":2,"name":"Shop","item":"https:\/\/dianasilver.com\/de\/shop\/"},{"@type":"ListItem","position":3,"name":"Silberne Halskette mit Zirkonia-Verzierung"}]},{"@type":"WebSite","@id":"https:\/\/dianasilver.com\/de\/#website","url":"https:\/\/dianasilver.com\/de\/","name":"Diana Silver","description":"Tedd t\u00f6k\u00e9letesebb\u00e9 mindennapjaid a Diana Silver \u00e9kszereivel.","publisher":{"@id":"https:\/\/dianasilver.com\/de\/#organization"},"alternateName":"Ez\u00fcst \u00c9kszer Web\u00e1ruh\u00e1z","potentialAction":[{"@type":"SearchAction","target":{"@type":"EntryPoint","urlTemplate":"https:\/\/dianasilver.com\/de\/?s={search_term_string}"},"query-input":{"@type":"PropertyValueSpecification","valueRequired":true,"valueName":"search_term_string"}}],"inLanguage":"de"},{"@type":"Organization","@id":"https:\/\/dianasilver.com\/de\/#organization","name":"Diana Silver","url":"https:\/\/dianasilver.com\/de\/","logo":{"@type":"ImageObject","inLanguage":"de","@id":"https:\/\/dianasilver.com\/de\/#\/schema\/logo\/image\/","url":"https:\/\/dianasilver.com\/wp-content\/uploads\/2022\/08\/ezust-feher-1-koves-buttonos-stekkeres-fulbevalo-42.webp","contentUrl":"https:\/\/dianasilver.com\/wp-content\/uploads\/2022\/08\/ezust-feher-1-koves-buttonos-stekkeres-fulbevalo-42.webp","width":300,"height":154,"caption":"Diana Silver"},"image":{"@id":"https:\/\/dianasilver.com\/de\/#\/schema\/logo\/image\/"},"sameAs":["https:\/\/www.facebook.com\/profile.php?id=100027231325117"]}]}},"_links":{"self":[{"href":"https:\/\/dianasilver.com\/de\/wp-json\/wp\/v2\/product\/112475","targetHints":{"allow":["GET"]}}],"collection":[{"href":"https:\/\/dianasilver.com\/de\/wp-json\/wp\/v2\/product"}],"about":[{"href":"https:\/\/dianasilver.com\/de\/wp-json\/wp\/v2\/types\/product"}],"version-history":[{"count":0,"href":"https:\/\/dianasilver.com\/de\/wp-json\/wp\/v2\/product\/112475\/revisions"}],"wp:featuredmedia":[{"embeddable":true,"href":"https:\/\/dianasilver.com\/de\/wp-json\/wp\/v2\/media\/105171"}],"wp:attachment":[{"href":"https:\/\/dianasilver.com\/de\/wp-json\/wp\/v2\/media?parent=112475"}],"wp:term":[{"taxonomy":"product_brand","embeddable":true,"href":"https:\/\/dianasilver.com\/de\/wp-json\/wp\/v2\/product_brand?post=112475"},{"taxonomy":"product_cat","embeddable":true,"href":"https:\/\/dianasilver.com\/de\/wp-json\/wp\/v2\/product_cat?post=112475"},{"taxonomy":"product_tag","embeddable":true,"href":"https:\/\/dianasilver.com\/de\/wp-json\/wp\/v2\/product_tag?post=112475"}],"curies":[{"name":"wp","href":"https:\/\/api.w.org\/{rel}","templated":true}]}}