{"id":112473,"date":"2025-03-13T18:33:04","date_gmt":"2025-03-13T17:33:04","guid":{"rendered":"https:\/\/dianasilver.hu\/termek\/rote-baumwolle-mit-weissen-steinen-silberne-herz-knoechelkette-23cm3cm-verlaengerer\/"},"modified":"2026-03-10T00:21:50","modified_gmt":"2026-03-09T23:21:50","slug":"rote-baumwolle-mit-weissen-steinen-silberne-herz-knoechelkette-23cm3cm-verlaengerer","status":"publish","type":"product","link":"https:\/\/dianasilver.com\/de\/termek\/rote-baumwolle-mit-weissen-steinen-silberne-herz-knoechelkette-23cm3cm-verlaengerer\/","title":{"rendered":"Rote Baumwolle mit wei\u00dfen Steinen silberne Herz-Kn\u00f6chelkette 23cm+3cm Verl\u00e4ngerer"},"content":{"rendered":"<h2 data-start=\"0\" data-end=\"108\"><strong data-start=\"3\" data-end=\"106\">Herz-Fu\u00dfkettchen aus roter Baumwolle und Silber mit wei\u00dfen Steinen (23 cm + 3 cm Verl\u00e4ngerung) &#8211; Symbol f\u00fcr Liebe und Schutz<\/strong><\/h2>\n<p data-start=\"110\" data-end=\"490\">Diese <strong data-start=\"115\" data-end=\"171\">Kn\u00f6chelkette aus roter Baumwolle mit einem silbernen Herzanh\u00e4nger mit wei\u00dfen Steinen<\/strong> ist nicht nur elegant, sondern hat auch eine tiefe Bedeutung. <strong data-start=\"220\" data-end=\"284\">Rote Baumwolle ist seit der Antike ein Symbol f\u00fcr Schutz und Gl\u00fcck<\/strong>, w\u00e4hrend die <strong data-start=\"292\" data-end=\"358\">Herzform f\u00fcr ewige Liebe und emotionale Bindung<\/strong> steht. Der <strong data-start=\"379\" data-end=\"430\">wei\u00dfe Stein<\/strong>, der in der Mitte schimmert, ist <strong data-start=\"379\" data-end=\"430\">die Verk\u00f6rperung von Reinheit und Harmonie<\/strong>, was dieses besondere Schmuckst\u00fcck noch raffinierter macht.<\/p>\n<p data-start=\"492\" data-end=\"817\">Der <strong data-start=\"495\" data-end=\"551\">Herzanh\u00e4nger aus 925er Sterlingsilber mit Rhodiumbeschichtung<\/strong> beh\u00e4lt seinen Glanz \u00fcber die Zeit, w\u00e4hrend die <strong data-start=\"591\" data-end=\"632\">23 cm lange Baumwollkordel + 3 cm Verl\u00e4ngerungskabel<\/strong> ein verstellbares und bequemes Tragen erm\u00f6glicht. Dieses Fu\u00dfkettchen ist die ideale Wahl f\u00fcr alle, die ein <strong data-start=\"740\" data-end=\"805\">bedeutungsvolles Schmuckst\u00fcck suchen, das Schutz und Liebe symbolisiert.<\/strong> <\/p>\n<h3 data-start=\"819\" data-end=\"883\">\u2728 <strong data-start=\"825\" data-end=\"881\">Was symbolisieren die rote Baumwolle, das Herz und der wei\u00dfe Stein?<\/strong><\/h3>\n<ul data-start=\"884\" data-end=\"1181\">\n<li data-start=\"884\" data-end=\"992\"><strong data-start=\"886\" data-end=\"910\">Schutz und Gl\u00fcck<\/strong> &#8211; Rote Baumwolle wird traditionell zum Schutz vor negativen Energien verwendet.<\/li>\n<li data-start=\"993\" data-end=\"1092\"><strong data-start=\"995\" data-end=\"1026\">Liebe und emotionale Bindung<\/strong> &#8211; Die Herzform steht f\u00fcr ewige Liebe und Beziehungen.<\/li>\n<li data-start=\"1093\" data-end=\"1181\"><strong data-start=\"1095\" data-end=\"1120\">Reinheit und Harmonie<\/strong> &#8211; Der wei\u00dfe Stein strahlt inneren Frieden und Kultiviertheit aus.<\/li>\n<\/ul>\n<h3 data-start=\"1183\" data-end=\"1227\">\ud83d\udc96 <strong data-start=\"1190\" data-end=\"1225\">Warum dieses Fu\u00dfkettchen w\u00e4hlen?<\/strong><\/h3>\n<p data-start=\"1228\" data-end=\"1715\">\u2714 <strong data-start=\"1230\" data-end=\"1249\">Hochwertige Qualit\u00e4t<\/strong> &#8211; <strong data-start=\"1252\" data-end=\"1298\">Herzanh\u00e4nger aus 925er Silber mit Rhodiumbeschichtung<\/strong> f\u00fcr lang anhaltenden Glanz.<br data-start=\"1328\" data-end=\"1331\">\u2714 <strong data-start=\"1333\" data-end=\"1377\">Rote Baumwollkordel &#8211; Symbol des Schutzes<\/strong> &#8211; Ein Material mit spiritueller Bedeutung, das positive Energie ausstrahlt.<br data-start=\"1447\" data-end=\"1450\">\u2714 Verstellbare <strong data-start=\"1452\" data-end=\"1492\">Gr\u00f6\u00dfe (23 cm + 3 cm Verl\u00e4ngerung)<\/strong> &#8211; Bequemer und individueller Tragekomfort.<br data-start=\"1535\" data-end=\"1538\">\u2714 Wei\u00dfer <strong data-start=\"1540\" data-end=\"1562\">Steinglanz<\/strong> &#8211; Raffinierte Eleganz und pure Sch\u00f6nheit.<br data-start=\"1608\" data-end=\"1611\">\u2714 Romantisches <strong data-start=\"1613\" data-end=\"1650\">und stilvolles Accessoire<\/strong> &#8211; Ideal f\u00fcr den Alltag und besondere Anl\u00e4sse.<\/p>\n<p data-start=\"1717\" data-end=\"1977\">\ud83c\udf81 Das <strong data-start=\"1720\" data-end=\"1756\">perfekte Geschenk f\u00fcr Ihre Lieben!<\/strong><br data-start=\"1756\" data-end=\"1759\">Dieses <strong data-start=\"1764\" data-end=\"1814\">Fu\u00dfkettchen aus roter Baumwolle mit einem silbernen Herz und einem wei\u00dfen Stein<\/strong> ist das perfekte Geschenk f\u00fcr einen Geburtstag, einen Jahrestag oder einen anderen besonderen Anlass. Ein Juwel, das <strong data-start=\"1922\" data-end=\"1974\">Schutz, Liebe und Ausstrahlung in sich tr\u00e4gt<\/strong>.<\/p>\n<p data-start=\"1979\" data-end=\"2081\">\ud83d\udcab <strong data-start=\"1982\" data-end=\"2075\">Tragen Sie ein Fu\u00dfgelenkarmband, das nicht nur modisch ist, sondern Sie auch mit positiver Energie erf\u00fcllt!<\/strong> \u2764\ufe0f\u2728<\/p>\n","protected":false},"excerpt":{"rendered":"<p>\ud83d\udc8e <strong data-start=\"2132\" data-end=\"2200\">Herz-Fu\u00dfkettchen aus roter Baumwolle mit wei\u00dfen Steinen (23 cm + 3 cm Verl\u00e4ngerung)<\/strong> &#8211; Das perfekte Symbol f\u00fcr Liebe und Schutz, das Eleganz und positive Energie ausstrahlt! \u2764\ufe0f\u2728<\/p>\n","protected":false},"featured_media":103683,"template":"","meta":{"_acf_changed":false},"product_brand":[],"product_cat":[569],"product_tag":[527,634],"class_list":{"0":"post-112473","1":"product","2":"type-product","3":"status-publish","4":"has-post-thumbnail","6":"product_cat-silbernes-fusskettchen","7":"product_tag-silberschmuck-fur-damen","8":"product_tag-farbenfroh","9":"description-off","11":"first","12":"outofstock","13":"taxable","14":"shipping-taxable","15":"purchasable","16":"product-type-simple"},"acf":[],"yoast_head":"<!-- This site is optimized with the Yoast SEO plugin v27.4 - https:\/\/yoast.com\/product\/yoast-seo-wordpress\/ -->\n<title>Rote Baumwolle mit wei\u00dfen Steinen silberne Herz-Kn\u00f6chelkette 23cm+3cm Verl\u00e4ngerer | Diana Silver<\/title>\n<meta name=\"description\" content=\"Fedezd fel a leny\u0171g\u00f6z\u0151 Rote Baumwolle mit wei\u00dfen Steinen silberne Herz-Kn\u00f6chelkette 23cm+3cm Verl\u00e4ngerer \u00e9kszer\u00fcnket. T\u00f6k\u00e9letes kieg\u00e9sz\u00edt\u0151 mindennapi viselethez \u00e9s k\u00fcl\u00f6nleges alkalmakra egyar\u00e1nt. Rendeld meg most!\" \/>\n<meta name=\"robots\" content=\"index, follow, max-snippet:-1, max-image-preview:large, max-video-preview:-1\" \/>\n<link rel=\"canonical\" href=\"https:\/\/dianasilver.com\/de\/termek\/rote-baumwolle-mit-weissen-steinen-silberne-herz-knoechelkette-23cm3cm-verlaengerer\/\" \/>\n<meta property=\"og:locale\" content=\"de_DE\" \/>\n<meta property=\"og:type\" content=\"article\" \/>\n<meta property=\"og:title\" content=\"Rote Baumwolle mit wei\u00dfen Steinen silberne Herz-Kn\u00f6chelkette 23cm+3cm Verl\u00e4ngerer | Diana Silver\" \/>\n<meta property=\"og:description\" content=\"Fedezd fel a leny\u0171g\u00f6z\u0151 Rote Baumwolle mit wei\u00dfen Steinen silberne Herz-Kn\u00f6chelkette 23cm+3cm Verl\u00e4ngerer \u00e9kszer\u00fcnket. T\u00f6k\u00e9letes kieg\u00e9sz\u00edt\u0151 mindennapi viselethez \u00e9s k\u00fcl\u00f6nleges alkalmakra egyar\u00e1nt. Rendeld meg most!\" \/>\n<meta property=\"og:url\" content=\"https:\/\/dianasilver.com\/de\/termek\/rote-baumwolle-mit-weissen-steinen-silberne-herz-knoechelkette-23cm3cm-verlaengerer\/\" \/>\n<meta property=\"og:site_name\" content=\"Diana Silver\" \/>\n<meta property=\"article:publisher\" content=\"https:\/\/www.facebook.com\/profile.php?id=100027231325117\" \/>\n<meta property=\"article:modified_time\" content=\"2026-03-09T23:21:50+00:00\" \/>\n<meta property=\"og:image\" content=\"https:\/\/dianasilver.com\/wp-content\/uploads\/2025\/05\/4b30d711-2722-4c50-b02c-dcd3df1f4400.jpg\" \/>\n\t<meta property=\"og:image:width\" content=\"1024\" \/>\n\t<meta property=\"og:image:height\" content=\"1024\" \/>\n\t<meta property=\"og:image:type\" content=\"image\/png\" \/>\n<meta name=\"twitter:card\" content=\"summary_large_image\" \/>\n<meta name=\"twitter:label1\" content=\"Gesch\u00e4tzte Lesezeit\" \/>\n\t<meta name=\"twitter:data1\" content=\"2\u00a0Minute\" \/>\n<script type=\"application\/ld+json\" class=\"yoast-schema-graph\">{\"@context\":\"https:\\\/\\\/schema.org\",\"@graph\":[{\"@type\":\"WebPage\",\"@id\":\"https:\\\/\\\/dianasilver.com\\\/de\\\/termek\\\/rote-baumwolle-mit-weissen-steinen-silberne-herz-knoechelkette-23cm3cm-verlaengerer\\\/\",\"url\":\"https:\\\/\\\/dianasilver.com\\\/de\\\/termek\\\/rote-baumwolle-mit-weissen-steinen-silberne-herz-knoechelkette-23cm3cm-verlaengerer\\\/\",\"name\":\"Rote Baumwolle mit wei\u00dfen Steinen silberne Herz-Kn\u00f6chelkette 23cm+3cm Verl\u00e4ngerer | Diana Silver\",\"isPartOf\":{\"@id\":\"https:\\\/\\\/dianasilver.com\\\/de\\\/#website\"},\"primaryImageOfPage\":{\"@id\":\"https:\\\/\\\/dianasilver.com\\\/de\\\/termek\\\/rote-baumwolle-mit-weissen-steinen-silberne-herz-knoechelkette-23cm3cm-verlaengerer\\\/#primaryimage\"},\"image\":{\"@id\":\"https:\\\/\\\/dianasilver.com\\\/de\\\/termek\\\/rote-baumwolle-mit-weissen-steinen-silberne-herz-knoechelkette-23cm3cm-verlaengerer\\\/#primaryimage\"},\"thumbnailUrl\":\"https:\\\/\\\/dianasilver.com\\\/wp-content\\\/uploads\\\/2025\\\/05\\\/4b30d711-2722-4c50-b02c-dcd3df1f4400.jpg\",\"datePublished\":\"2025-03-13T17:33:04+00:00\",\"dateModified\":\"2026-03-09T23:21:50+00:00\",\"description\":\"Fedezd fel a leny\u0171g\u00f6z\u0151 Rote Baumwolle mit wei\u00dfen Steinen silberne Herz-Kn\u00f6chelkette 23cm+3cm Verl\u00e4ngerer \u00e9kszer\u00fcnket. T\u00f6k\u00e9letes kieg\u00e9sz\u00edt\u0151 mindennapi viselethez \u00e9s k\u00fcl\u00f6nleges alkalmakra egyar\u00e1nt. Rendeld meg most!\",\"breadcrumb\":{\"@id\":\"https:\\\/\\\/dianasilver.com\\\/de\\\/termek\\\/rote-baumwolle-mit-weissen-steinen-silberne-herz-knoechelkette-23cm3cm-verlaengerer\\\/#breadcrumb\"},\"inLanguage\":\"de\",\"potentialAction\":[{\"@type\":\"ReadAction\",\"target\":[\"https:\\\/\\\/dianasilver.com\\\/de\\\/termek\\\/rote-baumwolle-mit-weissen-steinen-silberne-herz-knoechelkette-23cm3cm-verlaengerer\\\/\"]}]},{\"@type\":\"ImageObject\",\"inLanguage\":\"de\",\"@id\":\"https:\\\/\\\/dianasilver.com\\\/de\\\/termek\\\/rote-baumwolle-mit-weissen-steinen-silberne-herz-knoechelkette-23cm3cm-verlaengerer\\\/#primaryimage\",\"url\":\"https:\\\/\\\/dianasilver.com\\\/wp-content\\\/uploads\\\/2025\\\/05\\\/4b30d711-2722-4c50-b02c-dcd3df1f4400.jpg\",\"contentUrl\":\"https:\\\/\\\/dianasilver.com\\\/wp-content\\\/uploads\\\/2025\\\/05\\\/4b30d711-2722-4c50-b02c-dcd3df1f4400.jpg\",\"width\":1024,\"height\":1024},{\"@type\":\"BreadcrumbList\",\"@id\":\"https:\\\/\\\/dianasilver.com\\\/de\\\/termek\\\/rote-baumwolle-mit-weissen-steinen-silberne-herz-knoechelkette-23cm3cm-verlaengerer\\\/#breadcrumb\",\"itemListElement\":[{\"@type\":\"ListItem\",\"position\":1,\"name\":\"Kezd\u0151lap\",\"item\":\"https:\\\/\\\/dianasilver.com\\\/de\\\/diana-silver-silberschmuck-webshop\\\/\"},{\"@type\":\"ListItem\",\"position\":2,\"name\":\"Shop\",\"item\":\"https:\\\/\\\/dianasilver.com\\\/de\\\/shop\\\/\"},{\"@type\":\"ListItem\",\"position\":3,\"name\":\"Rote Baumwolle mit wei\u00dfen Steinen silberne Herz-Kn\u00f6chelkette 23cm+3cm Verl\u00e4ngerer\"}]},{\"@type\":\"WebSite\",\"@id\":\"https:\\\/\\\/dianasilver.com\\\/de\\\/#website\",\"url\":\"https:\\\/\\\/dianasilver.com\\\/de\\\/\",\"name\":\"Diana Silver\",\"description\":\"Tedd t\u00f6k\u00e9letesebb\u00e9 mindennapjaid a Diana Silver \u00e9kszereivel.\",\"publisher\":{\"@id\":\"https:\\\/\\\/dianasilver.com\\\/de\\\/#organization\"},\"alternateName\":\"Ez\u00fcst \u00c9kszer Web\u00e1ruh\u00e1z\",\"potentialAction\":[{\"@type\":\"SearchAction\",\"target\":{\"@type\":\"EntryPoint\",\"urlTemplate\":\"https:\\\/\\\/dianasilver.com\\\/de\\\/?s={search_term_string}\"},\"query-input\":{\"@type\":\"PropertyValueSpecification\",\"valueRequired\":true,\"valueName\":\"search_term_string\"}}],\"inLanguage\":\"de\"},{\"@type\":\"Organization\",\"@id\":\"https:\\\/\\\/dianasilver.com\\\/de\\\/#organization\",\"name\":\"Diana Silver\",\"url\":\"https:\\\/\\\/dianasilver.com\\\/de\\\/\",\"logo\":{\"@type\":\"ImageObject\",\"inLanguage\":\"de\",\"@id\":\"https:\\\/\\\/dianasilver.com\\\/de\\\/#\\\/schema\\\/logo\\\/image\\\/\",\"url\":\"https:\\\/\\\/dianasilver.com\\\/wp-content\\\/uploads\\\/2022\\\/08\\\/ezust-feher-1-koves-buttonos-stekkeres-fulbevalo-42.webp\",\"contentUrl\":\"https:\\\/\\\/dianasilver.com\\\/wp-content\\\/uploads\\\/2022\\\/08\\\/ezust-feher-1-koves-buttonos-stekkeres-fulbevalo-42.webp\",\"width\":300,\"height\":154,\"caption\":\"Diana Silver\"},\"image\":{\"@id\":\"https:\\\/\\\/dianasilver.com\\\/de\\\/#\\\/schema\\\/logo\\\/image\\\/\"},\"sameAs\":[\"https:\\\/\\\/www.facebook.com\\\/profile.php?id=100027231325117\"]}]}<\/script>\n<!-- \/ Yoast SEO plugin. -->","yoast_head_json":{"title":"Rote Baumwolle mit wei\u00dfen Steinen silberne Herz-Kn\u00f6chelkette 23cm+3cm Verl\u00e4ngerer | Diana Silver","description":"Fedezd fel a leny\u0171g\u00f6z\u0151 Rote Baumwolle mit wei\u00dfen Steinen silberne Herz-Kn\u00f6chelkette 23cm+3cm Verl\u00e4ngerer \u00e9kszer\u00fcnket. T\u00f6k\u00e9letes kieg\u00e9sz\u00edt\u0151 mindennapi viselethez \u00e9s k\u00fcl\u00f6nleges alkalmakra egyar\u00e1nt. Rendeld meg most!","robots":{"index":"index","follow":"follow","max-snippet":"max-snippet:-1","max-image-preview":"max-image-preview:large","max-video-preview":"max-video-preview:-1"},"canonical":"https:\/\/dianasilver.com\/de\/termek\/rote-baumwolle-mit-weissen-steinen-silberne-herz-knoechelkette-23cm3cm-verlaengerer\/","og_locale":"de_DE","og_type":"article","og_title":"Rote Baumwolle mit wei\u00dfen Steinen silberne Herz-Kn\u00f6chelkette 23cm+3cm Verl\u00e4ngerer | Diana Silver","og_description":"Fedezd fel a leny\u0171g\u00f6z\u0151 Rote Baumwolle mit wei\u00dfen Steinen silberne Herz-Kn\u00f6chelkette 23cm+3cm Verl\u00e4ngerer \u00e9kszer\u00fcnket. T\u00f6k\u00e9letes kieg\u00e9sz\u00edt\u0151 mindennapi viselethez \u00e9s k\u00fcl\u00f6nleges alkalmakra egyar\u00e1nt. Rendeld meg most!","og_url":"https:\/\/dianasilver.com\/de\/termek\/rote-baumwolle-mit-weissen-steinen-silberne-herz-knoechelkette-23cm3cm-verlaengerer\/","og_site_name":"Diana Silver","article_publisher":"https:\/\/www.facebook.com\/profile.php?id=100027231325117","article_modified_time":"2026-03-09T23:21:50+00:00","og_image":[{"width":1024,"height":1024,"url":"https:\/\/dianasilver.com\/wp-content\/uploads\/2025\/05\/4b30d711-2722-4c50-b02c-dcd3df1f4400.jpg","type":"image\/png"}],"twitter_card":"summary_large_image","twitter_misc":{"Gesch\u00e4tzte Lesezeit":"2\u00a0Minute"},"schema":{"@context":"https:\/\/schema.org","@graph":[{"@type":"WebPage","@id":"https:\/\/dianasilver.com\/de\/termek\/rote-baumwolle-mit-weissen-steinen-silberne-herz-knoechelkette-23cm3cm-verlaengerer\/","url":"https:\/\/dianasilver.com\/de\/termek\/rote-baumwolle-mit-weissen-steinen-silberne-herz-knoechelkette-23cm3cm-verlaengerer\/","name":"Rote Baumwolle mit wei\u00dfen Steinen silberne Herz-Kn\u00f6chelkette 23cm+3cm Verl\u00e4ngerer | Diana Silver","isPartOf":{"@id":"https:\/\/dianasilver.com\/de\/#website"},"primaryImageOfPage":{"@id":"https:\/\/dianasilver.com\/de\/termek\/rote-baumwolle-mit-weissen-steinen-silberne-herz-knoechelkette-23cm3cm-verlaengerer\/#primaryimage"},"image":{"@id":"https:\/\/dianasilver.com\/de\/termek\/rote-baumwolle-mit-weissen-steinen-silberne-herz-knoechelkette-23cm3cm-verlaengerer\/#primaryimage"},"thumbnailUrl":"https:\/\/dianasilver.com\/wp-content\/uploads\/2025\/05\/4b30d711-2722-4c50-b02c-dcd3df1f4400.jpg","datePublished":"2025-03-13T17:33:04+00:00","dateModified":"2026-03-09T23:21:50+00:00","description":"Fedezd fel a leny\u0171g\u00f6z\u0151 Rote Baumwolle mit wei\u00dfen Steinen silberne Herz-Kn\u00f6chelkette 23cm+3cm Verl\u00e4ngerer \u00e9kszer\u00fcnket. T\u00f6k\u00e9letes kieg\u00e9sz\u00edt\u0151 mindennapi viselethez \u00e9s k\u00fcl\u00f6nleges alkalmakra egyar\u00e1nt. Rendeld meg most!","breadcrumb":{"@id":"https:\/\/dianasilver.com\/de\/termek\/rote-baumwolle-mit-weissen-steinen-silberne-herz-knoechelkette-23cm3cm-verlaengerer\/#breadcrumb"},"inLanguage":"de","potentialAction":[{"@type":"ReadAction","target":["https:\/\/dianasilver.com\/de\/termek\/rote-baumwolle-mit-weissen-steinen-silberne-herz-knoechelkette-23cm3cm-verlaengerer\/"]}]},{"@type":"ImageObject","inLanguage":"de","@id":"https:\/\/dianasilver.com\/de\/termek\/rote-baumwolle-mit-weissen-steinen-silberne-herz-knoechelkette-23cm3cm-verlaengerer\/#primaryimage","url":"https:\/\/dianasilver.com\/wp-content\/uploads\/2025\/05\/4b30d711-2722-4c50-b02c-dcd3df1f4400.jpg","contentUrl":"https:\/\/dianasilver.com\/wp-content\/uploads\/2025\/05\/4b30d711-2722-4c50-b02c-dcd3df1f4400.jpg","width":1024,"height":1024},{"@type":"BreadcrumbList","@id":"https:\/\/dianasilver.com\/de\/termek\/rote-baumwolle-mit-weissen-steinen-silberne-herz-knoechelkette-23cm3cm-verlaengerer\/#breadcrumb","itemListElement":[{"@type":"ListItem","position":1,"name":"Kezd\u0151lap","item":"https:\/\/dianasilver.com\/de\/diana-silver-silberschmuck-webshop\/"},{"@type":"ListItem","position":2,"name":"Shop","item":"https:\/\/dianasilver.com\/de\/shop\/"},{"@type":"ListItem","position":3,"name":"Rote Baumwolle mit wei\u00dfen Steinen silberne Herz-Kn\u00f6chelkette 23cm+3cm Verl\u00e4ngerer"}]},{"@type":"WebSite","@id":"https:\/\/dianasilver.com\/de\/#website","url":"https:\/\/dianasilver.com\/de\/","name":"Diana Silver","description":"Tedd t\u00f6k\u00e9letesebb\u00e9 mindennapjaid a Diana Silver \u00e9kszereivel.","publisher":{"@id":"https:\/\/dianasilver.com\/de\/#organization"},"alternateName":"Ez\u00fcst \u00c9kszer Web\u00e1ruh\u00e1z","potentialAction":[{"@type":"SearchAction","target":{"@type":"EntryPoint","urlTemplate":"https:\/\/dianasilver.com\/de\/?s={search_term_string}"},"query-input":{"@type":"PropertyValueSpecification","valueRequired":true,"valueName":"search_term_string"}}],"inLanguage":"de"},{"@type":"Organization","@id":"https:\/\/dianasilver.com\/de\/#organization","name":"Diana Silver","url":"https:\/\/dianasilver.com\/de\/","logo":{"@type":"ImageObject","inLanguage":"de","@id":"https:\/\/dianasilver.com\/de\/#\/schema\/logo\/image\/","url":"https:\/\/dianasilver.com\/wp-content\/uploads\/2022\/08\/ezust-feher-1-koves-buttonos-stekkeres-fulbevalo-42.webp","contentUrl":"https:\/\/dianasilver.com\/wp-content\/uploads\/2022\/08\/ezust-feher-1-koves-buttonos-stekkeres-fulbevalo-42.webp","width":300,"height":154,"caption":"Diana Silver"},"image":{"@id":"https:\/\/dianasilver.com\/de\/#\/schema\/logo\/image\/"},"sameAs":["https:\/\/www.facebook.com\/profile.php?id=100027231325117"]}]}},"_links":{"self":[{"href":"https:\/\/dianasilver.com\/de\/wp-json\/wp\/v2\/product\/112473","targetHints":{"allow":["GET"]}}],"collection":[{"href":"https:\/\/dianasilver.com\/de\/wp-json\/wp\/v2\/product"}],"about":[{"href":"https:\/\/dianasilver.com\/de\/wp-json\/wp\/v2\/types\/product"}],"version-history":[{"count":0,"href":"https:\/\/dianasilver.com\/de\/wp-json\/wp\/v2\/product\/112473\/revisions"}],"wp:featuredmedia":[{"embeddable":true,"href":"https:\/\/dianasilver.com\/de\/wp-json\/wp\/v2\/media\/103683"}],"wp:attachment":[{"href":"https:\/\/dianasilver.com\/de\/wp-json\/wp\/v2\/media?parent=112473"}],"wp:term":[{"taxonomy":"product_brand","embeddable":true,"href":"https:\/\/dianasilver.com\/de\/wp-json\/wp\/v2\/product_brand?post=112473"},{"taxonomy":"product_cat","embeddable":true,"href":"https:\/\/dianasilver.com\/de\/wp-json\/wp\/v2\/product_cat?post=112473"},{"taxonomy":"product_tag","embeddable":true,"href":"https:\/\/dianasilver.com\/de\/wp-json\/wp\/v2\/product_tag?post=112473"}],"curies":[{"name":"wp","href":"https:\/\/api.w.org\/{rel}","templated":true}]}}