{"id":112471,"date":"2025-03-13T18:08:16","date_gmt":"2025-03-13T17:08:16","guid":{"rendered":"https:\/\/dianasilver.hu\/termek\/schwarze-baumwolle-mit-weissen-steinen-silberne-herz-knoechelkette-23cm3cm-verlaengerung\/"},"modified":"2026-03-10T00:21:50","modified_gmt":"2026-03-09T23:21:50","slug":"schwarze-baumwolle-mit-weissen-steinen-silberne-herz-knoechelkette-23cm3cm-verlaengerung","status":"publish","type":"product","link":"https:\/\/dianasilver.com\/de\/termek\/schwarze-baumwolle-mit-weissen-steinen-silberne-herz-knoechelkette-23cm3cm-verlaengerung\/","title":{"rendered":"Schwarze Baumwolle mit wei\u00dfen Steinen silberne Herz-Kn\u00f6chelkette 23cm+3cm Verl\u00e4ngerung"},"content":{"rendered":"<h2 data-start=\"0\" data-end=\"91\"><strong data-start=\"3\" data-end=\"89\">Schwarzer Baumwollstoff mit wei\u00dfen Steinen und silberner Herz-Fu\u00dfkette &#8211; ein romantisches und raffiniertes Accessoire<\/strong><\/h2>\n<p data-start=\"93\" data-end=\"506\">Dieses <strong data-start=\"98\" data-end=\"158\">schwarze Baumwoll-Fu\u00dfkettchen mit einem silbernen Herzanh\u00e4nger und einem wei\u00dfen Stein<\/strong> ist die perfekte Kombination aus minimalistischer Eleganz und emotionalem Ausdruck. Die <strong data-start=\"235\" data-end=\"267\">verstellbare schwarze Baumwollkordel<\/strong> sorgt f\u00fcr angenehmen Tragekomfort, w\u00e4hrend der <strong data-start=\"305\" data-end=\"350\">Herzanh\u00e4nger aus 925er Silber mit Rhodiumbeschichtung<\/strong> f\u00fcr lang anhaltenden Glanz sorgt. <strong data-start=\"414\" data-end=\"443\">Das zarte Funkeln des wei\u00dfen Steins<\/strong> im Herzen verleiht dem Schmuckst\u00fcck einen romantischen und doch modernen Look.<\/p>\n<p data-start=\"508\" data-end=\"559\">\u2728 <strong data-start=\"510\" data-end=\"557\">Was symbolisieren die Herzform und der wei\u00dfe Stein?<\/strong><\/p>\n<ul data-start=\"560\" data-end=\"834\">\n<li data-start=\"560\" data-end=\"645\"><strong data-start=\"562\" data-end=\"586\">Liebe und Gef\u00fchle<\/strong> &#8211; Das Herz ist ein Symbol f\u00fcr ewige Liebe und emotionale Bindung.<\/li>\n<li data-start=\"646\" data-end=\"737\"><strong data-start=\"648\" data-end=\"673\">Reinheit und Ausstrahlung<\/strong> &#8211; Der wei\u00dfe Stein symbolisiert Unschuld und inneres Licht.<\/li>\n<li data-start=\"738\" data-end=\"834\"><strong data-start=\"740\" data-end=\"773\">Minimalistisches und schickes Design<\/strong> &#8211; Die Kombination von Schwarz und Silber ist ein zeitloser Stil.<\/li>\n<\/ul>\n<p data-start=\"836\" data-end=\"876\">\ud83d\udc96 <strong data-start=\"839\" data-end=\"874\">Warum dieses Fu\u00dfkettchen w\u00e4hlen?<\/strong><\/p>\n<ul data-start=\"877\" data-end=\"1241\">\n<li data-start=\"877\" data-end=\"970\"><strong data-start=\"879\" data-end=\"898\">Premium Qualit\u00e4t<\/strong> &#8211; <strong data-start=\"901\" data-end=\"936\">AG 925 Silber, rhodiniert<\/strong> f\u00fcr Haltbarkeit und Glanz.<\/li>\n<li data-start=\"971\" data-end=\"1061\"><strong data-start=\"973\" data-end=\"994\">Bequem zu tragen<\/strong> &#8211; Weiche, verstellbare schwarze Baumwollkordel f\u00fcr den perfekten Sitz.<\/li>\n<li data-start=\"1062\" data-end=\"1151\"><strong data-start=\"1064\" data-end=\"1087\">Wei\u00dfer Stein funkelt<\/strong> &#8211; Ein subtiles, elegantes Detail, das die Sch\u00f6nheit des Schmucks unterstreicht.<\/li>\n<li data-start=\"1152\" data-end=\"1241\"><strong data-start=\"1154\" data-end=\"1189\">Romantisches und modernes Accessoire<\/strong> &#8211; Perfekt f\u00fcr den Alltag und besondere Anl\u00e4sse.<\/li>\n<\/ul>\n<p data-start=\"1243\" data-end=\"1484\">\ud83c\udf81 Das <strong data-start=\"1246\" data-end=\"1294\">perfekte Geschenk f\u00fcr einen besonderen Menschen!<\/strong><br data-start=\"1294\" data-end=\"1297\">Dieses <strong data-start=\"1302\" data-end=\"1356\">Fu\u00dfkettchen aus schwarzer Baumwolle mit silbernem Herz und wei\u00dfem Stein<\/strong> ist ein elegantes Schmuckst\u00fcck voller Emotionen, perfekt f\u00fcr einen Geburtstag, einen Jahrestag oder jeden intimen Moment.<\/p>\n<p data-start=\"1486\" data-end=\"1570\">\ud83d\udcab <strong data-start=\"1489\" data-end=\"1566\">Tragen Sie das Symbol der Liebe in einem stilvollen und modernen Fu\u00dfkettchen!<\/strong> \u2728<\/p>\n","protected":false},"excerpt":{"rendered":"<p>\ud83d\udc8e <strong data-start=\"1604\" data-end=\"1652\">Schwarze Baumwolle wei\u00dfer Stein silbernes Herz Fu\u00dfkettchen<\/strong> &#8211; Bequemes, verstellbares und romantisches Accessoire, das Liebe und Glamour vereint! \u2764\ufe0f\u2728<\/p>\n","protected":false},"featured_media":102884,"template":"","meta":{"_acf_changed":false},"product_brand":[],"product_cat":[569],"product_tag":[527,634,633],"class_list":{"0":"post-112471","1":"product","2":"type-product","3":"status-publish","4":"has-post-thumbnail","6":"product_cat-silbernes-fusskettchen","7":"product_tag-silberschmuck-fur-damen","8":"product_tag-farbenfroh","9":"product_tag-herz","10":"description-off","12":"first","13":"instock","14":"sale","15":"taxable","16":"shipping-taxable","17":"purchasable","18":"product-type-simple"},"acf":[],"yoast_head":"<!-- This site is optimized with the Yoast SEO plugin v27.4 - https:\/\/yoast.com\/product\/yoast-seo-wordpress\/ -->\n<title>Schwarze Baumwolle mit wei\u00dfen Steinen silberne Herz-Kn\u00f6chelkette 23cm+3cm Verl\u00e4ngerung | Diana Silver<\/title>\n<meta name=\"description\" content=\"Fedezd fel a leny\u0171g\u00f6z\u0151 Schwarze Baumwolle mit wei\u00dfen Steinen silberne Herz-Kn\u00f6chelkette 23cm+3cm Verl\u00e4ngerung \u00e9kszer\u00fcnket. T\u00f6k\u00e9letes kieg\u00e9sz\u00edt\u0151 mindennapi viselethez \u00e9s k\u00fcl\u00f6nleges alkalmakra egyar\u00e1nt. Rendeld meg most!\" \/>\n<meta name=\"robots\" content=\"index, follow, max-snippet:-1, max-image-preview:large, max-video-preview:-1\" \/>\n<link rel=\"canonical\" href=\"https:\/\/dianasilver.com\/de\/termek\/schwarze-baumwolle-mit-weissen-steinen-silberne-herz-knoechelkette-23cm3cm-verlaengerung\/\" \/>\n<meta property=\"og:locale\" content=\"de_DE\" \/>\n<meta property=\"og:type\" content=\"article\" \/>\n<meta property=\"og:title\" content=\"Schwarze Baumwolle mit wei\u00dfen Steinen silberne Herz-Kn\u00f6chelkette 23cm+3cm Verl\u00e4ngerung | Diana Silver\" \/>\n<meta property=\"og:description\" content=\"Fedezd fel a leny\u0171g\u00f6z\u0151 Schwarze Baumwolle mit wei\u00dfen Steinen silberne Herz-Kn\u00f6chelkette 23cm+3cm Verl\u00e4ngerung \u00e9kszer\u00fcnket. T\u00f6k\u00e9letes kieg\u00e9sz\u00edt\u0151 mindennapi viselethez \u00e9s k\u00fcl\u00f6nleges alkalmakra egyar\u00e1nt. Rendeld meg most!\" \/>\n<meta property=\"og:url\" content=\"https:\/\/dianasilver.com\/de\/termek\/schwarze-baumwolle-mit-weissen-steinen-silberne-herz-knoechelkette-23cm3cm-verlaengerung\/\" \/>\n<meta property=\"og:site_name\" content=\"Diana Silver\" \/>\n<meta property=\"article:publisher\" content=\"https:\/\/www.facebook.com\/profile.php?id=100027231325117\" \/>\n<meta property=\"article:modified_time\" content=\"2026-03-09T23:21:50+00:00\" \/>\n<meta property=\"og:image\" content=\"https:\/\/dianasilver.com\/wp-content\/uploads\/2025\/03\/fekete-pamut-feher-koves-ezust-sziv-bokalanc-23cm3cm-toldo-102882.jpg\" \/>\n\t<meta property=\"og:image:width\" content=\"800\" \/>\n\t<meta property=\"og:image:height\" content=\"800\" \/>\n\t<meta property=\"og:image:type\" content=\"image\/jpeg\" \/>\n<meta name=\"twitter:card\" content=\"summary_large_image\" \/>\n<meta name=\"twitter:label1\" content=\"Gesch\u00e4tzte Lesezeit\" \/>\n\t<meta name=\"twitter:data1\" content=\"1\u00a0Minute\" \/>\n<script type=\"application\/ld+json\" class=\"yoast-schema-graph\">{\"@context\":\"https:\\\/\\\/schema.org\",\"@graph\":[{\"@type\":\"WebPage\",\"@id\":\"https:\\\/\\\/dianasilver.com\\\/de\\\/termek\\\/schwarze-baumwolle-mit-weissen-steinen-silberne-herz-knoechelkette-23cm3cm-verlaengerung\\\/\",\"url\":\"https:\\\/\\\/dianasilver.com\\\/de\\\/termek\\\/schwarze-baumwolle-mit-weissen-steinen-silberne-herz-knoechelkette-23cm3cm-verlaengerung\\\/\",\"name\":\"Schwarze Baumwolle mit wei\u00dfen Steinen silberne Herz-Kn\u00f6chelkette 23cm+3cm Verl\u00e4ngerung | Diana Silver\",\"isPartOf\":{\"@id\":\"https:\\\/\\\/dianasilver.com\\\/de\\\/#website\"},\"primaryImageOfPage\":{\"@id\":\"https:\\\/\\\/dianasilver.com\\\/de\\\/termek\\\/schwarze-baumwolle-mit-weissen-steinen-silberne-herz-knoechelkette-23cm3cm-verlaengerung\\\/#primaryimage\"},\"image\":{\"@id\":\"https:\\\/\\\/dianasilver.com\\\/de\\\/termek\\\/schwarze-baumwolle-mit-weissen-steinen-silberne-herz-knoechelkette-23cm3cm-verlaengerung\\\/#primaryimage\"},\"thumbnailUrl\":\"https:\\\/\\\/dianasilver.com\\\/wp-content\\\/uploads\\\/2025\\\/03\\\/fekete-pamut-feher-koves-ezust-sziv-bokalanc-23cm3cm-toldo-102882.jpg\",\"datePublished\":\"2025-03-13T17:08:16+00:00\",\"dateModified\":\"2026-03-09T23:21:50+00:00\",\"description\":\"Fedezd fel a leny\u0171g\u00f6z\u0151 Schwarze Baumwolle mit wei\u00dfen Steinen silberne Herz-Kn\u00f6chelkette 23cm+3cm Verl\u00e4ngerung \u00e9kszer\u00fcnket. T\u00f6k\u00e9letes kieg\u00e9sz\u00edt\u0151 mindennapi viselethez \u00e9s k\u00fcl\u00f6nleges alkalmakra egyar\u00e1nt. Rendeld meg most!\",\"breadcrumb\":{\"@id\":\"https:\\\/\\\/dianasilver.com\\\/de\\\/termek\\\/schwarze-baumwolle-mit-weissen-steinen-silberne-herz-knoechelkette-23cm3cm-verlaengerung\\\/#breadcrumb\"},\"inLanguage\":\"de\",\"potentialAction\":[{\"@type\":\"ReadAction\",\"target\":[\"https:\\\/\\\/dianasilver.com\\\/de\\\/termek\\\/schwarze-baumwolle-mit-weissen-steinen-silberne-herz-knoechelkette-23cm3cm-verlaengerung\\\/\"]}]},{\"@type\":\"ImageObject\",\"inLanguage\":\"de\",\"@id\":\"https:\\\/\\\/dianasilver.com\\\/de\\\/termek\\\/schwarze-baumwolle-mit-weissen-steinen-silberne-herz-knoechelkette-23cm3cm-verlaengerung\\\/#primaryimage\",\"url\":\"https:\\\/\\\/dianasilver.com\\\/wp-content\\\/uploads\\\/2025\\\/03\\\/fekete-pamut-feher-koves-ezust-sziv-bokalanc-23cm3cm-toldo-102882.jpg\",\"contentUrl\":\"https:\\\/\\\/dianasilver.com\\\/wp-content\\\/uploads\\\/2025\\\/03\\\/fekete-pamut-feher-koves-ezust-sziv-bokalanc-23cm3cm-toldo-102882.jpg\",\"width\":800,\"height\":800},{\"@type\":\"BreadcrumbList\",\"@id\":\"https:\\\/\\\/dianasilver.com\\\/de\\\/termek\\\/schwarze-baumwolle-mit-weissen-steinen-silberne-herz-knoechelkette-23cm3cm-verlaengerung\\\/#breadcrumb\",\"itemListElement\":[{\"@type\":\"ListItem\",\"position\":1,\"name\":\"Kezd\u0151lap\",\"item\":\"https:\\\/\\\/dianasilver.com\\\/de\\\/diana-silver-silberschmuck-webshop\\\/\"},{\"@type\":\"ListItem\",\"position\":2,\"name\":\"Shop\",\"item\":\"https:\\\/\\\/dianasilver.com\\\/de\\\/shop\\\/\"},{\"@type\":\"ListItem\",\"position\":3,\"name\":\"Schwarze Baumwolle mit wei\u00dfen Steinen silberne Herz-Kn\u00f6chelkette 23cm+3cm Verl\u00e4ngerung\"}]},{\"@type\":\"WebSite\",\"@id\":\"https:\\\/\\\/dianasilver.com\\\/de\\\/#website\",\"url\":\"https:\\\/\\\/dianasilver.com\\\/de\\\/\",\"name\":\"Diana Silver\",\"description\":\"Tedd t\u00f6k\u00e9letesebb\u00e9 mindennapjaid a Diana Silver \u00e9kszereivel.\",\"publisher\":{\"@id\":\"https:\\\/\\\/dianasilver.com\\\/de\\\/#organization\"},\"alternateName\":\"Ez\u00fcst \u00c9kszer Web\u00e1ruh\u00e1z\",\"potentialAction\":[{\"@type\":\"SearchAction\",\"target\":{\"@type\":\"EntryPoint\",\"urlTemplate\":\"https:\\\/\\\/dianasilver.com\\\/de\\\/?s={search_term_string}\"},\"query-input\":{\"@type\":\"PropertyValueSpecification\",\"valueRequired\":true,\"valueName\":\"search_term_string\"}}],\"inLanguage\":\"de\"},{\"@type\":\"Organization\",\"@id\":\"https:\\\/\\\/dianasilver.com\\\/de\\\/#organization\",\"name\":\"Diana Silver\",\"url\":\"https:\\\/\\\/dianasilver.com\\\/de\\\/\",\"logo\":{\"@type\":\"ImageObject\",\"inLanguage\":\"de\",\"@id\":\"https:\\\/\\\/dianasilver.com\\\/de\\\/#\\\/schema\\\/logo\\\/image\\\/\",\"url\":\"https:\\\/\\\/dianasilver.com\\\/wp-content\\\/uploads\\\/2022\\\/08\\\/ezust-feher-1-koves-buttonos-stekkeres-fulbevalo-42.webp\",\"contentUrl\":\"https:\\\/\\\/dianasilver.com\\\/wp-content\\\/uploads\\\/2022\\\/08\\\/ezust-feher-1-koves-buttonos-stekkeres-fulbevalo-42.webp\",\"width\":300,\"height\":154,\"caption\":\"Diana Silver\"},\"image\":{\"@id\":\"https:\\\/\\\/dianasilver.com\\\/de\\\/#\\\/schema\\\/logo\\\/image\\\/\"},\"sameAs\":[\"https:\\\/\\\/www.facebook.com\\\/profile.php?id=100027231325117\"]}]}<\/script>\n<!-- \/ Yoast SEO plugin. -->","yoast_head_json":{"title":"Schwarze Baumwolle mit wei\u00dfen Steinen silberne Herz-Kn\u00f6chelkette 23cm+3cm Verl\u00e4ngerung | Diana Silver","description":"Fedezd fel a leny\u0171g\u00f6z\u0151 Schwarze Baumwolle mit wei\u00dfen Steinen silberne Herz-Kn\u00f6chelkette 23cm+3cm Verl\u00e4ngerung \u00e9kszer\u00fcnket. T\u00f6k\u00e9letes kieg\u00e9sz\u00edt\u0151 mindennapi viselethez \u00e9s k\u00fcl\u00f6nleges alkalmakra egyar\u00e1nt. Rendeld meg most!","robots":{"index":"index","follow":"follow","max-snippet":"max-snippet:-1","max-image-preview":"max-image-preview:large","max-video-preview":"max-video-preview:-1"},"canonical":"https:\/\/dianasilver.com\/de\/termek\/schwarze-baumwolle-mit-weissen-steinen-silberne-herz-knoechelkette-23cm3cm-verlaengerung\/","og_locale":"de_DE","og_type":"article","og_title":"Schwarze Baumwolle mit wei\u00dfen Steinen silberne Herz-Kn\u00f6chelkette 23cm+3cm Verl\u00e4ngerung | Diana Silver","og_description":"Fedezd fel a leny\u0171g\u00f6z\u0151 Schwarze Baumwolle mit wei\u00dfen Steinen silberne Herz-Kn\u00f6chelkette 23cm+3cm Verl\u00e4ngerung \u00e9kszer\u00fcnket. T\u00f6k\u00e9letes kieg\u00e9sz\u00edt\u0151 mindennapi viselethez \u00e9s k\u00fcl\u00f6nleges alkalmakra egyar\u00e1nt. Rendeld meg most!","og_url":"https:\/\/dianasilver.com\/de\/termek\/schwarze-baumwolle-mit-weissen-steinen-silberne-herz-knoechelkette-23cm3cm-verlaengerung\/","og_site_name":"Diana Silver","article_publisher":"https:\/\/www.facebook.com\/profile.php?id=100027231325117","article_modified_time":"2026-03-09T23:21:50+00:00","og_image":[{"width":800,"height":800,"url":"https:\/\/dianasilver.com\/wp-content\/uploads\/2025\/03\/fekete-pamut-feher-koves-ezust-sziv-bokalanc-23cm3cm-toldo-102882.jpg","type":"image\/jpeg"}],"twitter_card":"summary_large_image","twitter_misc":{"Gesch\u00e4tzte Lesezeit":"1\u00a0Minute"},"schema":{"@context":"https:\/\/schema.org","@graph":[{"@type":"WebPage","@id":"https:\/\/dianasilver.com\/de\/termek\/schwarze-baumwolle-mit-weissen-steinen-silberne-herz-knoechelkette-23cm3cm-verlaengerung\/","url":"https:\/\/dianasilver.com\/de\/termek\/schwarze-baumwolle-mit-weissen-steinen-silberne-herz-knoechelkette-23cm3cm-verlaengerung\/","name":"Schwarze Baumwolle mit wei\u00dfen Steinen silberne Herz-Kn\u00f6chelkette 23cm+3cm Verl\u00e4ngerung | Diana Silver","isPartOf":{"@id":"https:\/\/dianasilver.com\/de\/#website"},"primaryImageOfPage":{"@id":"https:\/\/dianasilver.com\/de\/termek\/schwarze-baumwolle-mit-weissen-steinen-silberne-herz-knoechelkette-23cm3cm-verlaengerung\/#primaryimage"},"image":{"@id":"https:\/\/dianasilver.com\/de\/termek\/schwarze-baumwolle-mit-weissen-steinen-silberne-herz-knoechelkette-23cm3cm-verlaengerung\/#primaryimage"},"thumbnailUrl":"https:\/\/dianasilver.com\/wp-content\/uploads\/2025\/03\/fekete-pamut-feher-koves-ezust-sziv-bokalanc-23cm3cm-toldo-102882.jpg","datePublished":"2025-03-13T17:08:16+00:00","dateModified":"2026-03-09T23:21:50+00:00","description":"Fedezd fel a leny\u0171g\u00f6z\u0151 Schwarze Baumwolle mit wei\u00dfen Steinen silberne Herz-Kn\u00f6chelkette 23cm+3cm Verl\u00e4ngerung \u00e9kszer\u00fcnket. T\u00f6k\u00e9letes kieg\u00e9sz\u00edt\u0151 mindennapi viselethez \u00e9s k\u00fcl\u00f6nleges alkalmakra egyar\u00e1nt. Rendeld meg most!","breadcrumb":{"@id":"https:\/\/dianasilver.com\/de\/termek\/schwarze-baumwolle-mit-weissen-steinen-silberne-herz-knoechelkette-23cm3cm-verlaengerung\/#breadcrumb"},"inLanguage":"de","potentialAction":[{"@type":"ReadAction","target":["https:\/\/dianasilver.com\/de\/termek\/schwarze-baumwolle-mit-weissen-steinen-silberne-herz-knoechelkette-23cm3cm-verlaengerung\/"]}]},{"@type":"ImageObject","inLanguage":"de","@id":"https:\/\/dianasilver.com\/de\/termek\/schwarze-baumwolle-mit-weissen-steinen-silberne-herz-knoechelkette-23cm3cm-verlaengerung\/#primaryimage","url":"https:\/\/dianasilver.com\/wp-content\/uploads\/2025\/03\/fekete-pamut-feher-koves-ezust-sziv-bokalanc-23cm3cm-toldo-102882.jpg","contentUrl":"https:\/\/dianasilver.com\/wp-content\/uploads\/2025\/03\/fekete-pamut-feher-koves-ezust-sziv-bokalanc-23cm3cm-toldo-102882.jpg","width":800,"height":800},{"@type":"BreadcrumbList","@id":"https:\/\/dianasilver.com\/de\/termek\/schwarze-baumwolle-mit-weissen-steinen-silberne-herz-knoechelkette-23cm3cm-verlaengerung\/#breadcrumb","itemListElement":[{"@type":"ListItem","position":1,"name":"Kezd\u0151lap","item":"https:\/\/dianasilver.com\/de\/diana-silver-silberschmuck-webshop\/"},{"@type":"ListItem","position":2,"name":"Shop","item":"https:\/\/dianasilver.com\/de\/shop\/"},{"@type":"ListItem","position":3,"name":"Schwarze Baumwolle mit wei\u00dfen Steinen silberne Herz-Kn\u00f6chelkette 23cm+3cm Verl\u00e4ngerung"}]},{"@type":"WebSite","@id":"https:\/\/dianasilver.com\/de\/#website","url":"https:\/\/dianasilver.com\/de\/","name":"Diana Silver","description":"Tedd t\u00f6k\u00e9letesebb\u00e9 mindennapjaid a Diana Silver \u00e9kszereivel.","publisher":{"@id":"https:\/\/dianasilver.com\/de\/#organization"},"alternateName":"Ez\u00fcst \u00c9kszer Web\u00e1ruh\u00e1z","potentialAction":[{"@type":"SearchAction","target":{"@type":"EntryPoint","urlTemplate":"https:\/\/dianasilver.com\/de\/?s={search_term_string}"},"query-input":{"@type":"PropertyValueSpecification","valueRequired":true,"valueName":"search_term_string"}}],"inLanguage":"de"},{"@type":"Organization","@id":"https:\/\/dianasilver.com\/de\/#organization","name":"Diana Silver","url":"https:\/\/dianasilver.com\/de\/","logo":{"@type":"ImageObject","inLanguage":"de","@id":"https:\/\/dianasilver.com\/de\/#\/schema\/logo\/image\/","url":"https:\/\/dianasilver.com\/wp-content\/uploads\/2022\/08\/ezust-feher-1-koves-buttonos-stekkeres-fulbevalo-42.webp","contentUrl":"https:\/\/dianasilver.com\/wp-content\/uploads\/2022\/08\/ezust-feher-1-koves-buttonos-stekkeres-fulbevalo-42.webp","width":300,"height":154,"caption":"Diana Silver"},"image":{"@id":"https:\/\/dianasilver.com\/de\/#\/schema\/logo\/image\/"},"sameAs":["https:\/\/www.facebook.com\/profile.php?id=100027231325117"]}]}},"_links":{"self":[{"href":"https:\/\/dianasilver.com\/de\/wp-json\/wp\/v2\/product\/112471","targetHints":{"allow":["GET"]}}],"collection":[{"href":"https:\/\/dianasilver.com\/de\/wp-json\/wp\/v2\/product"}],"about":[{"href":"https:\/\/dianasilver.com\/de\/wp-json\/wp\/v2\/types\/product"}],"version-history":[{"count":0,"href":"https:\/\/dianasilver.com\/de\/wp-json\/wp\/v2\/product\/112471\/revisions"}],"wp:featuredmedia":[{"embeddable":true,"href":"https:\/\/dianasilver.com\/de\/wp-json\/wp\/v2\/media\/102884"}],"wp:attachment":[{"href":"https:\/\/dianasilver.com\/de\/wp-json\/wp\/v2\/media?parent=112471"}],"wp:term":[{"taxonomy":"product_brand","embeddable":true,"href":"https:\/\/dianasilver.com\/de\/wp-json\/wp\/v2\/product_brand?post=112471"},{"taxonomy":"product_cat","embeddable":true,"href":"https:\/\/dianasilver.com\/de\/wp-json\/wp\/v2\/product_cat?post=112471"},{"taxonomy":"product_tag","embeddable":true,"href":"https:\/\/dianasilver.com\/de\/wp-json\/wp\/v2\/product_tag?post=112471"}],"curies":[{"name":"wp","href":"https:\/\/api.w.org\/{rel}","templated":true}]}}