{"id":112467,"date":"2025-03-13T17:46:49","date_gmt":"2025-03-13T16:46:49","guid":{"rendered":"https:\/\/dianasilver.hu\/termek\/schwarzes-baumwoll-fusskettchen-mit-silbernem-unendlichkeitszeichen-23cm3cm-extender\/"},"modified":"2026-03-10T00:21:51","modified_gmt":"2026-03-09T23:21:51","slug":"schwarzes-baumwoll-fusskettchen-mit-silbernem-unendlichkeitszeichen-23cm3cm-extender","status":"publish","type":"product","link":"https:\/\/dianasilver.com\/de\/termek\/schwarzes-baumwoll-fusskettchen-mit-silbernem-unendlichkeitszeichen-23cm3cm-extender\/","title":{"rendered":"Schwarzes Baumwoll-Fu\u00dfkettchen mit silbernem Unendlichkeitszeichen 23cm+3cm Extender"},"content":{"rendered":"<h2 data-start=\"0\" data-end=\"89\"><strong data-start=\"3\" data-end=\"87\">Schwarzes Baumwoll-Fu\u00dfkettchen mit silbernem Unendlichkeitssymbol &#8211; Stil und Symbolik in einem St\u00fcck<\/strong><\/h2>\n<p data-start=\"91\" data-end=\"388\">Dieses <strong data-start=\"96\" data-end=\"143\">schwarze Baumwoll-Fu\u00dfkettchen mit silbernem Unendlichkeitszeichen<\/strong> ist die perfekte Kombination aus klarem Design und tiefer Bedeutung. Die <strong data-start=\"210\" data-end=\"242\">verstellbare schwarze Baumwollkordel<\/strong> sorgt f\u00fcr ein bequemes und m\u00fcheloses Tragen, w\u00e4hrend das <strong data-start=\"290\" data-end=\"342\">rhodinierte AG 925 Silber Unendlichkeitssymbol<\/strong> dem Schmuck einen eleganten Look verleiht.<\/p>\n<p data-start=\"390\" data-end=\"429\">\u2728 <strong data-start=\"392\" data-end=\"427\">Was symbolisiert das Unendlichkeitszeichen?<\/strong><\/p>\n<ul data-start=\"430\" data-end=\"671\">\n<li data-start=\"430\" data-end=\"498\"><strong data-start=\"432\" data-end=\"462\">Ewigkeit und Gleichgewicht<\/strong> &#8211; Ein Symbol f\u00fcr zeitlose Harmonie.<\/li>\n<li data-start=\"499\" data-end=\"597\"><strong data-start=\"501\" data-end=\"526\">Liebe und Verbindung<\/strong> &#8211; Die unendliche Form steht f\u00fcr Zweisamkeit und ewige Verbundenheit.<\/li>\n<li data-start=\"598\" data-end=\"671\"><strong data-start=\"600\" data-end=\"633\">Minimalismus und Schlichtheit<\/strong> &#8211; Ein elegantes und ausdrucksstarkes Schmuckst\u00fcck.<\/li>\n<\/ul>\n<p data-start=\"673\" data-end=\"713\">\ud83d\udc96 <strong data-start=\"676\" data-end=\"711\">Warum dieses Fu\u00dfkettchen w\u00e4hlen?<\/strong><\/p>\n<ul data-start=\"714\" data-end=\"1053\">\n<li data-start=\"714\" data-end=\"802\"><strong data-start=\"716\" data-end=\"737\">Bequem zu tragen<\/strong> &#8211; Weiche Baumwollkordel, die Sie den ganzen Tag \u00fcber bequem h\u00e4lt.<\/li>\n<li data-start=\"803\" data-end=\"896\"><strong data-start=\"805\" data-end=\"824\">Premium Qualit\u00e4t<\/strong> &#8211; <strong data-start=\"827\" data-end=\"878\">AG 925 Silber mit Unendlichkeitszeichen, rhodiniert<\/strong> f\u00fcr Langlebigkeit.<\/li>\n<li data-start=\"897\" data-end=\"966\"><strong data-start=\"899\" data-end=\"918\">Einstellbare Gr\u00f6\u00dfe<\/strong> &#8211; Passt sich leicht jeder Kn\u00f6chelgr\u00f6\u00dfe an.<\/li>\n<li data-start=\"967\" data-end=\"1053\"><strong data-start=\"969\" data-end=\"999\">Modernes und vielseitiges Design<\/strong> &#8211; Ideal f\u00fcr den Alltag und f\u00fcr Sommersets.<\/li>\n<\/ul>\n<p data-start=\"1055\" data-end=\"1254\">\ud83c\udf81 <strong data-start=\"1058\" data-end=\"1110\">Perfektes Geschenk f\u00fcr Ihre Liebsten oder sich selbst!<\/strong><br data-start=\"1110\" data-end=\"1113\">Dieses <strong data-start=\"1118\" data-end=\"1159\">schwarze Fu\u00dfkettchen aus Baumwolle mit Unendlichkeitssymbol<\/strong> ist ein symbolisches und elegantes Schmuckst\u00fcck, das eine tolle \u00dcberraschung f\u00fcr einen besonderen Menschen sein kann.<\/p>\n<p data-start=\"1256\" data-end=\"1327\">\ud83d\udcab <strong data-start=\"1259\" data-end=\"1323\">Tragen Sie das Symbol der Ewigkeit an einem stilvollen Fu\u00dfkettchen!<\/strong> \u2728<\/p>\n","protected":false},"excerpt":{"rendered":"<p>\ud83d\udc8e <strong data-start=\"1361\" data-end=\"1408\">Schwarzes Fu\u00dfkettchen aus Baumwolle mit silbernem Unendlichkeitszeichen<\/strong> &#8211; Bequem, verstellbar und voller Bedeutung, symbolisiert dieses Schmuckst\u00fcck unendliche Harmonie und Liebe! \u267e\ufe0f\u2728<\/p>\n","protected":false},"featured_media":102877,"template":"","meta":{"_acf_changed":false},"product_brand":[],"product_cat":[569],"product_tag":[527,634,576],"class_list":{"0":"post-112467","1":"product","2":"type-product","3":"status-publish","4":"has-post-thumbnail","6":"product_cat-silbernes-fusskettchen","7":"product_tag-silberschmuck-fur-damen","8":"product_tag-farbenfroh","9":"product_tag-spirituell","10":"description-off","12":"first","13":"instock","14":"taxable","15":"shipping-taxable","16":"purchasable","17":"product-type-simple"},"acf":[],"yoast_head":"<!-- This site is optimized with the Yoast SEO plugin v27.4 - https:\/\/yoast.com\/product\/yoast-seo-wordpress\/ -->\n<title>Schwarzes Baumwoll-Fu\u00dfkettchen mit silbernem Unendlichkeitszeichen 23cm+3cm Extender | Diana Silver<\/title>\n<meta name=\"description\" content=\"Fedezd fel a leny\u0171g\u00f6z\u0151 Schwarzes Baumwoll-Fu\u00dfkettchen mit silbernem Unendlichkeitszeichen 23cm+3cm Extender \u00e9kszer\u00fcnket. T\u00f6k\u00e9letes kieg\u00e9sz\u00edt\u0151 mindennapi viselethez \u00e9s k\u00fcl\u00f6nleges alkalmakra egyar\u00e1nt. Rendeld meg most!\" \/>\n<meta name=\"robots\" content=\"index, follow, max-snippet:-1, max-image-preview:large, max-video-preview:-1\" \/>\n<link rel=\"canonical\" href=\"https:\/\/dianasilver.com\/de\/termek\/schwarzes-baumwoll-fusskettchen-mit-silbernem-unendlichkeitszeichen-23cm3cm-extender\/\" \/>\n<meta property=\"og:locale\" content=\"de_DE\" \/>\n<meta property=\"og:type\" content=\"article\" \/>\n<meta property=\"og:title\" content=\"Schwarzes Baumwoll-Fu\u00dfkettchen mit silbernem Unendlichkeitszeichen 23cm+3cm Extender | Diana Silver\" \/>\n<meta property=\"og:description\" content=\"Fedezd fel a leny\u0171g\u00f6z\u0151 Schwarzes Baumwoll-Fu\u00dfkettchen mit silbernem Unendlichkeitszeichen 23cm+3cm Extender \u00e9kszer\u00fcnket. T\u00f6k\u00e9letes kieg\u00e9sz\u00edt\u0151 mindennapi viselethez \u00e9s k\u00fcl\u00f6nleges alkalmakra egyar\u00e1nt. Rendeld meg most!\" \/>\n<meta property=\"og:url\" content=\"https:\/\/dianasilver.com\/de\/termek\/schwarzes-baumwoll-fusskettchen-mit-silbernem-unendlichkeitszeichen-23cm3cm-extender\/\" \/>\n<meta property=\"og:site_name\" content=\"Diana Silver\" \/>\n<meta property=\"article:publisher\" content=\"https:\/\/www.facebook.com\/profile.php?id=100027231325117\" \/>\n<meta property=\"article:modified_time\" content=\"2026-03-09T23:21:51+00:00\" \/>\n<meta property=\"og:image\" content=\"https:\/\/dianasilver.com\/wp-content\/uploads\/2025\/03\/fekete-pamut-bokalanc-ezust-vegtelen-jellel-23cm3cm-toldo-102875.jpg\" \/>\n\t<meta property=\"og:image:width\" content=\"800\" \/>\n\t<meta property=\"og:image:height\" content=\"800\" \/>\n\t<meta property=\"og:image:type\" content=\"image\/jpeg\" \/>\n<meta name=\"twitter:card\" content=\"summary_large_image\" \/>\n<meta name=\"twitter:label1\" content=\"Gesch\u00e4tzte Lesezeit\" \/>\n\t<meta name=\"twitter:data1\" content=\"1\u00a0Minute\" \/>\n<script type=\"application\/ld+json\" class=\"yoast-schema-graph\">{\"@context\":\"https:\\\/\\\/schema.org\",\"@graph\":[{\"@type\":\"WebPage\",\"@id\":\"https:\\\/\\\/dianasilver.com\\\/de\\\/termek\\\/schwarzes-baumwoll-fusskettchen-mit-silbernem-unendlichkeitszeichen-23cm3cm-extender\\\/\",\"url\":\"https:\\\/\\\/dianasilver.com\\\/de\\\/termek\\\/schwarzes-baumwoll-fusskettchen-mit-silbernem-unendlichkeitszeichen-23cm3cm-extender\\\/\",\"name\":\"Schwarzes Baumwoll-Fu\u00dfkettchen mit silbernem Unendlichkeitszeichen 23cm+3cm Extender | Diana Silver\",\"isPartOf\":{\"@id\":\"https:\\\/\\\/dianasilver.com\\\/de\\\/#website\"},\"primaryImageOfPage\":{\"@id\":\"https:\\\/\\\/dianasilver.com\\\/de\\\/termek\\\/schwarzes-baumwoll-fusskettchen-mit-silbernem-unendlichkeitszeichen-23cm3cm-extender\\\/#primaryimage\"},\"image\":{\"@id\":\"https:\\\/\\\/dianasilver.com\\\/de\\\/termek\\\/schwarzes-baumwoll-fusskettchen-mit-silbernem-unendlichkeitszeichen-23cm3cm-extender\\\/#primaryimage\"},\"thumbnailUrl\":\"https:\\\/\\\/dianasilver.com\\\/wp-content\\\/uploads\\\/2025\\\/03\\\/fekete-pamut-bokalanc-ezust-vegtelen-jellel-23cm3cm-toldo-102875.jpg\",\"datePublished\":\"2025-03-13T16:46:49+00:00\",\"dateModified\":\"2026-03-09T23:21:51+00:00\",\"description\":\"Fedezd fel a leny\u0171g\u00f6z\u0151 Schwarzes Baumwoll-Fu\u00dfkettchen mit silbernem Unendlichkeitszeichen 23cm+3cm Extender \u00e9kszer\u00fcnket. T\u00f6k\u00e9letes kieg\u00e9sz\u00edt\u0151 mindennapi viselethez \u00e9s k\u00fcl\u00f6nleges alkalmakra egyar\u00e1nt. Rendeld meg most!\",\"breadcrumb\":{\"@id\":\"https:\\\/\\\/dianasilver.com\\\/de\\\/termek\\\/schwarzes-baumwoll-fusskettchen-mit-silbernem-unendlichkeitszeichen-23cm3cm-extender\\\/#breadcrumb\"},\"inLanguage\":\"de\",\"potentialAction\":[{\"@type\":\"ReadAction\",\"target\":[\"https:\\\/\\\/dianasilver.com\\\/de\\\/termek\\\/schwarzes-baumwoll-fusskettchen-mit-silbernem-unendlichkeitszeichen-23cm3cm-extender\\\/\"]}]},{\"@type\":\"ImageObject\",\"inLanguage\":\"de\",\"@id\":\"https:\\\/\\\/dianasilver.com\\\/de\\\/termek\\\/schwarzes-baumwoll-fusskettchen-mit-silbernem-unendlichkeitszeichen-23cm3cm-extender\\\/#primaryimage\",\"url\":\"https:\\\/\\\/dianasilver.com\\\/wp-content\\\/uploads\\\/2025\\\/03\\\/fekete-pamut-bokalanc-ezust-vegtelen-jellel-23cm3cm-toldo-102875.jpg\",\"contentUrl\":\"https:\\\/\\\/dianasilver.com\\\/wp-content\\\/uploads\\\/2025\\\/03\\\/fekete-pamut-bokalanc-ezust-vegtelen-jellel-23cm3cm-toldo-102875.jpg\",\"width\":800,\"height\":800},{\"@type\":\"BreadcrumbList\",\"@id\":\"https:\\\/\\\/dianasilver.com\\\/de\\\/termek\\\/schwarzes-baumwoll-fusskettchen-mit-silbernem-unendlichkeitszeichen-23cm3cm-extender\\\/#breadcrumb\",\"itemListElement\":[{\"@type\":\"ListItem\",\"position\":1,\"name\":\"Kezd\u0151lap\",\"item\":\"https:\\\/\\\/dianasilver.com\\\/de\\\/diana-silver-silberschmuck-webshop\\\/\"},{\"@type\":\"ListItem\",\"position\":2,\"name\":\"Shop\",\"item\":\"https:\\\/\\\/dianasilver.com\\\/de\\\/shop\\\/\"},{\"@type\":\"ListItem\",\"position\":3,\"name\":\"Schwarzes Baumwoll-Fu\u00dfkettchen mit silbernem Unendlichkeitszeichen 23cm+3cm Extender\"}]},{\"@type\":\"WebSite\",\"@id\":\"https:\\\/\\\/dianasilver.com\\\/de\\\/#website\",\"url\":\"https:\\\/\\\/dianasilver.com\\\/de\\\/\",\"name\":\"Diana Silver\",\"description\":\"Tedd t\u00f6k\u00e9letesebb\u00e9 mindennapjaid a Diana Silver \u00e9kszereivel.\",\"publisher\":{\"@id\":\"https:\\\/\\\/dianasilver.com\\\/de\\\/#organization\"},\"alternateName\":\"Ez\u00fcst \u00c9kszer Web\u00e1ruh\u00e1z\",\"potentialAction\":[{\"@type\":\"SearchAction\",\"target\":{\"@type\":\"EntryPoint\",\"urlTemplate\":\"https:\\\/\\\/dianasilver.com\\\/de\\\/?s={search_term_string}\"},\"query-input\":{\"@type\":\"PropertyValueSpecification\",\"valueRequired\":true,\"valueName\":\"search_term_string\"}}],\"inLanguage\":\"de\"},{\"@type\":\"Organization\",\"@id\":\"https:\\\/\\\/dianasilver.com\\\/de\\\/#organization\",\"name\":\"Diana Silver\",\"url\":\"https:\\\/\\\/dianasilver.com\\\/de\\\/\",\"logo\":{\"@type\":\"ImageObject\",\"inLanguage\":\"de\",\"@id\":\"https:\\\/\\\/dianasilver.com\\\/de\\\/#\\\/schema\\\/logo\\\/image\\\/\",\"url\":\"https:\\\/\\\/dianasilver.com\\\/wp-content\\\/uploads\\\/2022\\\/08\\\/ezust-feher-1-koves-buttonos-stekkeres-fulbevalo-42.webp\",\"contentUrl\":\"https:\\\/\\\/dianasilver.com\\\/wp-content\\\/uploads\\\/2022\\\/08\\\/ezust-feher-1-koves-buttonos-stekkeres-fulbevalo-42.webp\",\"width\":300,\"height\":154,\"caption\":\"Diana Silver\"},\"image\":{\"@id\":\"https:\\\/\\\/dianasilver.com\\\/de\\\/#\\\/schema\\\/logo\\\/image\\\/\"},\"sameAs\":[\"https:\\\/\\\/www.facebook.com\\\/profile.php?id=100027231325117\"]}]}<\/script>\n<!-- \/ Yoast SEO plugin. -->","yoast_head_json":{"title":"Schwarzes Baumwoll-Fu\u00dfkettchen mit silbernem Unendlichkeitszeichen 23cm+3cm Extender | Diana Silver","description":"Fedezd fel a leny\u0171g\u00f6z\u0151 Schwarzes Baumwoll-Fu\u00dfkettchen mit silbernem Unendlichkeitszeichen 23cm+3cm Extender \u00e9kszer\u00fcnket. T\u00f6k\u00e9letes kieg\u00e9sz\u00edt\u0151 mindennapi viselethez \u00e9s k\u00fcl\u00f6nleges alkalmakra egyar\u00e1nt. Rendeld meg most!","robots":{"index":"index","follow":"follow","max-snippet":"max-snippet:-1","max-image-preview":"max-image-preview:large","max-video-preview":"max-video-preview:-1"},"canonical":"https:\/\/dianasilver.com\/de\/termek\/schwarzes-baumwoll-fusskettchen-mit-silbernem-unendlichkeitszeichen-23cm3cm-extender\/","og_locale":"de_DE","og_type":"article","og_title":"Schwarzes Baumwoll-Fu\u00dfkettchen mit silbernem Unendlichkeitszeichen 23cm+3cm Extender | Diana Silver","og_description":"Fedezd fel a leny\u0171g\u00f6z\u0151 Schwarzes Baumwoll-Fu\u00dfkettchen mit silbernem Unendlichkeitszeichen 23cm+3cm Extender \u00e9kszer\u00fcnket. T\u00f6k\u00e9letes kieg\u00e9sz\u00edt\u0151 mindennapi viselethez \u00e9s k\u00fcl\u00f6nleges alkalmakra egyar\u00e1nt. Rendeld meg most!","og_url":"https:\/\/dianasilver.com\/de\/termek\/schwarzes-baumwoll-fusskettchen-mit-silbernem-unendlichkeitszeichen-23cm3cm-extender\/","og_site_name":"Diana Silver","article_publisher":"https:\/\/www.facebook.com\/profile.php?id=100027231325117","article_modified_time":"2026-03-09T23:21:51+00:00","og_image":[{"width":800,"height":800,"url":"https:\/\/dianasilver.com\/wp-content\/uploads\/2025\/03\/fekete-pamut-bokalanc-ezust-vegtelen-jellel-23cm3cm-toldo-102875.jpg","type":"image\/jpeg"}],"twitter_card":"summary_large_image","twitter_misc":{"Gesch\u00e4tzte Lesezeit":"1\u00a0Minute"},"schema":{"@context":"https:\/\/schema.org","@graph":[{"@type":"WebPage","@id":"https:\/\/dianasilver.com\/de\/termek\/schwarzes-baumwoll-fusskettchen-mit-silbernem-unendlichkeitszeichen-23cm3cm-extender\/","url":"https:\/\/dianasilver.com\/de\/termek\/schwarzes-baumwoll-fusskettchen-mit-silbernem-unendlichkeitszeichen-23cm3cm-extender\/","name":"Schwarzes Baumwoll-Fu\u00dfkettchen mit silbernem Unendlichkeitszeichen 23cm+3cm Extender | Diana Silver","isPartOf":{"@id":"https:\/\/dianasilver.com\/de\/#website"},"primaryImageOfPage":{"@id":"https:\/\/dianasilver.com\/de\/termek\/schwarzes-baumwoll-fusskettchen-mit-silbernem-unendlichkeitszeichen-23cm3cm-extender\/#primaryimage"},"image":{"@id":"https:\/\/dianasilver.com\/de\/termek\/schwarzes-baumwoll-fusskettchen-mit-silbernem-unendlichkeitszeichen-23cm3cm-extender\/#primaryimage"},"thumbnailUrl":"https:\/\/dianasilver.com\/wp-content\/uploads\/2025\/03\/fekete-pamut-bokalanc-ezust-vegtelen-jellel-23cm3cm-toldo-102875.jpg","datePublished":"2025-03-13T16:46:49+00:00","dateModified":"2026-03-09T23:21:51+00:00","description":"Fedezd fel a leny\u0171g\u00f6z\u0151 Schwarzes Baumwoll-Fu\u00dfkettchen mit silbernem Unendlichkeitszeichen 23cm+3cm Extender \u00e9kszer\u00fcnket. T\u00f6k\u00e9letes kieg\u00e9sz\u00edt\u0151 mindennapi viselethez \u00e9s k\u00fcl\u00f6nleges alkalmakra egyar\u00e1nt. Rendeld meg most!","breadcrumb":{"@id":"https:\/\/dianasilver.com\/de\/termek\/schwarzes-baumwoll-fusskettchen-mit-silbernem-unendlichkeitszeichen-23cm3cm-extender\/#breadcrumb"},"inLanguage":"de","potentialAction":[{"@type":"ReadAction","target":["https:\/\/dianasilver.com\/de\/termek\/schwarzes-baumwoll-fusskettchen-mit-silbernem-unendlichkeitszeichen-23cm3cm-extender\/"]}]},{"@type":"ImageObject","inLanguage":"de","@id":"https:\/\/dianasilver.com\/de\/termek\/schwarzes-baumwoll-fusskettchen-mit-silbernem-unendlichkeitszeichen-23cm3cm-extender\/#primaryimage","url":"https:\/\/dianasilver.com\/wp-content\/uploads\/2025\/03\/fekete-pamut-bokalanc-ezust-vegtelen-jellel-23cm3cm-toldo-102875.jpg","contentUrl":"https:\/\/dianasilver.com\/wp-content\/uploads\/2025\/03\/fekete-pamut-bokalanc-ezust-vegtelen-jellel-23cm3cm-toldo-102875.jpg","width":800,"height":800},{"@type":"BreadcrumbList","@id":"https:\/\/dianasilver.com\/de\/termek\/schwarzes-baumwoll-fusskettchen-mit-silbernem-unendlichkeitszeichen-23cm3cm-extender\/#breadcrumb","itemListElement":[{"@type":"ListItem","position":1,"name":"Kezd\u0151lap","item":"https:\/\/dianasilver.com\/de\/diana-silver-silberschmuck-webshop\/"},{"@type":"ListItem","position":2,"name":"Shop","item":"https:\/\/dianasilver.com\/de\/shop\/"},{"@type":"ListItem","position":3,"name":"Schwarzes Baumwoll-Fu\u00dfkettchen mit silbernem Unendlichkeitszeichen 23cm+3cm Extender"}]},{"@type":"WebSite","@id":"https:\/\/dianasilver.com\/de\/#website","url":"https:\/\/dianasilver.com\/de\/","name":"Diana Silver","description":"Tedd t\u00f6k\u00e9letesebb\u00e9 mindennapjaid a Diana Silver \u00e9kszereivel.","publisher":{"@id":"https:\/\/dianasilver.com\/de\/#organization"},"alternateName":"Ez\u00fcst \u00c9kszer Web\u00e1ruh\u00e1z","potentialAction":[{"@type":"SearchAction","target":{"@type":"EntryPoint","urlTemplate":"https:\/\/dianasilver.com\/de\/?s={search_term_string}"},"query-input":{"@type":"PropertyValueSpecification","valueRequired":true,"valueName":"search_term_string"}}],"inLanguage":"de"},{"@type":"Organization","@id":"https:\/\/dianasilver.com\/de\/#organization","name":"Diana Silver","url":"https:\/\/dianasilver.com\/de\/","logo":{"@type":"ImageObject","inLanguage":"de","@id":"https:\/\/dianasilver.com\/de\/#\/schema\/logo\/image\/","url":"https:\/\/dianasilver.com\/wp-content\/uploads\/2022\/08\/ezust-feher-1-koves-buttonos-stekkeres-fulbevalo-42.webp","contentUrl":"https:\/\/dianasilver.com\/wp-content\/uploads\/2022\/08\/ezust-feher-1-koves-buttonos-stekkeres-fulbevalo-42.webp","width":300,"height":154,"caption":"Diana Silver"},"image":{"@id":"https:\/\/dianasilver.com\/de\/#\/schema\/logo\/image\/"},"sameAs":["https:\/\/www.facebook.com\/profile.php?id=100027231325117"]}]}},"_links":{"self":[{"href":"https:\/\/dianasilver.com\/de\/wp-json\/wp\/v2\/product\/112467","targetHints":{"allow":["GET"]}}],"collection":[{"href":"https:\/\/dianasilver.com\/de\/wp-json\/wp\/v2\/product"}],"about":[{"href":"https:\/\/dianasilver.com\/de\/wp-json\/wp\/v2\/types\/product"}],"version-history":[{"count":0,"href":"https:\/\/dianasilver.com\/de\/wp-json\/wp\/v2\/product\/112467\/revisions"}],"wp:featuredmedia":[{"embeddable":true,"href":"https:\/\/dianasilver.com\/de\/wp-json\/wp\/v2\/media\/102877"}],"wp:attachment":[{"href":"https:\/\/dianasilver.com\/de\/wp-json\/wp\/v2\/media?parent=112467"}],"wp:term":[{"taxonomy":"product_brand","embeddable":true,"href":"https:\/\/dianasilver.com\/de\/wp-json\/wp\/v2\/product_brand?post=112467"},{"taxonomy":"product_cat","embeddable":true,"href":"https:\/\/dianasilver.com\/de\/wp-json\/wp\/v2\/product_cat?post=112467"},{"taxonomy":"product_tag","embeddable":true,"href":"https:\/\/dianasilver.com\/de\/wp-json\/wp\/v2\/product_tag?post=112467"}],"curies":[{"name":"wp","href":"https:\/\/api.w.org\/{rel}","templated":true}]}}