{"id":112459,"date":"2025-03-10T22:49:35","date_gmt":"2025-03-10T21:49:35","guid":{"rendered":"https:\/\/dianasilver.hu\/termek\/lustiges-buntes-silbernes-haengeset\/"},"modified":"2026-03-10T00:21:51","modified_gmt":"2026-03-09T23:21:51","slug":"lustiges-buntes-silbernes-haengeset","status":"publish","type":"product","link":"https:\/\/dianasilver.com\/de\/termek\/lustiges-buntes-silbernes-haengeset\/","title":{"rendered":"Lustiges buntes silbernes H\u00e4ngeset"},"content":{"rendered":"<h2 data-start=\"0\" data-end=\"80\"><strong data-start=\"3\" data-end=\"78\">Fr\u00f6hliches, farbenfrohes, silbernes H\u00e4ngeset &#8211; lebhaftes Funkeln und raffinierter Stil<\/strong><\/h2>\n<p data-start=\"82\" data-end=\"454\">Dieses <strong data-start=\"87\" data-end=\"121\">lustige und farbenfrohe H\u00e4ngeschmuckset<\/strong> wird Ihrem Look Frische und Verspieltheit verleihen. <strong data-start=\"174\" data-end=\"220\">Hergestellt aus 925er Sterlingsilber mit einer Rhodiumbeschichtung<\/strong>, die vor dem Anlaufen sch\u00fctzt und daf\u00fcr sorgt, dass der Schmuck lange gl\u00e4nzt. Die schimmernden Steine in verschiedenen Farben verleihen diesem Set einen Hauch von Lebendigkeit und machen es perfekt f\u00fcr den Alltag oder besondere Anl\u00e4sse.<\/p>\n<p data-start=\"456\" data-end=\"498\">\u2728 <strong data-start=\"458\" data-end=\"496\">Was symbolisieren die farbigen Steine?<\/strong><\/p>\n<ul data-start=\"499\" data-end=\"753\">\n<li data-start=\"499\" data-end=\"581\"><strong data-start=\"501\" data-end=\"522\">Freude und Vitalit\u00e4t<\/strong> &#8211; Farben vermitteln Energie und positive Schwingungen.<\/li>\n<li data-start=\"582\" data-end=\"666\"><strong data-start=\"584\" data-end=\"607\">Individualit\u00e4t und Stil<\/strong> &#8211; Verschiedene Farbt\u00f6ne unterstreichen die Individualit\u00e4t des Tr\u00e4gers.<\/li>\n<li data-start=\"667\" data-end=\"753\"><strong data-start=\"669\" data-end=\"692\">Anspruchsvoller Glamour<\/strong> &#8211; Die perfekte Harmonie aus fr\u00f6hlichen Farben und elegantem Silber.<\/li>\n<\/ul>\n<p data-start=\"755\" data-end=\"799\">\ud83d\udc96 <strong data-start=\"758\" data-end=\"797\">Warum sollten Sie sich f\u00fcr dieses Schmuckset entscheiden?<\/strong><\/p>\n<ul data-start=\"800\" data-end=\"1103\">\n<li data-start=\"800\" data-end=\"877\"><strong data-start=\"802\" data-end=\"821\">Premiumqualit\u00e4t<\/strong> &#8211; <strong data-start=\"824\" data-end=\"859\">AG 925 Silber mit Rhodiumbeschichtung<\/strong> f\u00fcr Langlebigkeit.<\/li>\n<li data-start=\"878\" data-end=\"951\"><strong data-start=\"880\" data-end=\"906\">Bunte, schimmernde Steine<\/strong> &#8211; f\u00fcr einen lebendigen und einzigartigen Look.<\/li>\n<li data-start=\"952\" data-end=\"1029\"><strong data-start=\"954\" data-end=\"979\">Schlankes, elegantes Design<\/strong> &#8211; Eine raffinierte Form, die die Weiblichkeit hervorhebt.<\/li>\n<li data-start=\"1030\" data-end=\"1103\"><strong data-start=\"1032\" data-end=\"1053\">Vielseitig tragbar<\/strong> &#8211; Ideal f\u00fcr den Alltag und Freizeitkleidung.<\/li>\n<\/ul>\n<p data-start=\"1105\" data-end=\"1288\">\ud83c\udf81 <strong data-start=\"1108\" data-end=\"1155\">Das perfekte Geschenk f\u00fcr lustige und stilvolle Frauen!<\/strong><br data-start=\"1155\" data-end=\"1158\">Dieses <strong data-start=\"1163\" data-end=\"1197\">lustige und farbenfrohe Silberschmuckset<\/strong> ist eine tolle Wahl f\u00fcr Ihre Lieben oder ein besonderes St\u00fcck f\u00fcr Ihre eigene Sammlung.<\/p>\n<p data-start=\"1290\" data-end=\"1348\">\ud83d\udcab <strong data-start=\"1293\" data-end=\"1344\">Tragen Sie Farbe und Glanz in jedem Moment!<\/strong> \u2728<\/p>\n","protected":false},"excerpt":{"rendered":"<p>\ud83d\udc8e F <strong data-start=\"1382\" data-end=\"1416\">r\u00f6hliches, farbenfrohes, silbernes H\u00e4ngeset<\/strong> &#8211; Lebendiger Glamour und Eleganz, die perfekte Erg\u00e4nzung f\u00fcr Ihren Alltags- und Freizeitlook! \u2728<\/p>\n","protected":false},"featured_media":103423,"template":"","meta":{"_acf_changed":false},"product_brand":[],"product_cat":[526],"product_tag":[527,634],"class_list":{"0":"post-112459","1":"product","2":"type-product","3":"status-publish","4":"has-post-thumbnail","6":"product_cat-silberschmuck-set","7":"product_tag-silberschmuck-fur-damen","8":"product_tag-farbenfroh","9":"description-off","11":"first","12":"instock","13":"sale","14":"taxable","15":"shipping-taxable","16":"purchasable","17":"product-type-simple"},"acf":[],"yoast_head":"<!-- This site is optimized with the Yoast SEO plugin v27.4 - https:\/\/yoast.com\/product\/yoast-seo-wordpress\/ -->\n<title>Lustiges buntes silbernes H\u00e4ngeset | Diana Silver<\/title>\n<meta name=\"description\" content=\"Fedezd fel a leny\u0171g\u00f6z\u0151 Lustiges buntes silbernes H\u00e4ngeset \u00e9kszer\u00fcnket. T\u00f6k\u00e9letes kieg\u00e9sz\u00edt\u0151 mindennapi viselethez \u00e9s k\u00fcl\u00f6nleges alkalmakra egyar\u00e1nt. Rendeld meg most!\" \/>\n<meta name=\"robots\" content=\"index, follow, max-snippet:-1, max-image-preview:large, max-video-preview:-1\" \/>\n<link rel=\"canonical\" href=\"https:\/\/dianasilver.com\/de\/termek\/lustiges-buntes-silbernes-haengeset\/\" \/>\n<meta property=\"og:locale\" content=\"de_DE\" \/>\n<meta property=\"og:type\" content=\"article\" \/>\n<meta property=\"og:title\" content=\"Lustiges buntes silbernes H\u00e4ngeset | Diana Silver\" \/>\n<meta property=\"og:description\" content=\"Fedezd fel a leny\u0171g\u00f6z\u0151 Lustiges buntes silbernes H\u00e4ngeset \u00e9kszer\u00fcnket. T\u00f6k\u00e9letes kieg\u00e9sz\u00edt\u0151 mindennapi viselethez \u00e9s k\u00fcl\u00f6nleges alkalmakra egyar\u00e1nt. Rendeld meg most!\" \/>\n<meta property=\"og:url\" content=\"https:\/\/dianasilver.com\/de\/termek\/lustiges-buntes-silbernes-haengeset\/\" \/>\n<meta property=\"og:site_name\" content=\"Diana Silver\" \/>\n<meta property=\"article:publisher\" content=\"https:\/\/www.facebook.com\/profile.php?id=100027231325117\" \/>\n<meta property=\"article:modified_time\" content=\"2026-03-09T23:21:51+00:00\" \/>\n<meta property=\"og:image\" content=\"https:\/\/dianasilver.com\/wp-content\/uploads\/2025\/03\/f59f3c34-63b9-4707-9d0c-4f8d8c179234.jpg\" \/>\n\t<meta property=\"og:image:width\" content=\"1024\" \/>\n\t<meta property=\"og:image:height\" content=\"1024\" \/>\n\t<meta property=\"og:image:type\" content=\"image\/jpeg\" \/>\n<meta name=\"twitter:card\" content=\"summary_large_image\" \/>\n<meta name=\"twitter:label1\" content=\"Gesch\u00e4tzte Lesezeit\" \/>\n\t<meta name=\"twitter:data1\" content=\"1\u00a0Minute\" \/>\n<script type=\"application\/ld+json\" class=\"yoast-schema-graph\">{\"@context\":\"https:\\\/\\\/schema.org\",\"@graph\":[{\"@type\":\"WebPage\",\"@id\":\"https:\\\/\\\/dianasilver.com\\\/de\\\/termek\\\/lustiges-buntes-silbernes-haengeset\\\/\",\"url\":\"https:\\\/\\\/dianasilver.com\\\/de\\\/termek\\\/lustiges-buntes-silbernes-haengeset\\\/\",\"name\":\"Lustiges buntes silbernes H\u00e4ngeset | Diana Silver\",\"isPartOf\":{\"@id\":\"https:\\\/\\\/dianasilver.com\\\/de\\\/#website\"},\"primaryImageOfPage\":{\"@id\":\"https:\\\/\\\/dianasilver.com\\\/de\\\/termek\\\/lustiges-buntes-silbernes-haengeset\\\/#primaryimage\"},\"image\":{\"@id\":\"https:\\\/\\\/dianasilver.com\\\/de\\\/termek\\\/lustiges-buntes-silbernes-haengeset\\\/#primaryimage\"},\"thumbnailUrl\":\"https:\\\/\\\/dianasilver.com\\\/wp-content\\\/uploads\\\/2025\\\/03\\\/f59f3c34-63b9-4707-9d0c-4f8d8c179234.jpg\",\"datePublished\":\"2025-03-10T21:49:35+00:00\",\"dateModified\":\"2026-03-09T23:21:51+00:00\",\"description\":\"Fedezd fel a leny\u0171g\u00f6z\u0151 Lustiges buntes silbernes H\u00e4ngeset \u00e9kszer\u00fcnket. T\u00f6k\u00e9letes kieg\u00e9sz\u00edt\u0151 mindennapi viselethez \u00e9s k\u00fcl\u00f6nleges alkalmakra egyar\u00e1nt. Rendeld meg most!\",\"breadcrumb\":{\"@id\":\"https:\\\/\\\/dianasilver.com\\\/de\\\/termek\\\/lustiges-buntes-silbernes-haengeset\\\/#breadcrumb\"},\"inLanguage\":\"de\",\"potentialAction\":[{\"@type\":\"ReadAction\",\"target\":[\"https:\\\/\\\/dianasilver.com\\\/de\\\/termek\\\/lustiges-buntes-silbernes-haengeset\\\/\"]}]},{\"@type\":\"ImageObject\",\"inLanguage\":\"de\",\"@id\":\"https:\\\/\\\/dianasilver.com\\\/de\\\/termek\\\/lustiges-buntes-silbernes-haengeset\\\/#primaryimage\",\"url\":\"https:\\\/\\\/dianasilver.com\\\/wp-content\\\/uploads\\\/2025\\\/03\\\/f59f3c34-63b9-4707-9d0c-4f8d8c179234.jpg\",\"contentUrl\":\"https:\\\/\\\/dianasilver.com\\\/wp-content\\\/uploads\\\/2025\\\/03\\\/f59f3c34-63b9-4707-9d0c-4f8d8c179234.jpg\",\"width\":1024,\"height\":1024},{\"@type\":\"BreadcrumbList\",\"@id\":\"https:\\\/\\\/dianasilver.com\\\/de\\\/termek\\\/lustiges-buntes-silbernes-haengeset\\\/#breadcrumb\",\"itemListElement\":[{\"@type\":\"ListItem\",\"position\":1,\"name\":\"Kezd\u0151lap\",\"item\":\"https:\\\/\\\/dianasilver.com\\\/de\\\/diana-silver-silberschmuck-webshop\\\/\"},{\"@type\":\"ListItem\",\"position\":2,\"name\":\"Shop\",\"item\":\"https:\\\/\\\/dianasilver.com\\\/de\\\/shop\\\/\"},{\"@type\":\"ListItem\",\"position\":3,\"name\":\"Lustiges buntes silbernes H\u00e4ngeset\"}]},{\"@type\":\"WebSite\",\"@id\":\"https:\\\/\\\/dianasilver.com\\\/de\\\/#website\",\"url\":\"https:\\\/\\\/dianasilver.com\\\/de\\\/\",\"name\":\"Diana Silver\",\"description\":\"Tedd t\u00f6k\u00e9letesebb\u00e9 mindennapjaid a Diana Silver \u00e9kszereivel.\",\"publisher\":{\"@id\":\"https:\\\/\\\/dianasilver.com\\\/de\\\/#organization\"},\"alternateName\":\"Ez\u00fcst \u00c9kszer Web\u00e1ruh\u00e1z\",\"potentialAction\":[{\"@type\":\"SearchAction\",\"target\":{\"@type\":\"EntryPoint\",\"urlTemplate\":\"https:\\\/\\\/dianasilver.com\\\/de\\\/?s={search_term_string}\"},\"query-input\":{\"@type\":\"PropertyValueSpecification\",\"valueRequired\":true,\"valueName\":\"search_term_string\"}}],\"inLanguage\":\"de\"},{\"@type\":\"Organization\",\"@id\":\"https:\\\/\\\/dianasilver.com\\\/de\\\/#organization\",\"name\":\"Diana Silver\",\"url\":\"https:\\\/\\\/dianasilver.com\\\/de\\\/\",\"logo\":{\"@type\":\"ImageObject\",\"inLanguage\":\"de\",\"@id\":\"https:\\\/\\\/dianasilver.com\\\/de\\\/#\\\/schema\\\/logo\\\/image\\\/\",\"url\":\"https:\\\/\\\/dianasilver.com\\\/wp-content\\\/uploads\\\/2022\\\/08\\\/ezust-feher-1-koves-buttonos-stekkeres-fulbevalo-42.webp\",\"contentUrl\":\"https:\\\/\\\/dianasilver.com\\\/wp-content\\\/uploads\\\/2022\\\/08\\\/ezust-feher-1-koves-buttonos-stekkeres-fulbevalo-42.webp\",\"width\":300,\"height\":154,\"caption\":\"Diana Silver\"},\"image\":{\"@id\":\"https:\\\/\\\/dianasilver.com\\\/de\\\/#\\\/schema\\\/logo\\\/image\\\/\"},\"sameAs\":[\"https:\\\/\\\/www.facebook.com\\\/profile.php?id=100027231325117\"]}]}<\/script>\n<!-- \/ Yoast SEO plugin. -->","yoast_head_json":{"title":"Lustiges buntes silbernes H\u00e4ngeset | Diana Silver","description":"Fedezd fel a leny\u0171g\u00f6z\u0151 Lustiges buntes silbernes H\u00e4ngeset \u00e9kszer\u00fcnket. T\u00f6k\u00e9letes kieg\u00e9sz\u00edt\u0151 mindennapi viselethez \u00e9s k\u00fcl\u00f6nleges alkalmakra egyar\u00e1nt. Rendeld meg most!","robots":{"index":"index","follow":"follow","max-snippet":"max-snippet:-1","max-image-preview":"max-image-preview:large","max-video-preview":"max-video-preview:-1"},"canonical":"https:\/\/dianasilver.com\/de\/termek\/lustiges-buntes-silbernes-haengeset\/","og_locale":"de_DE","og_type":"article","og_title":"Lustiges buntes silbernes H\u00e4ngeset | Diana Silver","og_description":"Fedezd fel a leny\u0171g\u00f6z\u0151 Lustiges buntes silbernes H\u00e4ngeset \u00e9kszer\u00fcnket. T\u00f6k\u00e9letes kieg\u00e9sz\u00edt\u0151 mindennapi viselethez \u00e9s k\u00fcl\u00f6nleges alkalmakra egyar\u00e1nt. Rendeld meg most!","og_url":"https:\/\/dianasilver.com\/de\/termek\/lustiges-buntes-silbernes-haengeset\/","og_site_name":"Diana Silver","article_publisher":"https:\/\/www.facebook.com\/profile.php?id=100027231325117","article_modified_time":"2026-03-09T23:21:51+00:00","og_image":[{"width":1024,"height":1024,"url":"https:\/\/dianasilver.com\/wp-content\/uploads\/2025\/03\/f59f3c34-63b9-4707-9d0c-4f8d8c179234.jpg","type":"image\/jpeg"}],"twitter_card":"summary_large_image","twitter_misc":{"Gesch\u00e4tzte Lesezeit":"1\u00a0Minute"},"schema":{"@context":"https:\/\/schema.org","@graph":[{"@type":"WebPage","@id":"https:\/\/dianasilver.com\/de\/termek\/lustiges-buntes-silbernes-haengeset\/","url":"https:\/\/dianasilver.com\/de\/termek\/lustiges-buntes-silbernes-haengeset\/","name":"Lustiges buntes silbernes H\u00e4ngeset | Diana Silver","isPartOf":{"@id":"https:\/\/dianasilver.com\/de\/#website"},"primaryImageOfPage":{"@id":"https:\/\/dianasilver.com\/de\/termek\/lustiges-buntes-silbernes-haengeset\/#primaryimage"},"image":{"@id":"https:\/\/dianasilver.com\/de\/termek\/lustiges-buntes-silbernes-haengeset\/#primaryimage"},"thumbnailUrl":"https:\/\/dianasilver.com\/wp-content\/uploads\/2025\/03\/f59f3c34-63b9-4707-9d0c-4f8d8c179234.jpg","datePublished":"2025-03-10T21:49:35+00:00","dateModified":"2026-03-09T23:21:51+00:00","description":"Fedezd fel a leny\u0171g\u00f6z\u0151 Lustiges buntes silbernes H\u00e4ngeset \u00e9kszer\u00fcnket. T\u00f6k\u00e9letes kieg\u00e9sz\u00edt\u0151 mindennapi viselethez \u00e9s k\u00fcl\u00f6nleges alkalmakra egyar\u00e1nt. Rendeld meg most!","breadcrumb":{"@id":"https:\/\/dianasilver.com\/de\/termek\/lustiges-buntes-silbernes-haengeset\/#breadcrumb"},"inLanguage":"de","potentialAction":[{"@type":"ReadAction","target":["https:\/\/dianasilver.com\/de\/termek\/lustiges-buntes-silbernes-haengeset\/"]}]},{"@type":"ImageObject","inLanguage":"de","@id":"https:\/\/dianasilver.com\/de\/termek\/lustiges-buntes-silbernes-haengeset\/#primaryimage","url":"https:\/\/dianasilver.com\/wp-content\/uploads\/2025\/03\/f59f3c34-63b9-4707-9d0c-4f8d8c179234.jpg","contentUrl":"https:\/\/dianasilver.com\/wp-content\/uploads\/2025\/03\/f59f3c34-63b9-4707-9d0c-4f8d8c179234.jpg","width":1024,"height":1024},{"@type":"BreadcrumbList","@id":"https:\/\/dianasilver.com\/de\/termek\/lustiges-buntes-silbernes-haengeset\/#breadcrumb","itemListElement":[{"@type":"ListItem","position":1,"name":"Kezd\u0151lap","item":"https:\/\/dianasilver.com\/de\/diana-silver-silberschmuck-webshop\/"},{"@type":"ListItem","position":2,"name":"Shop","item":"https:\/\/dianasilver.com\/de\/shop\/"},{"@type":"ListItem","position":3,"name":"Lustiges buntes silbernes H\u00e4ngeset"}]},{"@type":"WebSite","@id":"https:\/\/dianasilver.com\/de\/#website","url":"https:\/\/dianasilver.com\/de\/","name":"Diana Silver","description":"Tedd t\u00f6k\u00e9letesebb\u00e9 mindennapjaid a Diana Silver \u00e9kszereivel.","publisher":{"@id":"https:\/\/dianasilver.com\/de\/#organization"},"alternateName":"Ez\u00fcst \u00c9kszer Web\u00e1ruh\u00e1z","potentialAction":[{"@type":"SearchAction","target":{"@type":"EntryPoint","urlTemplate":"https:\/\/dianasilver.com\/de\/?s={search_term_string}"},"query-input":{"@type":"PropertyValueSpecification","valueRequired":true,"valueName":"search_term_string"}}],"inLanguage":"de"},{"@type":"Organization","@id":"https:\/\/dianasilver.com\/de\/#organization","name":"Diana Silver","url":"https:\/\/dianasilver.com\/de\/","logo":{"@type":"ImageObject","inLanguage":"de","@id":"https:\/\/dianasilver.com\/de\/#\/schema\/logo\/image\/","url":"https:\/\/dianasilver.com\/wp-content\/uploads\/2022\/08\/ezust-feher-1-koves-buttonos-stekkeres-fulbevalo-42.webp","contentUrl":"https:\/\/dianasilver.com\/wp-content\/uploads\/2022\/08\/ezust-feher-1-koves-buttonos-stekkeres-fulbevalo-42.webp","width":300,"height":154,"caption":"Diana Silver"},"image":{"@id":"https:\/\/dianasilver.com\/de\/#\/schema\/logo\/image\/"},"sameAs":["https:\/\/www.facebook.com\/profile.php?id=100027231325117"]}]}},"_links":{"self":[{"href":"https:\/\/dianasilver.com\/de\/wp-json\/wp\/v2\/product\/112459","targetHints":{"allow":["GET"]}}],"collection":[{"href":"https:\/\/dianasilver.com\/de\/wp-json\/wp\/v2\/product"}],"about":[{"href":"https:\/\/dianasilver.com\/de\/wp-json\/wp\/v2\/types\/product"}],"version-history":[{"count":0,"href":"https:\/\/dianasilver.com\/de\/wp-json\/wp\/v2\/product\/112459\/revisions"}],"wp:featuredmedia":[{"embeddable":true,"href":"https:\/\/dianasilver.com\/de\/wp-json\/wp\/v2\/media\/103423"}],"wp:attachment":[{"href":"https:\/\/dianasilver.com\/de\/wp-json\/wp\/v2\/media?parent=112459"}],"wp:term":[{"taxonomy":"product_brand","embeddable":true,"href":"https:\/\/dianasilver.com\/de\/wp-json\/wp\/v2\/product_brand?post=112459"},{"taxonomy":"product_cat","embeddable":true,"href":"https:\/\/dianasilver.com\/de\/wp-json\/wp\/v2\/product_cat?post=112459"},{"taxonomy":"product_tag","embeddable":true,"href":"https:\/\/dianasilver.com\/de\/wp-json\/wp\/v2\/product_tag?post=112459"}],"curies":[{"name":"wp","href":"https:\/\/api.w.org\/{rel}","templated":true}]}}