{"id":112453,"date":"2025-09-14T17:49:50","date_gmt":"2025-09-14T15:49:50","guid":{"rendered":"https:\/\/dianasilver.hu\/termek\/tennisarmband-mit-rosa-und-weissen-zirkoniasteinen-164-cm\/"},"modified":"2026-04-15T01:41:10","modified_gmt":"2026-04-14T23:41:10","slug":"tennisarmband-mit-rosa-und-weissen-zirkoniasteinen-164-cm","status":"publish","type":"product","link":"https:\/\/dianasilver.com\/de\/termek\/tennisarmband-mit-rosa-und-weissen-zirkoniasteinen-164-cm\/","title":{"rendered":"Tennisarmband mit rosa und wei\u00dfen Zirkoniasteinen &#8211; 16+4 cm"},"content":{"rendered":"<h2 data-start=\"352\" data-end=\"437\"><strong data-start=\"352\" data-end=\"435\">Tennisarmband mit rosa und wei\u00dfen Zirkoniasteinen &#8211; romantisches Funkeln f\u00fcr jeden Tag<\/strong><\/h2>\n<p data-start=\"439\" data-end=\"788\">Dieses 16+4 cm lange, verstellbare Tennisarmband ist aus AG 925 Silber mit Rhodiumbeschichtung f\u00fcr einen dauerhaften Glanz und Schutz vor Abnutzung gefertigt. Das Armband ist mit rosafarbenen und wei\u00dfen Zirkonia-Steinen verziert, die in sch\u00f6ner Harmonie leuchten. Rosa symbolisiert Z\u00e4rtlichkeit und Weiblichkeit, w\u00e4hrend Wei\u00df f\u00fcr Reinheit und Licht steht.<\/p>\n<ul data-start=\"790\" data-end=\"980\">\n<li data-start=\"790\" data-end=\"833\">\n<p data-start=\"792\" data-end=\"833\">Material: AG 925 Silber mit Rhodium-Beschichtung.<\/p>\n<\/li>\n<li data-start=\"834\" data-end=\"871\">\n<p data-start=\"836\" data-end=\"871\">L\u00e4nge: 16+4 cm &#8211; einstellbare Gr\u00f6\u00dfe.<\/p>\n<\/li>\n<li data-start=\"872\" data-end=\"908\">\n<p data-start=\"874\" data-end=\"908\">Stein: rosa und wei\u00dfer Zirkonia.<\/p>\n<\/li>\n<li data-start=\"909\" data-end=\"945\">\n<p data-start=\"911\" data-end=\"945\">Klassisches Tennisarmband.<\/p>\n<\/li>\n<li data-start=\"946\" data-end=\"980\">\n<p data-start=\"948\" data-end=\"980\">Romantisch und elegant zu tragen.<\/p>\n<\/li>\n<\/ul>\n<p data-start=\"982\" data-end=\"1107\">Dieses Armband ist die perfekte Wahl f\u00fcr ein Geschenk oder um Ihren eigenen Stil zu unterstreichen &#8211; es verleiht Ihnen jedes Mal einen besonderen Glanz. \ud83c\udf81<\/p>\n","protected":false},"excerpt":{"rendered":"<p>Zartes, feminines Tennisarmband mit abwechselnd rosa und wei\u00dfen Zirkoniasteinen. Die perfekte Wahl, wenn Sie Glamour und romantische Eleganz w\u00fcnschen. \ud83d\udc95\u2728<\/p>\n","protected":false},"featured_media":109051,"template":"","meta":{"_acf_changed":false},"product_brand":[],"product_cat":[614],"product_tag":[527,634,650],"class_list":{"0":"post-112453","1":"product","2":"type-product","3":"status-publish","4":"has-post-thumbnail","6":"product_cat-silberne-armbander","7":"product_tag-silberschmuck-fur-damen","8":"product_tag-farbenfroh","9":"product_tag-kinder-silberschmuck","10":"description-off","12":"first","13":"instock","14":"sale","15":"taxable","16":"shipping-taxable","17":"purchasable","18":"product-type-simple"},"acf":[],"yoast_head":"<!-- This site is optimized with the Yoast SEO plugin v27.4 - https:\/\/yoast.com\/product\/yoast-seo-wordpress\/ -->\n<title>Tennisarmband mit rosa und wei\u00dfen Zirkoniasteinen - 16+4 cm | Diana Silver<\/title>\n<meta name=\"description\" content=\"Fedezd fel a leny\u0171g\u00f6z\u0151 Tennisarmband mit rosa und wei\u00dfen Zirkoniasteinen - 16+4 cm \u00e9kszer\u00fcnket. T\u00f6k\u00e9letes kieg\u00e9sz\u00edt\u0151 mindennapi viselethez \u00e9s k\u00fcl\u00f6nleges alkalmakra egyar\u00e1nt. Rendeld meg most!\" \/>\n<meta name=\"robots\" content=\"index, follow, max-snippet:-1, max-image-preview:large, max-video-preview:-1\" \/>\n<link rel=\"canonical\" href=\"https:\/\/dianasilver.com\/de\/termek\/tennisarmband-mit-rosa-und-weissen-zirkoniasteinen-164-cm\/\" \/>\n<meta property=\"og:locale\" content=\"de_DE\" \/>\n<meta property=\"og:type\" content=\"article\" \/>\n<meta property=\"og:title\" content=\"Tennisarmband mit rosa und wei\u00dfen Zirkoniasteinen - 16+4 cm | Diana Silver\" \/>\n<meta property=\"og:description\" content=\"Fedezd fel a leny\u0171g\u00f6z\u0151 Tennisarmband mit rosa und wei\u00dfen Zirkoniasteinen - 16+4 cm \u00e9kszer\u00fcnket. T\u00f6k\u00e9letes kieg\u00e9sz\u00edt\u0151 mindennapi viselethez \u00e9s k\u00fcl\u00f6nleges alkalmakra egyar\u00e1nt. Rendeld meg most!\" \/>\n<meta property=\"og:url\" content=\"https:\/\/dianasilver.com\/de\/termek\/tennisarmband-mit-rosa-und-weissen-zirkoniasteinen-164-cm\/\" \/>\n<meta property=\"og:site_name\" content=\"Diana Silver\" \/>\n<meta property=\"article:publisher\" content=\"https:\/\/www.facebook.com\/profile.php?id=100027231325117\" \/>\n<meta property=\"article:modified_time\" content=\"2026-04-14T23:41:10+00:00\" \/>\n<meta property=\"og:image\" content=\"https:\/\/dianasilver.com\/wp-content\/uploads\/2025\/09\/Rozsaszin-feher-cirkonia-koves-teniszkarkoto-\u2013-164-cm_1.jpg\" \/>\n\t<meta property=\"og:image:width\" content=\"1350\" \/>\n\t<meta property=\"og:image:height\" content=\"1800\" \/>\n\t<meta property=\"og:image:type\" content=\"image\/jpeg\" \/>\n<meta name=\"twitter:card\" content=\"summary_large_image\" \/>\n<meta name=\"twitter:label1\" content=\"Gesch\u00e4tzte Lesezeit\" \/>\n\t<meta name=\"twitter:data1\" content=\"1\u00a0Minute\" \/>\n<script type=\"application\/ld+json\" class=\"yoast-schema-graph\">{\"@context\":\"https:\\\/\\\/schema.org\",\"@graph\":[{\"@type\":\"WebPage\",\"@id\":\"https:\\\/\\\/dianasilver.com\\\/de\\\/termek\\\/tennisarmband-mit-rosa-und-weissen-zirkoniasteinen-164-cm\\\/\",\"url\":\"https:\\\/\\\/dianasilver.com\\\/de\\\/termek\\\/tennisarmband-mit-rosa-und-weissen-zirkoniasteinen-164-cm\\\/\",\"name\":\"Tennisarmband mit rosa und wei\u00dfen Zirkoniasteinen - 16+4 cm | Diana Silver\",\"isPartOf\":{\"@id\":\"https:\\\/\\\/dianasilver.com\\\/de\\\/#website\"},\"primaryImageOfPage\":{\"@id\":\"https:\\\/\\\/dianasilver.com\\\/de\\\/termek\\\/tennisarmband-mit-rosa-und-weissen-zirkoniasteinen-164-cm\\\/#primaryimage\"},\"image\":{\"@id\":\"https:\\\/\\\/dianasilver.com\\\/de\\\/termek\\\/tennisarmband-mit-rosa-und-weissen-zirkoniasteinen-164-cm\\\/#primaryimage\"},\"thumbnailUrl\":\"https:\\\/\\\/dianasilver.com\\\/wp-content\\\/uploads\\\/2025\\\/09\\\/Rozsaszin-feher-cirkonia-koves-teniszkarkoto-\u2013-164-cm_1.jpg\",\"datePublished\":\"2025-09-14T15:49:50+00:00\",\"dateModified\":\"2026-04-14T23:41:10+00:00\",\"description\":\"Fedezd fel a leny\u0171g\u00f6z\u0151 Tennisarmband mit rosa und wei\u00dfen Zirkoniasteinen - 16+4 cm \u00e9kszer\u00fcnket. T\u00f6k\u00e9letes kieg\u00e9sz\u00edt\u0151 mindennapi viselethez \u00e9s k\u00fcl\u00f6nleges alkalmakra egyar\u00e1nt. Rendeld meg most!\",\"breadcrumb\":{\"@id\":\"https:\\\/\\\/dianasilver.com\\\/de\\\/termek\\\/tennisarmband-mit-rosa-und-weissen-zirkoniasteinen-164-cm\\\/#breadcrumb\"},\"inLanguage\":\"de\",\"potentialAction\":[{\"@type\":\"ReadAction\",\"target\":[\"https:\\\/\\\/dianasilver.com\\\/de\\\/termek\\\/tennisarmband-mit-rosa-und-weissen-zirkoniasteinen-164-cm\\\/\"]}]},{\"@type\":\"ImageObject\",\"inLanguage\":\"de\",\"@id\":\"https:\\\/\\\/dianasilver.com\\\/de\\\/termek\\\/tennisarmband-mit-rosa-und-weissen-zirkoniasteinen-164-cm\\\/#primaryimage\",\"url\":\"https:\\\/\\\/dianasilver.com\\\/wp-content\\\/uploads\\\/2025\\\/09\\\/Rozsaszin-feher-cirkonia-koves-teniszkarkoto-\u2013-164-cm_1.jpg\",\"contentUrl\":\"https:\\\/\\\/dianasilver.com\\\/wp-content\\\/uploads\\\/2025\\\/09\\\/Rozsaszin-feher-cirkonia-koves-teniszkarkoto-\u2013-164-cm_1.jpg\",\"width\":1350,\"height\":1800},{\"@type\":\"BreadcrumbList\",\"@id\":\"https:\\\/\\\/dianasilver.com\\\/de\\\/termek\\\/tennisarmband-mit-rosa-und-weissen-zirkoniasteinen-164-cm\\\/#breadcrumb\",\"itemListElement\":[{\"@type\":\"ListItem\",\"position\":1,\"name\":\"Kezd\u0151lap\",\"item\":\"https:\\\/\\\/dianasilver.com\\\/de\\\/diana-silver-silberschmuck-webshop\\\/\"},{\"@type\":\"ListItem\",\"position\":2,\"name\":\"Shop\",\"item\":\"https:\\\/\\\/dianasilver.com\\\/de\\\/shop\\\/\"},{\"@type\":\"ListItem\",\"position\":3,\"name\":\"Tennisarmband mit rosa und wei\u00dfen Zirkoniasteinen &#8211; 16+4 cm\"}]},{\"@type\":\"WebSite\",\"@id\":\"https:\\\/\\\/dianasilver.com\\\/de\\\/#website\",\"url\":\"https:\\\/\\\/dianasilver.com\\\/de\\\/\",\"name\":\"Diana Silver\",\"description\":\"Tedd t\u00f6k\u00e9letesebb\u00e9 mindennapjaid a Diana Silver \u00e9kszereivel.\",\"publisher\":{\"@id\":\"https:\\\/\\\/dianasilver.com\\\/de\\\/#organization\"},\"alternateName\":\"Ez\u00fcst \u00c9kszer Web\u00e1ruh\u00e1z\",\"potentialAction\":[{\"@type\":\"SearchAction\",\"target\":{\"@type\":\"EntryPoint\",\"urlTemplate\":\"https:\\\/\\\/dianasilver.com\\\/de\\\/?s={search_term_string}\"},\"query-input\":{\"@type\":\"PropertyValueSpecification\",\"valueRequired\":true,\"valueName\":\"search_term_string\"}}],\"inLanguage\":\"de\"},{\"@type\":\"Organization\",\"@id\":\"https:\\\/\\\/dianasilver.com\\\/de\\\/#organization\",\"name\":\"Diana Silver\",\"url\":\"https:\\\/\\\/dianasilver.com\\\/de\\\/\",\"logo\":{\"@type\":\"ImageObject\",\"inLanguage\":\"de\",\"@id\":\"https:\\\/\\\/dianasilver.com\\\/de\\\/#\\\/schema\\\/logo\\\/image\\\/\",\"url\":\"https:\\\/\\\/dianasilver.com\\\/wp-content\\\/uploads\\\/2022\\\/08\\\/ezust-feher-1-koves-buttonos-stekkeres-fulbevalo-42.webp\",\"contentUrl\":\"https:\\\/\\\/dianasilver.com\\\/wp-content\\\/uploads\\\/2022\\\/08\\\/ezust-feher-1-koves-buttonos-stekkeres-fulbevalo-42.webp\",\"width\":300,\"height\":154,\"caption\":\"Diana Silver\"},\"image\":{\"@id\":\"https:\\\/\\\/dianasilver.com\\\/de\\\/#\\\/schema\\\/logo\\\/image\\\/\"},\"sameAs\":[\"https:\\\/\\\/www.facebook.com\\\/profile.php?id=100027231325117\"]}]}<\/script>\n<!-- \/ Yoast SEO plugin. -->","yoast_head_json":{"title":"Tennisarmband mit rosa und wei\u00dfen Zirkoniasteinen - 16+4 cm | Diana Silver","description":"Fedezd fel a leny\u0171g\u00f6z\u0151 Tennisarmband mit rosa und wei\u00dfen Zirkoniasteinen - 16+4 cm \u00e9kszer\u00fcnket. T\u00f6k\u00e9letes kieg\u00e9sz\u00edt\u0151 mindennapi viselethez \u00e9s k\u00fcl\u00f6nleges alkalmakra egyar\u00e1nt. Rendeld meg most!","robots":{"index":"index","follow":"follow","max-snippet":"max-snippet:-1","max-image-preview":"max-image-preview:large","max-video-preview":"max-video-preview:-1"},"canonical":"https:\/\/dianasilver.com\/de\/termek\/tennisarmband-mit-rosa-und-weissen-zirkoniasteinen-164-cm\/","og_locale":"de_DE","og_type":"article","og_title":"Tennisarmband mit rosa und wei\u00dfen Zirkoniasteinen - 16+4 cm | Diana Silver","og_description":"Fedezd fel a leny\u0171g\u00f6z\u0151 Tennisarmband mit rosa und wei\u00dfen Zirkoniasteinen - 16+4 cm \u00e9kszer\u00fcnket. T\u00f6k\u00e9letes kieg\u00e9sz\u00edt\u0151 mindennapi viselethez \u00e9s k\u00fcl\u00f6nleges alkalmakra egyar\u00e1nt. Rendeld meg most!","og_url":"https:\/\/dianasilver.com\/de\/termek\/tennisarmband-mit-rosa-und-weissen-zirkoniasteinen-164-cm\/","og_site_name":"Diana Silver","article_publisher":"https:\/\/www.facebook.com\/profile.php?id=100027231325117","article_modified_time":"2026-04-14T23:41:10+00:00","og_image":[{"width":1350,"height":1800,"url":"https:\/\/dianasilver.com\/wp-content\/uploads\/2025\/09\/Rozsaszin-feher-cirkonia-koves-teniszkarkoto-\u2013-164-cm_1.jpg","type":"image\/jpeg"}],"twitter_card":"summary_large_image","twitter_misc":{"Gesch\u00e4tzte Lesezeit":"1\u00a0Minute"},"schema":{"@context":"https:\/\/schema.org","@graph":[{"@type":"WebPage","@id":"https:\/\/dianasilver.com\/de\/termek\/tennisarmband-mit-rosa-und-weissen-zirkoniasteinen-164-cm\/","url":"https:\/\/dianasilver.com\/de\/termek\/tennisarmband-mit-rosa-und-weissen-zirkoniasteinen-164-cm\/","name":"Tennisarmband mit rosa und wei\u00dfen Zirkoniasteinen - 16+4 cm | Diana Silver","isPartOf":{"@id":"https:\/\/dianasilver.com\/de\/#website"},"primaryImageOfPage":{"@id":"https:\/\/dianasilver.com\/de\/termek\/tennisarmband-mit-rosa-und-weissen-zirkoniasteinen-164-cm\/#primaryimage"},"image":{"@id":"https:\/\/dianasilver.com\/de\/termek\/tennisarmband-mit-rosa-und-weissen-zirkoniasteinen-164-cm\/#primaryimage"},"thumbnailUrl":"https:\/\/dianasilver.com\/wp-content\/uploads\/2025\/09\/Rozsaszin-feher-cirkonia-koves-teniszkarkoto-\u2013-164-cm_1.jpg","datePublished":"2025-09-14T15:49:50+00:00","dateModified":"2026-04-14T23:41:10+00:00","description":"Fedezd fel a leny\u0171g\u00f6z\u0151 Tennisarmband mit rosa und wei\u00dfen Zirkoniasteinen - 16+4 cm \u00e9kszer\u00fcnket. T\u00f6k\u00e9letes kieg\u00e9sz\u00edt\u0151 mindennapi viselethez \u00e9s k\u00fcl\u00f6nleges alkalmakra egyar\u00e1nt. Rendeld meg most!","breadcrumb":{"@id":"https:\/\/dianasilver.com\/de\/termek\/tennisarmband-mit-rosa-und-weissen-zirkoniasteinen-164-cm\/#breadcrumb"},"inLanguage":"de","potentialAction":[{"@type":"ReadAction","target":["https:\/\/dianasilver.com\/de\/termek\/tennisarmband-mit-rosa-und-weissen-zirkoniasteinen-164-cm\/"]}]},{"@type":"ImageObject","inLanguage":"de","@id":"https:\/\/dianasilver.com\/de\/termek\/tennisarmband-mit-rosa-und-weissen-zirkoniasteinen-164-cm\/#primaryimage","url":"https:\/\/dianasilver.com\/wp-content\/uploads\/2025\/09\/Rozsaszin-feher-cirkonia-koves-teniszkarkoto-\u2013-164-cm_1.jpg","contentUrl":"https:\/\/dianasilver.com\/wp-content\/uploads\/2025\/09\/Rozsaszin-feher-cirkonia-koves-teniszkarkoto-\u2013-164-cm_1.jpg","width":1350,"height":1800},{"@type":"BreadcrumbList","@id":"https:\/\/dianasilver.com\/de\/termek\/tennisarmband-mit-rosa-und-weissen-zirkoniasteinen-164-cm\/#breadcrumb","itemListElement":[{"@type":"ListItem","position":1,"name":"Kezd\u0151lap","item":"https:\/\/dianasilver.com\/de\/diana-silver-silberschmuck-webshop\/"},{"@type":"ListItem","position":2,"name":"Shop","item":"https:\/\/dianasilver.com\/de\/shop\/"},{"@type":"ListItem","position":3,"name":"Tennisarmband mit rosa und wei\u00dfen Zirkoniasteinen &#8211; 16+4 cm"}]},{"@type":"WebSite","@id":"https:\/\/dianasilver.com\/de\/#website","url":"https:\/\/dianasilver.com\/de\/","name":"Diana Silver","description":"Tedd t\u00f6k\u00e9letesebb\u00e9 mindennapjaid a Diana Silver \u00e9kszereivel.","publisher":{"@id":"https:\/\/dianasilver.com\/de\/#organization"},"alternateName":"Ez\u00fcst \u00c9kszer Web\u00e1ruh\u00e1z","potentialAction":[{"@type":"SearchAction","target":{"@type":"EntryPoint","urlTemplate":"https:\/\/dianasilver.com\/de\/?s={search_term_string}"},"query-input":{"@type":"PropertyValueSpecification","valueRequired":true,"valueName":"search_term_string"}}],"inLanguage":"de"},{"@type":"Organization","@id":"https:\/\/dianasilver.com\/de\/#organization","name":"Diana Silver","url":"https:\/\/dianasilver.com\/de\/","logo":{"@type":"ImageObject","inLanguage":"de","@id":"https:\/\/dianasilver.com\/de\/#\/schema\/logo\/image\/","url":"https:\/\/dianasilver.com\/wp-content\/uploads\/2022\/08\/ezust-feher-1-koves-buttonos-stekkeres-fulbevalo-42.webp","contentUrl":"https:\/\/dianasilver.com\/wp-content\/uploads\/2022\/08\/ezust-feher-1-koves-buttonos-stekkeres-fulbevalo-42.webp","width":300,"height":154,"caption":"Diana Silver"},"image":{"@id":"https:\/\/dianasilver.com\/de\/#\/schema\/logo\/image\/"},"sameAs":["https:\/\/www.facebook.com\/profile.php?id=100027231325117"]}]}},"_links":{"self":[{"href":"https:\/\/dianasilver.com\/de\/wp-json\/wp\/v2\/product\/112453","targetHints":{"allow":["GET"]}}],"collection":[{"href":"https:\/\/dianasilver.com\/de\/wp-json\/wp\/v2\/product"}],"about":[{"href":"https:\/\/dianasilver.com\/de\/wp-json\/wp\/v2\/types\/product"}],"version-history":[{"count":0,"href":"https:\/\/dianasilver.com\/de\/wp-json\/wp\/v2\/product\/112453\/revisions"}],"wp:featuredmedia":[{"embeddable":true,"href":"https:\/\/dianasilver.com\/de\/wp-json\/wp\/v2\/media\/109051"}],"wp:attachment":[{"href":"https:\/\/dianasilver.com\/de\/wp-json\/wp\/v2\/media?parent=112453"}],"wp:term":[{"taxonomy":"product_brand","embeddable":true,"href":"https:\/\/dianasilver.com\/de\/wp-json\/wp\/v2\/product_brand?post=112453"},{"taxonomy":"product_cat","embeddable":true,"href":"https:\/\/dianasilver.com\/de\/wp-json\/wp\/v2\/product_cat?post=112453"},{"taxonomy":"product_tag","embeddable":true,"href":"https:\/\/dianasilver.com\/de\/wp-json\/wp\/v2\/product_tag?post=112453"}],"curies":[{"name":"wp","href":"https:\/\/api.w.org\/{rel}","templated":true}]}}