{"id":112441,"date":"2025-09-14T16:17:19","date_gmt":"2025-09-14T14:17:19","guid":{"rendered":"https:\/\/dianasilver.hu\/termek\/zirkoniastein-armband-mit-herzmotiv-184-cm\/"},"modified":"2026-04-15T01:41:11","modified_gmt":"2026-04-14T23:41:11","slug":"zirkoniastein-armband-mit-herzmotiv-184-cm","status":"publish","type":"product","link":"https:\/\/dianasilver.com\/de\/termek\/zirkoniastein-armband-mit-herzmotiv-184-cm\/","title":{"rendered":"Zirkoniastein-Armband mit Herzmotiv &#8211; 18+4 cm"},"content":{"rendered":"<h2 data-start=\"373\" data-end=\"439\"><strong data-start=\"373\" data-end=\"437\">Herzmotiv Zirkoniastein Armband &#8211; das Strahlen der Liebe\u2728<\/strong><\/h2>\n<p data-start=\"441\" data-end=\"737\">Dieses besondere Armband, das in der L\u00e4nge von 18+4 cm verstellbar ist, ist mit drei schimmernden Zirkonia-Herzen verziert, Symbole f\u00fcr Liebe, Harmonie und Gl\u00fcck. Zarte Glieder und winzige Steine rahmen die Herzmotive elegant ein und machen das Armband sowohl romantisch als auch raffiniert.<\/p>\n<ul data-start=\"739\" data-end=\"1020\">\n<li data-start=\"739\" data-end=\"782\">\n<p data-start=\"741\" data-end=\"782\">Material: AG 925 Silber mit Rhodium-Beschichtung.<\/p>\n<\/li>\n<li data-start=\"783\" data-end=\"839\">\n<p data-start=\"785\" data-end=\"839\">L\u00e4nge: 18+4 cm &#8211; gr\u00f6\u00dfenverstellbar, bequem zu tragen.<\/p>\n<\/li>\n<li data-start=\"840\" data-end=\"897\">\n<p data-start=\"842\" data-end=\"897\">Motiv: drei mit winzigen Zirkoniasteinen verzierte Herzen.<\/p>\n<\/li>\n<li data-start=\"898\" data-end=\"956\">\n<p data-start=\"900\" data-end=\"956\">Sorgt f\u00fcr Haltbarkeit und lang anhaltenden Glanz.<\/p>\n<\/li>\n<li data-start=\"957\" data-end=\"1020\">\n<p data-start=\"959\" data-end=\"1020\">Es ist auch ideal als Geschenk geeignet, da es eine Botschaft der Liebe enth\u00e4lt.<\/p>\n<\/li>\n<\/ul>\n<p data-start=\"1022\" data-end=\"1141\">Dieses romantische Armband ist perfekt f\u00fcr jeden Anlass &#8211; ob Freizeitkleidung oder ein besonderes Ereignis. \ud83d\udc8e<\/p>\n","protected":false},"excerpt":{"rendered":"<p>Ein zartes und romantisches Armband mit drei funkelnden Herzen, die Liebe und Z\u00e4rtlichkeit symbolisieren. Das perfekte Geschenk, um Licht und Emotionen in den Alltag zu bringen.\ud83d\udc96<\/p>\n","protected":false},"featured_media":108999,"template":"","meta":{"_acf_changed":false},"product_brand":[],"product_cat":[614],"product_tag":[527,634],"class_list":{"0":"post-112441","1":"product","2":"type-product","3":"status-publish","4":"has-post-thumbnail","6":"product_cat-silberne-armbander","7":"product_tag-silberschmuck-fur-damen","8":"product_tag-farbenfroh","9":"description-off","11":"first","12":"instock","13":"taxable","14":"shipping-taxable","15":"purchasable","16":"product-type-simple"},"acf":[],"yoast_head":"<!-- This site is optimized with the Yoast SEO plugin v27.4 - https:\/\/yoast.com\/product\/yoast-seo-wordpress\/ -->\n<title>Zirkoniastein-Armband mit Herzmotiv - 18+4 cm | Diana Silver<\/title>\n<meta name=\"description\" content=\"Fedezd fel a leny\u0171g\u00f6z\u0151 Zirkoniastein-Armband mit Herzmotiv - 18+4 cm \u00e9kszer\u00fcnket. T\u00f6k\u00e9letes kieg\u00e9sz\u00edt\u0151 mindennapi viselethez \u00e9s k\u00fcl\u00f6nleges alkalmakra egyar\u00e1nt. Rendeld meg most!\" \/>\n<meta name=\"robots\" content=\"index, follow, max-snippet:-1, max-image-preview:large, max-video-preview:-1\" \/>\n<link rel=\"canonical\" href=\"https:\/\/dianasilver.com\/de\/termek\/zirkoniastein-armband-mit-herzmotiv-184-cm\/\" \/>\n<meta property=\"og:locale\" content=\"de_DE\" \/>\n<meta property=\"og:type\" content=\"article\" \/>\n<meta property=\"og:title\" content=\"Zirkoniastein-Armband mit Herzmotiv - 18+4 cm | Diana Silver\" \/>\n<meta property=\"og:description\" content=\"Fedezd fel a leny\u0171g\u00f6z\u0151 Zirkoniastein-Armband mit Herzmotiv - 18+4 cm \u00e9kszer\u00fcnket. T\u00f6k\u00e9letes kieg\u00e9sz\u00edt\u0151 mindennapi viselethez \u00e9s k\u00fcl\u00f6nleges alkalmakra egyar\u00e1nt. Rendeld meg most!\" \/>\n<meta property=\"og:url\" content=\"https:\/\/dianasilver.com\/de\/termek\/zirkoniastein-armband-mit-herzmotiv-184-cm\/\" \/>\n<meta property=\"og:site_name\" content=\"Diana Silver\" \/>\n<meta property=\"article:publisher\" content=\"https:\/\/www.facebook.com\/profile.php?id=100027231325117\" \/>\n<meta property=\"article:modified_time\" content=\"2026-04-14T23:41:11+00:00\" \/>\n<meta property=\"og:image\" content=\"https:\/\/dianasilver.com\/wp-content\/uploads\/2025\/09\/Sziv-motivumos-cirkonia-koves-karkoto-\u2013-184-cm_1.jpg\" \/>\n\t<meta property=\"og:image:width\" content=\"1340\" \/>\n\t<meta property=\"og:image:height\" content=\"1785\" \/>\n\t<meta property=\"og:image:type\" content=\"image\/jpeg\" \/>\n<meta name=\"twitter:card\" content=\"summary_large_image\" \/>\n<meta name=\"twitter:label1\" content=\"Gesch\u00e4tzte Lesezeit\" \/>\n\t<meta name=\"twitter:data1\" content=\"1\u00a0Minute\" \/>\n<script type=\"application\/ld+json\" class=\"yoast-schema-graph\">{\"@context\":\"https:\\\/\\\/schema.org\",\"@graph\":[{\"@type\":\"WebPage\",\"@id\":\"https:\\\/\\\/dianasilver.com\\\/de\\\/termek\\\/zirkoniastein-armband-mit-herzmotiv-184-cm\\\/\",\"url\":\"https:\\\/\\\/dianasilver.com\\\/de\\\/termek\\\/zirkoniastein-armband-mit-herzmotiv-184-cm\\\/\",\"name\":\"Zirkoniastein-Armband mit Herzmotiv - 18+4 cm | Diana Silver\",\"isPartOf\":{\"@id\":\"https:\\\/\\\/dianasilver.com\\\/de\\\/#website\"},\"primaryImageOfPage\":{\"@id\":\"https:\\\/\\\/dianasilver.com\\\/de\\\/termek\\\/zirkoniastein-armband-mit-herzmotiv-184-cm\\\/#primaryimage\"},\"image\":{\"@id\":\"https:\\\/\\\/dianasilver.com\\\/de\\\/termek\\\/zirkoniastein-armband-mit-herzmotiv-184-cm\\\/#primaryimage\"},\"thumbnailUrl\":\"https:\\\/\\\/dianasilver.com\\\/wp-content\\\/uploads\\\/2025\\\/09\\\/Sziv-motivumos-cirkonia-koves-karkoto-\u2013-184-cm_1.jpg\",\"datePublished\":\"2025-09-14T14:17:19+00:00\",\"dateModified\":\"2026-04-14T23:41:11+00:00\",\"description\":\"Fedezd fel a leny\u0171g\u00f6z\u0151 Zirkoniastein-Armband mit Herzmotiv - 18+4 cm \u00e9kszer\u00fcnket. T\u00f6k\u00e9letes kieg\u00e9sz\u00edt\u0151 mindennapi viselethez \u00e9s k\u00fcl\u00f6nleges alkalmakra egyar\u00e1nt. Rendeld meg most!\",\"breadcrumb\":{\"@id\":\"https:\\\/\\\/dianasilver.com\\\/de\\\/termek\\\/zirkoniastein-armband-mit-herzmotiv-184-cm\\\/#breadcrumb\"},\"inLanguage\":\"de\",\"potentialAction\":[{\"@type\":\"ReadAction\",\"target\":[\"https:\\\/\\\/dianasilver.com\\\/de\\\/termek\\\/zirkoniastein-armband-mit-herzmotiv-184-cm\\\/\"]}]},{\"@type\":\"ImageObject\",\"inLanguage\":\"de\",\"@id\":\"https:\\\/\\\/dianasilver.com\\\/de\\\/termek\\\/zirkoniastein-armband-mit-herzmotiv-184-cm\\\/#primaryimage\",\"url\":\"https:\\\/\\\/dianasilver.com\\\/wp-content\\\/uploads\\\/2025\\\/09\\\/Sziv-motivumos-cirkonia-koves-karkoto-\u2013-184-cm_1.jpg\",\"contentUrl\":\"https:\\\/\\\/dianasilver.com\\\/wp-content\\\/uploads\\\/2025\\\/09\\\/Sziv-motivumos-cirkonia-koves-karkoto-\u2013-184-cm_1.jpg\",\"width\":1340,\"height\":1785},{\"@type\":\"BreadcrumbList\",\"@id\":\"https:\\\/\\\/dianasilver.com\\\/de\\\/termek\\\/zirkoniastein-armband-mit-herzmotiv-184-cm\\\/#breadcrumb\",\"itemListElement\":[{\"@type\":\"ListItem\",\"position\":1,\"name\":\"Kezd\u0151lap\",\"item\":\"https:\\\/\\\/dianasilver.com\\\/de\\\/diana-silver-silberschmuck-webshop\\\/\"},{\"@type\":\"ListItem\",\"position\":2,\"name\":\"Shop\",\"item\":\"https:\\\/\\\/dianasilver.com\\\/de\\\/shop\\\/\"},{\"@type\":\"ListItem\",\"position\":3,\"name\":\"Zirkoniastein-Armband mit Herzmotiv &#8211; 18+4 cm\"}]},{\"@type\":\"WebSite\",\"@id\":\"https:\\\/\\\/dianasilver.com\\\/de\\\/#website\",\"url\":\"https:\\\/\\\/dianasilver.com\\\/de\\\/\",\"name\":\"Diana Silver\",\"description\":\"Tedd t\u00f6k\u00e9letesebb\u00e9 mindennapjaid a Diana Silver \u00e9kszereivel.\",\"publisher\":{\"@id\":\"https:\\\/\\\/dianasilver.com\\\/de\\\/#organization\"},\"alternateName\":\"Ez\u00fcst \u00c9kszer Web\u00e1ruh\u00e1z\",\"potentialAction\":[{\"@type\":\"SearchAction\",\"target\":{\"@type\":\"EntryPoint\",\"urlTemplate\":\"https:\\\/\\\/dianasilver.com\\\/de\\\/?s={search_term_string}\"},\"query-input\":{\"@type\":\"PropertyValueSpecification\",\"valueRequired\":true,\"valueName\":\"search_term_string\"}}],\"inLanguage\":\"de\"},{\"@type\":\"Organization\",\"@id\":\"https:\\\/\\\/dianasilver.com\\\/de\\\/#organization\",\"name\":\"Diana Silver\",\"url\":\"https:\\\/\\\/dianasilver.com\\\/de\\\/\",\"logo\":{\"@type\":\"ImageObject\",\"inLanguage\":\"de\",\"@id\":\"https:\\\/\\\/dianasilver.com\\\/de\\\/#\\\/schema\\\/logo\\\/image\\\/\",\"url\":\"https:\\\/\\\/dianasilver.com\\\/wp-content\\\/uploads\\\/2022\\\/08\\\/ezust-feher-1-koves-buttonos-stekkeres-fulbevalo-42.webp\",\"contentUrl\":\"https:\\\/\\\/dianasilver.com\\\/wp-content\\\/uploads\\\/2022\\\/08\\\/ezust-feher-1-koves-buttonos-stekkeres-fulbevalo-42.webp\",\"width\":300,\"height\":154,\"caption\":\"Diana Silver\"},\"image\":{\"@id\":\"https:\\\/\\\/dianasilver.com\\\/de\\\/#\\\/schema\\\/logo\\\/image\\\/\"},\"sameAs\":[\"https:\\\/\\\/www.facebook.com\\\/profile.php?id=100027231325117\"]}]}<\/script>\n<!-- \/ Yoast SEO plugin. -->","yoast_head_json":{"title":"Zirkoniastein-Armband mit Herzmotiv - 18+4 cm | Diana Silver","description":"Fedezd fel a leny\u0171g\u00f6z\u0151 Zirkoniastein-Armband mit Herzmotiv - 18+4 cm \u00e9kszer\u00fcnket. T\u00f6k\u00e9letes kieg\u00e9sz\u00edt\u0151 mindennapi viselethez \u00e9s k\u00fcl\u00f6nleges alkalmakra egyar\u00e1nt. Rendeld meg most!","robots":{"index":"index","follow":"follow","max-snippet":"max-snippet:-1","max-image-preview":"max-image-preview:large","max-video-preview":"max-video-preview:-1"},"canonical":"https:\/\/dianasilver.com\/de\/termek\/zirkoniastein-armband-mit-herzmotiv-184-cm\/","og_locale":"de_DE","og_type":"article","og_title":"Zirkoniastein-Armband mit Herzmotiv - 18+4 cm | Diana Silver","og_description":"Fedezd fel a leny\u0171g\u00f6z\u0151 Zirkoniastein-Armband mit Herzmotiv - 18+4 cm \u00e9kszer\u00fcnket. T\u00f6k\u00e9letes kieg\u00e9sz\u00edt\u0151 mindennapi viselethez \u00e9s k\u00fcl\u00f6nleges alkalmakra egyar\u00e1nt. Rendeld meg most!","og_url":"https:\/\/dianasilver.com\/de\/termek\/zirkoniastein-armband-mit-herzmotiv-184-cm\/","og_site_name":"Diana Silver","article_publisher":"https:\/\/www.facebook.com\/profile.php?id=100027231325117","article_modified_time":"2026-04-14T23:41:11+00:00","og_image":[{"width":1340,"height":1785,"url":"https:\/\/dianasilver.com\/wp-content\/uploads\/2025\/09\/Sziv-motivumos-cirkonia-koves-karkoto-\u2013-184-cm_1.jpg","type":"image\/jpeg"}],"twitter_card":"summary_large_image","twitter_misc":{"Gesch\u00e4tzte Lesezeit":"1\u00a0Minute"},"schema":{"@context":"https:\/\/schema.org","@graph":[{"@type":"WebPage","@id":"https:\/\/dianasilver.com\/de\/termek\/zirkoniastein-armband-mit-herzmotiv-184-cm\/","url":"https:\/\/dianasilver.com\/de\/termek\/zirkoniastein-armband-mit-herzmotiv-184-cm\/","name":"Zirkoniastein-Armband mit Herzmotiv - 18+4 cm | Diana Silver","isPartOf":{"@id":"https:\/\/dianasilver.com\/de\/#website"},"primaryImageOfPage":{"@id":"https:\/\/dianasilver.com\/de\/termek\/zirkoniastein-armband-mit-herzmotiv-184-cm\/#primaryimage"},"image":{"@id":"https:\/\/dianasilver.com\/de\/termek\/zirkoniastein-armband-mit-herzmotiv-184-cm\/#primaryimage"},"thumbnailUrl":"https:\/\/dianasilver.com\/wp-content\/uploads\/2025\/09\/Sziv-motivumos-cirkonia-koves-karkoto-\u2013-184-cm_1.jpg","datePublished":"2025-09-14T14:17:19+00:00","dateModified":"2026-04-14T23:41:11+00:00","description":"Fedezd fel a leny\u0171g\u00f6z\u0151 Zirkoniastein-Armband mit Herzmotiv - 18+4 cm \u00e9kszer\u00fcnket. T\u00f6k\u00e9letes kieg\u00e9sz\u00edt\u0151 mindennapi viselethez \u00e9s k\u00fcl\u00f6nleges alkalmakra egyar\u00e1nt. Rendeld meg most!","breadcrumb":{"@id":"https:\/\/dianasilver.com\/de\/termek\/zirkoniastein-armband-mit-herzmotiv-184-cm\/#breadcrumb"},"inLanguage":"de","potentialAction":[{"@type":"ReadAction","target":["https:\/\/dianasilver.com\/de\/termek\/zirkoniastein-armband-mit-herzmotiv-184-cm\/"]}]},{"@type":"ImageObject","inLanguage":"de","@id":"https:\/\/dianasilver.com\/de\/termek\/zirkoniastein-armband-mit-herzmotiv-184-cm\/#primaryimage","url":"https:\/\/dianasilver.com\/wp-content\/uploads\/2025\/09\/Sziv-motivumos-cirkonia-koves-karkoto-\u2013-184-cm_1.jpg","contentUrl":"https:\/\/dianasilver.com\/wp-content\/uploads\/2025\/09\/Sziv-motivumos-cirkonia-koves-karkoto-\u2013-184-cm_1.jpg","width":1340,"height":1785},{"@type":"BreadcrumbList","@id":"https:\/\/dianasilver.com\/de\/termek\/zirkoniastein-armband-mit-herzmotiv-184-cm\/#breadcrumb","itemListElement":[{"@type":"ListItem","position":1,"name":"Kezd\u0151lap","item":"https:\/\/dianasilver.com\/de\/diana-silver-silberschmuck-webshop\/"},{"@type":"ListItem","position":2,"name":"Shop","item":"https:\/\/dianasilver.com\/de\/shop\/"},{"@type":"ListItem","position":3,"name":"Zirkoniastein-Armband mit Herzmotiv &#8211; 18+4 cm"}]},{"@type":"WebSite","@id":"https:\/\/dianasilver.com\/de\/#website","url":"https:\/\/dianasilver.com\/de\/","name":"Diana Silver","description":"Tedd t\u00f6k\u00e9letesebb\u00e9 mindennapjaid a Diana Silver \u00e9kszereivel.","publisher":{"@id":"https:\/\/dianasilver.com\/de\/#organization"},"alternateName":"Ez\u00fcst \u00c9kszer Web\u00e1ruh\u00e1z","potentialAction":[{"@type":"SearchAction","target":{"@type":"EntryPoint","urlTemplate":"https:\/\/dianasilver.com\/de\/?s={search_term_string}"},"query-input":{"@type":"PropertyValueSpecification","valueRequired":true,"valueName":"search_term_string"}}],"inLanguage":"de"},{"@type":"Organization","@id":"https:\/\/dianasilver.com\/de\/#organization","name":"Diana Silver","url":"https:\/\/dianasilver.com\/de\/","logo":{"@type":"ImageObject","inLanguage":"de","@id":"https:\/\/dianasilver.com\/de\/#\/schema\/logo\/image\/","url":"https:\/\/dianasilver.com\/wp-content\/uploads\/2022\/08\/ezust-feher-1-koves-buttonos-stekkeres-fulbevalo-42.webp","contentUrl":"https:\/\/dianasilver.com\/wp-content\/uploads\/2022\/08\/ezust-feher-1-koves-buttonos-stekkeres-fulbevalo-42.webp","width":300,"height":154,"caption":"Diana Silver"},"image":{"@id":"https:\/\/dianasilver.com\/de\/#\/schema\/logo\/image\/"},"sameAs":["https:\/\/www.facebook.com\/profile.php?id=100027231325117"]}]}},"_links":{"self":[{"href":"https:\/\/dianasilver.com\/de\/wp-json\/wp\/v2\/product\/112441","targetHints":{"allow":["GET"]}}],"collection":[{"href":"https:\/\/dianasilver.com\/de\/wp-json\/wp\/v2\/product"}],"about":[{"href":"https:\/\/dianasilver.com\/de\/wp-json\/wp\/v2\/types\/product"}],"version-history":[{"count":0,"href":"https:\/\/dianasilver.com\/de\/wp-json\/wp\/v2\/product\/112441\/revisions"}],"wp:featuredmedia":[{"embeddable":true,"href":"https:\/\/dianasilver.com\/de\/wp-json\/wp\/v2\/media\/108999"}],"wp:attachment":[{"href":"https:\/\/dianasilver.com\/de\/wp-json\/wp\/v2\/media?parent=112441"}],"wp:term":[{"taxonomy":"product_brand","embeddable":true,"href":"https:\/\/dianasilver.com\/de\/wp-json\/wp\/v2\/product_brand?post=112441"},{"taxonomy":"product_cat","embeddable":true,"href":"https:\/\/dianasilver.com\/de\/wp-json\/wp\/v2\/product_cat?post=112441"},{"taxonomy":"product_tag","embeddable":true,"href":"https:\/\/dianasilver.com\/de\/wp-json\/wp\/v2\/product_tag?post=112441"}],"curies":[{"name":"wp","href":"https:\/\/api.w.org\/{rel}","templated":true}]}}