{"id":112417,"date":"2025-09-05T20:55:39","date_gmt":"2025-09-05T18:55:39","guid":{"rendered":"https:\/\/dianasilver.hu\/termek\/silberne-sechszackige-stern-ohrringe-mit-weissem-zirkonia\/"},"modified":"2026-03-10T00:21:37","modified_gmt":"2026-03-09T23:21:37","slug":"silberne-sechszackige-stern-ohrringe-mit-weissem-zirkonia","status":"publish","type":"product","link":"https:\/\/dianasilver.com\/de\/termek\/silberne-sechszackige-stern-ohrringe-mit-weissem-zirkonia\/","title":{"rendered":"Silberne sechszackige Stern-Ohrringe mit wei\u00dfem Zirkonia"},"content":{"rendered":"<h2 data-start=\"289\" data-end=\"695\">Dieser Ohrring mit einem sechszackigen Sternmotiv kombiniert eine klare Form mit einer symbolischen Botschaft.<\/h2>\n<p data-start=\"289\" data-end=\"695\">Die strahlend wei\u00dfen Zirkoniasteine betonen auf subtile Weise die Linien des Hexagramms, das in der Tradition oft <strong data-start=\"518\" data-end=\"539\">als Davidstern bezeichnet wird.<\/strong>  Der Schmuck ist <strong data-start=\"564\" data-end=\"583\">aus 925er Silber<\/strong> <strong data-start=\"592\" data-end=\"613\">mit Rhodiumbeschichtung<\/strong> gefertigt, das hypoallergen und resistent gegen Verf\u00e4rbungen ist und seinen Glanz lange Zeit beh\u00e4lt.<\/p>\n<p data-start=\"697\" data-end=\"933\">\u2b50 <strong data-start=\"699\" data-end=\"760\">Symbolische Bedeutung &#8211; warum ist der sechszackige Stern etwas Besonderes?<\/strong><\/p>\n<p data-start=\"697\" data-end=\"933\">&#8211; Das <strong data-start=\"767\" data-end=\"780\">Hexagramm<\/strong> ist ein Symbol f\u00fcr Schutz und Harmonie.<br data-start=\"813\" data-end=\"816\">&#8211; Symbolisiert Gleichgewicht und innere St\u00e4rke im Alltag.<br data-start=\"872\" data-end=\"875\" data-is-only-node=\"\">&#8211; Seine subtile, spirituelle Botschaft wird mit diskreter Eleganz kombiniert.<\/p>\n<p data-start=\"935\" data-end=\"1315\">\u2728 <strong data-start=\"937\" data-end=\"972\">Warum sollten Sie diesen Ohrring w\u00e4hlen?<\/strong><\/p>\n<p data-start=\"935\" data-end=\"1315\">&#8211; <strong data-start=\"977\" data-end=\"993\">AG 925 Silber<\/strong>, <strong data-start=\"995\" data-end=\"1016\">rhodiniert<\/strong>: langanhaltender Glanz, hypoallergener Schutz, zus\u00e4tzliche Schicht gegen Verf\u00e4rbung.<br data-start=\"1085\" data-end=\"1088\">&#8211; <strong data-start=\"1090\" data-end=\"1108\">Wei\u00dfe Zirkoniasteine<\/strong>: spiegelnder Glanz, der die Gesichtsz\u00fcge betont.<br data-start=\"1166\" data-end=\"1169\">&#8211; Klares, pr\u00e4zises Design: einfach zu kombinieren mit l\u00e4ssigen und legeren Sets.<br data-start=\"1256\" data-end=\"1259\">&#8211; Zeitloses Symbol: elegante Form mit mehreren Bedeutungen.<\/p>\n<p data-start=\"1317\" data-end=\"1478\" data-is-last-node=\"\" data-is-only-node=\"\">\ud83c\udf1f Diese sechszackigen Stern-Ohrringe verleihen Ihrem Look subtilen Glanz und eine inspirierende Bedeutung &#8211; <strong data-start=\"1424\" data-end=\"1478\" data-is-last-node=\"\">legen Sie sie in Ihren Warenkorb und tragen Sie sie jeden Tag mit Selbstvertrauen!<\/strong><\/p>\n","protected":false},"excerpt":{"rendered":"<p>Raffinierte Silberohrringe mit einem sechseckigen Sternmotiv (Hexagramm) und funkelnden wei\u00dfen Zirkonias. Ein Zusammentreffen von moderner Eleganz und spiritueller Bedeutung &#8211; ein schlichtes und doch auff\u00e4lliges Accessoire. \u2728<\/p>\n","protected":false},"featured_media":107827,"template":"","meta":{"_acf_changed":false},"product_brand":[],"product_cat":[573],"product_tag":[527,575,576],"class_list":{"0":"post-112417","1":"product","2":"type-product","3":"status-publish","4":"has-post-thumbnail","6":"product_cat-silberne-ohrringe","7":"product_tag-silberschmuck-fur-damen","8":"product_tag-mannlich","9":"product_tag-spirituell","10":"description-off","12":"first","13":"instock","14":"sale","15":"taxable","16":"shipping-taxable","17":"purchasable","18":"product-type-simple"},"acf":[],"yoast_head":"<!-- This site is optimized with the Yoast SEO plugin v27.4 - https:\/\/yoast.com\/product\/yoast-seo-wordpress\/ -->\n<title>Silberne sechszackige Stern-Ohrringe mit wei\u00dfem Zirkonia | Diana Silver<\/title>\n<meta name=\"description\" content=\"Fedezd fel a leny\u0171g\u00f6z\u0151 Silberne sechszackige Stern-Ohrringe mit wei\u00dfem Zirkonia \u00e9kszer\u00fcnket. T\u00f6k\u00e9letes kieg\u00e9sz\u00edt\u0151 mindennapi viselethez \u00e9s k\u00fcl\u00f6nleges alkalmakra egyar\u00e1nt. Rendeld meg most!\" \/>\n<meta name=\"robots\" content=\"index, follow, max-snippet:-1, max-image-preview:large, max-video-preview:-1\" \/>\n<link rel=\"canonical\" href=\"https:\/\/dianasilver.com\/de\/termek\/silberne-sechszackige-stern-ohrringe-mit-weissem-zirkonia\/\" \/>\n<meta property=\"og:locale\" content=\"de_DE\" \/>\n<meta property=\"og:type\" content=\"article\" \/>\n<meta property=\"og:title\" content=\"Silberne sechszackige Stern-Ohrringe mit wei\u00dfem Zirkonia | Diana Silver\" \/>\n<meta property=\"og:description\" content=\"Fedezd fel a leny\u0171g\u00f6z\u0151 Silberne sechszackige Stern-Ohrringe mit wei\u00dfem Zirkonia \u00e9kszer\u00fcnket. T\u00f6k\u00e9letes kieg\u00e9sz\u00edt\u0151 mindennapi viselethez \u00e9s k\u00fcl\u00f6nleges alkalmakra egyar\u00e1nt. Rendeld meg most!\" \/>\n<meta property=\"og:url\" content=\"https:\/\/dianasilver.com\/de\/termek\/silberne-sechszackige-stern-ohrringe-mit-weissem-zirkonia\/\" \/>\n<meta property=\"og:site_name\" content=\"Diana Silver\" \/>\n<meta property=\"article:publisher\" content=\"https:\/\/www.facebook.com\/profile.php?id=100027231325117\" \/>\n<meta property=\"article:modified_time\" content=\"2026-03-09T23:21:37+00:00\" \/>\n<meta property=\"og:image\" content=\"https:\/\/dianasilver.com\/wp-content\/uploads\/2025\/09\/Ezust-hatagu-csillag-fulbevalo-feher-cirkoniaval_2.jpg\" \/>\n\t<meta property=\"og:image:width\" content=\"1340\" \/>\n\t<meta property=\"og:image:height\" content=\"1785\" \/>\n\t<meta property=\"og:image:type\" content=\"image\/jpeg\" \/>\n<meta name=\"twitter:card\" content=\"summary_large_image\" \/>\n<meta name=\"twitter:label1\" content=\"Gesch\u00e4tzte Lesezeit\" \/>\n\t<meta name=\"twitter:data1\" content=\"1\u00a0Minute\" \/>\n<script type=\"application\/ld+json\" class=\"yoast-schema-graph\">{\"@context\":\"https:\\\/\\\/schema.org\",\"@graph\":[{\"@type\":\"WebPage\",\"@id\":\"https:\\\/\\\/dianasilver.com\\\/de\\\/termek\\\/silberne-sechszackige-stern-ohrringe-mit-weissem-zirkonia\\\/\",\"url\":\"https:\\\/\\\/dianasilver.com\\\/de\\\/termek\\\/silberne-sechszackige-stern-ohrringe-mit-weissem-zirkonia\\\/\",\"name\":\"Silberne sechszackige Stern-Ohrringe mit wei\u00dfem Zirkonia | Diana Silver\",\"isPartOf\":{\"@id\":\"https:\\\/\\\/dianasilver.com\\\/de\\\/#website\"},\"primaryImageOfPage\":{\"@id\":\"https:\\\/\\\/dianasilver.com\\\/de\\\/termek\\\/silberne-sechszackige-stern-ohrringe-mit-weissem-zirkonia\\\/#primaryimage\"},\"image\":{\"@id\":\"https:\\\/\\\/dianasilver.com\\\/de\\\/termek\\\/silberne-sechszackige-stern-ohrringe-mit-weissem-zirkonia\\\/#primaryimage\"},\"thumbnailUrl\":\"https:\\\/\\\/dianasilver.com\\\/wp-content\\\/uploads\\\/2025\\\/09\\\/Ezust-hatagu-csillag-fulbevalo-feher-cirkoniaval_2.jpg\",\"datePublished\":\"2025-09-05T18:55:39+00:00\",\"dateModified\":\"2026-03-09T23:21:37+00:00\",\"description\":\"Fedezd fel a leny\u0171g\u00f6z\u0151 Silberne sechszackige Stern-Ohrringe mit wei\u00dfem Zirkonia \u00e9kszer\u00fcnket. T\u00f6k\u00e9letes kieg\u00e9sz\u00edt\u0151 mindennapi viselethez \u00e9s k\u00fcl\u00f6nleges alkalmakra egyar\u00e1nt. Rendeld meg most!\",\"breadcrumb\":{\"@id\":\"https:\\\/\\\/dianasilver.com\\\/de\\\/termek\\\/silberne-sechszackige-stern-ohrringe-mit-weissem-zirkonia\\\/#breadcrumb\"},\"inLanguage\":\"de\",\"potentialAction\":[{\"@type\":\"ReadAction\",\"target\":[\"https:\\\/\\\/dianasilver.com\\\/de\\\/termek\\\/silberne-sechszackige-stern-ohrringe-mit-weissem-zirkonia\\\/\"]}]},{\"@type\":\"ImageObject\",\"inLanguage\":\"de\",\"@id\":\"https:\\\/\\\/dianasilver.com\\\/de\\\/termek\\\/silberne-sechszackige-stern-ohrringe-mit-weissem-zirkonia\\\/#primaryimage\",\"url\":\"https:\\\/\\\/dianasilver.com\\\/wp-content\\\/uploads\\\/2025\\\/09\\\/Ezust-hatagu-csillag-fulbevalo-feher-cirkoniaval_2.jpg\",\"contentUrl\":\"https:\\\/\\\/dianasilver.com\\\/wp-content\\\/uploads\\\/2025\\\/09\\\/Ezust-hatagu-csillag-fulbevalo-feher-cirkoniaval_2.jpg\",\"width\":1340,\"height\":1785},{\"@type\":\"BreadcrumbList\",\"@id\":\"https:\\\/\\\/dianasilver.com\\\/de\\\/termek\\\/silberne-sechszackige-stern-ohrringe-mit-weissem-zirkonia\\\/#breadcrumb\",\"itemListElement\":[{\"@type\":\"ListItem\",\"position\":1,\"name\":\"Kezd\u0151lap\",\"item\":\"https:\\\/\\\/dianasilver.com\\\/de\\\/diana-silver-silberschmuck-webshop\\\/\"},{\"@type\":\"ListItem\",\"position\":2,\"name\":\"Shop\",\"item\":\"https:\\\/\\\/dianasilver.com\\\/de\\\/shop\\\/\"},{\"@type\":\"ListItem\",\"position\":3,\"name\":\"Silberne sechszackige Stern-Ohrringe mit wei\u00dfem Zirkonia\"}]},{\"@type\":\"WebSite\",\"@id\":\"https:\\\/\\\/dianasilver.com\\\/de\\\/#website\",\"url\":\"https:\\\/\\\/dianasilver.com\\\/de\\\/\",\"name\":\"Diana Silver\",\"description\":\"Tedd t\u00f6k\u00e9letesebb\u00e9 mindennapjaid a Diana Silver \u00e9kszereivel.\",\"publisher\":{\"@id\":\"https:\\\/\\\/dianasilver.com\\\/de\\\/#organization\"},\"alternateName\":\"Ez\u00fcst \u00c9kszer Web\u00e1ruh\u00e1z\",\"potentialAction\":[{\"@type\":\"SearchAction\",\"target\":{\"@type\":\"EntryPoint\",\"urlTemplate\":\"https:\\\/\\\/dianasilver.com\\\/de\\\/?s={search_term_string}\"},\"query-input\":{\"@type\":\"PropertyValueSpecification\",\"valueRequired\":true,\"valueName\":\"search_term_string\"}}],\"inLanguage\":\"de\"},{\"@type\":\"Organization\",\"@id\":\"https:\\\/\\\/dianasilver.com\\\/de\\\/#organization\",\"name\":\"Diana Silver\",\"url\":\"https:\\\/\\\/dianasilver.com\\\/de\\\/\",\"logo\":{\"@type\":\"ImageObject\",\"inLanguage\":\"de\",\"@id\":\"https:\\\/\\\/dianasilver.com\\\/de\\\/#\\\/schema\\\/logo\\\/image\\\/\",\"url\":\"https:\\\/\\\/dianasilver.com\\\/wp-content\\\/uploads\\\/2022\\\/08\\\/ezust-feher-1-koves-buttonos-stekkeres-fulbevalo-42.webp\",\"contentUrl\":\"https:\\\/\\\/dianasilver.com\\\/wp-content\\\/uploads\\\/2022\\\/08\\\/ezust-feher-1-koves-buttonos-stekkeres-fulbevalo-42.webp\",\"width\":300,\"height\":154,\"caption\":\"Diana Silver\"},\"image\":{\"@id\":\"https:\\\/\\\/dianasilver.com\\\/de\\\/#\\\/schema\\\/logo\\\/image\\\/\"},\"sameAs\":[\"https:\\\/\\\/www.facebook.com\\\/profile.php?id=100027231325117\"]}]}<\/script>\n<!-- \/ Yoast SEO plugin. -->","yoast_head_json":{"title":"Silberne sechszackige Stern-Ohrringe mit wei\u00dfem Zirkonia | Diana Silver","description":"Fedezd fel a leny\u0171g\u00f6z\u0151 Silberne sechszackige Stern-Ohrringe mit wei\u00dfem Zirkonia \u00e9kszer\u00fcnket. T\u00f6k\u00e9letes kieg\u00e9sz\u00edt\u0151 mindennapi viselethez \u00e9s k\u00fcl\u00f6nleges alkalmakra egyar\u00e1nt. Rendeld meg most!","robots":{"index":"index","follow":"follow","max-snippet":"max-snippet:-1","max-image-preview":"max-image-preview:large","max-video-preview":"max-video-preview:-1"},"canonical":"https:\/\/dianasilver.com\/de\/termek\/silberne-sechszackige-stern-ohrringe-mit-weissem-zirkonia\/","og_locale":"de_DE","og_type":"article","og_title":"Silberne sechszackige Stern-Ohrringe mit wei\u00dfem Zirkonia | Diana Silver","og_description":"Fedezd fel a leny\u0171g\u00f6z\u0151 Silberne sechszackige Stern-Ohrringe mit wei\u00dfem Zirkonia \u00e9kszer\u00fcnket. T\u00f6k\u00e9letes kieg\u00e9sz\u00edt\u0151 mindennapi viselethez \u00e9s k\u00fcl\u00f6nleges alkalmakra egyar\u00e1nt. Rendeld meg most!","og_url":"https:\/\/dianasilver.com\/de\/termek\/silberne-sechszackige-stern-ohrringe-mit-weissem-zirkonia\/","og_site_name":"Diana Silver","article_publisher":"https:\/\/www.facebook.com\/profile.php?id=100027231325117","article_modified_time":"2026-03-09T23:21:37+00:00","og_image":[{"width":1340,"height":1785,"url":"https:\/\/dianasilver.com\/wp-content\/uploads\/2025\/09\/Ezust-hatagu-csillag-fulbevalo-feher-cirkoniaval_2.jpg","type":"image\/jpeg"}],"twitter_card":"summary_large_image","twitter_misc":{"Gesch\u00e4tzte Lesezeit":"1\u00a0Minute"},"schema":{"@context":"https:\/\/schema.org","@graph":[{"@type":"WebPage","@id":"https:\/\/dianasilver.com\/de\/termek\/silberne-sechszackige-stern-ohrringe-mit-weissem-zirkonia\/","url":"https:\/\/dianasilver.com\/de\/termek\/silberne-sechszackige-stern-ohrringe-mit-weissem-zirkonia\/","name":"Silberne sechszackige Stern-Ohrringe mit wei\u00dfem Zirkonia | Diana Silver","isPartOf":{"@id":"https:\/\/dianasilver.com\/de\/#website"},"primaryImageOfPage":{"@id":"https:\/\/dianasilver.com\/de\/termek\/silberne-sechszackige-stern-ohrringe-mit-weissem-zirkonia\/#primaryimage"},"image":{"@id":"https:\/\/dianasilver.com\/de\/termek\/silberne-sechszackige-stern-ohrringe-mit-weissem-zirkonia\/#primaryimage"},"thumbnailUrl":"https:\/\/dianasilver.com\/wp-content\/uploads\/2025\/09\/Ezust-hatagu-csillag-fulbevalo-feher-cirkoniaval_2.jpg","datePublished":"2025-09-05T18:55:39+00:00","dateModified":"2026-03-09T23:21:37+00:00","description":"Fedezd fel a leny\u0171g\u00f6z\u0151 Silberne sechszackige Stern-Ohrringe mit wei\u00dfem Zirkonia \u00e9kszer\u00fcnket. T\u00f6k\u00e9letes kieg\u00e9sz\u00edt\u0151 mindennapi viselethez \u00e9s k\u00fcl\u00f6nleges alkalmakra egyar\u00e1nt. Rendeld meg most!","breadcrumb":{"@id":"https:\/\/dianasilver.com\/de\/termek\/silberne-sechszackige-stern-ohrringe-mit-weissem-zirkonia\/#breadcrumb"},"inLanguage":"de","potentialAction":[{"@type":"ReadAction","target":["https:\/\/dianasilver.com\/de\/termek\/silberne-sechszackige-stern-ohrringe-mit-weissem-zirkonia\/"]}]},{"@type":"ImageObject","inLanguage":"de","@id":"https:\/\/dianasilver.com\/de\/termek\/silberne-sechszackige-stern-ohrringe-mit-weissem-zirkonia\/#primaryimage","url":"https:\/\/dianasilver.com\/wp-content\/uploads\/2025\/09\/Ezust-hatagu-csillag-fulbevalo-feher-cirkoniaval_2.jpg","contentUrl":"https:\/\/dianasilver.com\/wp-content\/uploads\/2025\/09\/Ezust-hatagu-csillag-fulbevalo-feher-cirkoniaval_2.jpg","width":1340,"height":1785},{"@type":"BreadcrumbList","@id":"https:\/\/dianasilver.com\/de\/termek\/silberne-sechszackige-stern-ohrringe-mit-weissem-zirkonia\/#breadcrumb","itemListElement":[{"@type":"ListItem","position":1,"name":"Kezd\u0151lap","item":"https:\/\/dianasilver.com\/de\/diana-silver-silberschmuck-webshop\/"},{"@type":"ListItem","position":2,"name":"Shop","item":"https:\/\/dianasilver.com\/de\/shop\/"},{"@type":"ListItem","position":3,"name":"Silberne sechszackige Stern-Ohrringe mit wei\u00dfem Zirkonia"}]},{"@type":"WebSite","@id":"https:\/\/dianasilver.com\/de\/#website","url":"https:\/\/dianasilver.com\/de\/","name":"Diana Silver","description":"Tedd t\u00f6k\u00e9letesebb\u00e9 mindennapjaid a Diana Silver \u00e9kszereivel.","publisher":{"@id":"https:\/\/dianasilver.com\/de\/#organization"},"alternateName":"Ez\u00fcst \u00c9kszer Web\u00e1ruh\u00e1z","potentialAction":[{"@type":"SearchAction","target":{"@type":"EntryPoint","urlTemplate":"https:\/\/dianasilver.com\/de\/?s={search_term_string}"},"query-input":{"@type":"PropertyValueSpecification","valueRequired":true,"valueName":"search_term_string"}}],"inLanguage":"de"},{"@type":"Organization","@id":"https:\/\/dianasilver.com\/de\/#organization","name":"Diana Silver","url":"https:\/\/dianasilver.com\/de\/","logo":{"@type":"ImageObject","inLanguage":"de","@id":"https:\/\/dianasilver.com\/de\/#\/schema\/logo\/image\/","url":"https:\/\/dianasilver.com\/wp-content\/uploads\/2022\/08\/ezust-feher-1-koves-buttonos-stekkeres-fulbevalo-42.webp","contentUrl":"https:\/\/dianasilver.com\/wp-content\/uploads\/2022\/08\/ezust-feher-1-koves-buttonos-stekkeres-fulbevalo-42.webp","width":300,"height":154,"caption":"Diana Silver"},"image":{"@id":"https:\/\/dianasilver.com\/de\/#\/schema\/logo\/image\/"},"sameAs":["https:\/\/www.facebook.com\/profile.php?id=100027231325117"]}]}},"_links":{"self":[{"href":"https:\/\/dianasilver.com\/de\/wp-json\/wp\/v2\/product\/112417","targetHints":{"allow":["GET"]}}],"collection":[{"href":"https:\/\/dianasilver.com\/de\/wp-json\/wp\/v2\/product"}],"about":[{"href":"https:\/\/dianasilver.com\/de\/wp-json\/wp\/v2\/types\/product"}],"version-history":[{"count":0,"href":"https:\/\/dianasilver.com\/de\/wp-json\/wp\/v2\/product\/112417\/revisions"}],"wp:featuredmedia":[{"embeddable":true,"href":"https:\/\/dianasilver.com\/de\/wp-json\/wp\/v2\/media\/107827"}],"wp:attachment":[{"href":"https:\/\/dianasilver.com\/de\/wp-json\/wp\/v2\/media?parent=112417"}],"wp:term":[{"taxonomy":"product_brand","embeddable":true,"href":"https:\/\/dianasilver.com\/de\/wp-json\/wp\/v2\/product_brand?post=112417"},{"taxonomy":"product_cat","embeddable":true,"href":"https:\/\/dianasilver.com\/de\/wp-json\/wp\/v2\/product_cat?post=112417"},{"taxonomy":"product_tag","embeddable":true,"href":"https:\/\/dianasilver.com\/de\/wp-json\/wp\/v2\/product_tag?post=112417"}],"curies":[{"name":"wp","href":"https:\/\/api.w.org\/{rel}","templated":true}]}}