{"id":112399,"date":"2025-07-28T16:35:20","date_gmt":"2025-07-28T14:35:20","guid":{"rendered":"https:\/\/dianasilver.hu\/termek\/silbernes-armband-mit-klarem-zirkoniastein\/"},"modified":"2026-04-15T01:41:12","modified_gmt":"2026-04-14T23:41:12","slug":"silbernes-armband-mit-klarem-zirkoniastein","status":"publish","type":"product","link":"https:\/\/dianasilver.com\/de\/termek\/silbernes-armband-mit-klarem-zirkoniastein\/","title":{"rendered":"Silbernes Armband mit klarem Zirkoniastein"},"content":{"rendered":"<h2 data-start=\"227\" data-end=\"306\"><span dir=\"auto\">Silbernes Armband mit transluzenten Zirkoniasteinen &#8211; pure Eleganz bei jeder Bewegung<\/span><\/h2>\n<p data-start=\"308\" data-end=\"682\"><span dir=\"auto\">Mit seinem zarten Glanz und den klaren Linien ist dieses einzigartige Armband eines der elegantesten St\u00fccke der Kollektion. Die 7 winzigen, durchscheinenden Zirkoniasteine sind gleichm\u00e4\u00dfig auf der AG 925 Silberkette verteilt, die aus Rhodium gefertigt ist &#8211; so beh\u00e4lt sie ihren Glanz und ist lange Zeit resistent gegen Verf\u00e4rbungen. Die L\u00e4nge von 18 + 3,5 cm ist verstellbar, damit sie an allen Handgelenken bequem zu tragen ist.<\/span><\/p>\n<p data-start=\"684\" data-end=\"890\"><strong data-start=\"684\" data-end=\"702\"><span dir=\"auto\">Warum w\u00e4hlen Sie ihn?<\/span><\/strong><br data-start=\"702\" data-end=\"705\"><span dir=\"auto\"> &#8211; Fein gearbeitete, polierte Zirkoniasteine <\/span><br data-start=\"750\" data-end=\"753\"><span dir=\"auto\">&#8211; AG 925 Silber mit Rhodiumbeschichtung <\/span><br data-start=\"791\" data-end=\"794\"><span dir=\"auto\">&#8211; Verstellbare Gr\u00f6\u00dfe: 18 + 3,5 cm <\/span><br data-start=\"824\" data-end=\"827\"><span dir=\"auto\">&#8211; Leichtes, feminines Design <\/span><br data-start=\"854\" data-end=\"857\"><span dir=\"auto\">&#8211; Einfach und leicht<\/span><\/p>\n<p data-start=\"892\" data-end=\"999\"><span dir=\"auto\">\u00dcberraschen Sie sich selbst oder jemanden, der Ihre Aufmerksamkeit verdient &#8211; ein Armband wie dieses wird Sie jeden Tag zum L\u00e4cheln bringen. \ud83c\udf81\ud83d\udcab<\/span><\/p>\n","protected":false},"excerpt":{"rendered":"<p>Luftiges, feminines Armband mit durchscheinenden Zirkoniasteinen &#8211; zarte Bewegung, pures Funkeln. \u2728<\/p>\n","protected":false},"featured_media":107059,"template":"","meta":{"_acf_changed":false},"product_brand":[],"product_cat":[614],"product_tag":[527,634,650],"class_list":{"0":"post-112399","1":"product","2":"type-product","3":"status-publish","4":"has-post-thumbnail","6":"product_cat-silberne-armbander","7":"product_tag-silberschmuck-fur-damen","8":"product_tag-farbenfroh","9":"product_tag-kinder-silberschmuck","10":"description-off","12":"first","13":"instock","14":"taxable","15":"shipping-taxable","16":"purchasable","17":"product-type-simple"},"acf":[],"yoast_head":"<!-- This site is optimized with the Yoast SEO plugin v27.3 - https:\/\/yoast.com\/product\/yoast-seo-wordpress\/ -->\n<title>Silbernes Armband mit klarem Zirkoniastein | Diana Silver<\/title>\n<meta name=\"description\" content=\"Fedezd fel a leny\u0171g\u00f6z\u0151 Silbernes Armband mit klarem Zirkoniastein \u00e9kszer\u00fcnket. T\u00f6k\u00e9letes kieg\u00e9sz\u00edt\u0151 mindennapi viselethez \u00e9s k\u00fcl\u00f6nleges alkalmakra egyar\u00e1nt. Rendeld meg most!\" \/>\n<meta name=\"robots\" content=\"index, follow, max-snippet:-1, max-image-preview:large, max-video-preview:-1\" \/>\n<link rel=\"canonical\" href=\"https:\/\/dianasilver.com\/de\/termek\/silbernes-armband-mit-klarem-zirkoniastein\/\" \/>\n<meta property=\"og:locale\" content=\"de_DE\" \/>\n<meta property=\"og:type\" content=\"article\" \/>\n<meta property=\"og:title\" content=\"Silbernes Armband mit klarem Zirkoniastein | Diana Silver\" \/>\n<meta property=\"og:description\" content=\"Fedezd fel a leny\u0171g\u00f6z\u0151 Silbernes Armband mit klarem Zirkoniastein \u00e9kszer\u00fcnket. T\u00f6k\u00e9letes kieg\u00e9sz\u00edt\u0151 mindennapi viselethez \u00e9s k\u00fcl\u00f6nleges alkalmakra egyar\u00e1nt. Rendeld meg most!\" \/>\n<meta property=\"og:url\" content=\"https:\/\/dianasilver.com\/de\/termek\/silbernes-armband-mit-klarem-zirkoniastein\/\" \/>\n<meta property=\"og:site_name\" content=\"Diana Silver\" \/>\n<meta property=\"article:publisher\" content=\"https:\/\/www.facebook.com\/profile.php?id=100027231325117\" \/>\n<meta property=\"article:modified_time\" content=\"2026-04-14T23:41:12+00:00\" \/>\n<meta property=\"og:image\" content=\"https:\/\/dianasilver.com\/wp-content\/uploads\/2025\/07\/Ezust-attetszo-cirkonia-koves-karkoto-_1.jpg\" \/>\n\t<meta property=\"og:image:width\" content=\"1350\" \/>\n\t<meta property=\"og:image:height\" content=\"1800\" \/>\n\t<meta property=\"og:image:type\" content=\"image\/jpeg\" \/>\n<meta name=\"twitter:card\" content=\"summary_large_image\" \/>\n<meta name=\"twitter:label1\" content=\"Gesch\u00e4tzte Lesezeit\" \/>\n\t<meta name=\"twitter:data1\" content=\"1\u00a0Minute\" \/>\n<script type=\"application\/ld+json\" class=\"yoast-schema-graph\">{\"@context\":\"https:\\\/\\\/schema.org\",\"@graph\":[{\"@type\":\"WebPage\",\"@id\":\"https:\\\/\\\/dianasilver.com\\\/de\\\/termek\\\/silbernes-armband-mit-klarem-zirkoniastein\\\/\",\"url\":\"https:\\\/\\\/dianasilver.com\\\/de\\\/termek\\\/silbernes-armband-mit-klarem-zirkoniastein\\\/\",\"name\":\"Silbernes Armband mit klarem Zirkoniastein | Diana Silver\",\"isPartOf\":{\"@id\":\"https:\\\/\\\/dianasilver.com\\\/de\\\/#website\"},\"primaryImageOfPage\":{\"@id\":\"https:\\\/\\\/dianasilver.com\\\/de\\\/termek\\\/silbernes-armband-mit-klarem-zirkoniastein\\\/#primaryimage\"},\"image\":{\"@id\":\"https:\\\/\\\/dianasilver.com\\\/de\\\/termek\\\/silbernes-armband-mit-klarem-zirkoniastein\\\/#primaryimage\"},\"thumbnailUrl\":\"https:\\\/\\\/dianasilver.com\\\/wp-content\\\/uploads\\\/2025\\\/07\\\/Ezust-attetszo-cirkonia-koves-karkoto-_1.jpg\",\"datePublished\":\"2025-07-28T14:35:20+00:00\",\"dateModified\":\"2026-04-14T23:41:12+00:00\",\"description\":\"Fedezd fel a leny\u0171g\u00f6z\u0151 Silbernes Armband mit klarem Zirkoniastein \u00e9kszer\u00fcnket. T\u00f6k\u00e9letes kieg\u00e9sz\u00edt\u0151 mindennapi viselethez \u00e9s k\u00fcl\u00f6nleges alkalmakra egyar\u00e1nt. Rendeld meg most!\",\"breadcrumb\":{\"@id\":\"https:\\\/\\\/dianasilver.com\\\/de\\\/termek\\\/silbernes-armband-mit-klarem-zirkoniastein\\\/#breadcrumb\"},\"inLanguage\":\"de\",\"potentialAction\":[{\"@type\":\"ReadAction\",\"target\":[\"https:\\\/\\\/dianasilver.com\\\/de\\\/termek\\\/silbernes-armband-mit-klarem-zirkoniastein\\\/\"]}]},{\"@type\":\"ImageObject\",\"inLanguage\":\"de\",\"@id\":\"https:\\\/\\\/dianasilver.com\\\/de\\\/termek\\\/silbernes-armband-mit-klarem-zirkoniastein\\\/#primaryimage\",\"url\":\"https:\\\/\\\/dianasilver.com\\\/wp-content\\\/uploads\\\/2025\\\/07\\\/Ezust-attetszo-cirkonia-koves-karkoto-_1.jpg\",\"contentUrl\":\"https:\\\/\\\/dianasilver.com\\\/wp-content\\\/uploads\\\/2025\\\/07\\\/Ezust-attetszo-cirkonia-koves-karkoto-_1.jpg\",\"width\":1350,\"height\":1800},{\"@type\":\"BreadcrumbList\",\"@id\":\"https:\\\/\\\/dianasilver.com\\\/de\\\/termek\\\/silbernes-armband-mit-klarem-zirkoniastein\\\/#breadcrumb\",\"itemListElement\":[{\"@type\":\"ListItem\",\"position\":1,\"name\":\"Kezd\u0151lap\",\"item\":\"https:\\\/\\\/dianasilver.com\\\/de\\\/diana-silver-silberschmuck-webshop\\\/\"},{\"@type\":\"ListItem\",\"position\":2,\"name\":\"Shop\",\"item\":\"https:\\\/\\\/dianasilver.com\\\/de\\\/shop\\\/\"},{\"@type\":\"ListItem\",\"position\":3,\"name\":\"Silbernes Armband mit klarem Zirkoniastein\"}]},{\"@type\":\"WebSite\",\"@id\":\"https:\\\/\\\/dianasilver.com\\\/de\\\/#website\",\"url\":\"https:\\\/\\\/dianasilver.com\\\/de\\\/\",\"name\":\"Diana Silver\",\"description\":\"Tedd t\u00f6k\u00e9letesebb\u00e9 mindennapjaid a Diana Silver \u00e9kszereivel.\",\"publisher\":{\"@id\":\"https:\\\/\\\/dianasilver.com\\\/de\\\/#organization\"},\"alternateName\":\"Ez\u00fcst \u00c9kszer Web\u00e1ruh\u00e1z\",\"potentialAction\":[{\"@type\":\"SearchAction\",\"target\":{\"@type\":\"EntryPoint\",\"urlTemplate\":\"https:\\\/\\\/dianasilver.com\\\/de\\\/?s={search_term_string}\"},\"query-input\":{\"@type\":\"PropertyValueSpecification\",\"valueRequired\":true,\"valueName\":\"search_term_string\"}}],\"inLanguage\":\"de\"},{\"@type\":\"Organization\",\"@id\":\"https:\\\/\\\/dianasilver.com\\\/de\\\/#organization\",\"name\":\"Diana Silver\",\"url\":\"https:\\\/\\\/dianasilver.com\\\/de\\\/\",\"logo\":{\"@type\":\"ImageObject\",\"inLanguage\":\"de\",\"@id\":\"https:\\\/\\\/dianasilver.com\\\/de\\\/#\\\/schema\\\/logo\\\/image\\\/\",\"url\":\"https:\\\/\\\/dianasilver.com\\\/wp-content\\\/uploads\\\/2022\\\/08\\\/ezust-feher-1-koves-buttonos-stekkeres-fulbevalo-42.webp\",\"contentUrl\":\"https:\\\/\\\/dianasilver.com\\\/wp-content\\\/uploads\\\/2022\\\/08\\\/ezust-feher-1-koves-buttonos-stekkeres-fulbevalo-42.webp\",\"width\":300,\"height\":154,\"caption\":\"Diana Silver\"},\"image\":{\"@id\":\"https:\\\/\\\/dianasilver.com\\\/de\\\/#\\\/schema\\\/logo\\\/image\\\/\"},\"sameAs\":[\"https:\\\/\\\/www.facebook.com\\\/profile.php?id=100027231325117\"]}]}<\/script>\n<!-- \/ Yoast SEO plugin. -->","yoast_head_json":{"title":"Silbernes Armband mit klarem Zirkoniastein | Diana Silver","description":"Fedezd fel a leny\u0171g\u00f6z\u0151 Silbernes Armband mit klarem Zirkoniastein \u00e9kszer\u00fcnket. T\u00f6k\u00e9letes kieg\u00e9sz\u00edt\u0151 mindennapi viselethez \u00e9s k\u00fcl\u00f6nleges alkalmakra egyar\u00e1nt. Rendeld meg most!","robots":{"index":"index","follow":"follow","max-snippet":"max-snippet:-1","max-image-preview":"max-image-preview:large","max-video-preview":"max-video-preview:-1"},"canonical":"https:\/\/dianasilver.com\/de\/termek\/silbernes-armband-mit-klarem-zirkoniastein\/","og_locale":"de_DE","og_type":"article","og_title":"Silbernes Armband mit klarem Zirkoniastein | Diana Silver","og_description":"Fedezd fel a leny\u0171g\u00f6z\u0151 Silbernes Armband mit klarem Zirkoniastein \u00e9kszer\u00fcnket. T\u00f6k\u00e9letes kieg\u00e9sz\u00edt\u0151 mindennapi viselethez \u00e9s k\u00fcl\u00f6nleges alkalmakra egyar\u00e1nt. Rendeld meg most!","og_url":"https:\/\/dianasilver.com\/de\/termek\/silbernes-armband-mit-klarem-zirkoniastein\/","og_site_name":"Diana Silver","article_publisher":"https:\/\/www.facebook.com\/profile.php?id=100027231325117","article_modified_time":"2026-04-14T23:41:12+00:00","og_image":[{"width":1350,"height":1800,"url":"https:\/\/dianasilver.com\/wp-content\/uploads\/2025\/07\/Ezust-attetszo-cirkonia-koves-karkoto-_1.jpg","type":"image\/jpeg"}],"twitter_card":"summary_large_image","twitter_misc":{"Gesch\u00e4tzte Lesezeit":"1\u00a0Minute"},"schema":{"@context":"https:\/\/schema.org","@graph":[{"@type":"WebPage","@id":"https:\/\/dianasilver.com\/de\/termek\/silbernes-armband-mit-klarem-zirkoniastein\/","url":"https:\/\/dianasilver.com\/de\/termek\/silbernes-armband-mit-klarem-zirkoniastein\/","name":"Silbernes Armband mit klarem Zirkoniastein | Diana Silver","isPartOf":{"@id":"https:\/\/dianasilver.com\/de\/#website"},"primaryImageOfPage":{"@id":"https:\/\/dianasilver.com\/de\/termek\/silbernes-armband-mit-klarem-zirkoniastein\/#primaryimage"},"image":{"@id":"https:\/\/dianasilver.com\/de\/termek\/silbernes-armband-mit-klarem-zirkoniastein\/#primaryimage"},"thumbnailUrl":"https:\/\/dianasilver.com\/wp-content\/uploads\/2025\/07\/Ezust-attetszo-cirkonia-koves-karkoto-_1.jpg","datePublished":"2025-07-28T14:35:20+00:00","dateModified":"2026-04-14T23:41:12+00:00","description":"Fedezd fel a leny\u0171g\u00f6z\u0151 Silbernes Armband mit klarem Zirkoniastein \u00e9kszer\u00fcnket. T\u00f6k\u00e9letes kieg\u00e9sz\u00edt\u0151 mindennapi viselethez \u00e9s k\u00fcl\u00f6nleges alkalmakra egyar\u00e1nt. Rendeld meg most!","breadcrumb":{"@id":"https:\/\/dianasilver.com\/de\/termek\/silbernes-armband-mit-klarem-zirkoniastein\/#breadcrumb"},"inLanguage":"de","potentialAction":[{"@type":"ReadAction","target":["https:\/\/dianasilver.com\/de\/termek\/silbernes-armband-mit-klarem-zirkoniastein\/"]}]},{"@type":"ImageObject","inLanguage":"de","@id":"https:\/\/dianasilver.com\/de\/termek\/silbernes-armband-mit-klarem-zirkoniastein\/#primaryimage","url":"https:\/\/dianasilver.com\/wp-content\/uploads\/2025\/07\/Ezust-attetszo-cirkonia-koves-karkoto-_1.jpg","contentUrl":"https:\/\/dianasilver.com\/wp-content\/uploads\/2025\/07\/Ezust-attetszo-cirkonia-koves-karkoto-_1.jpg","width":1350,"height":1800},{"@type":"BreadcrumbList","@id":"https:\/\/dianasilver.com\/de\/termek\/silbernes-armband-mit-klarem-zirkoniastein\/#breadcrumb","itemListElement":[{"@type":"ListItem","position":1,"name":"Kezd\u0151lap","item":"https:\/\/dianasilver.com\/de\/diana-silver-silberschmuck-webshop\/"},{"@type":"ListItem","position":2,"name":"Shop","item":"https:\/\/dianasilver.com\/de\/shop\/"},{"@type":"ListItem","position":3,"name":"Silbernes Armband mit klarem Zirkoniastein"}]},{"@type":"WebSite","@id":"https:\/\/dianasilver.com\/de\/#website","url":"https:\/\/dianasilver.com\/de\/","name":"Diana Silver","description":"Tedd t\u00f6k\u00e9letesebb\u00e9 mindennapjaid a Diana Silver \u00e9kszereivel.","publisher":{"@id":"https:\/\/dianasilver.com\/de\/#organization"},"alternateName":"Ez\u00fcst \u00c9kszer Web\u00e1ruh\u00e1z","potentialAction":[{"@type":"SearchAction","target":{"@type":"EntryPoint","urlTemplate":"https:\/\/dianasilver.com\/de\/?s={search_term_string}"},"query-input":{"@type":"PropertyValueSpecification","valueRequired":true,"valueName":"search_term_string"}}],"inLanguage":"de"},{"@type":"Organization","@id":"https:\/\/dianasilver.com\/de\/#organization","name":"Diana Silver","url":"https:\/\/dianasilver.com\/de\/","logo":{"@type":"ImageObject","inLanguage":"de","@id":"https:\/\/dianasilver.com\/de\/#\/schema\/logo\/image\/","url":"https:\/\/dianasilver.com\/wp-content\/uploads\/2022\/08\/ezust-feher-1-koves-buttonos-stekkeres-fulbevalo-42.webp","contentUrl":"https:\/\/dianasilver.com\/wp-content\/uploads\/2022\/08\/ezust-feher-1-koves-buttonos-stekkeres-fulbevalo-42.webp","width":300,"height":154,"caption":"Diana Silver"},"image":{"@id":"https:\/\/dianasilver.com\/de\/#\/schema\/logo\/image\/"},"sameAs":["https:\/\/www.facebook.com\/profile.php?id=100027231325117"]}]}},"_links":{"self":[{"href":"https:\/\/dianasilver.com\/de\/wp-json\/wp\/v2\/product\/112399","targetHints":{"allow":["GET"]}}],"collection":[{"href":"https:\/\/dianasilver.com\/de\/wp-json\/wp\/v2\/product"}],"about":[{"href":"https:\/\/dianasilver.com\/de\/wp-json\/wp\/v2\/types\/product"}],"version-history":[{"count":0,"href":"https:\/\/dianasilver.com\/de\/wp-json\/wp\/v2\/product\/112399\/revisions"}],"wp:featuredmedia":[{"embeddable":true,"href":"https:\/\/dianasilver.com\/de\/wp-json\/wp\/v2\/media\/107059"}],"wp:attachment":[{"href":"https:\/\/dianasilver.com\/de\/wp-json\/wp\/v2\/media?parent=112399"}],"wp:term":[{"taxonomy":"product_brand","embeddable":true,"href":"https:\/\/dianasilver.com\/de\/wp-json\/wp\/v2\/product_brand?post=112399"},{"taxonomy":"product_cat","embeddable":true,"href":"https:\/\/dianasilver.com\/de\/wp-json\/wp\/v2\/product_cat?post=112399"},{"taxonomy":"product_tag","embeddable":true,"href":"https:\/\/dianasilver.com\/de\/wp-json\/wp\/v2\/product_tag?post=112399"}],"curies":[{"name":"wp","href":"https:\/\/api.w.org\/{rel}","templated":true}]}}