{"id":112389,"date":"2025-03-05T20:45:14","date_gmt":"2025-03-05T19:45:14","guid":{"rendered":"https:\/\/dianasilver.hu\/termek\/ovale-fantasie-mit-weissem-steinchen-im-chevron-set\/"},"modified":"2026-01-16T17:17:56","modified_gmt":"2026-01-16T16:17:56","slug":"ovale-fantasie-mit-weissem-steinchen-im-chevron-set","status":"publish","type":"product","link":"https:\/\/dianasilver.com\/de\/termek\/ovale-fantasie-mit-weissem-steinchen-im-chevron-set\/","title":{"rendered":"Ovale Fantasie mit wei\u00dfem Steinchen im Chevron-Set"},"content":{"rendered":"<h2 data-start=\"0\" data-end=\"88\"><strong data-start=\"3\" data-end=\"86\">Oval Fantasy mit wei\u00dfem Steinbesatz &#8211; Eleganz und Glamour f\u00fcr jeden Moment<\/strong><\/h2>\n<p data-start=\"90\" data-end=\"435\">Dieses <strong data-start=\"95\" data-end=\"120\">atemberaubende Schmuckset<\/strong> kombiniert die Schlichtheit ovaler Formen mit der Brillanz wei\u00dfer Steine. <strong data-start=\"190\" data-end=\"236\">Hergestellt aus 925er Sterlingsilber mit einer Rhodiumbeschichtung<\/strong>, die den Glanz bewahrt und vor Anlaufen sch\u00fctzt. Die <strong data-start=\"310\" data-end=\"337\">klassische ovale Form<\/strong> unterstreicht die Eleganz des Schmucks, w\u00e4hrend das subtile Funkeln der Steine ihm einen exklusiven Look verleiht.<\/p>\n<p data-start=\"437\" data-end=\"477\">\u2728 <strong data-start=\"439\" data-end=\"475\">Was symbolisiert die ovale Form?<\/strong><\/p>\n<ul data-start=\"478\" data-end=\"736\">\n<li data-start=\"478\" data-end=\"575\"><strong data-start=\"480\" data-end=\"519\">Ein Symbol f\u00fcr Harmonie und Raffinesse<\/strong> &#8211; Die ovale Form ist klar und doch auff\u00e4llig.<\/li>\n<li data-start=\"576\" data-end=\"661\"><strong data-start=\"578\" data-end=\"601\">Perfektes Gleichgewicht<\/strong> &#8211; Ein Treffen von zeitloser Eleganz und modernem Glamour.<\/li>\n<li data-start=\"662\" data-end=\"736\"><strong data-start=\"664\" data-end=\"688\">Femininit\u00e4t und Zartheit<\/strong> &#8211; Weiche Linien unterstreichen die Individualit\u00e4t der Tr\u00e4gerin.<\/li>\n<\/ul>\n<p data-start=\"738\" data-end=\"782\">\ud83d\udc96 <strong data-start=\"741\" data-end=\"780\">Warum sollten Sie sich f\u00fcr dieses Schmuckset entscheiden?<\/strong><\/p>\n<ul data-start=\"783\" data-end=\"1147\">\n<li data-start=\"783\" data-end=\"869\"><strong data-start=\"785\" data-end=\"804\">Premiumqualit\u00e4t<\/strong> &#8211; <strong data-start=\"807\" data-end=\"842\">AG 925 Silber mit Rhodiumbeschichtung<\/strong> f\u00fcr lang anhaltenden Glanz.<\/li>\n<li data-start=\"870\" data-end=\"970\"><strong data-start=\"872\" data-end=\"899\">Klare ovale Form<\/strong> &#8211; Elegantes und anspruchsvolles Design, perfekt f\u00fcr jede Gelegenheit.<\/li>\n<li data-start=\"971\" data-end=\"1061\"><strong data-start=\"973\" data-end=\"1010\">Klassisches Glitzern von wei\u00dfem Stein<\/strong> &#8211; unaufdringlicher und doch fesselnder Look.<\/li>\n<li data-start=\"1062\" data-end=\"1147\"><strong data-start=\"1064\" data-end=\"1080\">Komplettset<\/strong> &#8211; F\u00fcr perfekte Harmonie mit Halskette, Ohrringen und Ring.<\/li>\n<\/ul>\n<p data-start=\"1149\" data-end=\"1312\">\ud83c\udf81 <strong data-start=\"1152\" data-end=\"1196\">Das perfekte Geschenk f\u00fcr besondere Anl\u00e4sse!<\/strong><br data-start=\"1196\" data-end=\"1199\">Dieses <strong data-start=\"1204\" data-end=\"1229\">atemberaubende Schmuckset<\/strong> ist eine gro\u00dfartige Wahl f\u00fcr Urlaube, Hochzeiten oder auch den allt\u00e4glichen Schick.<\/p>\n<p data-start=\"1314\" data-end=\"1402\">\ud83d\udcab B <strong data-start=\"1317\" data-end=\"1398\">ringen Sie Ihre Sch\u00f6nheit zur Geltung mit diesem schimmernden Schmuckset mit ovalen Steinen!<\/strong> \u2728<\/p>\n","protected":false},"excerpt":{"rendered":"<p>\ud83d\udc8e <strong data-start=\"1436\" data-end=\"1476\">Oval Fantasy White Stone Jewellery Set<\/strong> &#8211; Eine raffinierte ovale Form und eine elegante Kombination aus funkelnden wei\u00dfen Steinen, die Ihre Weiblichkeit perfekt betonen. \u2728<\/p>\n","protected":false},"featured_media":102496,"template":"","meta":{"_acf_changed":false},"product_brand":[],"product_cat":[526],"product_tag":[527],"class_list":{"0":"post-112389","1":"product","2":"type-product","3":"status-publish","4":"has-post-thumbnail","6":"product_cat-silberschmuck-set","7":"product_tag-silberschmuck-fur-damen","8":"description-off","10":"first","11":"instock","12":"taxable","13":"shipping-taxable","14":"purchasable","15":"product-type-simple"},"acf":[],"yoast_head":"<!-- This site is optimized with the Yoast SEO plugin v27.4 - https:\/\/yoast.com\/product\/yoast-seo-wordpress\/ -->\n<title>Ovale Fantasie mit wei\u00dfem Steinchen im Chevron-Set | Diana Silver<\/title>\n<meta name=\"description\" content=\"Fedezd fel a leny\u0171g\u00f6z\u0151 Ovale Fantasie mit wei\u00dfem Steinchen im Chevron-Set \u00e9kszer\u00fcnket. T\u00f6k\u00e9letes kieg\u00e9sz\u00edt\u0151 mindennapi viselethez \u00e9s k\u00fcl\u00f6nleges alkalmakra egyar\u00e1nt. Rendeld meg most!\" \/>\n<meta name=\"robots\" content=\"index, follow, max-snippet:-1, max-image-preview:large, max-video-preview:-1\" \/>\n<link rel=\"canonical\" href=\"https:\/\/dianasilver.com\/de\/termek\/ovale-fantasie-mit-weissem-steinchen-im-chevron-set\/\" \/>\n<meta property=\"og:locale\" content=\"de_DE\" \/>\n<meta property=\"og:type\" content=\"article\" \/>\n<meta property=\"og:title\" content=\"Ovale Fantasie mit wei\u00dfem Steinchen im Chevron-Set | Diana Silver\" \/>\n<meta property=\"og:description\" content=\"Fedezd fel a leny\u0171g\u00f6z\u0151 Ovale Fantasie mit wei\u00dfem Steinchen im Chevron-Set \u00e9kszer\u00fcnket. T\u00f6k\u00e9letes kieg\u00e9sz\u00edt\u0151 mindennapi viselethez \u00e9s k\u00fcl\u00f6nleges alkalmakra egyar\u00e1nt. Rendeld meg most!\" \/>\n<meta property=\"og:url\" content=\"https:\/\/dianasilver.com\/de\/termek\/ovale-fantasie-mit-weissem-steinchen-im-chevron-set\/\" \/>\n<meta property=\"og:site_name\" content=\"Diana Silver\" \/>\n<meta property=\"article:publisher\" content=\"https:\/\/www.facebook.com\/profile.php?id=100027231325117\" \/>\n<meta property=\"article:modified_time\" content=\"2026-01-16T16:17:56+00:00\" \/>\n<meta property=\"og:image\" content=\"https:\/\/dianasilver.com\/wp-content\/uploads\/2025\/03\/oval-fantasy-feher-koves-ekszerszett-102494.jpg\" \/>\n\t<meta property=\"og:image:width\" content=\"800\" \/>\n\t<meta property=\"og:image:height\" content=\"800\" \/>\n\t<meta property=\"og:image:type\" content=\"image\/jpeg\" \/>\n<meta name=\"twitter:card\" content=\"summary_large_image\" \/>\n<meta name=\"twitter:label1\" content=\"Gesch\u00e4tzte Lesezeit\" \/>\n\t<meta name=\"twitter:data1\" content=\"1\u00a0Minute\" \/>\n<script type=\"application\/ld+json\" class=\"yoast-schema-graph\">{\"@context\":\"https:\\\/\\\/schema.org\",\"@graph\":[{\"@type\":\"WebPage\",\"@id\":\"https:\\\/\\\/dianasilver.com\\\/de\\\/termek\\\/ovale-fantasie-mit-weissem-steinchen-im-chevron-set\\\/\",\"url\":\"https:\\\/\\\/dianasilver.com\\\/de\\\/termek\\\/ovale-fantasie-mit-weissem-steinchen-im-chevron-set\\\/\",\"name\":\"Ovale Fantasie mit wei\u00dfem Steinchen im Chevron-Set | Diana Silver\",\"isPartOf\":{\"@id\":\"https:\\\/\\\/dianasilver.com\\\/de\\\/#website\"},\"primaryImageOfPage\":{\"@id\":\"https:\\\/\\\/dianasilver.com\\\/de\\\/termek\\\/ovale-fantasie-mit-weissem-steinchen-im-chevron-set\\\/#primaryimage\"},\"image\":{\"@id\":\"https:\\\/\\\/dianasilver.com\\\/de\\\/termek\\\/ovale-fantasie-mit-weissem-steinchen-im-chevron-set\\\/#primaryimage\"},\"thumbnailUrl\":\"https:\\\/\\\/dianasilver.com\\\/wp-content\\\/uploads\\\/2025\\\/03\\\/oval-fantasy-feher-koves-ekszerszett-102494.jpg\",\"datePublished\":\"2025-03-05T19:45:14+00:00\",\"dateModified\":\"2026-01-16T16:17:56+00:00\",\"description\":\"Fedezd fel a leny\u0171g\u00f6z\u0151 Ovale Fantasie mit wei\u00dfem Steinchen im Chevron-Set \u00e9kszer\u00fcnket. T\u00f6k\u00e9letes kieg\u00e9sz\u00edt\u0151 mindennapi viselethez \u00e9s k\u00fcl\u00f6nleges alkalmakra egyar\u00e1nt. Rendeld meg most!\",\"breadcrumb\":{\"@id\":\"https:\\\/\\\/dianasilver.com\\\/de\\\/termek\\\/ovale-fantasie-mit-weissem-steinchen-im-chevron-set\\\/#breadcrumb\"},\"inLanguage\":\"de\",\"potentialAction\":[{\"@type\":\"ReadAction\",\"target\":[\"https:\\\/\\\/dianasilver.com\\\/de\\\/termek\\\/ovale-fantasie-mit-weissem-steinchen-im-chevron-set\\\/\"]}]},{\"@type\":\"ImageObject\",\"inLanguage\":\"de\",\"@id\":\"https:\\\/\\\/dianasilver.com\\\/de\\\/termek\\\/ovale-fantasie-mit-weissem-steinchen-im-chevron-set\\\/#primaryimage\",\"url\":\"https:\\\/\\\/dianasilver.com\\\/wp-content\\\/uploads\\\/2025\\\/03\\\/oval-fantasy-feher-koves-ekszerszett-102494.jpg\",\"contentUrl\":\"https:\\\/\\\/dianasilver.com\\\/wp-content\\\/uploads\\\/2025\\\/03\\\/oval-fantasy-feher-koves-ekszerszett-102494.jpg\",\"width\":800,\"height\":800},{\"@type\":\"BreadcrumbList\",\"@id\":\"https:\\\/\\\/dianasilver.com\\\/de\\\/termek\\\/ovale-fantasie-mit-weissem-steinchen-im-chevron-set\\\/#breadcrumb\",\"itemListElement\":[{\"@type\":\"ListItem\",\"position\":1,\"name\":\"Kezd\u0151lap\",\"item\":\"https:\\\/\\\/dianasilver.com\\\/de\\\/diana-silver-silberschmuck-webshop\\\/\"},{\"@type\":\"ListItem\",\"position\":2,\"name\":\"Shop\",\"item\":\"https:\\\/\\\/dianasilver.com\\\/de\\\/shop\\\/\"},{\"@type\":\"ListItem\",\"position\":3,\"name\":\"Ovale Fantasie mit wei\u00dfem Steinchen im Chevron-Set\"}]},{\"@type\":\"WebSite\",\"@id\":\"https:\\\/\\\/dianasilver.com\\\/de\\\/#website\",\"url\":\"https:\\\/\\\/dianasilver.com\\\/de\\\/\",\"name\":\"Diana Silver\",\"description\":\"Tedd t\u00f6k\u00e9letesebb\u00e9 mindennapjaid a Diana Silver \u00e9kszereivel.\",\"publisher\":{\"@id\":\"https:\\\/\\\/dianasilver.com\\\/de\\\/#organization\"},\"alternateName\":\"Ez\u00fcst \u00c9kszer Web\u00e1ruh\u00e1z\",\"potentialAction\":[{\"@type\":\"SearchAction\",\"target\":{\"@type\":\"EntryPoint\",\"urlTemplate\":\"https:\\\/\\\/dianasilver.com\\\/de\\\/?s={search_term_string}\"},\"query-input\":{\"@type\":\"PropertyValueSpecification\",\"valueRequired\":true,\"valueName\":\"search_term_string\"}}],\"inLanguage\":\"de\"},{\"@type\":\"Organization\",\"@id\":\"https:\\\/\\\/dianasilver.com\\\/de\\\/#organization\",\"name\":\"Diana Silver\",\"url\":\"https:\\\/\\\/dianasilver.com\\\/de\\\/\",\"logo\":{\"@type\":\"ImageObject\",\"inLanguage\":\"de\",\"@id\":\"https:\\\/\\\/dianasilver.com\\\/de\\\/#\\\/schema\\\/logo\\\/image\\\/\",\"url\":\"https:\\\/\\\/dianasilver.com\\\/wp-content\\\/uploads\\\/2022\\\/08\\\/ezust-feher-1-koves-buttonos-stekkeres-fulbevalo-42.webp\",\"contentUrl\":\"https:\\\/\\\/dianasilver.com\\\/wp-content\\\/uploads\\\/2022\\\/08\\\/ezust-feher-1-koves-buttonos-stekkeres-fulbevalo-42.webp\",\"width\":300,\"height\":154,\"caption\":\"Diana Silver\"},\"image\":{\"@id\":\"https:\\\/\\\/dianasilver.com\\\/de\\\/#\\\/schema\\\/logo\\\/image\\\/\"},\"sameAs\":[\"https:\\\/\\\/www.facebook.com\\\/profile.php?id=100027231325117\"]}]}<\/script>\n<!-- \/ Yoast SEO plugin. -->","yoast_head_json":{"title":"Ovale Fantasie mit wei\u00dfem Steinchen im Chevron-Set | Diana Silver","description":"Fedezd fel a leny\u0171g\u00f6z\u0151 Ovale Fantasie mit wei\u00dfem Steinchen im Chevron-Set \u00e9kszer\u00fcnket. T\u00f6k\u00e9letes kieg\u00e9sz\u00edt\u0151 mindennapi viselethez \u00e9s k\u00fcl\u00f6nleges alkalmakra egyar\u00e1nt. Rendeld meg most!","robots":{"index":"index","follow":"follow","max-snippet":"max-snippet:-1","max-image-preview":"max-image-preview:large","max-video-preview":"max-video-preview:-1"},"canonical":"https:\/\/dianasilver.com\/de\/termek\/ovale-fantasie-mit-weissem-steinchen-im-chevron-set\/","og_locale":"de_DE","og_type":"article","og_title":"Ovale Fantasie mit wei\u00dfem Steinchen im Chevron-Set | Diana Silver","og_description":"Fedezd fel a leny\u0171g\u00f6z\u0151 Ovale Fantasie mit wei\u00dfem Steinchen im Chevron-Set \u00e9kszer\u00fcnket. T\u00f6k\u00e9letes kieg\u00e9sz\u00edt\u0151 mindennapi viselethez \u00e9s k\u00fcl\u00f6nleges alkalmakra egyar\u00e1nt. Rendeld meg most!","og_url":"https:\/\/dianasilver.com\/de\/termek\/ovale-fantasie-mit-weissem-steinchen-im-chevron-set\/","og_site_name":"Diana Silver","article_publisher":"https:\/\/www.facebook.com\/profile.php?id=100027231325117","article_modified_time":"2026-01-16T16:17:56+00:00","og_image":[{"width":800,"height":800,"url":"https:\/\/dianasilver.com\/wp-content\/uploads\/2025\/03\/oval-fantasy-feher-koves-ekszerszett-102494.jpg","type":"image\/jpeg"}],"twitter_card":"summary_large_image","twitter_misc":{"Gesch\u00e4tzte Lesezeit":"1\u00a0Minute"},"schema":{"@context":"https:\/\/schema.org","@graph":[{"@type":"WebPage","@id":"https:\/\/dianasilver.com\/de\/termek\/ovale-fantasie-mit-weissem-steinchen-im-chevron-set\/","url":"https:\/\/dianasilver.com\/de\/termek\/ovale-fantasie-mit-weissem-steinchen-im-chevron-set\/","name":"Ovale Fantasie mit wei\u00dfem Steinchen im Chevron-Set | Diana Silver","isPartOf":{"@id":"https:\/\/dianasilver.com\/de\/#website"},"primaryImageOfPage":{"@id":"https:\/\/dianasilver.com\/de\/termek\/ovale-fantasie-mit-weissem-steinchen-im-chevron-set\/#primaryimage"},"image":{"@id":"https:\/\/dianasilver.com\/de\/termek\/ovale-fantasie-mit-weissem-steinchen-im-chevron-set\/#primaryimage"},"thumbnailUrl":"https:\/\/dianasilver.com\/wp-content\/uploads\/2025\/03\/oval-fantasy-feher-koves-ekszerszett-102494.jpg","datePublished":"2025-03-05T19:45:14+00:00","dateModified":"2026-01-16T16:17:56+00:00","description":"Fedezd fel a leny\u0171g\u00f6z\u0151 Ovale Fantasie mit wei\u00dfem Steinchen im Chevron-Set \u00e9kszer\u00fcnket. T\u00f6k\u00e9letes kieg\u00e9sz\u00edt\u0151 mindennapi viselethez \u00e9s k\u00fcl\u00f6nleges alkalmakra egyar\u00e1nt. Rendeld meg most!","breadcrumb":{"@id":"https:\/\/dianasilver.com\/de\/termek\/ovale-fantasie-mit-weissem-steinchen-im-chevron-set\/#breadcrumb"},"inLanguage":"de","potentialAction":[{"@type":"ReadAction","target":["https:\/\/dianasilver.com\/de\/termek\/ovale-fantasie-mit-weissem-steinchen-im-chevron-set\/"]}]},{"@type":"ImageObject","inLanguage":"de","@id":"https:\/\/dianasilver.com\/de\/termek\/ovale-fantasie-mit-weissem-steinchen-im-chevron-set\/#primaryimage","url":"https:\/\/dianasilver.com\/wp-content\/uploads\/2025\/03\/oval-fantasy-feher-koves-ekszerszett-102494.jpg","contentUrl":"https:\/\/dianasilver.com\/wp-content\/uploads\/2025\/03\/oval-fantasy-feher-koves-ekszerszett-102494.jpg","width":800,"height":800},{"@type":"BreadcrumbList","@id":"https:\/\/dianasilver.com\/de\/termek\/ovale-fantasie-mit-weissem-steinchen-im-chevron-set\/#breadcrumb","itemListElement":[{"@type":"ListItem","position":1,"name":"Kezd\u0151lap","item":"https:\/\/dianasilver.com\/de\/diana-silver-silberschmuck-webshop\/"},{"@type":"ListItem","position":2,"name":"Shop","item":"https:\/\/dianasilver.com\/de\/shop\/"},{"@type":"ListItem","position":3,"name":"Ovale Fantasie mit wei\u00dfem Steinchen im Chevron-Set"}]},{"@type":"WebSite","@id":"https:\/\/dianasilver.com\/de\/#website","url":"https:\/\/dianasilver.com\/de\/","name":"Diana Silver","description":"Tedd t\u00f6k\u00e9letesebb\u00e9 mindennapjaid a Diana Silver \u00e9kszereivel.","publisher":{"@id":"https:\/\/dianasilver.com\/de\/#organization"},"alternateName":"Ez\u00fcst \u00c9kszer Web\u00e1ruh\u00e1z","potentialAction":[{"@type":"SearchAction","target":{"@type":"EntryPoint","urlTemplate":"https:\/\/dianasilver.com\/de\/?s={search_term_string}"},"query-input":{"@type":"PropertyValueSpecification","valueRequired":true,"valueName":"search_term_string"}}],"inLanguage":"de"},{"@type":"Organization","@id":"https:\/\/dianasilver.com\/de\/#organization","name":"Diana Silver","url":"https:\/\/dianasilver.com\/de\/","logo":{"@type":"ImageObject","inLanguage":"de","@id":"https:\/\/dianasilver.com\/de\/#\/schema\/logo\/image\/","url":"https:\/\/dianasilver.com\/wp-content\/uploads\/2022\/08\/ezust-feher-1-koves-buttonos-stekkeres-fulbevalo-42.webp","contentUrl":"https:\/\/dianasilver.com\/wp-content\/uploads\/2022\/08\/ezust-feher-1-koves-buttonos-stekkeres-fulbevalo-42.webp","width":300,"height":154,"caption":"Diana Silver"},"image":{"@id":"https:\/\/dianasilver.com\/de\/#\/schema\/logo\/image\/"},"sameAs":["https:\/\/www.facebook.com\/profile.php?id=100027231325117"]}]}},"_links":{"self":[{"href":"https:\/\/dianasilver.com\/de\/wp-json\/wp\/v2\/product\/112389","targetHints":{"allow":["GET"]}}],"collection":[{"href":"https:\/\/dianasilver.com\/de\/wp-json\/wp\/v2\/product"}],"about":[{"href":"https:\/\/dianasilver.com\/de\/wp-json\/wp\/v2\/types\/product"}],"version-history":[{"count":0,"href":"https:\/\/dianasilver.com\/de\/wp-json\/wp\/v2\/product\/112389\/revisions"}],"wp:featuredmedia":[{"embeddable":true,"href":"https:\/\/dianasilver.com\/de\/wp-json\/wp\/v2\/media\/102496"}],"wp:attachment":[{"href":"https:\/\/dianasilver.com\/de\/wp-json\/wp\/v2\/media?parent=112389"}],"wp:term":[{"taxonomy":"product_brand","embeddable":true,"href":"https:\/\/dianasilver.com\/de\/wp-json\/wp\/v2\/product_brand?post=112389"},{"taxonomy":"product_cat","embeddable":true,"href":"https:\/\/dianasilver.com\/de\/wp-json\/wp\/v2\/product_cat?post=112389"},{"taxonomy":"product_tag","embeddable":true,"href":"https:\/\/dianasilver.com\/de\/wp-json\/wp\/v2\/product_tag?post=112389"}],"curies":[{"name":"wp","href":"https:\/\/api.w.org\/{rel}","templated":true}]}}