{"id":112358,"date":"2022-10-24T11:07:09","date_gmt":"2022-10-24T09:07:09","guid":{"rendered":"https:\/\/dianasilver.hu\/termek\/silberner-stekkerhund-mit-weissem-stein-besetzt\/"},"modified":"2026-01-16T17:19:10","modified_gmt":"2026-01-16T16:19:10","slug":"silberner-stekkerhund-mit-weissem-stein-besetzt","status":"publish","type":"product","link":"https:\/\/dianasilver.com\/de\/termek\/silberner-stekkerhund-mit-weissem-stein-besetzt\/","title":{"rendered":"Silberner Stekkerhund mit wei\u00dfem Stein besetzt"},"content":{"rendered":"<p><strong>Zeigen Sie Ihre Liebe mit den silbernen Ohrsteckern f\u00fcr Hunde mit wei\u00dfem Stein!<\/strong><br \/>\nDiese eleganten und charmanten Ohrringe sind nicht nur ein Schmuckst\u00fcck, sondern auch ein Symbol f\u00fcr Ihre Liebe zu Hunden und Ihre Treue. Das sorgf\u00e4ltig gearbeitete Hundemotiv und der schimmernde wei\u00dfe Stein sorgen f\u00fcr einen eleganten und doch verspielten Look.<\/p>\n<p><strong>Warum sollten Sie sich f\u00fcr diesen Hundeohrring entscheiden?<\/strong><\/p>\n<ul>\n<li><strong>Hochwertige Materialien:<\/strong> Diese Hundeohrringe sind <strong>aus 925er Sterlingsilber<\/strong> gefertigt, das <strong>durch eine Rhodiumbeschichtung<\/strong> vor Abnutzung gesch\u00fctzt ist, so dass sie lange gl\u00e4nzend bleiben.<\/li>\n<li><strong>Hundedesign:<\/strong> Das Hundemotiv auf den Ohrringen ist das perfekte Geschenk f\u00fcr jeden Hundeliebhaber.<\/li>\n<li><strong>Funkelnder wei\u00dfer Stein:<\/strong> Der winzige, gl\u00e4nzende wei\u00dfe Stein verleiht dem Schmuckst\u00fcck Eleganz und unterstreicht gleichzeitig seine Einzigartigkeit.<\/li>\n<li><strong>Stekkeres Design:<\/strong> leicht und angenehm zu tragen, das den ganzen Tag \u00fcber fest an seinem Platz bleibt.<\/li>\n<\/ul>\n<p><strong>Geschenkidee f\u00fcr Hundeliebhaber!<\/strong><br \/>\nDieser Schmuck ist das ideale Geschenk f\u00fcr jeden Anlass, sei es ein Geburtstag, ein Jahrestag oder einfach eine \u00dcberraschung, die von Herzen kommt. \u00dcberraschen Sie Ihre Lieben damit, oder sich selbst, wenn Sie besondere Accessoires m\u00f6gen. \ud83c\udf81\ud83d\udc3e<\/p>\n<p><strong>Bestellen Sie jetzt die silbernen Hunde-Ohrringe und stylen Sie Ihren Look mit einem Symbol der Liebe f\u00fcr Hunde!<\/strong> \u2728<\/p>\n","protected":false},"excerpt":{"rendered":"<p><strong>Silberne Ohrstecker f\u00fcr Hunde mit wei\u00dfem Stein &#8211; ein Favorit f\u00fcr Hundeliebhaber!<\/strong><br \/>\nDieses wunderbare Schmuckst\u00fcck ist die perfekte Wahl, wenn Sie nach einem einzigartigen, stilvollen Accessoire suchen, das Ihre Liebe zu Hunden symbolisiert. \ud83d\udc3e\u2728<\/p>\n","protected":false},"featured_media":102096,"template":"","meta":{"_acf_changed":false},"product_brand":[],"product_cat":[526],"product_tag":[527,650,628],"class_list":{"0":"post-112358","1":"product","2":"type-product","3":"status-publish","4":"has-post-thumbnail","6":"product_cat-silberschmuck-set","7":"product_tag-silberschmuck-fur-damen","8":"product_tag-kinder-silberschmuck","9":"product_tag-tiermotiv","10":"description-off","12":"first","13":"instock","14":"taxable","15":"shipping-taxable","16":"purchasable","17":"product-type-simple"},"acf":[],"yoast_head":"<!-- This site is optimized with the Yoast SEO plugin v27.4 - https:\/\/yoast.com\/product\/yoast-seo-wordpress\/ -->\n<title>Silberner Stekkerhund mit wei\u00dfem Stein besetzt | Diana Silver<\/title>\n<meta name=\"description\" content=\"Fedezd fel a leny\u0171g\u00f6z\u0151 Silberner Stekkerhund mit wei\u00dfem Stein besetzt \u00e9kszer\u00fcnket. T\u00f6k\u00e9letes kieg\u00e9sz\u00edt\u0151 mindennapi viselethez \u00e9s k\u00fcl\u00f6nleges alkalmakra egyar\u00e1nt. Rendeld meg most!\" \/>\n<meta name=\"robots\" content=\"index, follow, max-snippet:-1, max-image-preview:large, max-video-preview:-1\" \/>\n<link rel=\"canonical\" href=\"https:\/\/dianasilver.com\/de\/termek\/silberner-stekkerhund-mit-weissem-stein-besetzt\/\" \/>\n<meta property=\"og:locale\" content=\"de_DE\" \/>\n<meta property=\"og:type\" content=\"article\" \/>\n<meta property=\"og:title\" content=\"Silberner Stekkerhund mit wei\u00dfem Stein besetzt | Diana Silver\" \/>\n<meta property=\"og:description\" content=\"Fedezd fel a leny\u0171g\u00f6z\u0151 Silberner Stekkerhund mit wei\u00dfem Stein besetzt \u00e9kszer\u00fcnket. T\u00f6k\u00e9letes kieg\u00e9sz\u00edt\u0151 mindennapi viselethez \u00e9s k\u00fcl\u00f6nleges alkalmakra egyar\u00e1nt. Rendeld meg most!\" \/>\n<meta property=\"og:url\" content=\"https:\/\/dianasilver.com\/de\/termek\/silberner-stekkerhund-mit-weissem-stein-besetzt\/\" \/>\n<meta property=\"og:site_name\" content=\"Diana Silver\" \/>\n<meta property=\"article:publisher\" content=\"https:\/\/www.facebook.com\/profile.php?id=100027231325117\" \/>\n<meta property=\"article:modified_time\" content=\"2026-01-16T16:19:10+00:00\" \/>\n<meta property=\"og:image\" content=\"https:\/\/dianasilver.com\/wp-content\/uploads\/2022\/10\/ezust-stekkeres-kutyas-szett-feher-kovel-102094.jpg\" \/>\n\t<meta property=\"og:image:width\" content=\"800\" \/>\n\t<meta property=\"og:image:height\" content=\"800\" \/>\n\t<meta property=\"og:image:type\" content=\"image\/jpeg\" \/>\n<meta name=\"twitter:card\" content=\"summary_large_image\" \/>\n<meta name=\"twitter:label1\" content=\"Gesch\u00e4tzte Lesezeit\" \/>\n\t<meta name=\"twitter:data1\" content=\"1\u00a0Minute\" \/>\n<script type=\"application\/ld+json\" class=\"yoast-schema-graph\">{\"@context\":\"https:\\\/\\\/schema.org\",\"@graph\":[{\"@type\":\"WebPage\",\"@id\":\"https:\\\/\\\/dianasilver.com\\\/de\\\/termek\\\/silberner-stekkerhund-mit-weissem-stein-besetzt\\\/\",\"url\":\"https:\\\/\\\/dianasilver.com\\\/de\\\/termek\\\/silberner-stekkerhund-mit-weissem-stein-besetzt\\\/\",\"name\":\"Silberner Stekkerhund mit wei\u00dfem Stein besetzt | Diana Silver\",\"isPartOf\":{\"@id\":\"https:\\\/\\\/dianasilver.com\\\/de\\\/#website\"},\"primaryImageOfPage\":{\"@id\":\"https:\\\/\\\/dianasilver.com\\\/de\\\/termek\\\/silberner-stekkerhund-mit-weissem-stein-besetzt\\\/#primaryimage\"},\"image\":{\"@id\":\"https:\\\/\\\/dianasilver.com\\\/de\\\/termek\\\/silberner-stekkerhund-mit-weissem-stein-besetzt\\\/#primaryimage\"},\"thumbnailUrl\":\"https:\\\/\\\/dianasilver.com\\\/wp-content\\\/uploads\\\/2022\\\/10\\\/ezust-stekkeres-kutyas-szett-feher-kovel-102094.jpg\",\"datePublished\":\"2022-10-24T09:07:09+00:00\",\"dateModified\":\"2026-01-16T16:19:10+00:00\",\"description\":\"Fedezd fel a leny\u0171g\u00f6z\u0151 Silberner Stekkerhund mit wei\u00dfem Stein besetzt \u00e9kszer\u00fcnket. T\u00f6k\u00e9letes kieg\u00e9sz\u00edt\u0151 mindennapi viselethez \u00e9s k\u00fcl\u00f6nleges alkalmakra egyar\u00e1nt. Rendeld meg most!\",\"breadcrumb\":{\"@id\":\"https:\\\/\\\/dianasilver.com\\\/de\\\/termek\\\/silberner-stekkerhund-mit-weissem-stein-besetzt\\\/#breadcrumb\"},\"inLanguage\":\"de\",\"potentialAction\":[{\"@type\":\"ReadAction\",\"target\":[\"https:\\\/\\\/dianasilver.com\\\/de\\\/termek\\\/silberner-stekkerhund-mit-weissem-stein-besetzt\\\/\"]}]},{\"@type\":\"ImageObject\",\"inLanguage\":\"de\",\"@id\":\"https:\\\/\\\/dianasilver.com\\\/de\\\/termek\\\/silberner-stekkerhund-mit-weissem-stein-besetzt\\\/#primaryimage\",\"url\":\"https:\\\/\\\/dianasilver.com\\\/wp-content\\\/uploads\\\/2022\\\/10\\\/ezust-stekkeres-kutyas-szett-feher-kovel-102094.jpg\",\"contentUrl\":\"https:\\\/\\\/dianasilver.com\\\/wp-content\\\/uploads\\\/2022\\\/10\\\/ezust-stekkeres-kutyas-szett-feher-kovel-102094.jpg\",\"width\":800,\"height\":800},{\"@type\":\"BreadcrumbList\",\"@id\":\"https:\\\/\\\/dianasilver.com\\\/de\\\/termek\\\/silberner-stekkerhund-mit-weissem-stein-besetzt\\\/#breadcrumb\",\"itemListElement\":[{\"@type\":\"ListItem\",\"position\":1,\"name\":\"Kezd\u0151lap\",\"item\":\"https:\\\/\\\/dianasilver.com\\\/de\\\/diana-silver-silberschmuck-webshop\\\/\"},{\"@type\":\"ListItem\",\"position\":2,\"name\":\"Shop\",\"item\":\"https:\\\/\\\/dianasilver.com\\\/de\\\/shop\\\/\"},{\"@type\":\"ListItem\",\"position\":3,\"name\":\"Silberner Stekkerhund mit wei\u00dfem Stein besetzt\"}]},{\"@type\":\"WebSite\",\"@id\":\"https:\\\/\\\/dianasilver.com\\\/de\\\/#website\",\"url\":\"https:\\\/\\\/dianasilver.com\\\/de\\\/\",\"name\":\"Diana Silver\",\"description\":\"Tedd t\u00f6k\u00e9letesebb\u00e9 mindennapjaid a Diana Silver \u00e9kszereivel.\",\"publisher\":{\"@id\":\"https:\\\/\\\/dianasilver.com\\\/de\\\/#organization\"},\"alternateName\":\"Ez\u00fcst \u00c9kszer Web\u00e1ruh\u00e1z\",\"potentialAction\":[{\"@type\":\"SearchAction\",\"target\":{\"@type\":\"EntryPoint\",\"urlTemplate\":\"https:\\\/\\\/dianasilver.com\\\/de\\\/?s={search_term_string}\"},\"query-input\":{\"@type\":\"PropertyValueSpecification\",\"valueRequired\":true,\"valueName\":\"search_term_string\"}}],\"inLanguage\":\"de\"},{\"@type\":\"Organization\",\"@id\":\"https:\\\/\\\/dianasilver.com\\\/de\\\/#organization\",\"name\":\"Diana Silver\",\"url\":\"https:\\\/\\\/dianasilver.com\\\/de\\\/\",\"logo\":{\"@type\":\"ImageObject\",\"inLanguage\":\"de\",\"@id\":\"https:\\\/\\\/dianasilver.com\\\/de\\\/#\\\/schema\\\/logo\\\/image\\\/\",\"url\":\"https:\\\/\\\/dianasilver.com\\\/wp-content\\\/uploads\\\/2022\\\/08\\\/ezust-feher-1-koves-buttonos-stekkeres-fulbevalo-42.webp\",\"contentUrl\":\"https:\\\/\\\/dianasilver.com\\\/wp-content\\\/uploads\\\/2022\\\/08\\\/ezust-feher-1-koves-buttonos-stekkeres-fulbevalo-42.webp\",\"width\":300,\"height\":154,\"caption\":\"Diana Silver\"},\"image\":{\"@id\":\"https:\\\/\\\/dianasilver.com\\\/de\\\/#\\\/schema\\\/logo\\\/image\\\/\"},\"sameAs\":[\"https:\\\/\\\/www.facebook.com\\\/profile.php?id=100027231325117\"]}]}<\/script>\n<!-- \/ Yoast SEO plugin. -->","yoast_head_json":{"title":"Silberner Stekkerhund mit wei\u00dfem Stein besetzt | Diana Silver","description":"Fedezd fel a leny\u0171g\u00f6z\u0151 Silberner Stekkerhund mit wei\u00dfem Stein besetzt \u00e9kszer\u00fcnket. T\u00f6k\u00e9letes kieg\u00e9sz\u00edt\u0151 mindennapi viselethez \u00e9s k\u00fcl\u00f6nleges alkalmakra egyar\u00e1nt. Rendeld meg most!","robots":{"index":"index","follow":"follow","max-snippet":"max-snippet:-1","max-image-preview":"max-image-preview:large","max-video-preview":"max-video-preview:-1"},"canonical":"https:\/\/dianasilver.com\/de\/termek\/silberner-stekkerhund-mit-weissem-stein-besetzt\/","og_locale":"de_DE","og_type":"article","og_title":"Silberner Stekkerhund mit wei\u00dfem Stein besetzt | Diana Silver","og_description":"Fedezd fel a leny\u0171g\u00f6z\u0151 Silberner Stekkerhund mit wei\u00dfem Stein besetzt \u00e9kszer\u00fcnket. T\u00f6k\u00e9letes kieg\u00e9sz\u00edt\u0151 mindennapi viselethez \u00e9s k\u00fcl\u00f6nleges alkalmakra egyar\u00e1nt. Rendeld meg most!","og_url":"https:\/\/dianasilver.com\/de\/termek\/silberner-stekkerhund-mit-weissem-stein-besetzt\/","og_site_name":"Diana Silver","article_publisher":"https:\/\/www.facebook.com\/profile.php?id=100027231325117","article_modified_time":"2026-01-16T16:19:10+00:00","og_image":[{"width":800,"height":800,"url":"https:\/\/dianasilver.com\/wp-content\/uploads\/2022\/10\/ezust-stekkeres-kutyas-szett-feher-kovel-102094.jpg","type":"image\/jpeg"}],"twitter_card":"summary_large_image","twitter_misc":{"Gesch\u00e4tzte Lesezeit":"1\u00a0Minute"},"schema":{"@context":"https:\/\/schema.org","@graph":[{"@type":"WebPage","@id":"https:\/\/dianasilver.com\/de\/termek\/silberner-stekkerhund-mit-weissem-stein-besetzt\/","url":"https:\/\/dianasilver.com\/de\/termek\/silberner-stekkerhund-mit-weissem-stein-besetzt\/","name":"Silberner Stekkerhund mit wei\u00dfem Stein besetzt | Diana Silver","isPartOf":{"@id":"https:\/\/dianasilver.com\/de\/#website"},"primaryImageOfPage":{"@id":"https:\/\/dianasilver.com\/de\/termek\/silberner-stekkerhund-mit-weissem-stein-besetzt\/#primaryimage"},"image":{"@id":"https:\/\/dianasilver.com\/de\/termek\/silberner-stekkerhund-mit-weissem-stein-besetzt\/#primaryimage"},"thumbnailUrl":"https:\/\/dianasilver.com\/wp-content\/uploads\/2022\/10\/ezust-stekkeres-kutyas-szett-feher-kovel-102094.jpg","datePublished":"2022-10-24T09:07:09+00:00","dateModified":"2026-01-16T16:19:10+00:00","description":"Fedezd fel a leny\u0171g\u00f6z\u0151 Silberner Stekkerhund mit wei\u00dfem Stein besetzt \u00e9kszer\u00fcnket. T\u00f6k\u00e9letes kieg\u00e9sz\u00edt\u0151 mindennapi viselethez \u00e9s k\u00fcl\u00f6nleges alkalmakra egyar\u00e1nt. Rendeld meg most!","breadcrumb":{"@id":"https:\/\/dianasilver.com\/de\/termek\/silberner-stekkerhund-mit-weissem-stein-besetzt\/#breadcrumb"},"inLanguage":"de","potentialAction":[{"@type":"ReadAction","target":["https:\/\/dianasilver.com\/de\/termek\/silberner-stekkerhund-mit-weissem-stein-besetzt\/"]}]},{"@type":"ImageObject","inLanguage":"de","@id":"https:\/\/dianasilver.com\/de\/termek\/silberner-stekkerhund-mit-weissem-stein-besetzt\/#primaryimage","url":"https:\/\/dianasilver.com\/wp-content\/uploads\/2022\/10\/ezust-stekkeres-kutyas-szett-feher-kovel-102094.jpg","contentUrl":"https:\/\/dianasilver.com\/wp-content\/uploads\/2022\/10\/ezust-stekkeres-kutyas-szett-feher-kovel-102094.jpg","width":800,"height":800},{"@type":"BreadcrumbList","@id":"https:\/\/dianasilver.com\/de\/termek\/silberner-stekkerhund-mit-weissem-stein-besetzt\/#breadcrumb","itemListElement":[{"@type":"ListItem","position":1,"name":"Kezd\u0151lap","item":"https:\/\/dianasilver.com\/de\/diana-silver-silberschmuck-webshop\/"},{"@type":"ListItem","position":2,"name":"Shop","item":"https:\/\/dianasilver.com\/de\/shop\/"},{"@type":"ListItem","position":3,"name":"Silberner Stekkerhund mit wei\u00dfem Stein besetzt"}]},{"@type":"WebSite","@id":"https:\/\/dianasilver.com\/de\/#website","url":"https:\/\/dianasilver.com\/de\/","name":"Diana Silver","description":"Tedd t\u00f6k\u00e9letesebb\u00e9 mindennapjaid a Diana Silver \u00e9kszereivel.","publisher":{"@id":"https:\/\/dianasilver.com\/de\/#organization"},"alternateName":"Ez\u00fcst \u00c9kszer Web\u00e1ruh\u00e1z","potentialAction":[{"@type":"SearchAction","target":{"@type":"EntryPoint","urlTemplate":"https:\/\/dianasilver.com\/de\/?s={search_term_string}"},"query-input":{"@type":"PropertyValueSpecification","valueRequired":true,"valueName":"search_term_string"}}],"inLanguage":"de"},{"@type":"Organization","@id":"https:\/\/dianasilver.com\/de\/#organization","name":"Diana Silver","url":"https:\/\/dianasilver.com\/de\/","logo":{"@type":"ImageObject","inLanguage":"de","@id":"https:\/\/dianasilver.com\/de\/#\/schema\/logo\/image\/","url":"https:\/\/dianasilver.com\/wp-content\/uploads\/2022\/08\/ezust-feher-1-koves-buttonos-stekkeres-fulbevalo-42.webp","contentUrl":"https:\/\/dianasilver.com\/wp-content\/uploads\/2022\/08\/ezust-feher-1-koves-buttonos-stekkeres-fulbevalo-42.webp","width":300,"height":154,"caption":"Diana Silver"},"image":{"@id":"https:\/\/dianasilver.com\/de\/#\/schema\/logo\/image\/"},"sameAs":["https:\/\/www.facebook.com\/profile.php?id=100027231325117"]}]}},"_links":{"self":[{"href":"https:\/\/dianasilver.com\/de\/wp-json\/wp\/v2\/product\/112358","targetHints":{"allow":["GET"]}}],"collection":[{"href":"https:\/\/dianasilver.com\/de\/wp-json\/wp\/v2\/product"}],"about":[{"href":"https:\/\/dianasilver.com\/de\/wp-json\/wp\/v2\/types\/product"}],"version-history":[{"count":0,"href":"https:\/\/dianasilver.com\/de\/wp-json\/wp\/v2\/product\/112358\/revisions"}],"wp:featuredmedia":[{"embeddable":true,"href":"https:\/\/dianasilver.com\/de\/wp-json\/wp\/v2\/media\/102096"}],"wp:attachment":[{"href":"https:\/\/dianasilver.com\/de\/wp-json\/wp\/v2\/media?parent=112358"}],"wp:term":[{"taxonomy":"product_brand","embeddable":true,"href":"https:\/\/dianasilver.com\/de\/wp-json\/wp\/v2\/product_brand?post=112358"},{"taxonomy":"product_cat","embeddable":true,"href":"https:\/\/dianasilver.com\/de\/wp-json\/wp\/v2\/product_cat?post=112358"},{"taxonomy":"product_tag","embeddable":true,"href":"https:\/\/dianasilver.com\/de\/wp-json\/wp\/v2\/product_tag?post=112358"}],"curies":[{"name":"wp","href":"https:\/\/api.w.org\/{rel}","templated":true}]}}