{"id":112298,"date":"2025-06-09T13:39:07","date_gmt":"2025-06-09T11:39:07","guid":{"rendered":"https:\/\/dianasilver.hu\/termek\/silberne-blumenohrringe-mit-weissen-zirkonia\/"},"modified":"2026-03-10T00:21:37","modified_gmt":"2026-03-09T23:21:37","slug":"silberne-blumenohrringe-mit-weissen-zirkonia","status":"publish","type":"product","link":"https:\/\/dianasilver.com\/de\/termek\/silberne-blumenohrringe-mit-weissen-zirkonia\/","title":{"rendered":"Silberne Blumenohrringe mit wei\u00dfen Zirkonia"},"content":{"rendered":"<h2 data-start=\"433\" data-end=\"467\"><strong data-start=\"433\" data-end=\"467\">Ein verspieltes Symbol der Weiblichkeit.<\/strong><\/h2>\n<p data-start=\"469\" data-end=\"688\">Dieser wundersch\u00f6ne Ohrring in Form einer sechsbl\u00e4ttrigen Blume l\u00e4sst jedes Set heiter und besonders aussehen. Die strahlend wei\u00dfen Zirkonia schimmern sanft im Licht, w\u00e4hrend die Blumenform kindlichen Charme und feminine Zartheit ausstrahlt. \ud83c\udf3c\u2728<\/p>\n<p data-start=\"690\" data-end=\"844\">Das Design <strong data-start=\"692\" data-end=\"707\">mit Patentverschluss<\/strong> bietet sicheren und bequemen Tragekomfort den ganzen Tag \u00fcber &#8211; ideal f\u00fcr alle, die Eleganz in einer leichten Form m\u00f6gen. \ud83d\ude0a<\/p>\n<ul data-start=\"846\" data-end=\"1045\">\n<li data-start=\"846\" data-end=\"875\">\n<p data-start=\"848\" data-end=\"875\"><strong data-start=\"848\" data-end=\"873\">AG 925 Sterling Silber<\/strong><\/p>\n<\/li>\n<li data-start=\"876\" data-end=\"904\">\n<p data-start=\"878\" data-end=\"904\"><strong data-start=\"878\" data-end=\"902\">Wei\u00dfe Zirkonia Steine<\/strong><\/p>\n<\/li>\n<li data-start=\"905\" data-end=\"958\">\n<p data-start=\"907\" data-end=\"958\"><strong data-start=\"907\" data-end=\"956\">Blumenmotiv: Frische, Reinheit, Weiblichkeit<\/strong><\/p>\n<\/li>\n<li data-start=\"959\" data-end=\"1012\">\n<p data-start=\"961\" data-end=\"1012\"><strong data-start=\"961\" data-end=\"1010\">Patentverschluss: sicher und bequem zu tragen<\/strong><\/p>\n<\/li>\n<li data-start=\"1013\" data-end=\"1045\">\n<p data-start=\"1015\" data-end=\"1045\"><strong data-start=\"1015\" data-end=\"1045\">Schmuck, der Ihre Einzigartigkeit unterstreicht<\/strong><\/p>\n<\/li>\n<\/ul>\n<p data-start=\"1047\" data-end=\"1215\" data-is-last-node=\"\" data-is-only-node=\"\">Heben Sie sich mit diesen bezaubernden Blumenohrringen von der Masse ab und versch\u00f6nern Sie Ihren Tag jedes Mal, wenn Sie sie tragen! \ud83c\udf38\ud83d\udcab Bestellen Sie jetzt, damit Ihr Strahlen nicht unbemerkt bleibt! \ud83d\udecd\ufe0f<\/p>\n","protected":false},"excerpt":{"rendered":"<p>Eine fr\u00f6hliche und doch elegante Blumenform, die jedes Gesicht zum Strahlen bringt.<br data-start=\"327\" data-end=\"330\">Perfekt f\u00fcr romantische Seelen. \ud83d\udc96\ud83c\udf38\ud83d\udc8e<\/p>\n","protected":false},"featured_media":106491,"template":"","meta":{"_acf_changed":false},"product_brand":[],"product_cat":[573],"product_tag":[625,527,650],"class_list":{"0":"post-112298","1":"product","2":"type-product","3":"status-publish","4":"has-post-thumbnail","6":"product_cat-silberne-ohrringe","7":"product_tag-blumig","8":"product_tag-silberschmuck-fur-damen","9":"product_tag-kinder-silberschmuck","10":"description-off","12":"first","13":"instock","14":"sale","15":"taxable","16":"shipping-taxable","17":"purchasable","18":"product-type-simple"},"acf":[],"yoast_head":"<!-- This site is optimized with the Yoast SEO plugin v27.4 - https:\/\/yoast.com\/product\/yoast-seo-wordpress\/ -->\n<title>Silberne Blumenohrringe mit wei\u00dfen Zirkonia | Diana Silver<\/title>\n<meta name=\"description\" content=\"Fedezd fel a leny\u0171g\u00f6z\u0151 Silberne Blumenohrringe mit wei\u00dfen Zirkonia \u00e9kszer\u00fcnket. T\u00f6k\u00e9letes kieg\u00e9sz\u00edt\u0151 mindennapi viselethez \u00e9s k\u00fcl\u00f6nleges alkalmakra egyar\u00e1nt. Rendeld meg most!\" \/>\n<meta name=\"robots\" content=\"index, follow, max-snippet:-1, max-image-preview:large, max-video-preview:-1\" \/>\n<link rel=\"canonical\" href=\"https:\/\/dianasilver.com\/de\/termek\/silberne-blumenohrringe-mit-weissen-zirkonia\/\" \/>\n<meta property=\"og:locale\" content=\"de_DE\" \/>\n<meta property=\"og:type\" content=\"article\" \/>\n<meta property=\"og:title\" content=\"Silberne Blumenohrringe mit wei\u00dfen Zirkonia | Diana Silver\" \/>\n<meta property=\"og:description\" content=\"Fedezd fel a leny\u0171g\u00f6z\u0151 Silberne Blumenohrringe mit wei\u00dfen Zirkonia \u00e9kszer\u00fcnket. T\u00f6k\u00e9letes kieg\u00e9sz\u00edt\u0151 mindennapi viselethez \u00e9s k\u00fcl\u00f6nleges alkalmakra egyar\u00e1nt. Rendeld meg most!\" \/>\n<meta property=\"og:url\" content=\"https:\/\/dianasilver.com\/de\/termek\/silberne-blumenohrringe-mit-weissen-zirkonia\/\" \/>\n<meta property=\"og:site_name\" content=\"Diana Silver\" \/>\n<meta property=\"article:publisher\" content=\"https:\/\/www.facebook.com\/profile.php?id=100027231325117\" \/>\n<meta property=\"article:modified_time\" content=\"2026-03-09T23:21:37+00:00\" \/>\n<meta property=\"og:image\" content=\"https:\/\/dianasilver.com\/wp-content\/uploads\/2025\/06\/Ezust-viragos-fulbevalo-feher-cirkoniaval_1.jpg\" \/>\n\t<meta property=\"og:image:width\" content=\"1350\" \/>\n\t<meta property=\"og:image:height\" content=\"1800\" \/>\n\t<meta property=\"og:image:type\" content=\"image\/jpeg\" \/>\n<meta name=\"twitter:card\" content=\"summary_large_image\" \/>\n<meta name=\"twitter:label1\" content=\"Gesch\u00e4tzte Lesezeit\" \/>\n\t<meta name=\"twitter:data1\" content=\"1\u00a0Minute\" \/>\n<script type=\"application\/ld+json\" class=\"yoast-schema-graph\">{\"@context\":\"https:\\\/\\\/schema.org\",\"@graph\":[{\"@type\":\"WebPage\",\"@id\":\"https:\\\/\\\/dianasilver.com\\\/de\\\/termek\\\/silberne-blumenohrringe-mit-weissen-zirkonia\\\/\",\"url\":\"https:\\\/\\\/dianasilver.com\\\/de\\\/termek\\\/silberne-blumenohrringe-mit-weissen-zirkonia\\\/\",\"name\":\"Silberne Blumenohrringe mit wei\u00dfen Zirkonia | Diana Silver\",\"isPartOf\":{\"@id\":\"https:\\\/\\\/dianasilver.com\\\/de\\\/#website\"},\"primaryImageOfPage\":{\"@id\":\"https:\\\/\\\/dianasilver.com\\\/de\\\/termek\\\/silberne-blumenohrringe-mit-weissen-zirkonia\\\/#primaryimage\"},\"image\":{\"@id\":\"https:\\\/\\\/dianasilver.com\\\/de\\\/termek\\\/silberne-blumenohrringe-mit-weissen-zirkonia\\\/#primaryimage\"},\"thumbnailUrl\":\"https:\\\/\\\/dianasilver.com\\\/wp-content\\\/uploads\\\/2025\\\/06\\\/Ezust-viragos-fulbevalo-feher-cirkoniaval_1.jpg\",\"datePublished\":\"2025-06-09T11:39:07+00:00\",\"dateModified\":\"2026-03-09T23:21:37+00:00\",\"description\":\"Fedezd fel a leny\u0171g\u00f6z\u0151 Silberne Blumenohrringe mit wei\u00dfen Zirkonia \u00e9kszer\u00fcnket. T\u00f6k\u00e9letes kieg\u00e9sz\u00edt\u0151 mindennapi viselethez \u00e9s k\u00fcl\u00f6nleges alkalmakra egyar\u00e1nt. Rendeld meg most!\",\"breadcrumb\":{\"@id\":\"https:\\\/\\\/dianasilver.com\\\/de\\\/termek\\\/silberne-blumenohrringe-mit-weissen-zirkonia\\\/#breadcrumb\"},\"inLanguage\":\"de\",\"potentialAction\":[{\"@type\":\"ReadAction\",\"target\":[\"https:\\\/\\\/dianasilver.com\\\/de\\\/termek\\\/silberne-blumenohrringe-mit-weissen-zirkonia\\\/\"]}]},{\"@type\":\"ImageObject\",\"inLanguage\":\"de\",\"@id\":\"https:\\\/\\\/dianasilver.com\\\/de\\\/termek\\\/silberne-blumenohrringe-mit-weissen-zirkonia\\\/#primaryimage\",\"url\":\"https:\\\/\\\/dianasilver.com\\\/wp-content\\\/uploads\\\/2025\\\/06\\\/Ezust-viragos-fulbevalo-feher-cirkoniaval_1.jpg\",\"contentUrl\":\"https:\\\/\\\/dianasilver.com\\\/wp-content\\\/uploads\\\/2025\\\/06\\\/Ezust-viragos-fulbevalo-feher-cirkoniaval_1.jpg\",\"width\":1350,\"height\":1800},{\"@type\":\"BreadcrumbList\",\"@id\":\"https:\\\/\\\/dianasilver.com\\\/de\\\/termek\\\/silberne-blumenohrringe-mit-weissen-zirkonia\\\/#breadcrumb\",\"itemListElement\":[{\"@type\":\"ListItem\",\"position\":1,\"name\":\"Kezd\u0151lap\",\"item\":\"https:\\\/\\\/dianasilver.com\\\/de\\\/diana-silver-silberschmuck-webshop\\\/\"},{\"@type\":\"ListItem\",\"position\":2,\"name\":\"Shop\",\"item\":\"https:\\\/\\\/dianasilver.com\\\/de\\\/shop\\\/\"},{\"@type\":\"ListItem\",\"position\":3,\"name\":\"Silberne Blumenohrringe mit wei\u00dfen Zirkonia\"}]},{\"@type\":\"WebSite\",\"@id\":\"https:\\\/\\\/dianasilver.com\\\/de\\\/#website\",\"url\":\"https:\\\/\\\/dianasilver.com\\\/de\\\/\",\"name\":\"Diana Silver\",\"description\":\"Tedd t\u00f6k\u00e9letesebb\u00e9 mindennapjaid a Diana Silver \u00e9kszereivel.\",\"publisher\":{\"@id\":\"https:\\\/\\\/dianasilver.com\\\/de\\\/#organization\"},\"alternateName\":\"Ez\u00fcst \u00c9kszer Web\u00e1ruh\u00e1z\",\"potentialAction\":[{\"@type\":\"SearchAction\",\"target\":{\"@type\":\"EntryPoint\",\"urlTemplate\":\"https:\\\/\\\/dianasilver.com\\\/de\\\/?s={search_term_string}\"},\"query-input\":{\"@type\":\"PropertyValueSpecification\",\"valueRequired\":true,\"valueName\":\"search_term_string\"}}],\"inLanguage\":\"de\"},{\"@type\":\"Organization\",\"@id\":\"https:\\\/\\\/dianasilver.com\\\/de\\\/#organization\",\"name\":\"Diana Silver\",\"url\":\"https:\\\/\\\/dianasilver.com\\\/de\\\/\",\"logo\":{\"@type\":\"ImageObject\",\"inLanguage\":\"de\",\"@id\":\"https:\\\/\\\/dianasilver.com\\\/de\\\/#\\\/schema\\\/logo\\\/image\\\/\",\"url\":\"https:\\\/\\\/dianasilver.com\\\/wp-content\\\/uploads\\\/2022\\\/08\\\/ezust-feher-1-koves-buttonos-stekkeres-fulbevalo-42.webp\",\"contentUrl\":\"https:\\\/\\\/dianasilver.com\\\/wp-content\\\/uploads\\\/2022\\\/08\\\/ezust-feher-1-koves-buttonos-stekkeres-fulbevalo-42.webp\",\"width\":300,\"height\":154,\"caption\":\"Diana Silver\"},\"image\":{\"@id\":\"https:\\\/\\\/dianasilver.com\\\/de\\\/#\\\/schema\\\/logo\\\/image\\\/\"},\"sameAs\":[\"https:\\\/\\\/www.facebook.com\\\/profile.php?id=100027231325117\"]}]}<\/script>\n<!-- \/ Yoast SEO plugin. -->","yoast_head_json":{"title":"Silberne Blumenohrringe mit wei\u00dfen Zirkonia | Diana Silver","description":"Fedezd fel a leny\u0171g\u00f6z\u0151 Silberne Blumenohrringe mit wei\u00dfen Zirkonia \u00e9kszer\u00fcnket. T\u00f6k\u00e9letes kieg\u00e9sz\u00edt\u0151 mindennapi viselethez \u00e9s k\u00fcl\u00f6nleges alkalmakra egyar\u00e1nt. Rendeld meg most!","robots":{"index":"index","follow":"follow","max-snippet":"max-snippet:-1","max-image-preview":"max-image-preview:large","max-video-preview":"max-video-preview:-1"},"canonical":"https:\/\/dianasilver.com\/de\/termek\/silberne-blumenohrringe-mit-weissen-zirkonia\/","og_locale":"de_DE","og_type":"article","og_title":"Silberne Blumenohrringe mit wei\u00dfen Zirkonia | Diana Silver","og_description":"Fedezd fel a leny\u0171g\u00f6z\u0151 Silberne Blumenohrringe mit wei\u00dfen Zirkonia \u00e9kszer\u00fcnket. T\u00f6k\u00e9letes kieg\u00e9sz\u00edt\u0151 mindennapi viselethez \u00e9s k\u00fcl\u00f6nleges alkalmakra egyar\u00e1nt. Rendeld meg most!","og_url":"https:\/\/dianasilver.com\/de\/termek\/silberne-blumenohrringe-mit-weissen-zirkonia\/","og_site_name":"Diana Silver","article_publisher":"https:\/\/www.facebook.com\/profile.php?id=100027231325117","article_modified_time":"2026-03-09T23:21:37+00:00","og_image":[{"width":1350,"height":1800,"url":"https:\/\/dianasilver.com\/wp-content\/uploads\/2025\/06\/Ezust-viragos-fulbevalo-feher-cirkoniaval_1.jpg","type":"image\/jpeg"}],"twitter_card":"summary_large_image","twitter_misc":{"Gesch\u00e4tzte Lesezeit":"1\u00a0Minute"},"schema":{"@context":"https:\/\/schema.org","@graph":[{"@type":"WebPage","@id":"https:\/\/dianasilver.com\/de\/termek\/silberne-blumenohrringe-mit-weissen-zirkonia\/","url":"https:\/\/dianasilver.com\/de\/termek\/silberne-blumenohrringe-mit-weissen-zirkonia\/","name":"Silberne Blumenohrringe mit wei\u00dfen Zirkonia | Diana Silver","isPartOf":{"@id":"https:\/\/dianasilver.com\/de\/#website"},"primaryImageOfPage":{"@id":"https:\/\/dianasilver.com\/de\/termek\/silberne-blumenohrringe-mit-weissen-zirkonia\/#primaryimage"},"image":{"@id":"https:\/\/dianasilver.com\/de\/termek\/silberne-blumenohrringe-mit-weissen-zirkonia\/#primaryimage"},"thumbnailUrl":"https:\/\/dianasilver.com\/wp-content\/uploads\/2025\/06\/Ezust-viragos-fulbevalo-feher-cirkoniaval_1.jpg","datePublished":"2025-06-09T11:39:07+00:00","dateModified":"2026-03-09T23:21:37+00:00","description":"Fedezd fel a leny\u0171g\u00f6z\u0151 Silberne Blumenohrringe mit wei\u00dfen Zirkonia \u00e9kszer\u00fcnket. T\u00f6k\u00e9letes kieg\u00e9sz\u00edt\u0151 mindennapi viselethez \u00e9s k\u00fcl\u00f6nleges alkalmakra egyar\u00e1nt. Rendeld meg most!","breadcrumb":{"@id":"https:\/\/dianasilver.com\/de\/termek\/silberne-blumenohrringe-mit-weissen-zirkonia\/#breadcrumb"},"inLanguage":"de","potentialAction":[{"@type":"ReadAction","target":["https:\/\/dianasilver.com\/de\/termek\/silberne-blumenohrringe-mit-weissen-zirkonia\/"]}]},{"@type":"ImageObject","inLanguage":"de","@id":"https:\/\/dianasilver.com\/de\/termek\/silberne-blumenohrringe-mit-weissen-zirkonia\/#primaryimage","url":"https:\/\/dianasilver.com\/wp-content\/uploads\/2025\/06\/Ezust-viragos-fulbevalo-feher-cirkoniaval_1.jpg","contentUrl":"https:\/\/dianasilver.com\/wp-content\/uploads\/2025\/06\/Ezust-viragos-fulbevalo-feher-cirkoniaval_1.jpg","width":1350,"height":1800},{"@type":"BreadcrumbList","@id":"https:\/\/dianasilver.com\/de\/termek\/silberne-blumenohrringe-mit-weissen-zirkonia\/#breadcrumb","itemListElement":[{"@type":"ListItem","position":1,"name":"Kezd\u0151lap","item":"https:\/\/dianasilver.com\/de\/diana-silver-silberschmuck-webshop\/"},{"@type":"ListItem","position":2,"name":"Shop","item":"https:\/\/dianasilver.com\/de\/shop\/"},{"@type":"ListItem","position":3,"name":"Silberne Blumenohrringe mit wei\u00dfen Zirkonia"}]},{"@type":"WebSite","@id":"https:\/\/dianasilver.com\/de\/#website","url":"https:\/\/dianasilver.com\/de\/","name":"Diana Silver","description":"Tedd t\u00f6k\u00e9letesebb\u00e9 mindennapjaid a Diana Silver \u00e9kszereivel.","publisher":{"@id":"https:\/\/dianasilver.com\/de\/#organization"},"alternateName":"Ez\u00fcst \u00c9kszer Web\u00e1ruh\u00e1z","potentialAction":[{"@type":"SearchAction","target":{"@type":"EntryPoint","urlTemplate":"https:\/\/dianasilver.com\/de\/?s={search_term_string}"},"query-input":{"@type":"PropertyValueSpecification","valueRequired":true,"valueName":"search_term_string"}}],"inLanguage":"de"},{"@type":"Organization","@id":"https:\/\/dianasilver.com\/de\/#organization","name":"Diana Silver","url":"https:\/\/dianasilver.com\/de\/","logo":{"@type":"ImageObject","inLanguage":"de","@id":"https:\/\/dianasilver.com\/de\/#\/schema\/logo\/image\/","url":"https:\/\/dianasilver.com\/wp-content\/uploads\/2022\/08\/ezust-feher-1-koves-buttonos-stekkeres-fulbevalo-42.webp","contentUrl":"https:\/\/dianasilver.com\/wp-content\/uploads\/2022\/08\/ezust-feher-1-koves-buttonos-stekkeres-fulbevalo-42.webp","width":300,"height":154,"caption":"Diana Silver"},"image":{"@id":"https:\/\/dianasilver.com\/de\/#\/schema\/logo\/image\/"},"sameAs":["https:\/\/www.facebook.com\/profile.php?id=100027231325117"]}]}},"_links":{"self":[{"href":"https:\/\/dianasilver.com\/de\/wp-json\/wp\/v2\/product\/112298","targetHints":{"allow":["GET"]}}],"collection":[{"href":"https:\/\/dianasilver.com\/de\/wp-json\/wp\/v2\/product"}],"about":[{"href":"https:\/\/dianasilver.com\/de\/wp-json\/wp\/v2\/types\/product"}],"version-history":[{"count":0,"href":"https:\/\/dianasilver.com\/de\/wp-json\/wp\/v2\/product\/112298\/revisions"}],"wp:featuredmedia":[{"embeddable":true,"href":"https:\/\/dianasilver.com\/de\/wp-json\/wp\/v2\/media\/106491"}],"wp:attachment":[{"href":"https:\/\/dianasilver.com\/de\/wp-json\/wp\/v2\/media?parent=112298"}],"wp:term":[{"taxonomy":"product_brand","embeddable":true,"href":"https:\/\/dianasilver.com\/de\/wp-json\/wp\/v2\/product_brand?post=112298"},{"taxonomy":"product_cat","embeddable":true,"href":"https:\/\/dianasilver.com\/de\/wp-json\/wp\/v2\/product_cat?post=112298"},{"taxonomy":"product_tag","embeddable":true,"href":"https:\/\/dianasilver.com\/de\/wp-json\/wp\/v2\/product_tag?post=112298"}],"curies":[{"name":"wp","href":"https:\/\/api.w.org\/{rel}","templated":true}]}}