{"id":112296,"date":"2025-06-09T13:50:44","date_gmt":"2025-06-09T11:50:44","guid":{"rendered":"https:\/\/dianasilver.hu\/termek\/bunte-silberblumen-ohrringe\/"},"modified":"2026-04-09T01:35:04","modified_gmt":"2026-04-08T23:35:04","slug":"bunte-silberblumen-ohrringe","status":"publish","type":"product","link":"https:\/\/dianasilver.com\/de\/termek\/bunte-silberblumen-ohrringe\/","title":{"rendered":"Bunte Silberblumen-Ohrringe"},"content":{"rendered":"<h2 data-start=\"356\" data-end=\"400\"><strong data-start=\"356\" data-end=\"400\">Farben, die ein L\u00e4cheln auf Ihr Gesicht zaubern.<\/strong><\/h2>\n<p data-start=\"402\" data-end=\"670\">Dieser Ohrring ist ein kleines Wunder: eine regenbogenfarbene Blume, die Ihren Look zum Leben erweckt. Jeder Stein der sechsbl\u00e4ttrigen Blume schimmert in einem anderen Farbton &#8211; rosa, gr\u00fcn, blau, lila und wei\u00dfer Zirkonia, um immer Fr\u00f6hlichkeit auszustrahlen. \ud83c\udf37\ud83d\udc8e\ud83d\udc9a<\/p>\n<p data-start=\"672\" data-end=\"870\">Der <strong data-start=\"674\" data-end=\"700\">Patentverschluss<\/strong> sorgt f\u00fcr bequemen und stabilen Tragekomfort &#8211; auch den ganzen Tag lang. Hinter dem verspielten Design verbirgt sich jedoch eine subtile Eleganz, die ihn zur perfekten Wahl f\u00fcr jugendliche Geister macht. \ud83d\ude0a<\/p>\n<ul data-start=\"872\" data-end=\"1126\">\n<li data-start=\"872\" data-end=\"901\">\n<p data-start=\"874\" data-end=\"901\"><strong data-start=\"874\" data-end=\"899\">AG 925 Sterling Silber<\/strong><\/p>\n<\/li>\n<li data-start=\"902\" data-end=\"956\">\n<p data-start=\"904\" data-end=\"956\"><strong data-start=\"904\" data-end=\"954\">Farbige Zirkonia: rosa, gr\u00fcn, blau, lila, wei\u00df<\/strong><\/p>\n<\/li>\n<li data-start=\"957\" data-end=\"1018\">\n<p data-start=\"959\" data-end=\"1018\"><strong data-start=\"959\" data-end=\"1016\">Blumenform: die Freude an der Natur, die Leichtigkeit der Weiblichkeit<\/strong><\/p>\n<\/li>\n<li data-start=\"1019\" data-end=\"1071\">\n<p data-start=\"1021\" data-end=\"1071\"><strong data-start=\"1021\" data-end=\"1069\">Patentverschluss: stabiler Verschluss, einfach zu tragen<\/strong><\/p>\n<\/li>\n<li data-start=\"1072\" data-end=\"1126\">\n<p data-start=\"1074\" data-end=\"1126\"><strong data-start=\"1074\" data-end=\"1126\">Heben Sie sich mit diesem einzigartigen Schmuck von der Masse ab!<\/strong><\/p>\n<\/li>\n<\/ul>\n<p data-start=\"1128\" data-end=\"1283\" data-is-last-node=\"\" data-is-only-node=\"\">Das Wetter mag tr\u00fcbe sein, Ihre Laune mag gedr\u00fcckt sein, aber dieser Ohrring wird Sie wieder zum Leben erwecken. \ud83c\udf08\u2728 Holen Sie es sich jetzt und l\u00e4cheln Sie jeden Morgen, wenn Sie es anziehen! \ud83d\udecd\ufe0f<\/p>\n","protected":false},"excerpt":{"rendered":"<p>Fr\u00f6hliche Farben, blumige Formen, eine echte Lebensfreude!<br data-start=\"253\" data-end=\"256\">Die perfekte Wahl, um Ihren Alltag zu versch\u00f6nern. \ud83c\udf38\u2728\ud83c\udf08<\/p>\n","protected":false},"featured_media":106508,"template":"","meta":{"_acf_changed":false},"product_brand":[],"product_cat":[573],"product_tag":[625,527,634,650],"class_list":{"0":"post-112296","1":"product","2":"type-product","3":"status-publish","4":"has-post-thumbnail","6":"product_cat-silberne-ohrringe","7":"product_tag-blumig","8":"product_tag-silberschmuck-fur-damen","9":"product_tag-farbenfroh","10":"product_tag-kinder-silberschmuck","11":"description-off","13":"first","14":"instock","15":"sale","16":"taxable","17":"shipping-taxable","18":"purchasable","19":"product-type-simple"},"acf":[],"yoast_head":"<!-- This site is optimized with the Yoast SEO plugin v27.4 - https:\/\/yoast.com\/product\/yoast-seo-wordpress\/ -->\n<title>Bunte Silberblumen-Ohrringe | Diana Silver<\/title>\n<meta name=\"description\" content=\"Fedezd fel a leny\u0171g\u00f6z\u0151 Bunte Silberblumen-Ohrringe \u00e9kszer\u00fcnket. T\u00f6k\u00e9letes kieg\u00e9sz\u00edt\u0151 mindennapi viselethez \u00e9s k\u00fcl\u00f6nleges alkalmakra egyar\u00e1nt. Rendeld meg most!\" \/>\n<meta name=\"robots\" content=\"index, follow, max-snippet:-1, max-image-preview:large, max-video-preview:-1\" \/>\n<link rel=\"canonical\" href=\"https:\/\/dianasilver.com\/de\/termek\/bunte-silberblumen-ohrringe\/\" \/>\n<meta property=\"og:locale\" content=\"de_DE\" \/>\n<meta property=\"og:type\" content=\"article\" \/>\n<meta property=\"og:title\" content=\"Bunte Silberblumen-Ohrringe | Diana Silver\" \/>\n<meta property=\"og:description\" content=\"Fedezd fel a leny\u0171g\u00f6z\u0151 Bunte Silberblumen-Ohrringe \u00e9kszer\u00fcnket. T\u00f6k\u00e9letes kieg\u00e9sz\u00edt\u0151 mindennapi viselethez \u00e9s k\u00fcl\u00f6nleges alkalmakra egyar\u00e1nt. Rendeld meg most!\" \/>\n<meta property=\"og:url\" content=\"https:\/\/dianasilver.com\/de\/termek\/bunte-silberblumen-ohrringe\/\" \/>\n<meta property=\"og:site_name\" content=\"Diana Silver\" \/>\n<meta property=\"article:publisher\" content=\"https:\/\/www.facebook.com\/profile.php?id=100027231325117\" \/>\n<meta property=\"article:modified_time\" content=\"2026-04-08T23:35:04+00:00\" \/>\n<meta property=\"og:image\" content=\"https:\/\/dianasilver.com\/wp-content\/uploads\/2025\/06\/Szines-viragos-ezust-fulbevalo_1.jpg\" \/>\n\t<meta property=\"og:image:width\" content=\"1350\" \/>\n\t<meta property=\"og:image:height\" content=\"1800\" \/>\n\t<meta property=\"og:image:type\" content=\"image\/jpeg\" \/>\n<meta name=\"twitter:card\" content=\"summary_large_image\" \/>\n<meta name=\"twitter:label1\" content=\"Gesch\u00e4tzte Lesezeit\" \/>\n\t<meta name=\"twitter:data1\" content=\"1\u00a0Minute\" \/>\n<script type=\"application\/ld+json\" class=\"yoast-schema-graph\">{\"@context\":\"https:\\\/\\\/schema.org\",\"@graph\":[{\"@type\":\"WebPage\",\"@id\":\"https:\\\/\\\/dianasilver.com\\\/de\\\/termek\\\/bunte-silberblumen-ohrringe\\\/\",\"url\":\"https:\\\/\\\/dianasilver.com\\\/de\\\/termek\\\/bunte-silberblumen-ohrringe\\\/\",\"name\":\"Bunte Silberblumen-Ohrringe | Diana Silver\",\"isPartOf\":{\"@id\":\"https:\\\/\\\/dianasilver.com\\\/de\\\/#website\"},\"primaryImageOfPage\":{\"@id\":\"https:\\\/\\\/dianasilver.com\\\/de\\\/termek\\\/bunte-silberblumen-ohrringe\\\/#primaryimage\"},\"image\":{\"@id\":\"https:\\\/\\\/dianasilver.com\\\/de\\\/termek\\\/bunte-silberblumen-ohrringe\\\/#primaryimage\"},\"thumbnailUrl\":\"https:\\\/\\\/dianasilver.com\\\/wp-content\\\/uploads\\\/2025\\\/06\\\/Szines-viragos-ezust-fulbevalo_1.jpg\",\"datePublished\":\"2025-06-09T11:50:44+00:00\",\"dateModified\":\"2026-04-08T23:35:04+00:00\",\"description\":\"Fedezd fel a leny\u0171g\u00f6z\u0151 Bunte Silberblumen-Ohrringe \u00e9kszer\u00fcnket. T\u00f6k\u00e9letes kieg\u00e9sz\u00edt\u0151 mindennapi viselethez \u00e9s k\u00fcl\u00f6nleges alkalmakra egyar\u00e1nt. Rendeld meg most!\",\"breadcrumb\":{\"@id\":\"https:\\\/\\\/dianasilver.com\\\/de\\\/termek\\\/bunte-silberblumen-ohrringe\\\/#breadcrumb\"},\"inLanguage\":\"de\",\"potentialAction\":[{\"@type\":\"ReadAction\",\"target\":[\"https:\\\/\\\/dianasilver.com\\\/de\\\/termek\\\/bunte-silberblumen-ohrringe\\\/\"]}]},{\"@type\":\"ImageObject\",\"inLanguage\":\"de\",\"@id\":\"https:\\\/\\\/dianasilver.com\\\/de\\\/termek\\\/bunte-silberblumen-ohrringe\\\/#primaryimage\",\"url\":\"https:\\\/\\\/dianasilver.com\\\/wp-content\\\/uploads\\\/2025\\\/06\\\/Szines-viragos-ezust-fulbevalo_1.jpg\",\"contentUrl\":\"https:\\\/\\\/dianasilver.com\\\/wp-content\\\/uploads\\\/2025\\\/06\\\/Szines-viragos-ezust-fulbevalo_1.jpg\",\"width\":1350,\"height\":1800},{\"@type\":\"BreadcrumbList\",\"@id\":\"https:\\\/\\\/dianasilver.com\\\/de\\\/termek\\\/bunte-silberblumen-ohrringe\\\/#breadcrumb\",\"itemListElement\":[{\"@type\":\"ListItem\",\"position\":1,\"name\":\"Kezd\u0151lap\",\"item\":\"https:\\\/\\\/dianasilver.com\\\/de\\\/diana-silver-silberschmuck-webshop\\\/\"},{\"@type\":\"ListItem\",\"position\":2,\"name\":\"Shop\",\"item\":\"https:\\\/\\\/dianasilver.com\\\/de\\\/shop\\\/\"},{\"@type\":\"ListItem\",\"position\":3,\"name\":\"Bunte Silberblumen-Ohrringe\"}]},{\"@type\":\"WebSite\",\"@id\":\"https:\\\/\\\/dianasilver.com\\\/de\\\/#website\",\"url\":\"https:\\\/\\\/dianasilver.com\\\/de\\\/\",\"name\":\"Diana Silver\",\"description\":\"Tedd t\u00f6k\u00e9letesebb\u00e9 mindennapjaid a Diana Silver \u00e9kszereivel.\",\"publisher\":{\"@id\":\"https:\\\/\\\/dianasilver.com\\\/de\\\/#organization\"},\"alternateName\":\"Ez\u00fcst \u00c9kszer Web\u00e1ruh\u00e1z\",\"potentialAction\":[{\"@type\":\"SearchAction\",\"target\":{\"@type\":\"EntryPoint\",\"urlTemplate\":\"https:\\\/\\\/dianasilver.com\\\/de\\\/?s={search_term_string}\"},\"query-input\":{\"@type\":\"PropertyValueSpecification\",\"valueRequired\":true,\"valueName\":\"search_term_string\"}}],\"inLanguage\":\"de\"},{\"@type\":\"Organization\",\"@id\":\"https:\\\/\\\/dianasilver.com\\\/de\\\/#organization\",\"name\":\"Diana Silver\",\"url\":\"https:\\\/\\\/dianasilver.com\\\/de\\\/\",\"logo\":{\"@type\":\"ImageObject\",\"inLanguage\":\"de\",\"@id\":\"https:\\\/\\\/dianasilver.com\\\/de\\\/#\\\/schema\\\/logo\\\/image\\\/\",\"url\":\"https:\\\/\\\/dianasilver.com\\\/wp-content\\\/uploads\\\/2022\\\/08\\\/ezust-feher-1-koves-buttonos-stekkeres-fulbevalo-42.webp\",\"contentUrl\":\"https:\\\/\\\/dianasilver.com\\\/wp-content\\\/uploads\\\/2022\\\/08\\\/ezust-feher-1-koves-buttonos-stekkeres-fulbevalo-42.webp\",\"width\":300,\"height\":154,\"caption\":\"Diana Silver\"},\"image\":{\"@id\":\"https:\\\/\\\/dianasilver.com\\\/de\\\/#\\\/schema\\\/logo\\\/image\\\/\"},\"sameAs\":[\"https:\\\/\\\/www.facebook.com\\\/profile.php?id=100027231325117\"]}]}<\/script>\n<!-- \/ Yoast SEO plugin. -->","yoast_head_json":{"title":"Bunte Silberblumen-Ohrringe | Diana Silver","description":"Fedezd fel a leny\u0171g\u00f6z\u0151 Bunte Silberblumen-Ohrringe \u00e9kszer\u00fcnket. T\u00f6k\u00e9letes kieg\u00e9sz\u00edt\u0151 mindennapi viselethez \u00e9s k\u00fcl\u00f6nleges alkalmakra egyar\u00e1nt. Rendeld meg most!","robots":{"index":"index","follow":"follow","max-snippet":"max-snippet:-1","max-image-preview":"max-image-preview:large","max-video-preview":"max-video-preview:-1"},"canonical":"https:\/\/dianasilver.com\/de\/termek\/bunte-silberblumen-ohrringe\/","og_locale":"de_DE","og_type":"article","og_title":"Bunte Silberblumen-Ohrringe | Diana Silver","og_description":"Fedezd fel a leny\u0171g\u00f6z\u0151 Bunte Silberblumen-Ohrringe \u00e9kszer\u00fcnket. T\u00f6k\u00e9letes kieg\u00e9sz\u00edt\u0151 mindennapi viselethez \u00e9s k\u00fcl\u00f6nleges alkalmakra egyar\u00e1nt. Rendeld meg most!","og_url":"https:\/\/dianasilver.com\/de\/termek\/bunte-silberblumen-ohrringe\/","og_site_name":"Diana Silver","article_publisher":"https:\/\/www.facebook.com\/profile.php?id=100027231325117","article_modified_time":"2026-04-08T23:35:04+00:00","og_image":[{"width":1350,"height":1800,"url":"https:\/\/dianasilver.com\/wp-content\/uploads\/2025\/06\/Szines-viragos-ezust-fulbevalo_1.jpg","type":"image\/jpeg"}],"twitter_card":"summary_large_image","twitter_misc":{"Gesch\u00e4tzte Lesezeit":"1\u00a0Minute"},"schema":{"@context":"https:\/\/schema.org","@graph":[{"@type":"WebPage","@id":"https:\/\/dianasilver.com\/de\/termek\/bunte-silberblumen-ohrringe\/","url":"https:\/\/dianasilver.com\/de\/termek\/bunte-silberblumen-ohrringe\/","name":"Bunte Silberblumen-Ohrringe | Diana Silver","isPartOf":{"@id":"https:\/\/dianasilver.com\/de\/#website"},"primaryImageOfPage":{"@id":"https:\/\/dianasilver.com\/de\/termek\/bunte-silberblumen-ohrringe\/#primaryimage"},"image":{"@id":"https:\/\/dianasilver.com\/de\/termek\/bunte-silberblumen-ohrringe\/#primaryimage"},"thumbnailUrl":"https:\/\/dianasilver.com\/wp-content\/uploads\/2025\/06\/Szines-viragos-ezust-fulbevalo_1.jpg","datePublished":"2025-06-09T11:50:44+00:00","dateModified":"2026-04-08T23:35:04+00:00","description":"Fedezd fel a leny\u0171g\u00f6z\u0151 Bunte Silberblumen-Ohrringe \u00e9kszer\u00fcnket. T\u00f6k\u00e9letes kieg\u00e9sz\u00edt\u0151 mindennapi viselethez \u00e9s k\u00fcl\u00f6nleges alkalmakra egyar\u00e1nt. Rendeld meg most!","breadcrumb":{"@id":"https:\/\/dianasilver.com\/de\/termek\/bunte-silberblumen-ohrringe\/#breadcrumb"},"inLanguage":"de","potentialAction":[{"@type":"ReadAction","target":["https:\/\/dianasilver.com\/de\/termek\/bunte-silberblumen-ohrringe\/"]}]},{"@type":"ImageObject","inLanguage":"de","@id":"https:\/\/dianasilver.com\/de\/termek\/bunte-silberblumen-ohrringe\/#primaryimage","url":"https:\/\/dianasilver.com\/wp-content\/uploads\/2025\/06\/Szines-viragos-ezust-fulbevalo_1.jpg","contentUrl":"https:\/\/dianasilver.com\/wp-content\/uploads\/2025\/06\/Szines-viragos-ezust-fulbevalo_1.jpg","width":1350,"height":1800},{"@type":"BreadcrumbList","@id":"https:\/\/dianasilver.com\/de\/termek\/bunte-silberblumen-ohrringe\/#breadcrumb","itemListElement":[{"@type":"ListItem","position":1,"name":"Kezd\u0151lap","item":"https:\/\/dianasilver.com\/de\/diana-silver-silberschmuck-webshop\/"},{"@type":"ListItem","position":2,"name":"Shop","item":"https:\/\/dianasilver.com\/de\/shop\/"},{"@type":"ListItem","position":3,"name":"Bunte Silberblumen-Ohrringe"}]},{"@type":"WebSite","@id":"https:\/\/dianasilver.com\/de\/#website","url":"https:\/\/dianasilver.com\/de\/","name":"Diana Silver","description":"Tedd t\u00f6k\u00e9letesebb\u00e9 mindennapjaid a Diana Silver \u00e9kszereivel.","publisher":{"@id":"https:\/\/dianasilver.com\/de\/#organization"},"alternateName":"Ez\u00fcst \u00c9kszer Web\u00e1ruh\u00e1z","potentialAction":[{"@type":"SearchAction","target":{"@type":"EntryPoint","urlTemplate":"https:\/\/dianasilver.com\/de\/?s={search_term_string}"},"query-input":{"@type":"PropertyValueSpecification","valueRequired":true,"valueName":"search_term_string"}}],"inLanguage":"de"},{"@type":"Organization","@id":"https:\/\/dianasilver.com\/de\/#organization","name":"Diana Silver","url":"https:\/\/dianasilver.com\/de\/","logo":{"@type":"ImageObject","inLanguage":"de","@id":"https:\/\/dianasilver.com\/de\/#\/schema\/logo\/image\/","url":"https:\/\/dianasilver.com\/wp-content\/uploads\/2022\/08\/ezust-feher-1-koves-buttonos-stekkeres-fulbevalo-42.webp","contentUrl":"https:\/\/dianasilver.com\/wp-content\/uploads\/2022\/08\/ezust-feher-1-koves-buttonos-stekkeres-fulbevalo-42.webp","width":300,"height":154,"caption":"Diana Silver"},"image":{"@id":"https:\/\/dianasilver.com\/de\/#\/schema\/logo\/image\/"},"sameAs":["https:\/\/www.facebook.com\/profile.php?id=100027231325117"]}]}},"_links":{"self":[{"href":"https:\/\/dianasilver.com\/de\/wp-json\/wp\/v2\/product\/112296","targetHints":{"allow":["GET"]}}],"collection":[{"href":"https:\/\/dianasilver.com\/de\/wp-json\/wp\/v2\/product"}],"about":[{"href":"https:\/\/dianasilver.com\/de\/wp-json\/wp\/v2\/types\/product"}],"version-history":[{"count":0,"href":"https:\/\/dianasilver.com\/de\/wp-json\/wp\/v2\/product\/112296\/revisions"}],"wp:featuredmedia":[{"embeddable":true,"href":"https:\/\/dianasilver.com\/de\/wp-json\/wp\/v2\/media\/106508"}],"wp:attachment":[{"href":"https:\/\/dianasilver.com\/de\/wp-json\/wp\/v2\/media?parent=112296"}],"wp:term":[{"taxonomy":"product_brand","embeddable":true,"href":"https:\/\/dianasilver.com\/de\/wp-json\/wp\/v2\/product_brand?post=112296"},{"taxonomy":"product_cat","embeddable":true,"href":"https:\/\/dianasilver.com\/de\/wp-json\/wp\/v2\/product_cat?post=112296"},{"taxonomy":"product_tag","embeddable":true,"href":"https:\/\/dianasilver.com\/de\/wp-json\/wp\/v2\/product_tag?post=112296"}],"curies":[{"name":"wp","href":"https:\/\/api.w.org\/{rel}","templated":true}]}}