{"id":112291,"date":"2025-06-09T13:27:29","date_gmt":"2025-06-09T11:27:29","guid":{"rendered":"https:\/\/dianasilver.hu\/termek\/silberne-schmetterlingsohrringe-mit-kubischen-zirkonsteinen\/"},"modified":"2026-03-10T00:21:37","modified_gmt":"2026-03-09T23:21:37","slug":"silberne-schmetterlingsohrringe-mit-kubischen-zirkonsteinen","status":"publish","type":"product","link":"https:\/\/dianasilver.com\/de\/termek\/silberne-schmetterlingsohrringe-mit-kubischen-zirkonsteinen\/","title":{"rendered":"Silberne Schmetterlingsohrringe mit kubischen Zirkonsteinen"},"content":{"rendered":"<h2 data-start=\"443\" data-end=\"485\"><strong data-start=\"443\" data-end=\"485\">Feine Details, magischer Glanz.<\/strong><\/h2>\n<p data-start=\"487\" data-end=\"712\">Diese bezaubernden Silberohrringe in Form eines Schmetterlings sind ein sch\u00f6nes Symbol der Weiblichkeit. Die funkelnden Zirkoniasteine verleihen den Ohrringen ein fr\u00f6hliches Funkeln, und das Design ist sowohl verspielt als auch raffiniert. \ud83d\ude0a<\/p>\n<p data-start=\"714\" data-end=\"877\">Dank des <strong data-start=\"716\" data-end=\"731\">Patentverschlusses<\/strong> ist er nicht nur stilvoll, sondern auch sicher und bequem zu tragen &#8211; so m\u00fcssen Sie sich nur auf das Vergn\u00fcgen des Augenblicks konzentrieren. \u2728<\/p>\n<ul data-start=\"879\" data-end=\"1080\">\n<li data-start=\"879\" data-end=\"908\">\n<p data-start=\"881\" data-end=\"908\"><strong data-start=\"881\" data-end=\"906\">AG 925 Sterling Silber<\/strong><\/p>\n<\/li>\n<li data-start=\"909\" data-end=\"949\">\n<p data-start=\"911\" data-end=\"949\"><strong data-start=\"911\" data-end=\"947\">Verziert mit wei\u00dfen Zirkoniasteinen<\/strong><\/p>\n<\/li>\n<li data-start=\"950\" data-end=\"981\">\n<p data-start=\"952\" data-end=\"981\"><strong data-start=\"952\" data-end=\"979\">Leicht, Schmetterlingsform<\/strong><\/p>\n<\/li>\n<li data-start=\"982\" data-end=\"1038\">\n<p data-start=\"984\" data-end=\"1038\"><strong data-start=\"984\" data-end=\"1036\">Patentverschluss: stabiler Verschluss und perfekter Tragekomfort<\/strong><\/p>\n<\/li>\n<li data-start=\"1039\" data-end=\"1080\">\n<p data-start=\"1041\" data-end=\"1080\"><strong data-start=\"1041\" data-end=\"1080\">Pers\u00f6nlicher Charme, verspielte Eleganz<\/strong><\/p>\n<\/li>\n<\/ul>\n<p data-start=\"1082\" data-end=\"1229\" data-is-last-node=\"\" data-is-only-node=\"\">Das Wetter mag tr\u00fcbe sein, Ihre Stimmung mag gedr\u00fcckt sein, aber dieser Ohrring wird Ihnen Lebensfreude bringen! \ud83d\udecd\ufe0f\ud83d\udc96 Holen Sie es sich jetzt und fliegen Sie in die Sch\u00f6nheit des t\u00e4glichen Lebens!<\/p>\n","protected":false},"excerpt":{"rendered":"<p data-start=\"249\" data-end=\"386\">Fr\u00f6hliche, m\u00fchelose Eleganz mit einem Hauch von Verspieltheit.<br data-start=\"322\" data-end=\"325\">Die brillante Schmetterlingsform wird Ihren Tag zum Strahlen bringen! \ud83d\udc8e\ud83e\udd8b\ud83d\udcab<\/p>\n","protected":false},"featured_media":106486,"template":"","meta":{"_acf_changed":false},"product_brand":[],"product_cat":[573],"product_tag":[527,650,628],"class_list":{"0":"post-112291","1":"product","2":"type-product","3":"status-publish","4":"has-post-thumbnail","6":"product_cat-silberne-ohrringe","7":"product_tag-silberschmuck-fur-damen","8":"product_tag-kinder-silberschmuck","9":"product_tag-tiermotiv","10":"description-off","12":"first","13":"instock","14":"sale","15":"taxable","16":"shipping-taxable","17":"purchasable","18":"product-type-simple"},"acf":[],"yoast_head":"<!-- This site is optimized with the Yoast SEO plugin v27.4 - https:\/\/yoast.com\/product\/yoast-seo-wordpress\/ -->\n<title>Silberne Schmetterlingsohrringe mit kubischen Zirkonsteinen | Diana Silver<\/title>\n<meta name=\"description\" content=\"Fedezd fel a leny\u0171g\u00f6z\u0151 Silberne Schmetterlingsohrringe mit kubischen Zirkonsteinen \u00e9kszer\u00fcnket. T\u00f6k\u00e9letes kieg\u00e9sz\u00edt\u0151 mindennapi viselethez \u00e9s k\u00fcl\u00f6nleges alkalmakra egyar\u00e1nt. Rendeld meg most!\" \/>\n<meta name=\"robots\" content=\"index, follow, max-snippet:-1, max-image-preview:large, max-video-preview:-1\" \/>\n<link rel=\"canonical\" href=\"https:\/\/dianasilver.com\/de\/termek\/silberne-schmetterlingsohrringe-mit-kubischen-zirkonsteinen\/\" \/>\n<meta property=\"og:locale\" content=\"de_DE\" \/>\n<meta property=\"og:type\" content=\"article\" \/>\n<meta property=\"og:title\" content=\"Silberne Schmetterlingsohrringe mit kubischen Zirkonsteinen | Diana Silver\" \/>\n<meta property=\"og:description\" content=\"Fedezd fel a leny\u0171g\u00f6z\u0151 Silberne Schmetterlingsohrringe mit kubischen Zirkonsteinen \u00e9kszer\u00fcnket. T\u00f6k\u00e9letes kieg\u00e9sz\u00edt\u0151 mindennapi viselethez \u00e9s k\u00fcl\u00f6nleges alkalmakra egyar\u00e1nt. Rendeld meg most!\" \/>\n<meta property=\"og:url\" content=\"https:\/\/dianasilver.com\/de\/termek\/silberne-schmetterlingsohrringe-mit-kubischen-zirkonsteinen\/\" \/>\n<meta property=\"og:site_name\" content=\"Diana Silver\" \/>\n<meta property=\"article:publisher\" content=\"https:\/\/www.facebook.com\/profile.php?id=100027231325117\" \/>\n<meta property=\"article:modified_time\" content=\"2026-03-09T23:21:37+00:00\" \/>\n<meta property=\"og:image\" content=\"https:\/\/dianasilver.com\/wp-content\/uploads\/2025\/06\/Ezust-pillangos-fulbevalo-cirkonia-kovekkel_1.jpg\" \/>\n\t<meta property=\"og:image:width\" content=\"1350\" \/>\n\t<meta property=\"og:image:height\" content=\"1800\" \/>\n\t<meta property=\"og:image:type\" content=\"image\/jpeg\" \/>\n<meta name=\"twitter:card\" content=\"summary_large_image\" \/>\n<meta name=\"twitter:label1\" content=\"Gesch\u00e4tzte Lesezeit\" \/>\n\t<meta name=\"twitter:data1\" content=\"1\u00a0Minute\" \/>\n<script type=\"application\/ld+json\" class=\"yoast-schema-graph\">{\"@context\":\"https:\\\/\\\/schema.org\",\"@graph\":[{\"@type\":\"WebPage\",\"@id\":\"https:\\\/\\\/dianasilver.com\\\/de\\\/termek\\\/silberne-schmetterlingsohrringe-mit-kubischen-zirkonsteinen\\\/\",\"url\":\"https:\\\/\\\/dianasilver.com\\\/de\\\/termek\\\/silberne-schmetterlingsohrringe-mit-kubischen-zirkonsteinen\\\/\",\"name\":\"Silberne Schmetterlingsohrringe mit kubischen Zirkonsteinen | Diana Silver\",\"isPartOf\":{\"@id\":\"https:\\\/\\\/dianasilver.com\\\/de\\\/#website\"},\"primaryImageOfPage\":{\"@id\":\"https:\\\/\\\/dianasilver.com\\\/de\\\/termek\\\/silberne-schmetterlingsohrringe-mit-kubischen-zirkonsteinen\\\/#primaryimage\"},\"image\":{\"@id\":\"https:\\\/\\\/dianasilver.com\\\/de\\\/termek\\\/silberne-schmetterlingsohrringe-mit-kubischen-zirkonsteinen\\\/#primaryimage\"},\"thumbnailUrl\":\"https:\\\/\\\/dianasilver.com\\\/wp-content\\\/uploads\\\/2025\\\/06\\\/Ezust-pillangos-fulbevalo-cirkonia-kovekkel_1.jpg\",\"datePublished\":\"2025-06-09T11:27:29+00:00\",\"dateModified\":\"2026-03-09T23:21:37+00:00\",\"description\":\"Fedezd fel a leny\u0171g\u00f6z\u0151 Silberne Schmetterlingsohrringe mit kubischen Zirkonsteinen \u00e9kszer\u00fcnket. T\u00f6k\u00e9letes kieg\u00e9sz\u00edt\u0151 mindennapi viselethez \u00e9s k\u00fcl\u00f6nleges alkalmakra egyar\u00e1nt. Rendeld meg most!\",\"breadcrumb\":{\"@id\":\"https:\\\/\\\/dianasilver.com\\\/de\\\/termek\\\/silberne-schmetterlingsohrringe-mit-kubischen-zirkonsteinen\\\/#breadcrumb\"},\"inLanguage\":\"de\",\"potentialAction\":[{\"@type\":\"ReadAction\",\"target\":[\"https:\\\/\\\/dianasilver.com\\\/de\\\/termek\\\/silberne-schmetterlingsohrringe-mit-kubischen-zirkonsteinen\\\/\"]}]},{\"@type\":\"ImageObject\",\"inLanguage\":\"de\",\"@id\":\"https:\\\/\\\/dianasilver.com\\\/de\\\/termek\\\/silberne-schmetterlingsohrringe-mit-kubischen-zirkonsteinen\\\/#primaryimage\",\"url\":\"https:\\\/\\\/dianasilver.com\\\/wp-content\\\/uploads\\\/2025\\\/06\\\/Ezust-pillangos-fulbevalo-cirkonia-kovekkel_1.jpg\",\"contentUrl\":\"https:\\\/\\\/dianasilver.com\\\/wp-content\\\/uploads\\\/2025\\\/06\\\/Ezust-pillangos-fulbevalo-cirkonia-kovekkel_1.jpg\",\"width\":1350,\"height\":1800},{\"@type\":\"BreadcrumbList\",\"@id\":\"https:\\\/\\\/dianasilver.com\\\/de\\\/termek\\\/silberne-schmetterlingsohrringe-mit-kubischen-zirkonsteinen\\\/#breadcrumb\",\"itemListElement\":[{\"@type\":\"ListItem\",\"position\":1,\"name\":\"Kezd\u0151lap\",\"item\":\"https:\\\/\\\/dianasilver.com\\\/de\\\/diana-silver-silberschmuck-webshop\\\/\"},{\"@type\":\"ListItem\",\"position\":2,\"name\":\"Shop\",\"item\":\"https:\\\/\\\/dianasilver.com\\\/de\\\/shop\\\/\"},{\"@type\":\"ListItem\",\"position\":3,\"name\":\"Silberne Schmetterlingsohrringe mit kubischen Zirkonsteinen\"}]},{\"@type\":\"WebSite\",\"@id\":\"https:\\\/\\\/dianasilver.com\\\/de\\\/#website\",\"url\":\"https:\\\/\\\/dianasilver.com\\\/de\\\/\",\"name\":\"Diana Silver\",\"description\":\"Tedd t\u00f6k\u00e9letesebb\u00e9 mindennapjaid a Diana Silver \u00e9kszereivel.\",\"publisher\":{\"@id\":\"https:\\\/\\\/dianasilver.com\\\/de\\\/#organization\"},\"alternateName\":\"Ez\u00fcst \u00c9kszer Web\u00e1ruh\u00e1z\",\"potentialAction\":[{\"@type\":\"SearchAction\",\"target\":{\"@type\":\"EntryPoint\",\"urlTemplate\":\"https:\\\/\\\/dianasilver.com\\\/de\\\/?s={search_term_string}\"},\"query-input\":{\"@type\":\"PropertyValueSpecification\",\"valueRequired\":true,\"valueName\":\"search_term_string\"}}],\"inLanguage\":\"de\"},{\"@type\":\"Organization\",\"@id\":\"https:\\\/\\\/dianasilver.com\\\/de\\\/#organization\",\"name\":\"Diana Silver\",\"url\":\"https:\\\/\\\/dianasilver.com\\\/de\\\/\",\"logo\":{\"@type\":\"ImageObject\",\"inLanguage\":\"de\",\"@id\":\"https:\\\/\\\/dianasilver.com\\\/de\\\/#\\\/schema\\\/logo\\\/image\\\/\",\"url\":\"https:\\\/\\\/dianasilver.com\\\/wp-content\\\/uploads\\\/2022\\\/08\\\/ezust-feher-1-koves-buttonos-stekkeres-fulbevalo-42.webp\",\"contentUrl\":\"https:\\\/\\\/dianasilver.com\\\/wp-content\\\/uploads\\\/2022\\\/08\\\/ezust-feher-1-koves-buttonos-stekkeres-fulbevalo-42.webp\",\"width\":300,\"height\":154,\"caption\":\"Diana Silver\"},\"image\":{\"@id\":\"https:\\\/\\\/dianasilver.com\\\/de\\\/#\\\/schema\\\/logo\\\/image\\\/\"},\"sameAs\":[\"https:\\\/\\\/www.facebook.com\\\/profile.php?id=100027231325117\"]}]}<\/script>\n<!-- \/ Yoast SEO plugin. -->","yoast_head_json":{"title":"Silberne Schmetterlingsohrringe mit kubischen Zirkonsteinen | Diana Silver","description":"Fedezd fel a leny\u0171g\u00f6z\u0151 Silberne Schmetterlingsohrringe mit kubischen Zirkonsteinen \u00e9kszer\u00fcnket. T\u00f6k\u00e9letes kieg\u00e9sz\u00edt\u0151 mindennapi viselethez \u00e9s k\u00fcl\u00f6nleges alkalmakra egyar\u00e1nt. Rendeld meg most!","robots":{"index":"index","follow":"follow","max-snippet":"max-snippet:-1","max-image-preview":"max-image-preview:large","max-video-preview":"max-video-preview:-1"},"canonical":"https:\/\/dianasilver.com\/de\/termek\/silberne-schmetterlingsohrringe-mit-kubischen-zirkonsteinen\/","og_locale":"de_DE","og_type":"article","og_title":"Silberne Schmetterlingsohrringe mit kubischen Zirkonsteinen | Diana Silver","og_description":"Fedezd fel a leny\u0171g\u00f6z\u0151 Silberne Schmetterlingsohrringe mit kubischen Zirkonsteinen \u00e9kszer\u00fcnket. T\u00f6k\u00e9letes kieg\u00e9sz\u00edt\u0151 mindennapi viselethez \u00e9s k\u00fcl\u00f6nleges alkalmakra egyar\u00e1nt. Rendeld meg most!","og_url":"https:\/\/dianasilver.com\/de\/termek\/silberne-schmetterlingsohrringe-mit-kubischen-zirkonsteinen\/","og_site_name":"Diana Silver","article_publisher":"https:\/\/www.facebook.com\/profile.php?id=100027231325117","article_modified_time":"2026-03-09T23:21:37+00:00","og_image":[{"width":1350,"height":1800,"url":"https:\/\/dianasilver.com\/wp-content\/uploads\/2025\/06\/Ezust-pillangos-fulbevalo-cirkonia-kovekkel_1.jpg","type":"image\/jpeg"}],"twitter_card":"summary_large_image","twitter_misc":{"Gesch\u00e4tzte Lesezeit":"1\u00a0Minute"},"schema":{"@context":"https:\/\/schema.org","@graph":[{"@type":"WebPage","@id":"https:\/\/dianasilver.com\/de\/termek\/silberne-schmetterlingsohrringe-mit-kubischen-zirkonsteinen\/","url":"https:\/\/dianasilver.com\/de\/termek\/silberne-schmetterlingsohrringe-mit-kubischen-zirkonsteinen\/","name":"Silberne Schmetterlingsohrringe mit kubischen Zirkonsteinen | Diana Silver","isPartOf":{"@id":"https:\/\/dianasilver.com\/de\/#website"},"primaryImageOfPage":{"@id":"https:\/\/dianasilver.com\/de\/termek\/silberne-schmetterlingsohrringe-mit-kubischen-zirkonsteinen\/#primaryimage"},"image":{"@id":"https:\/\/dianasilver.com\/de\/termek\/silberne-schmetterlingsohrringe-mit-kubischen-zirkonsteinen\/#primaryimage"},"thumbnailUrl":"https:\/\/dianasilver.com\/wp-content\/uploads\/2025\/06\/Ezust-pillangos-fulbevalo-cirkonia-kovekkel_1.jpg","datePublished":"2025-06-09T11:27:29+00:00","dateModified":"2026-03-09T23:21:37+00:00","description":"Fedezd fel a leny\u0171g\u00f6z\u0151 Silberne Schmetterlingsohrringe mit kubischen Zirkonsteinen \u00e9kszer\u00fcnket. T\u00f6k\u00e9letes kieg\u00e9sz\u00edt\u0151 mindennapi viselethez \u00e9s k\u00fcl\u00f6nleges alkalmakra egyar\u00e1nt. Rendeld meg most!","breadcrumb":{"@id":"https:\/\/dianasilver.com\/de\/termek\/silberne-schmetterlingsohrringe-mit-kubischen-zirkonsteinen\/#breadcrumb"},"inLanguage":"de","potentialAction":[{"@type":"ReadAction","target":["https:\/\/dianasilver.com\/de\/termek\/silberne-schmetterlingsohrringe-mit-kubischen-zirkonsteinen\/"]}]},{"@type":"ImageObject","inLanguage":"de","@id":"https:\/\/dianasilver.com\/de\/termek\/silberne-schmetterlingsohrringe-mit-kubischen-zirkonsteinen\/#primaryimage","url":"https:\/\/dianasilver.com\/wp-content\/uploads\/2025\/06\/Ezust-pillangos-fulbevalo-cirkonia-kovekkel_1.jpg","contentUrl":"https:\/\/dianasilver.com\/wp-content\/uploads\/2025\/06\/Ezust-pillangos-fulbevalo-cirkonia-kovekkel_1.jpg","width":1350,"height":1800},{"@type":"BreadcrumbList","@id":"https:\/\/dianasilver.com\/de\/termek\/silberne-schmetterlingsohrringe-mit-kubischen-zirkonsteinen\/#breadcrumb","itemListElement":[{"@type":"ListItem","position":1,"name":"Kezd\u0151lap","item":"https:\/\/dianasilver.com\/de\/diana-silver-silberschmuck-webshop\/"},{"@type":"ListItem","position":2,"name":"Shop","item":"https:\/\/dianasilver.com\/de\/shop\/"},{"@type":"ListItem","position":3,"name":"Silberne Schmetterlingsohrringe mit kubischen Zirkonsteinen"}]},{"@type":"WebSite","@id":"https:\/\/dianasilver.com\/de\/#website","url":"https:\/\/dianasilver.com\/de\/","name":"Diana Silver","description":"Tedd t\u00f6k\u00e9letesebb\u00e9 mindennapjaid a Diana Silver \u00e9kszereivel.","publisher":{"@id":"https:\/\/dianasilver.com\/de\/#organization"},"alternateName":"Ez\u00fcst \u00c9kszer Web\u00e1ruh\u00e1z","potentialAction":[{"@type":"SearchAction","target":{"@type":"EntryPoint","urlTemplate":"https:\/\/dianasilver.com\/de\/?s={search_term_string}"},"query-input":{"@type":"PropertyValueSpecification","valueRequired":true,"valueName":"search_term_string"}}],"inLanguage":"de"},{"@type":"Organization","@id":"https:\/\/dianasilver.com\/de\/#organization","name":"Diana Silver","url":"https:\/\/dianasilver.com\/de\/","logo":{"@type":"ImageObject","inLanguage":"de","@id":"https:\/\/dianasilver.com\/de\/#\/schema\/logo\/image\/","url":"https:\/\/dianasilver.com\/wp-content\/uploads\/2022\/08\/ezust-feher-1-koves-buttonos-stekkeres-fulbevalo-42.webp","contentUrl":"https:\/\/dianasilver.com\/wp-content\/uploads\/2022\/08\/ezust-feher-1-koves-buttonos-stekkeres-fulbevalo-42.webp","width":300,"height":154,"caption":"Diana Silver"},"image":{"@id":"https:\/\/dianasilver.com\/de\/#\/schema\/logo\/image\/"},"sameAs":["https:\/\/www.facebook.com\/profile.php?id=100027231325117"]}]}},"_links":{"self":[{"href":"https:\/\/dianasilver.com\/de\/wp-json\/wp\/v2\/product\/112291","targetHints":{"allow":["GET"]}}],"collection":[{"href":"https:\/\/dianasilver.com\/de\/wp-json\/wp\/v2\/product"}],"about":[{"href":"https:\/\/dianasilver.com\/de\/wp-json\/wp\/v2\/types\/product"}],"version-history":[{"count":0,"href":"https:\/\/dianasilver.com\/de\/wp-json\/wp\/v2\/product\/112291\/revisions"}],"wp:featuredmedia":[{"embeddable":true,"href":"https:\/\/dianasilver.com\/de\/wp-json\/wp\/v2\/media\/106486"}],"wp:attachment":[{"href":"https:\/\/dianasilver.com\/de\/wp-json\/wp\/v2\/media?parent=112291"}],"wp:term":[{"taxonomy":"product_brand","embeddable":true,"href":"https:\/\/dianasilver.com\/de\/wp-json\/wp\/v2\/product_brand?post=112291"},{"taxonomy":"product_cat","embeddable":true,"href":"https:\/\/dianasilver.com\/de\/wp-json\/wp\/v2\/product_cat?post=112291"},{"taxonomy":"product_tag","embeddable":true,"href":"https:\/\/dianasilver.com\/de\/wp-json\/wp\/v2\/product_tag?post=112291"}],"curies":[{"name":"wp","href":"https:\/\/api.w.org\/{rel}","templated":true}]}}