{"id":112279,"date":"2025-06-08T22:15:39","date_gmt":"2025-06-08T20:15:39","guid":{"rendered":"https:\/\/dianasilver.hu\/termek\/silberne-kettenoese-mit-weissen-steinen-besetzt\/"},"modified":"2026-01-16T17:36:59","modified_gmt":"2026-01-16T16:36:59","slug":"silberne-kettenoese-mit-weissen-steinen-besetzt","status":"publish","type":"product","link":"https:\/\/dianasilver.com\/de\/termek\/silberne-kettenoese-mit-weissen-steinen-besetzt\/","title":{"rendered":"Silberne Ketten\u00f6se mit wei\u00dfen Steinen besetzt"},"content":{"rendered":"<h2 data-start=\"378\" data-end=\"416\"><strong data-start=\"378\" data-end=\"416\">Moderne Form, raffinierter Glanz.<\/strong><\/h2>\n<p data-start=\"418\" data-end=\"770\">Die Form der Verbindung ist nicht nur stilistisch, sondern hat auch eine tiefere Bedeutung: Sie symbolisiert Verbindung, Einheit und zeitlose Verbundenheit. Die spielerisch bewegten, ineinandergreifenden Elemente des Anh\u00e4ngers und der Ohrringe in diesem Set verleihen Ihrem Look eine besondere Dynamik. Das Leuchten der wei\u00dfen Zirkoniasteine ist dezent, aber dennoch auffallend.<\/p>\n<p data-start=\"772\" data-end=\"908\">Die perfekte Wahl f\u00fcr alle, die schlichten, aber charaktervollen Schmuck lieben, der sowohl zu l\u00e4ssigen als auch zu allt\u00e4glichen Anl\u00e4ssen gut aussieht. \ud83d\udcab<\/p>\n<ul data-start=\"910\" data-end=\"1200\">\n<li data-start=\"910\" data-end=\"951\">\n<p data-start=\"912\" data-end=\"951\"><strong data-start=\"912\" data-end=\"949\">925 Silber mit Rhodiumbeschichtung<\/strong><\/p>\n<\/li>\n<li data-start=\"952\" data-end=\"1012\">\n<p data-start=\"954\" data-end=\"1012\"><strong data-start=\"954\" data-end=\"1010\">Kettenhemd-Motiv: Verbindung, Eleganz, Modernit\u00e4t<\/strong><\/p>\n<\/li>\n<li data-start=\"1013\" data-end=\"1065\">\n<p data-start=\"1015\" data-end=\"1065\"><strong data-start=\"1015\" data-end=\"1063\">Wei\u00dfe Zirkonia Verzierung f\u00fcr dezentes Funkeln<\/strong><\/p>\n<\/li>\n<li data-start=\"1066\" data-end=\"1133\">\n<p data-start=\"1068\" data-end=\"1133\"><strong data-start=\"1068\" data-end=\"1131\">Ohrringe mit Patentverschluss f\u00fcr bequemes und sicheres Tragen<\/strong><\/p>\n<\/li>\n<li data-start=\"1134\" data-end=\"1200\">\n<p data-start=\"1136\" data-end=\"1200\"><strong data-start=\"1136\" data-end=\"1200\">Der Anh\u00e4nger kann an jeder Kette ein luftiges, aber dennoch akzentuierendes Schmuckst\u00fcck sein<\/strong><\/p>\n<\/li>\n<\/ul>\n<p data-start=\"1202\" data-end=\"1505\">Dies ist die Art von Set, die Sie leicht in Ihren Alltag integrieren k\u00f6nnen und die sich dennoch jedes Mal besonders anf\u00fchlt. \ud83c\udf1f Wenn Sie Schlichtheit m\u00f6gen, die etwas \u00fcber Sie aussagt, ist dieses Set die perfekte Wahl. Bestellen Sie es jetzt und tragen Sie es mit Stolz als Zeichen Ihres Stils! \ud83e\udd0d\ud83d\udcab<\/p>\n","protected":false},"excerpt":{"rendered":"<p>Dieses elegante Set mit einem Kettengliedmotiv verleiht einen modernen und zugleich femininen Look. Die besondere Harmonie von gl\u00e4nzendem Silber und wei\u00dfen Steinen zieht den Blick sanft an. \u2728\ud83d\udc8e<\/p>\n","protected":false},"featured_media":106334,"template":"","meta":{"_acf_changed":false},"product_brand":[],"product_cat":[526],"product_tag":[527],"class_list":{"0":"post-112279","1":"product","2":"type-product","3":"status-publish","4":"has-post-thumbnail","6":"product_cat-silberschmuck-set","7":"product_tag-silberschmuck-fur-damen","8":"description-off","10":"first","11":"instock","12":"taxable","13":"shipping-taxable","14":"purchasable","15":"product-type-simple"},"acf":[],"yoast_head":"<!-- This site is optimized with the Yoast SEO plugin v27.4 - https:\/\/yoast.com\/product\/yoast-seo-wordpress\/ -->\n<title>Silberne Ketten\u00f6se mit wei\u00dfen Steinen besetzt | Diana Silver<\/title>\n<meta name=\"description\" content=\"Fedezd fel a leny\u0171g\u00f6z\u0151 Silberne Ketten\u00f6se mit wei\u00dfen Steinen besetzt \u00e9kszer\u00fcnket. T\u00f6k\u00e9letes kieg\u00e9sz\u00edt\u0151 mindennapi viselethez \u00e9s k\u00fcl\u00f6nleges alkalmakra egyar\u00e1nt. Rendeld meg most!\" \/>\n<meta name=\"robots\" content=\"index, follow, max-snippet:-1, max-image-preview:large, max-video-preview:-1\" \/>\n<link rel=\"canonical\" href=\"https:\/\/dianasilver.com\/de\/termek\/silberne-kettenoese-mit-weissen-steinen-besetzt\/\" \/>\n<meta property=\"og:locale\" content=\"de_DE\" \/>\n<meta property=\"og:type\" content=\"article\" \/>\n<meta property=\"og:title\" content=\"Silberne Ketten\u00f6se mit wei\u00dfen Steinen besetzt | Diana Silver\" \/>\n<meta property=\"og:description\" content=\"Fedezd fel a leny\u0171g\u00f6z\u0151 Silberne Ketten\u00f6se mit wei\u00dfen Steinen besetzt \u00e9kszer\u00fcnket. T\u00f6k\u00e9letes kieg\u00e9sz\u00edt\u0151 mindennapi viselethez \u00e9s k\u00fcl\u00f6nleges alkalmakra egyar\u00e1nt. Rendeld meg most!\" \/>\n<meta property=\"og:url\" content=\"https:\/\/dianasilver.com\/de\/termek\/silberne-kettenoese-mit-weissen-steinen-besetzt\/\" \/>\n<meta property=\"og:site_name\" content=\"Diana Silver\" \/>\n<meta property=\"article:publisher\" content=\"https:\/\/www.facebook.com\/profile.php?id=100027231325117\" \/>\n<meta property=\"article:modified_time\" content=\"2026-01-16T16:36:59+00:00\" \/>\n<meta property=\"og:image\" content=\"https:\/\/dianasilver.com\/wp-content\/uploads\/2025\/06\/Ezust-lancszemes-szett-feher-kovekkel_2-1.jpg\" \/>\n\t<meta property=\"og:image:width\" content=\"1350\" \/>\n\t<meta property=\"og:image:height\" content=\"1800\" \/>\n\t<meta property=\"og:image:type\" content=\"image\/jpeg\" \/>\n<meta name=\"twitter:card\" content=\"summary_large_image\" \/>\n<meta name=\"twitter:label1\" content=\"Gesch\u00e4tzte Lesezeit\" \/>\n\t<meta name=\"twitter:data1\" content=\"1\u00a0Minute\" \/>\n<script type=\"application\/ld+json\" class=\"yoast-schema-graph\">{\"@context\":\"https:\\\/\\\/schema.org\",\"@graph\":[{\"@type\":\"WebPage\",\"@id\":\"https:\\\/\\\/dianasilver.com\\\/de\\\/termek\\\/silberne-kettenoese-mit-weissen-steinen-besetzt\\\/\",\"url\":\"https:\\\/\\\/dianasilver.com\\\/de\\\/termek\\\/silberne-kettenoese-mit-weissen-steinen-besetzt\\\/\",\"name\":\"Silberne Ketten\u00f6se mit wei\u00dfen Steinen besetzt | Diana Silver\",\"isPartOf\":{\"@id\":\"https:\\\/\\\/dianasilver.com\\\/de\\\/#website\"},\"primaryImageOfPage\":{\"@id\":\"https:\\\/\\\/dianasilver.com\\\/de\\\/termek\\\/silberne-kettenoese-mit-weissen-steinen-besetzt\\\/#primaryimage\"},\"image\":{\"@id\":\"https:\\\/\\\/dianasilver.com\\\/de\\\/termek\\\/silberne-kettenoese-mit-weissen-steinen-besetzt\\\/#primaryimage\"},\"thumbnailUrl\":\"https:\\\/\\\/dianasilver.com\\\/wp-content\\\/uploads\\\/2025\\\/06\\\/Ezust-lancszemes-szett-feher-kovekkel_2-1.jpg\",\"datePublished\":\"2025-06-08T20:15:39+00:00\",\"dateModified\":\"2026-01-16T16:36:59+00:00\",\"description\":\"Fedezd fel a leny\u0171g\u00f6z\u0151 Silberne Ketten\u00f6se mit wei\u00dfen Steinen besetzt \u00e9kszer\u00fcnket. T\u00f6k\u00e9letes kieg\u00e9sz\u00edt\u0151 mindennapi viselethez \u00e9s k\u00fcl\u00f6nleges alkalmakra egyar\u00e1nt. Rendeld meg most!\",\"breadcrumb\":{\"@id\":\"https:\\\/\\\/dianasilver.com\\\/de\\\/termek\\\/silberne-kettenoese-mit-weissen-steinen-besetzt\\\/#breadcrumb\"},\"inLanguage\":\"de\",\"potentialAction\":[{\"@type\":\"ReadAction\",\"target\":[\"https:\\\/\\\/dianasilver.com\\\/de\\\/termek\\\/silberne-kettenoese-mit-weissen-steinen-besetzt\\\/\"]}]},{\"@type\":\"ImageObject\",\"inLanguage\":\"de\",\"@id\":\"https:\\\/\\\/dianasilver.com\\\/de\\\/termek\\\/silberne-kettenoese-mit-weissen-steinen-besetzt\\\/#primaryimage\",\"url\":\"https:\\\/\\\/dianasilver.com\\\/wp-content\\\/uploads\\\/2025\\\/06\\\/Ezust-lancszemes-szett-feher-kovekkel_2-1.jpg\",\"contentUrl\":\"https:\\\/\\\/dianasilver.com\\\/wp-content\\\/uploads\\\/2025\\\/06\\\/Ezust-lancszemes-szett-feher-kovekkel_2-1.jpg\",\"width\":1350,\"height\":1800},{\"@type\":\"BreadcrumbList\",\"@id\":\"https:\\\/\\\/dianasilver.com\\\/de\\\/termek\\\/silberne-kettenoese-mit-weissen-steinen-besetzt\\\/#breadcrumb\",\"itemListElement\":[{\"@type\":\"ListItem\",\"position\":1,\"name\":\"Kezd\u0151lap\",\"item\":\"https:\\\/\\\/dianasilver.com\\\/de\\\/diana-silver-silberschmuck-webshop\\\/\"},{\"@type\":\"ListItem\",\"position\":2,\"name\":\"Shop\",\"item\":\"https:\\\/\\\/dianasilver.com\\\/de\\\/shop\\\/\"},{\"@type\":\"ListItem\",\"position\":3,\"name\":\"Silberne Ketten\u00f6se mit wei\u00dfen Steinen besetzt\"}]},{\"@type\":\"WebSite\",\"@id\":\"https:\\\/\\\/dianasilver.com\\\/de\\\/#website\",\"url\":\"https:\\\/\\\/dianasilver.com\\\/de\\\/\",\"name\":\"Diana Silver\",\"description\":\"Tedd t\u00f6k\u00e9letesebb\u00e9 mindennapjaid a Diana Silver \u00e9kszereivel.\",\"publisher\":{\"@id\":\"https:\\\/\\\/dianasilver.com\\\/de\\\/#organization\"},\"alternateName\":\"Ez\u00fcst \u00c9kszer Web\u00e1ruh\u00e1z\",\"potentialAction\":[{\"@type\":\"SearchAction\",\"target\":{\"@type\":\"EntryPoint\",\"urlTemplate\":\"https:\\\/\\\/dianasilver.com\\\/de\\\/?s={search_term_string}\"},\"query-input\":{\"@type\":\"PropertyValueSpecification\",\"valueRequired\":true,\"valueName\":\"search_term_string\"}}],\"inLanguage\":\"de\"},{\"@type\":\"Organization\",\"@id\":\"https:\\\/\\\/dianasilver.com\\\/de\\\/#organization\",\"name\":\"Diana Silver\",\"url\":\"https:\\\/\\\/dianasilver.com\\\/de\\\/\",\"logo\":{\"@type\":\"ImageObject\",\"inLanguage\":\"de\",\"@id\":\"https:\\\/\\\/dianasilver.com\\\/de\\\/#\\\/schema\\\/logo\\\/image\\\/\",\"url\":\"https:\\\/\\\/dianasilver.com\\\/wp-content\\\/uploads\\\/2022\\\/08\\\/ezust-feher-1-koves-buttonos-stekkeres-fulbevalo-42.webp\",\"contentUrl\":\"https:\\\/\\\/dianasilver.com\\\/wp-content\\\/uploads\\\/2022\\\/08\\\/ezust-feher-1-koves-buttonos-stekkeres-fulbevalo-42.webp\",\"width\":300,\"height\":154,\"caption\":\"Diana Silver\"},\"image\":{\"@id\":\"https:\\\/\\\/dianasilver.com\\\/de\\\/#\\\/schema\\\/logo\\\/image\\\/\"},\"sameAs\":[\"https:\\\/\\\/www.facebook.com\\\/profile.php?id=100027231325117\"]}]}<\/script>\n<!-- \/ Yoast SEO plugin. -->","yoast_head_json":{"title":"Silberne Ketten\u00f6se mit wei\u00dfen Steinen besetzt | Diana Silver","description":"Fedezd fel a leny\u0171g\u00f6z\u0151 Silberne Ketten\u00f6se mit wei\u00dfen Steinen besetzt \u00e9kszer\u00fcnket. T\u00f6k\u00e9letes kieg\u00e9sz\u00edt\u0151 mindennapi viselethez \u00e9s k\u00fcl\u00f6nleges alkalmakra egyar\u00e1nt. Rendeld meg most!","robots":{"index":"index","follow":"follow","max-snippet":"max-snippet:-1","max-image-preview":"max-image-preview:large","max-video-preview":"max-video-preview:-1"},"canonical":"https:\/\/dianasilver.com\/de\/termek\/silberne-kettenoese-mit-weissen-steinen-besetzt\/","og_locale":"de_DE","og_type":"article","og_title":"Silberne Ketten\u00f6se mit wei\u00dfen Steinen besetzt | Diana Silver","og_description":"Fedezd fel a leny\u0171g\u00f6z\u0151 Silberne Ketten\u00f6se mit wei\u00dfen Steinen besetzt \u00e9kszer\u00fcnket. T\u00f6k\u00e9letes kieg\u00e9sz\u00edt\u0151 mindennapi viselethez \u00e9s k\u00fcl\u00f6nleges alkalmakra egyar\u00e1nt. Rendeld meg most!","og_url":"https:\/\/dianasilver.com\/de\/termek\/silberne-kettenoese-mit-weissen-steinen-besetzt\/","og_site_name":"Diana Silver","article_publisher":"https:\/\/www.facebook.com\/profile.php?id=100027231325117","article_modified_time":"2026-01-16T16:36:59+00:00","og_image":[{"width":1350,"height":1800,"url":"https:\/\/dianasilver.com\/wp-content\/uploads\/2025\/06\/Ezust-lancszemes-szett-feher-kovekkel_2-1.jpg","type":"image\/jpeg"}],"twitter_card":"summary_large_image","twitter_misc":{"Gesch\u00e4tzte Lesezeit":"1\u00a0Minute"},"schema":{"@context":"https:\/\/schema.org","@graph":[{"@type":"WebPage","@id":"https:\/\/dianasilver.com\/de\/termek\/silberne-kettenoese-mit-weissen-steinen-besetzt\/","url":"https:\/\/dianasilver.com\/de\/termek\/silberne-kettenoese-mit-weissen-steinen-besetzt\/","name":"Silberne Ketten\u00f6se mit wei\u00dfen Steinen besetzt | Diana Silver","isPartOf":{"@id":"https:\/\/dianasilver.com\/de\/#website"},"primaryImageOfPage":{"@id":"https:\/\/dianasilver.com\/de\/termek\/silberne-kettenoese-mit-weissen-steinen-besetzt\/#primaryimage"},"image":{"@id":"https:\/\/dianasilver.com\/de\/termek\/silberne-kettenoese-mit-weissen-steinen-besetzt\/#primaryimage"},"thumbnailUrl":"https:\/\/dianasilver.com\/wp-content\/uploads\/2025\/06\/Ezust-lancszemes-szett-feher-kovekkel_2-1.jpg","datePublished":"2025-06-08T20:15:39+00:00","dateModified":"2026-01-16T16:36:59+00:00","description":"Fedezd fel a leny\u0171g\u00f6z\u0151 Silberne Ketten\u00f6se mit wei\u00dfen Steinen besetzt \u00e9kszer\u00fcnket. T\u00f6k\u00e9letes kieg\u00e9sz\u00edt\u0151 mindennapi viselethez \u00e9s k\u00fcl\u00f6nleges alkalmakra egyar\u00e1nt. Rendeld meg most!","breadcrumb":{"@id":"https:\/\/dianasilver.com\/de\/termek\/silberne-kettenoese-mit-weissen-steinen-besetzt\/#breadcrumb"},"inLanguage":"de","potentialAction":[{"@type":"ReadAction","target":["https:\/\/dianasilver.com\/de\/termek\/silberne-kettenoese-mit-weissen-steinen-besetzt\/"]}]},{"@type":"ImageObject","inLanguage":"de","@id":"https:\/\/dianasilver.com\/de\/termek\/silberne-kettenoese-mit-weissen-steinen-besetzt\/#primaryimage","url":"https:\/\/dianasilver.com\/wp-content\/uploads\/2025\/06\/Ezust-lancszemes-szett-feher-kovekkel_2-1.jpg","contentUrl":"https:\/\/dianasilver.com\/wp-content\/uploads\/2025\/06\/Ezust-lancszemes-szett-feher-kovekkel_2-1.jpg","width":1350,"height":1800},{"@type":"BreadcrumbList","@id":"https:\/\/dianasilver.com\/de\/termek\/silberne-kettenoese-mit-weissen-steinen-besetzt\/#breadcrumb","itemListElement":[{"@type":"ListItem","position":1,"name":"Kezd\u0151lap","item":"https:\/\/dianasilver.com\/de\/diana-silver-silberschmuck-webshop\/"},{"@type":"ListItem","position":2,"name":"Shop","item":"https:\/\/dianasilver.com\/de\/shop\/"},{"@type":"ListItem","position":3,"name":"Silberne Ketten\u00f6se mit wei\u00dfen Steinen besetzt"}]},{"@type":"WebSite","@id":"https:\/\/dianasilver.com\/de\/#website","url":"https:\/\/dianasilver.com\/de\/","name":"Diana Silver","description":"Tedd t\u00f6k\u00e9letesebb\u00e9 mindennapjaid a Diana Silver \u00e9kszereivel.","publisher":{"@id":"https:\/\/dianasilver.com\/de\/#organization"},"alternateName":"Ez\u00fcst \u00c9kszer Web\u00e1ruh\u00e1z","potentialAction":[{"@type":"SearchAction","target":{"@type":"EntryPoint","urlTemplate":"https:\/\/dianasilver.com\/de\/?s={search_term_string}"},"query-input":{"@type":"PropertyValueSpecification","valueRequired":true,"valueName":"search_term_string"}}],"inLanguage":"de"},{"@type":"Organization","@id":"https:\/\/dianasilver.com\/de\/#organization","name":"Diana Silver","url":"https:\/\/dianasilver.com\/de\/","logo":{"@type":"ImageObject","inLanguage":"de","@id":"https:\/\/dianasilver.com\/de\/#\/schema\/logo\/image\/","url":"https:\/\/dianasilver.com\/wp-content\/uploads\/2022\/08\/ezust-feher-1-koves-buttonos-stekkeres-fulbevalo-42.webp","contentUrl":"https:\/\/dianasilver.com\/wp-content\/uploads\/2022\/08\/ezust-feher-1-koves-buttonos-stekkeres-fulbevalo-42.webp","width":300,"height":154,"caption":"Diana Silver"},"image":{"@id":"https:\/\/dianasilver.com\/de\/#\/schema\/logo\/image\/"},"sameAs":["https:\/\/www.facebook.com\/profile.php?id=100027231325117"]}]}},"_links":{"self":[{"href":"https:\/\/dianasilver.com\/de\/wp-json\/wp\/v2\/product\/112279","targetHints":{"allow":["GET"]}}],"collection":[{"href":"https:\/\/dianasilver.com\/de\/wp-json\/wp\/v2\/product"}],"about":[{"href":"https:\/\/dianasilver.com\/de\/wp-json\/wp\/v2\/types\/product"}],"version-history":[{"count":0,"href":"https:\/\/dianasilver.com\/de\/wp-json\/wp\/v2\/product\/112279\/revisions"}],"wp:featuredmedia":[{"embeddable":true,"href":"https:\/\/dianasilver.com\/de\/wp-json\/wp\/v2\/media\/106334"}],"wp:attachment":[{"href":"https:\/\/dianasilver.com\/de\/wp-json\/wp\/v2\/media?parent=112279"}],"wp:term":[{"taxonomy":"product_brand","embeddable":true,"href":"https:\/\/dianasilver.com\/de\/wp-json\/wp\/v2\/product_brand?post=112279"},{"taxonomy":"product_cat","embeddable":true,"href":"https:\/\/dianasilver.com\/de\/wp-json\/wp\/v2\/product_cat?post=112279"},{"taxonomy":"product_tag","embeddable":true,"href":"https:\/\/dianasilver.com\/de\/wp-json\/wp\/v2\/product_tag?post=112279"}],"curies":[{"name":"wp","href":"https:\/\/api.w.org\/{rel}","templated":true}]}}