{"id":112258,"date":"2025-06-06T09:40:51","date_gmt":"2025-06-06T07:40:51","guid":{"rendered":"https:\/\/dianasilver.hu\/termek\/grosse-silberohrringe-mit-diamantschliffmuster\/"},"modified":"2026-03-10T00:21:38","modified_gmt":"2026-03-09T23:21:38","slug":"grosse-silberohrringe-mit-diamantschliffmuster","status":"publish","type":"product","link":"https:\/\/dianasilver.com\/de\/termek\/grosse-silberohrringe-mit-diamantschliffmuster\/","title":{"rendered":"Gro\u00dfe Silberohrringe mit Diamantschliffmuster"},"content":{"rendered":"<h2 data-start=\"388\" data-end=\"480\"><strong data-start=\"388\" data-end=\"478\">Gro\u00dfe Silberohrringe mit Diamantschliffmuster &#8211; raffiniertes Funkeln f\u00fcr jeden Tag<\/strong><\/h2>\n<p data-start=\"482\" data-end=\"733\">Dieser Ohrring ist ein echtes Grundnahrungsmittel, das Sie zu jedem Anlass tragen k\u00f6nnen. Die Form des Reifs symbolisiert Einheit und Harmonie, w\u00e4hrend das Rautenmuster ihm eine besondere Lichtbrechung verleiht, die zum Leben erwacht, wenn Sie sich bewegen. Schlicht und doch auff\u00e4llig &#8211; genau wie Sie. \ud83e\udd0d<\/p>\n<ul data-start=\"735\" data-end=\"1147\">\n<li data-start=\"735\" data-end=\"899\">\n<p data-start=\"737\" data-end=\"773\"><strong data-start=\"737\" data-end=\"771\">Was symbolisiert die Form\/das Muster?<\/strong><\/p>\n<ul data-start=\"776\" data-end=\"899\">\n<li data-start=\"776\" data-end=\"832\">\n<p data-start=\"778\" data-end=\"832\">Der Kreis vermittelt eine Botschaft der Selbstliebe und Ganzheitlichkeit<\/p>\n<\/li>\n<li data-start=\"835\" data-end=\"899\">\n<p data-start=\"837\" data-end=\"899\">Das rautenf\u00f6rmige Muster spiegelt das innere Bed\u00fcrfnis zu gl\u00e4nzen wider<\/p>\n<\/li>\n<\/ul>\n<\/li>\n<li data-start=\"901\" data-end=\"1147\">\n<p data-start=\"903\" data-end=\"923\"><strong data-start=\"903\" data-end=\"921\">Warum w\u00e4hlen Sie es?<\/strong><\/p>\n<ul data-start=\"926\" data-end=\"1147\">\n<li data-start=\"926\" data-end=\"948\">\n<p data-start=\"928\" data-end=\"948\">925er Sterlingsilber<\/p>\n<\/li>\n<li data-start=\"951\" data-end=\"989\">\n<p data-start=\"953\" data-end=\"989\">Rodium-Beschichtung f\u00fcr lang anhaltenden Glanz<\/p>\n<\/li>\n<li data-start=\"992\" data-end=\"1037\">\n<p data-start=\"994\" data-end=\"1037\">Leicht zu tragen und dennoch auff\u00e4llig im Aussehen<\/p>\n<\/li>\n<li data-start=\"1040\" data-end=\"1101\">\n<p data-start=\"1042\" data-end=\"1101\">Diamantgeschliffene Oberfl\u00e4che: zus\u00e4tzliches Funkeln bei jeder Bewegung<\/p>\n<\/li>\n<li data-start=\"1104\" data-end=\"1147\">\n<p data-start=\"1106\" data-end=\"1147\">Klassische Form mit einem modernen Twist<\/p>\n<\/li>\n<\/ul>\n<\/li>\n<\/ul>\n<p data-start=\"1149\" data-end=\"1244\">Perfekt zur Selbstdarstellung, als Geschenk oder wenn Sie einfach nur gl\u00e4nzen wollen. \ud83c\udf1f\ud83d\ude0a<\/p>\n","protected":false},"excerpt":{"rendered":"<p>Spektakul\u00e4re und doch elegante Silberohrringe mit Diamantschliffmuster. Das Licht bricht sich spielerisch an ihm &#8211; genau wie Ihre auff\u00e4llige Pers\u00f6nlichkeit. \ud83d\udcab<\/p>\n","protected":false},"featured_media":105787,"template":"","meta":{"_acf_changed":false},"product_brand":[],"product_cat":[602,573],"product_tag":[527],"class_list":{"0":"post-112258","1":"product","2":"type-product","3":"status-publish","4":"has-post-thumbnail","6":"product_cat-silberne-creolen","7":"product_cat-silberne-ohrringe","8":"product_tag-silberschmuck-fur-damen","9":"description-off","11":"first","12":"instock","13":"sale","14":"taxable","15":"shipping-taxable","16":"purchasable","17":"product-type-simple"},"acf":[],"yoast_head":"<!-- This site is optimized with the Yoast SEO plugin v27.3 - https:\/\/yoast.com\/product\/yoast-seo-wordpress\/ -->\n<title>Gro\u00dfe Silberohrringe mit Diamantschliffmuster | Diana Silver<\/title>\n<meta name=\"description\" content=\"Fedezd fel a leny\u0171g\u00f6z\u0151 Gro\u00dfe Silberohrringe mit Diamantschliffmuster \u00e9kszer\u00fcnket. T\u00f6k\u00e9letes kieg\u00e9sz\u00edt\u0151 mindennapi viselethez \u00e9s k\u00fcl\u00f6nleges alkalmakra egyar\u00e1nt. Rendeld meg most!\" \/>\n<meta name=\"robots\" content=\"index, follow, max-snippet:-1, max-image-preview:large, max-video-preview:-1\" \/>\n<link rel=\"canonical\" href=\"https:\/\/dianasilver.com\/de\/termek\/grosse-silberohrringe-mit-diamantschliffmuster\/\" \/>\n<meta property=\"og:locale\" content=\"de_DE\" \/>\n<meta property=\"og:type\" content=\"article\" \/>\n<meta property=\"og:title\" content=\"Gro\u00dfe Silberohrringe mit Diamantschliffmuster | Diana Silver\" \/>\n<meta property=\"og:description\" content=\"Fedezd fel a leny\u0171g\u00f6z\u0151 Gro\u00dfe Silberohrringe mit Diamantschliffmuster \u00e9kszer\u00fcnket. T\u00f6k\u00e9letes kieg\u00e9sz\u00edt\u0151 mindennapi viselethez \u00e9s k\u00fcl\u00f6nleges alkalmakra egyar\u00e1nt. Rendeld meg most!\" \/>\n<meta property=\"og:url\" content=\"https:\/\/dianasilver.com\/de\/termek\/grosse-silberohrringe-mit-diamantschliffmuster\/\" \/>\n<meta property=\"og:site_name\" content=\"Diana Silver\" \/>\n<meta property=\"article:publisher\" content=\"https:\/\/www.facebook.com\/profile.php?id=100027231325117\" \/>\n<meta property=\"article:modified_time\" content=\"2026-03-09T23:21:38+00:00\" \/>\n<meta property=\"og:image\" content=\"https:\/\/dianasilver.com\/wp-content\/uploads\/2025\/06\/Ezust-nagy-karika-fulbevalo-gyemantvesett-mintaval.jpg\" \/>\n\t<meta property=\"og:image:width\" content=\"1350\" \/>\n\t<meta property=\"og:image:height\" content=\"1800\" \/>\n\t<meta property=\"og:image:type\" content=\"image\/jpeg\" \/>\n<meta name=\"twitter:card\" content=\"summary_large_image\" \/>\n<meta name=\"twitter:label1\" content=\"Gesch\u00e4tzte Lesezeit\" \/>\n\t<meta name=\"twitter:data1\" content=\"1\u00a0Minute\" \/>\n<script type=\"application\/ld+json\" class=\"yoast-schema-graph\">{\"@context\":\"https:\\\/\\\/schema.org\",\"@graph\":[{\"@type\":\"WebPage\",\"@id\":\"https:\\\/\\\/dianasilver.com\\\/de\\\/termek\\\/grosse-silberohrringe-mit-diamantschliffmuster\\\/\",\"url\":\"https:\\\/\\\/dianasilver.com\\\/de\\\/termek\\\/grosse-silberohrringe-mit-diamantschliffmuster\\\/\",\"name\":\"Gro\u00dfe Silberohrringe mit Diamantschliffmuster | Diana Silver\",\"isPartOf\":{\"@id\":\"https:\\\/\\\/dianasilver.com\\\/de\\\/#website\"},\"primaryImageOfPage\":{\"@id\":\"https:\\\/\\\/dianasilver.com\\\/de\\\/termek\\\/grosse-silberohrringe-mit-diamantschliffmuster\\\/#primaryimage\"},\"image\":{\"@id\":\"https:\\\/\\\/dianasilver.com\\\/de\\\/termek\\\/grosse-silberohrringe-mit-diamantschliffmuster\\\/#primaryimage\"},\"thumbnailUrl\":\"https:\\\/\\\/dianasilver.com\\\/wp-content\\\/uploads\\\/2025\\\/06\\\/Ezust-nagy-karika-fulbevalo-gyemantvesett-mintaval.jpg\",\"datePublished\":\"2025-06-06T07:40:51+00:00\",\"dateModified\":\"2026-03-09T23:21:38+00:00\",\"description\":\"Fedezd fel a leny\u0171g\u00f6z\u0151 Gro\u00dfe Silberohrringe mit Diamantschliffmuster \u00e9kszer\u00fcnket. T\u00f6k\u00e9letes kieg\u00e9sz\u00edt\u0151 mindennapi viselethez \u00e9s k\u00fcl\u00f6nleges alkalmakra egyar\u00e1nt. Rendeld meg most!\",\"breadcrumb\":{\"@id\":\"https:\\\/\\\/dianasilver.com\\\/de\\\/termek\\\/grosse-silberohrringe-mit-diamantschliffmuster\\\/#breadcrumb\"},\"inLanguage\":\"de\",\"potentialAction\":[{\"@type\":\"ReadAction\",\"target\":[\"https:\\\/\\\/dianasilver.com\\\/de\\\/termek\\\/grosse-silberohrringe-mit-diamantschliffmuster\\\/\"]}]},{\"@type\":\"ImageObject\",\"inLanguage\":\"de\",\"@id\":\"https:\\\/\\\/dianasilver.com\\\/de\\\/termek\\\/grosse-silberohrringe-mit-diamantschliffmuster\\\/#primaryimage\",\"url\":\"https:\\\/\\\/dianasilver.com\\\/wp-content\\\/uploads\\\/2025\\\/06\\\/Ezust-nagy-karika-fulbevalo-gyemantvesett-mintaval.jpg\",\"contentUrl\":\"https:\\\/\\\/dianasilver.com\\\/wp-content\\\/uploads\\\/2025\\\/06\\\/Ezust-nagy-karika-fulbevalo-gyemantvesett-mintaval.jpg\",\"width\":1350,\"height\":1800},{\"@type\":\"BreadcrumbList\",\"@id\":\"https:\\\/\\\/dianasilver.com\\\/de\\\/termek\\\/grosse-silberohrringe-mit-diamantschliffmuster\\\/#breadcrumb\",\"itemListElement\":[{\"@type\":\"ListItem\",\"position\":1,\"name\":\"Kezd\u0151lap\",\"item\":\"https:\\\/\\\/dianasilver.com\\\/de\\\/diana-silver-silberschmuck-webshop\\\/\"},{\"@type\":\"ListItem\",\"position\":2,\"name\":\"Shop\",\"item\":\"https:\\\/\\\/dianasilver.com\\\/de\\\/shop\\\/\"},{\"@type\":\"ListItem\",\"position\":3,\"name\":\"Gro\u00dfe Silberohrringe mit Diamantschliffmuster\"}]},{\"@type\":\"WebSite\",\"@id\":\"https:\\\/\\\/dianasilver.com\\\/de\\\/#website\",\"url\":\"https:\\\/\\\/dianasilver.com\\\/de\\\/\",\"name\":\"Diana Silver\",\"description\":\"Tedd t\u00f6k\u00e9letesebb\u00e9 mindennapjaid a Diana Silver \u00e9kszereivel.\",\"publisher\":{\"@id\":\"https:\\\/\\\/dianasilver.com\\\/de\\\/#organization\"},\"alternateName\":\"Ez\u00fcst \u00c9kszer Web\u00e1ruh\u00e1z\",\"potentialAction\":[{\"@type\":\"SearchAction\",\"target\":{\"@type\":\"EntryPoint\",\"urlTemplate\":\"https:\\\/\\\/dianasilver.com\\\/de\\\/?s={search_term_string}\"},\"query-input\":{\"@type\":\"PropertyValueSpecification\",\"valueRequired\":true,\"valueName\":\"search_term_string\"}}],\"inLanguage\":\"de\"},{\"@type\":\"Organization\",\"@id\":\"https:\\\/\\\/dianasilver.com\\\/de\\\/#organization\",\"name\":\"Diana Silver\",\"url\":\"https:\\\/\\\/dianasilver.com\\\/de\\\/\",\"logo\":{\"@type\":\"ImageObject\",\"inLanguage\":\"de\",\"@id\":\"https:\\\/\\\/dianasilver.com\\\/de\\\/#\\\/schema\\\/logo\\\/image\\\/\",\"url\":\"https:\\\/\\\/dianasilver.com\\\/wp-content\\\/uploads\\\/2022\\\/08\\\/ezust-feher-1-koves-buttonos-stekkeres-fulbevalo-42.webp\",\"contentUrl\":\"https:\\\/\\\/dianasilver.com\\\/wp-content\\\/uploads\\\/2022\\\/08\\\/ezust-feher-1-koves-buttonos-stekkeres-fulbevalo-42.webp\",\"width\":300,\"height\":154,\"caption\":\"Diana Silver\"},\"image\":{\"@id\":\"https:\\\/\\\/dianasilver.com\\\/de\\\/#\\\/schema\\\/logo\\\/image\\\/\"},\"sameAs\":[\"https:\\\/\\\/www.facebook.com\\\/profile.php?id=100027231325117\"]}]}<\/script>\n<!-- \/ Yoast SEO plugin. -->","yoast_head_json":{"title":"Gro\u00dfe Silberohrringe mit Diamantschliffmuster | Diana Silver","description":"Fedezd fel a leny\u0171g\u00f6z\u0151 Gro\u00dfe Silberohrringe mit Diamantschliffmuster \u00e9kszer\u00fcnket. T\u00f6k\u00e9letes kieg\u00e9sz\u00edt\u0151 mindennapi viselethez \u00e9s k\u00fcl\u00f6nleges alkalmakra egyar\u00e1nt. Rendeld meg most!","robots":{"index":"index","follow":"follow","max-snippet":"max-snippet:-1","max-image-preview":"max-image-preview:large","max-video-preview":"max-video-preview:-1"},"canonical":"https:\/\/dianasilver.com\/de\/termek\/grosse-silberohrringe-mit-diamantschliffmuster\/","og_locale":"de_DE","og_type":"article","og_title":"Gro\u00dfe Silberohrringe mit Diamantschliffmuster | Diana Silver","og_description":"Fedezd fel a leny\u0171g\u00f6z\u0151 Gro\u00dfe Silberohrringe mit Diamantschliffmuster \u00e9kszer\u00fcnket. T\u00f6k\u00e9letes kieg\u00e9sz\u00edt\u0151 mindennapi viselethez \u00e9s k\u00fcl\u00f6nleges alkalmakra egyar\u00e1nt. Rendeld meg most!","og_url":"https:\/\/dianasilver.com\/de\/termek\/grosse-silberohrringe-mit-diamantschliffmuster\/","og_site_name":"Diana Silver","article_publisher":"https:\/\/www.facebook.com\/profile.php?id=100027231325117","article_modified_time":"2026-03-09T23:21:38+00:00","og_image":[{"width":1350,"height":1800,"url":"https:\/\/dianasilver.com\/wp-content\/uploads\/2025\/06\/Ezust-nagy-karika-fulbevalo-gyemantvesett-mintaval.jpg","type":"image\/jpeg"}],"twitter_card":"summary_large_image","twitter_misc":{"Gesch\u00e4tzte Lesezeit":"1\u00a0Minute"},"schema":{"@context":"https:\/\/schema.org","@graph":[{"@type":"WebPage","@id":"https:\/\/dianasilver.com\/de\/termek\/grosse-silberohrringe-mit-diamantschliffmuster\/","url":"https:\/\/dianasilver.com\/de\/termek\/grosse-silberohrringe-mit-diamantschliffmuster\/","name":"Gro\u00dfe Silberohrringe mit Diamantschliffmuster | Diana Silver","isPartOf":{"@id":"https:\/\/dianasilver.com\/de\/#website"},"primaryImageOfPage":{"@id":"https:\/\/dianasilver.com\/de\/termek\/grosse-silberohrringe-mit-diamantschliffmuster\/#primaryimage"},"image":{"@id":"https:\/\/dianasilver.com\/de\/termek\/grosse-silberohrringe-mit-diamantschliffmuster\/#primaryimage"},"thumbnailUrl":"https:\/\/dianasilver.com\/wp-content\/uploads\/2025\/06\/Ezust-nagy-karika-fulbevalo-gyemantvesett-mintaval.jpg","datePublished":"2025-06-06T07:40:51+00:00","dateModified":"2026-03-09T23:21:38+00:00","description":"Fedezd fel a leny\u0171g\u00f6z\u0151 Gro\u00dfe Silberohrringe mit Diamantschliffmuster \u00e9kszer\u00fcnket. T\u00f6k\u00e9letes kieg\u00e9sz\u00edt\u0151 mindennapi viselethez \u00e9s k\u00fcl\u00f6nleges alkalmakra egyar\u00e1nt. Rendeld meg most!","breadcrumb":{"@id":"https:\/\/dianasilver.com\/de\/termek\/grosse-silberohrringe-mit-diamantschliffmuster\/#breadcrumb"},"inLanguage":"de","potentialAction":[{"@type":"ReadAction","target":["https:\/\/dianasilver.com\/de\/termek\/grosse-silberohrringe-mit-diamantschliffmuster\/"]}]},{"@type":"ImageObject","inLanguage":"de","@id":"https:\/\/dianasilver.com\/de\/termek\/grosse-silberohrringe-mit-diamantschliffmuster\/#primaryimage","url":"https:\/\/dianasilver.com\/wp-content\/uploads\/2025\/06\/Ezust-nagy-karika-fulbevalo-gyemantvesett-mintaval.jpg","contentUrl":"https:\/\/dianasilver.com\/wp-content\/uploads\/2025\/06\/Ezust-nagy-karika-fulbevalo-gyemantvesett-mintaval.jpg","width":1350,"height":1800},{"@type":"BreadcrumbList","@id":"https:\/\/dianasilver.com\/de\/termek\/grosse-silberohrringe-mit-diamantschliffmuster\/#breadcrumb","itemListElement":[{"@type":"ListItem","position":1,"name":"Kezd\u0151lap","item":"https:\/\/dianasilver.com\/de\/diana-silver-silberschmuck-webshop\/"},{"@type":"ListItem","position":2,"name":"Shop","item":"https:\/\/dianasilver.com\/de\/shop\/"},{"@type":"ListItem","position":3,"name":"Gro\u00dfe Silberohrringe mit Diamantschliffmuster"}]},{"@type":"WebSite","@id":"https:\/\/dianasilver.com\/de\/#website","url":"https:\/\/dianasilver.com\/de\/","name":"Diana Silver","description":"Tedd t\u00f6k\u00e9letesebb\u00e9 mindennapjaid a Diana Silver \u00e9kszereivel.","publisher":{"@id":"https:\/\/dianasilver.com\/de\/#organization"},"alternateName":"Ez\u00fcst \u00c9kszer Web\u00e1ruh\u00e1z","potentialAction":[{"@type":"SearchAction","target":{"@type":"EntryPoint","urlTemplate":"https:\/\/dianasilver.com\/de\/?s={search_term_string}"},"query-input":{"@type":"PropertyValueSpecification","valueRequired":true,"valueName":"search_term_string"}}],"inLanguage":"de"},{"@type":"Organization","@id":"https:\/\/dianasilver.com\/de\/#organization","name":"Diana Silver","url":"https:\/\/dianasilver.com\/de\/","logo":{"@type":"ImageObject","inLanguage":"de","@id":"https:\/\/dianasilver.com\/de\/#\/schema\/logo\/image\/","url":"https:\/\/dianasilver.com\/wp-content\/uploads\/2022\/08\/ezust-feher-1-koves-buttonos-stekkeres-fulbevalo-42.webp","contentUrl":"https:\/\/dianasilver.com\/wp-content\/uploads\/2022\/08\/ezust-feher-1-koves-buttonos-stekkeres-fulbevalo-42.webp","width":300,"height":154,"caption":"Diana Silver"},"image":{"@id":"https:\/\/dianasilver.com\/de\/#\/schema\/logo\/image\/"},"sameAs":["https:\/\/www.facebook.com\/profile.php?id=100027231325117"]}]}},"_links":{"self":[{"href":"https:\/\/dianasilver.com\/de\/wp-json\/wp\/v2\/product\/112258","targetHints":{"allow":["GET"]}}],"collection":[{"href":"https:\/\/dianasilver.com\/de\/wp-json\/wp\/v2\/product"}],"about":[{"href":"https:\/\/dianasilver.com\/de\/wp-json\/wp\/v2\/types\/product"}],"version-history":[{"count":0,"href":"https:\/\/dianasilver.com\/de\/wp-json\/wp\/v2\/product\/112258\/revisions"}],"wp:featuredmedia":[{"embeddable":true,"href":"https:\/\/dianasilver.com\/de\/wp-json\/wp\/v2\/media\/105787"}],"wp:attachment":[{"href":"https:\/\/dianasilver.com\/de\/wp-json\/wp\/v2\/media?parent=112258"}],"wp:term":[{"taxonomy":"product_brand","embeddable":true,"href":"https:\/\/dianasilver.com\/de\/wp-json\/wp\/v2\/product_brand?post=112258"},{"taxonomy":"product_cat","embeddable":true,"href":"https:\/\/dianasilver.com\/de\/wp-json\/wp\/v2\/product_cat?post=112258"},{"taxonomy":"product_tag","embeddable":true,"href":"https:\/\/dianasilver.com\/de\/wp-json\/wp\/v2\/product_tag?post=112258"}],"curies":[{"name":"wp","href":"https:\/\/api.w.org\/{rel}","templated":true}]}}