{"id":112150,"date":"2025-05-27T21:48:14","date_gmt":"2025-05-27T19:48:14","guid":{"rendered":"https:\/\/dianasilver.hu\/termek\/silberne-ohrringe-in-minimalistischer-quadratischer-form\/"},"modified":"2026-03-10T00:21:38","modified_gmt":"2026-03-09T23:21:38","slug":"silberne-ohrringe-in-minimalistischer-quadratischer-form","status":"publish","type":"product","link":"https:\/\/dianasilver.com\/de\/termek\/silberne-ohrringe-in-minimalistischer-quadratischer-form\/","title":{"rendered":"Silberne Ohrringe in minimalistischer quadratischer Form"},"content":{"rendered":"<h2 data-start=\"361\" data-end=\"741\"><strong data-start=\"361\" data-end=\"401\">Minimalistischer Stil, moderne Eleganz<\/strong><\/h2>\n<p data-start=\"361\" data-end=\"741\">Diese silbernen Ohrringe sind die perfekte Wahl f\u00fcr einen modernen, klaren Stil. Sowohl das geometrische Design als auch die raffinierte, gl\u00e4nzende Politur unterstreichen den unaufdringlichen und dennoch stilvollen Look. Das quadratische Design ist nicht nur einzigartig, sondern auch elegant und macht es zu einer gro\u00dfartigen Erg\u00e4nzung f\u00fcr Alltags- und Freizeitoutfits.<\/p>\n<p data-start=\"743\" data-end=\"773\"><strong data-start=\"743\" data-end=\"771\">Was symbolisiert die Form?<\/strong><\/p>\n<ul data-start=\"774\" data-end=\"991\">\n<li data-start=\"774\" data-end=\"895\">\n<p data-start=\"776\" data-end=\"895\">Das Quadrat ist ein Symbol f\u00fcr Stabilit\u00e4t und Harmonie, seine klaren und geraden Linien spiegeln Vertrauen und St\u00e4rke wider.<\/p>\n<\/li>\n<li data-start=\"896\" data-end=\"991\">\n<p data-start=\"898\" data-end=\"991\">Moderne, geometrische Formen, die sowohl zum klassischen als auch zum zeitgen\u00f6ssischen Stil passen.<\/p>\n<\/li>\n<\/ul>\n<p data-start=\"993\" data-end=\"1030\"><strong data-start=\"993\" data-end=\"1028\">Warum sollten Sie diesen Ohrring w\u00e4hlen?<\/strong><\/p>\n<ul data-start=\"1031\" data-end=\"1486\">\n<li data-start=\"1031\" data-end=\"1118\">\n<p data-start=\"1033\" data-end=\"1118\">Hergestellt aus AG 925 Feinsilber, das eine lange Lebensdauer und hypoallergene Eigenschaften garantiert.<\/p>\n<\/li>\n<li data-start=\"1119\" data-end=\"1188\">\n<p data-start=\"1121\" data-end=\"1188\">Die gl\u00e4nzende Politur unterstreicht das Funkeln und die Eleganz des Schmucks.<\/p>\n<\/li>\n<li data-start=\"1189\" data-end=\"1270\">\n<p data-start=\"1191\" data-end=\"1270\">Dank seines minimalistischen Designs harmoniert er mit einer breiten Palette von Stilen und Farben.<\/p>\n<\/li>\n<li data-start=\"1271\" data-end=\"1382\">\n<p data-start=\"1273\" data-end=\"1382\">Der Verschluss sorgt f\u00fcr bequemes und sicheres Tragen, so dass es den ganzen Tag \u00fcber fest an seinem Platz bleibt.<\/p>\n<\/li>\n<li data-start=\"1383\" data-end=\"1486\">\n<p data-start=\"1385\" data-end=\"1486\">Perfekt f\u00fcr das B\u00fcro, aber auch f\u00fcr Abendlooks und Veranstaltungen geeignet.<\/p>\n<\/li>\n<\/ul>\n<p data-start=\"1488\" data-end=\"1637\">\ud83c\udf81 \u00dcberraschen Sie sich selbst oder einen geliebten Menschen mit diesem modernen, schlichten Ohrring, der durch seine Schlichtheit und Eleganz besticht! \ud83d\ude0a\u2728<\/p>\n","protected":false},"excerpt":{"rendered":"<p>Dieser minimalistische, geometrische Ohrring ist eine einzigartige und elegante Erg\u00e4nzung f\u00fcr jedes Outfit. Die fein gearbeitete quadratische Form ist sowohl modern als auch sauber.<\/p>\n","protected":false},"featured_media":104375,"template":"","meta":{"_acf_changed":false},"product_brand":[],"product_cat":[573],"product_tag":[527],"class_list":{"0":"post-112150","1":"product","2":"type-product","3":"status-publish","4":"has-post-thumbnail","6":"product_cat-silberne-ohrringe","7":"product_tag-silberschmuck-fur-damen","8":"description-off","10":"first","11":"instock","12":"sale","13":"taxable","14":"shipping-taxable","15":"purchasable","16":"product-type-simple"},"acf":[],"yoast_head":"<!-- This site is optimized with the Yoast SEO plugin v27.4 - https:\/\/yoast.com\/product\/yoast-seo-wordpress\/ -->\n<title>Silberne Ohrringe in minimalistischer quadratischer Form | Diana Silver<\/title>\n<meta name=\"description\" content=\"Fedezd fel a leny\u0171g\u00f6z\u0151 Silberne Ohrringe in minimalistischer quadratischer Form \u00e9kszer\u00fcnket. T\u00f6k\u00e9letes kieg\u00e9sz\u00edt\u0151 mindennapi viselethez \u00e9s k\u00fcl\u00f6nleges alkalmakra egyar\u00e1nt. Rendeld meg most!\" \/>\n<meta name=\"robots\" content=\"index, follow, max-snippet:-1, max-image-preview:large, max-video-preview:-1\" \/>\n<link rel=\"canonical\" href=\"https:\/\/dianasilver.com\/de\/termek\/silberne-ohrringe-in-minimalistischer-quadratischer-form\/\" \/>\n<meta property=\"og:locale\" content=\"de_DE\" \/>\n<meta property=\"og:type\" content=\"article\" \/>\n<meta property=\"og:title\" content=\"Silberne Ohrringe in minimalistischer quadratischer Form | Diana Silver\" \/>\n<meta property=\"og:description\" content=\"Fedezd fel a leny\u0171g\u00f6z\u0151 Silberne Ohrringe in minimalistischer quadratischer Form \u00e9kszer\u00fcnket. T\u00f6k\u00e9letes kieg\u00e9sz\u00edt\u0151 mindennapi viselethez \u00e9s k\u00fcl\u00f6nleges alkalmakra egyar\u00e1nt. Rendeld meg most!\" \/>\n<meta property=\"og:url\" content=\"https:\/\/dianasilver.com\/de\/termek\/silberne-ohrringe-in-minimalistischer-quadratischer-form\/\" \/>\n<meta property=\"og:site_name\" content=\"Diana Silver\" \/>\n<meta property=\"article:publisher\" content=\"https:\/\/www.facebook.com\/profile.php?id=100027231325117\" \/>\n<meta property=\"article:modified_time\" content=\"2026-03-09T23:21:38+00:00\" \/>\n<meta property=\"og:image\" content=\"https:\/\/dianasilver.com\/wp-content\/uploads\/2025\/05\/Ezust-fulbevalo-minimalista-negyzet-formaban_1.jpg\" \/>\n\t<meta property=\"og:image:width\" content=\"1350\" \/>\n\t<meta property=\"og:image:height\" content=\"1800\" \/>\n\t<meta property=\"og:image:type\" content=\"image\/jpeg\" \/>\n<meta name=\"twitter:card\" content=\"summary_large_image\" \/>\n<meta name=\"twitter:label1\" content=\"Gesch\u00e4tzte Lesezeit\" \/>\n\t<meta name=\"twitter:data1\" content=\"1\u00a0Minute\" \/>\n<script type=\"application\/ld+json\" class=\"yoast-schema-graph\">{\"@context\":\"https:\\\/\\\/schema.org\",\"@graph\":[{\"@type\":\"WebPage\",\"@id\":\"https:\\\/\\\/dianasilver.com\\\/de\\\/termek\\\/silberne-ohrringe-in-minimalistischer-quadratischer-form\\\/\",\"url\":\"https:\\\/\\\/dianasilver.com\\\/de\\\/termek\\\/silberne-ohrringe-in-minimalistischer-quadratischer-form\\\/\",\"name\":\"Silberne Ohrringe in minimalistischer quadratischer Form | Diana Silver\",\"isPartOf\":{\"@id\":\"https:\\\/\\\/dianasilver.com\\\/de\\\/#website\"},\"primaryImageOfPage\":{\"@id\":\"https:\\\/\\\/dianasilver.com\\\/de\\\/termek\\\/silberne-ohrringe-in-minimalistischer-quadratischer-form\\\/#primaryimage\"},\"image\":{\"@id\":\"https:\\\/\\\/dianasilver.com\\\/de\\\/termek\\\/silberne-ohrringe-in-minimalistischer-quadratischer-form\\\/#primaryimage\"},\"thumbnailUrl\":\"https:\\\/\\\/dianasilver.com\\\/wp-content\\\/uploads\\\/2025\\\/05\\\/Ezust-fulbevalo-minimalista-negyzet-formaban_1.jpg\",\"datePublished\":\"2025-05-27T19:48:14+00:00\",\"dateModified\":\"2026-03-09T23:21:38+00:00\",\"description\":\"Fedezd fel a leny\u0171g\u00f6z\u0151 Silberne Ohrringe in minimalistischer quadratischer Form \u00e9kszer\u00fcnket. T\u00f6k\u00e9letes kieg\u00e9sz\u00edt\u0151 mindennapi viselethez \u00e9s k\u00fcl\u00f6nleges alkalmakra egyar\u00e1nt. Rendeld meg most!\",\"breadcrumb\":{\"@id\":\"https:\\\/\\\/dianasilver.com\\\/de\\\/termek\\\/silberne-ohrringe-in-minimalistischer-quadratischer-form\\\/#breadcrumb\"},\"inLanguage\":\"de\",\"potentialAction\":[{\"@type\":\"ReadAction\",\"target\":[\"https:\\\/\\\/dianasilver.com\\\/de\\\/termek\\\/silberne-ohrringe-in-minimalistischer-quadratischer-form\\\/\"]}]},{\"@type\":\"ImageObject\",\"inLanguage\":\"de\",\"@id\":\"https:\\\/\\\/dianasilver.com\\\/de\\\/termek\\\/silberne-ohrringe-in-minimalistischer-quadratischer-form\\\/#primaryimage\",\"url\":\"https:\\\/\\\/dianasilver.com\\\/wp-content\\\/uploads\\\/2025\\\/05\\\/Ezust-fulbevalo-minimalista-negyzet-formaban_1.jpg\",\"contentUrl\":\"https:\\\/\\\/dianasilver.com\\\/wp-content\\\/uploads\\\/2025\\\/05\\\/Ezust-fulbevalo-minimalista-negyzet-formaban_1.jpg\",\"width\":1350,\"height\":1800},{\"@type\":\"BreadcrumbList\",\"@id\":\"https:\\\/\\\/dianasilver.com\\\/de\\\/termek\\\/silberne-ohrringe-in-minimalistischer-quadratischer-form\\\/#breadcrumb\",\"itemListElement\":[{\"@type\":\"ListItem\",\"position\":1,\"name\":\"Kezd\u0151lap\",\"item\":\"https:\\\/\\\/dianasilver.com\\\/de\\\/diana-silver-silberschmuck-webshop\\\/\"},{\"@type\":\"ListItem\",\"position\":2,\"name\":\"Shop\",\"item\":\"https:\\\/\\\/dianasilver.com\\\/de\\\/shop\\\/\"},{\"@type\":\"ListItem\",\"position\":3,\"name\":\"Silberne Ohrringe in minimalistischer quadratischer Form\"}]},{\"@type\":\"WebSite\",\"@id\":\"https:\\\/\\\/dianasilver.com\\\/de\\\/#website\",\"url\":\"https:\\\/\\\/dianasilver.com\\\/de\\\/\",\"name\":\"Diana Silver\",\"description\":\"Tedd t\u00f6k\u00e9letesebb\u00e9 mindennapjaid a Diana Silver \u00e9kszereivel.\",\"publisher\":{\"@id\":\"https:\\\/\\\/dianasilver.com\\\/de\\\/#organization\"},\"alternateName\":\"Ez\u00fcst \u00c9kszer Web\u00e1ruh\u00e1z\",\"potentialAction\":[{\"@type\":\"SearchAction\",\"target\":{\"@type\":\"EntryPoint\",\"urlTemplate\":\"https:\\\/\\\/dianasilver.com\\\/de\\\/?s={search_term_string}\"},\"query-input\":{\"@type\":\"PropertyValueSpecification\",\"valueRequired\":true,\"valueName\":\"search_term_string\"}}],\"inLanguage\":\"de\"},{\"@type\":\"Organization\",\"@id\":\"https:\\\/\\\/dianasilver.com\\\/de\\\/#organization\",\"name\":\"Diana Silver\",\"url\":\"https:\\\/\\\/dianasilver.com\\\/de\\\/\",\"logo\":{\"@type\":\"ImageObject\",\"inLanguage\":\"de\",\"@id\":\"https:\\\/\\\/dianasilver.com\\\/de\\\/#\\\/schema\\\/logo\\\/image\\\/\",\"url\":\"https:\\\/\\\/dianasilver.com\\\/wp-content\\\/uploads\\\/2022\\\/08\\\/ezust-feher-1-koves-buttonos-stekkeres-fulbevalo-42.webp\",\"contentUrl\":\"https:\\\/\\\/dianasilver.com\\\/wp-content\\\/uploads\\\/2022\\\/08\\\/ezust-feher-1-koves-buttonos-stekkeres-fulbevalo-42.webp\",\"width\":300,\"height\":154,\"caption\":\"Diana Silver\"},\"image\":{\"@id\":\"https:\\\/\\\/dianasilver.com\\\/de\\\/#\\\/schema\\\/logo\\\/image\\\/\"},\"sameAs\":[\"https:\\\/\\\/www.facebook.com\\\/profile.php?id=100027231325117\"]}]}<\/script>\n<!-- \/ Yoast SEO plugin. -->","yoast_head_json":{"title":"Silberne Ohrringe in minimalistischer quadratischer Form | Diana Silver","description":"Fedezd fel a leny\u0171g\u00f6z\u0151 Silberne Ohrringe in minimalistischer quadratischer Form \u00e9kszer\u00fcnket. T\u00f6k\u00e9letes kieg\u00e9sz\u00edt\u0151 mindennapi viselethez \u00e9s k\u00fcl\u00f6nleges alkalmakra egyar\u00e1nt. Rendeld meg most!","robots":{"index":"index","follow":"follow","max-snippet":"max-snippet:-1","max-image-preview":"max-image-preview:large","max-video-preview":"max-video-preview:-1"},"canonical":"https:\/\/dianasilver.com\/de\/termek\/silberne-ohrringe-in-minimalistischer-quadratischer-form\/","og_locale":"de_DE","og_type":"article","og_title":"Silberne Ohrringe in minimalistischer quadratischer Form | Diana Silver","og_description":"Fedezd fel a leny\u0171g\u00f6z\u0151 Silberne Ohrringe in minimalistischer quadratischer Form \u00e9kszer\u00fcnket. T\u00f6k\u00e9letes kieg\u00e9sz\u00edt\u0151 mindennapi viselethez \u00e9s k\u00fcl\u00f6nleges alkalmakra egyar\u00e1nt. Rendeld meg most!","og_url":"https:\/\/dianasilver.com\/de\/termek\/silberne-ohrringe-in-minimalistischer-quadratischer-form\/","og_site_name":"Diana Silver","article_publisher":"https:\/\/www.facebook.com\/profile.php?id=100027231325117","article_modified_time":"2026-03-09T23:21:38+00:00","og_image":[{"width":1350,"height":1800,"url":"https:\/\/dianasilver.com\/wp-content\/uploads\/2025\/05\/Ezust-fulbevalo-minimalista-negyzet-formaban_1.jpg","type":"image\/jpeg"}],"twitter_card":"summary_large_image","twitter_misc":{"Gesch\u00e4tzte Lesezeit":"1\u00a0Minute"},"schema":{"@context":"https:\/\/schema.org","@graph":[{"@type":"WebPage","@id":"https:\/\/dianasilver.com\/de\/termek\/silberne-ohrringe-in-minimalistischer-quadratischer-form\/","url":"https:\/\/dianasilver.com\/de\/termek\/silberne-ohrringe-in-minimalistischer-quadratischer-form\/","name":"Silberne Ohrringe in minimalistischer quadratischer Form | Diana Silver","isPartOf":{"@id":"https:\/\/dianasilver.com\/de\/#website"},"primaryImageOfPage":{"@id":"https:\/\/dianasilver.com\/de\/termek\/silberne-ohrringe-in-minimalistischer-quadratischer-form\/#primaryimage"},"image":{"@id":"https:\/\/dianasilver.com\/de\/termek\/silberne-ohrringe-in-minimalistischer-quadratischer-form\/#primaryimage"},"thumbnailUrl":"https:\/\/dianasilver.com\/wp-content\/uploads\/2025\/05\/Ezust-fulbevalo-minimalista-negyzet-formaban_1.jpg","datePublished":"2025-05-27T19:48:14+00:00","dateModified":"2026-03-09T23:21:38+00:00","description":"Fedezd fel a leny\u0171g\u00f6z\u0151 Silberne Ohrringe in minimalistischer quadratischer Form \u00e9kszer\u00fcnket. T\u00f6k\u00e9letes kieg\u00e9sz\u00edt\u0151 mindennapi viselethez \u00e9s k\u00fcl\u00f6nleges alkalmakra egyar\u00e1nt. Rendeld meg most!","breadcrumb":{"@id":"https:\/\/dianasilver.com\/de\/termek\/silberne-ohrringe-in-minimalistischer-quadratischer-form\/#breadcrumb"},"inLanguage":"de","potentialAction":[{"@type":"ReadAction","target":["https:\/\/dianasilver.com\/de\/termek\/silberne-ohrringe-in-minimalistischer-quadratischer-form\/"]}]},{"@type":"ImageObject","inLanguage":"de","@id":"https:\/\/dianasilver.com\/de\/termek\/silberne-ohrringe-in-minimalistischer-quadratischer-form\/#primaryimage","url":"https:\/\/dianasilver.com\/wp-content\/uploads\/2025\/05\/Ezust-fulbevalo-minimalista-negyzet-formaban_1.jpg","contentUrl":"https:\/\/dianasilver.com\/wp-content\/uploads\/2025\/05\/Ezust-fulbevalo-minimalista-negyzet-formaban_1.jpg","width":1350,"height":1800},{"@type":"BreadcrumbList","@id":"https:\/\/dianasilver.com\/de\/termek\/silberne-ohrringe-in-minimalistischer-quadratischer-form\/#breadcrumb","itemListElement":[{"@type":"ListItem","position":1,"name":"Kezd\u0151lap","item":"https:\/\/dianasilver.com\/de\/diana-silver-silberschmuck-webshop\/"},{"@type":"ListItem","position":2,"name":"Shop","item":"https:\/\/dianasilver.com\/de\/shop\/"},{"@type":"ListItem","position":3,"name":"Silberne Ohrringe in minimalistischer quadratischer Form"}]},{"@type":"WebSite","@id":"https:\/\/dianasilver.com\/de\/#website","url":"https:\/\/dianasilver.com\/de\/","name":"Diana Silver","description":"Tedd t\u00f6k\u00e9letesebb\u00e9 mindennapjaid a Diana Silver \u00e9kszereivel.","publisher":{"@id":"https:\/\/dianasilver.com\/de\/#organization"},"alternateName":"Ez\u00fcst \u00c9kszer Web\u00e1ruh\u00e1z","potentialAction":[{"@type":"SearchAction","target":{"@type":"EntryPoint","urlTemplate":"https:\/\/dianasilver.com\/de\/?s={search_term_string}"},"query-input":{"@type":"PropertyValueSpecification","valueRequired":true,"valueName":"search_term_string"}}],"inLanguage":"de"},{"@type":"Organization","@id":"https:\/\/dianasilver.com\/de\/#organization","name":"Diana Silver","url":"https:\/\/dianasilver.com\/de\/","logo":{"@type":"ImageObject","inLanguage":"de","@id":"https:\/\/dianasilver.com\/de\/#\/schema\/logo\/image\/","url":"https:\/\/dianasilver.com\/wp-content\/uploads\/2022\/08\/ezust-feher-1-koves-buttonos-stekkeres-fulbevalo-42.webp","contentUrl":"https:\/\/dianasilver.com\/wp-content\/uploads\/2022\/08\/ezust-feher-1-koves-buttonos-stekkeres-fulbevalo-42.webp","width":300,"height":154,"caption":"Diana Silver"},"image":{"@id":"https:\/\/dianasilver.com\/de\/#\/schema\/logo\/image\/"},"sameAs":["https:\/\/www.facebook.com\/profile.php?id=100027231325117"]}]}},"_links":{"self":[{"href":"https:\/\/dianasilver.com\/de\/wp-json\/wp\/v2\/product\/112150","targetHints":{"allow":["GET"]}}],"collection":[{"href":"https:\/\/dianasilver.com\/de\/wp-json\/wp\/v2\/product"}],"about":[{"href":"https:\/\/dianasilver.com\/de\/wp-json\/wp\/v2\/types\/product"}],"version-history":[{"count":0,"href":"https:\/\/dianasilver.com\/de\/wp-json\/wp\/v2\/product\/112150\/revisions"}],"wp:featuredmedia":[{"embeddable":true,"href":"https:\/\/dianasilver.com\/de\/wp-json\/wp\/v2\/media\/104375"}],"wp:attachment":[{"href":"https:\/\/dianasilver.com\/de\/wp-json\/wp\/v2\/media?parent=112150"}],"wp:term":[{"taxonomy":"product_brand","embeddable":true,"href":"https:\/\/dianasilver.com\/de\/wp-json\/wp\/v2\/product_brand?post=112150"},{"taxonomy":"product_cat","embeddable":true,"href":"https:\/\/dianasilver.com\/de\/wp-json\/wp\/v2\/product_cat?post=112150"},{"taxonomy":"product_tag","embeddable":true,"href":"https:\/\/dianasilver.com\/de\/wp-json\/wp\/v2\/product_tag?post=112150"}],"curies":[{"name":"wp","href":"https:\/\/api.w.org\/{rel}","templated":true}]}}