{"id":112131,"date":"2025-05-14T19:28:35","date_gmt":"2025-05-14T17:28:35","guid":{"rendered":"https:\/\/dianasilver.hu\/termek\/silberne-gruene-herzfoermige-ohrstecker-mit-weissen-zirkonia\/"},"modified":"2026-04-09T01:35:05","modified_gmt":"2026-04-08T23:35:05","slug":"silberne-gruene-herzfoermige-ohrstecker-mit-weissen-zirkonia","status":"publish","type":"product","link":"https:\/\/dianasilver.com\/de\/termek\/silberne-gruene-herzfoermige-ohrstecker-mit-weissen-zirkonia\/","title":{"rendered":"Silberne gr\u00fcne herzf\u00f6rmige Steinohrstecker mit wei\u00dfen Zirkonia"},"content":{"rendered":"<h3 class=\"\" data-start=\"338\" data-end=\"436\"><strong data-start=\"342\" data-end=\"434\">Silberne gr\u00fcne herzf\u00f6rmige Stein-Ohrstecker &#8211; romantisches Funkeln mit frischen Farben<\/strong><\/h3>\n<p class=\"\" data-start=\"438\" data-end=\"700\">Dieser wundersch\u00f6ne Ohrring <strong data-start=\"454\" data-end=\"473\">aus 925er Sterlingsilber<\/strong> hat einen herzf\u00f6rmigen gr\u00fcnen Stein in der Mitte und eine schimmernde Fassung aus wei\u00dfen Zirkonia. Der frische, sattgr\u00fcne Farbton erweckt das Schmuckst\u00fcck zum Leben, w\u00e4hrend das klassische Stekker-Design f\u00fcr bequemen und stabilen Tragekomfort sorgt.<\/p>\n<p class=\"\" data-start=\"702\" data-end=\"831\">Die Ohrringe sind perfekt f\u00fcr romantische Momente und besondere Anl\u00e4sse, bringen aber auch den Alltag zum Funkeln.<\/p>\n<p class=\"\" data-start=\"833\" data-end=\"876\">\ud83d\udc9a <strong data-start=\"836\" data-end=\"874\">Was symbolisiert die gr\u00fcne Herzform?<\/strong><\/p>\n<ul data-start=\"877\" data-end=\"1036\">\n<li class=\"\" data-start=\"877\" data-end=\"921\">\n<p class=\"\" data-start=\"879\" data-end=\"921\">Es vermittelt eine Botschaft der Hoffnung und Harmonie.<\/p>\n<\/li>\n<li class=\"\" data-start=\"922\" data-end=\"974\">\n<p class=\"\" data-start=\"924\" data-end=\"974\">Der gr\u00fcne Stein ist ein Symbol f\u00fcr Natur und Erneuerung.<\/p>\n<\/li>\n<li class=\"\" data-start=\"975\" data-end=\"1036\">\n<p class=\"\" data-start=\"977\" data-end=\"1036\">Die Herzform ist ein Ausdruck von Gef\u00fchl, Liebe und F\u00fcrsorge.<\/p>\n<\/li>\n<\/ul>\n<p class=\"\" data-start=\"1038\" data-end=\"1077\">\u2728 <strong data-start=\"1040\" data-end=\"1075\">Warum sollten Sie diesen Ohrring w\u00e4hlen?<\/strong><\/p>\n<ul data-start=\"1078\" data-end=\"1345\">\n<li class=\"\" data-start=\"1078\" data-end=\"1141\">\n<p class=\"\" data-start=\"1080\" data-end=\"1141\"><strong data-start=\"1080\" data-end=\"1104\">Premium AG 925 Silber<\/strong>, rhodiniert f\u00fcr lange Haltbarkeit.<\/p>\n<\/li>\n<li class=\"\" data-start=\"1142\" data-end=\"1214\">\n<p class=\"\" data-start=\"1144\" data-end=\"1214\"><strong data-start=\"1144\" data-end=\"1174\">Gr\u00fcner herzf\u00f6rmiger Stein<\/strong> in der <strong data-start=\"1144\" data-end=\"1174\">Mitte<\/strong>, eingefasst in einen funkelnden wei\u00dfen Zirkonia.<\/p>\n<\/li>\n<li class=\"\" data-start=\"1215\" data-end=\"1276\">\n<p class=\"\" data-start=\"1217\" data-end=\"1276\"><strong data-start=\"1217\" data-end=\"1240\">Fixierung auf der Vorderseite:<\/strong> bequem und sicher zu tragen.<\/p>\n<\/li>\n<li class=\"\" data-start=\"1277\" data-end=\"1345\">\n<p class=\"\" data-start=\"1279\" data-end=\"1345\"><strong data-start=\"1279\" data-end=\"1300\">Das perfekte Geschenk f\u00fcr<\/strong> romantische Anl\u00e4sse oder f\u00fcr Sie selbst.<\/p>\n<\/li>\n<\/ul>\n<p class=\"\" data-start=\"1347\" data-end=\"1451\"><strong data-start=\"1350\" data-end=\"1447\">\ud83c\udf81 \u00dcberraschen Sie sich selbst oder Ihre Lieben mit diesem charmanten Ohrring, der jedes Herz erobern wird!<\/strong> \ud83d\udc9a\u2728<\/p>\n","protected":false},"excerpt":{"rendered":"<p>Silberne Ohrringe mit gr\u00fcnem Herzstein &#8211; Charme und Funkeln in einem eleganten St\u00fcck! \u2728<br data-start=\"195\" data-end=\"198\">Das zarte Funkeln des herzf\u00f6rmigen gr\u00fcnen Steins und der umliegenden wei\u00dfen Zirkoniasteine wird Ihren Tag zu etwas Besonderem machen.<\/p>\n","protected":false},"featured_media":103202,"template":"","meta":{"_acf_changed":false},"product_brand":[],"product_cat":[573],"product_tag":[527,634,633,650],"class_list":{"0":"post-112131","1":"product","2":"type-product","3":"status-publish","4":"has-post-thumbnail","6":"product_cat-silberne-ohrringe","7":"product_tag-silberschmuck-fur-damen","8":"product_tag-farbenfroh","9":"product_tag-herz","10":"product_tag-kinder-silberschmuck","11":"description-off","13":"first","14":"instock","15":"sale","16":"taxable","17":"shipping-taxable","18":"purchasable","19":"product-type-simple"},"acf":[],"yoast_head":"<!-- This site is optimized with the Yoast SEO plugin v27.4 - https:\/\/yoast.com\/product\/yoast-seo-wordpress\/ -->\n<title>Silberne gr\u00fcne herzf\u00f6rmige Steinohrstecker mit wei\u00dfen Zirkonia | Diana Silver<\/title>\n<meta name=\"description\" content=\"Fedezd fel a leny\u0171g\u00f6z\u0151 Silberne gr\u00fcne herzf\u00f6rmige Steinohrstecker mit wei\u00dfen Zirkonia \u00e9kszer\u00fcnket. T\u00f6k\u00e9letes kieg\u00e9sz\u00edt\u0151 mindennapi viselethez \u00e9s k\u00fcl\u00f6nleges alkalmakra egyar\u00e1nt. Rendeld meg most!\" \/>\n<meta name=\"robots\" content=\"index, follow, max-snippet:-1, max-image-preview:large, max-video-preview:-1\" \/>\n<link rel=\"canonical\" href=\"https:\/\/dianasilver.com\/de\/termek\/silberne-gruene-herzfoermige-ohrstecker-mit-weissen-zirkonia\/\" \/>\n<meta property=\"og:locale\" content=\"de_DE\" \/>\n<meta property=\"og:type\" content=\"article\" \/>\n<meta property=\"og:title\" content=\"Silberne gr\u00fcne herzf\u00f6rmige Steinohrstecker mit wei\u00dfen Zirkonia | Diana Silver\" \/>\n<meta property=\"og:description\" content=\"Fedezd fel a leny\u0171g\u00f6z\u0151 Silberne gr\u00fcne herzf\u00f6rmige Steinohrstecker mit wei\u00dfen Zirkonia \u00e9kszer\u00fcnket. T\u00f6k\u00e9letes kieg\u00e9sz\u00edt\u0151 mindennapi viselethez \u00e9s k\u00fcl\u00f6nleges alkalmakra egyar\u00e1nt. Rendeld meg most!\" \/>\n<meta property=\"og:url\" content=\"https:\/\/dianasilver.com\/de\/termek\/silberne-gruene-herzfoermige-ohrstecker-mit-weissen-zirkonia\/\" \/>\n<meta property=\"og:site_name\" content=\"Diana Silver\" \/>\n<meta property=\"article:publisher\" content=\"https:\/\/www.facebook.com\/profile.php?id=100027231325117\" \/>\n<meta property=\"article:modified_time\" content=\"2026-04-08T23:35:05+00:00\" \/>\n<meta property=\"og:image\" content=\"https:\/\/dianasilver.com\/wp-content\/uploads\/2025\/05\/Ezust-zold-sziv-alaku-koves-stekkeres-fulbevalo-feher-cirkoniaval_1.jpg\" \/>\n\t<meta property=\"og:image:width\" content=\"1350\" \/>\n\t<meta property=\"og:image:height\" content=\"1800\" \/>\n\t<meta property=\"og:image:type\" content=\"image\/jpeg\" \/>\n<meta name=\"twitter:card\" content=\"summary_large_image\" \/>\n<meta name=\"twitter:label1\" content=\"Gesch\u00e4tzte Lesezeit\" \/>\n\t<meta name=\"twitter:data1\" content=\"1\u00a0Minute\" \/>\n<script type=\"application\/ld+json\" class=\"yoast-schema-graph\">{\"@context\":\"https:\\\/\\\/schema.org\",\"@graph\":[{\"@type\":\"WebPage\",\"@id\":\"https:\\\/\\\/dianasilver.com\\\/de\\\/termek\\\/silberne-gruene-herzfoermige-ohrstecker-mit-weissen-zirkonia\\\/\",\"url\":\"https:\\\/\\\/dianasilver.com\\\/de\\\/termek\\\/silberne-gruene-herzfoermige-ohrstecker-mit-weissen-zirkonia\\\/\",\"name\":\"Silberne gr\u00fcne herzf\u00f6rmige Steinohrstecker mit wei\u00dfen Zirkonia | Diana Silver\",\"isPartOf\":{\"@id\":\"https:\\\/\\\/dianasilver.com\\\/de\\\/#website\"},\"primaryImageOfPage\":{\"@id\":\"https:\\\/\\\/dianasilver.com\\\/de\\\/termek\\\/silberne-gruene-herzfoermige-ohrstecker-mit-weissen-zirkonia\\\/#primaryimage\"},\"image\":{\"@id\":\"https:\\\/\\\/dianasilver.com\\\/de\\\/termek\\\/silberne-gruene-herzfoermige-ohrstecker-mit-weissen-zirkonia\\\/#primaryimage\"},\"thumbnailUrl\":\"https:\\\/\\\/dianasilver.com\\\/wp-content\\\/uploads\\\/2025\\\/05\\\/Ezust-zold-sziv-alaku-koves-stekkeres-fulbevalo-feher-cirkoniaval_1.jpg\",\"datePublished\":\"2025-05-14T17:28:35+00:00\",\"dateModified\":\"2026-04-08T23:35:05+00:00\",\"description\":\"Fedezd fel a leny\u0171g\u00f6z\u0151 Silberne gr\u00fcne herzf\u00f6rmige Steinohrstecker mit wei\u00dfen Zirkonia \u00e9kszer\u00fcnket. T\u00f6k\u00e9letes kieg\u00e9sz\u00edt\u0151 mindennapi viselethez \u00e9s k\u00fcl\u00f6nleges alkalmakra egyar\u00e1nt. Rendeld meg most!\",\"breadcrumb\":{\"@id\":\"https:\\\/\\\/dianasilver.com\\\/de\\\/termek\\\/silberne-gruene-herzfoermige-ohrstecker-mit-weissen-zirkonia\\\/#breadcrumb\"},\"inLanguage\":\"de\",\"potentialAction\":[{\"@type\":\"ReadAction\",\"target\":[\"https:\\\/\\\/dianasilver.com\\\/de\\\/termek\\\/silberne-gruene-herzfoermige-ohrstecker-mit-weissen-zirkonia\\\/\"]}]},{\"@type\":\"ImageObject\",\"inLanguage\":\"de\",\"@id\":\"https:\\\/\\\/dianasilver.com\\\/de\\\/termek\\\/silberne-gruene-herzfoermige-ohrstecker-mit-weissen-zirkonia\\\/#primaryimage\",\"url\":\"https:\\\/\\\/dianasilver.com\\\/wp-content\\\/uploads\\\/2025\\\/05\\\/Ezust-zold-sziv-alaku-koves-stekkeres-fulbevalo-feher-cirkoniaval_1.jpg\",\"contentUrl\":\"https:\\\/\\\/dianasilver.com\\\/wp-content\\\/uploads\\\/2025\\\/05\\\/Ezust-zold-sziv-alaku-koves-stekkeres-fulbevalo-feher-cirkoniaval_1.jpg\",\"width\":1350,\"height\":1800},{\"@type\":\"BreadcrumbList\",\"@id\":\"https:\\\/\\\/dianasilver.com\\\/de\\\/termek\\\/silberne-gruene-herzfoermige-ohrstecker-mit-weissen-zirkonia\\\/#breadcrumb\",\"itemListElement\":[{\"@type\":\"ListItem\",\"position\":1,\"name\":\"Kezd\u0151lap\",\"item\":\"https:\\\/\\\/dianasilver.com\\\/de\\\/diana-silver-silberschmuck-webshop\\\/\"},{\"@type\":\"ListItem\",\"position\":2,\"name\":\"Shop\",\"item\":\"https:\\\/\\\/dianasilver.com\\\/de\\\/shop\\\/\"},{\"@type\":\"ListItem\",\"position\":3,\"name\":\"Silberne gr\u00fcne herzf\u00f6rmige Steinohrstecker mit wei\u00dfen Zirkonia\"}]},{\"@type\":\"WebSite\",\"@id\":\"https:\\\/\\\/dianasilver.com\\\/de\\\/#website\",\"url\":\"https:\\\/\\\/dianasilver.com\\\/de\\\/\",\"name\":\"Diana Silver\",\"description\":\"Tedd t\u00f6k\u00e9letesebb\u00e9 mindennapjaid a Diana Silver \u00e9kszereivel.\",\"publisher\":{\"@id\":\"https:\\\/\\\/dianasilver.com\\\/de\\\/#organization\"},\"alternateName\":\"Ez\u00fcst \u00c9kszer Web\u00e1ruh\u00e1z\",\"potentialAction\":[{\"@type\":\"SearchAction\",\"target\":{\"@type\":\"EntryPoint\",\"urlTemplate\":\"https:\\\/\\\/dianasilver.com\\\/de\\\/?s={search_term_string}\"},\"query-input\":{\"@type\":\"PropertyValueSpecification\",\"valueRequired\":true,\"valueName\":\"search_term_string\"}}],\"inLanguage\":\"de\"},{\"@type\":\"Organization\",\"@id\":\"https:\\\/\\\/dianasilver.com\\\/de\\\/#organization\",\"name\":\"Diana Silver\",\"url\":\"https:\\\/\\\/dianasilver.com\\\/de\\\/\",\"logo\":{\"@type\":\"ImageObject\",\"inLanguage\":\"de\",\"@id\":\"https:\\\/\\\/dianasilver.com\\\/de\\\/#\\\/schema\\\/logo\\\/image\\\/\",\"url\":\"https:\\\/\\\/dianasilver.com\\\/wp-content\\\/uploads\\\/2022\\\/08\\\/ezust-feher-1-koves-buttonos-stekkeres-fulbevalo-42.webp\",\"contentUrl\":\"https:\\\/\\\/dianasilver.com\\\/wp-content\\\/uploads\\\/2022\\\/08\\\/ezust-feher-1-koves-buttonos-stekkeres-fulbevalo-42.webp\",\"width\":300,\"height\":154,\"caption\":\"Diana Silver\"},\"image\":{\"@id\":\"https:\\\/\\\/dianasilver.com\\\/de\\\/#\\\/schema\\\/logo\\\/image\\\/\"},\"sameAs\":[\"https:\\\/\\\/www.facebook.com\\\/profile.php?id=100027231325117\"]}]}<\/script>\n<!-- \/ Yoast SEO plugin. -->","yoast_head_json":{"title":"Silberne gr\u00fcne herzf\u00f6rmige Steinohrstecker mit wei\u00dfen Zirkonia | Diana Silver","description":"Fedezd fel a leny\u0171g\u00f6z\u0151 Silberne gr\u00fcne herzf\u00f6rmige Steinohrstecker mit wei\u00dfen Zirkonia \u00e9kszer\u00fcnket. T\u00f6k\u00e9letes kieg\u00e9sz\u00edt\u0151 mindennapi viselethez \u00e9s k\u00fcl\u00f6nleges alkalmakra egyar\u00e1nt. Rendeld meg most!","robots":{"index":"index","follow":"follow","max-snippet":"max-snippet:-1","max-image-preview":"max-image-preview:large","max-video-preview":"max-video-preview:-1"},"canonical":"https:\/\/dianasilver.com\/de\/termek\/silberne-gruene-herzfoermige-ohrstecker-mit-weissen-zirkonia\/","og_locale":"de_DE","og_type":"article","og_title":"Silberne gr\u00fcne herzf\u00f6rmige Steinohrstecker mit wei\u00dfen Zirkonia | Diana Silver","og_description":"Fedezd fel a leny\u0171g\u00f6z\u0151 Silberne gr\u00fcne herzf\u00f6rmige Steinohrstecker mit wei\u00dfen Zirkonia \u00e9kszer\u00fcnket. T\u00f6k\u00e9letes kieg\u00e9sz\u00edt\u0151 mindennapi viselethez \u00e9s k\u00fcl\u00f6nleges alkalmakra egyar\u00e1nt. Rendeld meg most!","og_url":"https:\/\/dianasilver.com\/de\/termek\/silberne-gruene-herzfoermige-ohrstecker-mit-weissen-zirkonia\/","og_site_name":"Diana Silver","article_publisher":"https:\/\/www.facebook.com\/profile.php?id=100027231325117","article_modified_time":"2026-04-08T23:35:05+00:00","og_image":[{"width":1350,"height":1800,"url":"https:\/\/dianasilver.com\/wp-content\/uploads\/2025\/05\/Ezust-zold-sziv-alaku-koves-stekkeres-fulbevalo-feher-cirkoniaval_1.jpg","type":"image\/jpeg"}],"twitter_card":"summary_large_image","twitter_misc":{"Gesch\u00e4tzte Lesezeit":"1\u00a0Minute"},"schema":{"@context":"https:\/\/schema.org","@graph":[{"@type":"WebPage","@id":"https:\/\/dianasilver.com\/de\/termek\/silberne-gruene-herzfoermige-ohrstecker-mit-weissen-zirkonia\/","url":"https:\/\/dianasilver.com\/de\/termek\/silberne-gruene-herzfoermige-ohrstecker-mit-weissen-zirkonia\/","name":"Silberne gr\u00fcne herzf\u00f6rmige Steinohrstecker mit wei\u00dfen Zirkonia | Diana Silver","isPartOf":{"@id":"https:\/\/dianasilver.com\/de\/#website"},"primaryImageOfPage":{"@id":"https:\/\/dianasilver.com\/de\/termek\/silberne-gruene-herzfoermige-ohrstecker-mit-weissen-zirkonia\/#primaryimage"},"image":{"@id":"https:\/\/dianasilver.com\/de\/termek\/silberne-gruene-herzfoermige-ohrstecker-mit-weissen-zirkonia\/#primaryimage"},"thumbnailUrl":"https:\/\/dianasilver.com\/wp-content\/uploads\/2025\/05\/Ezust-zold-sziv-alaku-koves-stekkeres-fulbevalo-feher-cirkoniaval_1.jpg","datePublished":"2025-05-14T17:28:35+00:00","dateModified":"2026-04-08T23:35:05+00:00","description":"Fedezd fel a leny\u0171g\u00f6z\u0151 Silberne gr\u00fcne herzf\u00f6rmige Steinohrstecker mit wei\u00dfen Zirkonia \u00e9kszer\u00fcnket. T\u00f6k\u00e9letes kieg\u00e9sz\u00edt\u0151 mindennapi viselethez \u00e9s k\u00fcl\u00f6nleges alkalmakra egyar\u00e1nt. Rendeld meg most!","breadcrumb":{"@id":"https:\/\/dianasilver.com\/de\/termek\/silberne-gruene-herzfoermige-ohrstecker-mit-weissen-zirkonia\/#breadcrumb"},"inLanguage":"de","potentialAction":[{"@type":"ReadAction","target":["https:\/\/dianasilver.com\/de\/termek\/silberne-gruene-herzfoermige-ohrstecker-mit-weissen-zirkonia\/"]}]},{"@type":"ImageObject","inLanguage":"de","@id":"https:\/\/dianasilver.com\/de\/termek\/silberne-gruene-herzfoermige-ohrstecker-mit-weissen-zirkonia\/#primaryimage","url":"https:\/\/dianasilver.com\/wp-content\/uploads\/2025\/05\/Ezust-zold-sziv-alaku-koves-stekkeres-fulbevalo-feher-cirkoniaval_1.jpg","contentUrl":"https:\/\/dianasilver.com\/wp-content\/uploads\/2025\/05\/Ezust-zold-sziv-alaku-koves-stekkeres-fulbevalo-feher-cirkoniaval_1.jpg","width":1350,"height":1800},{"@type":"BreadcrumbList","@id":"https:\/\/dianasilver.com\/de\/termek\/silberne-gruene-herzfoermige-ohrstecker-mit-weissen-zirkonia\/#breadcrumb","itemListElement":[{"@type":"ListItem","position":1,"name":"Kezd\u0151lap","item":"https:\/\/dianasilver.com\/de\/diana-silver-silberschmuck-webshop\/"},{"@type":"ListItem","position":2,"name":"Shop","item":"https:\/\/dianasilver.com\/de\/shop\/"},{"@type":"ListItem","position":3,"name":"Silberne gr\u00fcne herzf\u00f6rmige Steinohrstecker mit wei\u00dfen Zirkonia"}]},{"@type":"WebSite","@id":"https:\/\/dianasilver.com\/de\/#website","url":"https:\/\/dianasilver.com\/de\/","name":"Diana Silver","description":"Tedd t\u00f6k\u00e9letesebb\u00e9 mindennapjaid a Diana Silver \u00e9kszereivel.","publisher":{"@id":"https:\/\/dianasilver.com\/de\/#organization"},"alternateName":"Ez\u00fcst \u00c9kszer Web\u00e1ruh\u00e1z","potentialAction":[{"@type":"SearchAction","target":{"@type":"EntryPoint","urlTemplate":"https:\/\/dianasilver.com\/de\/?s={search_term_string}"},"query-input":{"@type":"PropertyValueSpecification","valueRequired":true,"valueName":"search_term_string"}}],"inLanguage":"de"},{"@type":"Organization","@id":"https:\/\/dianasilver.com\/de\/#organization","name":"Diana Silver","url":"https:\/\/dianasilver.com\/de\/","logo":{"@type":"ImageObject","inLanguage":"de","@id":"https:\/\/dianasilver.com\/de\/#\/schema\/logo\/image\/","url":"https:\/\/dianasilver.com\/wp-content\/uploads\/2022\/08\/ezust-feher-1-koves-buttonos-stekkeres-fulbevalo-42.webp","contentUrl":"https:\/\/dianasilver.com\/wp-content\/uploads\/2022\/08\/ezust-feher-1-koves-buttonos-stekkeres-fulbevalo-42.webp","width":300,"height":154,"caption":"Diana Silver"},"image":{"@id":"https:\/\/dianasilver.com\/de\/#\/schema\/logo\/image\/"},"sameAs":["https:\/\/www.facebook.com\/profile.php?id=100027231325117"]}]}},"_links":{"self":[{"href":"https:\/\/dianasilver.com\/de\/wp-json\/wp\/v2\/product\/112131","targetHints":{"allow":["GET"]}}],"collection":[{"href":"https:\/\/dianasilver.com\/de\/wp-json\/wp\/v2\/product"}],"about":[{"href":"https:\/\/dianasilver.com\/de\/wp-json\/wp\/v2\/types\/product"}],"version-history":[{"count":0,"href":"https:\/\/dianasilver.com\/de\/wp-json\/wp\/v2\/product\/112131\/revisions"}],"wp:featuredmedia":[{"embeddable":true,"href":"https:\/\/dianasilver.com\/de\/wp-json\/wp\/v2\/media\/103202"}],"wp:attachment":[{"href":"https:\/\/dianasilver.com\/de\/wp-json\/wp\/v2\/media?parent=112131"}],"wp:term":[{"taxonomy":"product_brand","embeddable":true,"href":"https:\/\/dianasilver.com\/de\/wp-json\/wp\/v2\/product_brand?post=112131"},{"taxonomy":"product_cat","embeddable":true,"href":"https:\/\/dianasilver.com\/de\/wp-json\/wp\/v2\/product_cat?post=112131"},{"taxonomy":"product_tag","embeddable":true,"href":"https:\/\/dianasilver.com\/de\/wp-json\/wp\/v2\/product_tag?post=112131"}],"curies":[{"name":"wp","href":"https:\/\/api.w.org\/{rel}","templated":true}]}}