{"id":112079,"date":"2025-09-09T22:05:23","date_gmt":"2025-09-09T20:05:23","guid":{"rendered":"https:\/\/dianasilver.hu\/termek\/ohrringe-mit-franzoesischem-verschluss-und-einem-klaren-steinfreien-design\/"},"modified":"2026-03-10T00:21:36","modified_gmt":"2026-03-09T23:21:36","slug":"ohrringe-mit-franzoesischem-verschluss-und-einem-klaren-steinfreien-design","status":"publish","type":"product","link":"https:\/\/dianasilver.com\/de\/termek\/ohrringe-mit-franzoesischem-verschluss-und-einem-klaren-steinfreien-design\/","title":{"rendered":"Ohrringe mit franz\u00f6sischem Verschluss und einem klaren, steinfreien Design"},"content":{"rendered":"<h2 data-start=\"313\" data-end=\"400\">Saubere, steinfreie Ohrringe mit franz\u00f6sischem Verschluss &#8211; eine einfache und doch stilvolle Wahl<\/h2>\n<h4 data-start=\"402\" data-end=\"433\">Was symbolisiert die Form?<\/h4>\n<ul data-start=\"434\" data-end=\"570\">\n<li data-start=\"434\" data-end=\"471\">\n<p data-start=\"436\" data-end=\"471\">Schlichtheit und moderne Eleganz<\/p>\n<\/li>\n<li data-start=\"472\" data-end=\"517\">\n<p data-start=\"474\" data-end=\"517\">Harmonie und Raffinesse demonstrieren<\/p>\n<\/li>\n<li data-start=\"518\" data-end=\"570\">\n<p data-start=\"520\" data-end=\"570\">Minimalistisches Design, das zu jedem Stil passt<\/p>\n<\/li>\n<\/ul>\n<h4 data-start=\"572\" data-end=\"593\">Warum w\u00e4hlen Sie es?<\/h4>\n<ul data-start=\"594\" data-end=\"842\">\n<li data-start=\"594\" data-end=\"649\">\n<p data-start=\"596\" data-end=\"649\">AG 925 Sterlingsilber mit Rhodiumbeschichtung<\/p>\n<\/li>\n<li data-start=\"650\" data-end=\"698\">\n<p data-start=\"652\" data-end=\"698\">Hochglanzpolierte Oberfl\u00e4che f\u00fcr einen brillanten Effekt<\/p>\n<\/li>\n<li data-start=\"699\" data-end=\"756\">\n<p data-start=\"701\" data-end=\"756\">Franz\u00f6sischer Verschluss: sicher und bequem zu tragen<\/p>\n<\/li>\n<li data-start=\"757\" data-end=\"800\">\n<p data-start=\"759\" data-end=\"800\">Leicht mit anderem Schmuck zu kombinieren<\/p>\n<\/li>\n<li data-start=\"801\" data-end=\"842\">\n<p data-start=\"803\" data-end=\"842\">Das perfekte Geschenk f\u00fcr elegante Frauen<\/p>\n<\/li>\n<\/ul>\n<p data-start=\"844\" data-end=\"998\">Diese klassischen Ohrringe mit franz\u00f6sischem Verschluss sind ein unverzichtbares St\u00fcck f\u00fcr die Garderobe der modernen Frau &#8211; w\u00e4hlen Sie sie f\u00fcr einen subtilen und dennoch stilvollen Look. \ud83c\udf81\u2728<\/p>\n","protected":false},"excerpt":{"rendered":"<p>Schlichte, elegante Ohrringe, die perfekt f\u00fcr den Alltag und besondere Anl\u00e4sse geeignet sind. Die gl\u00e4nzend polierte Oberfl\u00e4che unterstreicht Ihre nat\u00fcrliche Sch\u00f6nheit. \u2728<\/p>\n","protected":false},"featured_media":108556,"template":"","meta":{"_acf_changed":false},"product_brand":[],"product_cat":[573],"product_tag":[527],"class_list":{"0":"post-112079","1":"product","2":"type-product","3":"status-publish","4":"has-post-thumbnail","6":"product_cat-silberne-ohrringe","7":"product_tag-silberschmuck-fur-damen","8":"description-off","10":"first","11":"instock","12":"sale","13":"taxable","14":"shipping-taxable","15":"purchasable","16":"product-type-simple"},"acf":[],"yoast_head":"<!-- This site is optimized with the Yoast SEO plugin v27.4 - https:\/\/yoast.com\/product\/yoast-seo-wordpress\/ -->\n<title>Ohrringe mit franz\u00f6sischem Verschluss und einem klaren, steinfreien Design | Diana Silver<\/title>\n<meta name=\"description\" content=\"Fedezd fel a leny\u0171g\u00f6z\u0151 Ohrringe mit franz\u00f6sischem Verschluss und einem klaren, steinfreien Design \u00e9kszer\u00fcnket. T\u00f6k\u00e9letes kieg\u00e9sz\u00edt\u0151 mindennapi viselethez \u00e9s k\u00fcl\u00f6nleges alkalmakra egyar\u00e1nt. Rendeld meg most!\" \/>\n<meta name=\"robots\" content=\"index, follow, max-snippet:-1, max-image-preview:large, max-video-preview:-1\" \/>\n<link rel=\"canonical\" href=\"https:\/\/dianasilver.com\/de\/termek\/ohrringe-mit-franzoesischem-verschluss-und-einem-klaren-steinfreien-design\/\" \/>\n<meta property=\"og:locale\" content=\"de_DE\" \/>\n<meta property=\"og:type\" content=\"article\" \/>\n<meta property=\"og:title\" content=\"Ohrringe mit franz\u00f6sischem Verschluss und einem klaren, steinfreien Design | Diana Silver\" \/>\n<meta property=\"og:description\" content=\"Fedezd fel a leny\u0171g\u00f6z\u0151 Ohrringe mit franz\u00f6sischem Verschluss und einem klaren, steinfreien Design \u00e9kszer\u00fcnket. T\u00f6k\u00e9letes kieg\u00e9sz\u00edt\u0151 mindennapi viselethez \u00e9s k\u00fcl\u00f6nleges alkalmakra egyar\u00e1nt. Rendeld meg most!\" \/>\n<meta property=\"og:url\" content=\"https:\/\/dianasilver.com\/de\/termek\/ohrringe-mit-franzoesischem-verschluss-und-einem-klaren-steinfreien-design\/\" \/>\n<meta property=\"og:site_name\" content=\"Diana Silver\" \/>\n<meta property=\"article:publisher\" content=\"https:\/\/www.facebook.com\/profile.php?id=100027231325117\" \/>\n<meta property=\"article:modified_time\" content=\"2026-03-09T23:21:36+00:00\" \/>\n<meta property=\"og:image\" content=\"https:\/\/dianasilver.com\/wp-content\/uploads\/2025\/09\/Letisztult-ko-nelkuli-francia-kapcsos-fulbevalo_2.jpg\" \/>\n\t<meta property=\"og:image:width\" content=\"1340\" \/>\n\t<meta property=\"og:image:height\" content=\"1785\" \/>\n\t<meta property=\"og:image:type\" content=\"image\/jpeg\" \/>\n<meta name=\"twitter:card\" content=\"summary_large_image\" \/>\n<meta name=\"twitter:label1\" content=\"Gesch\u00e4tzte Lesezeit\" \/>\n\t<meta name=\"twitter:data1\" content=\"1\u00a0Minute\" \/>\n<script type=\"application\/ld+json\" class=\"yoast-schema-graph\">{\"@context\":\"https:\\\/\\\/schema.org\",\"@graph\":[{\"@type\":\"WebPage\",\"@id\":\"https:\\\/\\\/dianasilver.com\\\/de\\\/termek\\\/ohrringe-mit-franzoesischem-verschluss-und-einem-klaren-steinfreien-design\\\/\",\"url\":\"https:\\\/\\\/dianasilver.com\\\/de\\\/termek\\\/ohrringe-mit-franzoesischem-verschluss-und-einem-klaren-steinfreien-design\\\/\",\"name\":\"Ohrringe mit franz\u00f6sischem Verschluss und einem klaren, steinfreien Design | Diana Silver\",\"isPartOf\":{\"@id\":\"https:\\\/\\\/dianasilver.com\\\/de\\\/#website\"},\"primaryImageOfPage\":{\"@id\":\"https:\\\/\\\/dianasilver.com\\\/de\\\/termek\\\/ohrringe-mit-franzoesischem-verschluss-und-einem-klaren-steinfreien-design\\\/#primaryimage\"},\"image\":{\"@id\":\"https:\\\/\\\/dianasilver.com\\\/de\\\/termek\\\/ohrringe-mit-franzoesischem-verschluss-und-einem-klaren-steinfreien-design\\\/#primaryimage\"},\"thumbnailUrl\":\"https:\\\/\\\/dianasilver.com\\\/wp-content\\\/uploads\\\/2025\\\/09\\\/Letisztult-ko-nelkuli-francia-kapcsos-fulbevalo_2.jpg\",\"datePublished\":\"2025-09-09T20:05:23+00:00\",\"dateModified\":\"2026-03-09T23:21:36+00:00\",\"description\":\"Fedezd fel a leny\u0171g\u00f6z\u0151 Ohrringe mit franz\u00f6sischem Verschluss und einem klaren, steinfreien Design \u00e9kszer\u00fcnket. T\u00f6k\u00e9letes kieg\u00e9sz\u00edt\u0151 mindennapi viselethez \u00e9s k\u00fcl\u00f6nleges alkalmakra egyar\u00e1nt. Rendeld meg most!\",\"breadcrumb\":{\"@id\":\"https:\\\/\\\/dianasilver.com\\\/de\\\/termek\\\/ohrringe-mit-franzoesischem-verschluss-und-einem-klaren-steinfreien-design\\\/#breadcrumb\"},\"inLanguage\":\"de\",\"potentialAction\":[{\"@type\":\"ReadAction\",\"target\":[\"https:\\\/\\\/dianasilver.com\\\/de\\\/termek\\\/ohrringe-mit-franzoesischem-verschluss-und-einem-klaren-steinfreien-design\\\/\"]}]},{\"@type\":\"ImageObject\",\"inLanguage\":\"de\",\"@id\":\"https:\\\/\\\/dianasilver.com\\\/de\\\/termek\\\/ohrringe-mit-franzoesischem-verschluss-und-einem-klaren-steinfreien-design\\\/#primaryimage\",\"url\":\"https:\\\/\\\/dianasilver.com\\\/wp-content\\\/uploads\\\/2025\\\/09\\\/Letisztult-ko-nelkuli-francia-kapcsos-fulbevalo_2.jpg\",\"contentUrl\":\"https:\\\/\\\/dianasilver.com\\\/wp-content\\\/uploads\\\/2025\\\/09\\\/Letisztult-ko-nelkuli-francia-kapcsos-fulbevalo_2.jpg\",\"width\":1340,\"height\":1785},{\"@type\":\"BreadcrumbList\",\"@id\":\"https:\\\/\\\/dianasilver.com\\\/de\\\/termek\\\/ohrringe-mit-franzoesischem-verschluss-und-einem-klaren-steinfreien-design\\\/#breadcrumb\",\"itemListElement\":[{\"@type\":\"ListItem\",\"position\":1,\"name\":\"Kezd\u0151lap\",\"item\":\"https:\\\/\\\/dianasilver.com\\\/de\\\/diana-silver-silberschmuck-webshop\\\/\"},{\"@type\":\"ListItem\",\"position\":2,\"name\":\"Shop\",\"item\":\"https:\\\/\\\/dianasilver.com\\\/de\\\/shop\\\/\"},{\"@type\":\"ListItem\",\"position\":3,\"name\":\"Ohrringe mit franz\u00f6sischem Verschluss und einem klaren, steinfreien Design\"}]},{\"@type\":\"WebSite\",\"@id\":\"https:\\\/\\\/dianasilver.com\\\/de\\\/#website\",\"url\":\"https:\\\/\\\/dianasilver.com\\\/de\\\/\",\"name\":\"Diana Silver\",\"description\":\"Tedd t\u00f6k\u00e9letesebb\u00e9 mindennapjaid a Diana Silver \u00e9kszereivel.\",\"publisher\":{\"@id\":\"https:\\\/\\\/dianasilver.com\\\/de\\\/#organization\"},\"alternateName\":\"Ez\u00fcst \u00c9kszer Web\u00e1ruh\u00e1z\",\"potentialAction\":[{\"@type\":\"SearchAction\",\"target\":{\"@type\":\"EntryPoint\",\"urlTemplate\":\"https:\\\/\\\/dianasilver.com\\\/de\\\/?s={search_term_string}\"},\"query-input\":{\"@type\":\"PropertyValueSpecification\",\"valueRequired\":true,\"valueName\":\"search_term_string\"}}],\"inLanguage\":\"de\"},{\"@type\":\"Organization\",\"@id\":\"https:\\\/\\\/dianasilver.com\\\/de\\\/#organization\",\"name\":\"Diana Silver\",\"url\":\"https:\\\/\\\/dianasilver.com\\\/de\\\/\",\"logo\":{\"@type\":\"ImageObject\",\"inLanguage\":\"de\",\"@id\":\"https:\\\/\\\/dianasilver.com\\\/de\\\/#\\\/schema\\\/logo\\\/image\\\/\",\"url\":\"https:\\\/\\\/dianasilver.com\\\/wp-content\\\/uploads\\\/2022\\\/08\\\/ezust-feher-1-koves-buttonos-stekkeres-fulbevalo-42.webp\",\"contentUrl\":\"https:\\\/\\\/dianasilver.com\\\/wp-content\\\/uploads\\\/2022\\\/08\\\/ezust-feher-1-koves-buttonos-stekkeres-fulbevalo-42.webp\",\"width\":300,\"height\":154,\"caption\":\"Diana Silver\"},\"image\":{\"@id\":\"https:\\\/\\\/dianasilver.com\\\/de\\\/#\\\/schema\\\/logo\\\/image\\\/\"},\"sameAs\":[\"https:\\\/\\\/www.facebook.com\\\/profile.php?id=100027231325117\"]}]}<\/script>\n<!-- \/ Yoast SEO plugin. -->","yoast_head_json":{"title":"Ohrringe mit franz\u00f6sischem Verschluss und einem klaren, steinfreien Design | Diana Silver","description":"Fedezd fel a leny\u0171g\u00f6z\u0151 Ohrringe mit franz\u00f6sischem Verschluss und einem klaren, steinfreien Design \u00e9kszer\u00fcnket. T\u00f6k\u00e9letes kieg\u00e9sz\u00edt\u0151 mindennapi viselethez \u00e9s k\u00fcl\u00f6nleges alkalmakra egyar\u00e1nt. Rendeld meg most!","robots":{"index":"index","follow":"follow","max-snippet":"max-snippet:-1","max-image-preview":"max-image-preview:large","max-video-preview":"max-video-preview:-1"},"canonical":"https:\/\/dianasilver.com\/de\/termek\/ohrringe-mit-franzoesischem-verschluss-und-einem-klaren-steinfreien-design\/","og_locale":"de_DE","og_type":"article","og_title":"Ohrringe mit franz\u00f6sischem Verschluss und einem klaren, steinfreien Design | Diana Silver","og_description":"Fedezd fel a leny\u0171g\u00f6z\u0151 Ohrringe mit franz\u00f6sischem Verschluss und einem klaren, steinfreien Design \u00e9kszer\u00fcnket. T\u00f6k\u00e9letes kieg\u00e9sz\u00edt\u0151 mindennapi viselethez \u00e9s k\u00fcl\u00f6nleges alkalmakra egyar\u00e1nt. Rendeld meg most!","og_url":"https:\/\/dianasilver.com\/de\/termek\/ohrringe-mit-franzoesischem-verschluss-und-einem-klaren-steinfreien-design\/","og_site_name":"Diana Silver","article_publisher":"https:\/\/www.facebook.com\/profile.php?id=100027231325117","article_modified_time":"2026-03-09T23:21:36+00:00","og_image":[{"width":1340,"height":1785,"url":"https:\/\/dianasilver.com\/wp-content\/uploads\/2025\/09\/Letisztult-ko-nelkuli-francia-kapcsos-fulbevalo_2.jpg","type":"image\/jpeg"}],"twitter_card":"summary_large_image","twitter_misc":{"Gesch\u00e4tzte Lesezeit":"1\u00a0Minute"},"schema":{"@context":"https:\/\/schema.org","@graph":[{"@type":"WebPage","@id":"https:\/\/dianasilver.com\/de\/termek\/ohrringe-mit-franzoesischem-verschluss-und-einem-klaren-steinfreien-design\/","url":"https:\/\/dianasilver.com\/de\/termek\/ohrringe-mit-franzoesischem-verschluss-und-einem-klaren-steinfreien-design\/","name":"Ohrringe mit franz\u00f6sischem Verschluss und einem klaren, steinfreien Design | Diana Silver","isPartOf":{"@id":"https:\/\/dianasilver.com\/de\/#website"},"primaryImageOfPage":{"@id":"https:\/\/dianasilver.com\/de\/termek\/ohrringe-mit-franzoesischem-verschluss-und-einem-klaren-steinfreien-design\/#primaryimage"},"image":{"@id":"https:\/\/dianasilver.com\/de\/termek\/ohrringe-mit-franzoesischem-verschluss-und-einem-klaren-steinfreien-design\/#primaryimage"},"thumbnailUrl":"https:\/\/dianasilver.com\/wp-content\/uploads\/2025\/09\/Letisztult-ko-nelkuli-francia-kapcsos-fulbevalo_2.jpg","datePublished":"2025-09-09T20:05:23+00:00","dateModified":"2026-03-09T23:21:36+00:00","description":"Fedezd fel a leny\u0171g\u00f6z\u0151 Ohrringe mit franz\u00f6sischem Verschluss und einem klaren, steinfreien Design \u00e9kszer\u00fcnket. T\u00f6k\u00e9letes kieg\u00e9sz\u00edt\u0151 mindennapi viselethez \u00e9s k\u00fcl\u00f6nleges alkalmakra egyar\u00e1nt. Rendeld meg most!","breadcrumb":{"@id":"https:\/\/dianasilver.com\/de\/termek\/ohrringe-mit-franzoesischem-verschluss-und-einem-klaren-steinfreien-design\/#breadcrumb"},"inLanguage":"de","potentialAction":[{"@type":"ReadAction","target":["https:\/\/dianasilver.com\/de\/termek\/ohrringe-mit-franzoesischem-verschluss-und-einem-klaren-steinfreien-design\/"]}]},{"@type":"ImageObject","inLanguage":"de","@id":"https:\/\/dianasilver.com\/de\/termek\/ohrringe-mit-franzoesischem-verschluss-und-einem-klaren-steinfreien-design\/#primaryimage","url":"https:\/\/dianasilver.com\/wp-content\/uploads\/2025\/09\/Letisztult-ko-nelkuli-francia-kapcsos-fulbevalo_2.jpg","contentUrl":"https:\/\/dianasilver.com\/wp-content\/uploads\/2025\/09\/Letisztult-ko-nelkuli-francia-kapcsos-fulbevalo_2.jpg","width":1340,"height":1785},{"@type":"BreadcrumbList","@id":"https:\/\/dianasilver.com\/de\/termek\/ohrringe-mit-franzoesischem-verschluss-und-einem-klaren-steinfreien-design\/#breadcrumb","itemListElement":[{"@type":"ListItem","position":1,"name":"Kezd\u0151lap","item":"https:\/\/dianasilver.com\/de\/diana-silver-silberschmuck-webshop\/"},{"@type":"ListItem","position":2,"name":"Shop","item":"https:\/\/dianasilver.com\/de\/shop\/"},{"@type":"ListItem","position":3,"name":"Ohrringe mit franz\u00f6sischem Verschluss und einem klaren, steinfreien Design"}]},{"@type":"WebSite","@id":"https:\/\/dianasilver.com\/de\/#website","url":"https:\/\/dianasilver.com\/de\/","name":"Diana Silver","description":"Tedd t\u00f6k\u00e9letesebb\u00e9 mindennapjaid a Diana Silver \u00e9kszereivel.","publisher":{"@id":"https:\/\/dianasilver.com\/de\/#organization"},"alternateName":"Ez\u00fcst \u00c9kszer Web\u00e1ruh\u00e1z","potentialAction":[{"@type":"SearchAction","target":{"@type":"EntryPoint","urlTemplate":"https:\/\/dianasilver.com\/de\/?s={search_term_string}"},"query-input":{"@type":"PropertyValueSpecification","valueRequired":true,"valueName":"search_term_string"}}],"inLanguage":"de"},{"@type":"Organization","@id":"https:\/\/dianasilver.com\/de\/#organization","name":"Diana Silver","url":"https:\/\/dianasilver.com\/de\/","logo":{"@type":"ImageObject","inLanguage":"de","@id":"https:\/\/dianasilver.com\/de\/#\/schema\/logo\/image\/","url":"https:\/\/dianasilver.com\/wp-content\/uploads\/2022\/08\/ezust-feher-1-koves-buttonos-stekkeres-fulbevalo-42.webp","contentUrl":"https:\/\/dianasilver.com\/wp-content\/uploads\/2022\/08\/ezust-feher-1-koves-buttonos-stekkeres-fulbevalo-42.webp","width":300,"height":154,"caption":"Diana Silver"},"image":{"@id":"https:\/\/dianasilver.com\/de\/#\/schema\/logo\/image\/"},"sameAs":["https:\/\/www.facebook.com\/profile.php?id=100027231325117"]}]}},"_links":{"self":[{"href":"https:\/\/dianasilver.com\/de\/wp-json\/wp\/v2\/product\/112079","targetHints":{"allow":["GET"]}}],"collection":[{"href":"https:\/\/dianasilver.com\/de\/wp-json\/wp\/v2\/product"}],"about":[{"href":"https:\/\/dianasilver.com\/de\/wp-json\/wp\/v2\/types\/product"}],"version-history":[{"count":0,"href":"https:\/\/dianasilver.com\/de\/wp-json\/wp\/v2\/product\/112079\/revisions"}],"wp:featuredmedia":[{"embeddable":true,"href":"https:\/\/dianasilver.com\/de\/wp-json\/wp\/v2\/media\/108556"}],"wp:attachment":[{"href":"https:\/\/dianasilver.com\/de\/wp-json\/wp\/v2\/media?parent=112079"}],"wp:term":[{"taxonomy":"product_brand","embeddable":true,"href":"https:\/\/dianasilver.com\/de\/wp-json\/wp\/v2\/product_brand?post=112079"},{"taxonomy":"product_cat","embeddable":true,"href":"https:\/\/dianasilver.com\/de\/wp-json\/wp\/v2\/product_cat?post=112079"},{"taxonomy":"product_tag","embeddable":true,"href":"https:\/\/dianasilver.com\/de\/wp-json\/wp\/v2\/product_tag?post=112079"}],"curies":[{"name":"wp","href":"https:\/\/api.w.org\/{rel}","templated":true}]}}