{"id":112071,"date":"2025-09-08T23:32:49","date_gmt":"2025-09-08T21:32:49","guid":{"rendered":"https:\/\/dianasilver.hu\/termek\/herzfoermige-zirkoniasteine-kinderohrringe\/"},"modified":"2026-03-10T00:21:36","modified_gmt":"2026-03-09T23:21:36","slug":"herzfoermige-zirkoniasteine-kinderohrringe","status":"publish","type":"product","link":"https:\/\/dianasilver.com\/de\/termek\/herzfoermige-zirkoniasteine-kinderohrringe\/","title":{"rendered":"Herzf\u00f6rmige Zirkoniasteine Kinderohrringe"},"content":{"rendered":"<h2 data-start=\"401\" data-end=\"668\">Dieser sch\u00f6ne <strong data-start=\"439\" data-end=\"471\">herzf\u00f6rmige Kinderohrring<\/strong> wird ein echtes Lieblingsst\u00fcck in der Schmucksammlung Ihrer kleinen M\u00e4dchen sein.<\/h2>\n<p data-start=\"401\" data-end=\"668\">Der funkelnde <strong data-start=\"536\" data-end=\"551\">Zirkoniastein<\/strong> sorgt f\u00fcr ein fr\u00f6hliches Leuchten, w\u00e4hrend die Herzform ein Symbol f\u00fcr Liebe und Freundlichkeit ist, das zu jedem kleinen M\u00e4dchen passt.<\/p>\n<p data-start=\"670\" data-end=\"923\">Die <strong data-start=\"672\" data-end=\"696\">Patentverschlussl\u00f6sung<\/strong> ist besonders praktisch f\u00fcr Kinder, denn sie bietet eine bequeme und sichere M\u00f6glichkeit, sie beim Spielen und bei der Bewegung zu tragen. Das <strong data-start=\"808\" data-end=\"842\">AG 925 Silber mit Rhodiumbeschichtung<\/strong> sorgt daf\u00fcr, dass die Ohrringe ihre Sch\u00f6nheit lange behalten.<\/p>\n<p data-start=\"925\" data-end=\"1277\"><strong data-start=\"925\" data-end=\"956\">Warum ist es ideal f\u00fcr Kinder?<\/strong><br data-start=\"956\" data-end=\"959\">&#8211; Sicherer <strong data-start=\"973\" data-end=\"986\">Patentverschluss<\/strong> &#8211; f\u00e4llt nicht aus dem Ohr.<br data-start=\"1010\" data-end=\"1013\">&#8211; Leicht, angenehm zu tragen f\u00fcr den Alltag.<br data-start=\"1058\" data-end=\"1061\">&#8211; <strong data-start=\"1063\" data-end=\"1089\">Herzf\u00f6rmiger Zirkoniastein<\/strong> &#8211; verspielter und charmanter Look.<br data-start=\"1120\" data-end=\"1123\">&#8211; Hochwertiges <strong data-start=\"1134\" data-end=\"1150\">AG 925 Sterling Silber<\/strong>, rhodiniert f\u00fcr Langlebigkeit.<br data-start=\"1185\" data-end=\"1188\">&#8211; Perfekt als Geschenk f\u00fcr einen Geburtstag, eine Taufe oder einen anderen besonderen Anlass. \ud83c\udf81<\/p>\n<p data-start=\"1279\" data-end=\"1363\">\u2728 Ein liebevolles und funkelndes Schmuckst\u00fcck, das das L\u00e4cheln eines jeden kleinen M\u00e4dchens versch\u00f6nert. \ud83c\udf38<\/p>\n","protected":false},"excerpt":{"rendered":"<p>Eine bezaubernde und sichere Wahl f\u00fcr kleine M\u00e4dchen: herzf\u00f6rmige <strong data-start=\"327\" data-end=\"360\">Kinderohrringe<\/strong> mit Zirkoniasteinen in Silber mit Rhodiumbeschichtung. \ud83c\udf80<\/p>\n","protected":false},"featured_media":108425,"template":"","meta":{"_acf_changed":false},"product_brand":[],"product_cat":[573],"product_tag":[633,650],"class_list":{"0":"post-112071","1":"product","2":"type-product","3":"status-publish","4":"has-post-thumbnail","6":"product_cat-silberne-ohrringe","7":"product_tag-herz","8":"product_tag-kinder-silberschmuck","9":"description-off","11":"first","12":"instock","13":"sale","14":"taxable","15":"shipping-taxable","16":"purchasable","17":"product-type-simple"},"acf":[],"yoast_head":"<!-- This site is optimized with the Yoast SEO plugin v27.4 - https:\/\/yoast.com\/product\/yoast-seo-wordpress\/ -->\n<title>Herzf\u00f6rmige Zirkoniasteine Kinderohrringe | Diana Silver<\/title>\n<meta name=\"description\" content=\"Fedezd fel a leny\u0171g\u00f6z\u0151 Herzf\u00f6rmige Zirkoniasteine Kinderohrringe \u00e9kszer\u00fcnket. T\u00f6k\u00e9letes kieg\u00e9sz\u00edt\u0151 mindennapi viselethez \u00e9s k\u00fcl\u00f6nleges alkalmakra egyar\u00e1nt. Rendeld meg most!\" \/>\n<meta name=\"robots\" content=\"index, follow, max-snippet:-1, max-image-preview:large, max-video-preview:-1\" \/>\n<link rel=\"canonical\" href=\"https:\/\/dianasilver.com\/de\/termek\/herzfoermige-zirkoniasteine-kinderohrringe\/\" \/>\n<meta property=\"og:locale\" content=\"de_DE\" \/>\n<meta property=\"og:type\" content=\"article\" \/>\n<meta property=\"og:title\" content=\"Herzf\u00f6rmige Zirkoniasteine Kinderohrringe | Diana Silver\" \/>\n<meta property=\"og:description\" content=\"Fedezd fel a leny\u0171g\u00f6z\u0151 Herzf\u00f6rmige Zirkoniasteine Kinderohrringe \u00e9kszer\u00fcnket. T\u00f6k\u00e9letes kieg\u00e9sz\u00edt\u0151 mindennapi viselethez \u00e9s k\u00fcl\u00f6nleges alkalmakra egyar\u00e1nt. Rendeld meg most!\" \/>\n<meta property=\"og:url\" content=\"https:\/\/dianasilver.com\/de\/termek\/herzfoermige-zirkoniasteine-kinderohrringe\/\" \/>\n<meta property=\"og:site_name\" content=\"Diana Silver\" \/>\n<meta property=\"article:publisher\" content=\"https:\/\/www.facebook.com\/profile.php?id=100027231325117\" \/>\n<meta property=\"article:modified_time\" content=\"2026-03-09T23:21:36+00:00\" \/>\n<meta property=\"og:image\" content=\"https:\/\/dianasilver.com\/wp-content\/uploads\/2025\/09\/Sziv-alaku-cirkonia-koves-patentzaras-fulbevalo_2.jpg\" \/>\n\t<meta property=\"og:image:width\" content=\"1350\" \/>\n\t<meta property=\"og:image:height\" content=\"1800\" \/>\n\t<meta property=\"og:image:type\" content=\"image\/jpeg\" \/>\n<meta name=\"twitter:card\" content=\"summary_large_image\" \/>\n<meta name=\"twitter:label1\" content=\"Gesch\u00e4tzte Lesezeit\" \/>\n\t<meta name=\"twitter:data1\" content=\"1\u00a0Minute\" \/>\n<script type=\"application\/ld+json\" class=\"yoast-schema-graph\">{\"@context\":\"https:\\\/\\\/schema.org\",\"@graph\":[{\"@type\":\"WebPage\",\"@id\":\"https:\\\/\\\/dianasilver.com\\\/de\\\/termek\\\/herzfoermige-zirkoniasteine-kinderohrringe\\\/\",\"url\":\"https:\\\/\\\/dianasilver.com\\\/de\\\/termek\\\/herzfoermige-zirkoniasteine-kinderohrringe\\\/\",\"name\":\"Herzf\u00f6rmige Zirkoniasteine Kinderohrringe | Diana Silver\",\"isPartOf\":{\"@id\":\"https:\\\/\\\/dianasilver.com\\\/de\\\/#website\"},\"primaryImageOfPage\":{\"@id\":\"https:\\\/\\\/dianasilver.com\\\/de\\\/termek\\\/herzfoermige-zirkoniasteine-kinderohrringe\\\/#primaryimage\"},\"image\":{\"@id\":\"https:\\\/\\\/dianasilver.com\\\/de\\\/termek\\\/herzfoermige-zirkoniasteine-kinderohrringe\\\/#primaryimage\"},\"thumbnailUrl\":\"https:\\\/\\\/dianasilver.com\\\/wp-content\\\/uploads\\\/2025\\\/09\\\/Sziv-alaku-cirkonia-koves-patentzaras-fulbevalo_2.jpg\",\"datePublished\":\"2025-09-08T21:32:49+00:00\",\"dateModified\":\"2026-03-09T23:21:36+00:00\",\"description\":\"Fedezd fel a leny\u0171g\u00f6z\u0151 Herzf\u00f6rmige Zirkoniasteine Kinderohrringe \u00e9kszer\u00fcnket. T\u00f6k\u00e9letes kieg\u00e9sz\u00edt\u0151 mindennapi viselethez \u00e9s k\u00fcl\u00f6nleges alkalmakra egyar\u00e1nt. Rendeld meg most!\",\"breadcrumb\":{\"@id\":\"https:\\\/\\\/dianasilver.com\\\/de\\\/termek\\\/herzfoermige-zirkoniasteine-kinderohrringe\\\/#breadcrumb\"},\"inLanguage\":\"de\",\"potentialAction\":[{\"@type\":\"ReadAction\",\"target\":[\"https:\\\/\\\/dianasilver.com\\\/de\\\/termek\\\/herzfoermige-zirkoniasteine-kinderohrringe\\\/\"]}]},{\"@type\":\"ImageObject\",\"inLanguage\":\"de\",\"@id\":\"https:\\\/\\\/dianasilver.com\\\/de\\\/termek\\\/herzfoermige-zirkoniasteine-kinderohrringe\\\/#primaryimage\",\"url\":\"https:\\\/\\\/dianasilver.com\\\/wp-content\\\/uploads\\\/2025\\\/09\\\/Sziv-alaku-cirkonia-koves-patentzaras-fulbevalo_2.jpg\",\"contentUrl\":\"https:\\\/\\\/dianasilver.com\\\/wp-content\\\/uploads\\\/2025\\\/09\\\/Sziv-alaku-cirkonia-koves-patentzaras-fulbevalo_2.jpg\",\"width\":1350,\"height\":1800},{\"@type\":\"BreadcrumbList\",\"@id\":\"https:\\\/\\\/dianasilver.com\\\/de\\\/termek\\\/herzfoermige-zirkoniasteine-kinderohrringe\\\/#breadcrumb\",\"itemListElement\":[{\"@type\":\"ListItem\",\"position\":1,\"name\":\"Kezd\u0151lap\",\"item\":\"https:\\\/\\\/dianasilver.com\\\/de\\\/diana-silver-silberschmuck-webshop\\\/\"},{\"@type\":\"ListItem\",\"position\":2,\"name\":\"Shop\",\"item\":\"https:\\\/\\\/dianasilver.com\\\/de\\\/shop\\\/\"},{\"@type\":\"ListItem\",\"position\":3,\"name\":\"Herzf\u00f6rmige Zirkoniasteine Kinderohrringe\"}]},{\"@type\":\"WebSite\",\"@id\":\"https:\\\/\\\/dianasilver.com\\\/de\\\/#website\",\"url\":\"https:\\\/\\\/dianasilver.com\\\/de\\\/\",\"name\":\"Diana Silver\",\"description\":\"Tedd t\u00f6k\u00e9letesebb\u00e9 mindennapjaid a Diana Silver \u00e9kszereivel.\",\"publisher\":{\"@id\":\"https:\\\/\\\/dianasilver.com\\\/de\\\/#organization\"},\"alternateName\":\"Ez\u00fcst \u00c9kszer Web\u00e1ruh\u00e1z\",\"potentialAction\":[{\"@type\":\"SearchAction\",\"target\":{\"@type\":\"EntryPoint\",\"urlTemplate\":\"https:\\\/\\\/dianasilver.com\\\/de\\\/?s={search_term_string}\"},\"query-input\":{\"@type\":\"PropertyValueSpecification\",\"valueRequired\":true,\"valueName\":\"search_term_string\"}}],\"inLanguage\":\"de\"},{\"@type\":\"Organization\",\"@id\":\"https:\\\/\\\/dianasilver.com\\\/de\\\/#organization\",\"name\":\"Diana Silver\",\"url\":\"https:\\\/\\\/dianasilver.com\\\/de\\\/\",\"logo\":{\"@type\":\"ImageObject\",\"inLanguage\":\"de\",\"@id\":\"https:\\\/\\\/dianasilver.com\\\/de\\\/#\\\/schema\\\/logo\\\/image\\\/\",\"url\":\"https:\\\/\\\/dianasilver.com\\\/wp-content\\\/uploads\\\/2022\\\/08\\\/ezust-feher-1-koves-buttonos-stekkeres-fulbevalo-42.webp\",\"contentUrl\":\"https:\\\/\\\/dianasilver.com\\\/wp-content\\\/uploads\\\/2022\\\/08\\\/ezust-feher-1-koves-buttonos-stekkeres-fulbevalo-42.webp\",\"width\":300,\"height\":154,\"caption\":\"Diana Silver\"},\"image\":{\"@id\":\"https:\\\/\\\/dianasilver.com\\\/de\\\/#\\\/schema\\\/logo\\\/image\\\/\"},\"sameAs\":[\"https:\\\/\\\/www.facebook.com\\\/profile.php?id=100027231325117\"]}]}<\/script>\n<!-- \/ Yoast SEO plugin. -->","yoast_head_json":{"title":"Herzf\u00f6rmige Zirkoniasteine Kinderohrringe | Diana Silver","description":"Fedezd fel a leny\u0171g\u00f6z\u0151 Herzf\u00f6rmige Zirkoniasteine Kinderohrringe \u00e9kszer\u00fcnket. T\u00f6k\u00e9letes kieg\u00e9sz\u00edt\u0151 mindennapi viselethez \u00e9s k\u00fcl\u00f6nleges alkalmakra egyar\u00e1nt. Rendeld meg most!","robots":{"index":"index","follow":"follow","max-snippet":"max-snippet:-1","max-image-preview":"max-image-preview:large","max-video-preview":"max-video-preview:-1"},"canonical":"https:\/\/dianasilver.com\/de\/termek\/herzfoermige-zirkoniasteine-kinderohrringe\/","og_locale":"de_DE","og_type":"article","og_title":"Herzf\u00f6rmige Zirkoniasteine Kinderohrringe | Diana Silver","og_description":"Fedezd fel a leny\u0171g\u00f6z\u0151 Herzf\u00f6rmige Zirkoniasteine Kinderohrringe \u00e9kszer\u00fcnket. T\u00f6k\u00e9letes kieg\u00e9sz\u00edt\u0151 mindennapi viselethez \u00e9s k\u00fcl\u00f6nleges alkalmakra egyar\u00e1nt. Rendeld meg most!","og_url":"https:\/\/dianasilver.com\/de\/termek\/herzfoermige-zirkoniasteine-kinderohrringe\/","og_site_name":"Diana Silver","article_publisher":"https:\/\/www.facebook.com\/profile.php?id=100027231325117","article_modified_time":"2026-03-09T23:21:36+00:00","og_image":[{"width":1350,"height":1800,"url":"https:\/\/dianasilver.com\/wp-content\/uploads\/2025\/09\/Sziv-alaku-cirkonia-koves-patentzaras-fulbevalo_2.jpg","type":"image\/jpeg"}],"twitter_card":"summary_large_image","twitter_misc":{"Gesch\u00e4tzte Lesezeit":"1\u00a0Minute"},"schema":{"@context":"https:\/\/schema.org","@graph":[{"@type":"WebPage","@id":"https:\/\/dianasilver.com\/de\/termek\/herzfoermige-zirkoniasteine-kinderohrringe\/","url":"https:\/\/dianasilver.com\/de\/termek\/herzfoermige-zirkoniasteine-kinderohrringe\/","name":"Herzf\u00f6rmige Zirkoniasteine Kinderohrringe | Diana Silver","isPartOf":{"@id":"https:\/\/dianasilver.com\/de\/#website"},"primaryImageOfPage":{"@id":"https:\/\/dianasilver.com\/de\/termek\/herzfoermige-zirkoniasteine-kinderohrringe\/#primaryimage"},"image":{"@id":"https:\/\/dianasilver.com\/de\/termek\/herzfoermige-zirkoniasteine-kinderohrringe\/#primaryimage"},"thumbnailUrl":"https:\/\/dianasilver.com\/wp-content\/uploads\/2025\/09\/Sziv-alaku-cirkonia-koves-patentzaras-fulbevalo_2.jpg","datePublished":"2025-09-08T21:32:49+00:00","dateModified":"2026-03-09T23:21:36+00:00","description":"Fedezd fel a leny\u0171g\u00f6z\u0151 Herzf\u00f6rmige Zirkoniasteine Kinderohrringe \u00e9kszer\u00fcnket. T\u00f6k\u00e9letes kieg\u00e9sz\u00edt\u0151 mindennapi viselethez \u00e9s k\u00fcl\u00f6nleges alkalmakra egyar\u00e1nt. Rendeld meg most!","breadcrumb":{"@id":"https:\/\/dianasilver.com\/de\/termek\/herzfoermige-zirkoniasteine-kinderohrringe\/#breadcrumb"},"inLanguage":"de","potentialAction":[{"@type":"ReadAction","target":["https:\/\/dianasilver.com\/de\/termek\/herzfoermige-zirkoniasteine-kinderohrringe\/"]}]},{"@type":"ImageObject","inLanguage":"de","@id":"https:\/\/dianasilver.com\/de\/termek\/herzfoermige-zirkoniasteine-kinderohrringe\/#primaryimage","url":"https:\/\/dianasilver.com\/wp-content\/uploads\/2025\/09\/Sziv-alaku-cirkonia-koves-patentzaras-fulbevalo_2.jpg","contentUrl":"https:\/\/dianasilver.com\/wp-content\/uploads\/2025\/09\/Sziv-alaku-cirkonia-koves-patentzaras-fulbevalo_2.jpg","width":1350,"height":1800},{"@type":"BreadcrumbList","@id":"https:\/\/dianasilver.com\/de\/termek\/herzfoermige-zirkoniasteine-kinderohrringe\/#breadcrumb","itemListElement":[{"@type":"ListItem","position":1,"name":"Kezd\u0151lap","item":"https:\/\/dianasilver.com\/de\/diana-silver-silberschmuck-webshop\/"},{"@type":"ListItem","position":2,"name":"Shop","item":"https:\/\/dianasilver.com\/de\/shop\/"},{"@type":"ListItem","position":3,"name":"Herzf\u00f6rmige Zirkoniasteine Kinderohrringe"}]},{"@type":"WebSite","@id":"https:\/\/dianasilver.com\/de\/#website","url":"https:\/\/dianasilver.com\/de\/","name":"Diana Silver","description":"Tedd t\u00f6k\u00e9letesebb\u00e9 mindennapjaid a Diana Silver \u00e9kszereivel.","publisher":{"@id":"https:\/\/dianasilver.com\/de\/#organization"},"alternateName":"Ez\u00fcst \u00c9kszer Web\u00e1ruh\u00e1z","potentialAction":[{"@type":"SearchAction","target":{"@type":"EntryPoint","urlTemplate":"https:\/\/dianasilver.com\/de\/?s={search_term_string}"},"query-input":{"@type":"PropertyValueSpecification","valueRequired":true,"valueName":"search_term_string"}}],"inLanguage":"de"},{"@type":"Organization","@id":"https:\/\/dianasilver.com\/de\/#organization","name":"Diana Silver","url":"https:\/\/dianasilver.com\/de\/","logo":{"@type":"ImageObject","inLanguage":"de","@id":"https:\/\/dianasilver.com\/de\/#\/schema\/logo\/image\/","url":"https:\/\/dianasilver.com\/wp-content\/uploads\/2022\/08\/ezust-feher-1-koves-buttonos-stekkeres-fulbevalo-42.webp","contentUrl":"https:\/\/dianasilver.com\/wp-content\/uploads\/2022\/08\/ezust-feher-1-koves-buttonos-stekkeres-fulbevalo-42.webp","width":300,"height":154,"caption":"Diana Silver"},"image":{"@id":"https:\/\/dianasilver.com\/de\/#\/schema\/logo\/image\/"},"sameAs":["https:\/\/www.facebook.com\/profile.php?id=100027231325117"]}]}},"_links":{"self":[{"href":"https:\/\/dianasilver.com\/de\/wp-json\/wp\/v2\/product\/112071","targetHints":{"allow":["GET"]}}],"collection":[{"href":"https:\/\/dianasilver.com\/de\/wp-json\/wp\/v2\/product"}],"about":[{"href":"https:\/\/dianasilver.com\/de\/wp-json\/wp\/v2\/types\/product"}],"version-history":[{"count":0,"href":"https:\/\/dianasilver.com\/de\/wp-json\/wp\/v2\/product\/112071\/revisions"}],"wp:featuredmedia":[{"embeddable":true,"href":"https:\/\/dianasilver.com\/de\/wp-json\/wp\/v2\/media\/108425"}],"wp:attachment":[{"href":"https:\/\/dianasilver.com\/de\/wp-json\/wp\/v2\/media?parent=112071"}],"wp:term":[{"taxonomy":"product_brand","embeddable":true,"href":"https:\/\/dianasilver.com\/de\/wp-json\/wp\/v2\/product_brand?post=112071"},{"taxonomy":"product_cat","embeddable":true,"href":"https:\/\/dianasilver.com\/de\/wp-json\/wp\/v2\/product_cat?post=112071"},{"taxonomy":"product_tag","embeddable":true,"href":"https:\/\/dianasilver.com\/de\/wp-json\/wp\/v2\/product_tag?post=112071"}],"curies":[{"name":"wp","href":"https:\/\/api.w.org\/{rel}","templated":true}]}}