{"id":112069,"date":"2025-09-08T22:58:12","date_gmt":"2025-09-08T20:58:12","guid":{"rendered":"https:\/\/dianasilver.hu\/termek\/baby-ohrringe-mit-weissem-stein-verschluss-vorne-mit-1-stein\/"},"modified":"2026-04-09T01:35:04","modified_gmt":"2026-04-08T23:35:04","slug":"baby-ohrringe-mit-weissem-stein-verschluss-vorne-mit-1-stein","status":"publish","type":"product","link":"https:\/\/dianasilver.com\/de\/termek\/baby-ohrringe-mit-weissem-stein-verschluss-vorne-mit-1-stein\/","title":{"rendered":"Baby-Ohrringe mit wei\u00dfem Stein &#8211; Verschluss vorne mit 1 Stein"},"content":{"rendered":"<h2 data-start=\"264\" data-end=\"535\">Dieser Baby-Ohrring aus wei\u00dfem Stein ist ein Symbol f\u00fcr Reinheit, Unschuld und Ausstrahlung.<\/h2>\n<p data-start=\"264\" data-end=\"535\">Der winzige, elegante Stein bringt das Gesicht bei jeder Bewegung zum Strahlen, w\u00e4hrend der <strong data-start=\"436\" data-end=\"475\">sichere Verschluss auf der Vorderseite<\/strong> daf\u00fcr sorgt, dass die Kleinen sie problemlos tragen k\u00f6nnen.<\/p>\n<p data-start=\"537\" data-end=\"931\"><strong data-start=\"537\" data-end=\"555\">Warum w\u00e4hlen Sie es?<\/strong><br data-start=\"555\" data-end=\"558\">&#8211; Wei\u00dfer Stein, der perfekt zu jedem Outfit passt.<br data-start=\"615\" data-end=\"618\">&#8211; Bequemer, sicherer <strong data-start=\"643\" data-end=\"667\">Verschluss auf der Vorderseite<\/strong> &#8211; ideal f\u00fcr Babys und Kleinkinder.<br data-start=\"706\" data-end=\"709\">&#8211; Hochwertiges <strong data-start=\"727\" data-end=\"743\">AG 925 Silber<\/strong> mit Rhodiumbeschichtung f\u00fcr lang anhaltenden Glanz.<br data-start=\"787\" data-end=\"790\" data-is-only-node=\"\">&#8211; Elegantes, klares Design f\u00fcr den Alltag und festliche Anl\u00e4sse.<br data-start=\"856\" data-end=\"859\">&#8211; Ein wunderbares Geschenk f\u00fcr Taufen, Geburtstage oder andere besondere Anl\u00e4sse.<\/p>\n<p data-start=\"933\" data-end=\"1008\">\ud83c\udf81 Ein kleiner Ohrring, der Freude und Glanz in das Leben der Kleinsten bringen wird. \ud83e\udd0d<\/p>\n","protected":false},"excerpt":{"rendered":"<p>Baby-Ohrringe von klassischer Sch\u00f6nheit mit einem wei\u00dfen Stein, der sanft im Licht funkelt. Der <strong data-start=\"177\" data-end=\"201\">Verschluss auf der Vorderseite<\/strong> bietet Sicherheit und Komfort f\u00fcr die Kleinen. \ud83d\udc76\ud83d\udc8e<\/p>\n","protected":false},"featured_media":108391,"template":"","meta":{"_acf_changed":false},"product_brand":[],"product_cat":[573],"product_tag":[634,650],"class_list":{"0":"post-112069","1":"product","2":"type-product","3":"status-publish","4":"has-post-thumbnail","6":"product_cat-silberne-ohrringe","7":"product_tag-farbenfroh","8":"product_tag-kinder-silberschmuck","9":"description-off","11":"first","12":"instock","13":"sale","14":"taxable","15":"shipping-taxable","16":"purchasable","17":"product-type-simple"},"acf":[],"yoast_head":"<!-- This site is optimized with the Yoast SEO plugin v27.4 - https:\/\/yoast.com\/product\/yoast-seo-wordpress\/ -->\n<title>Baby-Ohrringe mit wei\u00dfem Stein - Verschluss vorne mit 1 Stein | Diana Silver<\/title>\n<meta name=\"description\" content=\"Fedezd fel a leny\u0171g\u00f6z\u0151 Baby-Ohrringe mit wei\u00dfem Stein - Verschluss vorne mit 1 Stein \u00e9kszer\u00fcnket. T\u00f6k\u00e9letes kieg\u00e9sz\u00edt\u0151 mindennapi viselethez \u00e9s k\u00fcl\u00f6nleges alkalmakra egyar\u00e1nt. Rendeld meg most!\" \/>\n<meta name=\"robots\" content=\"index, follow, max-snippet:-1, max-image-preview:large, max-video-preview:-1\" \/>\n<link rel=\"canonical\" href=\"https:\/\/dianasilver.com\/de\/termek\/baby-ohrringe-mit-weissem-stein-verschluss-vorne-mit-1-stein\/\" \/>\n<meta property=\"og:locale\" content=\"de_DE\" \/>\n<meta property=\"og:type\" content=\"article\" \/>\n<meta property=\"og:title\" content=\"Baby-Ohrringe mit wei\u00dfem Stein - Verschluss vorne mit 1 Stein | Diana Silver\" \/>\n<meta property=\"og:description\" content=\"Fedezd fel a leny\u0171g\u00f6z\u0151 Baby-Ohrringe mit wei\u00dfem Stein - Verschluss vorne mit 1 Stein \u00e9kszer\u00fcnket. T\u00f6k\u00e9letes kieg\u00e9sz\u00edt\u0151 mindennapi viselethez \u00e9s k\u00fcl\u00f6nleges alkalmakra egyar\u00e1nt. Rendeld meg most!\" \/>\n<meta property=\"og:url\" content=\"https:\/\/dianasilver.com\/de\/termek\/baby-ohrringe-mit-weissem-stein-verschluss-vorne-mit-1-stein\/\" \/>\n<meta property=\"og:site_name\" content=\"Diana Silver\" \/>\n<meta property=\"article:publisher\" content=\"https:\/\/www.facebook.com\/profile.php?id=100027231325117\" \/>\n<meta property=\"article:modified_time\" content=\"2026-04-08T23:35:04+00:00\" \/>\n<meta property=\"og:image\" content=\"https:\/\/dianasilver.com\/wp-content\/uploads\/2025\/09\/Feher-koves-baba-fulbevalo-\u2013-elol-kapcsos-1-kovel_2.jpg\" \/>\n\t<meta property=\"og:image:width\" content=\"1350\" \/>\n\t<meta property=\"og:image:height\" content=\"1800\" \/>\n\t<meta property=\"og:image:type\" content=\"image\/jpeg\" \/>\n<meta name=\"twitter:card\" content=\"summary_large_image\" \/>\n<meta name=\"twitter:label1\" content=\"Gesch\u00e4tzte Lesezeit\" \/>\n\t<meta name=\"twitter:data1\" content=\"1\u00a0Minute\" \/>\n<script type=\"application\/ld+json\" class=\"yoast-schema-graph\">{\"@context\":\"https:\\\/\\\/schema.org\",\"@graph\":[{\"@type\":\"WebPage\",\"@id\":\"https:\\\/\\\/dianasilver.com\\\/de\\\/termek\\\/baby-ohrringe-mit-weissem-stein-verschluss-vorne-mit-1-stein\\\/\",\"url\":\"https:\\\/\\\/dianasilver.com\\\/de\\\/termek\\\/baby-ohrringe-mit-weissem-stein-verschluss-vorne-mit-1-stein\\\/\",\"name\":\"Baby-Ohrringe mit wei\u00dfem Stein - Verschluss vorne mit 1 Stein | Diana Silver\",\"isPartOf\":{\"@id\":\"https:\\\/\\\/dianasilver.com\\\/de\\\/#website\"},\"primaryImageOfPage\":{\"@id\":\"https:\\\/\\\/dianasilver.com\\\/de\\\/termek\\\/baby-ohrringe-mit-weissem-stein-verschluss-vorne-mit-1-stein\\\/#primaryimage\"},\"image\":{\"@id\":\"https:\\\/\\\/dianasilver.com\\\/de\\\/termek\\\/baby-ohrringe-mit-weissem-stein-verschluss-vorne-mit-1-stein\\\/#primaryimage\"},\"thumbnailUrl\":\"https:\\\/\\\/dianasilver.com\\\/wp-content\\\/uploads\\\/2025\\\/09\\\/Feher-koves-baba-fulbevalo-\u2013-elol-kapcsos-1-kovel_2.jpg\",\"datePublished\":\"2025-09-08T20:58:12+00:00\",\"dateModified\":\"2026-04-08T23:35:04+00:00\",\"description\":\"Fedezd fel a leny\u0171g\u00f6z\u0151 Baby-Ohrringe mit wei\u00dfem Stein - Verschluss vorne mit 1 Stein \u00e9kszer\u00fcnket. T\u00f6k\u00e9letes kieg\u00e9sz\u00edt\u0151 mindennapi viselethez \u00e9s k\u00fcl\u00f6nleges alkalmakra egyar\u00e1nt. Rendeld meg most!\",\"breadcrumb\":{\"@id\":\"https:\\\/\\\/dianasilver.com\\\/de\\\/termek\\\/baby-ohrringe-mit-weissem-stein-verschluss-vorne-mit-1-stein\\\/#breadcrumb\"},\"inLanguage\":\"de\",\"potentialAction\":[{\"@type\":\"ReadAction\",\"target\":[\"https:\\\/\\\/dianasilver.com\\\/de\\\/termek\\\/baby-ohrringe-mit-weissem-stein-verschluss-vorne-mit-1-stein\\\/\"]}]},{\"@type\":\"ImageObject\",\"inLanguage\":\"de\",\"@id\":\"https:\\\/\\\/dianasilver.com\\\/de\\\/termek\\\/baby-ohrringe-mit-weissem-stein-verschluss-vorne-mit-1-stein\\\/#primaryimage\",\"url\":\"https:\\\/\\\/dianasilver.com\\\/wp-content\\\/uploads\\\/2025\\\/09\\\/Feher-koves-baba-fulbevalo-\u2013-elol-kapcsos-1-kovel_2.jpg\",\"contentUrl\":\"https:\\\/\\\/dianasilver.com\\\/wp-content\\\/uploads\\\/2025\\\/09\\\/Feher-koves-baba-fulbevalo-\u2013-elol-kapcsos-1-kovel_2.jpg\",\"width\":1350,\"height\":1800},{\"@type\":\"BreadcrumbList\",\"@id\":\"https:\\\/\\\/dianasilver.com\\\/de\\\/termek\\\/baby-ohrringe-mit-weissem-stein-verschluss-vorne-mit-1-stein\\\/#breadcrumb\",\"itemListElement\":[{\"@type\":\"ListItem\",\"position\":1,\"name\":\"Kezd\u0151lap\",\"item\":\"https:\\\/\\\/dianasilver.com\\\/de\\\/diana-silver-silberschmuck-webshop\\\/\"},{\"@type\":\"ListItem\",\"position\":2,\"name\":\"Shop\",\"item\":\"https:\\\/\\\/dianasilver.com\\\/de\\\/shop\\\/\"},{\"@type\":\"ListItem\",\"position\":3,\"name\":\"Baby-Ohrringe mit wei\u00dfem Stein &#8211; Verschluss vorne mit 1 Stein\"}]},{\"@type\":\"WebSite\",\"@id\":\"https:\\\/\\\/dianasilver.com\\\/de\\\/#website\",\"url\":\"https:\\\/\\\/dianasilver.com\\\/de\\\/\",\"name\":\"Diana Silver\",\"description\":\"Tedd t\u00f6k\u00e9letesebb\u00e9 mindennapjaid a Diana Silver \u00e9kszereivel.\",\"publisher\":{\"@id\":\"https:\\\/\\\/dianasilver.com\\\/de\\\/#organization\"},\"alternateName\":\"Ez\u00fcst \u00c9kszer Web\u00e1ruh\u00e1z\",\"potentialAction\":[{\"@type\":\"SearchAction\",\"target\":{\"@type\":\"EntryPoint\",\"urlTemplate\":\"https:\\\/\\\/dianasilver.com\\\/de\\\/?s={search_term_string}\"},\"query-input\":{\"@type\":\"PropertyValueSpecification\",\"valueRequired\":true,\"valueName\":\"search_term_string\"}}],\"inLanguage\":\"de\"},{\"@type\":\"Organization\",\"@id\":\"https:\\\/\\\/dianasilver.com\\\/de\\\/#organization\",\"name\":\"Diana Silver\",\"url\":\"https:\\\/\\\/dianasilver.com\\\/de\\\/\",\"logo\":{\"@type\":\"ImageObject\",\"inLanguage\":\"de\",\"@id\":\"https:\\\/\\\/dianasilver.com\\\/de\\\/#\\\/schema\\\/logo\\\/image\\\/\",\"url\":\"https:\\\/\\\/dianasilver.com\\\/wp-content\\\/uploads\\\/2022\\\/08\\\/ezust-feher-1-koves-buttonos-stekkeres-fulbevalo-42.webp\",\"contentUrl\":\"https:\\\/\\\/dianasilver.com\\\/wp-content\\\/uploads\\\/2022\\\/08\\\/ezust-feher-1-koves-buttonos-stekkeres-fulbevalo-42.webp\",\"width\":300,\"height\":154,\"caption\":\"Diana Silver\"},\"image\":{\"@id\":\"https:\\\/\\\/dianasilver.com\\\/de\\\/#\\\/schema\\\/logo\\\/image\\\/\"},\"sameAs\":[\"https:\\\/\\\/www.facebook.com\\\/profile.php?id=100027231325117\"]}]}<\/script>\n<!-- \/ Yoast SEO plugin. -->","yoast_head_json":{"title":"Baby-Ohrringe mit wei\u00dfem Stein - Verschluss vorne mit 1 Stein | Diana Silver","description":"Fedezd fel a leny\u0171g\u00f6z\u0151 Baby-Ohrringe mit wei\u00dfem Stein - Verschluss vorne mit 1 Stein \u00e9kszer\u00fcnket. T\u00f6k\u00e9letes kieg\u00e9sz\u00edt\u0151 mindennapi viselethez \u00e9s k\u00fcl\u00f6nleges alkalmakra egyar\u00e1nt. Rendeld meg most!","robots":{"index":"index","follow":"follow","max-snippet":"max-snippet:-1","max-image-preview":"max-image-preview:large","max-video-preview":"max-video-preview:-1"},"canonical":"https:\/\/dianasilver.com\/de\/termek\/baby-ohrringe-mit-weissem-stein-verschluss-vorne-mit-1-stein\/","og_locale":"de_DE","og_type":"article","og_title":"Baby-Ohrringe mit wei\u00dfem Stein - Verschluss vorne mit 1 Stein | Diana Silver","og_description":"Fedezd fel a leny\u0171g\u00f6z\u0151 Baby-Ohrringe mit wei\u00dfem Stein - Verschluss vorne mit 1 Stein \u00e9kszer\u00fcnket. T\u00f6k\u00e9letes kieg\u00e9sz\u00edt\u0151 mindennapi viselethez \u00e9s k\u00fcl\u00f6nleges alkalmakra egyar\u00e1nt. Rendeld meg most!","og_url":"https:\/\/dianasilver.com\/de\/termek\/baby-ohrringe-mit-weissem-stein-verschluss-vorne-mit-1-stein\/","og_site_name":"Diana Silver","article_publisher":"https:\/\/www.facebook.com\/profile.php?id=100027231325117","article_modified_time":"2026-04-08T23:35:04+00:00","og_image":[{"width":1350,"height":1800,"url":"https:\/\/dianasilver.com\/wp-content\/uploads\/2025\/09\/Feher-koves-baba-fulbevalo-\u2013-elol-kapcsos-1-kovel_2.jpg","type":"image\/jpeg"}],"twitter_card":"summary_large_image","twitter_misc":{"Gesch\u00e4tzte Lesezeit":"1\u00a0Minute"},"schema":{"@context":"https:\/\/schema.org","@graph":[{"@type":"WebPage","@id":"https:\/\/dianasilver.com\/de\/termek\/baby-ohrringe-mit-weissem-stein-verschluss-vorne-mit-1-stein\/","url":"https:\/\/dianasilver.com\/de\/termek\/baby-ohrringe-mit-weissem-stein-verschluss-vorne-mit-1-stein\/","name":"Baby-Ohrringe mit wei\u00dfem Stein - Verschluss vorne mit 1 Stein | Diana Silver","isPartOf":{"@id":"https:\/\/dianasilver.com\/de\/#website"},"primaryImageOfPage":{"@id":"https:\/\/dianasilver.com\/de\/termek\/baby-ohrringe-mit-weissem-stein-verschluss-vorne-mit-1-stein\/#primaryimage"},"image":{"@id":"https:\/\/dianasilver.com\/de\/termek\/baby-ohrringe-mit-weissem-stein-verschluss-vorne-mit-1-stein\/#primaryimage"},"thumbnailUrl":"https:\/\/dianasilver.com\/wp-content\/uploads\/2025\/09\/Feher-koves-baba-fulbevalo-\u2013-elol-kapcsos-1-kovel_2.jpg","datePublished":"2025-09-08T20:58:12+00:00","dateModified":"2026-04-08T23:35:04+00:00","description":"Fedezd fel a leny\u0171g\u00f6z\u0151 Baby-Ohrringe mit wei\u00dfem Stein - Verschluss vorne mit 1 Stein \u00e9kszer\u00fcnket. T\u00f6k\u00e9letes kieg\u00e9sz\u00edt\u0151 mindennapi viselethez \u00e9s k\u00fcl\u00f6nleges alkalmakra egyar\u00e1nt. Rendeld meg most!","breadcrumb":{"@id":"https:\/\/dianasilver.com\/de\/termek\/baby-ohrringe-mit-weissem-stein-verschluss-vorne-mit-1-stein\/#breadcrumb"},"inLanguage":"de","potentialAction":[{"@type":"ReadAction","target":["https:\/\/dianasilver.com\/de\/termek\/baby-ohrringe-mit-weissem-stein-verschluss-vorne-mit-1-stein\/"]}]},{"@type":"ImageObject","inLanguage":"de","@id":"https:\/\/dianasilver.com\/de\/termek\/baby-ohrringe-mit-weissem-stein-verschluss-vorne-mit-1-stein\/#primaryimage","url":"https:\/\/dianasilver.com\/wp-content\/uploads\/2025\/09\/Feher-koves-baba-fulbevalo-\u2013-elol-kapcsos-1-kovel_2.jpg","contentUrl":"https:\/\/dianasilver.com\/wp-content\/uploads\/2025\/09\/Feher-koves-baba-fulbevalo-\u2013-elol-kapcsos-1-kovel_2.jpg","width":1350,"height":1800},{"@type":"BreadcrumbList","@id":"https:\/\/dianasilver.com\/de\/termek\/baby-ohrringe-mit-weissem-stein-verschluss-vorne-mit-1-stein\/#breadcrumb","itemListElement":[{"@type":"ListItem","position":1,"name":"Kezd\u0151lap","item":"https:\/\/dianasilver.com\/de\/diana-silver-silberschmuck-webshop\/"},{"@type":"ListItem","position":2,"name":"Shop","item":"https:\/\/dianasilver.com\/de\/shop\/"},{"@type":"ListItem","position":3,"name":"Baby-Ohrringe mit wei\u00dfem Stein &#8211; Verschluss vorne mit 1 Stein"}]},{"@type":"WebSite","@id":"https:\/\/dianasilver.com\/de\/#website","url":"https:\/\/dianasilver.com\/de\/","name":"Diana Silver","description":"Tedd t\u00f6k\u00e9letesebb\u00e9 mindennapjaid a Diana Silver \u00e9kszereivel.","publisher":{"@id":"https:\/\/dianasilver.com\/de\/#organization"},"alternateName":"Ez\u00fcst \u00c9kszer Web\u00e1ruh\u00e1z","potentialAction":[{"@type":"SearchAction","target":{"@type":"EntryPoint","urlTemplate":"https:\/\/dianasilver.com\/de\/?s={search_term_string}"},"query-input":{"@type":"PropertyValueSpecification","valueRequired":true,"valueName":"search_term_string"}}],"inLanguage":"de"},{"@type":"Organization","@id":"https:\/\/dianasilver.com\/de\/#organization","name":"Diana Silver","url":"https:\/\/dianasilver.com\/de\/","logo":{"@type":"ImageObject","inLanguage":"de","@id":"https:\/\/dianasilver.com\/de\/#\/schema\/logo\/image\/","url":"https:\/\/dianasilver.com\/wp-content\/uploads\/2022\/08\/ezust-feher-1-koves-buttonos-stekkeres-fulbevalo-42.webp","contentUrl":"https:\/\/dianasilver.com\/wp-content\/uploads\/2022\/08\/ezust-feher-1-koves-buttonos-stekkeres-fulbevalo-42.webp","width":300,"height":154,"caption":"Diana Silver"},"image":{"@id":"https:\/\/dianasilver.com\/de\/#\/schema\/logo\/image\/"},"sameAs":["https:\/\/www.facebook.com\/profile.php?id=100027231325117"]}]}},"_links":{"self":[{"href":"https:\/\/dianasilver.com\/de\/wp-json\/wp\/v2\/product\/112069","targetHints":{"allow":["GET"]}}],"collection":[{"href":"https:\/\/dianasilver.com\/de\/wp-json\/wp\/v2\/product"}],"about":[{"href":"https:\/\/dianasilver.com\/de\/wp-json\/wp\/v2\/types\/product"}],"version-history":[{"count":0,"href":"https:\/\/dianasilver.com\/de\/wp-json\/wp\/v2\/product\/112069\/revisions"}],"wp:featuredmedia":[{"embeddable":true,"href":"https:\/\/dianasilver.com\/de\/wp-json\/wp\/v2\/media\/108391"}],"wp:attachment":[{"href":"https:\/\/dianasilver.com\/de\/wp-json\/wp\/v2\/media?parent=112069"}],"wp:term":[{"taxonomy":"product_brand","embeddable":true,"href":"https:\/\/dianasilver.com\/de\/wp-json\/wp\/v2\/product_brand?post=112069"},{"taxonomy":"product_cat","embeddable":true,"href":"https:\/\/dianasilver.com\/de\/wp-json\/wp\/v2\/product_cat?post=112069"},{"taxonomy":"product_tag","embeddable":true,"href":"https:\/\/dianasilver.com\/de\/wp-json\/wp\/v2\/product_tag?post=112069"}],"curies":[{"name":"wp","href":"https:\/\/api.w.org\/{rel}","templated":true}]}}