{"id":112034,"date":"2025-09-06T21:07:55","date_gmt":"2025-09-06T19:07:55","guid":{"rendered":"https:\/\/dianasilver.hu\/termek\/armband-mit-weissen-zirkoniasteinen\/"},"modified":"2026-04-15T01:41:11","modified_gmt":"2026-04-14T23:41:11","slug":"armband-mit-weissen-zirkoniasteinen","status":"publish","type":"product","link":"https:\/\/dianasilver.com\/de\/termek\/armband-mit-weissen-zirkoniasteinen\/","title":{"rendered":"Armband mit wei\u00dfen Zirkoniasteinen"},"content":{"rendered":"<h2 data-start=\"218\" data-end=\"458\">Dieses Armband ist der Inbegriff von klassischer Eleganz und purem Glanz.<\/h2>\n<p data-start=\"218\" data-end=\"458\">Die wei\u00dfen Zirkoniasteine reflektieren das Licht wundersch\u00f6n und verleihen dem Alltag und festlichen Momenten einen besonderen Glanz.<\/p>\n<p data-start=\"460\" data-end=\"643\"><strong data-start=\"460\" data-end=\"493\">Was symbolisiert die Farbe Wei\u00df?<\/strong><br data-start=\"493\" data-end=\"496\">&#8211; Ein Symbol f\u00fcr Reinheit und Unschuld.<br data-start=\"533\" data-end=\"536\">&#8211; Es suggeriert Harmonie und Frieden.<br data-start=\"564\" data-end=\"567\">&#8211; Wei\u00dfes Licht ist das Symbol der Einheit, denn es enth\u00e4lt alle Farben.<\/p>\n<p data-start=\"645\" data-end=\"952\"><strong data-start=\"645\" data-end=\"678\">Warum sollten Sie sich f\u00fcr dieses Armband entscheiden?<\/strong><br data-start=\"678\" data-end=\"681\">&#8211; Hergestellt <strong data-start=\"691\" data-end=\"729\">aus 925er Silber mit Rhodiumbeschichtung<\/strong> f\u00fcr lang anhaltenden Glanz.<br data-start=\"759\" data-end=\"762\">&#8211; Wei\u00dfe Zirkoniasteine machen es besonders und gl\u00e4nzend.<br data-start=\"818\" data-end=\"821\">&#8211; 17 + 3,5 cm verstellbare L\u00e4nge f\u00fcr eine perfekte Passform.<br data-start=\"878\" data-end=\"881\">&#8211; Minimalistisches und dennoch elegantes Design, das zu jedem Stil passt.<\/p>\n<p data-start=\"954\" data-end=\"1053\">\ud83c\udf81 Ein besonderes Geschenk, das Sie immer an den subtilen Glanz und die Sch\u00f6nheit der Weiblichkeit erinnern wird. \u2728<\/p>\n","protected":false},"excerpt":{"rendered":"<p>Elegantes und dezent schimmerndes Armband mit wei\u00dfen Zirkoniasteinen. Hergestellt aus AG 925 Sterlingsilber mit Rhodiumbeschichtung, perfekt f\u00fcr jeden Anlass. \ud83e\udd0d<\/p>\n","protected":false},"featured_media":108129,"template":"","meta":{"_acf_changed":false},"product_brand":[],"product_cat":[614],"product_tag":[527,634],"class_list":{"0":"post-112034","1":"product","2":"type-product","3":"status-publish","4":"has-post-thumbnail","6":"product_cat-silberne-armbander","7":"product_tag-silberschmuck-fur-damen","8":"product_tag-farbenfroh","9":"description-off","11":"first","12":"instock","13":"taxable","14":"shipping-taxable","15":"purchasable","16":"product-type-simple"},"acf":[],"yoast_head":"<!-- This site is optimized with the Yoast SEO plugin v27.4 - https:\/\/yoast.com\/product\/yoast-seo-wordpress\/ -->\n<title>Armband mit wei\u00dfen Zirkoniasteinen | Diana Silver<\/title>\n<meta name=\"description\" content=\"Fedezd fel a leny\u0171g\u00f6z\u0151 Armband mit wei\u00dfen Zirkoniasteinen \u00e9kszer\u00fcnket. T\u00f6k\u00e9letes kieg\u00e9sz\u00edt\u0151 mindennapi viselethez \u00e9s k\u00fcl\u00f6nleges alkalmakra egyar\u00e1nt. Rendeld meg most!\" \/>\n<meta name=\"robots\" content=\"index, follow, max-snippet:-1, max-image-preview:large, max-video-preview:-1\" \/>\n<link rel=\"canonical\" href=\"https:\/\/dianasilver.com\/de\/termek\/armband-mit-weissen-zirkoniasteinen\/\" \/>\n<meta property=\"og:locale\" content=\"de_DE\" \/>\n<meta property=\"og:type\" content=\"article\" \/>\n<meta property=\"og:title\" content=\"Armband mit wei\u00dfen Zirkoniasteinen | Diana Silver\" \/>\n<meta property=\"og:description\" content=\"Fedezd fel a leny\u0171g\u00f6z\u0151 Armband mit wei\u00dfen Zirkoniasteinen \u00e9kszer\u00fcnket. T\u00f6k\u00e9letes kieg\u00e9sz\u00edt\u0151 mindennapi viselethez \u00e9s k\u00fcl\u00f6nleges alkalmakra egyar\u00e1nt. Rendeld meg most!\" \/>\n<meta property=\"og:url\" content=\"https:\/\/dianasilver.com\/de\/termek\/armband-mit-weissen-zirkoniasteinen\/\" \/>\n<meta property=\"og:site_name\" content=\"Diana Silver\" \/>\n<meta property=\"article:publisher\" content=\"https:\/\/www.facebook.com\/profile.php?id=100027231325117\" \/>\n<meta property=\"article:modified_time\" content=\"2026-04-14T23:41:11+00:00\" \/>\n<meta property=\"og:image\" content=\"https:\/\/dianasilver.com\/wp-content\/uploads\/2025\/09\/Karkoto-feher-cirkonia-kovekkel_1.jpg\" \/>\n\t<meta property=\"og:image:width\" content=\"1340\" \/>\n\t<meta property=\"og:image:height\" content=\"1785\" \/>\n\t<meta property=\"og:image:type\" content=\"image\/jpeg\" \/>\n<meta name=\"twitter:card\" content=\"summary_large_image\" \/>\n<meta name=\"twitter:label1\" content=\"Gesch\u00e4tzte Lesezeit\" \/>\n\t<meta name=\"twitter:data1\" content=\"1\u00a0Minute\" \/>\n<script type=\"application\/ld+json\" class=\"yoast-schema-graph\">{\"@context\":\"https:\\\/\\\/schema.org\",\"@graph\":[{\"@type\":\"WebPage\",\"@id\":\"https:\\\/\\\/dianasilver.com\\\/de\\\/termek\\\/armband-mit-weissen-zirkoniasteinen\\\/\",\"url\":\"https:\\\/\\\/dianasilver.com\\\/de\\\/termek\\\/armband-mit-weissen-zirkoniasteinen\\\/\",\"name\":\"Armband mit wei\u00dfen Zirkoniasteinen | Diana Silver\",\"isPartOf\":{\"@id\":\"https:\\\/\\\/dianasilver.com\\\/de\\\/#website\"},\"primaryImageOfPage\":{\"@id\":\"https:\\\/\\\/dianasilver.com\\\/de\\\/termek\\\/armband-mit-weissen-zirkoniasteinen\\\/#primaryimage\"},\"image\":{\"@id\":\"https:\\\/\\\/dianasilver.com\\\/de\\\/termek\\\/armband-mit-weissen-zirkoniasteinen\\\/#primaryimage\"},\"thumbnailUrl\":\"https:\\\/\\\/dianasilver.com\\\/wp-content\\\/uploads\\\/2025\\\/09\\\/Karkoto-feher-cirkonia-kovekkel_1.jpg\",\"datePublished\":\"2025-09-06T19:07:55+00:00\",\"dateModified\":\"2026-04-14T23:41:11+00:00\",\"description\":\"Fedezd fel a leny\u0171g\u00f6z\u0151 Armband mit wei\u00dfen Zirkoniasteinen \u00e9kszer\u00fcnket. T\u00f6k\u00e9letes kieg\u00e9sz\u00edt\u0151 mindennapi viselethez \u00e9s k\u00fcl\u00f6nleges alkalmakra egyar\u00e1nt. Rendeld meg most!\",\"breadcrumb\":{\"@id\":\"https:\\\/\\\/dianasilver.com\\\/de\\\/termek\\\/armband-mit-weissen-zirkoniasteinen\\\/#breadcrumb\"},\"inLanguage\":\"de\",\"potentialAction\":[{\"@type\":\"ReadAction\",\"target\":[\"https:\\\/\\\/dianasilver.com\\\/de\\\/termek\\\/armband-mit-weissen-zirkoniasteinen\\\/\"]}]},{\"@type\":\"ImageObject\",\"inLanguage\":\"de\",\"@id\":\"https:\\\/\\\/dianasilver.com\\\/de\\\/termek\\\/armband-mit-weissen-zirkoniasteinen\\\/#primaryimage\",\"url\":\"https:\\\/\\\/dianasilver.com\\\/wp-content\\\/uploads\\\/2025\\\/09\\\/Karkoto-feher-cirkonia-kovekkel_1.jpg\",\"contentUrl\":\"https:\\\/\\\/dianasilver.com\\\/wp-content\\\/uploads\\\/2025\\\/09\\\/Karkoto-feher-cirkonia-kovekkel_1.jpg\",\"width\":1340,\"height\":1785},{\"@type\":\"BreadcrumbList\",\"@id\":\"https:\\\/\\\/dianasilver.com\\\/de\\\/termek\\\/armband-mit-weissen-zirkoniasteinen\\\/#breadcrumb\",\"itemListElement\":[{\"@type\":\"ListItem\",\"position\":1,\"name\":\"Kezd\u0151lap\",\"item\":\"https:\\\/\\\/dianasilver.com\\\/de\\\/diana-silver-silberschmuck-webshop\\\/\"},{\"@type\":\"ListItem\",\"position\":2,\"name\":\"Shop\",\"item\":\"https:\\\/\\\/dianasilver.com\\\/de\\\/shop\\\/\"},{\"@type\":\"ListItem\",\"position\":3,\"name\":\"Armband mit wei\u00dfen Zirkoniasteinen\"}]},{\"@type\":\"WebSite\",\"@id\":\"https:\\\/\\\/dianasilver.com\\\/de\\\/#website\",\"url\":\"https:\\\/\\\/dianasilver.com\\\/de\\\/\",\"name\":\"Diana Silver\",\"description\":\"Tedd t\u00f6k\u00e9letesebb\u00e9 mindennapjaid a Diana Silver \u00e9kszereivel.\",\"publisher\":{\"@id\":\"https:\\\/\\\/dianasilver.com\\\/de\\\/#organization\"},\"alternateName\":\"Ez\u00fcst \u00c9kszer Web\u00e1ruh\u00e1z\",\"potentialAction\":[{\"@type\":\"SearchAction\",\"target\":{\"@type\":\"EntryPoint\",\"urlTemplate\":\"https:\\\/\\\/dianasilver.com\\\/de\\\/?s={search_term_string}\"},\"query-input\":{\"@type\":\"PropertyValueSpecification\",\"valueRequired\":true,\"valueName\":\"search_term_string\"}}],\"inLanguage\":\"de\"},{\"@type\":\"Organization\",\"@id\":\"https:\\\/\\\/dianasilver.com\\\/de\\\/#organization\",\"name\":\"Diana Silver\",\"url\":\"https:\\\/\\\/dianasilver.com\\\/de\\\/\",\"logo\":{\"@type\":\"ImageObject\",\"inLanguage\":\"de\",\"@id\":\"https:\\\/\\\/dianasilver.com\\\/de\\\/#\\\/schema\\\/logo\\\/image\\\/\",\"url\":\"https:\\\/\\\/dianasilver.com\\\/wp-content\\\/uploads\\\/2022\\\/08\\\/ezust-feher-1-koves-buttonos-stekkeres-fulbevalo-42.webp\",\"contentUrl\":\"https:\\\/\\\/dianasilver.com\\\/wp-content\\\/uploads\\\/2022\\\/08\\\/ezust-feher-1-koves-buttonos-stekkeres-fulbevalo-42.webp\",\"width\":300,\"height\":154,\"caption\":\"Diana Silver\"},\"image\":{\"@id\":\"https:\\\/\\\/dianasilver.com\\\/de\\\/#\\\/schema\\\/logo\\\/image\\\/\"},\"sameAs\":[\"https:\\\/\\\/www.facebook.com\\\/profile.php?id=100027231325117\"]}]}<\/script>\n<!-- \/ Yoast SEO plugin. -->","yoast_head_json":{"title":"Armband mit wei\u00dfen Zirkoniasteinen | Diana Silver","description":"Fedezd fel a leny\u0171g\u00f6z\u0151 Armband mit wei\u00dfen Zirkoniasteinen \u00e9kszer\u00fcnket. T\u00f6k\u00e9letes kieg\u00e9sz\u00edt\u0151 mindennapi viselethez \u00e9s k\u00fcl\u00f6nleges alkalmakra egyar\u00e1nt. Rendeld meg most!","robots":{"index":"index","follow":"follow","max-snippet":"max-snippet:-1","max-image-preview":"max-image-preview:large","max-video-preview":"max-video-preview:-1"},"canonical":"https:\/\/dianasilver.com\/de\/termek\/armband-mit-weissen-zirkoniasteinen\/","og_locale":"de_DE","og_type":"article","og_title":"Armband mit wei\u00dfen Zirkoniasteinen | Diana Silver","og_description":"Fedezd fel a leny\u0171g\u00f6z\u0151 Armband mit wei\u00dfen Zirkoniasteinen \u00e9kszer\u00fcnket. T\u00f6k\u00e9letes kieg\u00e9sz\u00edt\u0151 mindennapi viselethez \u00e9s k\u00fcl\u00f6nleges alkalmakra egyar\u00e1nt. Rendeld meg most!","og_url":"https:\/\/dianasilver.com\/de\/termek\/armband-mit-weissen-zirkoniasteinen\/","og_site_name":"Diana Silver","article_publisher":"https:\/\/www.facebook.com\/profile.php?id=100027231325117","article_modified_time":"2026-04-14T23:41:11+00:00","og_image":[{"width":1340,"height":1785,"url":"https:\/\/dianasilver.com\/wp-content\/uploads\/2025\/09\/Karkoto-feher-cirkonia-kovekkel_1.jpg","type":"image\/jpeg"}],"twitter_card":"summary_large_image","twitter_misc":{"Gesch\u00e4tzte Lesezeit":"1\u00a0Minute"},"schema":{"@context":"https:\/\/schema.org","@graph":[{"@type":"WebPage","@id":"https:\/\/dianasilver.com\/de\/termek\/armband-mit-weissen-zirkoniasteinen\/","url":"https:\/\/dianasilver.com\/de\/termek\/armband-mit-weissen-zirkoniasteinen\/","name":"Armband mit wei\u00dfen Zirkoniasteinen | Diana Silver","isPartOf":{"@id":"https:\/\/dianasilver.com\/de\/#website"},"primaryImageOfPage":{"@id":"https:\/\/dianasilver.com\/de\/termek\/armband-mit-weissen-zirkoniasteinen\/#primaryimage"},"image":{"@id":"https:\/\/dianasilver.com\/de\/termek\/armband-mit-weissen-zirkoniasteinen\/#primaryimage"},"thumbnailUrl":"https:\/\/dianasilver.com\/wp-content\/uploads\/2025\/09\/Karkoto-feher-cirkonia-kovekkel_1.jpg","datePublished":"2025-09-06T19:07:55+00:00","dateModified":"2026-04-14T23:41:11+00:00","description":"Fedezd fel a leny\u0171g\u00f6z\u0151 Armband mit wei\u00dfen Zirkoniasteinen \u00e9kszer\u00fcnket. T\u00f6k\u00e9letes kieg\u00e9sz\u00edt\u0151 mindennapi viselethez \u00e9s k\u00fcl\u00f6nleges alkalmakra egyar\u00e1nt. Rendeld meg most!","breadcrumb":{"@id":"https:\/\/dianasilver.com\/de\/termek\/armband-mit-weissen-zirkoniasteinen\/#breadcrumb"},"inLanguage":"de","potentialAction":[{"@type":"ReadAction","target":["https:\/\/dianasilver.com\/de\/termek\/armband-mit-weissen-zirkoniasteinen\/"]}]},{"@type":"ImageObject","inLanguage":"de","@id":"https:\/\/dianasilver.com\/de\/termek\/armband-mit-weissen-zirkoniasteinen\/#primaryimage","url":"https:\/\/dianasilver.com\/wp-content\/uploads\/2025\/09\/Karkoto-feher-cirkonia-kovekkel_1.jpg","contentUrl":"https:\/\/dianasilver.com\/wp-content\/uploads\/2025\/09\/Karkoto-feher-cirkonia-kovekkel_1.jpg","width":1340,"height":1785},{"@type":"BreadcrumbList","@id":"https:\/\/dianasilver.com\/de\/termek\/armband-mit-weissen-zirkoniasteinen\/#breadcrumb","itemListElement":[{"@type":"ListItem","position":1,"name":"Kezd\u0151lap","item":"https:\/\/dianasilver.com\/de\/diana-silver-silberschmuck-webshop\/"},{"@type":"ListItem","position":2,"name":"Shop","item":"https:\/\/dianasilver.com\/de\/shop\/"},{"@type":"ListItem","position":3,"name":"Armband mit wei\u00dfen Zirkoniasteinen"}]},{"@type":"WebSite","@id":"https:\/\/dianasilver.com\/de\/#website","url":"https:\/\/dianasilver.com\/de\/","name":"Diana Silver","description":"Tedd t\u00f6k\u00e9letesebb\u00e9 mindennapjaid a Diana Silver \u00e9kszereivel.","publisher":{"@id":"https:\/\/dianasilver.com\/de\/#organization"},"alternateName":"Ez\u00fcst \u00c9kszer Web\u00e1ruh\u00e1z","potentialAction":[{"@type":"SearchAction","target":{"@type":"EntryPoint","urlTemplate":"https:\/\/dianasilver.com\/de\/?s={search_term_string}"},"query-input":{"@type":"PropertyValueSpecification","valueRequired":true,"valueName":"search_term_string"}}],"inLanguage":"de"},{"@type":"Organization","@id":"https:\/\/dianasilver.com\/de\/#organization","name":"Diana Silver","url":"https:\/\/dianasilver.com\/de\/","logo":{"@type":"ImageObject","inLanguage":"de","@id":"https:\/\/dianasilver.com\/de\/#\/schema\/logo\/image\/","url":"https:\/\/dianasilver.com\/wp-content\/uploads\/2022\/08\/ezust-feher-1-koves-buttonos-stekkeres-fulbevalo-42.webp","contentUrl":"https:\/\/dianasilver.com\/wp-content\/uploads\/2022\/08\/ezust-feher-1-koves-buttonos-stekkeres-fulbevalo-42.webp","width":300,"height":154,"caption":"Diana Silver"},"image":{"@id":"https:\/\/dianasilver.com\/de\/#\/schema\/logo\/image\/"},"sameAs":["https:\/\/www.facebook.com\/profile.php?id=100027231325117"]}]}},"_links":{"self":[{"href":"https:\/\/dianasilver.com\/de\/wp-json\/wp\/v2\/product\/112034","targetHints":{"allow":["GET"]}}],"collection":[{"href":"https:\/\/dianasilver.com\/de\/wp-json\/wp\/v2\/product"}],"about":[{"href":"https:\/\/dianasilver.com\/de\/wp-json\/wp\/v2\/types\/product"}],"version-history":[{"count":0,"href":"https:\/\/dianasilver.com\/de\/wp-json\/wp\/v2\/product\/112034\/revisions"}],"wp:featuredmedia":[{"embeddable":true,"href":"https:\/\/dianasilver.com\/de\/wp-json\/wp\/v2\/media\/108129"}],"wp:attachment":[{"href":"https:\/\/dianasilver.com\/de\/wp-json\/wp\/v2\/media?parent=112034"}],"wp:term":[{"taxonomy":"product_brand","embeddable":true,"href":"https:\/\/dianasilver.com\/de\/wp-json\/wp\/v2\/product_brand?post=112034"},{"taxonomy":"product_cat","embeddable":true,"href":"https:\/\/dianasilver.com\/de\/wp-json\/wp\/v2\/product_cat?post=112034"},{"taxonomy":"product_tag","embeddable":true,"href":"https:\/\/dianasilver.com\/de\/wp-json\/wp\/v2\/product_tag?post=112034"}],"curies":[{"name":"wp","href":"https:\/\/api.w.org\/{rel}","templated":true}]}}