{"id":112024,"date":"2025-09-05T22:58:19","date_gmt":"2025-09-05T20:58:19","guid":{"rendered":"https:\/\/dianasilver.hu\/termek\/runder-schwarzer-stein-im-schmuckset-geheimnis-und-eleganz\/"},"modified":"2026-03-10T00:21:48","modified_gmt":"2026-03-09T23:21:48","slug":"runder-schwarzer-stein-im-schmuckset-geheimnis-und-eleganz","status":"publish","type":"product","link":"https:\/\/dianasilver.com\/de\/termek\/runder-schwarzer-stein-im-schmuckset-geheimnis-und-eleganz\/","title":{"rendered":"Runder schwarzer Stein im Schmuckset &#8211; Geheimnis und Eleganz"},"content":{"rendered":"<h2 data-start=\"238\" data-end=\"500\">Dieses runde Schmuckset aus schwarzen Steinen kombiniert <strong data-start=\"304\" data-end=\"343\">das Symbol der Harmonie und Ganzheit<\/strong> mit dem raffinierten, geheimnisvollen Glanz schwarzer Steine.<\/h2>\n<p data-start=\"238\" data-end=\"500\">Das Set besteht aus einer Halskette und Ohrsteckern f\u00fcr einen modernen und charaktervollen Stil.<\/p>\n<p data-start=\"502\" data-end=\"739\"><strong data-start=\"502\" data-end=\"545\">Was symbolisieren der Kreis und die Farbe Schwarz?<\/strong><br data-start=\"545\" data-end=\"548\">&#8211; Der Kreis ist ein Symbol der <strong data-start=\"558\" data-end=\"593\">Unendlichkeit, der Einheit und der Harmonie<\/strong>.<br data-start=\"602\" data-end=\"605\">&#8211; Die Farbe Schwarz ist ein Symbol des <strong data-start=\"623\" data-end=\"658\">Geheimnisses, der St\u00e4rke und der Eleganz<\/strong>.<br data-start=\"670\" data-end=\"673\">&#8211; Zusammen verk\u00f6rpern sie weibliches Selbstbewusstsein und raffinierten Stil.<\/p>\n<p data-start=\"741\" data-end=\"1146\"><strong data-start=\"741\" data-end=\"780\">Warum sollten Sie sich f\u00fcr dieses Schmuckset entscheiden?<\/strong><br data-start=\"780\" data-end=\"783\">&#8211; Hergestellt <strong data-start=\"793\" data-end=\"831\">aus 925er Silber mit Rhodiumbeschichtung<\/strong> f\u00fcr zus\u00e4tzlichen Schutz und lang anhaltenden Glanz.<br data-start=\"885\" data-end=\"888\">&#8211; Verziert mit speziellen <strong data-start=\"912\" data-end=\"928\">schwarzen Steinen<\/strong> f\u00fcr einen eleganten und charaktervollen Effekt.<br data-start=\"976\" data-end=\"979\">&#8211; Die Ohrringe sind <strong data-start=\"994\" data-end=\"1017\">mit einem Steker-Verschluss<\/strong> f\u00fcr bequemen und sicheren Tragekomfort versehen.<br data-start=\"1066\" data-end=\"1069\" data-is-only-node=\"\">&#8211; Rundes, modernes Design, das sowohl raffiniert als auch auffallend ist.<\/p>\n<p data-start=\"1148\" data-end=\"1313\">\ud83d\udda4 Heben Sie sich mit diesem eleganten Set aus schwarzen Steinen von der Masse ab und strahlen Sie in jedem Moment Zuversicht aus! Bestellen Sie jetzt und gl\u00e4nzen Sie mit Stil! \u2728<\/p>\n","protected":false},"excerpt":{"rendered":"<p>Elegantes rundes Schmuckst\u00fcck mit gl\u00e4nzenden schwarzen Steinen besetzt. Die schwarze Farbe verleiht ihm ein elegantes, geheimnisvolles und kraftvolles Aussehen. \ud83d\udc8e\ud83d\udda4<\/p>\n","protected":false},"featured_media":107987,"template":"","meta":{"_acf_changed":false},"product_brand":[],"product_cat":[526],"product_tag":[527,634],"class_list":{"0":"post-112024","1":"product","2":"type-product","3":"status-publish","4":"has-post-thumbnail","6":"product_cat-silberschmuck-set","7":"product_tag-silberschmuck-fur-damen","8":"product_tag-farbenfroh","9":"description-off","11":"first","12":"instock","13":"sale","14":"taxable","15":"shipping-taxable","16":"purchasable","17":"product-type-simple"},"acf":[],"yoast_head":"<!-- This site is optimized with the Yoast SEO plugin v27.4 - https:\/\/yoast.com\/product\/yoast-seo-wordpress\/ -->\n<title>Runder schwarzer Stein im Schmuckset - Geheimnis und Eleganz | Diana Silver<\/title>\n<meta name=\"description\" content=\"Fedezd fel a leny\u0171g\u00f6z\u0151 Runder schwarzer Stein im Schmuckset - Geheimnis und Eleganz \u00e9kszer\u00fcnket. T\u00f6k\u00e9letes kieg\u00e9sz\u00edt\u0151 mindennapi viselethez \u00e9s k\u00fcl\u00f6nleges alkalmakra egyar\u00e1nt. Rendeld meg most!\" \/>\n<meta name=\"robots\" content=\"index, follow, max-snippet:-1, max-image-preview:large, max-video-preview:-1\" \/>\n<link rel=\"canonical\" href=\"https:\/\/dianasilver.com\/de\/termek\/runder-schwarzer-stein-im-schmuckset-geheimnis-und-eleganz\/\" \/>\n<meta property=\"og:locale\" content=\"de_DE\" \/>\n<meta property=\"og:type\" content=\"article\" \/>\n<meta property=\"og:title\" content=\"Runder schwarzer Stein im Schmuckset - Geheimnis und Eleganz | Diana Silver\" \/>\n<meta property=\"og:description\" content=\"Fedezd fel a leny\u0171g\u00f6z\u0151 Runder schwarzer Stein im Schmuckset - Geheimnis und Eleganz \u00e9kszer\u00fcnket. T\u00f6k\u00e9letes kieg\u00e9sz\u00edt\u0151 mindennapi viselethez \u00e9s k\u00fcl\u00f6nleges alkalmakra egyar\u00e1nt. Rendeld meg most!\" \/>\n<meta property=\"og:url\" content=\"https:\/\/dianasilver.com\/de\/termek\/runder-schwarzer-stein-im-schmuckset-geheimnis-und-eleganz\/\" \/>\n<meta property=\"og:site_name\" content=\"Diana Silver\" \/>\n<meta property=\"article:publisher\" content=\"https:\/\/www.facebook.com\/profile.php?id=100027231325117\" \/>\n<meta property=\"article:modified_time\" content=\"2026-03-09T23:21:48+00:00\" \/>\n<meta property=\"og:image\" content=\"https:\/\/dianasilver.com\/wp-content\/uploads\/2025\/09\/Kor-alaku-fekete-koves-ekszerszett_2.jpg\" \/>\n\t<meta property=\"og:image:width\" content=\"1340\" \/>\n\t<meta property=\"og:image:height\" content=\"1785\" \/>\n\t<meta property=\"og:image:type\" content=\"image\/jpeg\" \/>\n<meta name=\"twitter:card\" content=\"summary_large_image\" \/>\n<meta name=\"twitter:label1\" content=\"Gesch\u00e4tzte Lesezeit\" \/>\n\t<meta name=\"twitter:data1\" content=\"1\u00a0Minute\" \/>\n<script type=\"application\/ld+json\" class=\"yoast-schema-graph\">{\"@context\":\"https:\\\/\\\/schema.org\",\"@graph\":[{\"@type\":\"WebPage\",\"@id\":\"https:\\\/\\\/dianasilver.com\\\/de\\\/termek\\\/runder-schwarzer-stein-im-schmuckset-geheimnis-und-eleganz\\\/\",\"url\":\"https:\\\/\\\/dianasilver.com\\\/de\\\/termek\\\/runder-schwarzer-stein-im-schmuckset-geheimnis-und-eleganz\\\/\",\"name\":\"Runder schwarzer Stein im Schmuckset - Geheimnis und Eleganz | Diana Silver\",\"isPartOf\":{\"@id\":\"https:\\\/\\\/dianasilver.com\\\/de\\\/#website\"},\"primaryImageOfPage\":{\"@id\":\"https:\\\/\\\/dianasilver.com\\\/de\\\/termek\\\/runder-schwarzer-stein-im-schmuckset-geheimnis-und-eleganz\\\/#primaryimage\"},\"image\":{\"@id\":\"https:\\\/\\\/dianasilver.com\\\/de\\\/termek\\\/runder-schwarzer-stein-im-schmuckset-geheimnis-und-eleganz\\\/#primaryimage\"},\"thumbnailUrl\":\"https:\\\/\\\/dianasilver.com\\\/wp-content\\\/uploads\\\/2025\\\/09\\\/Kor-alaku-fekete-koves-ekszerszett_2.jpg\",\"datePublished\":\"2025-09-05T20:58:19+00:00\",\"dateModified\":\"2026-03-09T23:21:48+00:00\",\"description\":\"Fedezd fel a leny\u0171g\u00f6z\u0151 Runder schwarzer Stein im Schmuckset - Geheimnis und Eleganz \u00e9kszer\u00fcnket. T\u00f6k\u00e9letes kieg\u00e9sz\u00edt\u0151 mindennapi viselethez \u00e9s k\u00fcl\u00f6nleges alkalmakra egyar\u00e1nt. Rendeld meg most!\",\"breadcrumb\":{\"@id\":\"https:\\\/\\\/dianasilver.com\\\/de\\\/termek\\\/runder-schwarzer-stein-im-schmuckset-geheimnis-und-eleganz\\\/#breadcrumb\"},\"inLanguage\":\"de\",\"potentialAction\":[{\"@type\":\"ReadAction\",\"target\":[\"https:\\\/\\\/dianasilver.com\\\/de\\\/termek\\\/runder-schwarzer-stein-im-schmuckset-geheimnis-und-eleganz\\\/\"]}]},{\"@type\":\"ImageObject\",\"inLanguage\":\"de\",\"@id\":\"https:\\\/\\\/dianasilver.com\\\/de\\\/termek\\\/runder-schwarzer-stein-im-schmuckset-geheimnis-und-eleganz\\\/#primaryimage\",\"url\":\"https:\\\/\\\/dianasilver.com\\\/wp-content\\\/uploads\\\/2025\\\/09\\\/Kor-alaku-fekete-koves-ekszerszett_2.jpg\",\"contentUrl\":\"https:\\\/\\\/dianasilver.com\\\/wp-content\\\/uploads\\\/2025\\\/09\\\/Kor-alaku-fekete-koves-ekszerszett_2.jpg\",\"width\":1340,\"height\":1785},{\"@type\":\"BreadcrumbList\",\"@id\":\"https:\\\/\\\/dianasilver.com\\\/de\\\/termek\\\/runder-schwarzer-stein-im-schmuckset-geheimnis-und-eleganz\\\/#breadcrumb\",\"itemListElement\":[{\"@type\":\"ListItem\",\"position\":1,\"name\":\"Kezd\u0151lap\",\"item\":\"https:\\\/\\\/dianasilver.com\\\/de\\\/diana-silver-silberschmuck-webshop\\\/\"},{\"@type\":\"ListItem\",\"position\":2,\"name\":\"Shop\",\"item\":\"https:\\\/\\\/dianasilver.com\\\/de\\\/shop\\\/\"},{\"@type\":\"ListItem\",\"position\":3,\"name\":\"Runder schwarzer Stein im Schmuckset &#8211; Geheimnis und Eleganz\"}]},{\"@type\":\"WebSite\",\"@id\":\"https:\\\/\\\/dianasilver.com\\\/de\\\/#website\",\"url\":\"https:\\\/\\\/dianasilver.com\\\/de\\\/\",\"name\":\"Diana Silver\",\"description\":\"Tedd t\u00f6k\u00e9letesebb\u00e9 mindennapjaid a Diana Silver \u00e9kszereivel.\",\"publisher\":{\"@id\":\"https:\\\/\\\/dianasilver.com\\\/de\\\/#organization\"},\"alternateName\":\"Ez\u00fcst \u00c9kszer Web\u00e1ruh\u00e1z\",\"potentialAction\":[{\"@type\":\"SearchAction\",\"target\":{\"@type\":\"EntryPoint\",\"urlTemplate\":\"https:\\\/\\\/dianasilver.com\\\/de\\\/?s={search_term_string}\"},\"query-input\":{\"@type\":\"PropertyValueSpecification\",\"valueRequired\":true,\"valueName\":\"search_term_string\"}}],\"inLanguage\":\"de\"},{\"@type\":\"Organization\",\"@id\":\"https:\\\/\\\/dianasilver.com\\\/de\\\/#organization\",\"name\":\"Diana Silver\",\"url\":\"https:\\\/\\\/dianasilver.com\\\/de\\\/\",\"logo\":{\"@type\":\"ImageObject\",\"inLanguage\":\"de\",\"@id\":\"https:\\\/\\\/dianasilver.com\\\/de\\\/#\\\/schema\\\/logo\\\/image\\\/\",\"url\":\"https:\\\/\\\/dianasilver.com\\\/wp-content\\\/uploads\\\/2022\\\/08\\\/ezust-feher-1-koves-buttonos-stekkeres-fulbevalo-42.webp\",\"contentUrl\":\"https:\\\/\\\/dianasilver.com\\\/wp-content\\\/uploads\\\/2022\\\/08\\\/ezust-feher-1-koves-buttonos-stekkeres-fulbevalo-42.webp\",\"width\":300,\"height\":154,\"caption\":\"Diana Silver\"},\"image\":{\"@id\":\"https:\\\/\\\/dianasilver.com\\\/de\\\/#\\\/schema\\\/logo\\\/image\\\/\"},\"sameAs\":[\"https:\\\/\\\/www.facebook.com\\\/profile.php?id=100027231325117\"]}]}<\/script>\n<!-- \/ Yoast SEO plugin. -->","yoast_head_json":{"title":"Runder schwarzer Stein im Schmuckset - Geheimnis und Eleganz | Diana Silver","description":"Fedezd fel a leny\u0171g\u00f6z\u0151 Runder schwarzer Stein im Schmuckset - Geheimnis und Eleganz \u00e9kszer\u00fcnket. T\u00f6k\u00e9letes kieg\u00e9sz\u00edt\u0151 mindennapi viselethez \u00e9s k\u00fcl\u00f6nleges alkalmakra egyar\u00e1nt. Rendeld meg most!","robots":{"index":"index","follow":"follow","max-snippet":"max-snippet:-1","max-image-preview":"max-image-preview:large","max-video-preview":"max-video-preview:-1"},"canonical":"https:\/\/dianasilver.com\/de\/termek\/runder-schwarzer-stein-im-schmuckset-geheimnis-und-eleganz\/","og_locale":"de_DE","og_type":"article","og_title":"Runder schwarzer Stein im Schmuckset - Geheimnis und Eleganz | Diana Silver","og_description":"Fedezd fel a leny\u0171g\u00f6z\u0151 Runder schwarzer Stein im Schmuckset - Geheimnis und Eleganz \u00e9kszer\u00fcnket. T\u00f6k\u00e9letes kieg\u00e9sz\u00edt\u0151 mindennapi viselethez \u00e9s k\u00fcl\u00f6nleges alkalmakra egyar\u00e1nt. Rendeld meg most!","og_url":"https:\/\/dianasilver.com\/de\/termek\/runder-schwarzer-stein-im-schmuckset-geheimnis-und-eleganz\/","og_site_name":"Diana Silver","article_publisher":"https:\/\/www.facebook.com\/profile.php?id=100027231325117","article_modified_time":"2026-03-09T23:21:48+00:00","og_image":[{"width":1340,"height":1785,"url":"https:\/\/dianasilver.com\/wp-content\/uploads\/2025\/09\/Kor-alaku-fekete-koves-ekszerszett_2.jpg","type":"image\/jpeg"}],"twitter_card":"summary_large_image","twitter_misc":{"Gesch\u00e4tzte Lesezeit":"1\u00a0Minute"},"schema":{"@context":"https:\/\/schema.org","@graph":[{"@type":"WebPage","@id":"https:\/\/dianasilver.com\/de\/termek\/runder-schwarzer-stein-im-schmuckset-geheimnis-und-eleganz\/","url":"https:\/\/dianasilver.com\/de\/termek\/runder-schwarzer-stein-im-schmuckset-geheimnis-und-eleganz\/","name":"Runder schwarzer Stein im Schmuckset - Geheimnis und Eleganz | Diana Silver","isPartOf":{"@id":"https:\/\/dianasilver.com\/de\/#website"},"primaryImageOfPage":{"@id":"https:\/\/dianasilver.com\/de\/termek\/runder-schwarzer-stein-im-schmuckset-geheimnis-und-eleganz\/#primaryimage"},"image":{"@id":"https:\/\/dianasilver.com\/de\/termek\/runder-schwarzer-stein-im-schmuckset-geheimnis-und-eleganz\/#primaryimage"},"thumbnailUrl":"https:\/\/dianasilver.com\/wp-content\/uploads\/2025\/09\/Kor-alaku-fekete-koves-ekszerszett_2.jpg","datePublished":"2025-09-05T20:58:19+00:00","dateModified":"2026-03-09T23:21:48+00:00","description":"Fedezd fel a leny\u0171g\u00f6z\u0151 Runder schwarzer Stein im Schmuckset - Geheimnis und Eleganz \u00e9kszer\u00fcnket. T\u00f6k\u00e9letes kieg\u00e9sz\u00edt\u0151 mindennapi viselethez \u00e9s k\u00fcl\u00f6nleges alkalmakra egyar\u00e1nt. Rendeld meg most!","breadcrumb":{"@id":"https:\/\/dianasilver.com\/de\/termek\/runder-schwarzer-stein-im-schmuckset-geheimnis-und-eleganz\/#breadcrumb"},"inLanguage":"de","potentialAction":[{"@type":"ReadAction","target":["https:\/\/dianasilver.com\/de\/termek\/runder-schwarzer-stein-im-schmuckset-geheimnis-und-eleganz\/"]}]},{"@type":"ImageObject","inLanguage":"de","@id":"https:\/\/dianasilver.com\/de\/termek\/runder-schwarzer-stein-im-schmuckset-geheimnis-und-eleganz\/#primaryimage","url":"https:\/\/dianasilver.com\/wp-content\/uploads\/2025\/09\/Kor-alaku-fekete-koves-ekszerszett_2.jpg","contentUrl":"https:\/\/dianasilver.com\/wp-content\/uploads\/2025\/09\/Kor-alaku-fekete-koves-ekszerszett_2.jpg","width":1340,"height":1785},{"@type":"BreadcrumbList","@id":"https:\/\/dianasilver.com\/de\/termek\/runder-schwarzer-stein-im-schmuckset-geheimnis-und-eleganz\/#breadcrumb","itemListElement":[{"@type":"ListItem","position":1,"name":"Kezd\u0151lap","item":"https:\/\/dianasilver.com\/de\/diana-silver-silberschmuck-webshop\/"},{"@type":"ListItem","position":2,"name":"Shop","item":"https:\/\/dianasilver.com\/de\/shop\/"},{"@type":"ListItem","position":3,"name":"Runder schwarzer Stein im Schmuckset &#8211; Geheimnis und Eleganz"}]},{"@type":"WebSite","@id":"https:\/\/dianasilver.com\/de\/#website","url":"https:\/\/dianasilver.com\/de\/","name":"Diana Silver","description":"Tedd t\u00f6k\u00e9letesebb\u00e9 mindennapjaid a Diana Silver \u00e9kszereivel.","publisher":{"@id":"https:\/\/dianasilver.com\/de\/#organization"},"alternateName":"Ez\u00fcst \u00c9kszer Web\u00e1ruh\u00e1z","potentialAction":[{"@type":"SearchAction","target":{"@type":"EntryPoint","urlTemplate":"https:\/\/dianasilver.com\/de\/?s={search_term_string}"},"query-input":{"@type":"PropertyValueSpecification","valueRequired":true,"valueName":"search_term_string"}}],"inLanguage":"de"},{"@type":"Organization","@id":"https:\/\/dianasilver.com\/de\/#organization","name":"Diana Silver","url":"https:\/\/dianasilver.com\/de\/","logo":{"@type":"ImageObject","inLanguage":"de","@id":"https:\/\/dianasilver.com\/de\/#\/schema\/logo\/image\/","url":"https:\/\/dianasilver.com\/wp-content\/uploads\/2022\/08\/ezust-feher-1-koves-buttonos-stekkeres-fulbevalo-42.webp","contentUrl":"https:\/\/dianasilver.com\/wp-content\/uploads\/2022\/08\/ezust-feher-1-koves-buttonos-stekkeres-fulbevalo-42.webp","width":300,"height":154,"caption":"Diana Silver"},"image":{"@id":"https:\/\/dianasilver.com\/de\/#\/schema\/logo\/image\/"},"sameAs":["https:\/\/www.facebook.com\/profile.php?id=100027231325117"]}]}},"_links":{"self":[{"href":"https:\/\/dianasilver.com\/de\/wp-json\/wp\/v2\/product\/112024","targetHints":{"allow":["GET"]}}],"collection":[{"href":"https:\/\/dianasilver.com\/de\/wp-json\/wp\/v2\/product"}],"about":[{"href":"https:\/\/dianasilver.com\/de\/wp-json\/wp\/v2\/types\/product"}],"version-history":[{"count":0,"href":"https:\/\/dianasilver.com\/de\/wp-json\/wp\/v2\/product\/112024\/revisions"}],"wp:featuredmedia":[{"embeddable":true,"href":"https:\/\/dianasilver.com\/de\/wp-json\/wp\/v2\/media\/107987"}],"wp:attachment":[{"href":"https:\/\/dianasilver.com\/de\/wp-json\/wp\/v2\/media?parent=112024"}],"wp:term":[{"taxonomy":"product_brand","embeddable":true,"href":"https:\/\/dianasilver.com\/de\/wp-json\/wp\/v2\/product_brand?post=112024"},{"taxonomy":"product_cat","embeddable":true,"href":"https:\/\/dianasilver.com\/de\/wp-json\/wp\/v2\/product_cat?post=112024"},{"taxonomy":"product_tag","embeddable":true,"href":"https:\/\/dianasilver.com\/de\/wp-json\/wp\/v2\/product_tag?post=112024"}],"curies":[{"name":"wp","href":"https:\/\/api.w.org\/{rel}","templated":true}]}}