{"id":111945,"date":"2025-09-21T00:32:21","date_gmt":"2025-09-20T22:32:21","guid":{"rendered":"https:\/\/dianasilver.hu\/termek\/silberner-herrenring-mit-onyx-intarsie\/"},"modified":"2026-01-16T17:00:17","modified_gmt":"2026-01-16T16:00:17","slug":"silberner-herrenring-mit-onyx-intarsie","status":"publish","type":"product","link":"https:\/\/dianasilver.com\/de\/termek\/silberner-herrenring-mit-onyx-intarsie\/","title":{"rendered":"Silberner Herrenring mit Onyx-Intarsie"},"content":{"rendered":"<h2 data-start=\"235\" data-end=\"310\">AG 925 rhodinierter Silber Herrenring mit Onyx-Intarsie &#8211; Kraft und Eleganz<\/h2>\n<ul data-start=\"311\" data-end=\"493\">\n<li data-start=\"311\" data-end=\"377\">\n<p data-start=\"313\" data-end=\"377\">Eine kantige, klare Form, die moderne Maskulinit\u00e4t ausstrahlt<\/p>\n<\/li>\n<li data-start=\"378\" data-end=\"442\">\n<p data-start=\"380\" data-end=\"442\">Mit schwarzer Onyx-Intarsie, um die markanten Linien des Rings zu betonen<\/p>\n<\/li>\n<li data-start=\"443\" data-end=\"493\">\n<p data-start=\"445\" data-end=\"493\">Minimalistisches Design, dennoch kraftvolles Aussehen<\/p>\n<\/li>\n<\/ul>\n<p data-start=\"495\" data-end=\"515\"><strong data-start=\"495\" data-end=\"513\">Warum w\u00e4hlen Sie es?<\/strong><\/p>\n<ul data-start=\"516\" data-end=\"741\">\n<li data-start=\"516\" data-end=\"590\">\n<p data-start=\"518\" data-end=\"590\">AG 925 Sterling Silber, rhodiniert f\u00fcr Haltbarkeit und Glanz<\/p>\n<\/li>\n<li data-start=\"591\" data-end=\"647\">\n<p data-start=\"593\" data-end=\"647\">Nat\u00fcrlicher Onyxstein &#8211; ein Symbol f\u00fcr Stabilit\u00e4t und St\u00e4rke<\/p>\n<\/li>\n<li data-start=\"648\" data-end=\"689\">\n<p data-start=\"650\" data-end=\"689\">Bequem im Alltag zu tragen<\/p>\n<\/li>\n<li data-start=\"690\" data-end=\"741\">\n<p data-start=\"692\" data-end=\"741\">Ideales Geschenk f\u00fcr stilvolle, selbstbewusste M\u00e4nner<\/p>\n<\/li>\n<\/ul>\n<p data-start=\"743\" data-end=\"848\">Bei diesem Ring trifft Eleganz auf maskuline St\u00e4rke &#8211; die perfekte Wahl, wenn Sie auffallen m\u00f6chten. \ud83d\udda4\ud83d\udc8d<\/p>\n","protected":false},"excerpt":{"rendered":"<p>Ein charaktervoller und eleganter Ring, der die Schw\u00e4rze von Onyx mit dem Glanz von Silber kombiniert. \ud83d\udda4\u2728<\/p>\n","protected":false},"featured_media":109589,"template":"","meta":{"_acf_changed":false},"product_brand":[],"product_cat":[611],"product_tag":[575],"class_list":{"0":"post-111945","1":"product","2":"type-product","3":"status-publish","4":"has-post-thumbnail","6":"product_cat-silberne-ringe","7":"product_tag-mannlich","8":"description-off","10":"first","11":"instock","12":"taxable","13":"shipping-taxable","14":"purchasable","15":"product-type-variable"},"acf":[],"yoast_head":"<!-- This site is optimized with the Yoast SEO plugin v27.4 - https:\/\/yoast.com\/product\/yoast-seo-wordpress\/ -->\n<title>Silberner Herrenring mit Onyx-Intarsie | Diana Silver<\/title>\n<meta name=\"description\" content=\"Fedezd fel a leny\u0171g\u00f6z\u0151 Silberner Herrenring mit Onyx-Intarsie \u00e9kszer\u00fcnket. T\u00f6k\u00e9letes kieg\u00e9sz\u00edt\u0151 mindennapi viselethez \u00e9s k\u00fcl\u00f6nleges alkalmakra egyar\u00e1nt. Rendeld meg most!\" \/>\n<meta name=\"robots\" content=\"index, follow, max-snippet:-1, max-image-preview:large, max-video-preview:-1\" \/>\n<link rel=\"canonical\" href=\"https:\/\/dianasilver.com\/de\/termek\/silberner-herrenring-mit-onyx-intarsie\/\" \/>\n<meta property=\"og:locale\" content=\"de_DE\" \/>\n<meta property=\"og:type\" content=\"article\" \/>\n<meta property=\"og:title\" content=\"Silberner Herrenring mit Onyx-Intarsie | Diana Silver\" \/>\n<meta property=\"og:description\" content=\"Fedezd fel a leny\u0171g\u00f6z\u0151 Silberner Herrenring mit Onyx-Intarsie \u00e9kszer\u00fcnket. T\u00f6k\u00e9letes kieg\u00e9sz\u00edt\u0151 mindennapi viselethez \u00e9s k\u00fcl\u00f6nleges alkalmakra egyar\u00e1nt. Rendeld meg most!\" \/>\n<meta property=\"og:url\" content=\"https:\/\/dianasilver.com\/de\/termek\/silberner-herrenring-mit-onyx-intarsie\/\" \/>\n<meta property=\"og:site_name\" content=\"Diana Silver\" \/>\n<meta property=\"article:publisher\" content=\"https:\/\/www.facebook.com\/profile.php?id=100027231325117\" \/>\n<meta property=\"article:modified_time\" content=\"2026-01-16T16:00:17+00:00\" \/>\n<meta property=\"og:image\" content=\"https:\/\/dianasilver.com\/wp-content\/uploads\/2025\/09\/Ezust-ferfi-gyuru-onix-betettel_1.jpg\" \/>\n\t<meta property=\"og:image:width\" content=\"1350\" \/>\n\t<meta property=\"og:image:height\" content=\"1800\" \/>\n\t<meta property=\"og:image:type\" content=\"image\/jpeg\" \/>\n<meta name=\"twitter:card\" content=\"summary_large_image\" \/>\n<script type=\"application\/ld+json\" class=\"yoast-schema-graph\">{\"@context\":\"https:\\\/\\\/schema.org\",\"@graph\":[{\"@type\":\"WebPage\",\"@id\":\"https:\\\/\\\/dianasilver.com\\\/de\\\/termek\\\/silberner-herrenring-mit-onyx-intarsie\\\/\",\"url\":\"https:\\\/\\\/dianasilver.com\\\/de\\\/termek\\\/silberner-herrenring-mit-onyx-intarsie\\\/\",\"name\":\"Silberner Herrenring mit Onyx-Intarsie | Diana Silver\",\"isPartOf\":{\"@id\":\"https:\\\/\\\/dianasilver.com\\\/de\\\/#website\"},\"primaryImageOfPage\":{\"@id\":\"https:\\\/\\\/dianasilver.com\\\/de\\\/termek\\\/silberner-herrenring-mit-onyx-intarsie\\\/#primaryimage\"},\"image\":{\"@id\":\"https:\\\/\\\/dianasilver.com\\\/de\\\/termek\\\/silberner-herrenring-mit-onyx-intarsie\\\/#primaryimage\"},\"thumbnailUrl\":\"https:\\\/\\\/dianasilver.com\\\/wp-content\\\/uploads\\\/2025\\\/09\\\/Ezust-ferfi-gyuru-onix-betettel_1.jpg\",\"datePublished\":\"2025-09-20T22:32:21+00:00\",\"dateModified\":\"2026-01-16T16:00:17+00:00\",\"description\":\"Fedezd fel a leny\u0171g\u00f6z\u0151 Silberner Herrenring mit Onyx-Intarsie \u00e9kszer\u00fcnket. T\u00f6k\u00e9letes kieg\u00e9sz\u00edt\u0151 mindennapi viselethez \u00e9s k\u00fcl\u00f6nleges alkalmakra egyar\u00e1nt. Rendeld meg most!\",\"breadcrumb\":{\"@id\":\"https:\\\/\\\/dianasilver.com\\\/de\\\/termek\\\/silberner-herrenring-mit-onyx-intarsie\\\/#breadcrumb\"},\"inLanguage\":\"de\",\"potentialAction\":[{\"@type\":\"ReadAction\",\"target\":[\"https:\\\/\\\/dianasilver.com\\\/de\\\/termek\\\/silberner-herrenring-mit-onyx-intarsie\\\/\"]}]},{\"@type\":\"ImageObject\",\"inLanguage\":\"de\",\"@id\":\"https:\\\/\\\/dianasilver.com\\\/de\\\/termek\\\/silberner-herrenring-mit-onyx-intarsie\\\/#primaryimage\",\"url\":\"https:\\\/\\\/dianasilver.com\\\/wp-content\\\/uploads\\\/2025\\\/09\\\/Ezust-ferfi-gyuru-onix-betettel_1.jpg\",\"contentUrl\":\"https:\\\/\\\/dianasilver.com\\\/wp-content\\\/uploads\\\/2025\\\/09\\\/Ezust-ferfi-gyuru-onix-betettel_1.jpg\",\"width\":1350,\"height\":1800},{\"@type\":\"BreadcrumbList\",\"@id\":\"https:\\\/\\\/dianasilver.com\\\/de\\\/termek\\\/silberner-herrenring-mit-onyx-intarsie\\\/#breadcrumb\",\"itemListElement\":[{\"@type\":\"ListItem\",\"position\":1,\"name\":\"Kezd\u0151lap\",\"item\":\"https:\\\/\\\/dianasilver.com\\\/de\\\/diana-silver-silberschmuck-webshop\\\/\"},{\"@type\":\"ListItem\",\"position\":2,\"name\":\"Shop\",\"item\":\"https:\\\/\\\/dianasilver.com\\\/de\\\/shop\\\/\"},{\"@type\":\"ListItem\",\"position\":3,\"name\":\"Silberner Herrenring mit Onyx-Intarsie\"}]},{\"@type\":\"WebSite\",\"@id\":\"https:\\\/\\\/dianasilver.com\\\/de\\\/#website\",\"url\":\"https:\\\/\\\/dianasilver.com\\\/de\\\/\",\"name\":\"Diana Silver\",\"description\":\"Tedd t\u00f6k\u00e9letesebb\u00e9 mindennapjaid a Diana Silver \u00e9kszereivel.\",\"publisher\":{\"@id\":\"https:\\\/\\\/dianasilver.com\\\/de\\\/#organization\"},\"alternateName\":\"Ez\u00fcst \u00c9kszer Web\u00e1ruh\u00e1z\",\"potentialAction\":[{\"@type\":\"SearchAction\",\"target\":{\"@type\":\"EntryPoint\",\"urlTemplate\":\"https:\\\/\\\/dianasilver.com\\\/de\\\/?s={search_term_string}\"},\"query-input\":{\"@type\":\"PropertyValueSpecification\",\"valueRequired\":true,\"valueName\":\"search_term_string\"}}],\"inLanguage\":\"de\"},{\"@type\":\"Organization\",\"@id\":\"https:\\\/\\\/dianasilver.com\\\/de\\\/#organization\",\"name\":\"Diana Silver\",\"url\":\"https:\\\/\\\/dianasilver.com\\\/de\\\/\",\"logo\":{\"@type\":\"ImageObject\",\"inLanguage\":\"de\",\"@id\":\"https:\\\/\\\/dianasilver.com\\\/de\\\/#\\\/schema\\\/logo\\\/image\\\/\",\"url\":\"https:\\\/\\\/dianasilver.com\\\/wp-content\\\/uploads\\\/2022\\\/08\\\/ezust-feher-1-koves-buttonos-stekkeres-fulbevalo-42.webp\",\"contentUrl\":\"https:\\\/\\\/dianasilver.com\\\/wp-content\\\/uploads\\\/2022\\\/08\\\/ezust-feher-1-koves-buttonos-stekkeres-fulbevalo-42.webp\",\"width\":300,\"height\":154,\"caption\":\"Diana Silver\"},\"image\":{\"@id\":\"https:\\\/\\\/dianasilver.com\\\/de\\\/#\\\/schema\\\/logo\\\/image\\\/\"},\"sameAs\":[\"https:\\\/\\\/www.facebook.com\\\/profile.php?id=100027231325117\"]}]}<\/script>\n<!-- \/ Yoast SEO plugin. -->","yoast_head_json":{"title":"Silberner Herrenring mit Onyx-Intarsie | Diana Silver","description":"Fedezd fel a leny\u0171g\u00f6z\u0151 Silberner Herrenring mit Onyx-Intarsie \u00e9kszer\u00fcnket. T\u00f6k\u00e9letes kieg\u00e9sz\u00edt\u0151 mindennapi viselethez \u00e9s k\u00fcl\u00f6nleges alkalmakra egyar\u00e1nt. Rendeld meg most!","robots":{"index":"index","follow":"follow","max-snippet":"max-snippet:-1","max-image-preview":"max-image-preview:large","max-video-preview":"max-video-preview:-1"},"canonical":"https:\/\/dianasilver.com\/de\/termek\/silberner-herrenring-mit-onyx-intarsie\/","og_locale":"de_DE","og_type":"article","og_title":"Silberner Herrenring mit Onyx-Intarsie | Diana Silver","og_description":"Fedezd fel a leny\u0171g\u00f6z\u0151 Silberner Herrenring mit Onyx-Intarsie \u00e9kszer\u00fcnket. T\u00f6k\u00e9letes kieg\u00e9sz\u00edt\u0151 mindennapi viselethez \u00e9s k\u00fcl\u00f6nleges alkalmakra egyar\u00e1nt. Rendeld meg most!","og_url":"https:\/\/dianasilver.com\/de\/termek\/silberner-herrenring-mit-onyx-intarsie\/","og_site_name":"Diana Silver","article_publisher":"https:\/\/www.facebook.com\/profile.php?id=100027231325117","article_modified_time":"2026-01-16T16:00:17+00:00","og_image":[{"width":1350,"height":1800,"url":"https:\/\/dianasilver.com\/wp-content\/uploads\/2025\/09\/Ezust-ferfi-gyuru-onix-betettel_1.jpg","type":"image\/jpeg"}],"twitter_card":"summary_large_image","schema":{"@context":"https:\/\/schema.org","@graph":[{"@type":"WebPage","@id":"https:\/\/dianasilver.com\/de\/termek\/silberner-herrenring-mit-onyx-intarsie\/","url":"https:\/\/dianasilver.com\/de\/termek\/silberner-herrenring-mit-onyx-intarsie\/","name":"Silberner Herrenring mit Onyx-Intarsie | Diana Silver","isPartOf":{"@id":"https:\/\/dianasilver.com\/de\/#website"},"primaryImageOfPage":{"@id":"https:\/\/dianasilver.com\/de\/termek\/silberner-herrenring-mit-onyx-intarsie\/#primaryimage"},"image":{"@id":"https:\/\/dianasilver.com\/de\/termek\/silberner-herrenring-mit-onyx-intarsie\/#primaryimage"},"thumbnailUrl":"https:\/\/dianasilver.com\/wp-content\/uploads\/2025\/09\/Ezust-ferfi-gyuru-onix-betettel_1.jpg","datePublished":"2025-09-20T22:32:21+00:00","dateModified":"2026-01-16T16:00:17+00:00","description":"Fedezd fel a leny\u0171g\u00f6z\u0151 Silberner Herrenring mit Onyx-Intarsie \u00e9kszer\u00fcnket. T\u00f6k\u00e9letes kieg\u00e9sz\u00edt\u0151 mindennapi viselethez \u00e9s k\u00fcl\u00f6nleges alkalmakra egyar\u00e1nt. Rendeld meg most!","breadcrumb":{"@id":"https:\/\/dianasilver.com\/de\/termek\/silberner-herrenring-mit-onyx-intarsie\/#breadcrumb"},"inLanguage":"de","potentialAction":[{"@type":"ReadAction","target":["https:\/\/dianasilver.com\/de\/termek\/silberner-herrenring-mit-onyx-intarsie\/"]}]},{"@type":"ImageObject","inLanguage":"de","@id":"https:\/\/dianasilver.com\/de\/termek\/silberner-herrenring-mit-onyx-intarsie\/#primaryimage","url":"https:\/\/dianasilver.com\/wp-content\/uploads\/2025\/09\/Ezust-ferfi-gyuru-onix-betettel_1.jpg","contentUrl":"https:\/\/dianasilver.com\/wp-content\/uploads\/2025\/09\/Ezust-ferfi-gyuru-onix-betettel_1.jpg","width":1350,"height":1800},{"@type":"BreadcrumbList","@id":"https:\/\/dianasilver.com\/de\/termek\/silberner-herrenring-mit-onyx-intarsie\/#breadcrumb","itemListElement":[{"@type":"ListItem","position":1,"name":"Kezd\u0151lap","item":"https:\/\/dianasilver.com\/de\/diana-silver-silberschmuck-webshop\/"},{"@type":"ListItem","position":2,"name":"Shop","item":"https:\/\/dianasilver.com\/de\/shop\/"},{"@type":"ListItem","position":3,"name":"Silberner Herrenring mit Onyx-Intarsie"}]},{"@type":"WebSite","@id":"https:\/\/dianasilver.com\/de\/#website","url":"https:\/\/dianasilver.com\/de\/","name":"Diana Silver","description":"Tedd t\u00f6k\u00e9letesebb\u00e9 mindennapjaid a Diana Silver \u00e9kszereivel.","publisher":{"@id":"https:\/\/dianasilver.com\/de\/#organization"},"alternateName":"Ez\u00fcst \u00c9kszer Web\u00e1ruh\u00e1z","potentialAction":[{"@type":"SearchAction","target":{"@type":"EntryPoint","urlTemplate":"https:\/\/dianasilver.com\/de\/?s={search_term_string}"},"query-input":{"@type":"PropertyValueSpecification","valueRequired":true,"valueName":"search_term_string"}}],"inLanguage":"de"},{"@type":"Organization","@id":"https:\/\/dianasilver.com\/de\/#organization","name":"Diana Silver","url":"https:\/\/dianasilver.com\/de\/","logo":{"@type":"ImageObject","inLanguage":"de","@id":"https:\/\/dianasilver.com\/de\/#\/schema\/logo\/image\/","url":"https:\/\/dianasilver.com\/wp-content\/uploads\/2022\/08\/ezust-feher-1-koves-buttonos-stekkeres-fulbevalo-42.webp","contentUrl":"https:\/\/dianasilver.com\/wp-content\/uploads\/2022\/08\/ezust-feher-1-koves-buttonos-stekkeres-fulbevalo-42.webp","width":300,"height":154,"caption":"Diana Silver"},"image":{"@id":"https:\/\/dianasilver.com\/de\/#\/schema\/logo\/image\/"},"sameAs":["https:\/\/www.facebook.com\/profile.php?id=100027231325117"]}]}},"_links":{"self":[{"href":"https:\/\/dianasilver.com\/de\/wp-json\/wp\/v2\/product\/111945","targetHints":{"allow":["GET"]}}],"collection":[{"href":"https:\/\/dianasilver.com\/de\/wp-json\/wp\/v2\/product"}],"about":[{"href":"https:\/\/dianasilver.com\/de\/wp-json\/wp\/v2\/types\/product"}],"version-history":[{"count":0,"href":"https:\/\/dianasilver.com\/de\/wp-json\/wp\/v2\/product\/111945\/revisions"}],"wp:featuredmedia":[{"embeddable":true,"href":"https:\/\/dianasilver.com\/de\/wp-json\/wp\/v2\/media\/109589"}],"wp:attachment":[{"href":"https:\/\/dianasilver.com\/de\/wp-json\/wp\/v2\/media?parent=111945"}],"wp:term":[{"taxonomy":"product_brand","embeddable":true,"href":"https:\/\/dianasilver.com\/de\/wp-json\/wp\/v2\/product_brand?post=111945"},{"taxonomy":"product_cat","embeddable":true,"href":"https:\/\/dianasilver.com\/de\/wp-json\/wp\/v2\/product_cat?post=111945"},{"taxonomy":"product_tag","embeddable":true,"href":"https:\/\/dianasilver.com\/de\/wp-json\/wp\/v2\/product_tag?post=111945"}],"curies":[{"name":"wp","href":"https:\/\/api.w.org\/{rel}","templated":true}]}}