{"id":111894,"date":"2025-09-20T21:51:58","date_gmt":"2025-09-20T19:51:58","guid":{"rendered":"https:\/\/dianasilver.hu\/termek\/silberner-ring-mit-mehreren-zirkoniasteinen-im-design\/"},"modified":"2026-01-16T17:01:01","modified_gmt":"2026-01-16T16:01:01","slug":"silberner-ring-mit-mehreren-zirkoniasteinen-im-design","status":"publish","type":"product","link":"https:\/\/dianasilver.com\/de\/termek\/silberner-ring-mit-mehreren-zirkoniasteinen-im-design\/","title":{"rendered":"Silberner Ring mit mehreren Zirkonsteinen im Design"},"content":{"rendered":"<h2 data-start=\"282\" data-end=\"373\">Silberner Ring mit Zirkonia-Multistein-Design &#8211; Licht und Harmonie in einem Schmuckst\u00fcck<\/h2>\n<ul data-start=\"374\" data-end=\"561\">\n<li data-start=\"374\" data-end=\"448\">\n<p data-start=\"376\" data-end=\"448\">Die gekreuzten Linien symbolisieren Harmonie und Zusammengeh\u00f6rigkeit<\/p>\n<\/li>\n<li data-start=\"449\" data-end=\"505\">\n<p data-start=\"451\" data-end=\"505\">Zirkoniasteine: ein funkelnder Glanz bei jeder Bewegung<\/p>\n<\/li>\n<li data-start=\"506\" data-end=\"561\">\n<p data-start=\"508\" data-end=\"561\">Modernes, feminines Design, das Ihre H\u00e4nde elegant umschmeichelt<\/p>\n<\/li>\n<\/ul>\n<p data-start=\"563\" data-end=\"583\"><strong data-start=\"563\" data-end=\"581\">Warum w\u00e4hlen Sie es?<\/strong><\/p>\n<ul data-start=\"584\" data-end=\"825\">\n<li data-start=\"584\" data-end=\"643\">\n<p data-start=\"586\" data-end=\"643\">AG 925 Sterling Silber, rhodiniert f\u00fcr lange Haltbarkeit<\/p>\n<\/li>\n<li data-start=\"644\" data-end=\"686\">\n<p data-start=\"646\" data-end=\"686\">Eine subtile und doch auff\u00e4llige Form<\/p>\n<\/li>\n<li data-start=\"687\" data-end=\"761\">\n<p data-start=\"689\" data-end=\"761\">Spezielle Zirkonia-Steinanordnung, die Licht und Glanz ausstrahlt<\/p>\n<\/li>\n<li data-start=\"762\" data-end=\"825\">\n<p data-start=\"764\" data-end=\"825\">Perfekt f\u00fcr den Alltag und Anl\u00e4sse<\/p>\n<\/li>\n<\/ul>\n<p data-start=\"827\" data-end=\"920\">Es ist auch eine gro\u00dfartige Wahl als Geschenk, da es sowohl Eleganz als auch moderne Weiblichkeit ausstrahlt. \ud83c\udf81\ud83d\udc8e<\/p>\n","protected":false},"excerpt":{"rendered":"<p>Ein brillanter, moderner Designring mit gekreuzten Linien und funkelnden Zirkoniasteinen f\u00fcr einen wirklich einzigartigen Look. \u2728\ud83d\udc8d<\/p>\n","protected":false},"featured_media":109470,"template":"","meta":{"_acf_changed":false},"product_brand":[],"product_cat":[611],"product_tag":[527],"class_list":{"0":"post-111894","1":"product","2":"type-product","3":"status-publish","4":"has-post-thumbnail","6":"product_cat-silberne-ringe","7":"product_tag-silberschmuck-fur-damen","8":"description-off","10":"first","11":"instock","12":"taxable","13":"shipping-taxable","14":"purchasable","15":"product-type-variable"},"acf":[],"yoast_head":"<!-- This site is optimized with the Yoast SEO plugin v27.4 - https:\/\/yoast.com\/product\/yoast-seo-wordpress\/ -->\n<title>Silberner Ring mit mehreren Zirkonsteinen im Design | Diana Silver<\/title>\n<meta name=\"description\" content=\"Fedezd fel a leny\u0171g\u00f6z\u0151 Silberner Ring mit mehreren Zirkonsteinen im Design \u00e9kszer\u00fcnket. T\u00f6k\u00e9letes kieg\u00e9sz\u00edt\u0151 mindennapi viselethez \u00e9s k\u00fcl\u00f6nleges alkalmakra egyar\u00e1nt. Rendeld meg most!\" \/>\n<meta name=\"robots\" content=\"index, follow, max-snippet:-1, max-image-preview:large, max-video-preview:-1\" \/>\n<link rel=\"canonical\" href=\"https:\/\/dianasilver.com\/de\/termek\/silberner-ring-mit-mehreren-zirkoniasteinen-im-design\/\" \/>\n<meta property=\"og:locale\" content=\"de_DE\" \/>\n<meta property=\"og:type\" content=\"article\" \/>\n<meta property=\"og:title\" content=\"Silberner Ring mit mehreren Zirkonsteinen im Design | Diana Silver\" \/>\n<meta property=\"og:description\" content=\"Fedezd fel a leny\u0171g\u00f6z\u0151 Silberner Ring mit mehreren Zirkonsteinen im Design \u00e9kszer\u00fcnket. T\u00f6k\u00e9letes kieg\u00e9sz\u00edt\u0151 mindennapi viselethez \u00e9s k\u00fcl\u00f6nleges alkalmakra egyar\u00e1nt. Rendeld meg most!\" \/>\n<meta property=\"og:url\" content=\"https:\/\/dianasilver.com\/de\/termek\/silberner-ring-mit-mehreren-zirkoniasteinen-im-design\/\" \/>\n<meta property=\"og:site_name\" content=\"Diana Silver\" \/>\n<meta property=\"article:publisher\" content=\"https:\/\/www.facebook.com\/profile.php?id=100027231325117\" \/>\n<meta property=\"article:modified_time\" content=\"2026-01-16T16:01:01+00:00\" \/>\n<meta property=\"og:image\" content=\"https:\/\/dianasilver.com\/wp-content\/uploads\/2025\/09\/Ezust-cirkonia-sokkoves-design-gyuru_1.jpg\" \/>\n\t<meta property=\"og:image:width\" content=\"1350\" \/>\n\t<meta property=\"og:image:height\" content=\"1800\" \/>\n\t<meta property=\"og:image:type\" content=\"image\/jpeg\" \/>\n<meta name=\"twitter:card\" content=\"summary_large_image\" \/>\n<script type=\"application\/ld+json\" class=\"yoast-schema-graph\">{\"@context\":\"https:\\\/\\\/schema.org\",\"@graph\":[{\"@type\":\"WebPage\",\"@id\":\"https:\\\/\\\/dianasilver.com\\\/de\\\/termek\\\/silberner-ring-mit-mehreren-zirkoniasteinen-im-design\\\/\",\"url\":\"https:\\\/\\\/dianasilver.com\\\/de\\\/termek\\\/silberner-ring-mit-mehreren-zirkoniasteinen-im-design\\\/\",\"name\":\"Silberner Ring mit mehreren Zirkonsteinen im Design | Diana Silver\",\"isPartOf\":{\"@id\":\"https:\\\/\\\/dianasilver.com\\\/de\\\/#website\"},\"primaryImageOfPage\":{\"@id\":\"https:\\\/\\\/dianasilver.com\\\/de\\\/termek\\\/silberner-ring-mit-mehreren-zirkoniasteinen-im-design\\\/#primaryimage\"},\"image\":{\"@id\":\"https:\\\/\\\/dianasilver.com\\\/de\\\/termek\\\/silberner-ring-mit-mehreren-zirkoniasteinen-im-design\\\/#primaryimage\"},\"thumbnailUrl\":\"https:\\\/\\\/dianasilver.com\\\/wp-content\\\/uploads\\\/2025\\\/09\\\/Ezust-cirkonia-sokkoves-design-gyuru_1.jpg\",\"datePublished\":\"2025-09-20T19:51:58+00:00\",\"dateModified\":\"2026-01-16T16:01:01+00:00\",\"description\":\"Fedezd fel a leny\u0171g\u00f6z\u0151 Silberner Ring mit mehreren Zirkonsteinen im Design \u00e9kszer\u00fcnket. T\u00f6k\u00e9letes kieg\u00e9sz\u00edt\u0151 mindennapi viselethez \u00e9s k\u00fcl\u00f6nleges alkalmakra egyar\u00e1nt. Rendeld meg most!\",\"breadcrumb\":{\"@id\":\"https:\\\/\\\/dianasilver.com\\\/de\\\/termek\\\/silberner-ring-mit-mehreren-zirkoniasteinen-im-design\\\/#breadcrumb\"},\"inLanguage\":\"de\",\"potentialAction\":[{\"@type\":\"ReadAction\",\"target\":[\"https:\\\/\\\/dianasilver.com\\\/de\\\/termek\\\/silberner-ring-mit-mehreren-zirkoniasteinen-im-design\\\/\"]}]},{\"@type\":\"ImageObject\",\"inLanguage\":\"de\",\"@id\":\"https:\\\/\\\/dianasilver.com\\\/de\\\/termek\\\/silberner-ring-mit-mehreren-zirkoniasteinen-im-design\\\/#primaryimage\",\"url\":\"https:\\\/\\\/dianasilver.com\\\/wp-content\\\/uploads\\\/2025\\\/09\\\/Ezust-cirkonia-sokkoves-design-gyuru_1.jpg\",\"contentUrl\":\"https:\\\/\\\/dianasilver.com\\\/wp-content\\\/uploads\\\/2025\\\/09\\\/Ezust-cirkonia-sokkoves-design-gyuru_1.jpg\",\"width\":1350,\"height\":1800},{\"@type\":\"BreadcrumbList\",\"@id\":\"https:\\\/\\\/dianasilver.com\\\/de\\\/termek\\\/silberner-ring-mit-mehreren-zirkoniasteinen-im-design\\\/#breadcrumb\",\"itemListElement\":[{\"@type\":\"ListItem\",\"position\":1,\"name\":\"Kezd\u0151lap\",\"item\":\"https:\\\/\\\/dianasilver.com\\\/de\\\/diana-silver-silberschmuck-webshop\\\/\"},{\"@type\":\"ListItem\",\"position\":2,\"name\":\"Shop\",\"item\":\"https:\\\/\\\/dianasilver.com\\\/de\\\/shop\\\/\"},{\"@type\":\"ListItem\",\"position\":3,\"name\":\"Silberner Ring mit mehreren Zirkonsteinen im Design\"}]},{\"@type\":\"WebSite\",\"@id\":\"https:\\\/\\\/dianasilver.com\\\/de\\\/#website\",\"url\":\"https:\\\/\\\/dianasilver.com\\\/de\\\/\",\"name\":\"Diana Silver\",\"description\":\"Tedd t\u00f6k\u00e9letesebb\u00e9 mindennapjaid a Diana Silver \u00e9kszereivel.\",\"publisher\":{\"@id\":\"https:\\\/\\\/dianasilver.com\\\/de\\\/#organization\"},\"alternateName\":\"Ez\u00fcst \u00c9kszer Web\u00e1ruh\u00e1z\",\"potentialAction\":[{\"@type\":\"SearchAction\",\"target\":{\"@type\":\"EntryPoint\",\"urlTemplate\":\"https:\\\/\\\/dianasilver.com\\\/de\\\/?s={search_term_string}\"},\"query-input\":{\"@type\":\"PropertyValueSpecification\",\"valueRequired\":true,\"valueName\":\"search_term_string\"}}],\"inLanguage\":\"de\"},{\"@type\":\"Organization\",\"@id\":\"https:\\\/\\\/dianasilver.com\\\/de\\\/#organization\",\"name\":\"Diana Silver\",\"url\":\"https:\\\/\\\/dianasilver.com\\\/de\\\/\",\"logo\":{\"@type\":\"ImageObject\",\"inLanguage\":\"de\",\"@id\":\"https:\\\/\\\/dianasilver.com\\\/de\\\/#\\\/schema\\\/logo\\\/image\\\/\",\"url\":\"https:\\\/\\\/dianasilver.com\\\/wp-content\\\/uploads\\\/2022\\\/08\\\/ezust-feher-1-koves-buttonos-stekkeres-fulbevalo-42.webp\",\"contentUrl\":\"https:\\\/\\\/dianasilver.com\\\/wp-content\\\/uploads\\\/2022\\\/08\\\/ezust-feher-1-koves-buttonos-stekkeres-fulbevalo-42.webp\",\"width\":300,\"height\":154,\"caption\":\"Diana Silver\"},\"image\":{\"@id\":\"https:\\\/\\\/dianasilver.com\\\/de\\\/#\\\/schema\\\/logo\\\/image\\\/\"},\"sameAs\":[\"https:\\\/\\\/www.facebook.com\\\/profile.php?id=100027231325117\"]}]}<\/script>\n<!-- \/ Yoast SEO plugin. -->","yoast_head_json":{"title":"Silberner Ring mit mehreren Zirkonsteinen im Design | Diana Silver","description":"Fedezd fel a leny\u0171g\u00f6z\u0151 Silberner Ring mit mehreren Zirkonsteinen im Design \u00e9kszer\u00fcnket. T\u00f6k\u00e9letes kieg\u00e9sz\u00edt\u0151 mindennapi viselethez \u00e9s k\u00fcl\u00f6nleges alkalmakra egyar\u00e1nt. Rendeld meg most!","robots":{"index":"index","follow":"follow","max-snippet":"max-snippet:-1","max-image-preview":"max-image-preview:large","max-video-preview":"max-video-preview:-1"},"canonical":"https:\/\/dianasilver.com\/de\/termek\/silberner-ring-mit-mehreren-zirkoniasteinen-im-design\/","og_locale":"de_DE","og_type":"article","og_title":"Silberner Ring mit mehreren Zirkonsteinen im Design | Diana Silver","og_description":"Fedezd fel a leny\u0171g\u00f6z\u0151 Silberner Ring mit mehreren Zirkonsteinen im Design \u00e9kszer\u00fcnket. T\u00f6k\u00e9letes kieg\u00e9sz\u00edt\u0151 mindennapi viselethez \u00e9s k\u00fcl\u00f6nleges alkalmakra egyar\u00e1nt. Rendeld meg most!","og_url":"https:\/\/dianasilver.com\/de\/termek\/silberner-ring-mit-mehreren-zirkoniasteinen-im-design\/","og_site_name":"Diana Silver","article_publisher":"https:\/\/www.facebook.com\/profile.php?id=100027231325117","article_modified_time":"2026-01-16T16:01:01+00:00","og_image":[{"width":1350,"height":1800,"url":"https:\/\/dianasilver.com\/wp-content\/uploads\/2025\/09\/Ezust-cirkonia-sokkoves-design-gyuru_1.jpg","type":"image\/jpeg"}],"twitter_card":"summary_large_image","schema":{"@context":"https:\/\/schema.org","@graph":[{"@type":"WebPage","@id":"https:\/\/dianasilver.com\/de\/termek\/silberner-ring-mit-mehreren-zirkoniasteinen-im-design\/","url":"https:\/\/dianasilver.com\/de\/termek\/silberner-ring-mit-mehreren-zirkoniasteinen-im-design\/","name":"Silberner Ring mit mehreren Zirkonsteinen im Design | Diana Silver","isPartOf":{"@id":"https:\/\/dianasilver.com\/de\/#website"},"primaryImageOfPage":{"@id":"https:\/\/dianasilver.com\/de\/termek\/silberner-ring-mit-mehreren-zirkoniasteinen-im-design\/#primaryimage"},"image":{"@id":"https:\/\/dianasilver.com\/de\/termek\/silberner-ring-mit-mehreren-zirkoniasteinen-im-design\/#primaryimage"},"thumbnailUrl":"https:\/\/dianasilver.com\/wp-content\/uploads\/2025\/09\/Ezust-cirkonia-sokkoves-design-gyuru_1.jpg","datePublished":"2025-09-20T19:51:58+00:00","dateModified":"2026-01-16T16:01:01+00:00","description":"Fedezd fel a leny\u0171g\u00f6z\u0151 Silberner Ring mit mehreren Zirkonsteinen im Design \u00e9kszer\u00fcnket. T\u00f6k\u00e9letes kieg\u00e9sz\u00edt\u0151 mindennapi viselethez \u00e9s k\u00fcl\u00f6nleges alkalmakra egyar\u00e1nt. Rendeld meg most!","breadcrumb":{"@id":"https:\/\/dianasilver.com\/de\/termek\/silberner-ring-mit-mehreren-zirkoniasteinen-im-design\/#breadcrumb"},"inLanguage":"de","potentialAction":[{"@type":"ReadAction","target":["https:\/\/dianasilver.com\/de\/termek\/silberner-ring-mit-mehreren-zirkoniasteinen-im-design\/"]}]},{"@type":"ImageObject","inLanguage":"de","@id":"https:\/\/dianasilver.com\/de\/termek\/silberner-ring-mit-mehreren-zirkoniasteinen-im-design\/#primaryimage","url":"https:\/\/dianasilver.com\/wp-content\/uploads\/2025\/09\/Ezust-cirkonia-sokkoves-design-gyuru_1.jpg","contentUrl":"https:\/\/dianasilver.com\/wp-content\/uploads\/2025\/09\/Ezust-cirkonia-sokkoves-design-gyuru_1.jpg","width":1350,"height":1800},{"@type":"BreadcrumbList","@id":"https:\/\/dianasilver.com\/de\/termek\/silberner-ring-mit-mehreren-zirkoniasteinen-im-design\/#breadcrumb","itemListElement":[{"@type":"ListItem","position":1,"name":"Kezd\u0151lap","item":"https:\/\/dianasilver.com\/de\/diana-silver-silberschmuck-webshop\/"},{"@type":"ListItem","position":2,"name":"Shop","item":"https:\/\/dianasilver.com\/de\/shop\/"},{"@type":"ListItem","position":3,"name":"Silberner Ring mit mehreren Zirkonsteinen im Design"}]},{"@type":"WebSite","@id":"https:\/\/dianasilver.com\/de\/#website","url":"https:\/\/dianasilver.com\/de\/","name":"Diana Silver","description":"Tedd t\u00f6k\u00e9letesebb\u00e9 mindennapjaid a Diana Silver \u00e9kszereivel.","publisher":{"@id":"https:\/\/dianasilver.com\/de\/#organization"},"alternateName":"Ez\u00fcst \u00c9kszer Web\u00e1ruh\u00e1z","potentialAction":[{"@type":"SearchAction","target":{"@type":"EntryPoint","urlTemplate":"https:\/\/dianasilver.com\/de\/?s={search_term_string}"},"query-input":{"@type":"PropertyValueSpecification","valueRequired":true,"valueName":"search_term_string"}}],"inLanguage":"de"},{"@type":"Organization","@id":"https:\/\/dianasilver.com\/de\/#organization","name":"Diana Silver","url":"https:\/\/dianasilver.com\/de\/","logo":{"@type":"ImageObject","inLanguage":"de","@id":"https:\/\/dianasilver.com\/de\/#\/schema\/logo\/image\/","url":"https:\/\/dianasilver.com\/wp-content\/uploads\/2022\/08\/ezust-feher-1-koves-buttonos-stekkeres-fulbevalo-42.webp","contentUrl":"https:\/\/dianasilver.com\/wp-content\/uploads\/2022\/08\/ezust-feher-1-koves-buttonos-stekkeres-fulbevalo-42.webp","width":300,"height":154,"caption":"Diana Silver"},"image":{"@id":"https:\/\/dianasilver.com\/de\/#\/schema\/logo\/image\/"},"sameAs":["https:\/\/www.facebook.com\/profile.php?id=100027231325117"]}]}},"_links":{"self":[{"href":"https:\/\/dianasilver.com\/de\/wp-json\/wp\/v2\/product\/111894","targetHints":{"allow":["GET"]}}],"collection":[{"href":"https:\/\/dianasilver.com\/de\/wp-json\/wp\/v2\/product"}],"about":[{"href":"https:\/\/dianasilver.com\/de\/wp-json\/wp\/v2\/types\/product"}],"version-history":[{"count":0,"href":"https:\/\/dianasilver.com\/de\/wp-json\/wp\/v2\/product\/111894\/revisions"}],"wp:featuredmedia":[{"embeddable":true,"href":"https:\/\/dianasilver.com\/de\/wp-json\/wp\/v2\/media\/109470"}],"wp:attachment":[{"href":"https:\/\/dianasilver.com\/de\/wp-json\/wp\/v2\/media?parent=111894"}],"wp:term":[{"taxonomy":"product_brand","embeddable":true,"href":"https:\/\/dianasilver.com\/de\/wp-json\/wp\/v2\/product_brand?post=111894"},{"taxonomy":"product_cat","embeddable":true,"href":"https:\/\/dianasilver.com\/de\/wp-json\/wp\/v2\/product_cat?post=111894"},{"taxonomy":"product_tag","embeddable":true,"href":"https:\/\/dianasilver.com\/de\/wp-json\/wp\/v2\/product_tag?post=111894"}],"curies":[{"name":"wp","href":"https:\/\/api.w.org\/{rel}","templated":true}]}}