{"id":111880,"date":"2025-09-19T22:16:07","date_gmt":"2025-09-19T20:16:07","guid":{"rendered":"https:\/\/dianasilver.hu\/termek\/silberne-4-krallen-ohrstecker-mit-kubischem-zirkonia-stein\/"},"modified":"2026-03-10T00:21:36","modified_gmt":"2026-03-09T23:21:36","slug":"silberne-4-krallen-ohrstecker-mit-kubischem-zirkonia-stein","status":"publish","type":"product","link":"https:\/\/dianasilver.com\/de\/termek\/silberne-4-krallen-ohrstecker-mit-kubischem-zirkonia-stein\/","title":{"rendered":"Silberne 4-Krallen-Ohrstecker mit kubischem Zirkonia-Stein"},"content":{"rendered":"<h2 data-start=\"374\" data-end=\"415\"><strong data-start=\"374\" data-end=\"413\">Klare Eleganz in Form eines W\u00fcrfels<\/strong><\/h2>\n<p data-start=\"417\" data-end=\"715\">Dieser Ohrring ist der Inbegriff von schlichtem und doch anspruchsvollem Stil. Die Basis aus <strong data-start=\"488\" data-end=\"504\">925er Silber<\/strong> wird durch eine gl\u00e4nzende Rhodiumbeschichtung gesch\u00fctzt, die ihre Haltbarkeit und ihren Glanz bewahrt. Der <strong data-start=\"604\" data-end=\"637\">kubische wei\u00dfe Zirkoniastein<\/strong> in der Mitte bricht das Licht perfekt und l\u00e4sst ihn bei jeder Bewegung elegant schimmern.<\/p>\n<p data-start=\"717\" data-end=\"898\">Die <strong data-start=\"719\" data-end=\"740\">4-Krallen-Fassung<\/strong> ist eine klassische und sichere L\u00f6sung, die die reine Sch\u00f6nheit des Steins hervorhebt. Der <strong data-start=\"816\" data-end=\"837\">Nahtverschluss<\/strong> sorgt f\u00fcr einen stabilen Sitz, so dass Sie sie den ganzen Tag lang mit Zuversicht tragen k\u00f6nnen.<\/p>\n<ul data-start=\"900\" data-end=\"1107\">\n<li data-start=\"900\" data-end=\"942\">\n<p data-start=\"902\" data-end=\"942\">Material: AG 925 Silber, rhodiniert<\/p>\n<\/li>\n<li data-start=\"943\" data-end=\"982\">\n<p data-start=\"945\" data-end=\"982\">Stein: wei\u00dfer Zirkonia im Kubus-Schliff<\/p>\n<\/li>\n<li data-start=\"983\" data-end=\"1054\">\n<p data-start=\"985\" data-end=\"1054\">Buchung: 4-Kralle &#8211; die klassische L\u00f6sung f\u00fcr maximalen Glanz<\/p>\n<\/li>\n<li data-start=\"1055\" data-end=\"1107\">\n<p data-start=\"1057\" data-end=\"1107\">Verschluss: stekkeres &#8211; bequem und stabil zu tragen<\/p>\n<\/li>\n<\/ul>\n<p data-start=\"1109\" data-end=\"1229\">Diese Ohrringe sind perfekt f\u00fcr den Alltag und f\u00fcr Anl\u00e4sse, bei denen Sie einen klaren, modernen Stil m\u00f6gen. \ud83c\udf81\u2728<\/p>\n","protected":false},"excerpt":{"rendered":"<p>Der kubische wei\u00dfe Zirkoniastein gl\u00e4nzt in einer klassischen 4-Krallen-Fassung. Dank des Pin-Lock-Verschlusses l\u00e4sst er sich bequem und sicher im Alltag und bei zwanglosen Anl\u00e4ssen tragen. \ud83d\udc8e<\/p>\n","protected":false},"featured_media":109319,"template":"","meta":{"_acf_changed":false},"product_brand":[],"product_cat":[573],"product_tag":[527,650],"class_list":{"0":"post-111880","1":"product","2":"type-product","3":"status-publish","4":"has-post-thumbnail","6":"product_cat-silberne-ohrringe","7":"product_tag-silberschmuck-fur-damen","8":"product_tag-kinder-silberschmuck","9":"description-off","11":"first","12":"instock","13":"sale","14":"taxable","15":"shipping-taxable","16":"purchasable","17":"product-type-simple"},"acf":[],"yoast_head":"<!-- This site is optimized with the Yoast SEO plugin v27.3 - https:\/\/yoast.com\/product\/yoast-seo-wordpress\/ -->\n<title>Silberne 4-Krallen-Ohrstecker mit kubischem Zirkonia-Stein | Diana Silver<\/title>\n<meta name=\"description\" content=\"Fedezd fel a leny\u0171g\u00f6z\u0151 Silberne 4-Krallen-Ohrstecker mit kubischem Zirkonia-Stein \u00e9kszer\u00fcnket. T\u00f6k\u00e9letes kieg\u00e9sz\u00edt\u0151 mindennapi viselethez \u00e9s k\u00fcl\u00f6nleges alkalmakra egyar\u00e1nt. Rendeld meg most!\" \/>\n<meta name=\"robots\" content=\"index, follow, max-snippet:-1, max-image-preview:large, max-video-preview:-1\" \/>\n<link rel=\"canonical\" href=\"https:\/\/dianasilver.com\/de\/termek\/silberne-4-krallen-ohrstecker-mit-kubischem-zirkonia-stein\/\" \/>\n<meta property=\"og:locale\" content=\"de_DE\" \/>\n<meta property=\"og:type\" content=\"article\" \/>\n<meta property=\"og:title\" content=\"Silberne 4-Krallen-Ohrstecker mit kubischem Zirkonia-Stein | Diana Silver\" \/>\n<meta property=\"og:description\" content=\"Fedezd fel a leny\u0171g\u00f6z\u0151 Silberne 4-Krallen-Ohrstecker mit kubischem Zirkonia-Stein \u00e9kszer\u00fcnket. T\u00f6k\u00e9letes kieg\u00e9sz\u00edt\u0151 mindennapi viselethez \u00e9s k\u00fcl\u00f6nleges alkalmakra egyar\u00e1nt. Rendeld meg most!\" \/>\n<meta property=\"og:url\" content=\"https:\/\/dianasilver.com\/de\/termek\/silberne-4-krallen-ohrstecker-mit-kubischem-zirkonia-stein\/\" \/>\n<meta property=\"og:site_name\" content=\"Diana Silver\" \/>\n<meta property=\"article:publisher\" content=\"https:\/\/www.facebook.com\/profile.php?id=100027231325117\" \/>\n<meta property=\"article:modified_time\" content=\"2026-03-09T23:21:36+00:00\" \/>\n<meta property=\"og:image\" content=\"https:\/\/dianasilver.com\/wp-content\/uploads\/2025\/09\/Ezust-4-karmos-stekkeres-fulbevalo-kocka-cirkonia-kovel_2.jpg\" \/>\n\t<meta property=\"og:image:width\" content=\"1340\" \/>\n\t<meta property=\"og:image:height\" content=\"1785\" \/>\n\t<meta property=\"og:image:type\" content=\"image\/jpeg\" \/>\n<meta name=\"twitter:card\" content=\"summary_large_image\" \/>\n<meta name=\"twitter:label1\" content=\"Gesch\u00e4tzte Lesezeit\" \/>\n\t<meta name=\"twitter:data1\" content=\"1\u00a0Minute\" \/>\n<script type=\"application\/ld+json\" class=\"yoast-schema-graph\">{\"@context\":\"https:\\\/\\\/schema.org\",\"@graph\":[{\"@type\":\"WebPage\",\"@id\":\"https:\\\/\\\/dianasilver.com\\\/de\\\/termek\\\/silberne-4-krallen-ohrstecker-mit-kubischem-zirkonia-stein\\\/\",\"url\":\"https:\\\/\\\/dianasilver.com\\\/de\\\/termek\\\/silberne-4-krallen-ohrstecker-mit-kubischem-zirkonia-stein\\\/\",\"name\":\"Silberne 4-Krallen-Ohrstecker mit kubischem Zirkonia-Stein | Diana Silver\",\"isPartOf\":{\"@id\":\"https:\\\/\\\/dianasilver.com\\\/de\\\/#website\"},\"primaryImageOfPage\":{\"@id\":\"https:\\\/\\\/dianasilver.com\\\/de\\\/termek\\\/silberne-4-krallen-ohrstecker-mit-kubischem-zirkonia-stein\\\/#primaryimage\"},\"image\":{\"@id\":\"https:\\\/\\\/dianasilver.com\\\/de\\\/termek\\\/silberne-4-krallen-ohrstecker-mit-kubischem-zirkonia-stein\\\/#primaryimage\"},\"thumbnailUrl\":\"https:\\\/\\\/dianasilver.com\\\/wp-content\\\/uploads\\\/2025\\\/09\\\/Ezust-4-karmos-stekkeres-fulbevalo-kocka-cirkonia-kovel_2.jpg\",\"datePublished\":\"2025-09-19T20:16:07+00:00\",\"dateModified\":\"2026-03-09T23:21:36+00:00\",\"description\":\"Fedezd fel a leny\u0171g\u00f6z\u0151 Silberne 4-Krallen-Ohrstecker mit kubischem Zirkonia-Stein \u00e9kszer\u00fcnket. T\u00f6k\u00e9letes kieg\u00e9sz\u00edt\u0151 mindennapi viselethez \u00e9s k\u00fcl\u00f6nleges alkalmakra egyar\u00e1nt. Rendeld meg most!\",\"breadcrumb\":{\"@id\":\"https:\\\/\\\/dianasilver.com\\\/de\\\/termek\\\/silberne-4-krallen-ohrstecker-mit-kubischem-zirkonia-stein\\\/#breadcrumb\"},\"inLanguage\":\"de\",\"potentialAction\":[{\"@type\":\"ReadAction\",\"target\":[\"https:\\\/\\\/dianasilver.com\\\/de\\\/termek\\\/silberne-4-krallen-ohrstecker-mit-kubischem-zirkonia-stein\\\/\"]}]},{\"@type\":\"ImageObject\",\"inLanguage\":\"de\",\"@id\":\"https:\\\/\\\/dianasilver.com\\\/de\\\/termek\\\/silberne-4-krallen-ohrstecker-mit-kubischem-zirkonia-stein\\\/#primaryimage\",\"url\":\"https:\\\/\\\/dianasilver.com\\\/wp-content\\\/uploads\\\/2025\\\/09\\\/Ezust-4-karmos-stekkeres-fulbevalo-kocka-cirkonia-kovel_2.jpg\",\"contentUrl\":\"https:\\\/\\\/dianasilver.com\\\/wp-content\\\/uploads\\\/2025\\\/09\\\/Ezust-4-karmos-stekkeres-fulbevalo-kocka-cirkonia-kovel_2.jpg\",\"width\":1340,\"height\":1785},{\"@type\":\"BreadcrumbList\",\"@id\":\"https:\\\/\\\/dianasilver.com\\\/de\\\/termek\\\/silberne-4-krallen-ohrstecker-mit-kubischem-zirkonia-stein\\\/#breadcrumb\",\"itemListElement\":[{\"@type\":\"ListItem\",\"position\":1,\"name\":\"Kezd\u0151lap\",\"item\":\"https:\\\/\\\/dianasilver.com\\\/de\\\/diana-silver-silberschmuck-webshop\\\/\"},{\"@type\":\"ListItem\",\"position\":2,\"name\":\"Shop\",\"item\":\"https:\\\/\\\/dianasilver.com\\\/de\\\/shop\\\/\"},{\"@type\":\"ListItem\",\"position\":3,\"name\":\"Silberne 4-Krallen-Ohrstecker mit kubischem Zirkonia-Stein\"}]},{\"@type\":\"WebSite\",\"@id\":\"https:\\\/\\\/dianasilver.com\\\/de\\\/#website\",\"url\":\"https:\\\/\\\/dianasilver.com\\\/de\\\/\",\"name\":\"Diana Silver\",\"description\":\"Tedd t\u00f6k\u00e9letesebb\u00e9 mindennapjaid a Diana Silver \u00e9kszereivel.\",\"publisher\":{\"@id\":\"https:\\\/\\\/dianasilver.com\\\/de\\\/#organization\"},\"alternateName\":\"Ez\u00fcst \u00c9kszer Web\u00e1ruh\u00e1z\",\"potentialAction\":[{\"@type\":\"SearchAction\",\"target\":{\"@type\":\"EntryPoint\",\"urlTemplate\":\"https:\\\/\\\/dianasilver.com\\\/de\\\/?s={search_term_string}\"},\"query-input\":{\"@type\":\"PropertyValueSpecification\",\"valueRequired\":true,\"valueName\":\"search_term_string\"}}],\"inLanguage\":\"de\"},{\"@type\":\"Organization\",\"@id\":\"https:\\\/\\\/dianasilver.com\\\/de\\\/#organization\",\"name\":\"Diana Silver\",\"url\":\"https:\\\/\\\/dianasilver.com\\\/de\\\/\",\"logo\":{\"@type\":\"ImageObject\",\"inLanguage\":\"de\",\"@id\":\"https:\\\/\\\/dianasilver.com\\\/de\\\/#\\\/schema\\\/logo\\\/image\\\/\",\"url\":\"https:\\\/\\\/dianasilver.com\\\/wp-content\\\/uploads\\\/2022\\\/08\\\/ezust-feher-1-koves-buttonos-stekkeres-fulbevalo-42.webp\",\"contentUrl\":\"https:\\\/\\\/dianasilver.com\\\/wp-content\\\/uploads\\\/2022\\\/08\\\/ezust-feher-1-koves-buttonos-stekkeres-fulbevalo-42.webp\",\"width\":300,\"height\":154,\"caption\":\"Diana Silver\"},\"image\":{\"@id\":\"https:\\\/\\\/dianasilver.com\\\/de\\\/#\\\/schema\\\/logo\\\/image\\\/\"},\"sameAs\":[\"https:\\\/\\\/www.facebook.com\\\/profile.php?id=100027231325117\"]}]}<\/script>\n<!-- \/ Yoast SEO plugin. -->","yoast_head_json":{"title":"Silberne 4-Krallen-Ohrstecker mit kubischem Zirkonia-Stein | Diana Silver","description":"Fedezd fel a leny\u0171g\u00f6z\u0151 Silberne 4-Krallen-Ohrstecker mit kubischem Zirkonia-Stein \u00e9kszer\u00fcnket. T\u00f6k\u00e9letes kieg\u00e9sz\u00edt\u0151 mindennapi viselethez \u00e9s k\u00fcl\u00f6nleges alkalmakra egyar\u00e1nt. Rendeld meg most!","robots":{"index":"index","follow":"follow","max-snippet":"max-snippet:-1","max-image-preview":"max-image-preview:large","max-video-preview":"max-video-preview:-1"},"canonical":"https:\/\/dianasilver.com\/de\/termek\/silberne-4-krallen-ohrstecker-mit-kubischem-zirkonia-stein\/","og_locale":"de_DE","og_type":"article","og_title":"Silberne 4-Krallen-Ohrstecker mit kubischem Zirkonia-Stein | Diana Silver","og_description":"Fedezd fel a leny\u0171g\u00f6z\u0151 Silberne 4-Krallen-Ohrstecker mit kubischem Zirkonia-Stein \u00e9kszer\u00fcnket. T\u00f6k\u00e9letes kieg\u00e9sz\u00edt\u0151 mindennapi viselethez \u00e9s k\u00fcl\u00f6nleges alkalmakra egyar\u00e1nt. Rendeld meg most!","og_url":"https:\/\/dianasilver.com\/de\/termek\/silberne-4-krallen-ohrstecker-mit-kubischem-zirkonia-stein\/","og_site_name":"Diana Silver","article_publisher":"https:\/\/www.facebook.com\/profile.php?id=100027231325117","article_modified_time":"2026-03-09T23:21:36+00:00","og_image":[{"width":1340,"height":1785,"url":"https:\/\/dianasilver.com\/wp-content\/uploads\/2025\/09\/Ezust-4-karmos-stekkeres-fulbevalo-kocka-cirkonia-kovel_2.jpg","type":"image\/jpeg"}],"twitter_card":"summary_large_image","twitter_misc":{"Gesch\u00e4tzte Lesezeit":"1\u00a0Minute"},"schema":{"@context":"https:\/\/schema.org","@graph":[{"@type":"WebPage","@id":"https:\/\/dianasilver.com\/de\/termek\/silberne-4-krallen-ohrstecker-mit-kubischem-zirkonia-stein\/","url":"https:\/\/dianasilver.com\/de\/termek\/silberne-4-krallen-ohrstecker-mit-kubischem-zirkonia-stein\/","name":"Silberne 4-Krallen-Ohrstecker mit kubischem Zirkonia-Stein | Diana Silver","isPartOf":{"@id":"https:\/\/dianasilver.com\/de\/#website"},"primaryImageOfPage":{"@id":"https:\/\/dianasilver.com\/de\/termek\/silberne-4-krallen-ohrstecker-mit-kubischem-zirkonia-stein\/#primaryimage"},"image":{"@id":"https:\/\/dianasilver.com\/de\/termek\/silberne-4-krallen-ohrstecker-mit-kubischem-zirkonia-stein\/#primaryimage"},"thumbnailUrl":"https:\/\/dianasilver.com\/wp-content\/uploads\/2025\/09\/Ezust-4-karmos-stekkeres-fulbevalo-kocka-cirkonia-kovel_2.jpg","datePublished":"2025-09-19T20:16:07+00:00","dateModified":"2026-03-09T23:21:36+00:00","description":"Fedezd fel a leny\u0171g\u00f6z\u0151 Silberne 4-Krallen-Ohrstecker mit kubischem Zirkonia-Stein \u00e9kszer\u00fcnket. T\u00f6k\u00e9letes kieg\u00e9sz\u00edt\u0151 mindennapi viselethez \u00e9s k\u00fcl\u00f6nleges alkalmakra egyar\u00e1nt. Rendeld meg most!","breadcrumb":{"@id":"https:\/\/dianasilver.com\/de\/termek\/silberne-4-krallen-ohrstecker-mit-kubischem-zirkonia-stein\/#breadcrumb"},"inLanguage":"de","potentialAction":[{"@type":"ReadAction","target":["https:\/\/dianasilver.com\/de\/termek\/silberne-4-krallen-ohrstecker-mit-kubischem-zirkonia-stein\/"]}]},{"@type":"ImageObject","inLanguage":"de","@id":"https:\/\/dianasilver.com\/de\/termek\/silberne-4-krallen-ohrstecker-mit-kubischem-zirkonia-stein\/#primaryimage","url":"https:\/\/dianasilver.com\/wp-content\/uploads\/2025\/09\/Ezust-4-karmos-stekkeres-fulbevalo-kocka-cirkonia-kovel_2.jpg","contentUrl":"https:\/\/dianasilver.com\/wp-content\/uploads\/2025\/09\/Ezust-4-karmos-stekkeres-fulbevalo-kocka-cirkonia-kovel_2.jpg","width":1340,"height":1785},{"@type":"BreadcrumbList","@id":"https:\/\/dianasilver.com\/de\/termek\/silberne-4-krallen-ohrstecker-mit-kubischem-zirkonia-stein\/#breadcrumb","itemListElement":[{"@type":"ListItem","position":1,"name":"Kezd\u0151lap","item":"https:\/\/dianasilver.com\/de\/diana-silver-silberschmuck-webshop\/"},{"@type":"ListItem","position":2,"name":"Shop","item":"https:\/\/dianasilver.com\/de\/shop\/"},{"@type":"ListItem","position":3,"name":"Silberne 4-Krallen-Ohrstecker mit kubischem Zirkonia-Stein"}]},{"@type":"WebSite","@id":"https:\/\/dianasilver.com\/de\/#website","url":"https:\/\/dianasilver.com\/de\/","name":"Diana Silver","description":"Tedd t\u00f6k\u00e9letesebb\u00e9 mindennapjaid a Diana Silver \u00e9kszereivel.","publisher":{"@id":"https:\/\/dianasilver.com\/de\/#organization"},"alternateName":"Ez\u00fcst \u00c9kszer Web\u00e1ruh\u00e1z","potentialAction":[{"@type":"SearchAction","target":{"@type":"EntryPoint","urlTemplate":"https:\/\/dianasilver.com\/de\/?s={search_term_string}"},"query-input":{"@type":"PropertyValueSpecification","valueRequired":true,"valueName":"search_term_string"}}],"inLanguage":"de"},{"@type":"Organization","@id":"https:\/\/dianasilver.com\/de\/#organization","name":"Diana Silver","url":"https:\/\/dianasilver.com\/de\/","logo":{"@type":"ImageObject","inLanguage":"de","@id":"https:\/\/dianasilver.com\/de\/#\/schema\/logo\/image\/","url":"https:\/\/dianasilver.com\/wp-content\/uploads\/2022\/08\/ezust-feher-1-koves-buttonos-stekkeres-fulbevalo-42.webp","contentUrl":"https:\/\/dianasilver.com\/wp-content\/uploads\/2022\/08\/ezust-feher-1-koves-buttonos-stekkeres-fulbevalo-42.webp","width":300,"height":154,"caption":"Diana Silver"},"image":{"@id":"https:\/\/dianasilver.com\/de\/#\/schema\/logo\/image\/"},"sameAs":["https:\/\/www.facebook.com\/profile.php?id=100027231325117"]}]}},"_links":{"self":[{"href":"https:\/\/dianasilver.com\/de\/wp-json\/wp\/v2\/product\/111880","targetHints":{"allow":["GET"]}}],"collection":[{"href":"https:\/\/dianasilver.com\/de\/wp-json\/wp\/v2\/product"}],"about":[{"href":"https:\/\/dianasilver.com\/de\/wp-json\/wp\/v2\/types\/product"}],"version-history":[{"count":0,"href":"https:\/\/dianasilver.com\/de\/wp-json\/wp\/v2\/product\/111880\/revisions"}],"wp:featuredmedia":[{"embeddable":true,"href":"https:\/\/dianasilver.com\/de\/wp-json\/wp\/v2\/media\/109319"}],"wp:attachment":[{"href":"https:\/\/dianasilver.com\/de\/wp-json\/wp\/v2\/media?parent=111880"}],"wp:term":[{"taxonomy":"product_brand","embeddable":true,"href":"https:\/\/dianasilver.com\/de\/wp-json\/wp\/v2\/product_brand?post=111880"},{"taxonomy":"product_cat","embeddable":true,"href":"https:\/\/dianasilver.com\/de\/wp-json\/wp\/v2\/product_cat?post=111880"},{"taxonomy":"product_tag","embeddable":true,"href":"https:\/\/dianasilver.com\/de\/wp-json\/wp\/v2\/product_tag?post=111880"}],"curies":[{"name":"wp","href":"https:\/\/api.w.org\/{rel}","templated":true}]}}