{"id":111865,"date":"2025-10-26T18:31:32","date_gmt":"2025-10-26T17:31:32","guid":{"rendered":"https:\/\/dianasilver.hu\/termek\/weisse-zirkonia-ohrringe-aus-sterlingsilber-mit-rhodiumbeschichtung-klassischer-solitaer-stil\/"},"modified":"2026-03-10T00:21:35","modified_gmt":"2026-03-09T23:21:35","slug":"weisse-zirkonia-ohrringe-aus-sterlingsilber-mit-rhodiumbeschichtung-klassischer-solitaer-stil","status":"publish","type":"product","link":"https:\/\/dianasilver.com\/de\/termek\/weisse-zirkonia-ohrringe-aus-sterlingsilber-mit-rhodiumbeschichtung-klassischer-solitaer-stil\/","title":{"rendered":"Wei\u00dfe Zirkonia Ohrringe aus Sterlingsilber mit Rhodiumbeschichtung &#8211; klassischer Solit\u00e4r-Stil"},"content":{"rendered":"<h2 data-start=\"266\" data-end=\"364\"><strong data-start=\"266\" data-end=\"362\">Wei\u00dfe Solit\u00e4r-Ohrringe mit Zirkonia aus Silber &#8211; das unaufdringliche Funkeln, das immer beeindruckt<\/strong><\/h2>\n<ul data-start=\"366\" data-end=\"941\">\n<li data-start=\"366\" data-end=\"524\">\n<p data-start=\"368\" data-end=\"524\">Hergestellt aus hochwertigem <strong data-start=\"384\" data-end=\"403\">AG 925 Silber<\/strong> <strong data-start=\"413\" data-end=\"434\">mit einer Rhodiumbeschichtung<\/strong>, die den Glanz der Ohrringe bewahrt und sie vor Verf\u00e4rbungen sch\u00fctzt.<\/p>\n<\/li>\n<li data-start=\"525\" data-end=\"642\">\n<p data-start=\"527\" data-end=\"642\">Ein <strong data-start=\"539\" data-end=\"597\">wei\u00dfer Zirkonia im Brillantschliff mit einem Durchmesser von 0,6 cm<\/strong> gl\u00e4nzt in der Mitte in einer klassischen Vier-Krallen-Fassung.<\/p>\n<\/li>\n<li data-start=\"643\" data-end=\"726\">\n<p data-start=\"645\" data-end=\"726\"><strong data-start=\"645\" data-end=\"666\">Der Verschluss<\/strong> sorgt f\u00fcr sicheren und bequemen Tragekomfort &#8211; auch den ganzen Tag lang.<\/p>\n<\/li>\n<li data-start=\"727\" data-end=\"853\">\n<p data-start=\"729\" data-end=\"853\">Schlicht und doch raffiniert in jedem Detail, passt es perfekt zu eleganter Kleidung und Freizeitkleidung.<\/p>\n<\/li>\n<li data-start=\"854\" data-end=\"941\">\n<p data-start=\"856\" data-end=\"941\">Ideal als Geschenk, Verlobungsgeschenk oder f\u00fcr den allt\u00e4glichen Glamour.<\/p>\n<\/li>\n<\/ul>\n<p data-start=\"943\" data-end=\"1049\" data-is-last-node=\"\" data-is-only-node=\"\">Klassischer Stil verliert nie seinen Glanz &#8211; lassen Sie sich von diesen Ohrringen zum Strahlen bringen. \u2728\ud83d\udc96<\/p>\n","protected":false},"excerpt":{"rendered":"<p>Diese <strong data-start=\"154\" data-end=\"194\">wei\u00dfen Zirkonia-Ohrringe aus Silber<\/strong> sind schlicht, elegant und passen zu jedem Anlass. Sie sind das St\u00fcck, das nie aus der Mode kommt. \ud83d\udc8e\u2728<\/p>\n","protected":false},"featured_media":110580,"template":"","meta":{"_acf_changed":false},"product_brand":[],"product_cat":[573],"product_tag":[527,650],"class_list":{"0":"post-111865","1":"product","2":"type-product","3":"status-publish","4":"has-post-thumbnail","6":"product_cat-silberne-ohrringe","7":"product_tag-silberschmuck-fur-damen","8":"product_tag-kinder-silberschmuck","9":"description-off","11":"first","12":"instock","13":"sale","14":"taxable","15":"shipping-taxable","16":"purchasable","17":"product-type-simple"},"acf":[],"yoast_head":"<!-- This site is optimized with the Yoast SEO plugin v27.4 - https:\/\/yoast.com\/product\/yoast-seo-wordpress\/ -->\n<title>Wei\u00dfe Zirkonia Ohrringe aus Sterlingsilber mit Rhodiumbeschichtung - klassischer Solit\u00e4r-Stil | Diana Silver<\/title>\n<meta name=\"description\" content=\"Fedezd fel a leny\u0171g\u00f6z\u0151 Wei\u00dfe Zirkonia Ohrringe aus Sterlingsilber mit Rhodiumbeschichtung - klassischer Solit\u00e4r-Stil \u00e9kszer\u00fcnket. T\u00f6k\u00e9letes kieg\u00e9sz\u00edt\u0151 mindennapi viselethez \u00e9s k\u00fcl\u00f6nleges alkalmakra egyar\u00e1nt. Rendeld meg most!\" \/>\n<meta name=\"robots\" content=\"index, follow, max-snippet:-1, max-image-preview:large, max-video-preview:-1\" \/>\n<link rel=\"canonical\" href=\"https:\/\/dianasilver.com\/de\/termek\/weisse-zirkonia-ohrringe-aus-sterlingsilber-mit-rhodiumbeschichtung-klassischer-solitaer-stil\/\" \/>\n<meta property=\"og:locale\" content=\"de_DE\" \/>\n<meta property=\"og:type\" content=\"article\" \/>\n<meta property=\"og:title\" content=\"Wei\u00dfe Zirkonia Ohrringe aus Sterlingsilber mit Rhodiumbeschichtung - klassischer Solit\u00e4r-Stil | Diana Silver\" \/>\n<meta property=\"og:description\" content=\"Fedezd fel a leny\u0171g\u00f6z\u0151 Wei\u00dfe Zirkonia Ohrringe aus Sterlingsilber mit Rhodiumbeschichtung - klassischer Solit\u00e4r-Stil \u00e9kszer\u00fcnket. T\u00f6k\u00e9letes kieg\u00e9sz\u00edt\u0151 mindennapi viselethez \u00e9s k\u00fcl\u00f6nleges alkalmakra egyar\u00e1nt. Rendeld meg most!\" \/>\n<meta property=\"og:url\" content=\"https:\/\/dianasilver.com\/de\/termek\/weisse-zirkonia-ohrringe-aus-sterlingsilber-mit-rhodiumbeschichtung-klassischer-solitaer-stil\/\" \/>\n<meta property=\"og:site_name\" content=\"Diana Silver\" \/>\n<meta property=\"article:publisher\" content=\"https:\/\/www.facebook.com\/profile.php?id=100027231325117\" \/>\n<meta property=\"article:modified_time\" content=\"2026-03-09T23:21:35+00:00\" \/>\n<meta property=\"og:image\" content=\"https:\/\/dianasilver.com\/wp-content\/uploads\/2025\/10\/Feher-cirkonia-koves-szoliter-ezust-fulbevalo_2.jpg\" \/>\n\t<meta property=\"og:image:width\" content=\"1350\" \/>\n\t<meta property=\"og:image:height\" content=\"1800\" \/>\n\t<meta property=\"og:image:type\" content=\"image\/jpeg\" \/>\n<meta name=\"twitter:card\" content=\"summary_large_image\" \/>\n<meta name=\"twitter:label1\" content=\"Gesch\u00e4tzte Lesezeit\" \/>\n\t<meta name=\"twitter:data1\" content=\"1\u00a0Minute\" \/>\n<script type=\"application\/ld+json\" class=\"yoast-schema-graph\">{\"@context\":\"https:\\\/\\\/schema.org\",\"@graph\":[{\"@type\":\"WebPage\",\"@id\":\"https:\\\/\\\/dianasilver.com\\\/de\\\/termek\\\/weisse-zirkonia-ohrringe-aus-sterlingsilber-mit-rhodiumbeschichtung-klassischer-solitaer-stil\\\/\",\"url\":\"https:\\\/\\\/dianasilver.com\\\/de\\\/termek\\\/weisse-zirkonia-ohrringe-aus-sterlingsilber-mit-rhodiumbeschichtung-klassischer-solitaer-stil\\\/\",\"name\":\"Wei\u00dfe Zirkonia Ohrringe aus Sterlingsilber mit Rhodiumbeschichtung - klassischer Solit\u00e4r-Stil | Diana Silver\",\"isPartOf\":{\"@id\":\"https:\\\/\\\/dianasilver.com\\\/de\\\/#website\"},\"primaryImageOfPage\":{\"@id\":\"https:\\\/\\\/dianasilver.com\\\/de\\\/termek\\\/weisse-zirkonia-ohrringe-aus-sterlingsilber-mit-rhodiumbeschichtung-klassischer-solitaer-stil\\\/#primaryimage\"},\"image\":{\"@id\":\"https:\\\/\\\/dianasilver.com\\\/de\\\/termek\\\/weisse-zirkonia-ohrringe-aus-sterlingsilber-mit-rhodiumbeschichtung-klassischer-solitaer-stil\\\/#primaryimage\"},\"thumbnailUrl\":\"https:\\\/\\\/dianasilver.com\\\/wp-content\\\/uploads\\\/2025\\\/10\\\/Feher-cirkonia-koves-szoliter-ezust-fulbevalo_2.jpg\",\"datePublished\":\"2025-10-26T17:31:32+00:00\",\"dateModified\":\"2026-03-09T23:21:35+00:00\",\"description\":\"Fedezd fel a leny\u0171g\u00f6z\u0151 Wei\u00dfe Zirkonia Ohrringe aus Sterlingsilber mit Rhodiumbeschichtung - klassischer Solit\u00e4r-Stil \u00e9kszer\u00fcnket. T\u00f6k\u00e9letes kieg\u00e9sz\u00edt\u0151 mindennapi viselethez \u00e9s k\u00fcl\u00f6nleges alkalmakra egyar\u00e1nt. Rendeld meg most!\",\"breadcrumb\":{\"@id\":\"https:\\\/\\\/dianasilver.com\\\/de\\\/termek\\\/weisse-zirkonia-ohrringe-aus-sterlingsilber-mit-rhodiumbeschichtung-klassischer-solitaer-stil\\\/#breadcrumb\"},\"inLanguage\":\"de\",\"potentialAction\":[{\"@type\":\"ReadAction\",\"target\":[\"https:\\\/\\\/dianasilver.com\\\/de\\\/termek\\\/weisse-zirkonia-ohrringe-aus-sterlingsilber-mit-rhodiumbeschichtung-klassischer-solitaer-stil\\\/\"]}]},{\"@type\":\"ImageObject\",\"inLanguage\":\"de\",\"@id\":\"https:\\\/\\\/dianasilver.com\\\/de\\\/termek\\\/weisse-zirkonia-ohrringe-aus-sterlingsilber-mit-rhodiumbeschichtung-klassischer-solitaer-stil\\\/#primaryimage\",\"url\":\"https:\\\/\\\/dianasilver.com\\\/wp-content\\\/uploads\\\/2025\\\/10\\\/Feher-cirkonia-koves-szoliter-ezust-fulbevalo_2.jpg\",\"contentUrl\":\"https:\\\/\\\/dianasilver.com\\\/wp-content\\\/uploads\\\/2025\\\/10\\\/Feher-cirkonia-koves-szoliter-ezust-fulbevalo_2.jpg\",\"width\":1350,\"height\":1800},{\"@type\":\"BreadcrumbList\",\"@id\":\"https:\\\/\\\/dianasilver.com\\\/de\\\/termek\\\/weisse-zirkonia-ohrringe-aus-sterlingsilber-mit-rhodiumbeschichtung-klassischer-solitaer-stil\\\/#breadcrumb\",\"itemListElement\":[{\"@type\":\"ListItem\",\"position\":1,\"name\":\"Kezd\u0151lap\",\"item\":\"https:\\\/\\\/dianasilver.com\\\/de\\\/diana-silver-silberschmuck-webshop\\\/\"},{\"@type\":\"ListItem\",\"position\":2,\"name\":\"Shop\",\"item\":\"https:\\\/\\\/dianasilver.com\\\/de\\\/shop\\\/\"},{\"@type\":\"ListItem\",\"position\":3,\"name\":\"Wei\u00dfe Zirkonia Ohrringe aus Sterlingsilber mit Rhodiumbeschichtung &#8211; klassischer Solit\u00e4r-Stil\"}]},{\"@type\":\"WebSite\",\"@id\":\"https:\\\/\\\/dianasilver.com\\\/de\\\/#website\",\"url\":\"https:\\\/\\\/dianasilver.com\\\/de\\\/\",\"name\":\"Diana Silver\",\"description\":\"Tedd t\u00f6k\u00e9letesebb\u00e9 mindennapjaid a Diana Silver \u00e9kszereivel.\",\"publisher\":{\"@id\":\"https:\\\/\\\/dianasilver.com\\\/de\\\/#organization\"},\"alternateName\":\"Ez\u00fcst \u00c9kszer Web\u00e1ruh\u00e1z\",\"potentialAction\":[{\"@type\":\"SearchAction\",\"target\":{\"@type\":\"EntryPoint\",\"urlTemplate\":\"https:\\\/\\\/dianasilver.com\\\/de\\\/?s={search_term_string}\"},\"query-input\":{\"@type\":\"PropertyValueSpecification\",\"valueRequired\":true,\"valueName\":\"search_term_string\"}}],\"inLanguage\":\"de\"},{\"@type\":\"Organization\",\"@id\":\"https:\\\/\\\/dianasilver.com\\\/de\\\/#organization\",\"name\":\"Diana Silver\",\"url\":\"https:\\\/\\\/dianasilver.com\\\/de\\\/\",\"logo\":{\"@type\":\"ImageObject\",\"inLanguage\":\"de\",\"@id\":\"https:\\\/\\\/dianasilver.com\\\/de\\\/#\\\/schema\\\/logo\\\/image\\\/\",\"url\":\"https:\\\/\\\/dianasilver.com\\\/wp-content\\\/uploads\\\/2022\\\/08\\\/ezust-feher-1-koves-buttonos-stekkeres-fulbevalo-42.webp\",\"contentUrl\":\"https:\\\/\\\/dianasilver.com\\\/wp-content\\\/uploads\\\/2022\\\/08\\\/ezust-feher-1-koves-buttonos-stekkeres-fulbevalo-42.webp\",\"width\":300,\"height\":154,\"caption\":\"Diana Silver\"},\"image\":{\"@id\":\"https:\\\/\\\/dianasilver.com\\\/de\\\/#\\\/schema\\\/logo\\\/image\\\/\"},\"sameAs\":[\"https:\\\/\\\/www.facebook.com\\\/profile.php?id=100027231325117\"]}]}<\/script>\n<!-- \/ Yoast SEO plugin. -->","yoast_head_json":{"title":"Wei\u00dfe Zirkonia Ohrringe aus Sterlingsilber mit Rhodiumbeschichtung - klassischer Solit\u00e4r-Stil | Diana Silver","description":"Fedezd fel a leny\u0171g\u00f6z\u0151 Wei\u00dfe Zirkonia Ohrringe aus Sterlingsilber mit Rhodiumbeschichtung - klassischer Solit\u00e4r-Stil \u00e9kszer\u00fcnket. T\u00f6k\u00e9letes kieg\u00e9sz\u00edt\u0151 mindennapi viselethez \u00e9s k\u00fcl\u00f6nleges alkalmakra egyar\u00e1nt. Rendeld meg most!","robots":{"index":"index","follow":"follow","max-snippet":"max-snippet:-1","max-image-preview":"max-image-preview:large","max-video-preview":"max-video-preview:-1"},"canonical":"https:\/\/dianasilver.com\/de\/termek\/weisse-zirkonia-ohrringe-aus-sterlingsilber-mit-rhodiumbeschichtung-klassischer-solitaer-stil\/","og_locale":"de_DE","og_type":"article","og_title":"Wei\u00dfe Zirkonia Ohrringe aus Sterlingsilber mit Rhodiumbeschichtung - klassischer Solit\u00e4r-Stil | Diana Silver","og_description":"Fedezd fel a leny\u0171g\u00f6z\u0151 Wei\u00dfe Zirkonia Ohrringe aus Sterlingsilber mit Rhodiumbeschichtung - klassischer Solit\u00e4r-Stil \u00e9kszer\u00fcnket. T\u00f6k\u00e9letes kieg\u00e9sz\u00edt\u0151 mindennapi viselethez \u00e9s k\u00fcl\u00f6nleges alkalmakra egyar\u00e1nt. Rendeld meg most!","og_url":"https:\/\/dianasilver.com\/de\/termek\/weisse-zirkonia-ohrringe-aus-sterlingsilber-mit-rhodiumbeschichtung-klassischer-solitaer-stil\/","og_site_name":"Diana Silver","article_publisher":"https:\/\/www.facebook.com\/profile.php?id=100027231325117","article_modified_time":"2026-03-09T23:21:35+00:00","og_image":[{"width":1350,"height":1800,"url":"https:\/\/dianasilver.com\/wp-content\/uploads\/2025\/10\/Feher-cirkonia-koves-szoliter-ezust-fulbevalo_2.jpg","type":"image\/jpeg"}],"twitter_card":"summary_large_image","twitter_misc":{"Gesch\u00e4tzte Lesezeit":"1\u00a0Minute"},"schema":{"@context":"https:\/\/schema.org","@graph":[{"@type":"WebPage","@id":"https:\/\/dianasilver.com\/de\/termek\/weisse-zirkonia-ohrringe-aus-sterlingsilber-mit-rhodiumbeschichtung-klassischer-solitaer-stil\/","url":"https:\/\/dianasilver.com\/de\/termek\/weisse-zirkonia-ohrringe-aus-sterlingsilber-mit-rhodiumbeschichtung-klassischer-solitaer-stil\/","name":"Wei\u00dfe Zirkonia Ohrringe aus Sterlingsilber mit Rhodiumbeschichtung - klassischer Solit\u00e4r-Stil | Diana Silver","isPartOf":{"@id":"https:\/\/dianasilver.com\/de\/#website"},"primaryImageOfPage":{"@id":"https:\/\/dianasilver.com\/de\/termek\/weisse-zirkonia-ohrringe-aus-sterlingsilber-mit-rhodiumbeschichtung-klassischer-solitaer-stil\/#primaryimage"},"image":{"@id":"https:\/\/dianasilver.com\/de\/termek\/weisse-zirkonia-ohrringe-aus-sterlingsilber-mit-rhodiumbeschichtung-klassischer-solitaer-stil\/#primaryimage"},"thumbnailUrl":"https:\/\/dianasilver.com\/wp-content\/uploads\/2025\/10\/Feher-cirkonia-koves-szoliter-ezust-fulbevalo_2.jpg","datePublished":"2025-10-26T17:31:32+00:00","dateModified":"2026-03-09T23:21:35+00:00","description":"Fedezd fel a leny\u0171g\u00f6z\u0151 Wei\u00dfe Zirkonia Ohrringe aus Sterlingsilber mit Rhodiumbeschichtung - klassischer Solit\u00e4r-Stil \u00e9kszer\u00fcnket. T\u00f6k\u00e9letes kieg\u00e9sz\u00edt\u0151 mindennapi viselethez \u00e9s k\u00fcl\u00f6nleges alkalmakra egyar\u00e1nt. Rendeld meg most!","breadcrumb":{"@id":"https:\/\/dianasilver.com\/de\/termek\/weisse-zirkonia-ohrringe-aus-sterlingsilber-mit-rhodiumbeschichtung-klassischer-solitaer-stil\/#breadcrumb"},"inLanguage":"de","potentialAction":[{"@type":"ReadAction","target":["https:\/\/dianasilver.com\/de\/termek\/weisse-zirkonia-ohrringe-aus-sterlingsilber-mit-rhodiumbeschichtung-klassischer-solitaer-stil\/"]}]},{"@type":"ImageObject","inLanguage":"de","@id":"https:\/\/dianasilver.com\/de\/termek\/weisse-zirkonia-ohrringe-aus-sterlingsilber-mit-rhodiumbeschichtung-klassischer-solitaer-stil\/#primaryimage","url":"https:\/\/dianasilver.com\/wp-content\/uploads\/2025\/10\/Feher-cirkonia-koves-szoliter-ezust-fulbevalo_2.jpg","contentUrl":"https:\/\/dianasilver.com\/wp-content\/uploads\/2025\/10\/Feher-cirkonia-koves-szoliter-ezust-fulbevalo_2.jpg","width":1350,"height":1800},{"@type":"BreadcrumbList","@id":"https:\/\/dianasilver.com\/de\/termek\/weisse-zirkonia-ohrringe-aus-sterlingsilber-mit-rhodiumbeschichtung-klassischer-solitaer-stil\/#breadcrumb","itemListElement":[{"@type":"ListItem","position":1,"name":"Kezd\u0151lap","item":"https:\/\/dianasilver.com\/de\/diana-silver-silberschmuck-webshop\/"},{"@type":"ListItem","position":2,"name":"Shop","item":"https:\/\/dianasilver.com\/de\/shop\/"},{"@type":"ListItem","position":3,"name":"Wei\u00dfe Zirkonia Ohrringe aus Sterlingsilber mit Rhodiumbeschichtung &#8211; klassischer Solit\u00e4r-Stil"}]},{"@type":"WebSite","@id":"https:\/\/dianasilver.com\/de\/#website","url":"https:\/\/dianasilver.com\/de\/","name":"Diana Silver","description":"Tedd t\u00f6k\u00e9letesebb\u00e9 mindennapjaid a Diana Silver \u00e9kszereivel.","publisher":{"@id":"https:\/\/dianasilver.com\/de\/#organization"},"alternateName":"Ez\u00fcst \u00c9kszer Web\u00e1ruh\u00e1z","potentialAction":[{"@type":"SearchAction","target":{"@type":"EntryPoint","urlTemplate":"https:\/\/dianasilver.com\/de\/?s={search_term_string}"},"query-input":{"@type":"PropertyValueSpecification","valueRequired":true,"valueName":"search_term_string"}}],"inLanguage":"de"},{"@type":"Organization","@id":"https:\/\/dianasilver.com\/de\/#organization","name":"Diana Silver","url":"https:\/\/dianasilver.com\/de\/","logo":{"@type":"ImageObject","inLanguage":"de","@id":"https:\/\/dianasilver.com\/de\/#\/schema\/logo\/image\/","url":"https:\/\/dianasilver.com\/wp-content\/uploads\/2022\/08\/ezust-feher-1-koves-buttonos-stekkeres-fulbevalo-42.webp","contentUrl":"https:\/\/dianasilver.com\/wp-content\/uploads\/2022\/08\/ezust-feher-1-koves-buttonos-stekkeres-fulbevalo-42.webp","width":300,"height":154,"caption":"Diana Silver"},"image":{"@id":"https:\/\/dianasilver.com\/de\/#\/schema\/logo\/image\/"},"sameAs":["https:\/\/www.facebook.com\/profile.php?id=100027231325117"]}]}},"_links":{"self":[{"href":"https:\/\/dianasilver.com\/de\/wp-json\/wp\/v2\/product\/111865","targetHints":{"allow":["GET"]}}],"collection":[{"href":"https:\/\/dianasilver.com\/de\/wp-json\/wp\/v2\/product"}],"about":[{"href":"https:\/\/dianasilver.com\/de\/wp-json\/wp\/v2\/types\/product"}],"version-history":[{"count":0,"href":"https:\/\/dianasilver.com\/de\/wp-json\/wp\/v2\/product\/111865\/revisions"}],"wp:featuredmedia":[{"embeddable":true,"href":"https:\/\/dianasilver.com\/de\/wp-json\/wp\/v2\/media\/110580"}],"wp:attachment":[{"href":"https:\/\/dianasilver.com\/de\/wp-json\/wp\/v2\/media?parent=111865"}],"wp:term":[{"taxonomy":"product_brand","embeddable":true,"href":"https:\/\/dianasilver.com\/de\/wp-json\/wp\/v2\/product_brand?post=111865"},{"taxonomy":"product_cat","embeddable":true,"href":"https:\/\/dianasilver.com\/de\/wp-json\/wp\/v2\/product_cat?post=111865"},{"taxonomy":"product_tag","embeddable":true,"href":"https:\/\/dianasilver.com\/de\/wp-json\/wp\/v2\/product_tag?post=111865"}],"curies":[{"name":"wp","href":"https:\/\/api.w.org\/{rel}","templated":true}]}}