{"id":111841,"date":"2025-10-25T19:10:38","date_gmt":"2025-10-25T17:10:38","guid":{"rendered":"https:\/\/dianasilver.hu\/termek\/pinke-ohrringe-aus-sterlingsilber-mit-zirkonia-und-rhodiumbeschichtung\/"},"modified":"2026-04-09T01:35:03","modified_gmt":"2026-04-08T23:35:03","slug":"pinke-ohrringe-aus-sterlingsilber-mit-zirkonia-und-rhodiumbeschichtung","status":"publish","type":"product","link":"https:\/\/dianasilver.com\/de\/termek\/pinke-ohrringe-aus-sterlingsilber-mit-zirkonia-und-rhodiumbeschichtung\/","title":{"rendered":"Pinke Ohrringe aus Sterlingsilber mit Zirkonia und Rhodiumbeschichtung"},"content":{"rendered":"<article class=\"text-token-text-primary w-full focus:outline-none [--shadow-height:45px] has-data-writing-block:pointer-events-none has-data-writing-block:-mt-(--shadow-height) has-data-writing-block:pt-(--shadow-height) [&amp;:has([data-writing-block])&gt;*]:pointer-events-auto scroll-mt-[calc(var(--header-height)+min(200px,max(70px,20svh)))]\" dir=\"auto\" tabindex=\"-1\" data-turn-id=\"request-682ece75-7c90-800d-b135-681023bb9a75-17\" data-testid=\"conversation-turn-590\" data-scroll-anchor=\"true\" data-turn=\"assistant\">\n<div class=\"text-base my-auto mx-auto pb-10 [--thread-content-margin:--spacing(4)] thread-sm:[--thread-content-margin:--spacing(6)] thread-lg:[--thread-content-margin:--spacing(16)] px-(--thread-content-margin)\">\n<div class=\"[--thread-content-max-width:40rem] thread-lg:[--thread-content-max-width:48rem] mx-auto max-w-(--thread-content-max-width) flex-1 group\/turn-messages focus-visible:outline-hidden relative flex w-full min-w-0 flex-col agent-turn\" tabindex=\"-1\">\n<div class=\"flex max-w-full flex-col grow\">\n<div class=\"min-h-8 text-message relative flex w-full flex-col items-end gap-2 text-start break-words whitespace-normal [.text-message+&amp;]:mt-1\" dir=\"auto\" data-message-author-role=\"assistant\" data-message-id=\"eea29300-0953-4ce3-b3a2-98982faaf584\" data-message-model-slug=\"gpt-5\">\n<div class=\"flex w-full flex-col gap-1 empty:hidden first:pt-[1px]\">\n<div class=\"markdown prose dark:prose-invert w-full break-words dark markdown-new-styling\">\n<h2 data-start=\"277\" data-end=\"379\"><strong data-start=\"277\" data-end=\"377\">Rosafarbene Ohrringe mit Zirkonia und Patentverschluss &#8211; subtile Eleganz und Glamour in einem Schmuckst\u00fcck<\/strong><\/h2>\n<ul data-start=\"381\" data-end=\"1013\">\n<li data-start=\"381\" data-end=\"515\">\n<p data-start=\"383\" data-end=\"515\">Hergestellt aus hochwertigem <strong data-start=\"399\" data-end=\"418\">AG 925 Silber<\/strong>, <strong data-start=\"428\" data-end=\"449\">mit Rhodiumbeschichtung<\/strong>, die den Glanz bewahrt und lange vor Oxidation sch\u00fctzt.<\/p>\n<\/li>\n<li data-start=\"516\" data-end=\"708\">\n<p data-start=\"518\" data-end=\"708\">Ein <strong data-start=\"538\" data-end=\"572\">wundersch\u00f6ner rosafarbener Zirkoniastein<\/strong> leuchtet in der Mitte der Ohrringe, umgeben von einem Ring aus winzigen wei\u00dfen Zirkoniasteinen &#8211; so entsteht eine perfekte Harmonie zwischen femininer Zartheit und polierter Eleganz.<\/p>\n<\/li>\n<li data-start=\"709\" data-end=\"828\">\n<p data-start=\"711\" data-end=\"828\"><strong data-start=\"711\" data-end=\"738\">Das Design mit Patentverschluss<\/strong> sorgt f\u00fcr einen bequemen und sicheren Sitz und ist damit ideal f\u00fcr den Alltag und f\u00fcr verschiedene Anl\u00e4sse.<\/p>\n<\/li>\n<li data-start=\"829\" data-end=\"929\">\n<p data-start=\"831\" data-end=\"929\">Ein subtiles, klares Design, das die Sch\u00f6nheit des Gesichts auf subtile und doch auff\u00e4llige Weise unterstreicht.<\/p>\n<\/li>\n<li data-start=\"930\" data-end=\"1013\">\n<p data-start=\"932\" data-end=\"1013\">Perfekt als Geschenk &#8211; ein Symbol f\u00fcr sanfte Eleganz und Liebe.<\/p>\n<\/li>\n<\/ul>\n<p data-start=\"1015\" data-end=\"1112\" data-is-last-node=\"\" data-is-only-node=\"\">Tragen Sie diese bezaubernden Ohrringe, wenn Sie Ihre Weiblichkeit in jedem Moment zur Geltung bringen wollen! \ud83d\udc95\ud83d\udcab<\/p>\n<\/div>\n<\/div>\n<\/div>\n<\/div>\n<div class=\"z-0 flex min-h-[46px] justify-start\"><\/div>\n<div class=\"mt-3 w-full empty:hidden\">\n<div class=\"text-center\"><\/div>\n<\/div>\n<\/div>\n<\/div>\n<\/article>\n<div class=\"pointer-events-none h-px w-px\" aria-hidden=\"true\" data-edge=\"true\"><\/div>\n","protected":false},"excerpt":{"rendered":"<p data-start=\"89\" data-end=\"253\">Diese <strong data-start=\"131\" data-end=\"175\">rosafarbenen Ohrringe mit Zirkonia aus Sterlingsilber<\/strong> sind der Inbegriff von femininem Charme und Zartheit. Mit ihrer sanften Farbe und ihrem eleganten Glanz werten sie jeden Look auf. \ud83c\udf38\u2728<\/p>\n<p data-start=\"255\" data-end=\"275\">\n","protected":false},"featured_media":110424,"template":"","meta":{"_acf_changed":false},"product_brand":[],"product_cat":[573],"product_tag":[527,634,650],"class_list":{"0":"post-111841","1":"product","2":"type-product","3":"status-publish","4":"has-post-thumbnail","6":"product_cat-silberne-ohrringe","7":"product_tag-silberschmuck-fur-damen","8":"product_tag-farbenfroh","9":"product_tag-kinder-silberschmuck","10":"description-off","12":"first","13":"instock","14":"sale","15":"taxable","16":"shipping-taxable","17":"purchasable","18":"product-type-simple"},"acf":[],"yoast_head":"<!-- This site is optimized with the Yoast SEO plugin v27.4 - https:\/\/yoast.com\/product\/yoast-seo-wordpress\/ -->\n<title>Pinke Ohrringe aus Sterlingsilber mit Zirkonia und Rhodiumbeschichtung | Diana Silver<\/title>\n<meta name=\"description\" content=\"Fedezd fel a leny\u0171g\u00f6z\u0151 Pinke Ohrringe aus Sterlingsilber mit Zirkonia und Rhodiumbeschichtung \u00e9kszer\u00fcnket. T\u00f6k\u00e9letes kieg\u00e9sz\u00edt\u0151 mindennapi viselethez \u00e9s k\u00fcl\u00f6nleges alkalmakra egyar\u00e1nt. Rendeld meg most!\" \/>\n<meta name=\"robots\" content=\"index, follow, max-snippet:-1, max-image-preview:large, max-video-preview:-1\" \/>\n<link rel=\"canonical\" href=\"https:\/\/dianasilver.com\/de\/termek\/pinke-ohrringe-aus-sterlingsilber-mit-zirkonia-und-rhodiumbeschichtung\/\" \/>\n<meta property=\"og:locale\" content=\"de_DE\" \/>\n<meta property=\"og:type\" content=\"article\" \/>\n<meta property=\"og:title\" content=\"Pinke Ohrringe aus Sterlingsilber mit Zirkonia und Rhodiumbeschichtung | Diana Silver\" \/>\n<meta property=\"og:description\" content=\"Fedezd fel a leny\u0171g\u00f6z\u0151 Pinke Ohrringe aus Sterlingsilber mit Zirkonia und Rhodiumbeschichtung \u00e9kszer\u00fcnket. T\u00f6k\u00e9letes kieg\u00e9sz\u00edt\u0151 mindennapi viselethez \u00e9s k\u00fcl\u00f6nleges alkalmakra egyar\u00e1nt. Rendeld meg most!\" \/>\n<meta property=\"og:url\" content=\"https:\/\/dianasilver.com\/de\/termek\/pinke-ohrringe-aus-sterlingsilber-mit-zirkonia-und-rhodiumbeschichtung\/\" \/>\n<meta property=\"og:site_name\" content=\"Diana Silver\" \/>\n<meta property=\"article:publisher\" content=\"https:\/\/www.facebook.com\/profile.php?id=100027231325117\" \/>\n<meta property=\"article:modified_time\" content=\"2026-04-08T23:35:03+00:00\" \/>\n<meta property=\"og:image\" content=\"https:\/\/dianasilver.com\/wp-content\/uploads\/2025\/10\/Rozsaszin-cirkonia-koves-ezust-fulbevalo-rodium-bevonattal_2.jpg\" \/>\n\t<meta property=\"og:image:width\" content=\"1340\" \/>\n\t<meta property=\"og:image:height\" content=\"1785\" \/>\n\t<meta property=\"og:image:type\" content=\"image\/jpeg\" \/>\n<meta name=\"twitter:card\" content=\"summary_large_image\" \/>\n<meta name=\"twitter:label1\" content=\"Gesch\u00e4tzte Lesezeit\" \/>\n\t<meta name=\"twitter:data1\" content=\"1\u00a0Minute\" \/>\n<script type=\"application\/ld+json\" class=\"yoast-schema-graph\">{\"@context\":\"https:\\\/\\\/schema.org\",\"@graph\":[{\"@type\":\"WebPage\",\"@id\":\"https:\\\/\\\/dianasilver.com\\\/de\\\/termek\\\/pinke-ohrringe-aus-sterlingsilber-mit-zirkonia-und-rhodiumbeschichtung\\\/\",\"url\":\"https:\\\/\\\/dianasilver.com\\\/de\\\/termek\\\/pinke-ohrringe-aus-sterlingsilber-mit-zirkonia-und-rhodiumbeschichtung\\\/\",\"name\":\"Pinke Ohrringe aus Sterlingsilber mit Zirkonia und Rhodiumbeschichtung | Diana Silver\",\"isPartOf\":{\"@id\":\"https:\\\/\\\/dianasilver.com\\\/de\\\/#website\"},\"primaryImageOfPage\":{\"@id\":\"https:\\\/\\\/dianasilver.com\\\/de\\\/termek\\\/pinke-ohrringe-aus-sterlingsilber-mit-zirkonia-und-rhodiumbeschichtung\\\/#primaryimage\"},\"image\":{\"@id\":\"https:\\\/\\\/dianasilver.com\\\/de\\\/termek\\\/pinke-ohrringe-aus-sterlingsilber-mit-zirkonia-und-rhodiumbeschichtung\\\/#primaryimage\"},\"thumbnailUrl\":\"https:\\\/\\\/dianasilver.com\\\/wp-content\\\/uploads\\\/2025\\\/10\\\/Rozsaszin-cirkonia-koves-ezust-fulbevalo-rodium-bevonattal_2.jpg\",\"datePublished\":\"2025-10-25T17:10:38+00:00\",\"dateModified\":\"2026-04-08T23:35:03+00:00\",\"description\":\"Fedezd fel a leny\u0171g\u00f6z\u0151 Pinke Ohrringe aus Sterlingsilber mit Zirkonia und Rhodiumbeschichtung \u00e9kszer\u00fcnket. T\u00f6k\u00e9letes kieg\u00e9sz\u00edt\u0151 mindennapi viselethez \u00e9s k\u00fcl\u00f6nleges alkalmakra egyar\u00e1nt. Rendeld meg most!\",\"breadcrumb\":{\"@id\":\"https:\\\/\\\/dianasilver.com\\\/de\\\/termek\\\/pinke-ohrringe-aus-sterlingsilber-mit-zirkonia-und-rhodiumbeschichtung\\\/#breadcrumb\"},\"inLanguage\":\"de\",\"potentialAction\":[{\"@type\":\"ReadAction\",\"target\":[\"https:\\\/\\\/dianasilver.com\\\/de\\\/termek\\\/pinke-ohrringe-aus-sterlingsilber-mit-zirkonia-und-rhodiumbeschichtung\\\/\"]}]},{\"@type\":\"ImageObject\",\"inLanguage\":\"de\",\"@id\":\"https:\\\/\\\/dianasilver.com\\\/de\\\/termek\\\/pinke-ohrringe-aus-sterlingsilber-mit-zirkonia-und-rhodiumbeschichtung\\\/#primaryimage\",\"url\":\"https:\\\/\\\/dianasilver.com\\\/wp-content\\\/uploads\\\/2025\\\/10\\\/Rozsaszin-cirkonia-koves-ezust-fulbevalo-rodium-bevonattal_2.jpg\",\"contentUrl\":\"https:\\\/\\\/dianasilver.com\\\/wp-content\\\/uploads\\\/2025\\\/10\\\/Rozsaszin-cirkonia-koves-ezust-fulbevalo-rodium-bevonattal_2.jpg\",\"width\":1340,\"height\":1785},{\"@type\":\"BreadcrumbList\",\"@id\":\"https:\\\/\\\/dianasilver.com\\\/de\\\/termek\\\/pinke-ohrringe-aus-sterlingsilber-mit-zirkonia-und-rhodiumbeschichtung\\\/#breadcrumb\",\"itemListElement\":[{\"@type\":\"ListItem\",\"position\":1,\"name\":\"Kezd\u0151lap\",\"item\":\"https:\\\/\\\/dianasilver.com\\\/de\\\/diana-silver-silberschmuck-webshop\\\/\"},{\"@type\":\"ListItem\",\"position\":2,\"name\":\"Shop\",\"item\":\"https:\\\/\\\/dianasilver.com\\\/de\\\/shop\\\/\"},{\"@type\":\"ListItem\",\"position\":3,\"name\":\"Pinke Ohrringe aus Sterlingsilber mit Zirkonia und Rhodiumbeschichtung\"}]},{\"@type\":\"WebSite\",\"@id\":\"https:\\\/\\\/dianasilver.com\\\/de\\\/#website\",\"url\":\"https:\\\/\\\/dianasilver.com\\\/de\\\/\",\"name\":\"Diana Silver\",\"description\":\"Tedd t\u00f6k\u00e9letesebb\u00e9 mindennapjaid a Diana Silver \u00e9kszereivel.\",\"publisher\":{\"@id\":\"https:\\\/\\\/dianasilver.com\\\/de\\\/#organization\"},\"alternateName\":\"Ez\u00fcst \u00c9kszer Web\u00e1ruh\u00e1z\",\"potentialAction\":[{\"@type\":\"SearchAction\",\"target\":{\"@type\":\"EntryPoint\",\"urlTemplate\":\"https:\\\/\\\/dianasilver.com\\\/de\\\/?s={search_term_string}\"},\"query-input\":{\"@type\":\"PropertyValueSpecification\",\"valueRequired\":true,\"valueName\":\"search_term_string\"}}],\"inLanguage\":\"de\"},{\"@type\":\"Organization\",\"@id\":\"https:\\\/\\\/dianasilver.com\\\/de\\\/#organization\",\"name\":\"Diana Silver\",\"url\":\"https:\\\/\\\/dianasilver.com\\\/de\\\/\",\"logo\":{\"@type\":\"ImageObject\",\"inLanguage\":\"de\",\"@id\":\"https:\\\/\\\/dianasilver.com\\\/de\\\/#\\\/schema\\\/logo\\\/image\\\/\",\"url\":\"https:\\\/\\\/dianasilver.com\\\/wp-content\\\/uploads\\\/2022\\\/08\\\/ezust-feher-1-koves-buttonos-stekkeres-fulbevalo-42.webp\",\"contentUrl\":\"https:\\\/\\\/dianasilver.com\\\/wp-content\\\/uploads\\\/2022\\\/08\\\/ezust-feher-1-koves-buttonos-stekkeres-fulbevalo-42.webp\",\"width\":300,\"height\":154,\"caption\":\"Diana Silver\"},\"image\":{\"@id\":\"https:\\\/\\\/dianasilver.com\\\/de\\\/#\\\/schema\\\/logo\\\/image\\\/\"},\"sameAs\":[\"https:\\\/\\\/www.facebook.com\\\/profile.php?id=100027231325117\"]}]}<\/script>\n<!-- \/ Yoast SEO plugin. -->","yoast_head_json":{"title":"Pinke Ohrringe aus Sterlingsilber mit Zirkonia und Rhodiumbeschichtung | Diana Silver","description":"Fedezd fel a leny\u0171g\u00f6z\u0151 Pinke Ohrringe aus Sterlingsilber mit Zirkonia und Rhodiumbeschichtung \u00e9kszer\u00fcnket. T\u00f6k\u00e9letes kieg\u00e9sz\u00edt\u0151 mindennapi viselethez \u00e9s k\u00fcl\u00f6nleges alkalmakra egyar\u00e1nt. Rendeld meg most!","robots":{"index":"index","follow":"follow","max-snippet":"max-snippet:-1","max-image-preview":"max-image-preview:large","max-video-preview":"max-video-preview:-1"},"canonical":"https:\/\/dianasilver.com\/de\/termek\/pinke-ohrringe-aus-sterlingsilber-mit-zirkonia-und-rhodiumbeschichtung\/","og_locale":"de_DE","og_type":"article","og_title":"Pinke Ohrringe aus Sterlingsilber mit Zirkonia und Rhodiumbeschichtung | Diana Silver","og_description":"Fedezd fel a leny\u0171g\u00f6z\u0151 Pinke Ohrringe aus Sterlingsilber mit Zirkonia und Rhodiumbeschichtung \u00e9kszer\u00fcnket. T\u00f6k\u00e9letes kieg\u00e9sz\u00edt\u0151 mindennapi viselethez \u00e9s k\u00fcl\u00f6nleges alkalmakra egyar\u00e1nt. Rendeld meg most!","og_url":"https:\/\/dianasilver.com\/de\/termek\/pinke-ohrringe-aus-sterlingsilber-mit-zirkonia-und-rhodiumbeschichtung\/","og_site_name":"Diana Silver","article_publisher":"https:\/\/www.facebook.com\/profile.php?id=100027231325117","article_modified_time":"2026-04-08T23:35:03+00:00","og_image":[{"width":1340,"height":1785,"url":"https:\/\/dianasilver.com\/wp-content\/uploads\/2025\/10\/Rozsaszin-cirkonia-koves-ezust-fulbevalo-rodium-bevonattal_2.jpg","type":"image\/jpeg"}],"twitter_card":"summary_large_image","twitter_misc":{"Gesch\u00e4tzte Lesezeit":"1\u00a0Minute"},"schema":{"@context":"https:\/\/schema.org","@graph":[{"@type":"WebPage","@id":"https:\/\/dianasilver.com\/de\/termek\/pinke-ohrringe-aus-sterlingsilber-mit-zirkonia-und-rhodiumbeschichtung\/","url":"https:\/\/dianasilver.com\/de\/termek\/pinke-ohrringe-aus-sterlingsilber-mit-zirkonia-und-rhodiumbeschichtung\/","name":"Pinke Ohrringe aus Sterlingsilber mit Zirkonia und Rhodiumbeschichtung | Diana Silver","isPartOf":{"@id":"https:\/\/dianasilver.com\/de\/#website"},"primaryImageOfPage":{"@id":"https:\/\/dianasilver.com\/de\/termek\/pinke-ohrringe-aus-sterlingsilber-mit-zirkonia-und-rhodiumbeschichtung\/#primaryimage"},"image":{"@id":"https:\/\/dianasilver.com\/de\/termek\/pinke-ohrringe-aus-sterlingsilber-mit-zirkonia-und-rhodiumbeschichtung\/#primaryimage"},"thumbnailUrl":"https:\/\/dianasilver.com\/wp-content\/uploads\/2025\/10\/Rozsaszin-cirkonia-koves-ezust-fulbevalo-rodium-bevonattal_2.jpg","datePublished":"2025-10-25T17:10:38+00:00","dateModified":"2026-04-08T23:35:03+00:00","description":"Fedezd fel a leny\u0171g\u00f6z\u0151 Pinke Ohrringe aus Sterlingsilber mit Zirkonia und Rhodiumbeschichtung \u00e9kszer\u00fcnket. T\u00f6k\u00e9letes kieg\u00e9sz\u00edt\u0151 mindennapi viselethez \u00e9s k\u00fcl\u00f6nleges alkalmakra egyar\u00e1nt. Rendeld meg most!","breadcrumb":{"@id":"https:\/\/dianasilver.com\/de\/termek\/pinke-ohrringe-aus-sterlingsilber-mit-zirkonia-und-rhodiumbeschichtung\/#breadcrumb"},"inLanguage":"de","potentialAction":[{"@type":"ReadAction","target":["https:\/\/dianasilver.com\/de\/termek\/pinke-ohrringe-aus-sterlingsilber-mit-zirkonia-und-rhodiumbeschichtung\/"]}]},{"@type":"ImageObject","inLanguage":"de","@id":"https:\/\/dianasilver.com\/de\/termek\/pinke-ohrringe-aus-sterlingsilber-mit-zirkonia-und-rhodiumbeschichtung\/#primaryimage","url":"https:\/\/dianasilver.com\/wp-content\/uploads\/2025\/10\/Rozsaszin-cirkonia-koves-ezust-fulbevalo-rodium-bevonattal_2.jpg","contentUrl":"https:\/\/dianasilver.com\/wp-content\/uploads\/2025\/10\/Rozsaszin-cirkonia-koves-ezust-fulbevalo-rodium-bevonattal_2.jpg","width":1340,"height":1785},{"@type":"BreadcrumbList","@id":"https:\/\/dianasilver.com\/de\/termek\/pinke-ohrringe-aus-sterlingsilber-mit-zirkonia-und-rhodiumbeschichtung\/#breadcrumb","itemListElement":[{"@type":"ListItem","position":1,"name":"Kezd\u0151lap","item":"https:\/\/dianasilver.com\/de\/diana-silver-silberschmuck-webshop\/"},{"@type":"ListItem","position":2,"name":"Shop","item":"https:\/\/dianasilver.com\/de\/shop\/"},{"@type":"ListItem","position":3,"name":"Pinke Ohrringe aus Sterlingsilber mit Zirkonia und Rhodiumbeschichtung"}]},{"@type":"WebSite","@id":"https:\/\/dianasilver.com\/de\/#website","url":"https:\/\/dianasilver.com\/de\/","name":"Diana Silver","description":"Tedd t\u00f6k\u00e9letesebb\u00e9 mindennapjaid a Diana Silver \u00e9kszereivel.","publisher":{"@id":"https:\/\/dianasilver.com\/de\/#organization"},"alternateName":"Ez\u00fcst \u00c9kszer Web\u00e1ruh\u00e1z","potentialAction":[{"@type":"SearchAction","target":{"@type":"EntryPoint","urlTemplate":"https:\/\/dianasilver.com\/de\/?s={search_term_string}"},"query-input":{"@type":"PropertyValueSpecification","valueRequired":true,"valueName":"search_term_string"}}],"inLanguage":"de"},{"@type":"Organization","@id":"https:\/\/dianasilver.com\/de\/#organization","name":"Diana Silver","url":"https:\/\/dianasilver.com\/de\/","logo":{"@type":"ImageObject","inLanguage":"de","@id":"https:\/\/dianasilver.com\/de\/#\/schema\/logo\/image\/","url":"https:\/\/dianasilver.com\/wp-content\/uploads\/2022\/08\/ezust-feher-1-koves-buttonos-stekkeres-fulbevalo-42.webp","contentUrl":"https:\/\/dianasilver.com\/wp-content\/uploads\/2022\/08\/ezust-feher-1-koves-buttonos-stekkeres-fulbevalo-42.webp","width":300,"height":154,"caption":"Diana Silver"},"image":{"@id":"https:\/\/dianasilver.com\/de\/#\/schema\/logo\/image\/"},"sameAs":["https:\/\/www.facebook.com\/profile.php?id=100027231325117"]}]}},"_links":{"self":[{"href":"https:\/\/dianasilver.com\/de\/wp-json\/wp\/v2\/product\/111841","targetHints":{"allow":["GET"]}}],"collection":[{"href":"https:\/\/dianasilver.com\/de\/wp-json\/wp\/v2\/product"}],"about":[{"href":"https:\/\/dianasilver.com\/de\/wp-json\/wp\/v2\/types\/product"}],"version-history":[{"count":0,"href":"https:\/\/dianasilver.com\/de\/wp-json\/wp\/v2\/product\/111841\/revisions"}],"wp:featuredmedia":[{"embeddable":true,"href":"https:\/\/dianasilver.com\/de\/wp-json\/wp\/v2\/media\/110424"}],"wp:attachment":[{"href":"https:\/\/dianasilver.com\/de\/wp-json\/wp\/v2\/media?parent=111841"}],"wp:term":[{"taxonomy":"product_brand","embeddable":true,"href":"https:\/\/dianasilver.com\/de\/wp-json\/wp\/v2\/product_brand?post=111841"},{"taxonomy":"product_cat","embeddable":true,"href":"https:\/\/dianasilver.com\/de\/wp-json\/wp\/v2\/product_cat?post=111841"},{"taxonomy":"product_tag","embeddable":true,"href":"https:\/\/dianasilver.com\/de\/wp-json\/wp\/v2\/product_tag?post=111841"}],"curies":[{"name":"wp","href":"https:\/\/api.w.org\/{rel}","templated":true}]}}