{"id":111833,"date":"2025-10-25T16:43:46","date_gmt":"2025-10-25T14:43:46","guid":{"rendered":"https:\/\/dianasilver.hu\/termek\/weisse-muschelkernperlen-mit-silberner-spange-454-cm\/"},"modified":"2026-04-15T01:41:09","modified_gmt":"2026-04-14T23:41:09","slug":"weisse-muschelkernperlen-mit-silberner-spange-454-cm","status":"publish","type":"product","link":"https:\/\/dianasilver.com\/de\/termek\/weisse-muschelkernperlen-mit-silberner-spange-454-cm\/","title":{"rendered":"Wei\u00dfe Muschelkernperlen mit silberner Spange (45+4 cm)"},"content":{"rendered":"<h2 data-start=\"435\" data-end=\"528\"><strong data-start=\"435\" data-end=\"526\">Wei\u00dfe Muschelkernperlen mit Silberverschluss &#8211; der Inbegriff von perfekter Harmonie und femininem Charme<\/strong><\/h2>\n<ul data-start=\"530\" data-end=\"1232\">\n<li data-start=\"530\" data-end=\"765\">\n<p data-start=\"532\" data-end=\"765\">Die Kette besteht <strong data-start=\"543\" data-end=\"570\">aus Muschelkernperlen<\/strong>, die aus Muschelschalen geformt und mit nat\u00fcrlichen Perlen \u00fcberzogen sind. Diese luxuri\u00f6sen Qualit\u00e4tsperlen sind die perfekte Mischung aus nat\u00fcrlicher und k\u00fcnstlicher Sch\u00f6nheit.<\/p>\n<\/li>\n<li data-start=\"766\" data-end=\"882\">\n<p data-start=\"768\" data-end=\"882\"><strong data-start=\"775\" data-end=\"796\">Ihr<\/strong> subtiler, <strong data-start=\"775\" data-end=\"796\">raffinierter Glanz<\/strong> reflektiert das Licht bei jeder Bewegung wundersch\u00f6n und strahlt Eleganz und Reinheit aus.<\/p>\n<\/li>\n<li data-start=\"883\" data-end=\"1039\">\n<p data-start=\"885\" data-end=\"1039\">Sein klassisches Design macht es ideal <strong data-start=\"932\" data-end=\"988\">f\u00fcr Freizeitkleidung, Hochzeiten oder elegante Anl\u00e4sse<\/strong>, aber es verleiht auch einen femininen Look f\u00fcr das t\u00e4gliche Tragen.<\/p>\n<\/li>\n<li data-start=\"1040\" data-end=\"1145\">\n<p data-start=\"1042\" data-end=\"1145\">Der <strong data-start=\"1044\" data-end=\"1065\">bequeme Verschluss<\/strong> sorgt f\u00fcr einen stabilen Tragekomfort, so dass die Perlen immer ordentlich am Hals sitzen.<\/p>\n<\/li>\n<li data-start=\"1146\" data-end=\"1232\">\n<p data-start=\"1148\" data-end=\"1232\">Die gleichm\u00e4\u00dfige Gr\u00f6\u00dfe und die pr\u00e4zise Fassung der Perlen zeugen von hochwertiger Handwerkskunst.<\/p>\n<\/li>\n<\/ul>\n<p data-start=\"1234\" data-end=\"1354\" data-is-last-node=\"\" data-is-only-node=\"\">Das perfekte Geschenk f\u00fcr jede Frau, die die klassische, klare Sch\u00f6nheit und ewige Eleganz von Perlen liebt. \ud83e\udd0d\u2728<\/p>\n","protected":false},"excerpt":{"rendered":"<p>Diese wundersch\u00f6ne Halskette ist ein Symbol f\u00fcr Weiblichkeit und Raffinesse. Sie ist mit wei\u00dfen <strong data-start=\"264\" data-end=\"291\">Muschelperlen<\/strong> verziert. \ud83e\udd0d Sein dezenter Glanz ist perfekt f\u00fcr jeden Anlass, ob l\u00e4ssige Eleganz oder ein besonderes Ereignis.<\/p>\n","protected":false},"featured_media":110336,"template":"","meta":{"_acf_changed":false},"product_brand":[],"product_cat":[675,609],"product_tag":[527],"class_list":{"0":"post-111833","1":"product","2":"type-product","3":"status-publish","4":"has-post-thumbnail","6":"product_cat-silberne-halskette","7":"product_cat-silberne-perlenketten","8":"product_tag-silberschmuck-fur-damen","9":"description-off","11":"first","12":"instock","13":"taxable","14":"shipping-taxable","15":"purchasable","16":"product-type-simple"},"acf":[],"yoast_head":"<!-- This site is optimized with the Yoast SEO plugin v27.4 - https:\/\/yoast.com\/product\/yoast-seo-wordpress\/ -->\n<title>Wei\u00dfe Muschelkernperlen mit silberner Spange (45+4 cm) | Diana Silver<\/title>\n<meta name=\"description\" content=\"Fedezd fel a leny\u0171g\u00f6z\u0151 Wei\u00dfe Muschelkernperlen mit silberner Spange (45+4 cm) \u00e9kszer\u00fcnket. T\u00f6k\u00e9letes kieg\u00e9sz\u00edt\u0151 mindennapi viselethez \u00e9s k\u00fcl\u00f6nleges alkalmakra egyar\u00e1nt. Rendeld meg most!\" \/>\n<meta name=\"robots\" content=\"index, follow, max-snippet:-1, max-image-preview:large, max-video-preview:-1\" \/>\n<link rel=\"canonical\" href=\"https:\/\/dianasilver.com\/de\/termek\/weisse-muschelkernperlen-mit-silberner-spange-454-cm\/\" \/>\n<meta property=\"og:locale\" content=\"de_DE\" \/>\n<meta property=\"og:type\" content=\"article\" \/>\n<meta property=\"og:title\" content=\"Wei\u00dfe Muschelkernperlen mit silberner Spange (45+4 cm) | Diana Silver\" \/>\n<meta property=\"og:description\" content=\"Fedezd fel a leny\u0171g\u00f6z\u0151 Wei\u00dfe Muschelkernperlen mit silberner Spange (45+4 cm) \u00e9kszer\u00fcnket. T\u00f6k\u00e9letes kieg\u00e9sz\u00edt\u0151 mindennapi viselethez \u00e9s k\u00fcl\u00f6nleges alkalmakra egyar\u00e1nt. Rendeld meg most!\" \/>\n<meta property=\"og:url\" content=\"https:\/\/dianasilver.com\/de\/termek\/weisse-muschelkernperlen-mit-silberner-spange-454-cm\/\" \/>\n<meta property=\"og:site_name\" content=\"Diana Silver\" \/>\n<meta property=\"article:publisher\" content=\"https:\/\/www.facebook.com\/profile.php?id=100027231325117\" \/>\n<meta property=\"article:modified_time\" content=\"2026-04-14T23:41:09+00:00\" \/>\n<meta property=\"og:image\" content=\"https:\/\/dianasilver.com\/wp-content\/uploads\/2025\/10\/Feher-shell-kagylo-gyongysor-ezust-zarral-_3.png\" \/>\n\t<meta property=\"og:image:width\" content=\"1350\" \/>\n\t<meta property=\"og:image:height\" content=\"1800\" \/>\n\t<meta property=\"og:image:type\" content=\"image\/png\" \/>\n<meta name=\"twitter:card\" content=\"summary_large_image\" \/>\n<meta name=\"twitter:label1\" content=\"Gesch\u00e4tzte Lesezeit\" \/>\n\t<meta name=\"twitter:data1\" content=\"1\u00a0Minute\" \/>\n<script type=\"application\/ld+json\" class=\"yoast-schema-graph\">{\"@context\":\"https:\\\/\\\/schema.org\",\"@graph\":[{\"@type\":\"WebPage\",\"@id\":\"https:\\\/\\\/dianasilver.com\\\/de\\\/termek\\\/weisse-muschelkernperlen-mit-silberner-spange-454-cm\\\/\",\"url\":\"https:\\\/\\\/dianasilver.com\\\/de\\\/termek\\\/weisse-muschelkernperlen-mit-silberner-spange-454-cm\\\/\",\"name\":\"Wei\u00dfe Muschelkernperlen mit silberner Spange (45+4 cm) | Diana Silver\",\"isPartOf\":{\"@id\":\"https:\\\/\\\/dianasilver.com\\\/de\\\/#website\"},\"primaryImageOfPage\":{\"@id\":\"https:\\\/\\\/dianasilver.com\\\/de\\\/termek\\\/weisse-muschelkernperlen-mit-silberner-spange-454-cm\\\/#primaryimage\"},\"image\":{\"@id\":\"https:\\\/\\\/dianasilver.com\\\/de\\\/termek\\\/weisse-muschelkernperlen-mit-silberner-spange-454-cm\\\/#primaryimage\"},\"thumbnailUrl\":\"https:\\\/\\\/dianasilver.com\\\/wp-content\\\/uploads\\\/2025\\\/10\\\/Feher-shell-kagylo-gyongysor-ezust-zarral-_3.png\",\"datePublished\":\"2025-10-25T14:43:46+00:00\",\"dateModified\":\"2026-04-14T23:41:09+00:00\",\"description\":\"Fedezd fel a leny\u0171g\u00f6z\u0151 Wei\u00dfe Muschelkernperlen mit silberner Spange (45+4 cm) \u00e9kszer\u00fcnket. T\u00f6k\u00e9letes kieg\u00e9sz\u00edt\u0151 mindennapi viselethez \u00e9s k\u00fcl\u00f6nleges alkalmakra egyar\u00e1nt. Rendeld meg most!\",\"breadcrumb\":{\"@id\":\"https:\\\/\\\/dianasilver.com\\\/de\\\/termek\\\/weisse-muschelkernperlen-mit-silberner-spange-454-cm\\\/#breadcrumb\"},\"inLanguage\":\"de\",\"potentialAction\":[{\"@type\":\"ReadAction\",\"target\":[\"https:\\\/\\\/dianasilver.com\\\/de\\\/termek\\\/weisse-muschelkernperlen-mit-silberner-spange-454-cm\\\/\"]}]},{\"@type\":\"ImageObject\",\"inLanguage\":\"de\",\"@id\":\"https:\\\/\\\/dianasilver.com\\\/de\\\/termek\\\/weisse-muschelkernperlen-mit-silberner-spange-454-cm\\\/#primaryimage\",\"url\":\"https:\\\/\\\/dianasilver.com\\\/wp-content\\\/uploads\\\/2025\\\/10\\\/Feher-shell-kagylo-gyongysor-ezust-zarral-_3.png\",\"contentUrl\":\"https:\\\/\\\/dianasilver.com\\\/wp-content\\\/uploads\\\/2025\\\/10\\\/Feher-shell-kagylo-gyongysor-ezust-zarral-_3.png\",\"width\":1350,\"height\":1800},{\"@type\":\"BreadcrumbList\",\"@id\":\"https:\\\/\\\/dianasilver.com\\\/de\\\/termek\\\/weisse-muschelkernperlen-mit-silberner-spange-454-cm\\\/#breadcrumb\",\"itemListElement\":[{\"@type\":\"ListItem\",\"position\":1,\"name\":\"Kezd\u0151lap\",\"item\":\"https:\\\/\\\/dianasilver.com\\\/de\\\/diana-silver-silberschmuck-webshop\\\/\"},{\"@type\":\"ListItem\",\"position\":2,\"name\":\"Shop\",\"item\":\"https:\\\/\\\/dianasilver.com\\\/de\\\/shop\\\/\"},{\"@type\":\"ListItem\",\"position\":3,\"name\":\"Wei\u00dfe Muschelkernperlen mit silberner Spange (45+4 cm)\"}]},{\"@type\":\"WebSite\",\"@id\":\"https:\\\/\\\/dianasilver.com\\\/de\\\/#website\",\"url\":\"https:\\\/\\\/dianasilver.com\\\/de\\\/\",\"name\":\"Diana Silver\",\"description\":\"Tedd t\u00f6k\u00e9letesebb\u00e9 mindennapjaid a Diana Silver \u00e9kszereivel.\",\"publisher\":{\"@id\":\"https:\\\/\\\/dianasilver.com\\\/de\\\/#organization\"},\"alternateName\":\"Ez\u00fcst \u00c9kszer Web\u00e1ruh\u00e1z\",\"potentialAction\":[{\"@type\":\"SearchAction\",\"target\":{\"@type\":\"EntryPoint\",\"urlTemplate\":\"https:\\\/\\\/dianasilver.com\\\/de\\\/?s={search_term_string}\"},\"query-input\":{\"@type\":\"PropertyValueSpecification\",\"valueRequired\":true,\"valueName\":\"search_term_string\"}}],\"inLanguage\":\"de\"},{\"@type\":\"Organization\",\"@id\":\"https:\\\/\\\/dianasilver.com\\\/de\\\/#organization\",\"name\":\"Diana Silver\",\"url\":\"https:\\\/\\\/dianasilver.com\\\/de\\\/\",\"logo\":{\"@type\":\"ImageObject\",\"inLanguage\":\"de\",\"@id\":\"https:\\\/\\\/dianasilver.com\\\/de\\\/#\\\/schema\\\/logo\\\/image\\\/\",\"url\":\"https:\\\/\\\/dianasilver.com\\\/wp-content\\\/uploads\\\/2022\\\/08\\\/ezust-feher-1-koves-buttonos-stekkeres-fulbevalo-42.webp\",\"contentUrl\":\"https:\\\/\\\/dianasilver.com\\\/wp-content\\\/uploads\\\/2022\\\/08\\\/ezust-feher-1-koves-buttonos-stekkeres-fulbevalo-42.webp\",\"width\":300,\"height\":154,\"caption\":\"Diana Silver\"},\"image\":{\"@id\":\"https:\\\/\\\/dianasilver.com\\\/de\\\/#\\\/schema\\\/logo\\\/image\\\/\"},\"sameAs\":[\"https:\\\/\\\/www.facebook.com\\\/profile.php?id=100027231325117\"]}]}<\/script>\n<!-- \/ Yoast SEO plugin. -->","yoast_head_json":{"title":"Wei\u00dfe Muschelkernperlen mit silberner Spange (45+4 cm) | Diana Silver","description":"Fedezd fel a leny\u0171g\u00f6z\u0151 Wei\u00dfe Muschelkernperlen mit silberner Spange (45+4 cm) \u00e9kszer\u00fcnket. T\u00f6k\u00e9letes kieg\u00e9sz\u00edt\u0151 mindennapi viselethez \u00e9s k\u00fcl\u00f6nleges alkalmakra egyar\u00e1nt. Rendeld meg most!","robots":{"index":"index","follow":"follow","max-snippet":"max-snippet:-1","max-image-preview":"max-image-preview:large","max-video-preview":"max-video-preview:-1"},"canonical":"https:\/\/dianasilver.com\/de\/termek\/weisse-muschelkernperlen-mit-silberner-spange-454-cm\/","og_locale":"de_DE","og_type":"article","og_title":"Wei\u00dfe Muschelkernperlen mit silberner Spange (45+4 cm) | Diana Silver","og_description":"Fedezd fel a leny\u0171g\u00f6z\u0151 Wei\u00dfe Muschelkernperlen mit silberner Spange (45+4 cm) \u00e9kszer\u00fcnket. T\u00f6k\u00e9letes kieg\u00e9sz\u00edt\u0151 mindennapi viselethez \u00e9s k\u00fcl\u00f6nleges alkalmakra egyar\u00e1nt. Rendeld meg most!","og_url":"https:\/\/dianasilver.com\/de\/termek\/weisse-muschelkernperlen-mit-silberner-spange-454-cm\/","og_site_name":"Diana Silver","article_publisher":"https:\/\/www.facebook.com\/profile.php?id=100027231325117","article_modified_time":"2026-04-14T23:41:09+00:00","og_image":[{"width":1350,"height":1800,"url":"https:\/\/dianasilver.com\/wp-content\/uploads\/2025\/10\/Feher-shell-kagylo-gyongysor-ezust-zarral-_3.png","type":"image\/png"}],"twitter_card":"summary_large_image","twitter_misc":{"Gesch\u00e4tzte Lesezeit":"1\u00a0Minute"},"schema":{"@context":"https:\/\/schema.org","@graph":[{"@type":"WebPage","@id":"https:\/\/dianasilver.com\/de\/termek\/weisse-muschelkernperlen-mit-silberner-spange-454-cm\/","url":"https:\/\/dianasilver.com\/de\/termek\/weisse-muschelkernperlen-mit-silberner-spange-454-cm\/","name":"Wei\u00dfe Muschelkernperlen mit silberner Spange (45+4 cm) | Diana Silver","isPartOf":{"@id":"https:\/\/dianasilver.com\/de\/#website"},"primaryImageOfPage":{"@id":"https:\/\/dianasilver.com\/de\/termek\/weisse-muschelkernperlen-mit-silberner-spange-454-cm\/#primaryimage"},"image":{"@id":"https:\/\/dianasilver.com\/de\/termek\/weisse-muschelkernperlen-mit-silberner-spange-454-cm\/#primaryimage"},"thumbnailUrl":"https:\/\/dianasilver.com\/wp-content\/uploads\/2025\/10\/Feher-shell-kagylo-gyongysor-ezust-zarral-_3.png","datePublished":"2025-10-25T14:43:46+00:00","dateModified":"2026-04-14T23:41:09+00:00","description":"Fedezd fel a leny\u0171g\u00f6z\u0151 Wei\u00dfe Muschelkernperlen mit silberner Spange (45+4 cm) \u00e9kszer\u00fcnket. T\u00f6k\u00e9letes kieg\u00e9sz\u00edt\u0151 mindennapi viselethez \u00e9s k\u00fcl\u00f6nleges alkalmakra egyar\u00e1nt. Rendeld meg most!","breadcrumb":{"@id":"https:\/\/dianasilver.com\/de\/termek\/weisse-muschelkernperlen-mit-silberner-spange-454-cm\/#breadcrumb"},"inLanguage":"de","potentialAction":[{"@type":"ReadAction","target":["https:\/\/dianasilver.com\/de\/termek\/weisse-muschelkernperlen-mit-silberner-spange-454-cm\/"]}]},{"@type":"ImageObject","inLanguage":"de","@id":"https:\/\/dianasilver.com\/de\/termek\/weisse-muschelkernperlen-mit-silberner-spange-454-cm\/#primaryimage","url":"https:\/\/dianasilver.com\/wp-content\/uploads\/2025\/10\/Feher-shell-kagylo-gyongysor-ezust-zarral-_3.png","contentUrl":"https:\/\/dianasilver.com\/wp-content\/uploads\/2025\/10\/Feher-shell-kagylo-gyongysor-ezust-zarral-_3.png","width":1350,"height":1800},{"@type":"BreadcrumbList","@id":"https:\/\/dianasilver.com\/de\/termek\/weisse-muschelkernperlen-mit-silberner-spange-454-cm\/#breadcrumb","itemListElement":[{"@type":"ListItem","position":1,"name":"Kezd\u0151lap","item":"https:\/\/dianasilver.com\/de\/diana-silver-silberschmuck-webshop\/"},{"@type":"ListItem","position":2,"name":"Shop","item":"https:\/\/dianasilver.com\/de\/shop\/"},{"@type":"ListItem","position":3,"name":"Wei\u00dfe Muschelkernperlen mit silberner Spange (45+4 cm)"}]},{"@type":"WebSite","@id":"https:\/\/dianasilver.com\/de\/#website","url":"https:\/\/dianasilver.com\/de\/","name":"Diana Silver","description":"Tedd t\u00f6k\u00e9letesebb\u00e9 mindennapjaid a Diana Silver \u00e9kszereivel.","publisher":{"@id":"https:\/\/dianasilver.com\/de\/#organization"},"alternateName":"Ez\u00fcst \u00c9kszer Web\u00e1ruh\u00e1z","potentialAction":[{"@type":"SearchAction","target":{"@type":"EntryPoint","urlTemplate":"https:\/\/dianasilver.com\/de\/?s={search_term_string}"},"query-input":{"@type":"PropertyValueSpecification","valueRequired":true,"valueName":"search_term_string"}}],"inLanguage":"de"},{"@type":"Organization","@id":"https:\/\/dianasilver.com\/de\/#organization","name":"Diana Silver","url":"https:\/\/dianasilver.com\/de\/","logo":{"@type":"ImageObject","inLanguage":"de","@id":"https:\/\/dianasilver.com\/de\/#\/schema\/logo\/image\/","url":"https:\/\/dianasilver.com\/wp-content\/uploads\/2022\/08\/ezust-feher-1-koves-buttonos-stekkeres-fulbevalo-42.webp","contentUrl":"https:\/\/dianasilver.com\/wp-content\/uploads\/2022\/08\/ezust-feher-1-koves-buttonos-stekkeres-fulbevalo-42.webp","width":300,"height":154,"caption":"Diana Silver"},"image":{"@id":"https:\/\/dianasilver.com\/de\/#\/schema\/logo\/image\/"},"sameAs":["https:\/\/www.facebook.com\/profile.php?id=100027231325117"]}]}},"_links":{"self":[{"href":"https:\/\/dianasilver.com\/de\/wp-json\/wp\/v2\/product\/111833","targetHints":{"allow":["GET"]}}],"collection":[{"href":"https:\/\/dianasilver.com\/de\/wp-json\/wp\/v2\/product"}],"about":[{"href":"https:\/\/dianasilver.com\/de\/wp-json\/wp\/v2\/types\/product"}],"version-history":[{"count":0,"href":"https:\/\/dianasilver.com\/de\/wp-json\/wp\/v2\/product\/111833\/revisions"}],"wp:featuredmedia":[{"embeddable":true,"href":"https:\/\/dianasilver.com\/de\/wp-json\/wp\/v2\/media\/110336"}],"wp:attachment":[{"href":"https:\/\/dianasilver.com\/de\/wp-json\/wp\/v2\/media?parent=111833"}],"wp:term":[{"taxonomy":"product_brand","embeddable":true,"href":"https:\/\/dianasilver.com\/de\/wp-json\/wp\/v2\/product_brand?post=111833"},{"taxonomy":"product_cat","embeddable":true,"href":"https:\/\/dianasilver.com\/de\/wp-json\/wp\/v2\/product_cat?post=111833"},{"taxonomy":"product_tag","embeddable":true,"href":"https:\/\/dianasilver.com\/de\/wp-json\/wp\/v2\/product_tag?post=111833"}],"curies":[{"name":"wp","href":"https:\/\/api.w.org\/{rel}","templated":true}]}}