{"id":111830,"date":"2025-10-25T17:19:56","date_gmt":"2025-10-25T15:19:56","guid":{"rendered":"https:\/\/dianasilver.hu\/termek\/farbiger-zirkoniastein-baum-des-lebens-silberanhaenger-mit-rhodiumbeschichtung-ohne-kette\/"},"modified":"2026-03-10T00:21:47","modified_gmt":"2026-03-09T23:21:47","slug":"farbiger-zirkoniastein-baum-des-lebens-silberanhaenger-mit-rhodiumbeschichtung-ohne-kette","status":"publish","type":"product","link":"https:\/\/dianasilver.com\/de\/termek\/farbiger-zirkoniastein-baum-des-lebens-silberanhaenger-mit-rhodiumbeschichtung-ohne-kette\/","title":{"rendered":"Farbiger Zirkoniastein Baum des Lebens Silberanh\u00e4nger mit Rhodiumbeschichtung &#8211; ohne Kette"},"content":{"rendered":"<h2 data-start=\"250\" data-end=\"327\"><strong data-start=\"250\" data-end=\"325\">Bunter Zirkoniastein Baum des Lebens Silberanh\u00e4nger &#8211; die Farben des Lebens in einem Schmuckst\u00fcck<\/strong><\/h2>\n<ul data-start=\"329\" data-end=\"954\">\n<li data-start=\"329\" data-end=\"482\">\n<p data-start=\"331\" data-end=\"482\">Hergestellt <strong data-start=\"347\" data-end=\"366\">aus<\/strong> hochwertigem <strong data-start=\"347\" data-end=\"366\">AG 925 Silber<\/strong>, <strong data-start=\"376\" data-end=\"397\">mit einer Rhodiumbeschichtung<\/strong> f\u00fcr zus\u00e4tzlichen Glanz und Haltbarkeit, die den Schmuck vor Oxidation sch\u00fctzt.<\/p>\n<\/li>\n<li data-start=\"483\" data-end=\"618\">\n<p data-start=\"485\" data-end=\"618\">Der <strong data-start=\"487\" data-end=\"506\">runde Anh\u00e4nger<\/strong> zeigt in der Mitte das <strong data-start=\"518\" data-end=\"536\">Motiv des Lebensbaums<\/strong>, das <strong data-start=\"559\" data-end=\"601\">St\u00e4rke, Wachstum und Zusammengeh\u00f6rigkeit<\/strong> symbolisiert.<\/p>\n<\/li>\n<li data-start=\"619\" data-end=\"780\">\n<p data-start=\"621\" data-end=\"780\">Der Anh\u00e4nger ist mit einem Kreis aus <strong data-start=\"637\" data-end=\"662\">farbenfrohen Zirkonia-Steinen<\/strong> verziert &#8211; in leuchtenden Blau-, Gr\u00fcn-, Rosa- und Wei\u00dft\u00f6nen &#8211; und spiegelt die Vielfalt und Energie des Lebens wider.<\/p>\n<\/li>\n<li data-start=\"781\" data-end=\"871\">\n<p data-start=\"783\" data-end=\"871\">Es ist <strong data-start=\"783\" data-end=\"798\">ohne Kette<\/strong> erh\u00e4ltlich, so dass Sie es mit jeder Silberkette kombinieren k\u00f6nnen, die Sie m\u00f6gen.<\/p>\n<\/li>\n<li data-start=\"872\" data-end=\"954\">\n<p data-start=\"874\" data-end=\"954\">Ein raffinierter und doch lustiger Look, der elegant und lebendig zugleich ist.<\/p>\n<\/li>\n<\/ul>\n<p data-start=\"956\" data-end=\"1085\" data-is-last-node=\"\" data-is-only-node=\"\">Das perfekte Geschenk f\u00fcr jemanden, der an die Sch\u00f6nheit des Lebens und die Kraft der Farben glaubt &#8211; ein Anh\u00e4nger, der immer positive Energie ausstrahlt. \ud83c\udf38\ud83d\udcab<\/p>\n","protected":false},"excerpt":{"rendered":"<p>Als Symbol des Lebens, der Erneuerung und der Harmonie ist dieser besondere <strong data-start=\"151\" data-end=\"167\">Lebensbaum-Anh\u00e4nger<\/strong> mit brillanten, farbenfrohen Zirkonia-Steinen verziert. \ud83c\udf08\ud83c\udf33<\/p>\n","protected":false},"featured_media":110370,"template":"","meta":{"_acf_changed":false},"product_brand":[],"product_cat":[616],"product_tag":[527,634,576],"class_list":{"0":"post-111830","1":"product","2":"type-product","3":"status-publish","4":"has-post-thumbnail","6":"product_cat-silberne-anhanger","7":"product_tag-silberschmuck-fur-damen","8":"product_tag-farbenfroh","9":"product_tag-spirituell","10":"description-off","12":"first","13":"instock","14":"sale","15":"taxable","16":"shipping-taxable","17":"purchasable","18":"product-type-simple"},"acf":[],"yoast_head":"<!-- This site is optimized with the Yoast SEO plugin v27.4 - https:\/\/yoast.com\/product\/yoast-seo-wordpress\/ -->\n<title>Farbiger Zirkoniastein Baum des Lebens Silberanh\u00e4nger mit Rhodiumbeschichtung - ohne Kette | Diana Silver<\/title>\n<meta name=\"description\" content=\"Fedezd fel a leny\u0171g\u00f6z\u0151 Farbiger Zirkoniastein Baum des Lebens Silberanh\u00e4nger mit Rhodiumbeschichtung - ohne Kette \u00e9kszer\u00fcnket. T\u00f6k\u00e9letes kieg\u00e9sz\u00edt\u0151 mindennapi viselethez \u00e9s k\u00fcl\u00f6nleges alkalmakra egyar\u00e1nt. Rendeld meg most!\" \/>\n<meta name=\"robots\" content=\"index, follow, max-snippet:-1, max-image-preview:large, max-video-preview:-1\" \/>\n<link rel=\"canonical\" href=\"https:\/\/dianasilver.com\/de\/termek\/farbiger-zirkoniastein-baum-des-lebens-silberanhaenger-mit-rhodiumbeschichtung-ohne-kette\/\" \/>\n<meta property=\"og:locale\" content=\"de_DE\" \/>\n<meta property=\"og:type\" content=\"article\" \/>\n<meta property=\"og:title\" content=\"Farbiger Zirkoniastein Baum des Lebens Silberanh\u00e4nger mit Rhodiumbeschichtung - ohne Kette | Diana Silver\" \/>\n<meta property=\"og:description\" content=\"Fedezd fel a leny\u0171g\u00f6z\u0151 Farbiger Zirkoniastein Baum des Lebens Silberanh\u00e4nger mit Rhodiumbeschichtung - ohne Kette \u00e9kszer\u00fcnket. T\u00f6k\u00e9letes kieg\u00e9sz\u00edt\u0151 mindennapi viselethez \u00e9s k\u00fcl\u00f6nleges alkalmakra egyar\u00e1nt. Rendeld meg most!\" \/>\n<meta property=\"og:url\" content=\"https:\/\/dianasilver.com\/de\/termek\/farbiger-zirkoniastein-baum-des-lebens-silberanhaenger-mit-rhodiumbeschichtung-ohne-kette\/\" \/>\n<meta property=\"og:site_name\" content=\"Diana Silver\" \/>\n<meta property=\"article:publisher\" content=\"https:\/\/www.facebook.com\/profile.php?id=100027231325117\" \/>\n<meta property=\"article:modified_time\" content=\"2026-03-09T23:21:47+00:00\" \/>\n<meta property=\"og:image\" content=\"https:\/\/dianasilver.com\/wp-content\/uploads\/2025\/10\/Szines-cirkonia-koves-eletfa-ezust-medal-rodium-bevonattal_2.jpg\" \/>\n\t<meta property=\"og:image:width\" content=\"1340\" \/>\n\t<meta property=\"og:image:height\" content=\"1785\" \/>\n\t<meta property=\"og:image:type\" content=\"image\/jpeg\" \/>\n<meta name=\"twitter:card\" content=\"summary_large_image\" \/>\n<meta name=\"twitter:label1\" content=\"Gesch\u00e4tzte Lesezeit\" \/>\n\t<meta name=\"twitter:data1\" content=\"1\u00a0Minute\" \/>\n<script type=\"application\/ld+json\" class=\"yoast-schema-graph\">{\"@context\":\"https:\\\/\\\/schema.org\",\"@graph\":[{\"@type\":\"WebPage\",\"@id\":\"https:\\\/\\\/dianasilver.com\\\/de\\\/termek\\\/farbiger-zirkoniastein-baum-des-lebens-silberanhaenger-mit-rhodiumbeschichtung-ohne-kette\\\/\",\"url\":\"https:\\\/\\\/dianasilver.com\\\/de\\\/termek\\\/farbiger-zirkoniastein-baum-des-lebens-silberanhaenger-mit-rhodiumbeschichtung-ohne-kette\\\/\",\"name\":\"Farbiger Zirkoniastein Baum des Lebens Silberanh\u00e4nger mit Rhodiumbeschichtung - ohne Kette | Diana Silver\",\"isPartOf\":{\"@id\":\"https:\\\/\\\/dianasilver.com\\\/de\\\/#website\"},\"primaryImageOfPage\":{\"@id\":\"https:\\\/\\\/dianasilver.com\\\/de\\\/termek\\\/farbiger-zirkoniastein-baum-des-lebens-silberanhaenger-mit-rhodiumbeschichtung-ohne-kette\\\/#primaryimage\"},\"image\":{\"@id\":\"https:\\\/\\\/dianasilver.com\\\/de\\\/termek\\\/farbiger-zirkoniastein-baum-des-lebens-silberanhaenger-mit-rhodiumbeschichtung-ohne-kette\\\/#primaryimage\"},\"thumbnailUrl\":\"https:\\\/\\\/dianasilver.com\\\/wp-content\\\/uploads\\\/2025\\\/10\\\/Szines-cirkonia-koves-eletfa-ezust-medal-rodium-bevonattal_2.jpg\",\"datePublished\":\"2025-10-25T15:19:56+00:00\",\"dateModified\":\"2026-03-09T23:21:47+00:00\",\"description\":\"Fedezd fel a leny\u0171g\u00f6z\u0151 Farbiger Zirkoniastein Baum des Lebens Silberanh\u00e4nger mit Rhodiumbeschichtung - ohne Kette \u00e9kszer\u00fcnket. T\u00f6k\u00e9letes kieg\u00e9sz\u00edt\u0151 mindennapi viselethez \u00e9s k\u00fcl\u00f6nleges alkalmakra egyar\u00e1nt. Rendeld meg most!\",\"breadcrumb\":{\"@id\":\"https:\\\/\\\/dianasilver.com\\\/de\\\/termek\\\/farbiger-zirkoniastein-baum-des-lebens-silberanhaenger-mit-rhodiumbeschichtung-ohne-kette\\\/#breadcrumb\"},\"inLanguage\":\"de\",\"potentialAction\":[{\"@type\":\"ReadAction\",\"target\":[\"https:\\\/\\\/dianasilver.com\\\/de\\\/termek\\\/farbiger-zirkoniastein-baum-des-lebens-silberanhaenger-mit-rhodiumbeschichtung-ohne-kette\\\/\"]}]},{\"@type\":\"ImageObject\",\"inLanguage\":\"de\",\"@id\":\"https:\\\/\\\/dianasilver.com\\\/de\\\/termek\\\/farbiger-zirkoniastein-baum-des-lebens-silberanhaenger-mit-rhodiumbeschichtung-ohne-kette\\\/#primaryimage\",\"url\":\"https:\\\/\\\/dianasilver.com\\\/wp-content\\\/uploads\\\/2025\\\/10\\\/Szines-cirkonia-koves-eletfa-ezust-medal-rodium-bevonattal_2.jpg\",\"contentUrl\":\"https:\\\/\\\/dianasilver.com\\\/wp-content\\\/uploads\\\/2025\\\/10\\\/Szines-cirkonia-koves-eletfa-ezust-medal-rodium-bevonattal_2.jpg\",\"width\":1340,\"height\":1785},{\"@type\":\"BreadcrumbList\",\"@id\":\"https:\\\/\\\/dianasilver.com\\\/de\\\/termek\\\/farbiger-zirkoniastein-baum-des-lebens-silberanhaenger-mit-rhodiumbeschichtung-ohne-kette\\\/#breadcrumb\",\"itemListElement\":[{\"@type\":\"ListItem\",\"position\":1,\"name\":\"Kezd\u0151lap\",\"item\":\"https:\\\/\\\/dianasilver.com\\\/de\\\/diana-silver-silberschmuck-webshop\\\/\"},{\"@type\":\"ListItem\",\"position\":2,\"name\":\"Shop\",\"item\":\"https:\\\/\\\/dianasilver.com\\\/de\\\/shop\\\/\"},{\"@type\":\"ListItem\",\"position\":3,\"name\":\"Farbiger Zirkoniastein Baum des Lebens Silberanh\u00e4nger mit Rhodiumbeschichtung &#8211; ohne Kette\"}]},{\"@type\":\"WebSite\",\"@id\":\"https:\\\/\\\/dianasilver.com\\\/de\\\/#website\",\"url\":\"https:\\\/\\\/dianasilver.com\\\/de\\\/\",\"name\":\"Diana Silver\",\"description\":\"Tedd t\u00f6k\u00e9letesebb\u00e9 mindennapjaid a Diana Silver \u00e9kszereivel.\",\"publisher\":{\"@id\":\"https:\\\/\\\/dianasilver.com\\\/de\\\/#organization\"},\"alternateName\":\"Ez\u00fcst \u00c9kszer Web\u00e1ruh\u00e1z\",\"potentialAction\":[{\"@type\":\"SearchAction\",\"target\":{\"@type\":\"EntryPoint\",\"urlTemplate\":\"https:\\\/\\\/dianasilver.com\\\/de\\\/?s={search_term_string}\"},\"query-input\":{\"@type\":\"PropertyValueSpecification\",\"valueRequired\":true,\"valueName\":\"search_term_string\"}}],\"inLanguage\":\"de\"},{\"@type\":\"Organization\",\"@id\":\"https:\\\/\\\/dianasilver.com\\\/de\\\/#organization\",\"name\":\"Diana Silver\",\"url\":\"https:\\\/\\\/dianasilver.com\\\/de\\\/\",\"logo\":{\"@type\":\"ImageObject\",\"inLanguage\":\"de\",\"@id\":\"https:\\\/\\\/dianasilver.com\\\/de\\\/#\\\/schema\\\/logo\\\/image\\\/\",\"url\":\"https:\\\/\\\/dianasilver.com\\\/wp-content\\\/uploads\\\/2022\\\/08\\\/ezust-feher-1-koves-buttonos-stekkeres-fulbevalo-42.webp\",\"contentUrl\":\"https:\\\/\\\/dianasilver.com\\\/wp-content\\\/uploads\\\/2022\\\/08\\\/ezust-feher-1-koves-buttonos-stekkeres-fulbevalo-42.webp\",\"width\":300,\"height\":154,\"caption\":\"Diana Silver\"},\"image\":{\"@id\":\"https:\\\/\\\/dianasilver.com\\\/de\\\/#\\\/schema\\\/logo\\\/image\\\/\"},\"sameAs\":[\"https:\\\/\\\/www.facebook.com\\\/profile.php?id=100027231325117\"]}]}<\/script>\n<!-- \/ Yoast SEO plugin. -->","yoast_head_json":{"title":"Farbiger Zirkoniastein Baum des Lebens Silberanh\u00e4nger mit Rhodiumbeschichtung - ohne Kette | Diana Silver","description":"Fedezd fel a leny\u0171g\u00f6z\u0151 Farbiger Zirkoniastein Baum des Lebens Silberanh\u00e4nger mit Rhodiumbeschichtung - ohne Kette \u00e9kszer\u00fcnket. T\u00f6k\u00e9letes kieg\u00e9sz\u00edt\u0151 mindennapi viselethez \u00e9s k\u00fcl\u00f6nleges alkalmakra egyar\u00e1nt. Rendeld meg most!","robots":{"index":"index","follow":"follow","max-snippet":"max-snippet:-1","max-image-preview":"max-image-preview:large","max-video-preview":"max-video-preview:-1"},"canonical":"https:\/\/dianasilver.com\/de\/termek\/farbiger-zirkoniastein-baum-des-lebens-silberanhaenger-mit-rhodiumbeschichtung-ohne-kette\/","og_locale":"de_DE","og_type":"article","og_title":"Farbiger Zirkoniastein Baum des Lebens Silberanh\u00e4nger mit Rhodiumbeschichtung - ohne Kette | Diana Silver","og_description":"Fedezd fel a leny\u0171g\u00f6z\u0151 Farbiger Zirkoniastein Baum des Lebens Silberanh\u00e4nger mit Rhodiumbeschichtung - ohne Kette \u00e9kszer\u00fcnket. T\u00f6k\u00e9letes kieg\u00e9sz\u00edt\u0151 mindennapi viselethez \u00e9s k\u00fcl\u00f6nleges alkalmakra egyar\u00e1nt. Rendeld meg most!","og_url":"https:\/\/dianasilver.com\/de\/termek\/farbiger-zirkoniastein-baum-des-lebens-silberanhaenger-mit-rhodiumbeschichtung-ohne-kette\/","og_site_name":"Diana Silver","article_publisher":"https:\/\/www.facebook.com\/profile.php?id=100027231325117","article_modified_time":"2026-03-09T23:21:47+00:00","og_image":[{"width":1340,"height":1785,"url":"https:\/\/dianasilver.com\/wp-content\/uploads\/2025\/10\/Szines-cirkonia-koves-eletfa-ezust-medal-rodium-bevonattal_2.jpg","type":"image\/jpeg"}],"twitter_card":"summary_large_image","twitter_misc":{"Gesch\u00e4tzte Lesezeit":"1\u00a0Minute"},"schema":{"@context":"https:\/\/schema.org","@graph":[{"@type":"WebPage","@id":"https:\/\/dianasilver.com\/de\/termek\/farbiger-zirkoniastein-baum-des-lebens-silberanhaenger-mit-rhodiumbeschichtung-ohne-kette\/","url":"https:\/\/dianasilver.com\/de\/termek\/farbiger-zirkoniastein-baum-des-lebens-silberanhaenger-mit-rhodiumbeschichtung-ohne-kette\/","name":"Farbiger Zirkoniastein Baum des Lebens Silberanh\u00e4nger mit Rhodiumbeschichtung - ohne Kette | Diana Silver","isPartOf":{"@id":"https:\/\/dianasilver.com\/de\/#website"},"primaryImageOfPage":{"@id":"https:\/\/dianasilver.com\/de\/termek\/farbiger-zirkoniastein-baum-des-lebens-silberanhaenger-mit-rhodiumbeschichtung-ohne-kette\/#primaryimage"},"image":{"@id":"https:\/\/dianasilver.com\/de\/termek\/farbiger-zirkoniastein-baum-des-lebens-silberanhaenger-mit-rhodiumbeschichtung-ohne-kette\/#primaryimage"},"thumbnailUrl":"https:\/\/dianasilver.com\/wp-content\/uploads\/2025\/10\/Szines-cirkonia-koves-eletfa-ezust-medal-rodium-bevonattal_2.jpg","datePublished":"2025-10-25T15:19:56+00:00","dateModified":"2026-03-09T23:21:47+00:00","description":"Fedezd fel a leny\u0171g\u00f6z\u0151 Farbiger Zirkoniastein Baum des Lebens Silberanh\u00e4nger mit Rhodiumbeschichtung - ohne Kette \u00e9kszer\u00fcnket. T\u00f6k\u00e9letes kieg\u00e9sz\u00edt\u0151 mindennapi viselethez \u00e9s k\u00fcl\u00f6nleges alkalmakra egyar\u00e1nt. Rendeld meg most!","breadcrumb":{"@id":"https:\/\/dianasilver.com\/de\/termek\/farbiger-zirkoniastein-baum-des-lebens-silberanhaenger-mit-rhodiumbeschichtung-ohne-kette\/#breadcrumb"},"inLanguage":"de","potentialAction":[{"@type":"ReadAction","target":["https:\/\/dianasilver.com\/de\/termek\/farbiger-zirkoniastein-baum-des-lebens-silberanhaenger-mit-rhodiumbeschichtung-ohne-kette\/"]}]},{"@type":"ImageObject","inLanguage":"de","@id":"https:\/\/dianasilver.com\/de\/termek\/farbiger-zirkoniastein-baum-des-lebens-silberanhaenger-mit-rhodiumbeschichtung-ohne-kette\/#primaryimage","url":"https:\/\/dianasilver.com\/wp-content\/uploads\/2025\/10\/Szines-cirkonia-koves-eletfa-ezust-medal-rodium-bevonattal_2.jpg","contentUrl":"https:\/\/dianasilver.com\/wp-content\/uploads\/2025\/10\/Szines-cirkonia-koves-eletfa-ezust-medal-rodium-bevonattal_2.jpg","width":1340,"height":1785},{"@type":"BreadcrumbList","@id":"https:\/\/dianasilver.com\/de\/termek\/farbiger-zirkoniastein-baum-des-lebens-silberanhaenger-mit-rhodiumbeschichtung-ohne-kette\/#breadcrumb","itemListElement":[{"@type":"ListItem","position":1,"name":"Kezd\u0151lap","item":"https:\/\/dianasilver.com\/de\/diana-silver-silberschmuck-webshop\/"},{"@type":"ListItem","position":2,"name":"Shop","item":"https:\/\/dianasilver.com\/de\/shop\/"},{"@type":"ListItem","position":3,"name":"Farbiger Zirkoniastein Baum des Lebens Silberanh\u00e4nger mit Rhodiumbeschichtung &#8211; ohne Kette"}]},{"@type":"WebSite","@id":"https:\/\/dianasilver.com\/de\/#website","url":"https:\/\/dianasilver.com\/de\/","name":"Diana Silver","description":"Tedd t\u00f6k\u00e9letesebb\u00e9 mindennapjaid a Diana Silver \u00e9kszereivel.","publisher":{"@id":"https:\/\/dianasilver.com\/de\/#organization"},"alternateName":"Ez\u00fcst \u00c9kszer Web\u00e1ruh\u00e1z","potentialAction":[{"@type":"SearchAction","target":{"@type":"EntryPoint","urlTemplate":"https:\/\/dianasilver.com\/de\/?s={search_term_string}"},"query-input":{"@type":"PropertyValueSpecification","valueRequired":true,"valueName":"search_term_string"}}],"inLanguage":"de"},{"@type":"Organization","@id":"https:\/\/dianasilver.com\/de\/#organization","name":"Diana Silver","url":"https:\/\/dianasilver.com\/de\/","logo":{"@type":"ImageObject","inLanguage":"de","@id":"https:\/\/dianasilver.com\/de\/#\/schema\/logo\/image\/","url":"https:\/\/dianasilver.com\/wp-content\/uploads\/2022\/08\/ezust-feher-1-koves-buttonos-stekkeres-fulbevalo-42.webp","contentUrl":"https:\/\/dianasilver.com\/wp-content\/uploads\/2022\/08\/ezust-feher-1-koves-buttonos-stekkeres-fulbevalo-42.webp","width":300,"height":154,"caption":"Diana Silver"},"image":{"@id":"https:\/\/dianasilver.com\/de\/#\/schema\/logo\/image\/"},"sameAs":["https:\/\/www.facebook.com\/profile.php?id=100027231325117"]}]}},"_links":{"self":[{"href":"https:\/\/dianasilver.com\/de\/wp-json\/wp\/v2\/product\/111830","targetHints":{"allow":["GET"]}}],"collection":[{"href":"https:\/\/dianasilver.com\/de\/wp-json\/wp\/v2\/product"}],"about":[{"href":"https:\/\/dianasilver.com\/de\/wp-json\/wp\/v2\/types\/product"}],"version-history":[{"count":0,"href":"https:\/\/dianasilver.com\/de\/wp-json\/wp\/v2\/product\/111830\/revisions"}],"wp:featuredmedia":[{"embeddable":true,"href":"https:\/\/dianasilver.com\/de\/wp-json\/wp\/v2\/media\/110370"}],"wp:attachment":[{"href":"https:\/\/dianasilver.com\/de\/wp-json\/wp\/v2\/media?parent=111830"}],"wp:term":[{"taxonomy":"product_brand","embeddable":true,"href":"https:\/\/dianasilver.com\/de\/wp-json\/wp\/v2\/product_brand?post=111830"},{"taxonomy":"product_cat","embeddable":true,"href":"https:\/\/dianasilver.com\/de\/wp-json\/wp\/v2\/product_cat?post=111830"},{"taxonomy":"product_tag","embeddable":true,"href":"https:\/\/dianasilver.com\/de\/wp-json\/wp\/v2\/product_tag?post=111830"}],"curies":[{"name":"wp","href":"https:\/\/api.w.org\/{rel}","templated":true}]}}