{"id":111827,"date":"2025-10-25T17:01:41","date_gmt":"2025-10-25T15:01:41","guid":{"rendered":"https:\/\/dianasilver.hu\/termek\/silberner-zirkoniastein-baum-des-lebens-anhaenger-mit-rhodiumbeschichtung-ohne-kette\/"},"modified":"2026-01-16T16:59:29","modified_gmt":"2026-01-16T15:59:29","slug":"silberner-zirkoniastein-baum-des-lebens-anhaenger-mit-rhodiumbeschichtung-ohne-kette","status":"publish","type":"product","link":"https:\/\/dianasilver.com\/de\/termek\/silberner-zirkoniastein-baum-des-lebens-anhaenger-mit-rhodiumbeschichtung-ohne-kette\/","title":{"rendered":"Silberner Zirkoniastein Baum des Lebens Anh\u00e4nger mit Rhodiumbeschichtung &#8211; ohne Kette"},"content":{"rendered":"<h2 data-start=\"370\" data-end=\"445\"><strong data-start=\"370\" data-end=\"443\">Silberanh\u00e4nger mit Zirkoniasteinen &#8211; ein Schmuckst\u00fcck der Harmonie und Erneuerung<\/strong><\/h2>\n<ul data-start=\"447\" data-end=\"1101\">\n<li data-start=\"447\" data-end=\"576\">\n<p data-start=\"449\" data-end=\"576\">Hergestellt <strong data-start=\"457\" data-end=\"476\">aus AG 925 Silber<\/strong> <strong data-start=\"478\" data-end=\"499\">mit Rhodiumbeschichtung<\/strong>, die den Glanz lange bewahrt und den Schmuck vor Verf\u00e4rbungen sch\u00fctzt.<\/p>\n<\/li>\n<li data-start=\"577\" data-end=\"717\">\n<p data-start=\"579\" data-end=\"717\">Der <strong data-start=\"581\" data-end=\"600\">runde Rahmen<\/strong> ist mit zart schimmernden Zirkonia verziert, die das detailreiche Design des <strong data-start=\"669\" data-end=\"687\">Lebensbaum-Motivs<\/strong> im Inneren akzentuieren.<\/p>\n<\/li>\n<li data-start=\"718\" data-end=\"867\">\n<p data-start=\"720\" data-end=\"867\">Die Symbolik des Lebensbaums steht f\u00fcr <strong data-start=\"746\" data-end=\"789\">St\u00e4rke, Wachstum und Zusammengeh\u00f6rigkeit<\/strong> &#8211; ein Geschenk mit besonderer Bedeutung f\u00fcr Ihre Liebsten.<\/p>\n<\/li>\n<li data-start=\"868\" data-end=\"998\">\n<p data-start=\"870\" data-end=\"998\">Da sie <strong data-start=\"870\" data-end=\"885\">ohne Kette<\/strong> erh\u00e4ltlich ist, kann sie mit jeder Silberkette kombiniert werden &#8211; egal, ob es sich um einen schlankeren oder einen charaktervolleren Stil handelt.<\/p>\n<\/li>\n<li data-start=\"999\" data-end=\"1101\">\n<p data-start=\"1001\" data-end=\"1101\">Der anspruchsvolle, moderne Look ist perfekt f\u00fcr den Alltag und festliche Anl\u00e4sse.<\/p>\n<\/li>\n<\/ul>\n<p data-start=\"1103\" data-end=\"1218\" data-is-last-node=\"\" data-is-only-node=\"\">Ein Anh\u00e4nger, der nicht nur eine Zierde ist, sondern auch eine tiefgr\u00fcndige Botschaft enth\u00e4lt &#8211; ein Symbol f\u00fcr den Kreislauf des Lebens und seine Kraft. \ud83c\udf3f\ud83d\udcab<\/p>\n","protected":false},"excerpt":{"rendered":"<p>Als Symbol f\u00fcr Leben, Wachstum und Harmonie ist dieser pr\u00e4chtige <strong data-start=\"281\" data-end=\"297\">Lebensbaum-Anh\u00e4nger<\/strong> mit brillanten Zirkonia-Steinen verziert. \ud83c\udf33\u2728<\/p>\n","protected":false},"featured_media":110350,"template":"","meta":{"_acf_changed":false},"product_brand":[],"product_cat":[616],"product_tag":[527,576],"class_list":{"0":"post-111827","1":"product","2":"type-product","3":"status-publish","4":"has-post-thumbnail","6":"product_cat-silberne-anhanger","7":"product_tag-silberschmuck-fur-damen","8":"product_tag-spirituell","9":"description-off","11":"first","12":"instock","13":"sale","14":"taxable","15":"shipping-taxable","16":"purchasable","17":"product-type-simple"},"acf":[],"yoast_head":"<!-- This site is optimized with the Yoast SEO plugin v27.4 - https:\/\/yoast.com\/product\/yoast-seo-wordpress\/ -->\n<title>Silberner Zirkoniastein Baum des Lebens Anh\u00e4nger mit Rhodiumbeschichtung - ohne Kette | Diana Silver<\/title>\n<meta name=\"description\" content=\"Fedezd fel a leny\u0171g\u00f6z\u0151 Silberner Zirkoniastein Baum des Lebens Anh\u00e4nger mit Rhodiumbeschichtung - ohne Kette \u00e9kszer\u00fcnket. T\u00f6k\u00e9letes kieg\u00e9sz\u00edt\u0151 mindennapi viselethez \u00e9s k\u00fcl\u00f6nleges alkalmakra egyar\u00e1nt. Rendeld meg most!\" \/>\n<meta name=\"robots\" content=\"index, follow, max-snippet:-1, max-image-preview:large, max-video-preview:-1\" \/>\n<link rel=\"canonical\" href=\"https:\/\/dianasilver.com\/de\/termek\/silberner-zirkoniastein-baum-des-lebens-anhaenger-mit-rhodiumbeschichtung-ohne-kette\/\" \/>\n<meta property=\"og:locale\" content=\"de_DE\" \/>\n<meta property=\"og:type\" content=\"article\" \/>\n<meta property=\"og:title\" content=\"Silberner Zirkoniastein Baum des Lebens Anh\u00e4nger mit Rhodiumbeschichtung - ohne Kette | Diana Silver\" \/>\n<meta property=\"og:description\" content=\"Fedezd fel a leny\u0171g\u00f6z\u0151 Silberner Zirkoniastein Baum des Lebens Anh\u00e4nger mit Rhodiumbeschichtung - ohne Kette \u00e9kszer\u00fcnket. T\u00f6k\u00e9letes kieg\u00e9sz\u00edt\u0151 mindennapi viselethez \u00e9s k\u00fcl\u00f6nleges alkalmakra egyar\u00e1nt. Rendeld meg most!\" \/>\n<meta property=\"og:url\" content=\"https:\/\/dianasilver.com\/de\/termek\/silberner-zirkoniastein-baum-des-lebens-anhaenger-mit-rhodiumbeschichtung-ohne-kette\/\" \/>\n<meta property=\"og:site_name\" content=\"Diana Silver\" \/>\n<meta property=\"article:publisher\" content=\"https:\/\/www.facebook.com\/profile.php?id=100027231325117\" \/>\n<meta property=\"article:modified_time\" content=\"2026-01-16T15:59:29+00:00\" \/>\n<meta property=\"og:image\" content=\"https:\/\/dianasilver.com\/wp-content\/uploads\/2025\/10\/Ezust-cirkonia-koves-eletfa-medal-rodium-bevonattal_2.jpg\" \/>\n\t<meta property=\"og:image:width\" content=\"1340\" \/>\n\t<meta property=\"og:image:height\" content=\"1785\" \/>\n\t<meta property=\"og:image:type\" content=\"image\/jpeg\" \/>\n<meta name=\"twitter:card\" content=\"summary_large_image\" \/>\n<meta name=\"twitter:label1\" content=\"Gesch\u00e4tzte Lesezeit\" \/>\n\t<meta name=\"twitter:data1\" content=\"1\u00a0Minute\" \/>\n<script type=\"application\/ld+json\" class=\"yoast-schema-graph\">{\"@context\":\"https:\\\/\\\/schema.org\",\"@graph\":[{\"@type\":\"WebPage\",\"@id\":\"https:\\\/\\\/dianasilver.com\\\/de\\\/termek\\\/silberner-zirkoniastein-baum-des-lebens-anhaenger-mit-rhodiumbeschichtung-ohne-kette\\\/\",\"url\":\"https:\\\/\\\/dianasilver.com\\\/de\\\/termek\\\/silberner-zirkoniastein-baum-des-lebens-anhaenger-mit-rhodiumbeschichtung-ohne-kette\\\/\",\"name\":\"Silberner Zirkoniastein Baum des Lebens Anh\u00e4nger mit Rhodiumbeschichtung - ohne Kette | Diana Silver\",\"isPartOf\":{\"@id\":\"https:\\\/\\\/dianasilver.com\\\/de\\\/#website\"},\"primaryImageOfPage\":{\"@id\":\"https:\\\/\\\/dianasilver.com\\\/de\\\/termek\\\/silberner-zirkoniastein-baum-des-lebens-anhaenger-mit-rhodiumbeschichtung-ohne-kette\\\/#primaryimage\"},\"image\":{\"@id\":\"https:\\\/\\\/dianasilver.com\\\/de\\\/termek\\\/silberner-zirkoniastein-baum-des-lebens-anhaenger-mit-rhodiumbeschichtung-ohne-kette\\\/#primaryimage\"},\"thumbnailUrl\":\"https:\\\/\\\/dianasilver.com\\\/wp-content\\\/uploads\\\/2025\\\/10\\\/Ezust-cirkonia-koves-eletfa-medal-rodium-bevonattal_2.jpg\",\"datePublished\":\"2025-10-25T15:01:41+00:00\",\"dateModified\":\"2026-01-16T15:59:29+00:00\",\"description\":\"Fedezd fel a leny\u0171g\u00f6z\u0151 Silberner Zirkoniastein Baum des Lebens Anh\u00e4nger mit Rhodiumbeschichtung - ohne Kette \u00e9kszer\u00fcnket. T\u00f6k\u00e9letes kieg\u00e9sz\u00edt\u0151 mindennapi viselethez \u00e9s k\u00fcl\u00f6nleges alkalmakra egyar\u00e1nt. Rendeld meg most!\",\"breadcrumb\":{\"@id\":\"https:\\\/\\\/dianasilver.com\\\/de\\\/termek\\\/silberner-zirkoniastein-baum-des-lebens-anhaenger-mit-rhodiumbeschichtung-ohne-kette\\\/#breadcrumb\"},\"inLanguage\":\"de\",\"potentialAction\":[{\"@type\":\"ReadAction\",\"target\":[\"https:\\\/\\\/dianasilver.com\\\/de\\\/termek\\\/silberner-zirkoniastein-baum-des-lebens-anhaenger-mit-rhodiumbeschichtung-ohne-kette\\\/\"]}]},{\"@type\":\"ImageObject\",\"inLanguage\":\"de\",\"@id\":\"https:\\\/\\\/dianasilver.com\\\/de\\\/termek\\\/silberner-zirkoniastein-baum-des-lebens-anhaenger-mit-rhodiumbeschichtung-ohne-kette\\\/#primaryimage\",\"url\":\"https:\\\/\\\/dianasilver.com\\\/wp-content\\\/uploads\\\/2025\\\/10\\\/Ezust-cirkonia-koves-eletfa-medal-rodium-bevonattal_2.jpg\",\"contentUrl\":\"https:\\\/\\\/dianasilver.com\\\/wp-content\\\/uploads\\\/2025\\\/10\\\/Ezust-cirkonia-koves-eletfa-medal-rodium-bevonattal_2.jpg\",\"width\":1340,\"height\":1785},{\"@type\":\"BreadcrumbList\",\"@id\":\"https:\\\/\\\/dianasilver.com\\\/de\\\/termek\\\/silberner-zirkoniastein-baum-des-lebens-anhaenger-mit-rhodiumbeschichtung-ohne-kette\\\/#breadcrumb\",\"itemListElement\":[{\"@type\":\"ListItem\",\"position\":1,\"name\":\"Kezd\u0151lap\",\"item\":\"https:\\\/\\\/dianasilver.com\\\/de\\\/diana-silver-silberschmuck-webshop\\\/\"},{\"@type\":\"ListItem\",\"position\":2,\"name\":\"Shop\",\"item\":\"https:\\\/\\\/dianasilver.com\\\/de\\\/shop\\\/\"},{\"@type\":\"ListItem\",\"position\":3,\"name\":\"Silberner Zirkoniastein Baum des Lebens Anh\u00e4nger mit Rhodiumbeschichtung &#8211; ohne Kette\"}]},{\"@type\":\"WebSite\",\"@id\":\"https:\\\/\\\/dianasilver.com\\\/de\\\/#website\",\"url\":\"https:\\\/\\\/dianasilver.com\\\/de\\\/\",\"name\":\"Diana Silver\",\"description\":\"Tedd t\u00f6k\u00e9letesebb\u00e9 mindennapjaid a Diana Silver \u00e9kszereivel.\",\"publisher\":{\"@id\":\"https:\\\/\\\/dianasilver.com\\\/de\\\/#organization\"},\"alternateName\":\"Ez\u00fcst \u00c9kszer Web\u00e1ruh\u00e1z\",\"potentialAction\":[{\"@type\":\"SearchAction\",\"target\":{\"@type\":\"EntryPoint\",\"urlTemplate\":\"https:\\\/\\\/dianasilver.com\\\/de\\\/?s={search_term_string}\"},\"query-input\":{\"@type\":\"PropertyValueSpecification\",\"valueRequired\":true,\"valueName\":\"search_term_string\"}}],\"inLanguage\":\"de\"},{\"@type\":\"Organization\",\"@id\":\"https:\\\/\\\/dianasilver.com\\\/de\\\/#organization\",\"name\":\"Diana Silver\",\"url\":\"https:\\\/\\\/dianasilver.com\\\/de\\\/\",\"logo\":{\"@type\":\"ImageObject\",\"inLanguage\":\"de\",\"@id\":\"https:\\\/\\\/dianasilver.com\\\/de\\\/#\\\/schema\\\/logo\\\/image\\\/\",\"url\":\"https:\\\/\\\/dianasilver.com\\\/wp-content\\\/uploads\\\/2022\\\/08\\\/ezust-feher-1-koves-buttonos-stekkeres-fulbevalo-42.webp\",\"contentUrl\":\"https:\\\/\\\/dianasilver.com\\\/wp-content\\\/uploads\\\/2022\\\/08\\\/ezust-feher-1-koves-buttonos-stekkeres-fulbevalo-42.webp\",\"width\":300,\"height\":154,\"caption\":\"Diana Silver\"},\"image\":{\"@id\":\"https:\\\/\\\/dianasilver.com\\\/de\\\/#\\\/schema\\\/logo\\\/image\\\/\"},\"sameAs\":[\"https:\\\/\\\/www.facebook.com\\\/profile.php?id=100027231325117\"]}]}<\/script>\n<!-- \/ Yoast SEO plugin. -->","yoast_head_json":{"title":"Silberner Zirkoniastein Baum des Lebens Anh\u00e4nger mit Rhodiumbeschichtung - ohne Kette | Diana Silver","description":"Fedezd fel a leny\u0171g\u00f6z\u0151 Silberner Zirkoniastein Baum des Lebens Anh\u00e4nger mit Rhodiumbeschichtung - ohne Kette \u00e9kszer\u00fcnket. T\u00f6k\u00e9letes kieg\u00e9sz\u00edt\u0151 mindennapi viselethez \u00e9s k\u00fcl\u00f6nleges alkalmakra egyar\u00e1nt. Rendeld meg most!","robots":{"index":"index","follow":"follow","max-snippet":"max-snippet:-1","max-image-preview":"max-image-preview:large","max-video-preview":"max-video-preview:-1"},"canonical":"https:\/\/dianasilver.com\/de\/termek\/silberner-zirkoniastein-baum-des-lebens-anhaenger-mit-rhodiumbeschichtung-ohne-kette\/","og_locale":"de_DE","og_type":"article","og_title":"Silberner Zirkoniastein Baum des Lebens Anh\u00e4nger mit Rhodiumbeschichtung - ohne Kette | Diana Silver","og_description":"Fedezd fel a leny\u0171g\u00f6z\u0151 Silberner Zirkoniastein Baum des Lebens Anh\u00e4nger mit Rhodiumbeschichtung - ohne Kette \u00e9kszer\u00fcnket. T\u00f6k\u00e9letes kieg\u00e9sz\u00edt\u0151 mindennapi viselethez \u00e9s k\u00fcl\u00f6nleges alkalmakra egyar\u00e1nt. Rendeld meg most!","og_url":"https:\/\/dianasilver.com\/de\/termek\/silberner-zirkoniastein-baum-des-lebens-anhaenger-mit-rhodiumbeschichtung-ohne-kette\/","og_site_name":"Diana Silver","article_publisher":"https:\/\/www.facebook.com\/profile.php?id=100027231325117","article_modified_time":"2026-01-16T15:59:29+00:00","og_image":[{"width":1340,"height":1785,"url":"https:\/\/dianasilver.com\/wp-content\/uploads\/2025\/10\/Ezust-cirkonia-koves-eletfa-medal-rodium-bevonattal_2.jpg","type":"image\/jpeg"}],"twitter_card":"summary_large_image","twitter_misc":{"Gesch\u00e4tzte Lesezeit":"1\u00a0Minute"},"schema":{"@context":"https:\/\/schema.org","@graph":[{"@type":"WebPage","@id":"https:\/\/dianasilver.com\/de\/termek\/silberner-zirkoniastein-baum-des-lebens-anhaenger-mit-rhodiumbeschichtung-ohne-kette\/","url":"https:\/\/dianasilver.com\/de\/termek\/silberner-zirkoniastein-baum-des-lebens-anhaenger-mit-rhodiumbeschichtung-ohne-kette\/","name":"Silberner Zirkoniastein Baum des Lebens Anh\u00e4nger mit Rhodiumbeschichtung - ohne Kette | Diana Silver","isPartOf":{"@id":"https:\/\/dianasilver.com\/de\/#website"},"primaryImageOfPage":{"@id":"https:\/\/dianasilver.com\/de\/termek\/silberner-zirkoniastein-baum-des-lebens-anhaenger-mit-rhodiumbeschichtung-ohne-kette\/#primaryimage"},"image":{"@id":"https:\/\/dianasilver.com\/de\/termek\/silberner-zirkoniastein-baum-des-lebens-anhaenger-mit-rhodiumbeschichtung-ohne-kette\/#primaryimage"},"thumbnailUrl":"https:\/\/dianasilver.com\/wp-content\/uploads\/2025\/10\/Ezust-cirkonia-koves-eletfa-medal-rodium-bevonattal_2.jpg","datePublished":"2025-10-25T15:01:41+00:00","dateModified":"2026-01-16T15:59:29+00:00","description":"Fedezd fel a leny\u0171g\u00f6z\u0151 Silberner Zirkoniastein Baum des Lebens Anh\u00e4nger mit Rhodiumbeschichtung - ohne Kette \u00e9kszer\u00fcnket. T\u00f6k\u00e9letes kieg\u00e9sz\u00edt\u0151 mindennapi viselethez \u00e9s k\u00fcl\u00f6nleges alkalmakra egyar\u00e1nt. Rendeld meg most!","breadcrumb":{"@id":"https:\/\/dianasilver.com\/de\/termek\/silberner-zirkoniastein-baum-des-lebens-anhaenger-mit-rhodiumbeschichtung-ohne-kette\/#breadcrumb"},"inLanguage":"de","potentialAction":[{"@type":"ReadAction","target":["https:\/\/dianasilver.com\/de\/termek\/silberner-zirkoniastein-baum-des-lebens-anhaenger-mit-rhodiumbeschichtung-ohne-kette\/"]}]},{"@type":"ImageObject","inLanguage":"de","@id":"https:\/\/dianasilver.com\/de\/termek\/silberner-zirkoniastein-baum-des-lebens-anhaenger-mit-rhodiumbeschichtung-ohne-kette\/#primaryimage","url":"https:\/\/dianasilver.com\/wp-content\/uploads\/2025\/10\/Ezust-cirkonia-koves-eletfa-medal-rodium-bevonattal_2.jpg","contentUrl":"https:\/\/dianasilver.com\/wp-content\/uploads\/2025\/10\/Ezust-cirkonia-koves-eletfa-medal-rodium-bevonattal_2.jpg","width":1340,"height":1785},{"@type":"BreadcrumbList","@id":"https:\/\/dianasilver.com\/de\/termek\/silberner-zirkoniastein-baum-des-lebens-anhaenger-mit-rhodiumbeschichtung-ohne-kette\/#breadcrumb","itemListElement":[{"@type":"ListItem","position":1,"name":"Kezd\u0151lap","item":"https:\/\/dianasilver.com\/de\/diana-silver-silberschmuck-webshop\/"},{"@type":"ListItem","position":2,"name":"Shop","item":"https:\/\/dianasilver.com\/de\/shop\/"},{"@type":"ListItem","position":3,"name":"Silberner Zirkoniastein Baum des Lebens Anh\u00e4nger mit Rhodiumbeschichtung &#8211; ohne Kette"}]},{"@type":"WebSite","@id":"https:\/\/dianasilver.com\/de\/#website","url":"https:\/\/dianasilver.com\/de\/","name":"Diana Silver","description":"Tedd t\u00f6k\u00e9letesebb\u00e9 mindennapjaid a Diana Silver \u00e9kszereivel.","publisher":{"@id":"https:\/\/dianasilver.com\/de\/#organization"},"alternateName":"Ez\u00fcst \u00c9kszer Web\u00e1ruh\u00e1z","potentialAction":[{"@type":"SearchAction","target":{"@type":"EntryPoint","urlTemplate":"https:\/\/dianasilver.com\/de\/?s={search_term_string}"},"query-input":{"@type":"PropertyValueSpecification","valueRequired":true,"valueName":"search_term_string"}}],"inLanguage":"de"},{"@type":"Organization","@id":"https:\/\/dianasilver.com\/de\/#organization","name":"Diana Silver","url":"https:\/\/dianasilver.com\/de\/","logo":{"@type":"ImageObject","inLanguage":"de","@id":"https:\/\/dianasilver.com\/de\/#\/schema\/logo\/image\/","url":"https:\/\/dianasilver.com\/wp-content\/uploads\/2022\/08\/ezust-feher-1-koves-buttonos-stekkeres-fulbevalo-42.webp","contentUrl":"https:\/\/dianasilver.com\/wp-content\/uploads\/2022\/08\/ezust-feher-1-koves-buttonos-stekkeres-fulbevalo-42.webp","width":300,"height":154,"caption":"Diana Silver"},"image":{"@id":"https:\/\/dianasilver.com\/de\/#\/schema\/logo\/image\/"},"sameAs":["https:\/\/www.facebook.com\/profile.php?id=100027231325117"]}]}},"_links":{"self":[{"href":"https:\/\/dianasilver.com\/de\/wp-json\/wp\/v2\/product\/111827","targetHints":{"allow":["GET"]}}],"collection":[{"href":"https:\/\/dianasilver.com\/de\/wp-json\/wp\/v2\/product"}],"about":[{"href":"https:\/\/dianasilver.com\/de\/wp-json\/wp\/v2\/types\/product"}],"version-history":[{"count":0,"href":"https:\/\/dianasilver.com\/de\/wp-json\/wp\/v2\/product\/111827\/revisions"}],"wp:featuredmedia":[{"embeddable":true,"href":"https:\/\/dianasilver.com\/de\/wp-json\/wp\/v2\/media\/110350"}],"wp:attachment":[{"href":"https:\/\/dianasilver.com\/de\/wp-json\/wp\/v2\/media?parent=111827"}],"wp:term":[{"taxonomy":"product_brand","embeddable":true,"href":"https:\/\/dianasilver.com\/de\/wp-json\/wp\/v2\/product_brand?post=111827"},{"taxonomy":"product_cat","embeddable":true,"href":"https:\/\/dianasilver.com\/de\/wp-json\/wp\/v2\/product_cat?post=111827"},{"taxonomy":"product_tag","embeddable":true,"href":"https:\/\/dianasilver.com\/de\/wp-json\/wp\/v2\/product_tag?post=111827"}],"curies":[{"name":"wp","href":"https:\/\/api.w.org\/{rel}","templated":true}]}}