{"id":111817,"date":"2025-10-25T13:31:25","date_gmt":"2025-10-25T11:31:25","guid":{"rendered":"https:\/\/dianasilver.hu\/termek\/silberne-rentier-ohrringe-emailliert-ag-925-rhodiniert\/"},"modified":"2026-04-09T01:35:04","modified_gmt":"2026-04-08T23:35:04","slug":"silberne-rentier-ohrringe-emailliert-ag-925-rhodiniert","status":"publish","type":"product","link":"https:\/\/dianasilver.com\/de\/termek\/silberne-rentier-ohrringe-emailliert-ag-925-rhodiniert\/","title":{"rendered":"Silberne Rentier-Ohrringe, emailliert, AG 925, rhodiniert"},"content":{"rendered":"<h2 data-start=\"370\" data-end=\"454\"><strong data-start=\"370\" data-end=\"452\">Silberne Rentier-Ohrringe &#8211; festliche Stimmung und charmanter Look in einem Schmuckst\u00fcck<\/strong><\/h2>\n<ul data-start=\"456\" data-end=\"1021\">\n<li data-start=\"456\" data-end=\"565\">\n<p data-start=\"458\" data-end=\"565\">Hergestellt <strong data-start=\"466\" data-end=\"485\">aus AG 925 Silber<\/strong> mit <strong data-start=\"487\" data-end=\"508\">einer Rhodium-Beschichtung<\/strong> f\u00fcr schimmernden Glanz und lange Lebensdauer.<\/p>\n<\/li>\n<li data-start=\"566\" data-end=\"693\">\n<p data-start=\"568\" data-end=\"693\">Die Ohrringe sind mit einem <strong data-start=\"585\" data-end=\"618\">bunten Emaille-Rentier<\/strong> mit roter Nase und s\u00fc\u00dfem Gesicht verziert &#8211; ein ikonisches Symbol f\u00fcr Weihnachten.<\/p>\n<\/li>\n<li data-start=\"694\" data-end=\"780\">\n<p data-start=\"696\" data-end=\"780\">Dank des Verschlusses <strong data-start=\"696\" data-end=\"721\">auf der Vorderseite<\/strong> k\u00f6nnen Sie es den ganzen Tag lang sicher und bequem tragen.<\/p>\n<\/li>\n<li data-start=\"781\" data-end=\"916\">\n<p data-start=\"783\" data-end=\"916\">Mit seinem fr\u00f6hlichen und doch stilvollen Aussehen ist es <strong data-start=\"823\" data-end=\"866\">ideal f\u00fcr Kinder und Erwachsene<\/strong>, die die festliche Stimmung heraufbeschw\u00f6ren m\u00f6chten.<\/p>\n<\/li>\n<li data-start=\"917\" data-end=\"1021\">\n<p data-start=\"919\" data-end=\"1021\">Feine Handwerkskunst, hochwertige Materialien und ein Hauch von Verspieltheit &#8211; das perfekte Accessoire f\u00fcr die Wintersaison.<\/p>\n<\/li>\n<\/ul>\n<p data-start=\"1023\" data-end=\"1124\">Eine kleine, funkelnde Erinnerung an die Magie der Feiertage, die ein L\u00e4cheln auf die Gesichter von Jung und Alt zaubert. \u2728\ud83d\udc96<\/p>\n","protected":false},"excerpt":{"rendered":"<p>Ein bezaubernder Silberohrring, der den Zauber von Weihnachten in jeden Tag bringt. \ud83c\udf84\ud83e\udd8c Ein fr\u00f6hliches und doch elegantes Accessoire, das sowohl M\u00e4dchen als auch Erwachsene in dieser Weihnachtszeit mit Selbstvertrauen tragen k\u00f6nnen.<\/p>\n","protected":false},"featured_media":110268,"template":"","meta":{"_acf_changed":false},"product_brand":[],"product_cat":[573],"product_tag":[527,634,650,628,639],"class_list":{"0":"post-111817","1":"product","2":"type-product","3":"status-publish","4":"has-post-thumbnail","6":"product_cat-silberne-ohrringe","7":"product_tag-silberschmuck-fur-damen","8":"product_tag-farbenfroh","9":"product_tag-kinder-silberschmuck","10":"product_tag-tiermotiv","11":"product_tag-weihnachten","12":"description-off","14":"first","15":"instock","16":"sale","17":"taxable","18":"shipping-taxable","19":"purchasable","20":"product-type-simple"},"acf":[],"yoast_head":"<!-- This site is optimized with the Yoast SEO plugin v27.4 - https:\/\/yoast.com\/product\/yoast-seo-wordpress\/ -->\n<title>Silberne Rentier-Ohrringe, emailliert, AG 925, rhodiniert | Diana Silver<\/title>\n<meta name=\"description\" content=\"Fedezd fel a leny\u0171g\u00f6z\u0151 Silberne Rentier-Ohrringe, emailliert, AG 925, rhodiniert \u00e9kszer\u00fcnket. T\u00f6k\u00e9letes kieg\u00e9sz\u00edt\u0151 mindennapi viselethez \u00e9s k\u00fcl\u00f6nleges alkalmakra egyar\u00e1nt. Rendeld meg most!\" \/>\n<meta name=\"robots\" content=\"index, follow, max-snippet:-1, max-image-preview:large, max-video-preview:-1\" \/>\n<link rel=\"canonical\" href=\"https:\/\/dianasilver.com\/de\/termek\/silberne-rentier-ohrringe-emailliert-ag-925-rhodiniert\/\" \/>\n<meta property=\"og:locale\" content=\"de_DE\" \/>\n<meta property=\"og:type\" content=\"article\" \/>\n<meta property=\"og:title\" content=\"Silberne Rentier-Ohrringe, emailliert, AG 925, rhodiniert | Diana Silver\" \/>\n<meta property=\"og:description\" content=\"Fedezd fel a leny\u0171g\u00f6z\u0151 Silberne Rentier-Ohrringe, emailliert, AG 925, rhodiniert \u00e9kszer\u00fcnket. T\u00f6k\u00e9letes kieg\u00e9sz\u00edt\u0151 mindennapi viselethez \u00e9s k\u00fcl\u00f6nleges alkalmakra egyar\u00e1nt. Rendeld meg most!\" \/>\n<meta property=\"og:url\" content=\"https:\/\/dianasilver.com\/de\/termek\/silberne-rentier-ohrringe-emailliert-ag-925-rhodiniert\/\" \/>\n<meta property=\"og:site_name\" content=\"Diana Silver\" \/>\n<meta property=\"article:publisher\" content=\"https:\/\/www.facebook.com\/profile.php?id=100027231325117\" \/>\n<meta property=\"article:modified_time\" content=\"2026-04-08T23:35:04+00:00\" \/>\n<meta property=\"og:image\" content=\"https:\/\/dianasilver.com\/wp-content\/uploads\/2025\/10\/Ezust-renszarvas-fulbevalo-zomancozott-AG-925-rodium-bevonattal_2.jpg\" \/>\n\t<meta property=\"og:image:width\" content=\"1340\" \/>\n\t<meta property=\"og:image:height\" content=\"1785\" \/>\n\t<meta property=\"og:image:type\" content=\"image\/jpeg\" \/>\n<meta name=\"twitter:card\" content=\"summary_large_image\" \/>\n<meta name=\"twitter:label1\" content=\"Gesch\u00e4tzte Lesezeit\" \/>\n\t<meta name=\"twitter:data1\" content=\"1\u00a0Minute\" \/>\n<script type=\"application\/ld+json\" class=\"yoast-schema-graph\">{\"@context\":\"https:\\\/\\\/schema.org\",\"@graph\":[{\"@type\":\"WebPage\",\"@id\":\"https:\\\/\\\/dianasilver.com\\\/de\\\/termek\\\/silberne-rentier-ohrringe-emailliert-ag-925-rhodiniert\\\/\",\"url\":\"https:\\\/\\\/dianasilver.com\\\/de\\\/termek\\\/silberne-rentier-ohrringe-emailliert-ag-925-rhodiniert\\\/\",\"name\":\"Silberne Rentier-Ohrringe, emailliert, AG 925, rhodiniert | Diana Silver\",\"isPartOf\":{\"@id\":\"https:\\\/\\\/dianasilver.com\\\/de\\\/#website\"},\"primaryImageOfPage\":{\"@id\":\"https:\\\/\\\/dianasilver.com\\\/de\\\/termek\\\/silberne-rentier-ohrringe-emailliert-ag-925-rhodiniert\\\/#primaryimage\"},\"image\":{\"@id\":\"https:\\\/\\\/dianasilver.com\\\/de\\\/termek\\\/silberne-rentier-ohrringe-emailliert-ag-925-rhodiniert\\\/#primaryimage\"},\"thumbnailUrl\":\"https:\\\/\\\/dianasilver.com\\\/wp-content\\\/uploads\\\/2025\\\/10\\\/Ezust-renszarvas-fulbevalo-zomancozott-AG-925-rodium-bevonattal_2.jpg\",\"datePublished\":\"2025-10-25T11:31:25+00:00\",\"dateModified\":\"2026-04-08T23:35:04+00:00\",\"description\":\"Fedezd fel a leny\u0171g\u00f6z\u0151 Silberne Rentier-Ohrringe, emailliert, AG 925, rhodiniert \u00e9kszer\u00fcnket. T\u00f6k\u00e9letes kieg\u00e9sz\u00edt\u0151 mindennapi viselethez \u00e9s k\u00fcl\u00f6nleges alkalmakra egyar\u00e1nt. Rendeld meg most!\",\"breadcrumb\":{\"@id\":\"https:\\\/\\\/dianasilver.com\\\/de\\\/termek\\\/silberne-rentier-ohrringe-emailliert-ag-925-rhodiniert\\\/#breadcrumb\"},\"inLanguage\":\"de\",\"potentialAction\":[{\"@type\":\"ReadAction\",\"target\":[\"https:\\\/\\\/dianasilver.com\\\/de\\\/termek\\\/silberne-rentier-ohrringe-emailliert-ag-925-rhodiniert\\\/\"]}]},{\"@type\":\"ImageObject\",\"inLanguage\":\"de\",\"@id\":\"https:\\\/\\\/dianasilver.com\\\/de\\\/termek\\\/silberne-rentier-ohrringe-emailliert-ag-925-rhodiniert\\\/#primaryimage\",\"url\":\"https:\\\/\\\/dianasilver.com\\\/wp-content\\\/uploads\\\/2025\\\/10\\\/Ezust-renszarvas-fulbevalo-zomancozott-AG-925-rodium-bevonattal_2.jpg\",\"contentUrl\":\"https:\\\/\\\/dianasilver.com\\\/wp-content\\\/uploads\\\/2025\\\/10\\\/Ezust-renszarvas-fulbevalo-zomancozott-AG-925-rodium-bevonattal_2.jpg\",\"width\":1340,\"height\":1785},{\"@type\":\"BreadcrumbList\",\"@id\":\"https:\\\/\\\/dianasilver.com\\\/de\\\/termek\\\/silberne-rentier-ohrringe-emailliert-ag-925-rhodiniert\\\/#breadcrumb\",\"itemListElement\":[{\"@type\":\"ListItem\",\"position\":1,\"name\":\"Kezd\u0151lap\",\"item\":\"https:\\\/\\\/dianasilver.com\\\/de\\\/diana-silver-silberschmuck-webshop\\\/\"},{\"@type\":\"ListItem\",\"position\":2,\"name\":\"Shop\",\"item\":\"https:\\\/\\\/dianasilver.com\\\/de\\\/shop\\\/\"},{\"@type\":\"ListItem\",\"position\":3,\"name\":\"Silberne Rentier-Ohrringe, emailliert, AG 925, rhodiniert\"}]},{\"@type\":\"WebSite\",\"@id\":\"https:\\\/\\\/dianasilver.com\\\/de\\\/#website\",\"url\":\"https:\\\/\\\/dianasilver.com\\\/de\\\/\",\"name\":\"Diana Silver\",\"description\":\"Tedd t\u00f6k\u00e9letesebb\u00e9 mindennapjaid a Diana Silver \u00e9kszereivel.\",\"publisher\":{\"@id\":\"https:\\\/\\\/dianasilver.com\\\/de\\\/#organization\"},\"alternateName\":\"Ez\u00fcst \u00c9kszer Web\u00e1ruh\u00e1z\",\"potentialAction\":[{\"@type\":\"SearchAction\",\"target\":{\"@type\":\"EntryPoint\",\"urlTemplate\":\"https:\\\/\\\/dianasilver.com\\\/de\\\/?s={search_term_string}\"},\"query-input\":{\"@type\":\"PropertyValueSpecification\",\"valueRequired\":true,\"valueName\":\"search_term_string\"}}],\"inLanguage\":\"de\"},{\"@type\":\"Organization\",\"@id\":\"https:\\\/\\\/dianasilver.com\\\/de\\\/#organization\",\"name\":\"Diana Silver\",\"url\":\"https:\\\/\\\/dianasilver.com\\\/de\\\/\",\"logo\":{\"@type\":\"ImageObject\",\"inLanguage\":\"de\",\"@id\":\"https:\\\/\\\/dianasilver.com\\\/de\\\/#\\\/schema\\\/logo\\\/image\\\/\",\"url\":\"https:\\\/\\\/dianasilver.com\\\/wp-content\\\/uploads\\\/2022\\\/08\\\/ezust-feher-1-koves-buttonos-stekkeres-fulbevalo-42.webp\",\"contentUrl\":\"https:\\\/\\\/dianasilver.com\\\/wp-content\\\/uploads\\\/2022\\\/08\\\/ezust-feher-1-koves-buttonos-stekkeres-fulbevalo-42.webp\",\"width\":300,\"height\":154,\"caption\":\"Diana Silver\"},\"image\":{\"@id\":\"https:\\\/\\\/dianasilver.com\\\/de\\\/#\\\/schema\\\/logo\\\/image\\\/\"},\"sameAs\":[\"https:\\\/\\\/www.facebook.com\\\/profile.php?id=100027231325117\"]}]}<\/script>\n<!-- \/ Yoast SEO plugin. -->","yoast_head_json":{"title":"Silberne Rentier-Ohrringe, emailliert, AG 925, rhodiniert | Diana Silver","description":"Fedezd fel a leny\u0171g\u00f6z\u0151 Silberne Rentier-Ohrringe, emailliert, AG 925, rhodiniert \u00e9kszer\u00fcnket. T\u00f6k\u00e9letes kieg\u00e9sz\u00edt\u0151 mindennapi viselethez \u00e9s k\u00fcl\u00f6nleges alkalmakra egyar\u00e1nt. Rendeld meg most!","robots":{"index":"index","follow":"follow","max-snippet":"max-snippet:-1","max-image-preview":"max-image-preview:large","max-video-preview":"max-video-preview:-1"},"canonical":"https:\/\/dianasilver.com\/de\/termek\/silberne-rentier-ohrringe-emailliert-ag-925-rhodiniert\/","og_locale":"de_DE","og_type":"article","og_title":"Silberne Rentier-Ohrringe, emailliert, AG 925, rhodiniert | Diana Silver","og_description":"Fedezd fel a leny\u0171g\u00f6z\u0151 Silberne Rentier-Ohrringe, emailliert, AG 925, rhodiniert \u00e9kszer\u00fcnket. T\u00f6k\u00e9letes kieg\u00e9sz\u00edt\u0151 mindennapi viselethez \u00e9s k\u00fcl\u00f6nleges alkalmakra egyar\u00e1nt. Rendeld meg most!","og_url":"https:\/\/dianasilver.com\/de\/termek\/silberne-rentier-ohrringe-emailliert-ag-925-rhodiniert\/","og_site_name":"Diana Silver","article_publisher":"https:\/\/www.facebook.com\/profile.php?id=100027231325117","article_modified_time":"2026-04-08T23:35:04+00:00","og_image":[{"width":1340,"height":1785,"url":"https:\/\/dianasilver.com\/wp-content\/uploads\/2025\/10\/Ezust-renszarvas-fulbevalo-zomancozott-AG-925-rodium-bevonattal_2.jpg","type":"image\/jpeg"}],"twitter_card":"summary_large_image","twitter_misc":{"Gesch\u00e4tzte Lesezeit":"1\u00a0Minute"},"schema":{"@context":"https:\/\/schema.org","@graph":[{"@type":"WebPage","@id":"https:\/\/dianasilver.com\/de\/termek\/silberne-rentier-ohrringe-emailliert-ag-925-rhodiniert\/","url":"https:\/\/dianasilver.com\/de\/termek\/silberne-rentier-ohrringe-emailliert-ag-925-rhodiniert\/","name":"Silberne Rentier-Ohrringe, emailliert, AG 925, rhodiniert | Diana Silver","isPartOf":{"@id":"https:\/\/dianasilver.com\/de\/#website"},"primaryImageOfPage":{"@id":"https:\/\/dianasilver.com\/de\/termek\/silberne-rentier-ohrringe-emailliert-ag-925-rhodiniert\/#primaryimage"},"image":{"@id":"https:\/\/dianasilver.com\/de\/termek\/silberne-rentier-ohrringe-emailliert-ag-925-rhodiniert\/#primaryimage"},"thumbnailUrl":"https:\/\/dianasilver.com\/wp-content\/uploads\/2025\/10\/Ezust-renszarvas-fulbevalo-zomancozott-AG-925-rodium-bevonattal_2.jpg","datePublished":"2025-10-25T11:31:25+00:00","dateModified":"2026-04-08T23:35:04+00:00","description":"Fedezd fel a leny\u0171g\u00f6z\u0151 Silberne Rentier-Ohrringe, emailliert, AG 925, rhodiniert \u00e9kszer\u00fcnket. T\u00f6k\u00e9letes kieg\u00e9sz\u00edt\u0151 mindennapi viselethez \u00e9s k\u00fcl\u00f6nleges alkalmakra egyar\u00e1nt. Rendeld meg most!","breadcrumb":{"@id":"https:\/\/dianasilver.com\/de\/termek\/silberne-rentier-ohrringe-emailliert-ag-925-rhodiniert\/#breadcrumb"},"inLanguage":"de","potentialAction":[{"@type":"ReadAction","target":["https:\/\/dianasilver.com\/de\/termek\/silberne-rentier-ohrringe-emailliert-ag-925-rhodiniert\/"]}]},{"@type":"ImageObject","inLanguage":"de","@id":"https:\/\/dianasilver.com\/de\/termek\/silberne-rentier-ohrringe-emailliert-ag-925-rhodiniert\/#primaryimage","url":"https:\/\/dianasilver.com\/wp-content\/uploads\/2025\/10\/Ezust-renszarvas-fulbevalo-zomancozott-AG-925-rodium-bevonattal_2.jpg","contentUrl":"https:\/\/dianasilver.com\/wp-content\/uploads\/2025\/10\/Ezust-renszarvas-fulbevalo-zomancozott-AG-925-rodium-bevonattal_2.jpg","width":1340,"height":1785},{"@type":"BreadcrumbList","@id":"https:\/\/dianasilver.com\/de\/termek\/silberne-rentier-ohrringe-emailliert-ag-925-rhodiniert\/#breadcrumb","itemListElement":[{"@type":"ListItem","position":1,"name":"Kezd\u0151lap","item":"https:\/\/dianasilver.com\/de\/diana-silver-silberschmuck-webshop\/"},{"@type":"ListItem","position":2,"name":"Shop","item":"https:\/\/dianasilver.com\/de\/shop\/"},{"@type":"ListItem","position":3,"name":"Silberne Rentier-Ohrringe, emailliert, AG 925, rhodiniert"}]},{"@type":"WebSite","@id":"https:\/\/dianasilver.com\/de\/#website","url":"https:\/\/dianasilver.com\/de\/","name":"Diana Silver","description":"Tedd t\u00f6k\u00e9letesebb\u00e9 mindennapjaid a Diana Silver \u00e9kszereivel.","publisher":{"@id":"https:\/\/dianasilver.com\/de\/#organization"},"alternateName":"Ez\u00fcst \u00c9kszer Web\u00e1ruh\u00e1z","potentialAction":[{"@type":"SearchAction","target":{"@type":"EntryPoint","urlTemplate":"https:\/\/dianasilver.com\/de\/?s={search_term_string}"},"query-input":{"@type":"PropertyValueSpecification","valueRequired":true,"valueName":"search_term_string"}}],"inLanguage":"de"},{"@type":"Organization","@id":"https:\/\/dianasilver.com\/de\/#organization","name":"Diana Silver","url":"https:\/\/dianasilver.com\/de\/","logo":{"@type":"ImageObject","inLanguage":"de","@id":"https:\/\/dianasilver.com\/de\/#\/schema\/logo\/image\/","url":"https:\/\/dianasilver.com\/wp-content\/uploads\/2022\/08\/ezust-feher-1-koves-buttonos-stekkeres-fulbevalo-42.webp","contentUrl":"https:\/\/dianasilver.com\/wp-content\/uploads\/2022\/08\/ezust-feher-1-koves-buttonos-stekkeres-fulbevalo-42.webp","width":300,"height":154,"caption":"Diana Silver"},"image":{"@id":"https:\/\/dianasilver.com\/de\/#\/schema\/logo\/image\/"},"sameAs":["https:\/\/www.facebook.com\/profile.php?id=100027231325117"]}]}},"_links":{"self":[{"href":"https:\/\/dianasilver.com\/de\/wp-json\/wp\/v2\/product\/111817","targetHints":{"allow":["GET"]}}],"collection":[{"href":"https:\/\/dianasilver.com\/de\/wp-json\/wp\/v2\/product"}],"about":[{"href":"https:\/\/dianasilver.com\/de\/wp-json\/wp\/v2\/types\/product"}],"version-history":[{"count":0,"href":"https:\/\/dianasilver.com\/de\/wp-json\/wp\/v2\/product\/111817\/revisions"}],"wp:featuredmedia":[{"embeddable":true,"href":"https:\/\/dianasilver.com\/de\/wp-json\/wp\/v2\/media\/110268"}],"wp:attachment":[{"href":"https:\/\/dianasilver.com\/de\/wp-json\/wp\/v2\/media?parent=111817"}],"wp:term":[{"taxonomy":"product_brand","embeddable":true,"href":"https:\/\/dianasilver.com\/de\/wp-json\/wp\/v2\/product_brand?post=111817"},{"taxonomy":"product_cat","embeddable":true,"href":"https:\/\/dianasilver.com\/de\/wp-json\/wp\/v2\/product_cat?post=111817"},{"taxonomy":"product_tag","embeddable":true,"href":"https:\/\/dianasilver.com\/de\/wp-json\/wp\/v2\/product_tag?post=111817"}],"curies":[{"name":"wp","href":"https:\/\/api.w.org\/{rel}","templated":true}]}}