{"id":111811,"date":"2025-10-25T11:55:36","date_gmt":"2025-10-25T09:55:36","guid":{"rendered":"https:\/\/dianasilver.hu\/termek\/silberarmband-fuer-kinder-mit-kaetzchen-gravierbar-134-cm\/"},"modified":"2026-04-15T01:41:10","modified_gmt":"2026-04-14T23:41:10","slug":"silberarmband-fuer-kinder-mit-kaetzchen-gravierbar-134-cm","status":"publish","type":"product","link":"https:\/\/dianasilver.com\/de\/termek\/silberarmband-fuer-kinder-mit-kaetzchen-gravierbar-134-cm\/","title":{"rendered":"Silberarmband f\u00fcr Kinder mit K\u00e4tzchen, gravierbar (13+4 cm)"},"content":{"rendered":"<h2 data-start=\"459\" data-end=\"548\"><strong data-start=\"459\" data-end=\"546\">Silbernes Kinderarmband mit K\u00e4tzchenmotiv &#8211; Charme, Verspieltheit und eine pers\u00f6nliche Botschaft<\/strong><\/h2>\n<ul data-start=\"550\" data-end=\"1087\">\n<li data-start=\"550\" data-end=\"683\">\n<p data-start=\"552\" data-end=\"683\">Hergestellt <strong data-start=\"568\" data-end=\"587\">aus<\/strong> hochwertigem <strong data-start=\"568\" data-end=\"587\">AG 925 Silber<\/strong>, <strong data-start=\"597\" data-end=\"618\">rhodiniert<\/strong>, um den Glanz zu bewahren und lange haltbar zu sein.<\/p>\n<\/li>\n<li data-start=\"684\" data-end=\"808\">\n<p data-start=\"686\" data-end=\"808\">Der mittlere Teil des Armbands hat eine <strong data-start=\"711\" data-end=\"733\">gravierbare Plakette<\/strong>, auf der Sie einen Namen, ein Datum oder eine nette Nachricht eingravieren k\u00f6nnen.<\/p>\n<\/li>\n<li data-start=\"809\" data-end=\"914\">\n<p data-start=\"811\" data-end=\"914\">Das Armband ist mit einer <strong data-start=\"826\" data-end=\"866\">s\u00fc\u00dfen, fein gearbeiteten K\u00e4tzchenfigur<\/strong> verziert, die das Lieblingsst\u00fcck jedes kleinen M\u00e4dchens sein wird.<\/p>\n<\/li>\n<li data-start=\"915\" data-end=\"1021\">\n<p data-start=\"917\" data-end=\"1021\"><strong data-start=\"917\" data-end=\"946\">Die Gr\u00f6\u00dfe ist verstellbar (13+4 cm<\/strong>), so dass es perfekt auf das Handgelenk Ihres Kindes passt und mit ihm w\u00e4chst.<\/p>\n<\/li>\n<li data-start=\"1022\" data-end=\"1087\">\n<p data-start=\"1024\" data-end=\"1087\"><strong data-start=\"1024\" data-end=\"1047\">Sicherer Verschluss<\/strong> f\u00fcr bequemes und t\u00e4gliches Tragen.<\/p>\n<\/li>\n<\/ul>\n<p data-start=\"1089\" data-end=\"1247\">Perfekt f\u00fcr eine Taufe, einen Geburtstag oder einen anderen besonderen Anlass &#8211; ein h\u00fcbsches Geschenk mit einer pers\u00f6nlichen Botschaft, die f\u00fcr immer in Erinnerung bleiben wird. \ud83c\udf80\u2728<\/p>\n","protected":false},"excerpt":{"rendered":"<p>Ein bezauberndes und bezauberndes Silberarmband f\u00fcr kleine M\u00e4dchen, verziert mit einem sorgf\u00e4ltig gearbeiteten K\u00e4tzchenmotiv. Die gravierbare Oberfl\u00e4che des Armbands macht dieses sch\u00f6ne Schmuckst\u00fcck zu einem pers\u00f6nlichen Geschenk. \ud83d\udc31\ud83d\udc96<\/p>\n","protected":false},"featured_media":110199,"template":"","meta":{"_acf_changed":false},"product_brand":[],"product_cat":[614],"product_tag":[634,650,628],"class_list":{"0":"post-111811","1":"product","2":"type-product","3":"status-publish","4":"has-post-thumbnail","6":"product_cat-silberne-armbander","7":"product_tag-farbenfroh","8":"product_tag-kinder-silberschmuck","9":"product_tag-tiermotiv","10":"description-off","12":"first","13":"instock","14":"taxable","15":"shipping-taxable","16":"purchasable","17":"product-type-simple"},"acf":[],"yoast_head":"<!-- This site is optimized with the Yoast SEO plugin v27.4 - https:\/\/yoast.com\/product\/yoast-seo-wordpress\/ -->\n<title>Silberarmband f\u00fcr Kinder mit K\u00e4tzchen, gravierbar (13+4 cm) | Diana Silver<\/title>\n<meta name=\"description\" content=\"Fedezd fel a leny\u0171g\u00f6z\u0151 Silberarmband f\u00fcr Kinder mit K\u00e4tzchen, gravierbar (13+4 cm) \u00e9kszer\u00fcnket. T\u00f6k\u00e9letes kieg\u00e9sz\u00edt\u0151 mindennapi viselethez \u00e9s k\u00fcl\u00f6nleges alkalmakra egyar\u00e1nt. Rendeld meg most!\" \/>\n<meta name=\"robots\" content=\"index, follow, max-snippet:-1, max-image-preview:large, max-video-preview:-1\" \/>\n<link rel=\"canonical\" href=\"https:\/\/dianasilver.com\/de\/termek\/silberarmband-fuer-kinder-mit-kaetzchen-gravierbar-134-cm\/\" \/>\n<meta property=\"og:locale\" content=\"de_DE\" \/>\n<meta property=\"og:type\" content=\"article\" \/>\n<meta property=\"og:title\" content=\"Silberarmband f\u00fcr Kinder mit K\u00e4tzchen, gravierbar (13+4 cm) | Diana Silver\" \/>\n<meta property=\"og:description\" content=\"Fedezd fel a leny\u0171g\u00f6z\u0151 Silberarmband f\u00fcr Kinder mit K\u00e4tzchen, gravierbar (13+4 cm) \u00e9kszer\u00fcnket. T\u00f6k\u00e9letes kieg\u00e9sz\u00edt\u0151 mindennapi viselethez \u00e9s k\u00fcl\u00f6nleges alkalmakra egyar\u00e1nt. Rendeld meg most!\" \/>\n<meta property=\"og:url\" content=\"https:\/\/dianasilver.com\/de\/termek\/silberarmband-fuer-kinder-mit-kaetzchen-gravierbar-134-cm\/\" \/>\n<meta property=\"og:site_name\" content=\"Diana Silver\" \/>\n<meta property=\"article:publisher\" content=\"https:\/\/www.facebook.com\/profile.php?id=100027231325117\" \/>\n<meta property=\"article:modified_time\" content=\"2026-04-14T23:41:10+00:00\" \/>\n<meta property=\"og:image\" content=\"https:\/\/dianasilver.com\/wp-content\/uploads\/2025\/10\/Ezust-gyermek-karkoto-cicas-figuraval-gravirozhato-134-cm_1.jpg\" \/>\n\t<meta property=\"og:image:width\" content=\"1340\" \/>\n\t<meta property=\"og:image:height\" content=\"1785\" \/>\n\t<meta property=\"og:image:type\" content=\"image\/jpeg\" \/>\n<meta name=\"twitter:card\" content=\"summary_large_image\" \/>\n<meta name=\"twitter:label1\" content=\"Gesch\u00e4tzte Lesezeit\" \/>\n\t<meta name=\"twitter:data1\" content=\"1\u00a0Minute\" \/>\n<script type=\"application\/ld+json\" class=\"yoast-schema-graph\">{\"@context\":\"https:\\\/\\\/schema.org\",\"@graph\":[{\"@type\":\"WebPage\",\"@id\":\"https:\\\/\\\/dianasilver.com\\\/de\\\/termek\\\/silberarmband-fuer-kinder-mit-kaetzchen-gravierbar-134-cm\\\/\",\"url\":\"https:\\\/\\\/dianasilver.com\\\/de\\\/termek\\\/silberarmband-fuer-kinder-mit-kaetzchen-gravierbar-134-cm\\\/\",\"name\":\"Silberarmband f\u00fcr Kinder mit K\u00e4tzchen, gravierbar (13+4 cm) | Diana Silver\",\"isPartOf\":{\"@id\":\"https:\\\/\\\/dianasilver.com\\\/de\\\/#website\"},\"primaryImageOfPage\":{\"@id\":\"https:\\\/\\\/dianasilver.com\\\/de\\\/termek\\\/silberarmband-fuer-kinder-mit-kaetzchen-gravierbar-134-cm\\\/#primaryimage\"},\"image\":{\"@id\":\"https:\\\/\\\/dianasilver.com\\\/de\\\/termek\\\/silberarmband-fuer-kinder-mit-kaetzchen-gravierbar-134-cm\\\/#primaryimage\"},\"thumbnailUrl\":\"https:\\\/\\\/dianasilver.com\\\/wp-content\\\/uploads\\\/2025\\\/10\\\/Ezust-gyermek-karkoto-cicas-figuraval-gravirozhato-134-cm_1.jpg\",\"datePublished\":\"2025-10-25T09:55:36+00:00\",\"dateModified\":\"2026-04-14T23:41:10+00:00\",\"description\":\"Fedezd fel a leny\u0171g\u00f6z\u0151 Silberarmband f\u00fcr Kinder mit K\u00e4tzchen, gravierbar (13+4 cm) \u00e9kszer\u00fcnket. T\u00f6k\u00e9letes kieg\u00e9sz\u00edt\u0151 mindennapi viselethez \u00e9s k\u00fcl\u00f6nleges alkalmakra egyar\u00e1nt. Rendeld meg most!\",\"breadcrumb\":{\"@id\":\"https:\\\/\\\/dianasilver.com\\\/de\\\/termek\\\/silberarmband-fuer-kinder-mit-kaetzchen-gravierbar-134-cm\\\/#breadcrumb\"},\"inLanguage\":\"de\",\"potentialAction\":[{\"@type\":\"ReadAction\",\"target\":[\"https:\\\/\\\/dianasilver.com\\\/de\\\/termek\\\/silberarmband-fuer-kinder-mit-kaetzchen-gravierbar-134-cm\\\/\"]}]},{\"@type\":\"ImageObject\",\"inLanguage\":\"de\",\"@id\":\"https:\\\/\\\/dianasilver.com\\\/de\\\/termek\\\/silberarmband-fuer-kinder-mit-kaetzchen-gravierbar-134-cm\\\/#primaryimage\",\"url\":\"https:\\\/\\\/dianasilver.com\\\/wp-content\\\/uploads\\\/2025\\\/10\\\/Ezust-gyermek-karkoto-cicas-figuraval-gravirozhato-134-cm_1.jpg\",\"contentUrl\":\"https:\\\/\\\/dianasilver.com\\\/wp-content\\\/uploads\\\/2025\\\/10\\\/Ezust-gyermek-karkoto-cicas-figuraval-gravirozhato-134-cm_1.jpg\",\"width\":1340,\"height\":1785},{\"@type\":\"BreadcrumbList\",\"@id\":\"https:\\\/\\\/dianasilver.com\\\/de\\\/termek\\\/silberarmband-fuer-kinder-mit-kaetzchen-gravierbar-134-cm\\\/#breadcrumb\",\"itemListElement\":[{\"@type\":\"ListItem\",\"position\":1,\"name\":\"Kezd\u0151lap\",\"item\":\"https:\\\/\\\/dianasilver.com\\\/de\\\/diana-silver-silberschmuck-webshop\\\/\"},{\"@type\":\"ListItem\",\"position\":2,\"name\":\"Shop\",\"item\":\"https:\\\/\\\/dianasilver.com\\\/de\\\/shop\\\/\"},{\"@type\":\"ListItem\",\"position\":3,\"name\":\"Silberarmband f\u00fcr Kinder mit K\u00e4tzchen, gravierbar (13+4 cm)\"}]},{\"@type\":\"WebSite\",\"@id\":\"https:\\\/\\\/dianasilver.com\\\/de\\\/#website\",\"url\":\"https:\\\/\\\/dianasilver.com\\\/de\\\/\",\"name\":\"Diana Silver\",\"description\":\"Tedd t\u00f6k\u00e9letesebb\u00e9 mindennapjaid a Diana Silver \u00e9kszereivel.\",\"publisher\":{\"@id\":\"https:\\\/\\\/dianasilver.com\\\/de\\\/#organization\"},\"alternateName\":\"Ez\u00fcst \u00c9kszer Web\u00e1ruh\u00e1z\",\"potentialAction\":[{\"@type\":\"SearchAction\",\"target\":{\"@type\":\"EntryPoint\",\"urlTemplate\":\"https:\\\/\\\/dianasilver.com\\\/de\\\/?s={search_term_string}\"},\"query-input\":{\"@type\":\"PropertyValueSpecification\",\"valueRequired\":true,\"valueName\":\"search_term_string\"}}],\"inLanguage\":\"de\"},{\"@type\":\"Organization\",\"@id\":\"https:\\\/\\\/dianasilver.com\\\/de\\\/#organization\",\"name\":\"Diana Silver\",\"url\":\"https:\\\/\\\/dianasilver.com\\\/de\\\/\",\"logo\":{\"@type\":\"ImageObject\",\"inLanguage\":\"de\",\"@id\":\"https:\\\/\\\/dianasilver.com\\\/de\\\/#\\\/schema\\\/logo\\\/image\\\/\",\"url\":\"https:\\\/\\\/dianasilver.com\\\/wp-content\\\/uploads\\\/2022\\\/08\\\/ezust-feher-1-koves-buttonos-stekkeres-fulbevalo-42.webp\",\"contentUrl\":\"https:\\\/\\\/dianasilver.com\\\/wp-content\\\/uploads\\\/2022\\\/08\\\/ezust-feher-1-koves-buttonos-stekkeres-fulbevalo-42.webp\",\"width\":300,\"height\":154,\"caption\":\"Diana Silver\"},\"image\":{\"@id\":\"https:\\\/\\\/dianasilver.com\\\/de\\\/#\\\/schema\\\/logo\\\/image\\\/\"},\"sameAs\":[\"https:\\\/\\\/www.facebook.com\\\/profile.php?id=100027231325117\"]}]}<\/script>\n<!-- \/ Yoast SEO plugin. -->","yoast_head_json":{"title":"Silberarmband f\u00fcr Kinder mit K\u00e4tzchen, gravierbar (13+4 cm) | Diana Silver","description":"Fedezd fel a leny\u0171g\u00f6z\u0151 Silberarmband f\u00fcr Kinder mit K\u00e4tzchen, gravierbar (13+4 cm) \u00e9kszer\u00fcnket. T\u00f6k\u00e9letes kieg\u00e9sz\u00edt\u0151 mindennapi viselethez \u00e9s k\u00fcl\u00f6nleges alkalmakra egyar\u00e1nt. Rendeld meg most!","robots":{"index":"index","follow":"follow","max-snippet":"max-snippet:-1","max-image-preview":"max-image-preview:large","max-video-preview":"max-video-preview:-1"},"canonical":"https:\/\/dianasilver.com\/de\/termek\/silberarmband-fuer-kinder-mit-kaetzchen-gravierbar-134-cm\/","og_locale":"de_DE","og_type":"article","og_title":"Silberarmband f\u00fcr Kinder mit K\u00e4tzchen, gravierbar (13+4 cm) | Diana Silver","og_description":"Fedezd fel a leny\u0171g\u00f6z\u0151 Silberarmband f\u00fcr Kinder mit K\u00e4tzchen, gravierbar (13+4 cm) \u00e9kszer\u00fcnket. T\u00f6k\u00e9letes kieg\u00e9sz\u00edt\u0151 mindennapi viselethez \u00e9s k\u00fcl\u00f6nleges alkalmakra egyar\u00e1nt. Rendeld meg most!","og_url":"https:\/\/dianasilver.com\/de\/termek\/silberarmband-fuer-kinder-mit-kaetzchen-gravierbar-134-cm\/","og_site_name":"Diana Silver","article_publisher":"https:\/\/www.facebook.com\/profile.php?id=100027231325117","article_modified_time":"2026-04-14T23:41:10+00:00","og_image":[{"width":1340,"height":1785,"url":"https:\/\/dianasilver.com\/wp-content\/uploads\/2025\/10\/Ezust-gyermek-karkoto-cicas-figuraval-gravirozhato-134-cm_1.jpg","type":"image\/jpeg"}],"twitter_card":"summary_large_image","twitter_misc":{"Gesch\u00e4tzte Lesezeit":"1\u00a0Minute"},"schema":{"@context":"https:\/\/schema.org","@graph":[{"@type":"WebPage","@id":"https:\/\/dianasilver.com\/de\/termek\/silberarmband-fuer-kinder-mit-kaetzchen-gravierbar-134-cm\/","url":"https:\/\/dianasilver.com\/de\/termek\/silberarmband-fuer-kinder-mit-kaetzchen-gravierbar-134-cm\/","name":"Silberarmband f\u00fcr Kinder mit K\u00e4tzchen, gravierbar (13+4 cm) | Diana Silver","isPartOf":{"@id":"https:\/\/dianasilver.com\/de\/#website"},"primaryImageOfPage":{"@id":"https:\/\/dianasilver.com\/de\/termek\/silberarmband-fuer-kinder-mit-kaetzchen-gravierbar-134-cm\/#primaryimage"},"image":{"@id":"https:\/\/dianasilver.com\/de\/termek\/silberarmband-fuer-kinder-mit-kaetzchen-gravierbar-134-cm\/#primaryimage"},"thumbnailUrl":"https:\/\/dianasilver.com\/wp-content\/uploads\/2025\/10\/Ezust-gyermek-karkoto-cicas-figuraval-gravirozhato-134-cm_1.jpg","datePublished":"2025-10-25T09:55:36+00:00","dateModified":"2026-04-14T23:41:10+00:00","description":"Fedezd fel a leny\u0171g\u00f6z\u0151 Silberarmband f\u00fcr Kinder mit K\u00e4tzchen, gravierbar (13+4 cm) \u00e9kszer\u00fcnket. T\u00f6k\u00e9letes kieg\u00e9sz\u00edt\u0151 mindennapi viselethez \u00e9s k\u00fcl\u00f6nleges alkalmakra egyar\u00e1nt. Rendeld meg most!","breadcrumb":{"@id":"https:\/\/dianasilver.com\/de\/termek\/silberarmband-fuer-kinder-mit-kaetzchen-gravierbar-134-cm\/#breadcrumb"},"inLanguage":"de","potentialAction":[{"@type":"ReadAction","target":["https:\/\/dianasilver.com\/de\/termek\/silberarmband-fuer-kinder-mit-kaetzchen-gravierbar-134-cm\/"]}]},{"@type":"ImageObject","inLanguage":"de","@id":"https:\/\/dianasilver.com\/de\/termek\/silberarmband-fuer-kinder-mit-kaetzchen-gravierbar-134-cm\/#primaryimage","url":"https:\/\/dianasilver.com\/wp-content\/uploads\/2025\/10\/Ezust-gyermek-karkoto-cicas-figuraval-gravirozhato-134-cm_1.jpg","contentUrl":"https:\/\/dianasilver.com\/wp-content\/uploads\/2025\/10\/Ezust-gyermek-karkoto-cicas-figuraval-gravirozhato-134-cm_1.jpg","width":1340,"height":1785},{"@type":"BreadcrumbList","@id":"https:\/\/dianasilver.com\/de\/termek\/silberarmband-fuer-kinder-mit-kaetzchen-gravierbar-134-cm\/#breadcrumb","itemListElement":[{"@type":"ListItem","position":1,"name":"Kezd\u0151lap","item":"https:\/\/dianasilver.com\/de\/diana-silver-silberschmuck-webshop\/"},{"@type":"ListItem","position":2,"name":"Shop","item":"https:\/\/dianasilver.com\/de\/shop\/"},{"@type":"ListItem","position":3,"name":"Silberarmband f\u00fcr Kinder mit K\u00e4tzchen, gravierbar (13+4 cm)"}]},{"@type":"WebSite","@id":"https:\/\/dianasilver.com\/de\/#website","url":"https:\/\/dianasilver.com\/de\/","name":"Diana Silver","description":"Tedd t\u00f6k\u00e9letesebb\u00e9 mindennapjaid a Diana Silver \u00e9kszereivel.","publisher":{"@id":"https:\/\/dianasilver.com\/de\/#organization"},"alternateName":"Ez\u00fcst \u00c9kszer Web\u00e1ruh\u00e1z","potentialAction":[{"@type":"SearchAction","target":{"@type":"EntryPoint","urlTemplate":"https:\/\/dianasilver.com\/de\/?s={search_term_string}"},"query-input":{"@type":"PropertyValueSpecification","valueRequired":true,"valueName":"search_term_string"}}],"inLanguage":"de"},{"@type":"Organization","@id":"https:\/\/dianasilver.com\/de\/#organization","name":"Diana Silver","url":"https:\/\/dianasilver.com\/de\/","logo":{"@type":"ImageObject","inLanguage":"de","@id":"https:\/\/dianasilver.com\/de\/#\/schema\/logo\/image\/","url":"https:\/\/dianasilver.com\/wp-content\/uploads\/2022\/08\/ezust-feher-1-koves-buttonos-stekkeres-fulbevalo-42.webp","contentUrl":"https:\/\/dianasilver.com\/wp-content\/uploads\/2022\/08\/ezust-feher-1-koves-buttonos-stekkeres-fulbevalo-42.webp","width":300,"height":154,"caption":"Diana Silver"},"image":{"@id":"https:\/\/dianasilver.com\/de\/#\/schema\/logo\/image\/"},"sameAs":["https:\/\/www.facebook.com\/profile.php?id=100027231325117"]}]}},"_links":{"self":[{"href":"https:\/\/dianasilver.com\/de\/wp-json\/wp\/v2\/product\/111811","targetHints":{"allow":["GET"]}}],"collection":[{"href":"https:\/\/dianasilver.com\/de\/wp-json\/wp\/v2\/product"}],"about":[{"href":"https:\/\/dianasilver.com\/de\/wp-json\/wp\/v2\/types\/product"}],"version-history":[{"count":0,"href":"https:\/\/dianasilver.com\/de\/wp-json\/wp\/v2\/product\/111811\/revisions"}],"wp:featuredmedia":[{"embeddable":true,"href":"https:\/\/dianasilver.com\/de\/wp-json\/wp\/v2\/media\/110199"}],"wp:attachment":[{"href":"https:\/\/dianasilver.com\/de\/wp-json\/wp\/v2\/media?parent=111811"}],"wp:term":[{"taxonomy":"product_brand","embeddable":true,"href":"https:\/\/dianasilver.com\/de\/wp-json\/wp\/v2\/product_brand?post=111811"},{"taxonomy":"product_cat","embeddable":true,"href":"https:\/\/dianasilver.com\/de\/wp-json\/wp\/v2\/product_cat?post=111811"},{"taxonomy":"product_tag","embeddable":true,"href":"https:\/\/dianasilver.com\/de\/wp-json\/wp\/v2\/product_tag?post=111811"}],"curies":[{"name":"wp","href":"https:\/\/api.w.org\/{rel}","templated":true}]}}