{"id":111775,"date":"2025-10-25T20:13:57","date_gmt":"2025-10-25T18:13:57","guid":{"rendered":"https:\/\/dianasilver.hu\/termek\/silberring-mit-weissen-zirkoniasteinen-und-rhodiniertem-multistein-solitaer\/"},"modified":"2026-01-16T17:00:13","modified_gmt":"2026-01-16T16:00:13","slug":"silberring-mit-weissen-zirkoniasteinen-und-rhodiniertem-multistein-solitaer","status":"publish","type":"product","link":"https:\/\/dianasilver.com\/de\/termek\/silberring-mit-weissen-zirkoniasteinen-und-rhodiniertem-multistein-solitaer\/","title":{"rendered":"Silberring mit wei\u00dfen Zirkoniasteinen und rhodiniertem Multistein-Solit\u00e4r"},"content":{"rendered":"<h2 data-start=\"273\" data-end=\"362\"><strong data-start=\"273\" data-end=\"360\">Wei\u00dfer Zirkonia Solit\u00e4r Silberring &#8211; die Begegnung von Eleganz und Romantik<\/strong><\/h2>\n<ul data-start=\"364\" data-end=\"980\">\n<li data-start=\"364\" data-end=\"505\">\n<p data-start=\"366\" data-end=\"505\">Hergestellt aus hochwertigem <strong data-start=\"382\" data-end=\"401\">AG 925 Silber<\/strong> <strong data-start=\"411\" data-end=\"432\">mit Rhodiumbeschichtung<\/strong>, die den Glanz des Rings f\u00fcr lange Zeit bewahrt und ihn vor Abnutzung sch\u00fctzt.<\/p>\n<\/li>\n<li data-start=\"506\" data-end=\"669\">\n<p data-start=\"508\" data-end=\"669\">In der Mitte gl\u00e4nzt ein <strong data-start=\"527\" data-end=\"574\">gro\u00dfer wei\u00dfer Zirkonia im Brillantschliff<\/strong>, der von einem Kranz kleinerer Zirkonia umgeben ist &#8211; so entsteht ein umwerfender, funkelnder Effekt.<\/p>\n<\/li>\n<li data-start=\"670\" data-end=\"802\">\n<p data-start=\"672\" data-end=\"802\">Ein klassisches <strong data-start=\"683\" data-end=\"702\">Solit\u00e4r-Design<\/strong>, das an die zeitlose Eleganz von Verlobungsringen erinnert, jedoch mit einer modernen, klaren Linie.<\/p>\n<\/li>\n<li data-start=\"803\" data-end=\"868\">\n<p data-start=\"805\" data-end=\"868\">Der sanft geschwungene Ringschaft verleiht ihm einen femininen, eleganten Look.<\/p>\n<\/li>\n<li data-start=\"869\" data-end=\"980\">\n<p data-start=\"871\" data-end=\"980\">Eine ausgezeichnete Wahl zur Verlobung, als Geschenk oder f\u00fcr jede Gelegenheit, bei der Glitzer eine besondere Bedeutung hat.<\/p>\n<\/li>\n<\/ul>\n<p data-start=\"982\" data-end=\"1054\" data-is-last-node=\"\" data-is-only-node=\"\">Dieser Ring reflektiert nicht nur das Licht &#8211; sondern auch Ihre Gef\u00fchle. \ud83d\udc8e\ud83d\udc96<\/p>\n","protected":false},"excerpt":{"rendered":"<p>Dieser <strong data-start=\"161\" data-end=\"193\">Silberring im Solit\u00e4r-Stil<\/strong> ist perfekt f\u00fcr eine Verlobung oder einen besonderen Anlass. Er ist ein Symbol f\u00fcr reinen Glanz und ewige Liebe. \ud83d\udc8d\u2728<\/p>\n","protected":false},"featured_media":110509,"template":"","meta":{"_acf_changed":false},"product_brand":[],"product_cat":[611,612],"product_tag":[527],"class_list":{"0":"post-111775","1":"product","2":"type-product","3":"status-publish","4":"has-post-thumbnail","6":"product_cat-silberne-ringe","7":"product_cat-verlobungsringe-silber","8":"product_tag-silberschmuck-fur-damen","9":"description-off","11":"first","12":"instock","13":"taxable","14":"shipping-taxable","15":"purchasable","16":"product-type-variable"},"acf":[],"yoast_head":"<!-- This site is optimized with the Yoast SEO plugin v27.4 - https:\/\/yoast.com\/product\/yoast-seo-wordpress\/ -->\n<title>Silberring mit wei\u00dfen Zirkoniasteinen und rhodiniertem Multistein-Solit\u00e4r | Diana Silver<\/title>\n<meta name=\"description\" content=\"Fedezd fel a leny\u0171g\u00f6z\u0151 Silberring mit wei\u00dfen Zirkoniasteinen und rhodiniertem Multistein-Solit\u00e4r \u00e9kszer\u00fcnket. T\u00f6k\u00e9letes kieg\u00e9sz\u00edt\u0151 mindennapi viselethez \u00e9s k\u00fcl\u00f6nleges alkalmakra egyar\u00e1nt. Rendeld meg most!\" \/>\n<meta name=\"robots\" content=\"index, follow, max-snippet:-1, max-image-preview:large, max-video-preview:-1\" \/>\n<link rel=\"canonical\" href=\"https:\/\/dianasilver.com\/de\/termek\/silberring-mit-weissen-zirkoniasteinen-und-rhodiniertem-multistein-solitaer\/\" \/>\n<meta property=\"og:locale\" content=\"de_DE\" \/>\n<meta property=\"og:type\" content=\"article\" \/>\n<meta property=\"og:title\" content=\"Silberring mit wei\u00dfen Zirkoniasteinen und rhodiniertem Multistein-Solit\u00e4r | Diana Silver\" \/>\n<meta property=\"og:description\" content=\"Fedezd fel a leny\u0171g\u00f6z\u0151 Silberring mit wei\u00dfen Zirkoniasteinen und rhodiniertem Multistein-Solit\u00e4r \u00e9kszer\u00fcnket. T\u00f6k\u00e9letes kieg\u00e9sz\u00edt\u0151 mindennapi viselethez \u00e9s k\u00fcl\u00f6nleges alkalmakra egyar\u00e1nt. Rendeld meg most!\" \/>\n<meta property=\"og:url\" content=\"https:\/\/dianasilver.com\/de\/termek\/silberring-mit-weissen-zirkoniasteinen-und-rhodiniertem-multistein-solitaer\/\" \/>\n<meta property=\"og:site_name\" content=\"Diana Silver\" \/>\n<meta property=\"article:publisher\" content=\"https:\/\/www.facebook.com\/profile.php?id=100027231325117\" \/>\n<meta property=\"article:modified_time\" content=\"2026-01-16T16:00:13+00:00\" \/>\n<meta property=\"og:image\" content=\"https:\/\/dianasilver.com\/wp-content\/uploads\/2025\/10\/Feher-cirkonia-koves-ezust-gyuru-rodium-bevonattal-sokkoves-szoliter-stilusban_1.jpg\" \/>\n\t<meta property=\"og:image:width\" content=\"1350\" \/>\n\t<meta property=\"og:image:height\" content=\"1800\" \/>\n\t<meta property=\"og:image:type\" content=\"image\/jpeg\" \/>\n<meta name=\"twitter:card\" content=\"summary_large_image\" \/>\n<meta name=\"twitter:label1\" content=\"Gesch\u00e4tzte Lesezeit\" \/>\n\t<meta name=\"twitter:data1\" content=\"1\u00a0Minute\" \/>\n<script type=\"application\/ld+json\" class=\"yoast-schema-graph\">{\"@context\":\"https:\\\/\\\/schema.org\",\"@graph\":[{\"@type\":\"WebPage\",\"@id\":\"https:\\\/\\\/dianasilver.com\\\/de\\\/termek\\\/silberring-mit-weissen-zirkoniasteinen-und-rhodiniertem-multistein-solitaer\\\/\",\"url\":\"https:\\\/\\\/dianasilver.com\\\/de\\\/termek\\\/silberring-mit-weissen-zirkoniasteinen-und-rhodiniertem-multistein-solitaer\\\/\",\"name\":\"Silberring mit wei\u00dfen Zirkoniasteinen und rhodiniertem Multistein-Solit\u00e4r | Diana Silver\",\"isPartOf\":{\"@id\":\"https:\\\/\\\/dianasilver.com\\\/de\\\/#website\"},\"primaryImageOfPage\":{\"@id\":\"https:\\\/\\\/dianasilver.com\\\/de\\\/termek\\\/silberring-mit-weissen-zirkoniasteinen-und-rhodiniertem-multistein-solitaer\\\/#primaryimage\"},\"image\":{\"@id\":\"https:\\\/\\\/dianasilver.com\\\/de\\\/termek\\\/silberring-mit-weissen-zirkoniasteinen-und-rhodiniertem-multistein-solitaer\\\/#primaryimage\"},\"thumbnailUrl\":\"https:\\\/\\\/dianasilver.com\\\/wp-content\\\/uploads\\\/2025\\\/10\\\/Feher-cirkonia-koves-ezust-gyuru-rodium-bevonattal-sokkoves-szoliter-stilusban_1.jpg\",\"datePublished\":\"2025-10-25T18:13:57+00:00\",\"dateModified\":\"2026-01-16T16:00:13+00:00\",\"description\":\"Fedezd fel a leny\u0171g\u00f6z\u0151 Silberring mit wei\u00dfen Zirkoniasteinen und rhodiniertem Multistein-Solit\u00e4r \u00e9kszer\u00fcnket. T\u00f6k\u00e9letes kieg\u00e9sz\u00edt\u0151 mindennapi viselethez \u00e9s k\u00fcl\u00f6nleges alkalmakra egyar\u00e1nt. Rendeld meg most!\",\"breadcrumb\":{\"@id\":\"https:\\\/\\\/dianasilver.com\\\/de\\\/termek\\\/silberring-mit-weissen-zirkoniasteinen-und-rhodiniertem-multistein-solitaer\\\/#breadcrumb\"},\"inLanguage\":\"de\",\"potentialAction\":[{\"@type\":\"ReadAction\",\"target\":[\"https:\\\/\\\/dianasilver.com\\\/de\\\/termek\\\/silberring-mit-weissen-zirkoniasteinen-und-rhodiniertem-multistein-solitaer\\\/\"]}]},{\"@type\":\"ImageObject\",\"inLanguage\":\"de\",\"@id\":\"https:\\\/\\\/dianasilver.com\\\/de\\\/termek\\\/silberring-mit-weissen-zirkoniasteinen-und-rhodiniertem-multistein-solitaer\\\/#primaryimage\",\"url\":\"https:\\\/\\\/dianasilver.com\\\/wp-content\\\/uploads\\\/2025\\\/10\\\/Feher-cirkonia-koves-ezust-gyuru-rodium-bevonattal-sokkoves-szoliter-stilusban_1.jpg\",\"contentUrl\":\"https:\\\/\\\/dianasilver.com\\\/wp-content\\\/uploads\\\/2025\\\/10\\\/Feher-cirkonia-koves-ezust-gyuru-rodium-bevonattal-sokkoves-szoliter-stilusban_1.jpg\",\"width\":1350,\"height\":1800},{\"@type\":\"BreadcrumbList\",\"@id\":\"https:\\\/\\\/dianasilver.com\\\/de\\\/termek\\\/silberring-mit-weissen-zirkoniasteinen-und-rhodiniertem-multistein-solitaer\\\/#breadcrumb\",\"itemListElement\":[{\"@type\":\"ListItem\",\"position\":1,\"name\":\"Kezd\u0151lap\",\"item\":\"https:\\\/\\\/dianasilver.com\\\/de\\\/diana-silver-silberschmuck-webshop\\\/\"},{\"@type\":\"ListItem\",\"position\":2,\"name\":\"Shop\",\"item\":\"https:\\\/\\\/dianasilver.com\\\/de\\\/shop\\\/\"},{\"@type\":\"ListItem\",\"position\":3,\"name\":\"Silberring mit wei\u00dfen Zirkoniasteinen und rhodiniertem Multistein-Solit\u00e4r\"}]},{\"@type\":\"WebSite\",\"@id\":\"https:\\\/\\\/dianasilver.com\\\/de\\\/#website\",\"url\":\"https:\\\/\\\/dianasilver.com\\\/de\\\/\",\"name\":\"Diana Silver\",\"description\":\"Tedd t\u00f6k\u00e9letesebb\u00e9 mindennapjaid a Diana Silver \u00e9kszereivel.\",\"publisher\":{\"@id\":\"https:\\\/\\\/dianasilver.com\\\/de\\\/#organization\"},\"alternateName\":\"Ez\u00fcst \u00c9kszer Web\u00e1ruh\u00e1z\",\"potentialAction\":[{\"@type\":\"SearchAction\",\"target\":{\"@type\":\"EntryPoint\",\"urlTemplate\":\"https:\\\/\\\/dianasilver.com\\\/de\\\/?s={search_term_string}\"},\"query-input\":{\"@type\":\"PropertyValueSpecification\",\"valueRequired\":true,\"valueName\":\"search_term_string\"}}],\"inLanguage\":\"de\"},{\"@type\":\"Organization\",\"@id\":\"https:\\\/\\\/dianasilver.com\\\/de\\\/#organization\",\"name\":\"Diana Silver\",\"url\":\"https:\\\/\\\/dianasilver.com\\\/de\\\/\",\"logo\":{\"@type\":\"ImageObject\",\"inLanguage\":\"de\",\"@id\":\"https:\\\/\\\/dianasilver.com\\\/de\\\/#\\\/schema\\\/logo\\\/image\\\/\",\"url\":\"https:\\\/\\\/dianasilver.com\\\/wp-content\\\/uploads\\\/2022\\\/08\\\/ezust-feher-1-koves-buttonos-stekkeres-fulbevalo-42.webp\",\"contentUrl\":\"https:\\\/\\\/dianasilver.com\\\/wp-content\\\/uploads\\\/2022\\\/08\\\/ezust-feher-1-koves-buttonos-stekkeres-fulbevalo-42.webp\",\"width\":300,\"height\":154,\"caption\":\"Diana Silver\"},\"image\":{\"@id\":\"https:\\\/\\\/dianasilver.com\\\/de\\\/#\\\/schema\\\/logo\\\/image\\\/\"},\"sameAs\":[\"https:\\\/\\\/www.facebook.com\\\/profile.php?id=100027231325117\"]}]}<\/script>\n<!-- \/ Yoast SEO plugin. -->","yoast_head_json":{"title":"Silberring mit wei\u00dfen Zirkoniasteinen und rhodiniertem Multistein-Solit\u00e4r | Diana Silver","description":"Fedezd fel a leny\u0171g\u00f6z\u0151 Silberring mit wei\u00dfen Zirkoniasteinen und rhodiniertem Multistein-Solit\u00e4r \u00e9kszer\u00fcnket. T\u00f6k\u00e9letes kieg\u00e9sz\u00edt\u0151 mindennapi viselethez \u00e9s k\u00fcl\u00f6nleges alkalmakra egyar\u00e1nt. Rendeld meg most!","robots":{"index":"index","follow":"follow","max-snippet":"max-snippet:-1","max-image-preview":"max-image-preview:large","max-video-preview":"max-video-preview:-1"},"canonical":"https:\/\/dianasilver.com\/de\/termek\/silberring-mit-weissen-zirkoniasteinen-und-rhodiniertem-multistein-solitaer\/","og_locale":"de_DE","og_type":"article","og_title":"Silberring mit wei\u00dfen Zirkoniasteinen und rhodiniertem Multistein-Solit\u00e4r | Diana Silver","og_description":"Fedezd fel a leny\u0171g\u00f6z\u0151 Silberring mit wei\u00dfen Zirkoniasteinen und rhodiniertem Multistein-Solit\u00e4r \u00e9kszer\u00fcnket. T\u00f6k\u00e9letes kieg\u00e9sz\u00edt\u0151 mindennapi viselethez \u00e9s k\u00fcl\u00f6nleges alkalmakra egyar\u00e1nt. Rendeld meg most!","og_url":"https:\/\/dianasilver.com\/de\/termek\/silberring-mit-weissen-zirkoniasteinen-und-rhodiniertem-multistein-solitaer\/","og_site_name":"Diana Silver","article_publisher":"https:\/\/www.facebook.com\/profile.php?id=100027231325117","article_modified_time":"2026-01-16T16:00:13+00:00","og_image":[{"width":1350,"height":1800,"url":"https:\/\/dianasilver.com\/wp-content\/uploads\/2025\/10\/Feher-cirkonia-koves-ezust-gyuru-rodium-bevonattal-sokkoves-szoliter-stilusban_1.jpg","type":"image\/jpeg"}],"twitter_card":"summary_large_image","twitter_misc":{"Gesch\u00e4tzte Lesezeit":"1\u00a0Minute"},"schema":{"@context":"https:\/\/schema.org","@graph":[{"@type":"WebPage","@id":"https:\/\/dianasilver.com\/de\/termek\/silberring-mit-weissen-zirkoniasteinen-und-rhodiniertem-multistein-solitaer\/","url":"https:\/\/dianasilver.com\/de\/termek\/silberring-mit-weissen-zirkoniasteinen-und-rhodiniertem-multistein-solitaer\/","name":"Silberring mit wei\u00dfen Zirkoniasteinen und rhodiniertem Multistein-Solit\u00e4r | Diana Silver","isPartOf":{"@id":"https:\/\/dianasilver.com\/de\/#website"},"primaryImageOfPage":{"@id":"https:\/\/dianasilver.com\/de\/termek\/silberring-mit-weissen-zirkoniasteinen-und-rhodiniertem-multistein-solitaer\/#primaryimage"},"image":{"@id":"https:\/\/dianasilver.com\/de\/termek\/silberring-mit-weissen-zirkoniasteinen-und-rhodiniertem-multistein-solitaer\/#primaryimage"},"thumbnailUrl":"https:\/\/dianasilver.com\/wp-content\/uploads\/2025\/10\/Feher-cirkonia-koves-ezust-gyuru-rodium-bevonattal-sokkoves-szoliter-stilusban_1.jpg","datePublished":"2025-10-25T18:13:57+00:00","dateModified":"2026-01-16T16:00:13+00:00","description":"Fedezd fel a leny\u0171g\u00f6z\u0151 Silberring mit wei\u00dfen Zirkoniasteinen und rhodiniertem Multistein-Solit\u00e4r \u00e9kszer\u00fcnket. T\u00f6k\u00e9letes kieg\u00e9sz\u00edt\u0151 mindennapi viselethez \u00e9s k\u00fcl\u00f6nleges alkalmakra egyar\u00e1nt. Rendeld meg most!","breadcrumb":{"@id":"https:\/\/dianasilver.com\/de\/termek\/silberring-mit-weissen-zirkoniasteinen-und-rhodiniertem-multistein-solitaer\/#breadcrumb"},"inLanguage":"de","potentialAction":[{"@type":"ReadAction","target":["https:\/\/dianasilver.com\/de\/termek\/silberring-mit-weissen-zirkoniasteinen-und-rhodiniertem-multistein-solitaer\/"]}]},{"@type":"ImageObject","inLanguage":"de","@id":"https:\/\/dianasilver.com\/de\/termek\/silberring-mit-weissen-zirkoniasteinen-und-rhodiniertem-multistein-solitaer\/#primaryimage","url":"https:\/\/dianasilver.com\/wp-content\/uploads\/2025\/10\/Feher-cirkonia-koves-ezust-gyuru-rodium-bevonattal-sokkoves-szoliter-stilusban_1.jpg","contentUrl":"https:\/\/dianasilver.com\/wp-content\/uploads\/2025\/10\/Feher-cirkonia-koves-ezust-gyuru-rodium-bevonattal-sokkoves-szoliter-stilusban_1.jpg","width":1350,"height":1800},{"@type":"BreadcrumbList","@id":"https:\/\/dianasilver.com\/de\/termek\/silberring-mit-weissen-zirkoniasteinen-und-rhodiniertem-multistein-solitaer\/#breadcrumb","itemListElement":[{"@type":"ListItem","position":1,"name":"Kezd\u0151lap","item":"https:\/\/dianasilver.com\/de\/diana-silver-silberschmuck-webshop\/"},{"@type":"ListItem","position":2,"name":"Shop","item":"https:\/\/dianasilver.com\/de\/shop\/"},{"@type":"ListItem","position":3,"name":"Silberring mit wei\u00dfen Zirkoniasteinen und rhodiniertem Multistein-Solit\u00e4r"}]},{"@type":"WebSite","@id":"https:\/\/dianasilver.com\/de\/#website","url":"https:\/\/dianasilver.com\/de\/","name":"Diana Silver","description":"Tedd t\u00f6k\u00e9letesebb\u00e9 mindennapjaid a Diana Silver \u00e9kszereivel.","publisher":{"@id":"https:\/\/dianasilver.com\/de\/#organization"},"alternateName":"Ez\u00fcst \u00c9kszer Web\u00e1ruh\u00e1z","potentialAction":[{"@type":"SearchAction","target":{"@type":"EntryPoint","urlTemplate":"https:\/\/dianasilver.com\/de\/?s={search_term_string}"},"query-input":{"@type":"PropertyValueSpecification","valueRequired":true,"valueName":"search_term_string"}}],"inLanguage":"de"},{"@type":"Organization","@id":"https:\/\/dianasilver.com\/de\/#organization","name":"Diana Silver","url":"https:\/\/dianasilver.com\/de\/","logo":{"@type":"ImageObject","inLanguage":"de","@id":"https:\/\/dianasilver.com\/de\/#\/schema\/logo\/image\/","url":"https:\/\/dianasilver.com\/wp-content\/uploads\/2022\/08\/ezust-feher-1-koves-buttonos-stekkeres-fulbevalo-42.webp","contentUrl":"https:\/\/dianasilver.com\/wp-content\/uploads\/2022\/08\/ezust-feher-1-koves-buttonos-stekkeres-fulbevalo-42.webp","width":300,"height":154,"caption":"Diana Silver"},"image":{"@id":"https:\/\/dianasilver.com\/de\/#\/schema\/logo\/image\/"},"sameAs":["https:\/\/www.facebook.com\/profile.php?id=100027231325117"]}]}},"_links":{"self":[{"href":"https:\/\/dianasilver.com\/de\/wp-json\/wp\/v2\/product\/111775","targetHints":{"allow":["GET"]}}],"collection":[{"href":"https:\/\/dianasilver.com\/de\/wp-json\/wp\/v2\/product"}],"about":[{"href":"https:\/\/dianasilver.com\/de\/wp-json\/wp\/v2\/types\/product"}],"version-history":[{"count":0,"href":"https:\/\/dianasilver.com\/de\/wp-json\/wp\/v2\/product\/111775\/revisions"}],"wp:featuredmedia":[{"embeddable":true,"href":"https:\/\/dianasilver.com\/de\/wp-json\/wp\/v2\/media\/110509"}],"wp:attachment":[{"href":"https:\/\/dianasilver.com\/de\/wp-json\/wp\/v2\/media?parent=111775"}],"wp:term":[{"taxonomy":"product_brand","embeddable":true,"href":"https:\/\/dianasilver.com\/de\/wp-json\/wp\/v2\/product_brand?post=111775"},{"taxonomy":"product_cat","embeddable":true,"href":"https:\/\/dianasilver.com\/de\/wp-json\/wp\/v2\/product_cat?post=111775"},{"taxonomy":"product_tag","embeddable":true,"href":"https:\/\/dianasilver.com\/de\/wp-json\/wp\/v2\/product_tag?post=111775"}],"curies":[{"name":"wp","href":"https:\/\/api.w.org\/{rel}","templated":true}]}}